{"id":7152,"date":"2020-11-01T14:36:14","date_gmt":"2020-11-01T14:36:14","guid":{"rendered":"https:\/\/manu015.supserv.cozmoslabs.com\/?page_id=7152"},"modified":"2020-11-13T08:29:22","modified_gmt":"2020-11-13T08:29:22","slug":"terms-and-conditions","status":"publish","type":"page","link":"https:\/\/manu015.supserv.cozmoslabs.com\/sv\/terms-and-conditions\/","title":{"rendered":"Villkor"},"content":{"rendered":"<div  class=\"one withsmallpadding ppb_text\" style=\"text-align:left;padding:40px 0 40px 0;\" >\n<div class=\"standard_wrapper\">\n<div class=\"page_content_wrapper\">\n<div class=\"inner\">\n<div style=\"margin:auto;width:100%\">\n<h1>Villkor<\/h1>\n<p><strong>Din privata f\u00f6rare - Villkor<\/strong><\/p>\n<p>\u2b24 <strong>Din privata f\u00f6rare<\/strong> har sitt s\u00e4te vid 280C b 13 Route de Lennik,<br \/>\n1070 Bryssel<br \/>\nBelgien<\/p>\n<p>\u2b24 Vi kan \u00e4ndra villkoren d\u00e5 och d\u00e5. Du uppmanas att kontrollera v\u00e5ra villkor f\u00f6r att \u00f6verv\u00e4ga alla \u00e4ndringar som g\u00e4ller f\u00f6r dig och \/ eller passagerare.<\/p>\n<p>Din bokning p\u00e5 v\u00e5r webbplats \u00e4r villkorad av att du accepterar villkoren. Du kan inte forts\u00e4tta med din bokning om du inte h\u00e5ller med n\u00e5gon del av dem.<\/p>\n<p>\u2b24 Om du har n\u00e5gra fr\u00e5gor \u00e4r du v\u00e4lkommen att g\u00f6ra det <a href=\"https:\/\/manu015.supserv.cozmoslabs.com\/contact\/\">kontakta oss.<\/a><\/p>\n<p>\u2b24 <strong>Pris och betalning<\/strong><br \/>\nDu har valet mellan tv\u00e5 betalningsmedel.<\/p>\n<ol>\n<li><strong>Kontant betalning till f\u00f6raren.<\/strong><br \/>\nI det h\u00e4r fallet betalar du det exakta beloppet som visas under bokningen<\/li>\n<li><strong>S\u00e4ker onlinebetalning.<\/strong><br \/>\nDu betalar en transaktionsavgift ut\u00f6ver din taxipris:<br \/>\n<strong>4% <\/strong>om du v\u00e4ljer att anv\u00e4nda STRIPE med ditt kredit- eller bankkort.<br \/>\n<strong>5% <\/strong>om du v\u00e4ljer att anv\u00e4nda PAYPAL.<\/li>\n<\/ol>\n<p>\u2b24 <strong>Vi ansvarar inte f\u00f6r misslyckade resor om informationen du ger oss i din bokning \u00e4r felaktig.<\/strong><\/p>\n<p>\u2b24 <strong>Ansvarsbegr\u00e4nsning<\/strong><br \/>\nVid problem \u00e4r vi f\u00f6rs\u00e4krade som ett officiellt taxitransportf\u00f6retag<\/p>\n<p>\u2b24 <strong>Annullering<\/strong><br \/>\nDu kan avbryta din bokning kostnadsfritt till 24 timmar f\u00f6re upph\u00e4mtningstiden.<br \/>\nUnder 24 timmar f\u00f6re upph\u00e4mtningstiden har du inte r\u00e4tt till n\u00e5gon \u00e5terbetalning.<\/p>\n<h2>Avbokningsregler<\/h2>\n<div class=\"pp_accordion has_icon\">\n<h3><a href=\"#\">Gratis avbokning 24 timmar f\u00f6re avresa<\/a><\/h3>\n<div>\n<p> Annullering 24 timmar f\u00f6re avresa \u00e5terbetalas till fullo. Avbokningar som g\u00f6rs mindre \u00e4n 24 timmar f\u00f6re avresa \u00e5terbetalas dock inte.<\/p>\n<\/div>\n<\/div>\n<p>\u2b24 <strong>V\u00c4LDIGT VIKTIGT<\/strong><\/p>\n<ul>\n<li>Se till att din telefon \u00e4r p\u00e5 n\u00e4r du h\u00e4mtar, s\u00e5 att vi kan kontakta dig vid behov.<\/li>\n<li>Din bokning inkluderar 15 minuters v\u00e4ntetid eller 45 minuter fr\u00e5n riktig flyglandningstid om din upph\u00e4mtningsplats \u00e4r p\u00e5 en flygplats.<\/li>\n<li>Ytterligare extra v\u00e4ntetid debiteras 10 euro f\u00f6r varje grupp p\u00e5 15 minuter.<\/li>\n<li>Se till att du ger tillr\u00e4ckligt med tid f\u00f6r att komma till din destination. V\u00e5ra ber\u00e4knade restider tar inte h\u00e4nsyn till trafikf\u00f6rh\u00e5llandena och andra of\u00f6rutsedda omst\u00e4ndigheter<\/li>\n<\/ul>\n<p>H\u00e4r \u00e4r sidan d\u00e4r du kan <a href=\"https:\/\/manu015.supserv.cozmoslabs.com\/about-us\/\">l\u00e4ra dig mer om oss<\/a>.<\/p>\n<\/div>\n<\/div>\n<\/div>\n<\/div>\n<\/div>","protected":false},"excerpt":{"rendered":"<p>Terms and Conditions Your Private Driver &#8211; Terms and Conditions \u2b24 Your Private Driver registered office is at 280C b 13 Route de Lennik, 1070 Brussels Belgium \u2b24 We may change the Terms from time to time. You are requested [&hellip;]<\/p>","protected":false},"author":1,"featured_media":7670,"parent":0,"menu_order":0,"comment_status":"closed","ping_status":"closed","template":"","meta":[],"yoast_head":"<!-- This site is optimized with the Yoast SEO plugin v18.4.1 - https:\/\/yoast.com\/wordpress\/plugins\/seo\/ -->\n<title>Terms and conditions of our taxi company - Your Private Driver<\/title>\n<meta name=\"description\" content=\"Here you will find our terms and conditions you need to know before booking and before cancelling a booking.\" \/>\n<meta name=\"robots\" content=\"index, follow, max-snippet:-1, max-image-preview:large, max-video-preview:-1\" \/>\n<link rel=\"canonical\" href=\"https:\/\/manu015.supserv.cozmoslabs.com\/sv\/terms-and-conditions\/\" \/>\n<meta property=\"og:locale\" content=\"sv_SE\" \/>\n<meta property=\"og:type\" content=\"article\" \/>\n<meta property=\"og:title\" content=\"Terms and conditions of our taxi company - Your Private Driver\" \/>\n<meta property=\"og:description\" content=\"Here you will find our terms and conditions you need to know before booking and before cancelling a booking.\" \/>\n<meta property=\"og:url\" content=\"https:\/\/manu015.supserv.cozmoslabs.com\/sv\/terms-and-conditions\/\" \/>\n<meta property=\"og:site_name\" content=\"Your Private Driver\" \/>\n<meta property=\"article:publisher\" content=\"https:\/\/www.facebook.com\/yourprivatedriverbrussels\" \/>\n<meta property=\"article:modified_time\" content=\"2020-11-13T08:29:22+00:00\" \/>\n<meta property=\"og:image\" content=\"https:\/\/manu015.supserv.cozmoslabs.com\/wp-content\/uploads\/2020\/11\/Terms-and-conditions-1.jpg\" \/>\n\t<meta property=\"og:image:width\" content=\"854\" \/>\n\t<meta property=\"og:image:height\" content=\"301\" \/>\n\t<meta property=\"og:image:type\" content=\"image\/jpeg\" \/>\n<meta name=\"twitter:card\" content=\"summary_large_image\" \/>\n<meta name=\"twitter:site\" content=\"@privatedriverbx\" \/>\n<meta name=\"twitter:label1\" content=\"Ber\u00e4knad l\u00e4stid\" \/>\n\t<meta name=\"twitter:data1\" content=\"2 minuter\" \/>\n<script type=\"application\/ld+json\" class=\"yoast-schema-graph\">{\"@context\":\"https:\/\/schema.org\",\"@graph\":[{\"@type\":\"Organization\",\"@id\":\"https:\/\/manu015.supserv.cozmoslabs.com\/#organization\",\"name\":\"Your Private Driver\",\"url\":\"https:\/\/manu015.supserv.cozmoslabs.com\/\",\"sameAs\":[\"https:\/\/www.facebook.com\/yourprivatedriverbrussels\",\"https:\/\/www.instagram.com\/taxibrusselsairport\/\",\"https:\/\/www.linkedin.com\/company\/yourprivatedriver\/\",\"https:\/\/www.youtube.com\/channel\/UCdFj5lm3qhOZWz_Rz0yupVA\",\"https:\/\/www.pinterest.fr\/pin\/704672672920362864\/\",\"https:\/\/twitter.com\/privatedriverbx\"],\"logo\":{\"@type\":\"ImageObject\",\"@id\":\"https:\/\/manu015.supserv.cozmoslabs.com\/#logo\",\"inLanguage\":\"sv-SE\",\"url\":\"\",\"contentUrl\":\"\",\"caption\":\"Your Private Driver\"},\"image\":{\"@id\":\"https:\/\/manu015.supserv.cozmoslabs.com\/#logo\"}},{\"@type\":\"WebSite\",\"@id\":\"https:\/\/manu015.supserv.cozmoslabs.com\/#website\",\"url\":\"https:\/\/manu015.supserv.cozmoslabs.com\/\",\"name\":\"Your Private Driver\",\"description\":\"Taxi Brussels airport - Taxi Charleroi airport\",\"publisher\":{\"@id\":\"https:\/\/manu015.supserv.cozmoslabs.com\/#organization\"},\"potentialAction\":[{\"@type\":\"SearchAction\",\"target\":{\"@type\":\"EntryPoint\",\"urlTemplate\":\"https:\/\/manu015.supserv.cozmoslabs.com\/?s={search_term_string}\"},\"query-input\":\"required name=search_term_string\"}],\"inLanguage\":\"sv-SE\"},{\"@type\":\"ImageObject\",\"@id\":\"https:\/\/manu015.supserv.cozmoslabs.com\/terms-and-conditions\/#primaryimage\",\"inLanguage\":\"sv-SE\",\"url\":\"https:\/\/manu015.supserv.cozmoslabs.com\/wp-content\/uploads\/2020\/11\/Terms-and-conditions-1.jpg\",\"contentUrl\":\"https:\/\/manu015.supserv.cozmoslabs.com\/wp-content\/uploads\/2020\/11\/Terms-and-conditions-1.jpg\",\"width\":854,\"height\":301,\"caption\":\"Terms and conditions\"},{\"@type\":\"WebPage\",\"@id\":\"https:\/\/manu015.supserv.cozmoslabs.com\/terms-and-conditions\/#webpage\",\"url\":\"https:\/\/manu015.supserv.cozmoslabs.com\/terms-and-conditions\/\",\"name\":\"Terms and conditions of our taxi company - Your Private Driver\",\"isPartOf\":{\"@id\":\"https:\/\/manu015.supserv.cozmoslabs.com\/#website\"},\"primaryImageOfPage\":{\"@id\":\"https:\/\/manu015.supserv.cozmoslabs.com\/terms-and-conditions\/#primaryimage\"},\"datePublished\":\"2020-11-01T14:36:14+00:00\",\"dateModified\":\"2020-11-13T08:29:22+00:00\",\"description\":\"Here you will find our terms and conditions you need to know before booking and before cancelling a booking.\",\"breadcrumb\":{\"@id\":\"https:\/\/manu015.supserv.cozmoslabs.com\/terms-and-conditions\/#breadcrumb\"},\"inLanguage\":\"sv-SE\",\"potentialAction\":[{\"@type\":\"ReadAction\",\"target\":[\"https:\/\/manu015.supserv.cozmoslabs.com\/terms-and-conditions\/\"]}]},{\"@type\":\"BreadcrumbList\",\"@id\":\"https:\/\/manu015.supserv.cozmoslabs.com\/terms-and-conditions\/#breadcrumb\",\"itemListElement\":[{\"@type\":\"ListItem\",\"position\":1,\"name\":\"Home\",\"item\":\"https:\/\/manu015.supserv.cozmoslabs.com\/\"},{\"@type\":\"ListItem\",\"position\":2,\"name\":\"Terms and conditions\"}]}]}<\/script>\n<!-- \/ Yoast SEO plugin. -->","yoast_head_json":{"title":"Terms and conditions of our taxi company - Your Private Driver","description":"Here you will find our terms and conditions you need to know before booking and before cancelling a booking.","robots":{"index":"index","follow":"follow","max-snippet":"max-snippet:-1","max-image-preview":"max-image-preview:large","max-video-preview":"max-video-preview:-1"},"canonical":"https:\/\/manu015.supserv.cozmoslabs.com\/sv\/terms-and-conditions\/","og_locale":"sv_SE","og_type":"article","og_title":"Terms and conditions of our taxi company - Your Private Driver","og_description":"Here you will find our terms and conditions you need to know before booking and before cancelling a booking.","og_url":"https:\/\/manu015.supserv.cozmoslabs.com\/sv\/terms-and-conditions\/","og_site_name":"Your Private Driver","article_publisher":"https:\/\/www.facebook.com\/yourprivatedriverbrussels","article_modified_time":"2020-11-13T08:29:22+00:00","og_image":[{"width":854,"height":301,"url":"https:\/\/manu015.supserv.cozmoslabs.com\/wp-content\/uploads\/2020\/11\/Terms-and-conditions-1.jpg","type":"image\/jpeg"}],"twitter_card":"summary_large_image","twitter_site":"@privatedriverbx","twitter_misc":{"Ber\u00e4knad l\u00e4stid":"2 minuter"},"schema":{"@context":"https:\/\/schema.org","@graph":[{"@type":"Organization","@id":"https:\/\/manu015.supserv.cozmoslabs.com\/#organization","name":"Your Private Driver","url":"https:\/\/manu015.supserv.cozmoslabs.com\/","sameAs":["https:\/\/www.facebook.com\/yourprivatedriverbrussels","https:\/\/www.instagram.com\/taxibrusselsairport\/","https:\/\/www.linkedin.com\/company\/yourprivatedriver\/","https:\/\/www.youtube.com\/channel\/UCdFj5lm3qhOZWz_Rz0yupVA","https:\/\/www.pinterest.fr\/pin\/704672672920362864\/","https:\/\/twitter.com\/privatedriverbx"],"logo":{"@type":"ImageObject","@id":"https:\/\/manu015.supserv.cozmoslabs.com\/#logo","inLanguage":"sv-SE","url":"","contentUrl":"","caption":"Your Private Driver"},"image":{"@id":"https:\/\/manu015.supserv.cozmoslabs.com\/#logo"}},{"@type":"WebSite","@id":"https:\/\/manu015.supserv.cozmoslabs.com\/#website","url":"https:\/\/manu015.supserv.cozmoslabs.com\/","name":"Your Private Driver","description":"Taxi Brussels airport - Taxi Charleroi airport","publisher":{"@id":"https:\/\/manu015.supserv.cozmoslabs.com\/#organization"},"potentialAction":[{"@type":"SearchAction","target":{"@type":"EntryPoint","urlTemplate":"https:\/\/manu015.supserv.cozmoslabs.com\/?s={search_term_string}"},"query-input":"required name=search_term_string"}],"inLanguage":"sv-SE"},{"@type":"ImageObject","@id":"https:\/\/manu015.supserv.cozmoslabs.com\/terms-and-conditions\/#primaryimage","inLanguage":"sv-SE","url":"https:\/\/manu015.supserv.cozmoslabs.com\/wp-content\/uploads\/2020\/11\/Terms-and-conditions-1.jpg","contentUrl":"https:\/\/manu015.supserv.cozmoslabs.com\/wp-content\/uploads\/2020\/11\/Terms-and-conditions-1.jpg","width":854,"height":301,"caption":"Terms and conditions"},{"@type":"WebPage","@id":"https:\/\/manu015.supserv.cozmoslabs.com\/terms-and-conditions\/#webpage","url":"https:\/\/manu015.supserv.cozmoslabs.com\/terms-and-conditions\/","name":"Terms and conditions of our taxi company - Your Private Driver","isPartOf":{"@id":"https:\/\/manu015.supserv.cozmoslabs.com\/#website"},"primaryImageOfPage":{"@id":"https:\/\/manu015.supserv.cozmoslabs.com\/terms-and-conditions\/#primaryimage"},"datePublished":"2020-11-01T14:36:14+00:00","dateModified":"2020-11-13T08:29:22+00:00","description":"Here you will find our terms and conditions you need to know before booking and before cancelling a booking.","breadcrumb":{"@id":"https:\/\/manu015.supserv.cozmoslabs.com\/terms-and-conditions\/#breadcrumb"},"inLanguage":"sv-SE","potentialAction":[{"@type":"ReadAction","target":["https:\/\/manu015.supserv.cozmoslabs.com\/terms-and-conditions\/"]}]},{"@type":"BreadcrumbList","@id":"https:\/\/manu015.supserv.cozmoslabs.com\/terms-and-conditions\/#breadcrumb","itemListElement":[{"@type":"ListItem","position":1,"name":"Home","item":"https:\/\/manu015.supserv.cozmoslabs.com\/"},{"@type":"ListItem","position":2,"name":"Terms and conditions"}]}]}},"_links":{"self":[{"href":"https:\/\/manu015.supserv.cozmoslabs.com\/sv\/wp-json\/wp\/v2\/pages\/7152"}],"collection":[{"href":"https:\/\/manu015.supserv.cozmoslabs.com\/sv\/wp-json\/wp\/v2\/pages"}],"about":[{"href":"https:\/\/manu015.supserv.cozmoslabs.com\/sv\/wp-json\/wp\/v2\/types\/page"}],"author":[{"embeddable":true,"href":"https:\/\/manu015.supserv.cozmoslabs.com\/sv\/wp-json\/wp\/v2\/users\/1"}],"replies":[{"embeddable":true,"href":"https:\/\/manu015.supserv.cozmoslabs.com\/sv\/wp-json\/wp\/v2\/comments?post=7152"}],"version-history":[{"count":0,"href":"https:\/\/manu015.supserv.cozmoslabs.com\/sv\/wp-json\/wp\/v2\/pages\/7152\/revisions"}],"wp:featuredmedia":[{"embeddable":true,"href":"https:\/\/manu015.supserv.cozmoslabs.com\/sv\/wp-json\/wp\/v2\/media\/7670"}],"wp:attachment":[{"href":"https:\/\/manu015.supserv.cozmoslabs.com\/sv\/wp-json\/wp\/v2\/media?parent=7152"}],"curies":[{"name":"wp","href":"https:\/\/api.w.org\/{rel}","templated":true}]}}