{"id":7146,"date":"2020-11-01T14:01:43","date_gmt":"2020-11-01T14:01:43","guid":{"rendered":"https:\/\/manu015.supserv.cozmoslabs.com\/?page_id=7146"},"modified":"2020-11-13T08:27:03","modified_gmt":"2020-11-13T08:27:03","slug":"taxi-tomorrowland-festival","status":"publish","type":"page","link":"https:\/\/manu015.supserv.cozmoslabs.com\/sv\/taxi-tomorrowland-festival\/","title":{"rendered":"Taxi Tomorrowland-festivalen"},"content":{"rendered":"<div  class=\"one withsmallpadding ppb_text\" style=\"text-align:left;padding:40px 0 40px 0;\" >\n<div class=\"standard_wrapper\">\n<div class=\"page_content_wrapper\">\n<div class=\"inner\">\n<div style=\"margin:auto;width:100%\">\n<h1 style=\"text-align: center;\">Taxi Tomorrowland<\/h1>\n<iframe src=\"https:\/\/manu015.supserv.cozmoslabs.com\/eto\/?site_key=9ea3cb480ae5c09e26a20fb697ce8ee6\" name=\"eto-iframe\" id=\"eto-iframe-21626\" class=\"eto-iframe\" width=\"100%\" scrolling=\"no\" allow=\"geolocation\">Det h\u00e4r alternativet fungerar inte korrekt. Tyv\u00e4rr st\u00f6der inte din webbl\u00e4sare integrerade ramar.<\/iframe>\n<style type=\"text\/css\">iframe#eto-iframe-21626 { width:1px; min-width:100%; border:0; }<\/style>\n<script type=\"text\/javascript\" async defer> (function() { var etoWidgetData = { checkTimeout: 100, dynamicIframe: 0, googlePageSpeed: 0, googlePageSpeedLoadDelay: 6000, loadDelay: 0, }; function etoWidgetInit() { if (etoWidgetData.dynamicIframe) { var etoWidgetContainer = document.getElementById('eto-widget-container-eto-iframe-21626'); if (etoWidgetContainer) { etoWidgetContainer.innerHTML = '<iframe src=\"https:\/\/manu015.supserv.cozmoslabs.com\/eto\/?site_key=9ea3cb480ae5c09e26a20fb697ce8ee6\" name=\"eto-iframe\" id=\"eto-iframe-21626\" class=\"eto-iframe\" width=\"100%\" scrolling=\"no\" allow=\"geolocation\">This option will not work correctly. Unfortunately, your browser does not support inline frames.<\/iframe>'; } } iFrameResize({ log: false, targetOrigin: '*', checkOrigin: false, }, \"iframe#eto-iframe-21626\"); } function etoWidgetReady() { setTimeout(function() { etoWidgetData.checkTimeout--; if (typeof iFrameResize !== 'undefined') { etoWidgetInit(); } else if (etoWidgetData.checkTimeout > 0) { etoWidgetReady(); console.log('Library not loaded, checking again.'); } else { console.log('External library failed to load.'); } }, 100); }; if (etoWidgetData.loadDelay) { setTimeout(function() { etoWidgetReady(); }, etoWidgetData.loadDelay); } else { etoWidgetReady(); } })(); <\/script>\n\n<p>Vi tillhandah\u00e5ller taxitj\u00e4nster till fr\u00e5n Bryssels stad till Tomorrowland festival och Dreamville i Boom. Dessutom har vi en taxi fr\u00e5n Bryssels flygplats till Tomorrowland festival och Dreamville Boom. Kom till oss f\u00f6r en taxi fr\u00e5n Charleroi flygplats till Tomorrowland festival och Dreamville i Boom. V\u00e5ra f\u00f6rare tar dig med en taxi fr\u00e5n Antwerpen till Tomorrowland-festivalen och Dreamville-l\u00e4gret i Boom. V\u00e5rt f\u00f6retag har en taxitj\u00e4nst fr\u00e5n Mechelen och Machelen till Tomorrowland festival och Dreamville camp. Vi har en taxi fr\u00e5n Meise till Tomorrowland festival och Dreamville camp. Vi har en taxi fr\u00e5n vilket hotell som helst i Bryssel till Tomorrowland festival och Dreamville.<\/p>\n<h2>Vad du beh\u00f6ver veta om Tomorrowland-festivalen i Boom, Bryssel<\/h2>\n<p><a href=\"https:\/\/www.tomorrowland.com\/en\/festival\/welcome\" target=\"_blank\" rel=\"noopener noreferrer\">Tomorrowland <\/a>\u00e4r en elektronisk musikfestival som anordnas i juli varje \u00e5r p\u00e5 en speciell plats f\u00f6r kommunen De Schorre i Boom och ligger i provinsen Antwerpen i Belgien.<br \/>\nFestivalen Tomorrowland upptr\u00e4dde 2003, detta var p\u00e5 en id\u00e9 fr\u00e5n tv\u00e5 br\u00f6der, n\u00e4mligen: Manu och Michiel Beers. Dessa \u00e4r arrang\u00f6r av holl\u00e4ndska elektroniska musikevenemang ID&amp;T (erk\u00e4nd f\u00f6r k\u00e4nda festivaler som Mystery Land, Sensation och Thunderdome). De k\u00f6pte 50% av aktierna 2004 (innan de s\u00e5ldes igen tolv \u00e5r senare), sedan organiserades den f\u00f6rsta upplagan av festivalen 2005. \u00c5r 2013 exporterades konceptet snabbt till USA n\u00e4ra Atlanta och blev TomorrowWorld f\u00f6r tillf\u00e4llet. Tv\u00e5 \u00e5r senare, 2015, h\u00f6lls en festival som heter Tomorrowland i ett tredjeland, Brasilien. \u00c5r 2019 startar den belgiska festivalen Tomorrowland Winter i Frankrike, i bergen, vid Alpe d&#39;Huez.<br \/>\nTomorrowland r\u00e4knade 2012 mer \u00e4n 365 skivjockeys deltagande med cirka 180 000 bes\u00f6kare till denna utg\u00e5va fr\u00e5n 75 olika l\u00e4nder. Under de f\u00f6ljande \u00e5ren var antalet festivalbes\u00f6kare stabilt, men fler och fler nationaliteter var representerade fram till 2004. Han valdes tre g\u00e5nger i f\u00f6ljd till &quot;\u00e5rets b\u00e4sta musikh\u00e4ndelse&quot; vid Winter Music Conference och dess rykte \u00e4r s\u00e5 att vissa videor som publicerats av organisationen \u00f6verstiger hundra miljoner visningar. Idag finns det fortfarande den &quot;mest k\u00e4nda elektroniska musikfestivalen i v\u00e4rlden&quot;. Det syssels\u00e4tter 80 personer \u00e5ret runt f\u00f6r organisationen och 12 000 personer under evenemanget.<\/p>\n<h2>Tomorrowland \u00e4r den b\u00e4sta festivalen f\u00f6r Electronic Dance Music (EDM)<\/h2>\n<p>Beh\u00f6ver vi fortfarande presentera Tomorrowland, den st\u00f6rsta dansfestivalen i v\u00e4rlden? Varje \u00e5r \u00e4r det v\u00e4rd f\u00f6r ett program med gr\u00e4dde av dans-DJs i den belgiska staden Boom.<\/p>\n<p>En s\u00e4ker satsning f\u00f6r electro, festivalen f\u00e5r det b\u00e4sta av EDM, house, techno och hardstyle, vilket visas av dess tidigare utg\u00e5vor, som s\u00e4rskilt har sett The Chainsmokers, Carl Cox, Martin Garrix, Armin van Buuren och Ti\u00ebsto kasta sig till skivspelarna.<\/p>\n<p>EDM-, house-, techno- och hardstylemissbrukare vet redan att de bara kommer att hitta de b\u00e4sta inom elektro, som The Chainsmokers, Carl Cox, Martin Garrix, Armin van Buuren eller Ti\u00ebsto, p\u00e5 skivspelare i tidigare utg\u00e5vor.<\/p>\n<p>Du beh\u00f6ver bara prata om scenernas otroliga design, spektakul\u00e4ra produktioner och ovanliga \u00f6verraskningar f\u00f6r att f\u00f6rst\u00e5 varf\u00f6r biljetterna till Tomorrowland tar slut p\u00e5 rekordtid varje \u00e5r!<\/p>\n<p>Ett riktigt Mecka f\u00f6r dansfans, Tomorrowland lovar alla festivalbes\u00f6kare att f\u00f6rdjupa sig i sin magiska och mytologiska v\u00e4rld. En absolut n\u00f6dv\u00e4ndig h\u00e4ndelse !!!!<\/p>\n<p>Du kan kontrollera detta <a href=\"https:\/\/manu015.supserv.cozmoslabs.com\/terms-and-conditions\/\">sida f\u00f6r v\u00e5ra villkor.<\/a><\/p>\n<\/div>\n<\/div>\n<\/div>\n<\/div>\n<\/div>","protected":false},"excerpt":{"rendered":"<p>Taxi Tomorrowland We provide taxi services to from Brussels city to Tomorrowland festival and Dreamville in Boom. Besides we have a taxi from Brussels airport to Tomorrowland festival and Dreamville Boom. Please come to us for a taxi from Charleroi [&hellip;]<\/p>","protected":false},"author":1,"featured_media":7149,"parent":0,"menu_order":0,"comment_status":"closed","ping_status":"closed","template":"","meta":[],"yoast_head":"<!-- This site is optimized with the Yoast SEO plugin v18.4.1 - https:\/\/yoast.com\/wordpress\/plugins\/seo\/ -->\n<title>Taxi tomorrowland festival &amp; Dreamvile camp- Your Private Driver<\/title>\n<meta name=\"description\" content=\"Taxi to Tomorrowland festival and Dreamville camp. Official taxi company for Tomorrowland music festval. from airport and hotel to festival.\" \/>\n<meta name=\"robots\" content=\"index, follow, max-snippet:-1, max-image-preview:large, max-video-preview:-1\" \/>\n<link rel=\"canonical\" href=\"https:\/\/manu015.supserv.cozmoslabs.com\/sv\/taxi-tomorrowland-festival\/\" \/>\n<meta property=\"og:locale\" content=\"sv_SE\" \/>\n<meta property=\"og:type\" content=\"article\" \/>\n<meta property=\"og:title\" content=\"Taxi tomorrowland festival &amp; Dreamvile camp- Your Private Driver\" \/>\n<meta property=\"og:description\" content=\"Taxi to Tomorrowland festival and Dreamville camp. Official taxi company for Tomorrowland music festval. from airport and hotel to festival.\" \/>\n<meta property=\"og:url\" content=\"https:\/\/manu015.supserv.cozmoslabs.com\/sv\/taxi-tomorrowland-festival\/\" \/>\n<meta property=\"og:site_name\" content=\"Your Private Driver\" \/>\n<meta property=\"article:publisher\" content=\"https:\/\/www.facebook.com\/yourprivatedriverbrussels\" \/>\n<meta property=\"article:modified_time\" content=\"2020-11-13T08:27:03+00:00\" \/>\n<meta property=\"og:image\" content=\"https:\/\/manu015.supserv.cozmoslabs.com\/wp-content\/uploads\/2020\/11\/Tomorrowland-Boom-Brussels-Festival.jpeg\" \/>\n\t<meta property=\"og:image:width\" content=\"640\" \/>\n\t<meta property=\"og:image:height\" content=\"480\" \/>\n\t<meta property=\"og:image:type\" content=\"image\/jpeg\" \/>\n<meta name=\"twitter:card\" content=\"summary_large_image\" \/>\n<meta name=\"twitter:site\" content=\"@privatedriverbx\" \/>\n<meta name=\"twitter:label1\" content=\"Ber\u00e4knad l\u00e4stid\" \/>\n\t<meta name=\"twitter:data1\" content=\"3 minuter\" \/>\n<script type=\"application\/ld+json\" class=\"yoast-schema-graph\">{\"@context\":\"https:\/\/schema.org\",\"@graph\":[{\"@type\":\"Organization\",\"@id\":\"https:\/\/manu015.supserv.cozmoslabs.com\/#organization\",\"name\":\"Your Private Driver\",\"url\":\"https:\/\/manu015.supserv.cozmoslabs.com\/\",\"sameAs\":[\"https:\/\/www.facebook.com\/yourprivatedriverbrussels\",\"https:\/\/www.instagram.com\/taxibrusselsairport\/\",\"https:\/\/www.linkedin.com\/company\/yourprivatedriver\/\",\"https:\/\/www.youtube.com\/channel\/UCdFj5lm3qhOZWz_Rz0yupVA\",\"https:\/\/www.pinterest.fr\/pin\/704672672920362864\/\",\"https:\/\/twitter.com\/privatedriverbx\"],\"logo\":{\"@type\":\"ImageObject\",\"@id\":\"https:\/\/manu015.supserv.cozmoslabs.com\/#logo\",\"inLanguage\":\"sv-SE\",\"url\":\"\",\"contentUrl\":\"\",\"caption\":\"Your Private Driver\"},\"image\":{\"@id\":\"https:\/\/manu015.supserv.cozmoslabs.com\/#logo\"}},{\"@type\":\"WebSite\",\"@id\":\"https:\/\/manu015.supserv.cozmoslabs.com\/#website\",\"url\":\"https:\/\/manu015.supserv.cozmoslabs.com\/\",\"name\":\"Your Private Driver\",\"description\":\"Taxi Brussels airport - Taxi Charleroi airport\",\"publisher\":{\"@id\":\"https:\/\/manu015.supserv.cozmoslabs.com\/#organization\"},\"potentialAction\":[{\"@type\":\"SearchAction\",\"target\":{\"@type\":\"EntryPoint\",\"urlTemplate\":\"https:\/\/manu015.supserv.cozmoslabs.com\/?s={search_term_string}\"},\"query-input\":\"required name=search_term_string\"}],\"inLanguage\":\"sv-SE\"},{\"@type\":\"ImageObject\",\"@id\":\"https:\/\/manu015.supserv.cozmoslabs.com\/taxi-tomorrowland-festival\/#primaryimage\",\"inLanguage\":\"sv-SE\",\"url\":\"https:\/\/manu015.supserv.cozmoslabs.com\/wp-content\/uploads\/2020\/11\/Tomorrowland-Boom-Brussels-Festival.jpeg\",\"contentUrl\":\"https:\/\/manu015.supserv.cozmoslabs.com\/wp-content\/uploads\/2020\/11\/Tomorrowland-Boom-Brussels-Festival.jpeg\",\"width\":640,\"height\":480,\"caption\":\"Tomorrowland Festival\"},{\"@type\":\"WebPage\",\"@id\":\"https:\/\/manu015.supserv.cozmoslabs.com\/taxi-tomorrowland-festival\/#webpage\",\"url\":\"https:\/\/manu015.supserv.cozmoslabs.com\/taxi-tomorrowland-festival\/\",\"name\":\"Taxi tomorrowland festival & Dreamvile camp- Your Private Driver\",\"isPartOf\":{\"@id\":\"https:\/\/manu015.supserv.cozmoslabs.com\/#website\"},\"primaryImageOfPage\":{\"@id\":\"https:\/\/manu015.supserv.cozmoslabs.com\/taxi-tomorrowland-festival\/#primaryimage\"},\"datePublished\":\"2020-11-01T14:01:43+00:00\",\"dateModified\":\"2020-11-13T08:27:03+00:00\",\"description\":\"Taxi to Tomorrowland festival and Dreamville camp. Official taxi company for Tomorrowland music festval. from airport and hotel to festival.\",\"breadcrumb\":{\"@id\":\"https:\/\/manu015.supserv.cozmoslabs.com\/taxi-tomorrowland-festival\/#breadcrumb\"},\"inLanguage\":\"sv-SE\",\"potentialAction\":[{\"@type\":\"ReadAction\",\"target\":[\"https:\/\/manu015.supserv.cozmoslabs.com\/taxi-tomorrowland-festival\/\"]}]},{\"@type\":\"BreadcrumbList\",\"@id\":\"https:\/\/manu015.supserv.cozmoslabs.com\/taxi-tomorrowland-festival\/#breadcrumb\",\"itemListElement\":[{\"@type\":\"ListItem\",\"position\":1,\"name\":\"Home\",\"item\":\"https:\/\/manu015.supserv.cozmoslabs.com\/\"},{\"@type\":\"ListItem\",\"position\":2,\"name\":\"Taxi tomorrowland festival\"}]}]}<\/script>\n<!-- \/ Yoast SEO plugin. -->","yoast_head_json":{"title":"Taxi tomorrowland festival & Dreamvile camp- Your Private Driver","description":"Taxi to Tomorrowland festival and Dreamville camp. Official taxi company for Tomorrowland music festval. from airport and hotel to festival.","robots":{"index":"index","follow":"follow","max-snippet":"max-snippet:-1","max-image-preview":"max-image-preview:large","max-video-preview":"max-video-preview:-1"},"canonical":"https:\/\/manu015.supserv.cozmoslabs.com\/sv\/taxi-tomorrowland-festival\/","og_locale":"sv_SE","og_type":"article","og_title":"Taxi tomorrowland festival & Dreamvile camp- Your Private Driver","og_description":"Taxi to Tomorrowland festival and Dreamville camp. Official taxi company for Tomorrowland music festval. from airport and hotel to festival.","og_url":"https:\/\/manu015.supserv.cozmoslabs.com\/sv\/taxi-tomorrowland-festival\/","og_site_name":"Your Private Driver","article_publisher":"https:\/\/www.facebook.com\/yourprivatedriverbrussels","article_modified_time":"2020-11-13T08:27:03+00:00","og_image":[{"width":640,"height":480,"url":"https:\/\/manu015.supserv.cozmoslabs.com\/wp-content\/uploads\/2020\/11\/Tomorrowland-Boom-Brussels-Festival.jpeg","type":"image\/jpeg"}],"twitter_card":"summary_large_image","twitter_site":"@privatedriverbx","twitter_misc":{"Ber\u00e4knad l\u00e4stid":"3 minuter"},"schema":{"@context":"https:\/\/schema.org","@graph":[{"@type":"Organization","@id":"https:\/\/manu015.supserv.cozmoslabs.com\/#organization","name":"Your Private Driver","url":"https:\/\/manu015.supserv.cozmoslabs.com\/","sameAs":["https:\/\/www.facebook.com\/yourprivatedriverbrussels","https:\/\/www.instagram.com\/taxibrusselsairport\/","https:\/\/www.linkedin.com\/company\/yourprivatedriver\/","https:\/\/www.youtube.com\/channel\/UCdFj5lm3qhOZWz_Rz0yupVA","https:\/\/www.pinterest.fr\/pin\/704672672920362864\/","https:\/\/twitter.com\/privatedriverbx"],"logo":{"@type":"ImageObject","@id":"https:\/\/manu015.supserv.cozmoslabs.com\/#logo","inLanguage":"sv-SE","url":"","contentUrl":"","caption":"Your Private Driver"},"image":{"@id":"https:\/\/manu015.supserv.cozmoslabs.com\/#logo"}},{"@type":"WebSite","@id":"https:\/\/manu015.supserv.cozmoslabs.com\/#website","url":"https:\/\/manu015.supserv.cozmoslabs.com\/","name":"Your Private Driver","description":"Taxi Brussels airport - Taxi Charleroi airport","publisher":{"@id":"https:\/\/manu015.supserv.cozmoslabs.com\/#organization"},"potentialAction":[{"@type":"SearchAction","target":{"@type":"EntryPoint","urlTemplate":"https:\/\/manu015.supserv.cozmoslabs.com\/?s={search_term_string}"},"query-input":"required name=search_term_string"}],"inLanguage":"sv-SE"},{"@type":"ImageObject","@id":"https:\/\/manu015.supserv.cozmoslabs.com\/taxi-tomorrowland-festival\/#primaryimage","inLanguage":"sv-SE","url":"https:\/\/manu015.supserv.cozmoslabs.com\/wp-content\/uploads\/2020\/11\/Tomorrowland-Boom-Brussels-Festival.jpeg","contentUrl":"https:\/\/manu015.supserv.cozmoslabs.com\/wp-content\/uploads\/2020\/11\/Tomorrowland-Boom-Brussels-Festival.jpeg","width":640,"height":480,"caption":"Tomorrowland Festival"},{"@type":"WebPage","@id":"https:\/\/manu015.supserv.cozmoslabs.com\/taxi-tomorrowland-festival\/#webpage","url":"https:\/\/manu015.supserv.cozmoslabs.com\/taxi-tomorrowland-festival\/","name":"Taxi tomorrowland festival & Dreamvile camp- Your Private Driver","isPartOf":{"@id":"https:\/\/manu015.supserv.cozmoslabs.com\/#website"},"primaryImageOfPage":{"@id":"https:\/\/manu015.supserv.cozmoslabs.com\/taxi-tomorrowland-festival\/#primaryimage"},"datePublished":"2020-11-01T14:01:43+00:00","dateModified":"2020-11-13T08:27:03+00:00","description":"Taxi to Tomorrowland festival and Dreamville camp. Official taxi company for Tomorrowland music festval. from airport and hotel to festival.","breadcrumb":{"@id":"https:\/\/manu015.supserv.cozmoslabs.com\/taxi-tomorrowland-festival\/#breadcrumb"},"inLanguage":"sv-SE","potentialAction":[{"@type":"ReadAction","target":["https:\/\/manu015.supserv.cozmoslabs.com\/taxi-tomorrowland-festival\/"]}]},{"@type":"BreadcrumbList","@id":"https:\/\/manu015.supserv.cozmoslabs.com\/taxi-tomorrowland-festival\/#breadcrumb","itemListElement":[{"@type":"ListItem","position":1,"name":"Home","item":"https:\/\/manu015.supserv.cozmoslabs.com\/"},{"@type":"ListItem","position":2,"name":"Taxi tomorrowland festival"}]}]}},"_links":{"self":[{"href":"https:\/\/manu015.supserv.cozmoslabs.com\/sv\/wp-json\/wp\/v2\/pages\/7146"}],"collection":[{"href":"https:\/\/manu015.supserv.cozmoslabs.com\/sv\/wp-json\/wp\/v2\/pages"}],"about":[{"href":"https:\/\/manu015.supserv.cozmoslabs.com\/sv\/wp-json\/wp\/v2\/types\/page"}],"author":[{"embeddable":true,"href":"https:\/\/manu015.supserv.cozmoslabs.com\/sv\/wp-json\/wp\/v2\/users\/1"}],"replies":[{"embeddable":true,"href":"https:\/\/manu015.supserv.cozmoslabs.com\/sv\/wp-json\/wp\/v2\/comments?post=7146"}],"version-history":[{"count":0,"href":"https:\/\/manu015.supserv.cozmoslabs.com\/sv\/wp-json\/wp\/v2\/pages\/7146\/revisions"}],"wp:featuredmedia":[{"embeddable":true,"href":"https:\/\/manu015.supserv.cozmoslabs.com\/sv\/wp-json\/wp\/v2\/media\/7149"}],"wp:attachment":[{"href":"https:\/\/manu015.supserv.cozmoslabs.com\/sv\/wp-json\/wp\/v2\/media?parent=7146"}],"curies":[{"name":"wp","href":"https:\/\/api.w.org\/{rel}","templated":true}]}}