{"id":7089,"date":"2020-10-31T22:31:36","date_gmt":"2020-10-31T22:31:36","guid":{"rendered":"https:\/\/manu015.supserv.cozmoslabs.com\/?page_id=7089"},"modified":"2020-11-13T08:23:01","modified_gmt":"2020-11-13T08:23:01","slug":"services","status":"publish","type":"page","link":"https:\/\/manu015.supserv.cozmoslabs.com\/sv\/services\/","title":{"rendered":"Tj\u00e4nster"},"content":{"rendered":"<div  class=\"one withsmallpadding ppb_header\" style=\"text-align:left;padding:40px 0 40px 0;\" >\n<div class=\"standard_wrapper\">\n<div class=\"page_content_wrapper\">\n<div class=\"inner\">\n<div style=\"margin:auto;width:100%\">\n<h2 class=\"ppb_title\" style=\"\">Taxiservice f\u00f6r din privata f\u00f6rare<\/h2>\n<div class=\"ppb_header_content\">\n<iframe src=\"https:\/\/manu015.supserv.cozmoslabs.com\/eto\/?site_key=9ea3cb480ae5c09e26a20fb697ce8ee6\" name=\"eto-iframe\" id=\"eto-iframe-74544\" class=\"eto-iframe\" width=\"100%\" scrolling=\"no\" allow=\"geolocation\">Det h\u00e4r alternativet fungerar inte korrekt. Tyv\u00e4rr st\u00f6der inte din webbl\u00e4sare integrerade ramar.<\/iframe>\n<style type=\"text\/css\">iframe#eto-iframe-74544 { width:1px; min-width:100%; border:0; }<\/style>\n<script type=\"text\/javascript\" async defer> (function() { var etoWidgetData = { checkTimeout: 100, dynamicIframe: 0, googlePageSpeed: 0, googlePageSpeedLoadDelay: 6000, loadDelay: 0, }; function etoWidgetInit() { if (etoWidgetData.dynamicIframe) { var etoWidgetContainer = document.getElementById('eto-widget-container-eto-iframe-74544'); if (etoWidgetContainer) { etoWidgetContainer.innerHTML = '<iframe src=\"https:\/\/manu015.supserv.cozmoslabs.com\/eto\/?site_key=9ea3cb480ae5c09e26a20fb697ce8ee6\" name=\"eto-iframe\" id=\"eto-iframe-74544\" class=\"eto-iframe\" width=\"100%\" scrolling=\"no\" allow=\"geolocation\">This option will not work correctly. Unfortunately, your browser does not support inline frames.<\/iframe>'; } } iFrameResize({ log: false, targetOrigin: '*', checkOrigin: false, }, \"iframe#eto-iframe-74544\"); } function etoWidgetReady() { setTimeout(function() { etoWidgetData.checkTimeout--; if (typeof iFrameResize !== 'undefined') { etoWidgetInit(); } else if (etoWidgetData.checkTimeout > 0) { etoWidgetReady(); console.log('Library not loaded, checking again.'); } else { console.log('External library failed to load.'); } }, 100); }; if (etoWidgetData.loadDelay) { setTimeout(function() { etoWidgetReady(); }, etoWidgetData.loadDelay); } else { etoWidgetReady(); } })(); <\/script>\n\n<\/div>\n<\/div>\n<\/div>\n<\/div>\n<\/div>\n<\/div>\n<div  class=\"one withsmallpadding ppb_text\" style=\"text-align:center;padding:40px 0 40px 0;background-color:#5856d6;color:#ffffff !important;\" >\n<div class=\"standard_wrapper\">\n<div class=\"page_content_wrapper\">\n<div class=\"inner\">\n<div style=\"margin:auto;width:100%\">\n<div class=\"one_third\" style=\"\">\n<span class=\"fas fa-car\" style=\"display: block; font-size: 50px; margin-bottom: 20px;\">\u00a0<\/span><\/p>\n<h2 style=\"color: #fff;\">Limousineservice<\/h2>\n<p>En limousine f\u00f6r din ceremoni eftersom ingen h\u00e4ndelse \u00e4r f\u00f6r liten f\u00f6r oss. Beh\u00f6ver du en avancerad limousine f\u00f6r ett personligt eller professionellt evenemang? Ring sedan din privata f\u00f6rare. V\u00e5r limousintj\u00e4nst st\u00e5r till ditt f\u00f6rfogande.<br \/>\nVi har en limo f\u00f6r ditt br\u00f6llop, dop, jubileum, nattklubb eller diskotek. Vi har den h\u00f6gst rankade limousinet i Belgien med premiumfordon.\n<\/p>\n<\/div>\n<div class=\"one_third\" style=\"\">\n<span class=\"fas fa-guitar\" style=\"display: block; font-size: 50px; margin-bottom: 20px;\">\u00a0<\/span><\/p>\n<h2 style=\"color: #fff;\">Transport av konstn\u00e4rer<\/h2>\n<p>Vi har lyxiga minibussar f\u00f6r transport av konstn\u00e4rer. Vi erbjuder transport av artister fr\u00e5n Belgien till Holland, Tyskland, Frankrike, Schweiz, Norge ect.<\/p>\n<p>Vi transporterar musiker konstn\u00e4rer, bioakt\u00f6rer, teaterakt\u00f6rer, balettakt\u00f6rer och Opera ombord p\u00e5 v\u00e5ra lyxiga minibussar. Vi transporterar ocks\u00e5 artister fr\u00e5n flygplatsen till hotellet och fr\u00e5n hotellet till deras teatrar och vi kan transportera dem under hela turn\u00e9n.\n<\/p>\n<\/div>\n<div class=\"one_third last\" style=\"\">\n<span class=\"fas fa-taxi\" style=\"display: block; font-size: 50px; margin-bottom: 20px;\">\u00a0<\/span><\/p>\n<h2 style=\"color: #fff;\">Flygplatstransfer<\/h2>\n<p>Flygplatstransfer m\u00e5ste i b\u00e4sta fall organiseras. Med h\u00e4nsyn till s\u00e4kerhetskontroller och tid f\u00f6r incheckningsbagage. Det \u00e4r n\u00f6dv\u00e4ndigt att anl\u00e4nda i f\u00f6rv\u00e4g till flygplatsen f\u00f6r att inte missa flygningen. Du kan lita p\u00e5 att v\u00e5ra tj\u00e4nster hj\u00e4lper dig med en 100% professionell flygplatstransfer. Som ett resultat f\u00e5r du f\u00f6rs\u00e4kran om en bekymmersfri resa.<br \/>\nVi garanterar din ankomst till <a href=\"https:\/\/www.brusselsairport.be\/en\/passengers\" target=\"_blank\" rel=\"noopener noreferrer\">flygplatsen<\/a> i tid. S\u00e5 varf\u00f6r inte dra nytta av v\u00e5r <a href=\"https:\/\/manu015.supserv.cozmoslabs.com\/taxi-brussels\/\">tj\u00e4nster i Bryssel<\/a> S\u00e5 snart som m\u00f6jligt?\n<\/div>\n<p><br class=\"clear\"\/><\/p>\n<div class=\"one_third\" style=\"\">\n<span class=\"fas fa-hippo\" style=\"display: block; font-size: 50px; margin-bottom: 20px;\">\u00a0<\/span><\/p>\n<h2 style=\"color: #fff;\">Taxiservice till n\u00f6jesparker<\/h2>\n<p>Vi har taxibilar till olika n\u00f6jesparker i Belgien, Nederl\u00e4nderna, Frankrike och p\u00e5 andra h\u00e5ll i Europa ...<br \/>\nTaxi till Walibi n\u00f6jespark i Wavre, Mini-Europe i Bryssel. Bobbejaanland Kasterlee, Plopsaland i De Panne, Bellewaerde n\u00f6jespark i Ypr ect.<\/p>\n<p>Taxi till n\u00f6jesparken Plopsa Coo i Stavelot, Aqualibi i Wavre, n\u00f6jesparken Plopsa inomhus i Hasselt, vattenparken Oc\u00e9ade i Bryssel, Boudewijn Seapark i Brygge, \u00e4ventyrsparken i Wavre, drottningen Fabiola attraktiva park i Namur. N\u00f6jesparken Mount Mosan i Huy och n\u00f6jesparken Labyrinth i Durbuy.<\/p>\n<p>Taxi till Plopsaqua-parken i De Panne, Chlorophylle Park i Manhay, provinsdom\u00e4nen Chevetogne i Ciney, Earth Explorer, Meli Park, Houtopia, THE POINT D&#39;EAU i La Louvi\u00e8re, Dadipark i Moorslede och taxi till Parc Spirou.<\/p>\n<p>Taxi till Efteling n\u00f6jespark i Kaatsheuvel Nederl\u00e4nderna, Disney-Land n\u00f6jespark i Chessy Paris Frankrike, Phantasialand n\u00f6jespark i Br\u00fchl Tyskland och taxi till Mega Speelstad i Lille Frankrike.\n<\/p>\n<\/div>\n<div class=\"one_third\" style=\"\">\n<span class=\"fas fa-city\" style=\"display: block; font-size: 50px; margin-bottom: 20px;\">\u00a0<\/span><\/p>\n<h2 style=\"color: #fff;\">Europeiska kommissionens taxitj\u00e4nst<\/h2>\n<p>Vi har standard taxi och lyx taxitj\u00e4nst till de olika europeiska institutionerna i Bryssel.<br \/>\nVi har ocks\u00e5 en taxitj\u00e4nst med upps\u00e4gningar f\u00f6r delegationer som bes\u00f6ker EU-institutionerna i Bryssel. Vi har Mercedes klass E och Mercedes minivan klass V f\u00f6r att leda taxidelegationer till Europeiska kommissionen, Europaparlamentet eller till Nato och andra europeiska institutioner med s\u00e4te i Bryssel. Taxi till Europeiska kommissionen vid Berlaymont i Schumann-omr\u00e5det. Vi har taxin till Ekonomiska och sociala kommitt\u00e9n och \u00e4ven Regionkommitt\u00e9n som b\u00e5da ligger p\u00e5 Rue Belliard, 99 i Bryssel.<\/p>\n<p>Vi har en taxi till Europeiska f\u00f6rsvarsbyr\u00e5n, taxi till verkst\u00e4llande organet f\u00f6r utbildning, audiovisuella medier och kultur, taxi till verkst\u00e4llande organet f\u00f6r konkurrenskraft och innovation, taxi till gemenskapens myndighetskontroll av fiske, taxi till Europeiska GNSS-tillsynsmyndigheten, taxi till Executive Agency for Research, taxi till European Research Council Executive Agency, taxi till Trans-European Transport Network Executive Agency och slutligen taxi till NATO i Evere Bryssel.\n<\/p>\n<\/div>\n<div class=\"one_third last\" style=\"\">\n<span class=\"fas fa-ring\" style=\"display: block; font-size: 50px; margin-bottom: 20px;\">\u00a0<\/span><\/p>\n<h2 style=\"color: #fff;\">Limousine f\u00f6r br\u00f6llop taxiservice<\/h2>\n<p>Kom ih\u00e5g att komma och hyra din limousine f\u00f6r dagen f\u00f6r ditt br\u00f6llop. V\u00e5r chauff\u00f6r kommer att k\u00f6ra dig till kyrkan och till en fotosession p\u00e5 platsen du v\u00e4ljer allt detta enligt ditt program f\u00f6rst\u00e5s.<br \/>\nV\u00e5ra br\u00f6llopslimousiner drivs av erfarna f\u00f6rare. Rymlig limousine, v\u00e4lutrustad och dekorerad f\u00f6r ditt br\u00f6llop. V\u00e5ra lyxiga limousiner kan dekoreras f\u00f6r ditt br\u00f6llop. Du drar nytta av allt utrymme f\u00f6r en stund av avkoppling f\u00f6re eller efter festligheterna. Naturligtvis m\u00f6jligheten att best\u00e4lla champagne. Your private driver erbjuder verkligen den b\u00e4sta limousinebiluthyrningen med f\u00f6rare i Bryssel.<\/p>\n<p>Fira ditt br\u00f6llop med stil och fest hela natten i en anpassad limousine utrustad med ett musiksystem och internetanslutning. Be oss nu om en offert f\u00f6r limousineservice f\u00f6r att b\u00e4ttre organisera ditt br\u00f6llop. Vi \u00e4r ocks\u00e5 tillg\u00e4ngliga f\u00f6r att svara p\u00e5 dina fr\u00e5gor och informera dig om v\u00e5ra limousinmodeller.\n<\/p>\n<\/div>\n<p><br class=\"clear\"\/><\/p>\n<div class=\"one_third\" style=\"\">\n<span class=\"fas fa-building\" style=\"display: block; font-size: 50px; margin-bottom: 20px;\">\u00a0<\/span><\/p>\n<h2 style=\"color: #fff;\">Europaparlamentet<\/h2>\n<p>Vi har standard taxi och lyx taxitj\u00e4nst till de olika europeiska institutionerna i Bryssel.<br \/>\nVi har ocks\u00e5 en taxitj\u00e4nst med upps\u00e4gningar f\u00f6r delegationer som bes\u00f6ker EU-institutionerna i Bryssel. Vi har Mercedes klass E och Mercedes minivan klass V f\u00f6r att leda taxidelegationer till Europeiska kommissionen, Europaparlamentet eller till Nato och andra europeiska institutioner med s\u00e4te i Bryssel.<\/p>\n<p>Best\u00e4ll en taxi fr\u00e5n oss f\u00f6r att g\u00e5 till Europaparlamentet som ligger Rue Wiertz, 60 i Bryssel, vi har ocks\u00e5 taxibilar till informationskontoret i Belgien i Rue de Tr\u00eaves, 3 i Bryssel.<br \/>\nTaxi till Europeiska unionens r\u00e5d p\u00e5 Rue de la Loi, 175 Bryssel\n<\/p>\n<\/div>\n<div class=\"one_third\" style=\"\">\n<span class=\"fas fa-shuttle-van\" style=\"display: block; font-size: 50px; margin-bottom: 20px;\">\u00a0<\/span><\/p>\n<h2 style=\"color: #fff;\">Flygbuss<\/h2>\n<p>Ibland n\u00e4r du \u00e4r i en stor grupp som reser till flygplatsen \u00e4r det en bra id\u00e9 att t\u00e4nka p\u00e5 att g\u00f6ra en transfer i ett fordon med stor kapacitet. F\u00f6r att g\u00f6ra detta kan du lita p\u00e5 oss och vara s\u00e4ker p\u00e5 att f\u00e5 en bra aff\u00e4r eftersom vi har rimliga priser f\u00f6r dina transfer till flygplatsen.\n<\/p>\n<\/div>\n<div class=\"one_third last\" style=\"\">\n<span class=\"fas fa-user-tie\" style=\"display: block; font-size: 50px; margin-bottom: 20px;\">\u00a0<\/span><\/p>\n<h2 style=\"color: #fff;\">Biluthyrning med f\u00f6rare<\/h2>\n<p>V\u00e5r biluthyrningstj\u00e4nst med f\u00f6rare st\u00e5r till tj\u00e4nst f\u00f6r privatpersoner och f\u00f6retag. Vi tar hand om alla dina resor, till exempel transfer fr\u00e5n hotellet till din konferenslokal och vice versa. Vi tar hand om dina resor med professionalism och noggrannhet. Njut av en hyrbil med chauff\u00f6r. Komforten att ocks\u00e5 g\u00e5 till dina aff\u00e4rsm\u00f6ten eller en privat fest. Vi \u00e4r f\u00f6rmodligen det b\u00e4sta biluthyrningsf\u00f6retaget i Bryssel<\/p>\n<p>Dra full nytta av v\u00e5r biluthyrningstj\u00e4nst med Chauff\u00f6r. V\u00e5r biluthyrningstj\u00e4nst med f\u00f6rare passar alla budgetar. V\u00e4lj en chauffordriven biluthyrning hos oss. S\u00e5 du kommer att undvika allt kr\u00e5ngel med parkering och b\u00f6ter. Spara dig sj\u00e4lv stress med att k\u00f6ra genom att v\u00e4lja v\u00e5r chauff\u00f6rdrivna biluthyrningstj\u00e4nst.\n<\/p>\n<\/div>\n<p><br class=\"clear\"\/><\/p>\n<\/div>\n<\/div>\n<\/div>\n<\/div>\n<\/div>","protected":false},"excerpt":{"rendered":"<p>Taxi Service of Your Private Driver \u00a0 Limousine service A limousine for your ceremony because no event is too small for us. Do you need a high-end limousine for a personal or professional event? Then call your Private Driver. Our [&hellip;]<\/p>","protected":false},"author":1,"featured_media":22,"parent":0,"menu_order":0,"comment_status":"closed","ping_status":"closed","template":"","meta":[],"yoast_head":"<!-- This site is optimized with the Yoast SEO plugin v18.4.1 - https:\/\/yoast.com\/wordpress\/plugins\/seo\/ -->\n<title>Services that we offer in our taxi company - Your Private Driver<\/title>\n<meta name=\"description\" content=\"Find here the different taxi services that we offer with our Company. Our service range from airport tranfers and shuttle to private trips.\" \/>\n<meta name=\"robots\" content=\"index, follow, max-snippet:-1, max-image-preview:large, max-video-preview:-1\" \/>\n<link rel=\"canonical\" href=\"https:\/\/manu015.supserv.cozmoslabs.com\/sv\/services\/\" \/>\n<meta property=\"og:locale\" content=\"sv_SE\" \/>\n<meta property=\"og:type\" content=\"article\" \/>\n<meta property=\"og:title\" content=\"Services that we offer in our taxi company - Your Private Driver\" \/>\n<meta property=\"og:description\" content=\"Find here the different taxi services that we offer with our Company. Our service range from airport tranfers and shuttle to private trips.\" \/>\n<meta property=\"og:url\" content=\"https:\/\/manu015.supserv.cozmoslabs.com\/sv\/services\/\" \/>\n<meta property=\"og:site_name\" content=\"Your Private Driver\" \/>\n<meta property=\"article:publisher\" content=\"https:\/\/www.facebook.com\/yourprivatedriverbrussels\" \/>\n<meta property=\"article:modified_time\" content=\"2020-11-13T08:23:01+00:00\" \/>\n<meta property=\"og:image\" content=\"https:\/\/manu015.supserv.cozmoslabs.com\/wp-content\/uploads\/2017\/01\/IMG_3496bfree-8.jpg\" \/>\n\t<meta property=\"og:image:width\" content=\"1440\" \/>\n\t<meta property=\"og:image:height\" content=\"960\" \/>\n\t<meta property=\"og:image:type\" content=\"image\/jpeg\" \/>\n<meta name=\"twitter:card\" content=\"summary_large_image\" \/>\n<meta name=\"twitter:site\" content=\"@privatedriverbx\" \/>\n<meta name=\"twitter:label1\" content=\"Ber\u00e4knad l\u00e4stid\" \/>\n\t<meta name=\"twitter:data1\" content=\"5 minuter\" \/>\n<script type=\"application\/ld+json\" class=\"yoast-schema-graph\">{\"@context\":\"https:\/\/schema.org\",\"@graph\":[{\"@type\":\"Organization\",\"@id\":\"https:\/\/manu015.supserv.cozmoslabs.com\/#organization\",\"name\":\"Your Private Driver\",\"url\":\"https:\/\/manu015.supserv.cozmoslabs.com\/\",\"sameAs\":[\"https:\/\/www.facebook.com\/yourprivatedriverbrussels\",\"https:\/\/www.instagram.com\/taxibrusselsairport\/\",\"https:\/\/www.linkedin.com\/company\/yourprivatedriver\/\",\"https:\/\/www.youtube.com\/channel\/UCdFj5lm3qhOZWz_Rz0yupVA\",\"https:\/\/www.pinterest.fr\/pin\/704672672920362864\/\",\"https:\/\/twitter.com\/privatedriverbx\"],\"logo\":{\"@type\":\"ImageObject\",\"@id\":\"https:\/\/manu015.supserv.cozmoslabs.com\/#logo\",\"inLanguage\":\"sv-SE\",\"url\":\"\",\"contentUrl\":\"\",\"caption\":\"Your Private Driver\"},\"image\":{\"@id\":\"https:\/\/manu015.supserv.cozmoslabs.com\/#logo\"}},{\"@type\":\"WebSite\",\"@id\":\"https:\/\/manu015.supserv.cozmoslabs.com\/#website\",\"url\":\"https:\/\/manu015.supserv.cozmoslabs.com\/\",\"name\":\"Your Private Driver\",\"description\":\"Taxi Brussels airport - Taxi Charleroi airport\",\"publisher\":{\"@id\":\"https:\/\/manu015.supserv.cozmoslabs.com\/#organization\"},\"potentialAction\":[{\"@type\":\"SearchAction\",\"target\":{\"@type\":\"EntryPoint\",\"urlTemplate\":\"https:\/\/manu015.supserv.cozmoslabs.com\/?s={search_term_string}\"},\"query-input\":\"required name=search_term_string\"}],\"inLanguage\":\"sv-SE\"},{\"@type\":\"ImageObject\",\"@id\":\"https:\/\/manu015.supserv.cozmoslabs.com\/services\/#primaryimage\",\"inLanguage\":\"sv-SE\",\"url\":\"https:\/\/manu015.supserv.cozmoslabs.com\/wp-content\/uploads\/2017\/01\/IMG_3496bfree-8.jpg\",\"contentUrl\":\"https:\/\/manu015.supserv.cozmoslabs.com\/wp-content\/uploads\/2017\/01\/IMG_3496bfree-8.jpg\",\"width\":1440,\"height\":960,\"caption\":\"The road to success and the road to failure are almost exactly the same\"},{\"@type\":\"WebPage\",\"@id\":\"https:\/\/manu015.supserv.cozmoslabs.com\/services\/#webpage\",\"url\":\"https:\/\/manu015.supserv.cozmoslabs.com\/services\/\",\"name\":\"Services that we offer in our taxi company - Your Private Driver\",\"isPartOf\":{\"@id\":\"https:\/\/manu015.supserv.cozmoslabs.com\/#website\"},\"primaryImageOfPage\":{\"@id\":\"https:\/\/manu015.supserv.cozmoslabs.com\/services\/#primaryimage\"},\"datePublished\":\"2020-10-31T22:31:36+00:00\",\"dateModified\":\"2020-11-13T08:23:01+00:00\",\"description\":\"Find here the different taxi services that we offer with our Company. Our service range from airport tranfers and shuttle to private trips.\",\"breadcrumb\":{\"@id\":\"https:\/\/manu015.supserv.cozmoslabs.com\/services\/#breadcrumb\"},\"inLanguage\":\"sv-SE\",\"potentialAction\":[{\"@type\":\"ReadAction\",\"target\":[\"https:\/\/manu015.supserv.cozmoslabs.com\/services\/\"]}]},{\"@type\":\"BreadcrumbList\",\"@id\":\"https:\/\/manu015.supserv.cozmoslabs.com\/services\/#breadcrumb\",\"itemListElement\":[{\"@type\":\"ListItem\",\"position\":1,\"name\":\"Home\",\"item\":\"https:\/\/manu015.supserv.cozmoslabs.com\/\"},{\"@type\":\"ListItem\",\"position\":2,\"name\":\"Services\"}]}]}<\/script>\n<!-- \/ Yoast SEO plugin. -->","yoast_head_json":{"title":"Services that we offer in our taxi company - Your Private Driver","description":"Find here the different taxi services that we offer with our Company. Our service range from airport tranfers and shuttle to private trips.","robots":{"index":"index","follow":"follow","max-snippet":"max-snippet:-1","max-image-preview":"max-image-preview:large","max-video-preview":"max-video-preview:-1"},"canonical":"https:\/\/manu015.supserv.cozmoslabs.com\/sv\/services\/","og_locale":"sv_SE","og_type":"article","og_title":"Services that we offer in our taxi company - Your Private Driver","og_description":"Find here the different taxi services that we offer with our Company. Our service range from airport tranfers and shuttle to private trips.","og_url":"https:\/\/manu015.supserv.cozmoslabs.com\/sv\/services\/","og_site_name":"Your Private Driver","article_publisher":"https:\/\/www.facebook.com\/yourprivatedriverbrussels","article_modified_time":"2020-11-13T08:23:01+00:00","og_image":[{"width":1440,"height":960,"url":"https:\/\/manu015.supserv.cozmoslabs.com\/wp-content\/uploads\/2017\/01\/IMG_3496bfree-8.jpg","type":"image\/jpeg"}],"twitter_card":"summary_large_image","twitter_site":"@privatedriverbx","twitter_misc":{"Ber\u00e4knad l\u00e4stid":"5 minuter"},"schema":{"@context":"https:\/\/schema.org","@graph":[{"@type":"Organization","@id":"https:\/\/manu015.supserv.cozmoslabs.com\/#organization","name":"Your Private Driver","url":"https:\/\/manu015.supserv.cozmoslabs.com\/","sameAs":["https:\/\/www.facebook.com\/yourprivatedriverbrussels","https:\/\/www.instagram.com\/taxibrusselsairport\/","https:\/\/www.linkedin.com\/company\/yourprivatedriver\/","https:\/\/www.youtube.com\/channel\/UCdFj5lm3qhOZWz_Rz0yupVA","https:\/\/www.pinterest.fr\/pin\/704672672920362864\/","https:\/\/twitter.com\/privatedriverbx"],"logo":{"@type":"ImageObject","@id":"https:\/\/manu015.supserv.cozmoslabs.com\/#logo","inLanguage":"sv-SE","url":"","contentUrl":"","caption":"Your Private Driver"},"image":{"@id":"https:\/\/manu015.supserv.cozmoslabs.com\/#logo"}},{"@type":"WebSite","@id":"https:\/\/manu015.supserv.cozmoslabs.com\/#website","url":"https:\/\/manu015.supserv.cozmoslabs.com\/","name":"Your Private Driver","description":"Taxi Brussels airport - Taxi Charleroi airport","publisher":{"@id":"https:\/\/manu015.supserv.cozmoslabs.com\/#organization"},"potentialAction":[{"@type":"SearchAction","target":{"@type":"EntryPoint","urlTemplate":"https:\/\/manu015.supserv.cozmoslabs.com\/?s={search_term_string}"},"query-input":"required name=search_term_string"}],"inLanguage":"sv-SE"},{"@type":"ImageObject","@id":"https:\/\/manu015.supserv.cozmoslabs.com\/services\/#primaryimage","inLanguage":"sv-SE","url":"https:\/\/manu015.supserv.cozmoslabs.com\/wp-content\/uploads\/2017\/01\/IMG_3496bfree-8.jpg","contentUrl":"https:\/\/manu015.supserv.cozmoslabs.com\/wp-content\/uploads\/2017\/01\/IMG_3496bfree-8.jpg","width":1440,"height":960,"caption":"The road to success and the road to failure are almost exactly the same"},{"@type":"WebPage","@id":"https:\/\/manu015.supserv.cozmoslabs.com\/services\/#webpage","url":"https:\/\/manu015.supserv.cozmoslabs.com\/services\/","name":"Services that we offer in our taxi company - Your Private Driver","isPartOf":{"@id":"https:\/\/manu015.supserv.cozmoslabs.com\/#website"},"primaryImageOfPage":{"@id":"https:\/\/manu015.supserv.cozmoslabs.com\/services\/#primaryimage"},"datePublished":"2020-10-31T22:31:36+00:00","dateModified":"2020-11-13T08:23:01+00:00","description":"Find here the different taxi services that we offer with our Company. Our service range from airport tranfers and shuttle to private trips.","breadcrumb":{"@id":"https:\/\/manu015.supserv.cozmoslabs.com\/services\/#breadcrumb"},"inLanguage":"sv-SE","potentialAction":[{"@type":"ReadAction","target":["https:\/\/manu015.supserv.cozmoslabs.com\/services\/"]}]},{"@type":"BreadcrumbList","@id":"https:\/\/manu015.supserv.cozmoslabs.com\/services\/#breadcrumb","itemListElement":[{"@type":"ListItem","position":1,"name":"Home","item":"https:\/\/manu015.supserv.cozmoslabs.com\/"},{"@type":"ListItem","position":2,"name":"Services"}]}]}},"_links":{"self":[{"href":"https:\/\/manu015.supserv.cozmoslabs.com\/sv\/wp-json\/wp\/v2\/pages\/7089"}],"collection":[{"href":"https:\/\/manu015.supserv.cozmoslabs.com\/sv\/wp-json\/wp\/v2\/pages"}],"about":[{"href":"https:\/\/manu015.supserv.cozmoslabs.com\/sv\/wp-json\/wp\/v2\/types\/page"}],"author":[{"embeddable":true,"href":"https:\/\/manu015.supserv.cozmoslabs.com\/sv\/wp-json\/wp\/v2\/users\/1"}],"replies":[{"embeddable":true,"href":"https:\/\/manu015.supserv.cozmoslabs.com\/sv\/wp-json\/wp\/v2\/comments?post=7089"}],"version-history":[{"count":0,"href":"https:\/\/manu015.supserv.cozmoslabs.com\/sv\/wp-json\/wp\/v2\/pages\/7089\/revisions"}],"wp:featuredmedia":[{"embeddable":true,"href":"https:\/\/manu015.supserv.cozmoslabs.com\/sv\/wp-json\/wp\/v2\/media\/22"}],"wp:attachment":[{"href":"https:\/\/manu015.supserv.cozmoslabs.com\/sv\/wp-json\/wp\/v2\/media?parent=7089"}],"curies":[{"name":"wp","href":"https:\/\/api.w.org\/{rel}","templated":true}]}}