{"id":7065,"date":"2020-10-31T15:38:27","date_gmt":"2020-10-31T15:38:27","guid":{"rendered":"https:\/\/manu015.supserv.cozmoslabs.com\/?page_id=7065"},"modified":"2020-11-13T08:09:59","modified_gmt":"2020-11-13T08:09:59","slug":"fleet","status":"publish","type":"page","link":"https:\/\/manu015.supserv.cozmoslabs.com\/sv\/fleet\/","title":{"rendered":"Flotta"},"content":{"rendered":"<div  class=\"one withsmallpadding ppb_header\" style=\"text-align:left;padding:40px 0 40px 0;\" >\n<div class=\"standard_wrapper\">\n<div class=\"page_content_wrapper\">\n<div class=\"inner\">\n<div style=\"margin:auto;width:100%\">\n<h2 class=\"ppb_title\" style=\"\">Taxi flotta<\/h2>\n<div class=\"page_tagline\" style=\"\">Vi har 6 kategorier av fordon<\/div>\n<div class=\"ppb_header_content\">\n<p>Vi har en stor taxivagn i v\u00e5rt f\u00f6retag. H\u00e4r kan du se bilderna p\u00e5 n\u00e5gra av v\u00e5ra fordon. Alla v\u00e5ra fordon \u00e4r fullst\u00e4ndigt licensierade f\u00f6r transport och de har alla ett registreringsnummer som b\u00f6rjar med TL, vilket betyder Taxi Limousine som den belgiska f\u00f6reskriften kr\u00e4ver.<\/p>\n<p>En stor fordonspark som hj\u00e4lper dig: sedans, minibussar, minibussar och limousiner. Bland sedans kan du v\u00e4lja mellan lyxmodeller eller standardmodeller. Detsamma g\u00e4ller minibussar, vi har lyxiga och vanliga minibussar<br \/>\nV\u00e5ra chauff\u00f6rsdrivna bilar har ett Wi-Fi-n\u00e4tverk s\u00e5 att du kan ansluta om du beh\u00f6ver. V\u00e5r rena och snygga interi\u00f6r inbjuder dig att koppla av och varva ner.<\/p>\n<\/div>\n<\/div>\n<\/div>\n<\/div>\n<\/div>\n<\/div>\n<div  class=\"one withsmallpadding ppb_header\" style=\"text-align:left;padding:40px 0 40px 0;\" >\n<div class=\"standard_wrapper\">\n<div class=\"page_content_wrapper\">\n<div class=\"inner\">\n<div style=\"margin:auto;width:100%\">\n<h2 class=\"ppb_title\" style=\"\">Standard Sedan<\/h2>\n<div class=\"ppb_header_content\">\n<p>Detta \u00e4r v\u00e5r billigaste fordonskategori. den har en maximal kapacitet p\u00e5 4 passagerare och 3 v\u00e4skor. Det \u00e4r det mest popul\u00e4ra. I denna kategori hittar du fordon som Nissan Qashqai, Skoda Octavia eller liknande fordon<\/p>\n<p>[ngg src = \u201dgalleries\u201d ids = \u201d2 \u2033 display =\u201d basic_thumbnail \u201d]<\/p>\n<p>\u00a0<\/p>\n<\/div>\n<\/div>\n<\/div>\n<\/div>\n<\/div>\n<\/div>\n<div  class=\"one withsmallpadding ppb_header\" style=\"text-align:left;padding:40px 0 40px 0;\" >\n<div class=\"standard_wrapper\">\n<div class=\"page_content_wrapper\">\n<div class=\"inner\">\n<div style=\"margin:auto;width:100%\">\n<h2 class=\"ppb_title\" style=\"\">Executive Mercedes Benz E-klass<\/h2>\n<div class=\"ppb_header_content\">\n<p>V\u00e5ra Executive-sedan best\u00e5r i huvudsak av modeller som Mercedes-Benz E-klass, Audi A6, Volvo S90 eller liknande fordon. Det h\u00e4r \u00e4r verkligen lyxigt. Den var fr\u00e4mst utformad f\u00f6r att ta max 3 passagerare. Detta fordon har dock 4 passagerars\u00e4kerhetsb\u00e4lten. D\u00e4rf\u00f6r till\u00e5ter vi upp till 4 passagerare i detta fordon och 3 v\u00e4skor.<\/p>\n<p>[ngg src = \u201dgalleries\u201d ids = \u201d3 \u2033 display =\u201d basic_slideshow \u201d]<\/p>\n<\/div>\n<\/div>\n<\/div>\n<\/div>\n<\/div>\n<\/div>\n<div  class=\"one withsmallpadding ppb_header\" style=\"text-align:left;padding:40px 0 40px 0;\" >\n<div class=\"standard_wrapper\">\n<div class=\"page_content_wrapper\">\n<div class=\"inner\">\n<div style=\"margin:auto;width:100%\">\n<h2 class=\"ppb_title\" style=\"\">Standard minibuss<\/h2>\n<div class=\"ppb_header_content\">\n<p>Denna fordonskategori kan ta upp till \u00e5tta passagerare per fordon. Det \u00e4r det billigaste s\u00e4ttet att resa med taxi om du har mycket bagage eller om du \u00e4r en grupp m\u00e4nniskor som \u00f6verstiger 4.<\/p>\n<p>I v\u00e5r standardkategori f\u00f6r minibussar har vi fordon som Opel Vivaro, Renault Trafic eller liknande fordon<\/p>\n<p>[ngg src = \u201dgalleries\u201d ids = \u201d4 \u2033 display =\u201d basic_imagebrowser \u201d]<\/p>\n<p>\u00a0<\/p>\n<\/div>\n<\/div>\n<\/div>\n<\/div>\n<\/div>\n<\/div>\n<div  class=\"one withsmallpadding ppb_header\" style=\"text-align:left;padding:40px 0 40px 0;\" >\n<div class=\"standard_wrapper\">\n<div class=\"page_content_wrapper\">\n<div class=\"inner\">\n<div style=\"margin:auto;width:100%\">\n<h2 class=\"ppb_title\" style=\"\">Executive Mercedes Benz V Class &amp; Vito tourer Minivan<\/h2>\n<div class=\"ppb_header_content\">\n<p>I denna kategori har vi olika typer av modeller som Mercedes V Class, Mercedes Benz Vito Tourer, Mercedes Benz Viano, Ford Customs Tourneo etc ... Denna typ av fordon kan ta upp till 7 eller 8 passagerare maximalt beroende p\u00e5 m\u00e4rke och modell p\u00e5 minibuss. Det \u00e4r v\u00e5rt mest lyxiga fordon. Mycket rymlig, den har 6 l\u00e4ders\u00e4ten bak och 1 eller 2 passagerars\u00e4te fram. 2 rader med 3 platser som vetter mot varandra. Du k\u00e4nner dig verkligen som i ett vardagsrum n\u00e4r du \u00e4r ombord p\u00e5 v\u00e5r Mercedes Benz V-klass minibuss.<br \/>\nF\u00f6r en grupp p\u00e5 \u00e5tta personer har vi ocks\u00e5 en lyxig l\u00f6sning f\u00f6r dem eftersom vi har den andra modellen av en minibuss. Det \u00e4r v\u00e5r Mercedes Benz Vito tourer-modell. Den har ocks\u00e5 6 l\u00e4ders\u00e4ten p\u00e5 baksidan med tv\u00e5 rader med 3 platser v\u00e4nda mot varandra. I framkabinen har vi 2 extra platser. Du f\u00f6rst\u00e5r mycket v\u00e4l att i v\u00e5r Mercedes Benz Vito tourer kan vi transportera upp till \u00e5tta passagerare med samma komfort och lyx som i v\u00e5r Mercedes Benz V-klass.<\/p>\n<p>[ngg src = \u201dgalleries\u201d ids = \u201d5 \u2033 display =\u201d basic_thumbnail \u201d]<\/p>\n<\/div>\n<\/div>\n<\/div>\n<\/div>\n<\/div>\n<\/div>\n<div  class=\"one withsmallpadding ppb_header\" style=\"text-align:left;padding:40px 0 40px 0;\" >\n<div class=\"standard_wrapper\">\n<div class=\"page_content_wrapper\">\n<div class=\"inner\">\n<div style=\"margin:auto;width:100%\">\n<h2 class=\"ppb_title\" style=\"\">Taxi f\u00f6r rullstol. Limousiner och bussar<\/h2>\n<div class=\"ppb_header_content\">\n<p>Vi har ocks\u00e5 en speciell taxi f\u00f6r att transportera m\u00e4nniskor i rullstolar. Vi har stora bussar med kapacitet f\u00f6r 48 passagerare per buss f\u00f6r en stor grupp m\u00e4nniskor. Speciellt om de inte vill resa med olika minibussar. Om du beh\u00f6ver en limousine f\u00f6r en viss h\u00e4ndelse. F\u00f6r mer information, v\u00e4nligen kontakta v\u00e5r <a href=\"https:\/\/manu015.supserv.cozmoslabs.com\/\">hemsida<\/a><\/p>\n<\/div>\n<\/div>\n<\/div>\n<\/div>\n<\/div>\n<\/div>","protected":false},"excerpt":{"rendered":"<p>Taxi Fleet We have 6 categories of vehicles We have a large taxi fleet in our company. Here you can see the photos of some of our vehicles. All our vehicles are fully licenced for transport and they all have [&hellip;]<\/p>","protected":false},"author":1,"featured_media":7665,"parent":0,"menu_order":0,"comment_status":"closed","ping_status":"closed","template":"","meta":[],"yoast_head":"<!-- This site is optimized with the Yoast SEO plugin v18.4.1 - https:\/\/yoast.com\/wordpress\/plugins\/seo\/ -->\n<title>Discover the fleet of our taxi company - Your Private Driver<\/title>\n<meta name=\"description\" content=\"We have a very large fleet made up of 4 categories of vehicles ranging from sedans to minivans, both standard and luxury.\" \/>\n<meta name=\"robots\" content=\"index, follow, max-snippet:-1, max-image-preview:large, max-video-preview:-1\" \/>\n<link rel=\"canonical\" href=\"https:\/\/manu015.supserv.cozmoslabs.com\/sv\/fleet\/\" \/>\n<meta property=\"og:locale\" content=\"sv_SE\" \/>\n<meta property=\"og:type\" content=\"article\" \/>\n<meta property=\"og:title\" content=\"Discover the fleet of our taxi company - Your Private Driver\" \/>\n<meta property=\"og:description\" content=\"We have a very large fleet made up of 4 categories of vehicles ranging from sedans to minivans, both standard and luxury.\" \/>\n<meta property=\"og:url\" content=\"https:\/\/manu015.supserv.cozmoslabs.com\/sv\/fleet\/\" \/>\n<meta property=\"og:site_name\" content=\"Your Private Driver\" \/>\n<meta property=\"article:publisher\" content=\"https:\/\/www.facebook.com\/yourprivatedriverbrussels\" \/>\n<meta property=\"article:modified_time\" content=\"2020-11-13T08:09:59+00:00\" \/>\n<meta property=\"og:image\" content=\"https:\/\/manu015.supserv.cozmoslabs.com\/wp-content\/uploads\/2020\/11\/flotte-vehicules-taxi-aeroport.png\" \/>\n\t<meta property=\"og:image:width\" content=\"534\" \/>\n\t<meta property=\"og:image:height\" content=\"230\" \/>\n\t<meta property=\"og:image:type\" content=\"image\/png\" \/>\n<meta name=\"twitter:card\" content=\"summary_large_image\" \/>\n<meta name=\"twitter:site\" content=\"@privatedriverbx\" \/>\n<meta name=\"twitter:label1\" content=\"Ber\u00e4knad l\u00e4stid\" \/>\n\t<meta name=\"twitter:data1\" content=\"3 minuter\" \/>\n<script type=\"application\/ld+json\" class=\"yoast-schema-graph\">{\"@context\":\"https:\/\/schema.org\",\"@graph\":[{\"@type\":\"Organization\",\"@id\":\"https:\/\/manu015.supserv.cozmoslabs.com\/#organization\",\"name\":\"Your Private Driver\",\"url\":\"https:\/\/manu015.supserv.cozmoslabs.com\/\",\"sameAs\":[\"https:\/\/www.facebook.com\/yourprivatedriverbrussels\",\"https:\/\/www.instagram.com\/taxibrusselsairport\/\",\"https:\/\/www.linkedin.com\/company\/yourprivatedriver\/\",\"https:\/\/www.youtube.com\/channel\/UCdFj5lm3qhOZWz_Rz0yupVA\",\"https:\/\/www.pinterest.fr\/pin\/704672672920362864\/\",\"https:\/\/twitter.com\/privatedriverbx\"],\"logo\":{\"@type\":\"ImageObject\",\"@id\":\"https:\/\/manu015.supserv.cozmoslabs.com\/#logo\",\"inLanguage\":\"sv-SE\",\"url\":\"\",\"contentUrl\":\"\",\"caption\":\"Your Private Driver\"},\"image\":{\"@id\":\"https:\/\/manu015.supserv.cozmoslabs.com\/#logo\"}},{\"@type\":\"WebSite\",\"@id\":\"https:\/\/manu015.supserv.cozmoslabs.com\/#website\",\"url\":\"https:\/\/manu015.supserv.cozmoslabs.com\/\",\"name\":\"Your Private Driver\",\"description\":\"Taxi Brussels airport - Taxi Charleroi airport\",\"publisher\":{\"@id\":\"https:\/\/manu015.supserv.cozmoslabs.com\/#organization\"},\"potentialAction\":[{\"@type\":\"SearchAction\",\"target\":{\"@type\":\"EntryPoint\",\"urlTemplate\":\"https:\/\/manu015.supserv.cozmoslabs.com\/?s={search_term_string}\"},\"query-input\":\"required name=search_term_string\"}],\"inLanguage\":\"sv-SE\"},{\"@type\":\"ImageObject\",\"@id\":\"https:\/\/manu015.supserv.cozmoslabs.com\/fleet\/#primaryimage\",\"inLanguage\":\"sv-SE\",\"url\":\"https:\/\/manu015.supserv.cozmoslabs.com\/wp-content\/uploads\/2020\/11\/flotte-vehicules-taxi-aeroport.png\",\"contentUrl\":\"https:\/\/manu015.supserv.cozmoslabs.com\/wp-content\/uploads\/2020\/11\/flotte-vehicules-taxi-aeroport.png\",\"width\":534,\"height\":230,\"caption\":\"Our Fleet\"},{\"@type\":\"WebPage\",\"@id\":\"https:\/\/manu015.supserv.cozmoslabs.com\/fleet\/#webpage\",\"url\":\"https:\/\/manu015.supserv.cozmoslabs.com\/fleet\/\",\"name\":\"Discover the fleet of our taxi company - Your Private Driver\",\"isPartOf\":{\"@id\":\"https:\/\/manu015.supserv.cozmoslabs.com\/#website\"},\"primaryImageOfPage\":{\"@id\":\"https:\/\/manu015.supserv.cozmoslabs.com\/fleet\/#primaryimage\"},\"datePublished\":\"2020-10-31T15:38:27+00:00\",\"dateModified\":\"2020-11-13T08:09:59+00:00\",\"description\":\"We have a very large fleet made up of 4 categories of vehicles ranging from sedans to minivans, both standard and luxury.\",\"breadcrumb\":{\"@id\":\"https:\/\/manu015.supserv.cozmoslabs.com\/fleet\/#breadcrumb\"},\"inLanguage\":\"sv-SE\",\"potentialAction\":[{\"@type\":\"ReadAction\",\"target\":[\"https:\/\/manu015.supserv.cozmoslabs.com\/fleet\/\"]}]},{\"@type\":\"BreadcrumbList\",\"@id\":\"https:\/\/manu015.supserv.cozmoslabs.com\/fleet\/#breadcrumb\",\"itemListElement\":[{\"@type\":\"ListItem\",\"position\":1,\"name\":\"Home\",\"item\":\"https:\/\/manu015.supserv.cozmoslabs.com\/\"},{\"@type\":\"ListItem\",\"position\":2,\"name\":\"Fleet\"}]}]}<\/script>\n<!-- \/ Yoast SEO plugin. -->","yoast_head_json":{"title":"Discover the fleet of our taxi company - Your Private Driver","description":"We have a very large fleet made up of 4 categories of vehicles ranging from sedans to minivans, both standard and luxury.","robots":{"index":"index","follow":"follow","max-snippet":"max-snippet:-1","max-image-preview":"max-image-preview:large","max-video-preview":"max-video-preview:-1"},"canonical":"https:\/\/manu015.supserv.cozmoslabs.com\/sv\/fleet\/","og_locale":"sv_SE","og_type":"article","og_title":"Discover the fleet of our taxi company - Your Private Driver","og_description":"We have a very large fleet made up of 4 categories of vehicles ranging from sedans to minivans, both standard and luxury.","og_url":"https:\/\/manu015.supserv.cozmoslabs.com\/sv\/fleet\/","og_site_name":"Your Private Driver","article_publisher":"https:\/\/www.facebook.com\/yourprivatedriverbrussels","article_modified_time":"2020-11-13T08:09:59+00:00","og_image":[{"width":534,"height":230,"url":"https:\/\/manu015.supserv.cozmoslabs.com\/wp-content\/uploads\/2020\/11\/flotte-vehicules-taxi-aeroport.png","type":"image\/png"}],"twitter_card":"summary_large_image","twitter_site":"@privatedriverbx","twitter_misc":{"Ber\u00e4knad l\u00e4stid":"3 minuter"},"schema":{"@context":"https:\/\/schema.org","@graph":[{"@type":"Organization","@id":"https:\/\/manu015.supserv.cozmoslabs.com\/#organization","name":"Your Private Driver","url":"https:\/\/manu015.supserv.cozmoslabs.com\/","sameAs":["https:\/\/www.facebook.com\/yourprivatedriverbrussels","https:\/\/www.instagram.com\/taxibrusselsairport\/","https:\/\/www.linkedin.com\/company\/yourprivatedriver\/","https:\/\/www.youtube.com\/channel\/UCdFj5lm3qhOZWz_Rz0yupVA","https:\/\/www.pinterest.fr\/pin\/704672672920362864\/","https:\/\/twitter.com\/privatedriverbx"],"logo":{"@type":"ImageObject","@id":"https:\/\/manu015.supserv.cozmoslabs.com\/#logo","inLanguage":"sv-SE","url":"","contentUrl":"","caption":"Your Private Driver"},"image":{"@id":"https:\/\/manu015.supserv.cozmoslabs.com\/#logo"}},{"@type":"WebSite","@id":"https:\/\/manu015.supserv.cozmoslabs.com\/#website","url":"https:\/\/manu015.supserv.cozmoslabs.com\/","name":"Your Private Driver","description":"Taxi Brussels airport - Taxi Charleroi airport","publisher":{"@id":"https:\/\/manu015.supserv.cozmoslabs.com\/#organization"},"potentialAction":[{"@type":"SearchAction","target":{"@type":"EntryPoint","urlTemplate":"https:\/\/manu015.supserv.cozmoslabs.com\/?s={search_term_string}"},"query-input":"required name=search_term_string"}],"inLanguage":"sv-SE"},{"@type":"ImageObject","@id":"https:\/\/manu015.supserv.cozmoslabs.com\/fleet\/#primaryimage","inLanguage":"sv-SE","url":"https:\/\/manu015.supserv.cozmoslabs.com\/wp-content\/uploads\/2020\/11\/flotte-vehicules-taxi-aeroport.png","contentUrl":"https:\/\/manu015.supserv.cozmoslabs.com\/wp-content\/uploads\/2020\/11\/flotte-vehicules-taxi-aeroport.png","width":534,"height":230,"caption":"Our Fleet"},{"@type":"WebPage","@id":"https:\/\/manu015.supserv.cozmoslabs.com\/fleet\/#webpage","url":"https:\/\/manu015.supserv.cozmoslabs.com\/fleet\/","name":"Discover the fleet of our taxi company - Your Private Driver","isPartOf":{"@id":"https:\/\/manu015.supserv.cozmoslabs.com\/#website"},"primaryImageOfPage":{"@id":"https:\/\/manu015.supserv.cozmoslabs.com\/fleet\/#primaryimage"},"datePublished":"2020-10-31T15:38:27+00:00","dateModified":"2020-11-13T08:09:59+00:00","description":"We have a very large fleet made up of 4 categories of vehicles ranging from sedans to minivans, both standard and luxury.","breadcrumb":{"@id":"https:\/\/manu015.supserv.cozmoslabs.com\/fleet\/#breadcrumb"},"inLanguage":"sv-SE","potentialAction":[{"@type":"ReadAction","target":["https:\/\/manu015.supserv.cozmoslabs.com\/fleet\/"]}]},{"@type":"BreadcrumbList","@id":"https:\/\/manu015.supserv.cozmoslabs.com\/fleet\/#breadcrumb","itemListElement":[{"@type":"ListItem","position":1,"name":"Home","item":"https:\/\/manu015.supserv.cozmoslabs.com\/"},{"@type":"ListItem","position":2,"name":"Fleet"}]}]}},"_links":{"self":[{"href":"https:\/\/manu015.supserv.cozmoslabs.com\/sv\/wp-json\/wp\/v2\/pages\/7065"}],"collection":[{"href":"https:\/\/manu015.supserv.cozmoslabs.com\/sv\/wp-json\/wp\/v2\/pages"}],"about":[{"href":"https:\/\/manu015.supserv.cozmoslabs.com\/sv\/wp-json\/wp\/v2\/types\/page"}],"author":[{"embeddable":true,"href":"https:\/\/manu015.supserv.cozmoslabs.com\/sv\/wp-json\/wp\/v2\/users\/1"}],"replies":[{"embeddable":true,"href":"https:\/\/manu015.supserv.cozmoslabs.com\/sv\/wp-json\/wp\/v2\/comments?post=7065"}],"version-history":[{"count":0,"href":"https:\/\/manu015.supserv.cozmoslabs.com\/sv\/wp-json\/wp\/v2\/pages\/7065\/revisions"}],"wp:featuredmedia":[{"embeddable":true,"href":"https:\/\/manu015.supserv.cozmoslabs.com\/sv\/wp-json\/wp\/v2\/media\/7665"}],"wp:attachment":[{"href":"https:\/\/manu015.supserv.cozmoslabs.com\/sv\/wp-json\/wp\/v2\/media?parent=7065"}],"curies":[{"name":"wp","href":"https:\/\/api.w.org\/{rel}","templated":true}]}}