{"id":7018,"date":"2020-10-31T13:03:15","date_gmt":"2020-10-31T13:03:15","guid":{"rendered":"https:\/\/manu015.supserv.cozmoslabs.com\/?page_id=7018"},"modified":"2020-11-13T07:50:29","modified_gmt":"2020-11-13T07:50:29","slug":"about-us","status":"publish","type":"page","link":"https:\/\/manu015.supserv.cozmoslabs.com\/sv\/about-us\/","title":{"rendered":"Om oss"},"content":{"rendered":"<div  class=\"one withsmallpadding ppb_header\" style=\"text-align:left;padding:40px 0 40px 0;\" >\n<div class=\"standard_wrapper\">\n<div class=\"page_content_wrapper\">\n<div class=\"inner\">\n<div style=\"margin:auto;width:100%\">\n<h2 class=\"ppb_title\" style=\"\">Din privata f\u00f6rare<\/h2>\n<div class=\"ppb_header_content\">\n<p>Din privata chauff\u00f6r \u00e4r ett taxif\u00f6retag och ett avl\u00f6nat passagerarf\u00f6retag grundat i b\u00f6rjan av 2016. F\u00f6retaget ligger i Bryssel och verkar i hela Belgien och \u00f6ver hela Europa. F\u00f6r \u00f6vrigt, <em><strong>Din privata f\u00f6rare<\/strong><\/em> \u00e4r en nyckelakt\u00f6r f\u00f6r transport av m\u00e4nniskor i Bryssel. Det erbjuder en transportservice tillg\u00e4nglig f\u00f6r passagerare som anl\u00e4nder till Bryssels flygplats och Charleroi flygplats.<\/p>\n<p>Din privata f\u00f6rare \u00e4r ett p\u00e5litligt taxif\u00f6retag f\u00f6r flygplatser.<br \/>\nOm du planerar att bes\u00f6ka Bryssels centrum hj\u00e4lper din privata f\u00f6rare dig. Det finns faktiskt otaliga saker du kan g\u00f6ra med familjen. \u00c4ven om du \u00e4r p\u00e5 aff\u00e4rsresa. I sj\u00e4lva verket \u00e4r Bryssel helt enkelt en av de vackraste st\u00e4derna i v\u00e4rlden med sina m\u00e5nga gr\u00f6nomr\u00e5den.<\/p>\n<p>Du kan lita p\u00e5 oss f\u00f6r alla dina transportbehov i Bryssel. En taxiresa till en av v\u00e5ra belgiska flygplatser, ett br\u00f6llop i Bryssel, grupptransport f\u00f6r ett m\u00f6te, privat fest, en stadstur <a href=\"https:\/\/manu015.supserv.cozmoslabs.com\/services\/\">eller en taxiresa till \/ fr\u00e5n en annan belgisk stad.<\/a> Your private driver <a href=\"https:\/\/manu015.supserv.cozmoslabs.com\/fleet\/\">har fordon<\/a> och professionella f\u00f6rare f\u00f6r att g\u00f6ra din resa minnesv\u00e4rd. Vi \u00e4r p\u00e5litliga och prisv\u00e4rda f\u00f6r alla dina taxiresor.<\/p>\n<p>Om du vill veta mer om oss och olika \u00e4mnen ang\u00e5ende taxibilar i Bryssel i synnerhet och i hela v\u00e4rlden, bes\u00f6k g\u00e4rna <a href=\"https:\/\/manu015.supserv.cozmoslabs.com\/blog\/\">v\u00e5r taxiblogg.<\/a> Dela g\u00e4rna dina id\u00e9er och erfarenheter. L\u00e4mna dina kommentarer om du k\u00e4nner f\u00f6r det. Dela din erfarenhet i v\u00e5r taxiblogg s\u00e5v\u00e4l som en taxianv\u00e4ndare eller bara en taxichauff\u00f6r.<\/p>\n<\/div>\n<\/div>\n<\/div>\n<\/div>\n<\/div>\n<\/div>\n<div  class=\"one withsmallpadding ppb_header\" style=\"text-align:center;padding:50px 0 50px 0;background-color:#5856d6;color:#ffffff;\" >\n<div class=\"standard_wrapper\">\n<div class=\"page_content_wrapper\">\n<div class=\"inner\">\n<div style=\"margin:auto;width:50%\">\n<h2 class=\"ppb_title\" style=\"color:#ffffff;\">Professionella taxichauff\u00f6rer<\/h2>\n<div class=\"ppb_header_content\">\n<p>V\u00e5ra professionella f\u00f6rare l\u00e4mnar dig till Bryssels flygplats Zaventem och h\u00e4mtar dig fr\u00e5n Bryssels flygplats, Charleroi och Li\u00e8ge. Dessutom erbjuder din privata f\u00f6rare dig en snabb och tyst resa i bekv\u00e4ma bilar, utrustade med ett h\u00f6gpresterande Wi-Fi-n\u00e4tverk.<\/p>\n<div class=\"one_half\" style=\"\">\n<div class=\"animate_counter_wrapper\">\n<div id=\"1605253829349298397\" class=\"odometer\" style=\"font-size:60px;line-height:60px;\">0<\/div>\n<div class=\"count_separator\"><span><\/span><\/div>\n<div class=\"counter_subject\">Resor<\/div>\n<\/div>\n<\/div>\n<div class=\"one_half last\" style=\"\">\n<div class=\"animate_counter_wrapper\">\n<div id=\"16052538291044985847\" class=\"odometer\" style=\"font-size:60px;line-height:60px;\">0<\/div>\n<div class=\"count_separator\"><span><\/span><\/div>\n<div class=\"counter_subject\">Glada kunder<\/div>\n<\/div>\n<\/div>\n<p><br class=\"clear\"\/><\/p>\n<\/div>\n<\/div>\n<\/div>\n<\/div>\n<\/div>\n<\/div>\n<div  class=\"one withsmallpadding ppb_header\" style=\"text-align:left;padding:40px 0 40px 0;\" >\n<div class=\"standard_wrapper\">\n<div class=\"page_content_wrapper\">\n<div class=\"inner\">\n<div style=\"margin:auto;width:100%\">\n<h2 class=\"ppb_title\" style=\"\">Professionell taxitj\u00e4nst i Bryssel<\/h2>\n<div class=\"ppb_header_content\">\n<p>Dra nytta av v\u00e5rt <a href=\"https:\/\/manu015.supserv.cozmoslabs.com\/services\/\"> flygplatstransfer, limousintj\u00e4nst och flygplatstransfer <\/a> att bes\u00f6ka <a href=\"https:\/\/visit.brussels\/en\/category\/monuments-sites\" target=\"_blank\" rel=\"noopener noreferrer\"> historiska platser i Bryssel<\/a> och Brygge. Tveka inte att <a href=\"https:\/\/manu015.supserv.cozmoslabs.com\/contact-us\/\"> kontakta oss<\/a> f\u00f6r att l\u00e4ra dig mer om v\u00e5ra privata turer. V\u00e5ra f\u00f6rare korsar ocks\u00e5 belgiska gr\u00e4nser f\u00f6r att ta dig till din destination.<\/p>\n<\/div>\n<\/div>\n<\/div>\n<\/div>\n<\/div>\n<\/div>\n<div  class=\"one withsmallpadding ppb_header\" style=\"text-align:left;padding:40px 0 40px 0;\" >\n<div class=\"standard_wrapper\">\n<div class=\"page_content_wrapper\">\n<div class=\"inner\">\n<div style=\"margin:auto;width:100%\">\n<h2 class=\"ppb_title\" style=\"\">Taxiverksamhet i Bryssel \u00e4r v\u00e5r tj\u00e4nst<\/h2>\n<div class=\"ppb_header_content\">\n<p>Lita bara p\u00e5 oss f\u00f6r alla dina taxiresor i Bryssel eller till flygplatserna. Transport av m\u00e4nniskor \u00e4r v\u00e5r specialitet. Dessutom erbjuder vi chauff\u00f6rsdriven biluthyrning. Du har all anledning att lita p\u00e5 oss. Hittills har vi hundratals n\u00f6jda kunder.<\/p>\n<p>Om du letar efter ett ekonomiskt och bekv\u00e4mt s\u00e4tt att ta en taxi fr\u00e5n eller till Bryssels flygplats och Charleroi flygplats som inte kommer att f\u00f6rst\u00f6ra dig. D\u00e5 f\u00f6rblir din privata f\u00f6rare din idealiska l\u00f6sning.<\/p>\n<\/div>\n<\/div>\n<\/div>\n<\/div>\n<\/div>\n<\/div>\n<div  class=\"one withsmallpadding ppb_header\" style=\"text-align:left;padding:40px 0 40px 0;\" >\n<div class=\"standard_wrapper\">\n<div class=\"page_content_wrapper\">\n<div class=\"inner\">\n<div style=\"margin:auto;width:100%\">\n<h2 class=\"ppb_title\" style=\"\">Taxibokning hos din privata f\u00f6rare<\/h2>\n<div class=\"ppb_header_content\">\n<p>V\u00e5rt online taxibokningssystem hj\u00e4lper dig att boka din taxi enkelt. N\u00e4r du bokar online p\u00e5 v\u00e5r webbplats kan du j\u00e4mf\u00f6ra direkt och se vilken typ av fordon som \u00e4r mest ekonomiskt eller bekv\u00e4mt beroende p\u00e5 din destination och budget.<\/p>\n<p>Boka din flygplats taxi med din privata f\u00f6rare. Faktum \u00e4r att detta g\u00f6r att du kan vara stressfri dagen f\u00f6r din resa. Om du bokar din taxi fr\u00e5n flygplatsen Bryssel eller flygplatsen Charleroi i god tid har du inget att oroa dig f\u00f6r under resedagen. P\u00e5 samma s\u00e4tt om du bokar en taxi till staden Antwerpen, Li\u00e8ge, Gent, Brygge, Li\u00e8ge eller Namur. En taxibokning hos oss l\u00e5ter dig veta i f\u00f6rv\u00e4g det fasta slutpriset f\u00f6r din taxiresa.<\/p>\n<p>Fr\u00e5n en enkel sedan till lyxiga taxibilar finns det n\u00e5got f\u00f6r alla smaker och alla budgetar. S\u00e5 boka din flygplats taxi nu f\u00f6r att h\u00e4mtas fr\u00e5n Bryssels flygplats och Charleroi flygplats, eller helt enkelt bli avl\u00e4mnad d\u00e4r.<\/p>\n<p>Tack vare v\u00e5rt online-bokningssystem \u00e4r du s\u00e4ker fr\u00e5n \u00f6verraskningen av en sista-minuten-avgiftsh\u00f6jning. I sj\u00e4lva verket h\u00e4nder detta precis n\u00e4r du vill best\u00e4lla din Uber-taxi eller Heetch-taxi till flygplatsen. Vi alla nu om den ber\u00f6mda Uber priset stigande. Du kommer aldrig att uppleva n\u00e5got s\u00e5dant med din privata f\u00f6rare<\/p>\n<h3>Hur betalar jag din taxi hos din privata f\u00f6rare?<\/h3>\n<h4>Betalningsmedel f\u00f6r din flygplatstaxi.<\/h4>\n<p>N\u00e4r du bokar taxi v\u00e4ljer du mellan en omedelbar s\u00e4ker onlinebetalning eller kontant betalning.<\/p>\n<p>Din privata f\u00f6rare accepterar de flesta betalningsmetoder som Mastercard, Visa, American Express, PayPal, Ideal, Sofort Banking, Bancontact, EPS, CartaSi, GiroPay, KBC \/ CBC, Belfius, ING, Paysafecard, Bankkort, Sepa Direct Debit, Sepa Bank \u00d6verf\u00f6ring, presentkort och flera andra kredit- eller betalkort. F\u00f6r alla onlinebetalningar kr\u00e4vs en extra avgift p\u00e5 4%. Detta \u00e4r f\u00f6r kreditkort \/ Paypal-transaktionsprovision.<\/p>\n<p>Om du v\u00e4ljer kontant betalning kr\u00e4vs ingen extra kostnad. Betalningen sker till f\u00f6raren. Men du m\u00e5ste bara ha den exakta f\u00f6r\u00e4ndringen eftersom v\u00e5ra f\u00f6rare inte g\u00e5r ofta med mycket kontanta pengar.<\/p>\n<h4>Billig taxipris.<\/h4>\n<p>Konkurrerande taxipris f\u00f6r privata minibussar, Mercedes-Benz klass V eller liknande f\u00f6r upp till 8 personer. Dessutom betalar du en rimlig taxipris till flygplatsen med exekutiva sedaner som Mercedes-Benz klass E. Denna prisv\u00e4rda taxipris g\u00e4ller \u00e4ven f\u00f6r vanliga minibussar f\u00f6r 8 personer som Opel Vivaro eller Volkswagen Caravell. Billiga taxipriser g\u00e4ller ocks\u00e5 f\u00f6r vanliga sedans som Skoda Octavia eller liknande fordon.<\/p>\n<p>Hos din privata f\u00f6rare hittar du en av de billigaste taxipriserna i Bryssel. Taxi fr\u00e5n 35 euro f\u00f6r flygplatstransfer fr\u00e5n Bryssels flygplats till Bryssels centrum. I priset ing\u00e5r receptionstj\u00e4nsten p\u00e5 flygplatsen. Din privata f\u00f6rare till\u00e4mpar mycket billiga taxipriser. I sj\u00e4lva verket \u00e4r detta f\u00f6r att alla ska kunna njuta av v\u00e5ra exceptionella tj\u00e4nster.<\/p>\n<p>Tveka inte att registrera eller <a href=\"https:\/\/manu015.supserv.cozmoslabs.com\/account\/\">Logga in p\u00e5 ditt konto<\/a> f\u00f6r att hantera dina bokningar eller g\u00f6ra en ny bokning.<\/p>\n<\/div>\n<\/div>\n<\/div>\n<\/div>\n<\/div>\n<\/div>","protected":false},"excerpt":{"rendered":"<p>Your Private Driver Your Private Driver is a taxi company and remunerated passenger carrier founded around early 2016. The company is located in Brussels and operates throughout Belgium and across Europe. In addition, Your Private Driver is a key player [&hellip;]<\/p>","protected":false},"author":1,"featured_media":7659,"parent":0,"menu_order":0,"comment_status":"closed","ping_status":"closed","template":"","meta":[],"yoast_head":"<!-- This site is optimized with the Yoast SEO plugin v18.4.1 - https:\/\/yoast.com\/wordpress\/plugins\/seo\/ -->\n<title>Learn more about our taxi company - Your Private Driver<\/title>\n<meta name=\"description\" content=\"Your Private Driver is taxi company founded in early 2016. We provide taxi service in Brussels and to BRU and CRL airports.\" \/>\n<meta name=\"robots\" content=\"index, follow, max-snippet:-1, max-image-preview:large, max-video-preview:-1\" \/>\n<link rel=\"canonical\" href=\"https:\/\/manu015.supserv.cozmoslabs.com\/sv\/about-us\/\" \/>\n<meta property=\"og:locale\" content=\"sv_SE\" \/>\n<meta property=\"og:type\" content=\"article\" \/>\n<meta property=\"og:title\" content=\"Learn more about our taxi company - Your Private Driver\" \/>\n<meta property=\"og:description\" content=\"Your Private Driver is taxi company founded in early 2016. We provide taxi service in Brussels and to BRU and CRL airports.\" \/>\n<meta property=\"og:url\" content=\"https:\/\/manu015.supserv.cozmoslabs.com\/sv\/about-us\/\" \/>\n<meta property=\"og:site_name\" content=\"Your Private Driver\" \/>\n<meta property=\"article:publisher\" content=\"https:\/\/www.facebook.com\/yourprivatedriverbrussels\" \/>\n<meta property=\"article:modified_time\" content=\"2020-11-13T07:50:29+00:00\" \/>\n<meta property=\"og:image\" content=\"https:\/\/manu015.supserv.cozmoslabs.com\/wp-content\/uploads\/2020\/11\/about.jpg\" \/>\n\t<meta property=\"og:image:width\" content=\"854\" \/>\n\t<meta property=\"og:image:height\" content=\"334\" \/>\n\t<meta property=\"og:image:type\" content=\"image\/jpeg\" \/>\n<meta name=\"twitter:card\" content=\"summary_large_image\" \/>\n<meta name=\"twitter:site\" content=\"@privatedriverbx\" \/>\n<meta name=\"twitter:label1\" content=\"Ber\u00e4knad l\u00e4stid\" \/>\n\t<meta name=\"twitter:data1\" content=\"5 minuter\" \/>\n<script type=\"application\/ld+json\" class=\"yoast-schema-graph\">{\"@context\":\"https:\/\/schema.org\",\"@graph\":[{\"@type\":\"Organization\",\"@id\":\"https:\/\/manu015.supserv.cozmoslabs.com\/#organization\",\"name\":\"Your Private Driver\",\"url\":\"https:\/\/manu015.supserv.cozmoslabs.com\/\",\"sameAs\":[\"https:\/\/www.facebook.com\/yourprivatedriverbrussels\",\"https:\/\/www.instagram.com\/taxibrusselsairport\/\",\"https:\/\/www.linkedin.com\/company\/yourprivatedriver\/\",\"https:\/\/www.youtube.com\/channel\/UCdFj5lm3qhOZWz_Rz0yupVA\",\"https:\/\/www.pinterest.fr\/pin\/704672672920362864\/\",\"https:\/\/twitter.com\/privatedriverbx\"],\"logo\":{\"@type\":\"ImageObject\",\"@id\":\"https:\/\/manu015.supserv.cozmoslabs.com\/#logo\",\"inLanguage\":\"sv-SE\",\"url\":\"\",\"contentUrl\":\"\",\"caption\":\"Your Private Driver\"},\"image\":{\"@id\":\"https:\/\/manu015.supserv.cozmoslabs.com\/#logo\"}},{\"@type\":\"WebSite\",\"@id\":\"https:\/\/manu015.supserv.cozmoslabs.com\/#website\",\"url\":\"https:\/\/manu015.supserv.cozmoslabs.com\/\",\"name\":\"Your Private Driver\",\"description\":\"Taxi Brussels airport - Taxi Charleroi airport\",\"publisher\":{\"@id\":\"https:\/\/manu015.supserv.cozmoslabs.com\/#organization\"},\"potentialAction\":[{\"@type\":\"SearchAction\",\"target\":{\"@type\":\"EntryPoint\",\"urlTemplate\":\"https:\/\/manu015.supserv.cozmoslabs.com\/?s={search_term_string}\"},\"query-input\":\"required name=search_term_string\"}],\"inLanguage\":\"sv-SE\"},{\"@type\":\"ImageObject\",\"@id\":\"https:\/\/manu015.supserv.cozmoslabs.com\/about-us\/#primaryimage\",\"inLanguage\":\"sv-SE\",\"url\":\"https:\/\/manu015.supserv.cozmoslabs.com\/wp-content\/uploads\/2020\/11\/about.jpg\",\"contentUrl\":\"https:\/\/manu015.supserv.cozmoslabs.com\/wp-content\/uploads\/2020\/11\/about.jpg\",\"width\":854,\"height\":334,\"caption\":\"About Us\"},{\"@type\":\"WebPage\",\"@id\":\"https:\/\/manu015.supserv.cozmoslabs.com\/about-us\/#webpage\",\"url\":\"https:\/\/manu015.supserv.cozmoslabs.com\/about-us\/\",\"name\":\"Learn more about our taxi company - Your Private Driver\",\"isPartOf\":{\"@id\":\"https:\/\/manu015.supserv.cozmoslabs.com\/#website\"},\"primaryImageOfPage\":{\"@id\":\"https:\/\/manu015.supserv.cozmoslabs.com\/about-us\/#primaryimage\"},\"datePublished\":\"2020-10-31T13:03:15+00:00\",\"dateModified\":\"2020-11-13T07:50:29+00:00\",\"description\":\"Your Private Driver is taxi company founded in early 2016. We provide taxi service in Brussels and to BRU and CRL airports.\",\"breadcrumb\":{\"@id\":\"https:\/\/manu015.supserv.cozmoslabs.com\/about-us\/#breadcrumb\"},\"inLanguage\":\"sv-SE\",\"potentialAction\":[{\"@type\":\"ReadAction\",\"target\":[\"https:\/\/manu015.supserv.cozmoslabs.com\/about-us\/\"]}]},{\"@type\":\"BreadcrumbList\",\"@id\":\"https:\/\/manu015.supserv.cozmoslabs.com\/about-us\/#breadcrumb\",\"itemListElement\":[{\"@type\":\"ListItem\",\"position\":1,\"name\":\"Home\",\"item\":\"https:\/\/manu015.supserv.cozmoslabs.com\/\"},{\"@type\":\"ListItem\",\"position\":2,\"name\":\"About Us\"}]}]}<\/script>\n<!-- \/ Yoast SEO plugin. -->","yoast_head_json":{"title":"Learn more about our taxi company - Your Private Driver","description":"Your Private Driver is taxi company founded in early 2016. We provide taxi service in Brussels and to BRU and CRL airports.","robots":{"index":"index","follow":"follow","max-snippet":"max-snippet:-1","max-image-preview":"max-image-preview:large","max-video-preview":"max-video-preview:-1"},"canonical":"https:\/\/manu015.supserv.cozmoslabs.com\/sv\/about-us\/","og_locale":"sv_SE","og_type":"article","og_title":"Learn more about our taxi company - Your Private Driver","og_description":"Your Private Driver is taxi company founded in early 2016. We provide taxi service in Brussels and to BRU and CRL airports.","og_url":"https:\/\/manu015.supserv.cozmoslabs.com\/sv\/about-us\/","og_site_name":"Your Private Driver","article_publisher":"https:\/\/www.facebook.com\/yourprivatedriverbrussels","article_modified_time":"2020-11-13T07:50:29+00:00","og_image":[{"width":854,"height":334,"url":"https:\/\/manu015.supserv.cozmoslabs.com\/wp-content\/uploads\/2020\/11\/about.jpg","type":"image\/jpeg"}],"twitter_card":"summary_large_image","twitter_site":"@privatedriverbx","twitter_misc":{"Ber\u00e4knad l\u00e4stid":"5 minuter"},"schema":{"@context":"https:\/\/schema.org","@graph":[{"@type":"Organization","@id":"https:\/\/manu015.supserv.cozmoslabs.com\/#organization","name":"Your Private Driver","url":"https:\/\/manu015.supserv.cozmoslabs.com\/","sameAs":["https:\/\/www.facebook.com\/yourprivatedriverbrussels","https:\/\/www.instagram.com\/taxibrusselsairport\/","https:\/\/www.linkedin.com\/company\/yourprivatedriver\/","https:\/\/www.youtube.com\/channel\/UCdFj5lm3qhOZWz_Rz0yupVA","https:\/\/www.pinterest.fr\/pin\/704672672920362864\/","https:\/\/twitter.com\/privatedriverbx"],"logo":{"@type":"ImageObject","@id":"https:\/\/manu015.supserv.cozmoslabs.com\/#logo","inLanguage":"sv-SE","url":"","contentUrl":"","caption":"Your Private Driver"},"image":{"@id":"https:\/\/manu015.supserv.cozmoslabs.com\/#logo"}},{"@type":"WebSite","@id":"https:\/\/manu015.supserv.cozmoslabs.com\/#website","url":"https:\/\/manu015.supserv.cozmoslabs.com\/","name":"Your Private Driver","description":"Taxi Brussels airport - Taxi Charleroi airport","publisher":{"@id":"https:\/\/manu015.supserv.cozmoslabs.com\/#organization"},"potentialAction":[{"@type":"SearchAction","target":{"@type":"EntryPoint","urlTemplate":"https:\/\/manu015.supserv.cozmoslabs.com\/?s={search_term_string}"},"query-input":"required name=search_term_string"}],"inLanguage":"sv-SE"},{"@type":"ImageObject","@id":"https:\/\/manu015.supserv.cozmoslabs.com\/about-us\/#primaryimage","inLanguage":"sv-SE","url":"https:\/\/manu015.supserv.cozmoslabs.com\/wp-content\/uploads\/2020\/11\/about.jpg","contentUrl":"https:\/\/manu015.supserv.cozmoslabs.com\/wp-content\/uploads\/2020\/11\/about.jpg","width":854,"height":334,"caption":"About Us"},{"@type":"WebPage","@id":"https:\/\/manu015.supserv.cozmoslabs.com\/about-us\/#webpage","url":"https:\/\/manu015.supserv.cozmoslabs.com\/about-us\/","name":"Learn more about our taxi company - Your Private Driver","isPartOf":{"@id":"https:\/\/manu015.supserv.cozmoslabs.com\/#website"},"primaryImageOfPage":{"@id":"https:\/\/manu015.supserv.cozmoslabs.com\/about-us\/#primaryimage"},"datePublished":"2020-10-31T13:03:15+00:00","dateModified":"2020-11-13T07:50:29+00:00","description":"Your Private Driver is taxi company founded in early 2016. We provide taxi service in Brussels and to BRU and CRL airports.","breadcrumb":{"@id":"https:\/\/manu015.supserv.cozmoslabs.com\/about-us\/#breadcrumb"},"inLanguage":"sv-SE","potentialAction":[{"@type":"ReadAction","target":["https:\/\/manu015.supserv.cozmoslabs.com\/about-us\/"]}]},{"@type":"BreadcrumbList","@id":"https:\/\/manu015.supserv.cozmoslabs.com\/about-us\/#breadcrumb","itemListElement":[{"@type":"ListItem","position":1,"name":"Home","item":"https:\/\/manu015.supserv.cozmoslabs.com\/"},{"@type":"ListItem","position":2,"name":"About Us"}]}]}},"_links":{"self":[{"href":"https:\/\/manu015.supserv.cozmoslabs.com\/sv\/wp-json\/wp\/v2\/pages\/7018"}],"collection":[{"href":"https:\/\/manu015.supserv.cozmoslabs.com\/sv\/wp-json\/wp\/v2\/pages"}],"about":[{"href":"https:\/\/manu015.supserv.cozmoslabs.com\/sv\/wp-json\/wp\/v2\/types\/page"}],"author":[{"embeddable":true,"href":"https:\/\/manu015.supserv.cozmoslabs.com\/sv\/wp-json\/wp\/v2\/users\/1"}],"replies":[{"embeddable":true,"href":"https:\/\/manu015.supserv.cozmoslabs.com\/sv\/wp-json\/wp\/v2\/comments?post=7018"}],"version-history":[{"count":0,"href":"https:\/\/manu015.supserv.cozmoslabs.com\/sv\/wp-json\/wp\/v2\/pages\/7018\/revisions"}],"wp:featuredmedia":[{"embeddable":true,"href":"https:\/\/manu015.supserv.cozmoslabs.com\/sv\/wp-json\/wp\/v2\/media\/7659"}],"wp:attachment":[{"href":"https:\/\/manu015.supserv.cozmoslabs.com\/sv\/wp-json\/wp\/v2\/media?parent=7018"}],"curies":[{"name":"wp","href":"https:\/\/api.w.org\/{rel}","templated":true}]}}