{"id":2650,"date":"2017-01-24T09:16:52","date_gmt":"2017-01-24T09:16:52","guid":{"rendered":"http:\/\/themes.themegoods.com\/grandcarrental\/demo\/?page_id=2650"},"modified":"2020-11-13T17:31:19","modified_gmt":"2020-11-13T17:31:19","slug":"faqs","status":"publish","type":"page","link":"https:\/\/manu015.supserv.cozmoslabs.com\/sv\/faqs\/","title":{"rendered":"Vanliga fr\u00e5gor om din privata f\u00f6rare"},"content":{"rendered":"<h2>Varf\u00f6r v\u00e4lja din privata chauff\u00f6r f\u00f6r alla dina taxiresor p\u00e5 flygplatsen?<\/h2>\n<div class=\"pp_accordion has_icon\">\n<h3><a href=\"#\">Enkelt taxibokningssystem<\/a><\/h3>\n<div>\n<p> Vi anv\u00e4nder det enklaste och mest effektiva taxireservationssystemet.<br \/>\nDet tar 1 minut att veta exakt priset p\u00e5 din taxipris.<br \/>\nF\u00f6r det \u00e4r allt du beh\u00f6ver g\u00f6ra fr\u00e5n bokningswidgeten som finns p\u00e5 v\u00e5r <a href=\"https:\/\/manu015.supserv.cozmoslabs.com\/\">hemsida<\/a>, fyll i din upph\u00e4mtningsadress och avl\u00e4mningsadress, ange dag och datum f\u00f6r din resa och klicka p\u00e5 knappen &quot;F\u00e5 pris&quot; och det \u00e4r det. N\u00e4sta sak du ser \u00e4r v\u00e5ra olika priser per fordonstyp. Om du h\u00e5ller med om priset, v\u00e4lj bara det fordon du v\u00e4ljer och klicka p\u00e5 knappen &quot;Boka nu&quot;. D\u00e4rifr\u00e5n m\u00e5ste du f\u00f6rse oss med lite information vi beh\u00f6ver f\u00f6r att smidigt kunna behandla din bokning. Annars m\u00e5ste du l\u00e4mna webbplatsen utan att boka om du inte h\u00e5ller med om priset.<\/p>\n<p>Kunden kan boka typen av <a href=\"https:\/\/tomorrowland-taxi.com\" target=\"_blank\" rel=\"noopener noreferrer\">taxi<\/a> som passar hans budget. Alla bokningar g\u00f6rs via v\u00e5r webbplats och s\u00e4llan via telefon. I det sista steget av din bokning, g\u00f6r en omedelbar s\u00e4ker onlinebetalning via kreditkort \/ Paypal eller v\u00e4lj att betala senare kontant till din chauff\u00f6r. Boka minst 1 timme f\u00f6re avg\u00e5ngstiden. Annars m\u00e5ste du ringa oss p\u00e5 telefon. Eftersom v\u00e5rt bokningssystem endast till\u00e5ter bokningar med minst 1 timmes ledtid. Om det inte \u00e4r minst 1 timme mellan bokningstiden och avg\u00e5ngstiden kommer du inte att kunna slutf\u00f6ra din bokning. I s\u00e5 fall ring oss s\u00e5 behandlar vi din taxibokning manuellt. Du kommer alltid att f\u00e5 ett f\u00f6rsta e-postmeddelande direkt efter din bokning med din faktura bifogad. Detta f\u00f6ljs kort d\u00e4refter av ett andra e-postmeddelande som bekr\u00e4ftar din bokning och en dag f\u00f6re resan f\u00e5r du ett tredje e-postmeddelande med alla detaljer om f\u00f6raren och fordonet.<\/p>\n<\/div>\n<\/div>\n<h2>Fler sk\u00e4l att v\u00e4lja oss f\u00f6r alla dina taxiresor till flygplatsen?<\/h2>\n<div class=\"pp_accordion has_icon\">\n<h3><a href=\"#\">45 minuters v\u00e4ntetid p\u00e5 flygplatsen<\/a><\/h3>\n<div>\n<p> Din chauff\u00f6r v\u00e4ntar p\u00e5 dig p\u00e5 flygplatsen till 45 minuter efter landningen av ditt flyg. Den h\u00e4r tiden \u00e4r verkligen mer \u00e4n tillr\u00e4ckligt f\u00f6r att du ska h\u00e4mta allt ditt bagage och tr\u00e4ffa f\u00f6raren vid m\u00f6tesplatsen.<\/p>\n<\/div>\n<\/div>\n<div class=\"pp_accordion has_icon\">\n<h3><a href=\"#\">Vi tillhandah\u00e5ller barnstolar och barnstolar<\/a><\/h3>\n<div>\n<p> F\u00f6r din taxi till flygplatsen, undvik att r\u00f6ra med din personliga babystol. V\u00e4lj v\u00e5r rena och snygga babystol till ett mycket l\u00e5gt pris. Samma sak f\u00f6r ditt unga barn som inte \u00e4r tillr\u00e4ckligt l\u00e5ng f\u00f6r bilb\u00e4ltet. V\u00e4lj v\u00e5r b\u00e4lteskudde ist\u00e4llet f\u00f6r att r\u00f6ra med din egen barnstol. Vi st\u00e4ller en b\u00e4ltestol gratis till ditt f\u00f6rfogande.<\/p>\n<\/div>\n<\/div>\n<div class=\"pp_accordion has_icon\">\n<h3><a href=\"#\">M\u00f6t och h\u00e4lsar service p\u00e5 flygplatsen<\/a><\/h3>\n<div>\n<p> Genom att v\u00e4lja v\u00e5r mottagningstj\u00e4nst p\u00e5 flygplatsen v\u00e4ntar din chauff\u00f6r p\u00e5 dig n\u00e4r du landar ditt flyg. Han kommer att vara i flygplatsens v\u00e4ntrum med en skylt, smartphone eller surfplatta med ditt namn p\u00e5. Din chauff\u00f6r v\u00e4ntar p\u00e5 dig och hj\u00e4lper till att b\u00e4ra ditt bagage om det beh\u00f6vs. Han driver dig upp till din destination. Han kan till och med ge r\u00e5d om en attraktionsplats eller en restaurang om du vill. Gl\u00f6m taxi att hagla, d\u00e4r du inte vet hur mycket resan kommer att kosta i slut\u00e4ndan. Med <a href=\"https:\/\/manu015.supserv.cozmoslabs.com\/about-us\/\">Din privata f\u00f6rare<\/a>, du vet alltid det exakta priset p\u00e5 din taxiresa.<\/p>\n<\/div>\n<\/div>\n<h2>Vanliga fr\u00e5gor om Pickups<\/h2>\n<div class=\"pp_accordion_close has_icon\">\n<h3><a href=\"#\">Vad h\u00e4nder om jag inte hittar din taxichauff\u00f6r?<\/a><\/h3>\n<div>\n<p> Detta \u00e4r en s\u00e4llsynthet eftersom v\u00e5ra f\u00f6rare n\u00e5r flygplatsen i god tid i f\u00f6rv\u00e4g n\u00e4r du hyr v\u00e5r receptionstj\u00e4nst. Du hittar dem i v\u00e4ntan med ett tydligt tecken och smartphone eller surfplatta. Om du inte kan identifiera v\u00e5r f\u00f6rare beh\u00f6ver du bara ringa honom \/ henne. V\u00e5r chauff\u00f6r hittar dig omedelbart, du kan ocks\u00e5 ringa s\u00e4ndningen p\u00e5 +32466162494. Vi \u00e4r ocks\u00e5 tillg\u00e4ngliga p\u00e5 WhatsApp med samma telefonnummer.<\/p>\n<\/div>\n<\/div>\n<div class=\"pp_accordion_close has_icon\">\n<h3><a href=\"#\">Kan jag be f\u00f6raren att stoppa och \u00e4ndra rutten?<\/a><\/h3>\n<div>\n<p> Om du avviker fr\u00e5n den planerade rutten eller g\u00f6r ett l\u00e5ngt stopp har du friheten att ta en omv\u00e4g med f\u00f6raren. Kontanterna du betalade eller kupongen skickade \u00e5terspeglar tydligt det pris du har valt tidigt. Du m\u00e5ste betala extra kontant f\u00f6r omv\u00e4gar och extra stopp.<\/p>\n<\/div>\n<\/div>\n<div class=\"pp_accordion_close has_icon\">\n<h3><a href=\"#\">Vad s\u00e4gs om bagagetill\u00e4gget per fordon?<\/a><\/h3>\n<div>\n<p> Bagagetill\u00e4gget beror p\u00e5 kapaciteten i varje fordonskategori. 3 p\u00e5sar f\u00f6r sedans och 8 p\u00e5sar f\u00f6r minibussar<\/p>\n<\/div>\n<\/div>\n<div class=\"pp_accordion_close has_icon\">\n<h3><a href=\"#\">Tillhandah\u00e5ller du barnstolar och b\u00e4ltess\u00e4ten?<\/a><\/h3>\n<div>\n<p> Ja; Din privata f\u00f6rare erbjuder barnstolar och barnstolar. Du beh\u00f6ver inte oroa dig f\u00f6r att anv\u00e4nda din egen babystol och skapa en r\u00f6rig effekt. Vi erbjuder v\u00e5ra rena och snygga barnstolar till ett \u00f6verkomligt pris. Booster-sitsar g\u00f6rs ocks\u00e5 tillg\u00e4ngliga gratis f\u00f6r att erbjuda b\u00e4sta komfort f\u00f6r dina barn.<\/p>\n<\/div>\n<\/div>\n<div class=\"pp_accordion_close has_icon\">\n<h3><a href=\"#\">Erbjuder du receptionstj\u00e4nst p\u00e5 flygplatsen?<\/a><\/h3>\n<div>\n<p> Ja; vi erbjuder receptionstj\u00e4nst p\u00e5 flygplatsen. Om du v\u00e4ljer v\u00e5r mottagningsservice fr\u00e5n flygplatsen mot en extra kostnad p\u00e5 5 euro, v\u00e4ntar v\u00e5r chauff\u00f6r p\u00e5 dig p\u00e5 flygplatsens v\u00e4ntrum f\u00f6r att ta emot dig. Du hittar v\u00e5ra f\u00f6rare med skylt och smartphone eller surfplatta. De hj\u00e4lper dig \u00e4ven att b\u00e4ra bagage om det beh\u00f6vs.<\/p>\n<\/div>\n<\/div>\n<h2>Vanliga fr\u00e5gor om tj\u00e4nster<\/h2>\n<div class=\"pp_accordion_close has_icon\">\n<h3><a href=\"#\">Vilka typer av evenemang t\u00e4cker ditt taxif\u00f6retag?<\/a><\/h3>\n<div>\n<p> Vi erbjuder lyxiga fordon f\u00f6r alla typer av evenemang inklusive br\u00f6llop, dop, f\u00f6retagsm\u00f6te, nattklubbbes\u00f6k, sportevenemang och m\u00e5nga fler. Du kan v\u00e4lja en lyxig limousine f\u00f6r att g\u00f6ra din transport extremt trevlig, s\u00e4ker och underh\u00e5llande.<\/p>\n<\/div>\n<\/div>\n<div class=\"pp_accordion_close has_icon\">\n<h3><a href=\"#\">Erbjuder du hyrbilstj\u00e4nster?<\/a><\/h3>\n<div>\n<p> F\u00f6rutom att erbjuda taxitj\u00e4nster i Bryssel, erbjuder vi chauff\u00f6rdrivna biluthyrningsl\u00f6sningar f\u00f6r att ta hand om dina resor inklusive transfer fr\u00e5n hotell till konferenslokaler och andra destinationer. Vi tar hand om dina resebehov med professionalism. Vi levererar ocks\u00e5 en erfaren chauff\u00f6r f\u00f6r att uppfylla dina krav p\u00e5 ett ansvarsfullt s\u00e4tt.<\/p>\n<\/div>\n<\/div>\n<div class=\"pp_accordion_close has_icon\">\n<h3><a href=\"#\">Kan jag boka online?<\/a><\/h3>\n<div>\n<p> ja! Du kan boka online enkelt och bekv\u00e4mt. Bokningsprocessen kan slutf\u00f6ras i tre enkla steg. N\u00e4r du anger upph\u00e4mtning och avl\u00e4mning av destinationer, datum och tid, dirigeras du till en sida d\u00e4r du ser priset f\u00f6r varje fordonskategori, h\u00e4r beh\u00f6ver du bara v\u00e4lja den fordonstyp som matchar dina behov och budget. N\u00e4r du klickar p\u00e5 ditt \u00f6nskade fordon kan du klicka p\u00e5 &quot;boka nu&quot; -knappen. Efter att ha l\u00e4mnat in den personliga informationen kan du g\u00f6ra betalningen och slutligen m\u00e5ste bokningsbekr\u00e4ftelsen g\u00f6ras.<\/p>\n<\/div>\n<\/div>\n<div class=\"pp_accordion_close has_icon\">\n<h3><a href=\"#\">Erbjuder du delad eller privat \u00f6verf\u00f6ring?<\/a><\/h3>\n<div>\n<p> Din privata f\u00f6rare erbjuder endast privata \u00f6verf\u00f6ringar f\u00f6r v\u00e5ra kunder. Du beh\u00f6ver inte oroa dig f\u00f6r att resa med fr\u00e4mlingar. Vi l\u00e4gger stor vikt vid varje kunds behov. Eftersom du reser ensam eller med dina n\u00e4ra och k\u00e4ra kan du h\u00e5lla dig avslappnad.<\/p>\n<\/div>\n<\/div>\n<h2>Vanliga fr\u00e5gor om Fleet<\/h2>\n<div class=\"pp_accordion_close has_icon\">\n<h3><a href=\"#\">Vilka typer av fordon erbjuder du?<\/a><\/h3>\n<div>\n<p> Oavsett om du beh\u00f6ver en limousine eller n\u00e5gon annan typ av fordon inklusive minibuss eller sedan; du kan lita p\u00e5 oss. V\u00e5r flotta best\u00e5r av ett fantastiskt utbud av fordon f\u00f6r att tillgodose behoven hos individer s\u00e5v\u00e4l som grupper.<\/p>\n<\/div>\n<\/div>\n<div class=\"pp_accordion_close has_icon\">\n<h3><a href=\"#\">Vad s\u00e4gs om din fordonspark?<\/a><\/h3>\n<div>\n<p> Vi erbjuder ett brett utbud av fordon f\u00f6r att tillgodose olika m\u00e4nniskors v\u00e4xande behov. V\u00e5r fordonsflotta best\u00e5r av verkst\u00e4llande sedans, standard sedans, verkst\u00e4llande minibussar och standard minibussar fr\u00e5n olika m\u00e4rken. Du kan v\u00e4lja r\u00e4tt baserat p\u00e5 dina behov och budget.<\/p>\n<\/div>\n<\/div>\n<h2>Vanliga fr\u00e5gor om t\u00e4ckning<\/h2>\n<div class=\"pp_accordion_close has_icon\">\n<h3><a href=\"#\">Vilka omr\u00e5den t\u00e4cker Taxi Taxi-tj\u00e4nsterna?<\/a><\/h3>\n<div>\n<p> Som en p\u00e5litlig och ansvarsfull taxitj\u00e4nstleverant\u00f6r erbjuder din privata f\u00f6rare tj\u00e4nster till alla delar av Belgien och bortom. Du kan \u00e4ven hyra v\u00e5r taxi till andra st\u00e4der i Europa. V\u00e5rt m\u00e5l \u00e4r att leverera den b\u00e4sta upplevelsen f\u00f6r v\u00e5ra kunder p\u00e5 ett s\u00e4kert s\u00e4tt. Detta \u00e4r en av de vanliga fr\u00e5gorna.<\/p>\n<\/div>\n<\/div>\n<div class=\"pp_accordion_close has_icon\">\n<h3><a href=\"#\">Vilka destinationer t\u00e4cker dina taxitj\u00e4nster?<\/a><\/h3>\n<div>\n<p> Vi erbjuder v\u00e5ra flygplats- och privata taxitj\u00e4nster i n\u00e4stan alla delar av Belgien och grannl\u00e4nderna f\u00f6r att uppfylla de olika behoven hos det maximala antalet kunder. Du kan helt enkelt ange din upph\u00e4mtningsplats och avl\u00e4mningsplats i v\u00e5rt bokningsformul\u00e4r s\u00e5 f\u00e5r du en offert f\u00f6r din resa.<\/p>\n<\/div>\n<\/div>\n<h2>Vanliga fr\u00e5gor om betalning och s\u00e4kerhet<\/h2>\n<div class=\"pp_accordion_close has_icon\">\n<h3><a href=\"#\">Ska jag vara bekymrad \u00f6ver s\u00e4kerheten n\u00e4r jag g\u00f6r onlinebetalningar?<\/a><\/h3>\n<div>\n<p> N\u00e4r du g\u00f6r onlinebetalningar med din privata f\u00f6rare beh\u00f6ver du inte oroa dig f\u00f6r s\u00e4kerheten. V\u00e5r betalningsmetod \u00e4r utrustad med end-to-end-kryptering f\u00f6r att s\u00e4kerst\u00e4lla s\u00e4kra och smidiga onlinebetalningstransaktioner. Vi erbjuder flexibla betalningsalternativ inklusive bank\u00f6verf\u00f6ring och betalningsmetoder online.<\/p>\n<\/div>\n<\/div>\n<div class=\"pp_accordion_close has_icon\">\n<h3><a href=\"#\">Hur mycket beh\u00f6ver jag betala f\u00f6r dina flygplatstransfer?<\/a><\/h3>\n<div>\n<p> Du beh\u00f6ver inte oroa dig f\u00f6r h\u00f6ga priser eftersom vi tar ut de mest konkurrenskraftiga priserna i branschen. V\u00e5r metod f\u00f6r tillv\u00e4gag\u00e5ngss\u00e4tt \u00e4r enkel och transparent. Priss\u00e4ttningen i f\u00f6rv\u00e4g eliminerar all f\u00f6rvirring och du kan hyra v\u00e5rt fordon med stor komfort. Vi debiterar bara det vi citerar. Du hittar det pris vi tar ut fr\u00e5n olika flygplatser till olika destinationer innan du bokar. Endast om du godk\u00e4nner priset p\u00e5 din resa kan du forts\u00e4tta med den verkliga bokningsprocessen.<\/p>\n<\/div>\n<\/div>\n<div class=\"pp_accordion_close has_icon\">\n<h3><a href=\"#\">Hur kan jag avbryta min best\u00e4llning f\u00f6r din flygplatstransfer?<\/a><\/h3>\n<div>\n<p> Detta \u00e4r de vanligaste fr\u00e5gorna. Du kan faktiskt avbryta din resa till 24 timmar f\u00f6re upph\u00e4mtningstiden. Du beh\u00f6ver inte bry dig om n\u00e5gra b\u00f6ter f\u00f6r avbokning inom denna tidsperiod. Hela beloppet \u00e5terbetalas i tid. Du \u00e4r inte ber\u00e4ttigad till \u00e5terbetalning om du avbokar efter denna tidsperiod.<\/p>\n<\/div>\n<\/div>\n<div class=\"pp_accordion_close has_icon\">\n<h3><a href=\"#\">Hur s\u00e4kerst\u00e4ller du kundernas s\u00e4kerhet?<\/a><\/h3>\n<div>\n<p> Vi \u00e4r fast beslutna att erbjuda felfri s\u00e4kerhet f\u00f6r v\u00e5ra kunder. Alla v\u00e5ra f\u00f6rare \u00e4r erfarna, disciplinerade och bakgrundskontrollerade proffs med goda resultat. De \u00e4r helt bekanta med alla rutter och tar dig till din destination p\u00e5 ett s\u00e4kert och ansvarsfullt s\u00e4tt. F\u00f6rutom alla v\u00e5ra fordon \u00e4r utrustade med ett track and trace GPS-system.<\/p>\n<\/div>\n<\/div>\n<p>Om du vill se n\u00e5gra av fordonen i <a href=\"https:\/\/manu015.supserv.cozmoslabs.com\/fleet\/\">v\u00e5r flotta, klicka h\u00e4r.<\/a><br \/>\n<img class=\"alignnone size-medium wp-image-7753 lazyload\" src=\"data:image\/gif;base64,R0lGODlhAQABAIAAAAAAAP\/\/\/yH5BAEAAAAALAAAAAABAAEAAAIBRAA7\" data-src=\"https:\/\/manu015.supserv.cozmoslabs.com\/wp-content\/uploads\/2020\/11\/airplane3-originalfit-300x75.jpg\" alt=\"Vanliga fr\u00e5gor\" width=\"300\" height=\"75\"><noscript><img class=\"alignnone size-medium wp-image-7753 lazyload\" src=\"https:\/\/manu015.supserv.cozmoslabs.com\/wp-content\/uploads\/2020\/11\/airplane3-originalfit-300x75.jpg\" alt=\"Vanliga fr\u00e5gor\" width=\"300\" height=\"75\"><\/noscript><\/p>","protected":false},"excerpt":{"rendered":"<p>Why choose Your Private Driver for all your airport taxis trips? More reasons to choose us for all your airport taxis trips? Frequently asked questions about Pickups Frequently asked questions about Services Frequently asked questions about Fleet Frequently asked questions [&hellip;]<\/p>","protected":false},"author":1,"featured_media":6608,"parent":0,"menu_order":0,"comment_status":"closed","ping_status":"closed","template":"","meta":[],"yoast_head":"<!-- This site is optimized with the Yoast SEO plugin v18.4.1 - https:\/\/yoast.com\/wordpress\/plugins\/seo\/ -->\n<title>Frequently asked questions ans answers - Your Private Driver<\/title>\n<meta name=\"description\" content=\"On this page you will find most frequently asked questions about our taxi company. Feel free to use contact page if you have more questions.\" \/>\n<meta name=\"robots\" content=\"index, follow, max-snippet:-1, max-image-preview:large, max-video-preview:-1\" \/>\n<link rel=\"canonical\" href=\"https:\/\/manu015.supserv.cozmoslabs.com\/sv\/faqs\/\" \/>\n<meta property=\"og:locale\" content=\"sv_SE\" \/>\n<meta property=\"og:type\" content=\"article\" \/>\n<meta property=\"og:title\" content=\"Frequently asked questions ans answers - Your Private Driver\" \/>\n<meta property=\"og:description\" content=\"On this page you will find most frequently asked questions about our taxi company. Feel free to use contact page if you have more questions.\" \/>\n<meta property=\"og:url\" content=\"https:\/\/manu015.supserv.cozmoslabs.com\/sv\/faqs\/\" \/>\n<meta property=\"og:site_name\" content=\"Your Private Driver\" \/>\n<meta property=\"article:publisher\" content=\"https:\/\/www.facebook.com\/yourprivatedriverbrussels\" \/>\n<meta property=\"article:modified_time\" content=\"2020-11-13T17:31:19+00:00\" \/>\n<meta property=\"og:image\" content=\"https:\/\/manu015.supserv.cozmoslabs.com\/wp-content\/uploads\/2017\/01\/driver-2-8-e1604313658294.jpg\" \/>\n\t<meta property=\"og:image:width\" content=\"768\" \/>\n\t<meta property=\"og:image:height\" content=\"510\" \/>\n\t<meta property=\"og:image:type\" content=\"image\/jpeg\" \/>\n<meta name=\"twitter:card\" content=\"summary_large_image\" \/>\n<meta name=\"twitter:site\" content=\"@privatedriverbx\" \/>\n<meta name=\"twitter:label1\" content=\"Ber\u00e4knad l\u00e4stid\" \/>\n\t<meta name=\"twitter:data1\" content=\"9 minuter\" \/>\n<script type=\"application\/ld+json\" class=\"yoast-schema-graph\">{\"@context\":\"https:\/\/schema.org\",\"@graph\":[{\"@type\":\"Organization\",\"@id\":\"https:\/\/manu015.supserv.cozmoslabs.com\/#organization\",\"name\":\"Your Private Driver\",\"url\":\"https:\/\/manu015.supserv.cozmoslabs.com\/\",\"sameAs\":[\"https:\/\/www.facebook.com\/yourprivatedriverbrussels\",\"https:\/\/www.instagram.com\/taxibrusselsairport\/\",\"https:\/\/www.linkedin.com\/company\/yourprivatedriver\/\",\"https:\/\/www.youtube.com\/channel\/UCdFj5lm3qhOZWz_Rz0yupVA\",\"https:\/\/www.pinterest.fr\/pin\/704672672920362864\/\",\"https:\/\/twitter.com\/privatedriverbx\"],\"logo\":{\"@type\":\"ImageObject\",\"@id\":\"https:\/\/manu015.supserv.cozmoslabs.com\/#logo\",\"inLanguage\":\"sv-SE\",\"url\":\"\",\"contentUrl\":\"\",\"caption\":\"Your Private Driver\"},\"image\":{\"@id\":\"https:\/\/manu015.supserv.cozmoslabs.com\/#logo\"}},{\"@type\":\"WebSite\",\"@id\":\"https:\/\/manu015.supserv.cozmoslabs.com\/#website\",\"url\":\"https:\/\/manu015.supserv.cozmoslabs.com\/\",\"name\":\"Your Private Driver\",\"description\":\"Taxi Brussels airport - Taxi Charleroi airport\",\"publisher\":{\"@id\":\"https:\/\/manu015.supserv.cozmoslabs.com\/#organization\"},\"potentialAction\":[{\"@type\":\"SearchAction\",\"target\":{\"@type\":\"EntryPoint\",\"urlTemplate\":\"https:\/\/manu015.supserv.cozmoslabs.com\/?s={search_term_string}\"},\"query-input\":\"required name=search_term_string\"}],\"inLanguage\":\"sv-SE\"},{\"@type\":\"ImageObject\",\"@id\":\"https:\/\/manu015.supserv.cozmoslabs.com\/faqs\/#primaryimage\",\"inLanguage\":\"sv-SE\",\"url\":\"https:\/\/manu015.supserv.cozmoslabs.com\/wp-content\/uploads\/2017\/01\/driver-2-8-e1604313658294.jpg\",\"contentUrl\":\"https:\/\/manu015.supserv.cozmoslabs.com\/wp-content\/uploads\/2017\/01\/driver-2-8-e1604313658294.jpg\",\"width\":768,\"height\":510,\"caption\":\"Airport transfer\"},{\"@type\":\"WebPage\",\"@id\":\"https:\/\/manu015.supserv.cozmoslabs.com\/faqs\/#webpage\",\"url\":\"https:\/\/manu015.supserv.cozmoslabs.com\/faqs\/\",\"name\":\"Frequently asked questions ans answers - Your Private Driver\",\"isPartOf\":{\"@id\":\"https:\/\/manu015.supserv.cozmoslabs.com\/#website\"},\"primaryImageOfPage\":{\"@id\":\"https:\/\/manu015.supserv.cozmoslabs.com\/faqs\/#primaryimage\"},\"datePublished\":\"2017-01-24T09:16:52+00:00\",\"dateModified\":\"2020-11-13T17:31:19+00:00\",\"description\":\"On this page you will find most frequently asked questions about our taxi company. Feel free to use contact page if you have more questions.\",\"breadcrumb\":{\"@id\":\"https:\/\/manu015.supserv.cozmoslabs.com\/faqs\/#breadcrumb\"},\"inLanguage\":\"sv-SE\",\"potentialAction\":[{\"@type\":\"ReadAction\",\"target\":[\"https:\/\/manu015.supserv.cozmoslabs.com\/faqs\/\"]}]},{\"@type\":\"BreadcrumbList\",\"@id\":\"https:\/\/manu015.supserv.cozmoslabs.com\/faqs\/#breadcrumb\",\"itemListElement\":[{\"@type\":\"ListItem\",\"position\":1,\"name\":\"Home\",\"item\":\"https:\/\/manu015.supserv.cozmoslabs.com\/\"},{\"@type\":\"ListItem\",\"position\":2,\"name\":\"Frequently Asked Questions about Your Private Driver\"}]}]}<\/script>\n<!-- \/ Yoast SEO plugin. -->","yoast_head_json":{"title":"Frequently asked questions ans answers - Your Private Driver","description":"On this page you will find most frequently asked questions about our taxi company. Feel free to use contact page if you have more questions.","robots":{"index":"index","follow":"follow","max-snippet":"max-snippet:-1","max-image-preview":"max-image-preview:large","max-video-preview":"max-video-preview:-1"},"canonical":"https:\/\/manu015.supserv.cozmoslabs.com\/sv\/faqs\/","og_locale":"sv_SE","og_type":"article","og_title":"Frequently asked questions ans answers - Your Private Driver","og_description":"On this page you will find most frequently asked questions about our taxi company. Feel free to use contact page if you have more questions.","og_url":"https:\/\/manu015.supserv.cozmoslabs.com\/sv\/faqs\/","og_site_name":"Your Private Driver","article_publisher":"https:\/\/www.facebook.com\/yourprivatedriverbrussels","article_modified_time":"2020-11-13T17:31:19+00:00","og_image":[{"width":768,"height":510,"url":"https:\/\/manu015.supserv.cozmoslabs.com\/wp-content\/uploads\/2017\/01\/driver-2-8-e1604313658294.jpg","type":"image\/jpeg"}],"twitter_card":"summary_large_image","twitter_site":"@privatedriverbx","twitter_misc":{"Ber\u00e4knad l\u00e4stid":"9 minuter"},"schema":{"@context":"https:\/\/schema.org","@graph":[{"@type":"Organization","@id":"https:\/\/manu015.supserv.cozmoslabs.com\/#organization","name":"Your Private Driver","url":"https:\/\/manu015.supserv.cozmoslabs.com\/","sameAs":["https:\/\/www.facebook.com\/yourprivatedriverbrussels","https:\/\/www.instagram.com\/taxibrusselsairport\/","https:\/\/www.linkedin.com\/company\/yourprivatedriver\/","https:\/\/www.youtube.com\/channel\/UCdFj5lm3qhOZWz_Rz0yupVA","https:\/\/www.pinterest.fr\/pin\/704672672920362864\/","https:\/\/twitter.com\/privatedriverbx"],"logo":{"@type":"ImageObject","@id":"https:\/\/manu015.supserv.cozmoslabs.com\/#logo","inLanguage":"sv-SE","url":"","contentUrl":"","caption":"Your Private Driver"},"image":{"@id":"https:\/\/manu015.supserv.cozmoslabs.com\/#logo"}},{"@type":"WebSite","@id":"https:\/\/manu015.supserv.cozmoslabs.com\/#website","url":"https:\/\/manu015.supserv.cozmoslabs.com\/","name":"Your Private Driver","description":"Taxi Brussels airport - Taxi Charleroi airport","publisher":{"@id":"https:\/\/manu015.supserv.cozmoslabs.com\/#organization"},"potentialAction":[{"@type":"SearchAction","target":{"@type":"EntryPoint","urlTemplate":"https:\/\/manu015.supserv.cozmoslabs.com\/?s={search_term_string}"},"query-input":"required name=search_term_string"}],"inLanguage":"sv-SE"},{"@type":"ImageObject","@id":"https:\/\/manu015.supserv.cozmoslabs.com\/faqs\/#primaryimage","inLanguage":"sv-SE","url":"https:\/\/manu015.supserv.cozmoslabs.com\/wp-content\/uploads\/2017\/01\/driver-2-8-e1604313658294.jpg","contentUrl":"https:\/\/manu015.supserv.cozmoslabs.com\/wp-content\/uploads\/2017\/01\/driver-2-8-e1604313658294.jpg","width":768,"height":510,"caption":"Airport transfer"},{"@type":"WebPage","@id":"https:\/\/manu015.supserv.cozmoslabs.com\/faqs\/#webpage","url":"https:\/\/manu015.supserv.cozmoslabs.com\/faqs\/","name":"Frequently asked questions ans answers - Your Private Driver","isPartOf":{"@id":"https:\/\/manu015.supserv.cozmoslabs.com\/#website"},"primaryImageOfPage":{"@id":"https:\/\/manu015.supserv.cozmoslabs.com\/faqs\/#primaryimage"},"datePublished":"2017-01-24T09:16:52+00:00","dateModified":"2020-11-13T17:31:19+00:00","description":"On this page you will find most frequently asked questions about our taxi company. Feel free to use contact page if you have more questions.","breadcrumb":{"@id":"https:\/\/manu015.supserv.cozmoslabs.com\/faqs\/#breadcrumb"},"inLanguage":"sv-SE","potentialAction":[{"@type":"ReadAction","target":["https:\/\/manu015.supserv.cozmoslabs.com\/faqs\/"]}]},{"@type":"BreadcrumbList","@id":"https:\/\/manu015.supserv.cozmoslabs.com\/faqs\/#breadcrumb","itemListElement":[{"@type":"ListItem","position":1,"name":"Home","item":"https:\/\/manu015.supserv.cozmoslabs.com\/"},{"@type":"ListItem","position":2,"name":"Frequently Asked Questions about Your Private Driver"}]}]}},"_links":{"self":[{"href":"https:\/\/manu015.supserv.cozmoslabs.com\/sv\/wp-json\/wp\/v2\/pages\/2650"}],"collection":[{"href":"https:\/\/manu015.supserv.cozmoslabs.com\/sv\/wp-json\/wp\/v2\/pages"}],"about":[{"href":"https:\/\/manu015.supserv.cozmoslabs.com\/sv\/wp-json\/wp\/v2\/types\/page"}],"author":[{"embeddable":true,"href":"https:\/\/manu015.supserv.cozmoslabs.com\/sv\/wp-json\/wp\/v2\/users\/1"}],"replies":[{"embeddable":true,"href":"https:\/\/manu015.supserv.cozmoslabs.com\/sv\/wp-json\/wp\/v2\/comments?post=2650"}],"version-history":[{"count":0,"href":"https:\/\/manu015.supserv.cozmoslabs.com\/sv\/wp-json\/wp\/v2\/pages\/2650\/revisions"}],"wp:featuredmedia":[{"embeddable":true,"href":"https:\/\/manu015.supserv.cozmoslabs.com\/sv\/wp-json\/wp\/v2\/media\/6608"}],"wp:attachment":[{"href":"https:\/\/manu015.supserv.cozmoslabs.com\/sv\/wp-json\/wp\/v2\/media?parent=2650"}],"curies":[{"name":"wp","href":"https:\/\/api.w.org\/{rel}","templated":true}]}}