{"id":7152,"date":"2020-11-01T14:36:14","date_gmt":"2020-11-01T14:36:14","guid":{"rendered":"https:\/\/manu015.supserv.cozmoslabs.com\/?page_id=7152"},"modified":"2020-11-13T08:29:22","modified_gmt":"2020-11-13T08:29:22","slug":"terms-and-conditions","status":"publish","type":"page","link":"https:\/\/manu015.supserv.cozmoslabs.com\/pt\/terms-and-conditions\/","title":{"rendered":"Termos e Condi\u00e7\u00f5es"},"content":{"rendered":"<div  class=\"one withsmallpadding ppb_text\" style=\"text-align:left;padding:40px 0 40px 0;\" >\n<div class=\"standard_wrapper\">\n<div class=\"page_content_wrapper\">\n<div class=\"inner\">\n<div style=\"margin:auto;width:100%\">\n<h1>Termos e Condi\u00e7\u00f5es<\/h1>\n<p><strong>Seu motorista particular - Termos e Condi\u00e7\u00f5es<\/strong><\/p>\n<p>\u2b24 <strong>Seu motorista particular<\/strong> a sede social \u00e9 em 280C b 13 Route de Lennik,<br \/>\n1070 Bruxelas<br \/>\nB\u00e9lgica<\/p>\n<p>\u2b24 Podemos alterar os Termos de tempos em tempos. Voc\u00ea deve verificar nossos termos e condi\u00e7\u00f5es para considerar quaisquer altera\u00e7\u00f5es que se apliquem a voc\u00ea e \/ ou a qualquer passageiro.<\/p>\n<p>\u2b24 A sua reserva no nosso site est\u00e1 condicionada \u00e0 aceita\u00e7\u00e3o dos Termos. Voc\u00ea n\u00e3o pode prosseguir com a sua reserva se n\u00e3o concordar com qualquer parte delas.<\/p>\n<p>\u2b24 Se voc\u00ea tiver alguma d\u00favida, sinta-se \u00e0 vontade para <a href=\"https:\/\/manu015.supserv.cozmoslabs.com\/contact\/\">Contate-Nos.<\/a><\/p>\n<p>\u2b24 <strong>Pre\u00e7o e Pagamento<\/strong><br \/>\nVoc\u00ea pode escolher entre 2 meios de pagamento.<\/p>\n<ol>\n<li><strong>Pagamento em dinheiro ao motorista.<\/strong><br \/>\nNeste caso, voc\u00ea pagar\u00e1 o valor exato conforme mostrado durante a reserva<\/li>\n<li><strong>Pagamento online seguro.<\/strong><br \/>\nVoc\u00ea pagar\u00e1 uma taxa de transa\u00e7\u00e3o, al\u00e9m de sua tarifa de t\u00e1xi:<br \/>\n<strong>4% <\/strong>se voc\u00ea decidir usar STRIPE com seu cart\u00e3o de cr\u00e9dito ou d\u00e9bito.<br \/>\n<strong>5% <\/strong>se voc\u00ea decidir usar PAYPAL.<\/li>\n<\/ol>\n<p>\u2b24 <strong>N\u00e3o somos respons\u00e1veis por viagens que falharam se os dados que voc\u00ea nos fornecer na sua reserva estiverem incorretos.<\/strong><\/p>\n<p>\u2b24 <strong>Limita\u00e7\u00e3o de responsabilidade<\/strong><br \/>\nEm caso de qualquer problema, estamos segurados como empresa oficial de transporte de t\u00e1xi<\/p>\n<p>\u2b24 <strong>Cancelamento<\/strong><br \/>\nVoc\u00ea pode cancelar sua reserva gratuitamente at\u00e9 24 horas antes do hor\u00e1rio de retirada.<br \/>\nAbaixo de 24 horas antes do hor\u00e1rio de coleta, voc\u00ea n\u00e3o tem direito a qualquer reembolso.<\/p>\n<h2>Pol\u00edtica de cancelamento<\/h2>\n<div class=\"pp_accordion has_icon\">\n<h3><a href=\"#\">Cancelamento gratuito 24 horas antes da partida<\/a><\/h3>\n<div>\n<p> Qualquer cancelamento feito 24 horas antes da partida ser\u00e1 totalmente reembolsado. No entanto, qualquer cancelamento feito menos de 24 horas antes da partida n\u00e3o ser\u00e1 reembolsado.<\/p>\n<\/div>\n<\/div>\n<p>\u2b24 <strong>MUITO IMPORTANTE<\/strong><\/p>\n<ul>\n<li>Certifique-se de que seu telefone esteja ligado no momento da coleta, para que possamos entrar em contato com voc\u00ea se necess\u00e1rio.<\/li>\n<li>Sua reserva inclui 15 minutos de tempo de espera ou 45 minutos do tempo real de pouso do voo se o ponto de busca for em um aeroporto.<\/li>\n<li>Qualquer tempo de espera extra adicional ter\u00e1 um custo de 10 euros por cada grupo de 15 minutos.<\/li>\n<li>Certifique-se de permitir tempo suficiente para chegar ao seu destino. Nossos tempos de viagem estimados n\u00e3o levam em considera\u00e7\u00e3o as condi\u00e7\u00f5es de tr\u00e1fego e outras circunst\u00e2ncias imprevistas<\/li>\n<\/ul>\n<p>Aqui est\u00e1 a p\u00e1gina onde voc\u00ea pode <a href=\"https:\/\/manu015.supserv.cozmoslabs.com\/about-us\/\">Aprenda mais sobre n\u00f3s<\/a>.<\/p>\n<\/div>\n<\/div>\n<\/div>\n<\/div>\n<\/div>","protected":false},"excerpt":{"rendered":"<p>Terms and Conditions Your Private Driver &#8211; Terms and Conditions \u2b24 Your Private Driver registered office is at 280C b 13 Route de Lennik, 1070 Brussels Belgium \u2b24 We may change the Terms from time to time. You are requested [&hellip;]<\/p>","protected":false},"author":1,"featured_media":7670,"parent":0,"menu_order":0,"comment_status":"closed","ping_status":"closed","template":"","meta":[],"yoast_head":"<!-- This site is optimized with the Yoast SEO plugin v18.4.1 - https:\/\/yoast.com\/wordpress\/plugins\/seo\/ -->\n<title>Terms and conditions of our taxi company - Your Private Driver<\/title>\n<meta name=\"description\" content=\"Here you will find our terms and conditions you need to know before booking and before cancelling a booking.\" \/>\n<meta name=\"robots\" content=\"index, follow, max-snippet:-1, max-image-preview:large, max-video-preview:-1\" \/>\n<link rel=\"canonical\" href=\"https:\/\/manu015.supserv.cozmoslabs.com\/pt\/terms-and-conditions\/\" \/>\n<meta property=\"og:locale\" content=\"pt_PT\" \/>\n<meta property=\"og:type\" content=\"article\" \/>\n<meta property=\"og:title\" content=\"Terms and conditions of our taxi company - Your Private Driver\" \/>\n<meta property=\"og:description\" content=\"Here you will find our terms and conditions you need to know before booking and before cancelling a booking.\" \/>\n<meta property=\"og:url\" content=\"https:\/\/manu015.supserv.cozmoslabs.com\/pt\/terms-and-conditions\/\" \/>\n<meta property=\"og:site_name\" content=\"Your Private Driver\" \/>\n<meta property=\"article:publisher\" content=\"https:\/\/www.facebook.com\/yourprivatedriverbrussels\" \/>\n<meta property=\"article:modified_time\" content=\"2020-11-13T08:29:22+00:00\" \/>\n<meta property=\"og:image\" content=\"https:\/\/manu015.supserv.cozmoslabs.com\/wp-content\/uploads\/2020\/11\/Terms-and-conditions-1.jpg\" \/>\n\t<meta property=\"og:image:width\" content=\"854\" \/>\n\t<meta property=\"og:image:height\" content=\"301\" \/>\n\t<meta property=\"og:image:type\" content=\"image\/jpeg\" \/>\n<meta name=\"twitter:card\" content=\"summary_large_image\" \/>\n<meta name=\"twitter:site\" content=\"@privatedriverbx\" \/>\n<meta name=\"twitter:label1\" content=\"Tempo estimado de leitura\" \/>\n\t<meta name=\"twitter:data1\" content=\"2 minutos\" \/>\n<script type=\"application\/ld+json\" class=\"yoast-schema-graph\">{\"@context\":\"https:\/\/schema.org\",\"@graph\":[{\"@type\":\"Organization\",\"@id\":\"https:\/\/manu015.supserv.cozmoslabs.com\/#organization\",\"name\":\"Your Private Driver\",\"url\":\"https:\/\/manu015.supserv.cozmoslabs.com\/\",\"sameAs\":[\"https:\/\/www.facebook.com\/yourprivatedriverbrussels\",\"https:\/\/www.instagram.com\/taxibrusselsairport\/\",\"https:\/\/www.linkedin.com\/company\/yourprivatedriver\/\",\"https:\/\/www.youtube.com\/channel\/UCdFj5lm3qhOZWz_Rz0yupVA\",\"https:\/\/www.pinterest.fr\/pin\/704672672920362864\/\",\"https:\/\/twitter.com\/privatedriverbx\"],\"logo\":{\"@type\":\"ImageObject\",\"@id\":\"https:\/\/manu015.supserv.cozmoslabs.com\/#logo\",\"inLanguage\":\"pt-PT\",\"url\":\"\",\"contentUrl\":\"\",\"caption\":\"Your Private Driver\"},\"image\":{\"@id\":\"https:\/\/manu015.supserv.cozmoslabs.com\/#logo\"}},{\"@type\":\"WebSite\",\"@id\":\"https:\/\/manu015.supserv.cozmoslabs.com\/#website\",\"url\":\"https:\/\/manu015.supserv.cozmoslabs.com\/\",\"name\":\"Your Private Driver\",\"description\":\"Taxi Brussels airport - Taxi Charleroi airport\",\"publisher\":{\"@id\":\"https:\/\/manu015.supserv.cozmoslabs.com\/#organization\"},\"potentialAction\":[{\"@type\":\"SearchAction\",\"target\":{\"@type\":\"EntryPoint\",\"urlTemplate\":\"https:\/\/manu015.supserv.cozmoslabs.com\/?s={search_term_string}\"},\"query-input\":\"required name=search_term_string\"}],\"inLanguage\":\"pt-PT\"},{\"@type\":\"ImageObject\",\"@id\":\"https:\/\/manu015.supserv.cozmoslabs.com\/terms-and-conditions\/#primaryimage\",\"inLanguage\":\"pt-PT\",\"url\":\"https:\/\/manu015.supserv.cozmoslabs.com\/wp-content\/uploads\/2020\/11\/Terms-and-conditions-1.jpg\",\"contentUrl\":\"https:\/\/manu015.supserv.cozmoslabs.com\/wp-content\/uploads\/2020\/11\/Terms-and-conditions-1.jpg\",\"width\":854,\"height\":301,\"caption\":\"Terms and conditions\"},{\"@type\":\"WebPage\",\"@id\":\"https:\/\/manu015.supserv.cozmoslabs.com\/terms-and-conditions\/#webpage\",\"url\":\"https:\/\/manu015.supserv.cozmoslabs.com\/terms-and-conditions\/\",\"name\":\"Terms and conditions of our taxi company - Your Private Driver\",\"isPartOf\":{\"@id\":\"https:\/\/manu015.supserv.cozmoslabs.com\/#website\"},\"primaryImageOfPage\":{\"@id\":\"https:\/\/manu015.supserv.cozmoslabs.com\/terms-and-conditions\/#primaryimage\"},\"datePublished\":\"2020-11-01T14:36:14+00:00\",\"dateModified\":\"2020-11-13T08:29:22+00:00\",\"description\":\"Here you will find our terms and conditions you need to know before booking and before cancelling a booking.\",\"breadcrumb\":{\"@id\":\"https:\/\/manu015.supserv.cozmoslabs.com\/terms-and-conditions\/#breadcrumb\"},\"inLanguage\":\"pt-PT\",\"potentialAction\":[{\"@type\":\"ReadAction\",\"target\":[\"https:\/\/manu015.supserv.cozmoslabs.com\/terms-and-conditions\/\"]}]},{\"@type\":\"BreadcrumbList\",\"@id\":\"https:\/\/manu015.supserv.cozmoslabs.com\/terms-and-conditions\/#breadcrumb\",\"itemListElement\":[{\"@type\":\"ListItem\",\"position\":1,\"name\":\"Home\",\"item\":\"https:\/\/manu015.supserv.cozmoslabs.com\/\"},{\"@type\":\"ListItem\",\"position\":2,\"name\":\"Terms and conditions\"}]}]}<\/script>\n<!-- \/ Yoast SEO plugin. -->","yoast_head_json":{"title":"Terms and conditions of our taxi company - Your Private Driver","description":"Here you will find our terms and conditions you need to know before booking and before cancelling a booking.","robots":{"index":"index","follow":"follow","max-snippet":"max-snippet:-1","max-image-preview":"max-image-preview:large","max-video-preview":"max-video-preview:-1"},"canonical":"https:\/\/manu015.supserv.cozmoslabs.com\/pt\/terms-and-conditions\/","og_locale":"pt_PT","og_type":"article","og_title":"Terms and conditions of our taxi company - Your Private Driver","og_description":"Here you will find our terms and conditions you need to know before booking and before cancelling a booking.","og_url":"https:\/\/manu015.supserv.cozmoslabs.com\/pt\/terms-and-conditions\/","og_site_name":"Your Private Driver","article_publisher":"https:\/\/www.facebook.com\/yourprivatedriverbrussels","article_modified_time":"2020-11-13T08:29:22+00:00","og_image":[{"width":854,"height":301,"url":"https:\/\/manu015.supserv.cozmoslabs.com\/wp-content\/uploads\/2020\/11\/Terms-and-conditions-1.jpg","type":"image\/jpeg"}],"twitter_card":"summary_large_image","twitter_site":"@privatedriverbx","twitter_misc":{"Tempo estimado de leitura":"2 minutos"},"schema":{"@context":"https:\/\/schema.org","@graph":[{"@type":"Organization","@id":"https:\/\/manu015.supserv.cozmoslabs.com\/#organization","name":"Your Private Driver","url":"https:\/\/manu015.supserv.cozmoslabs.com\/","sameAs":["https:\/\/www.facebook.com\/yourprivatedriverbrussels","https:\/\/www.instagram.com\/taxibrusselsairport\/","https:\/\/www.linkedin.com\/company\/yourprivatedriver\/","https:\/\/www.youtube.com\/channel\/UCdFj5lm3qhOZWz_Rz0yupVA","https:\/\/www.pinterest.fr\/pin\/704672672920362864\/","https:\/\/twitter.com\/privatedriverbx"],"logo":{"@type":"ImageObject","@id":"https:\/\/manu015.supserv.cozmoslabs.com\/#logo","inLanguage":"pt-PT","url":"","contentUrl":"","caption":"Your Private Driver"},"image":{"@id":"https:\/\/manu015.supserv.cozmoslabs.com\/#logo"}},{"@type":"WebSite","@id":"https:\/\/manu015.supserv.cozmoslabs.com\/#website","url":"https:\/\/manu015.supserv.cozmoslabs.com\/","name":"Your Private Driver","description":"Taxi Brussels airport - Taxi Charleroi airport","publisher":{"@id":"https:\/\/manu015.supserv.cozmoslabs.com\/#organization"},"potentialAction":[{"@type":"SearchAction","target":{"@type":"EntryPoint","urlTemplate":"https:\/\/manu015.supserv.cozmoslabs.com\/?s={search_term_string}"},"query-input":"required name=search_term_string"}],"inLanguage":"pt-PT"},{"@type":"ImageObject","@id":"https:\/\/manu015.supserv.cozmoslabs.com\/terms-and-conditions\/#primaryimage","inLanguage":"pt-PT","url":"https:\/\/manu015.supserv.cozmoslabs.com\/wp-content\/uploads\/2020\/11\/Terms-and-conditions-1.jpg","contentUrl":"https:\/\/manu015.supserv.cozmoslabs.com\/wp-content\/uploads\/2020\/11\/Terms-and-conditions-1.jpg","width":854,"height":301,"caption":"Terms and conditions"},{"@type":"WebPage","@id":"https:\/\/manu015.supserv.cozmoslabs.com\/terms-and-conditions\/#webpage","url":"https:\/\/manu015.supserv.cozmoslabs.com\/terms-and-conditions\/","name":"Terms and conditions of our taxi company - Your Private Driver","isPartOf":{"@id":"https:\/\/manu015.supserv.cozmoslabs.com\/#website"},"primaryImageOfPage":{"@id":"https:\/\/manu015.supserv.cozmoslabs.com\/terms-and-conditions\/#primaryimage"},"datePublished":"2020-11-01T14:36:14+00:00","dateModified":"2020-11-13T08:29:22+00:00","description":"Here you will find our terms and conditions you need to know before booking and before cancelling a booking.","breadcrumb":{"@id":"https:\/\/manu015.supserv.cozmoslabs.com\/terms-and-conditions\/#breadcrumb"},"inLanguage":"pt-PT","potentialAction":[{"@type":"ReadAction","target":["https:\/\/manu015.supserv.cozmoslabs.com\/terms-and-conditions\/"]}]},{"@type":"BreadcrumbList","@id":"https:\/\/manu015.supserv.cozmoslabs.com\/terms-and-conditions\/#breadcrumb","itemListElement":[{"@type":"ListItem","position":1,"name":"Home","item":"https:\/\/manu015.supserv.cozmoslabs.com\/"},{"@type":"ListItem","position":2,"name":"Terms and conditions"}]}]}},"_links":{"self":[{"href":"https:\/\/manu015.supserv.cozmoslabs.com\/pt\/wp-json\/wp\/v2\/pages\/7152"}],"collection":[{"href":"https:\/\/manu015.supserv.cozmoslabs.com\/pt\/wp-json\/wp\/v2\/pages"}],"about":[{"href":"https:\/\/manu015.supserv.cozmoslabs.com\/pt\/wp-json\/wp\/v2\/types\/page"}],"author":[{"embeddable":true,"href":"https:\/\/manu015.supserv.cozmoslabs.com\/pt\/wp-json\/wp\/v2\/users\/1"}],"replies":[{"embeddable":true,"href":"https:\/\/manu015.supserv.cozmoslabs.com\/pt\/wp-json\/wp\/v2\/comments?post=7152"}],"version-history":[{"count":0,"href":"https:\/\/manu015.supserv.cozmoslabs.com\/pt\/wp-json\/wp\/v2\/pages\/7152\/revisions"}],"wp:featuredmedia":[{"embeddable":true,"href":"https:\/\/manu015.supserv.cozmoslabs.com\/pt\/wp-json\/wp\/v2\/media\/7670"}],"wp:attachment":[{"href":"https:\/\/manu015.supserv.cozmoslabs.com\/pt\/wp-json\/wp\/v2\/media?parent=7152"}],"curies":[{"name":"wp","href":"https:\/\/api.w.org\/{rel}","templated":true}]}}