{"id":7146,"date":"2020-11-01T14:01:43","date_gmt":"2020-11-01T14:01:43","guid":{"rendered":"https:\/\/manu015.supserv.cozmoslabs.com\/?page_id=7146"},"modified":"2020-11-13T08:27:03","modified_gmt":"2020-11-13T08:27:03","slug":"taxi-tomorrowland-festival","status":"publish","type":"page","link":"https:\/\/manu015.supserv.cozmoslabs.com\/pt\/taxi-tomorrowland-festival\/","title":{"rendered":"Festival de taxi tomorrowland"},"content":{"rendered":"<div  class=\"one withsmallpadding ppb_text\" style=\"text-align:left;padding:40px 0 40px 0;\" >\n<div class=\"standard_wrapper\">\n<div class=\"page_content_wrapper\">\n<div class=\"inner\">\n<div style=\"margin:auto;width:100%\">\n<h1 style=\"text-align: center;\">T\u00e1xi Tomorrowland<\/h1>\n<iframe src=\"https:\/\/manu015.supserv.cozmoslabs.com\/eto\/?site_key=9ea3cb480ae5c09e26a20fb697ce8ee6\" name=\"eto-iframe\" id=\"eto-iframe-69894\" class=\"eto-iframe\" width=\"100%\" scrolling=\"no\" allow=\"geolocation\">Esta op\u00e7\u00e3o n\u00e3o ir\u00e1 funcionar corretamente. Infelizmente, seu navegador n\u00e3o oferece suporte a quadros embutidos.<\/iframe>\n<style type=\"text\/css\">iframe#eto-iframe-69894 { width:1px; min-width:100%; border:0; }<\/style>\n<script type=\"text\/javascript\" async defer> (function() { var etoWidgetData = { checkTimeout: 100, dynamicIframe: 0, googlePageSpeed: 0, googlePageSpeedLoadDelay: 6000, loadDelay: 0, }; function etoWidgetInit() { if (etoWidgetData.dynamicIframe) { var etoWidgetContainer = document.getElementById('eto-widget-container-eto-iframe-69894'); if (etoWidgetContainer) { etoWidgetContainer.innerHTML = '<iframe src=\"https:\/\/manu015.supserv.cozmoslabs.com\/eto\/?site_key=9ea3cb480ae5c09e26a20fb697ce8ee6\" name=\"eto-iframe\" id=\"eto-iframe-69894\" class=\"eto-iframe\" width=\"100%\" scrolling=\"no\" allow=\"geolocation\">This option will not work correctly. Unfortunately, your browser does not support inline frames.<\/iframe>'; } } iFrameResize({ log: false, targetOrigin: '*', checkOrigin: false, }, \"iframe#eto-iframe-69894\"); } function etoWidgetReady() { setTimeout(function() { etoWidgetData.checkTimeout--; if (typeof iFrameResize !== 'undefined') { etoWidgetInit(); } else if (etoWidgetData.checkTimeout > 0) { etoWidgetReady(); console.log('Library not loaded, checking again.'); } else { console.log('External library failed to load.'); } }, 100); }; if (etoWidgetData.loadDelay) { setTimeout(function() { etoWidgetReady(); }, etoWidgetData.loadDelay); } else { etoWidgetReady(); } })(); <\/script>\n\n<p>Oferecemos servi\u00e7os de t\u00e1xi da cidade de Bruxelas ao festival Tomorrowland e Dreamville in Boom. Al\u00e9m disso, temos um t\u00e1xi do aeroporto de Bruxelas para o festival Tomorrowland e Dreamville Boom. Por favor, pegue um t\u00e1xi do aeroporto de Charleroi para o festival Tomorrowland e Dreamville in Boom. Nossos motoristas ir\u00e3o lev\u00e1-lo de t\u00e1xi da Antu\u00e9rpia ao festival Tomorrowland e ao acampamento Dreamville em Boom. Nossa empresa tem um servi\u00e7o de t\u00e1xi de Mechelen e Machelen para o festival Tomorrowland e o acampamento Dreamville. Temos um t\u00e1xi de Meise para o festival Tomorrowland e para o acampamento Dreamville. Temos um t\u00e1xi de qualquer hotel em Bruxelas para o festival Tomorrowland e Dreamville.<\/p>\n<h2>O que voc\u00ea precisa saber sobre o festival Tomorrowland em Boom, Bruxelas<\/h2>\n<p><a href=\"https:\/\/www.tomorrowland.com\/en\/festival\/welcome\" target=\"_blank\" rel=\"noopener noreferrer\">Tomorrowland <\/a>\u00e9 um festival de m\u00fasica eletr\u00f3nica organizado no m\u00eas de julho de cada ano num site especial do munic\u00edpio de De Schorre in Boom e est\u00e1 localizado na prov\u00edncia de Antu\u00e9rpia, na B\u00e9lgica.<br \/>\nO festival Tomorrowland surgiu em 2003. Esta foi uma ideia de dois irm\u00e3os a saber: Manu e Michiel Beers. Estes s\u00e3o os organizadores dos eventos holandeses de m\u00fasica eletr\u00f4nica ID&amp;T (reconhecidos por festivais famosos como Mystery Land, Sensation e Thunderdome). Eles compraram 50% das a\u00e7\u00f5es em 2004 (antes de revend\u00ea-las doze anos depois), ent\u00e3o a primeira edi\u00e7\u00e3o do festival foi organizada em 2005. Em 2013, o conceito foi rapidamente exportado para os Estados Unidos perto de Atlanta e se tornou TomorrowWorld para a ocasi\u00e3o. Dois anos depois, em 2015, um festival chamado Tomorrowland foi realizado em um terceiro pa\u00eds, o Brasil. Em 2019, o festival belga organiza o Tomorrowland Winter na Fran\u00e7a, nas montanhas, no Alpe d&#39;Huez.<br \/>\nO Tomorrowland contou, em 2012, com a participa\u00e7\u00e3o de mais de 365 disc jockeys, com cerca de 180.000 visitantes nesta edi\u00e7\u00e3o de 75 pa\u00edses diferentes. Nos anos seguintes, o n\u00famero de festivaleiros manteve-se est\u00e1vel, mas cada vez mais nacionalidades foram representadas, at\u00e9 2004. Foi eleito tr\u00eas vezes consecutivas como \u201cmelhor evento musical do ano\u201d na Winter Music Conference e a sua reputa\u00e7\u00e3o \u00e9 de forma que certos v\u00eddeos publicados pela organiza\u00e7\u00e3o ultrapassam cem milh\u00f5es de visualiza\u00e7\u00f5es. Hoje, permanece o \u201cfestival de m\u00fasica eletr\u00f4nica mais conhecido do mundo\u201d. Emprega 80 pessoas durante todo o ano para a organiza\u00e7\u00e3o e 12.000 pessoas durante o evento.<\/p>\n<h2>Tomorrowland \u00e9 o melhor festival de Electronic Dance Music (EDM)<\/h2>\n<p>Ainda precisamos apresentar o Tomorrowland, o maior festival de dan\u00e7a do mundo? Todos os anos, apresenta um programa da nata dos DJs de dan\u00e7a da cidade belga de Boom.<\/p>\n<p>Aposta segura para o electro, o festival recebe o melhor da EDM, house, techno e hardstyle, como mostram as suas edi\u00e7\u00f5es anteriores, que tiveram como destaque The Chainsmokers, Carl Cox, Martin Garrix, Armin van Buuren e Ti\u00ebsto acotovelando-se para os gira-discos.<\/p>\n<p>Os viciados em EDM, house, techno e hardstyle j\u00e1 sabem que s\u00f3 encontrar\u00e3o o melhor no electro, como The Chainsmokers, Carl Cox, Martin Garrix, Armin van Buuren ou Ti\u00ebsto, em toca-discos nas edi\u00e7\u00f5es anteriores.<\/p>\n<p>Basta falar do incr\u00edvel design dos palcos, das produ\u00e7\u00f5es espetaculares e das surpresas inusitadas para entender por que os ingressos para o Tomorrowland acabam em tempo recorde todos os anos!<\/p>\n<p>Uma verdadeira Meca para os f\u00e3s de dan\u00e7a, Tomorrowland promete a todos os frequentadores do festival uma imers\u00e3o em seu mundo m\u00e1gico e mitol\u00f3gico. Um evento absolutamente essencial !!!!<\/p>\n<p>Voc\u00ea pode verificar isso <a href=\"https:\/\/manu015.supserv.cozmoslabs.com\/terms-and-conditions\/\">p\u00e1gina para os nossos termos e condi\u00e7\u00f5es.<\/a><\/p>\n<\/div>\n<\/div>\n<\/div>\n<\/div>\n<\/div>","protected":false},"excerpt":{"rendered":"<p>Taxi Tomorrowland We provide taxi services to from Brussels city to Tomorrowland festival and Dreamville in Boom. Besides we have a taxi from Brussels airport to Tomorrowland festival and Dreamville Boom. Please come to us for a taxi from Charleroi [&hellip;]<\/p>","protected":false},"author":1,"featured_media":7149,"parent":0,"menu_order":0,"comment_status":"closed","ping_status":"closed","template":"","meta":[],"yoast_head":"<!-- This site is optimized with the Yoast SEO plugin v18.4.1 - https:\/\/yoast.com\/wordpress\/plugins\/seo\/ -->\n<title>Taxi tomorrowland festival &amp; Dreamvile camp- Your Private Driver<\/title>\n<meta name=\"description\" content=\"Taxi to Tomorrowland festival and Dreamville camp. Official taxi company for Tomorrowland music festval. from airport and hotel to festival.\" \/>\n<meta name=\"robots\" content=\"index, follow, max-snippet:-1, max-image-preview:large, max-video-preview:-1\" \/>\n<link rel=\"canonical\" href=\"https:\/\/manu015.supserv.cozmoslabs.com\/pt\/taxi-tomorrowland-festival\/\" \/>\n<meta property=\"og:locale\" content=\"pt_PT\" \/>\n<meta property=\"og:type\" content=\"article\" \/>\n<meta property=\"og:title\" content=\"Taxi tomorrowland festival &amp; Dreamvile camp- Your Private Driver\" \/>\n<meta property=\"og:description\" content=\"Taxi to Tomorrowland festival and Dreamville camp. Official taxi company for Tomorrowland music festval. from airport and hotel to festival.\" \/>\n<meta property=\"og:url\" content=\"https:\/\/manu015.supserv.cozmoslabs.com\/pt\/taxi-tomorrowland-festival\/\" \/>\n<meta property=\"og:site_name\" content=\"Your Private Driver\" \/>\n<meta property=\"article:publisher\" content=\"https:\/\/www.facebook.com\/yourprivatedriverbrussels\" \/>\n<meta property=\"article:modified_time\" content=\"2020-11-13T08:27:03+00:00\" \/>\n<meta property=\"og:image\" content=\"https:\/\/manu015.supserv.cozmoslabs.com\/wp-content\/uploads\/2020\/11\/Tomorrowland-Boom-Brussels-Festival.jpeg\" \/>\n\t<meta property=\"og:image:width\" content=\"640\" \/>\n\t<meta property=\"og:image:height\" content=\"480\" \/>\n\t<meta property=\"og:image:type\" content=\"image\/jpeg\" \/>\n<meta name=\"twitter:card\" content=\"summary_large_image\" \/>\n<meta name=\"twitter:site\" content=\"@privatedriverbx\" \/>\n<meta name=\"twitter:label1\" content=\"Tempo estimado de leitura\" \/>\n\t<meta name=\"twitter:data1\" content=\"3 minutos\" \/>\n<script type=\"application\/ld+json\" class=\"yoast-schema-graph\">{\"@context\":\"https:\/\/schema.org\",\"@graph\":[{\"@type\":\"Organization\",\"@id\":\"https:\/\/manu015.supserv.cozmoslabs.com\/#organization\",\"name\":\"Your Private Driver\",\"url\":\"https:\/\/manu015.supserv.cozmoslabs.com\/\",\"sameAs\":[\"https:\/\/www.facebook.com\/yourprivatedriverbrussels\",\"https:\/\/www.instagram.com\/taxibrusselsairport\/\",\"https:\/\/www.linkedin.com\/company\/yourprivatedriver\/\",\"https:\/\/www.youtube.com\/channel\/UCdFj5lm3qhOZWz_Rz0yupVA\",\"https:\/\/www.pinterest.fr\/pin\/704672672920362864\/\",\"https:\/\/twitter.com\/privatedriverbx\"],\"logo\":{\"@type\":\"ImageObject\",\"@id\":\"https:\/\/manu015.supserv.cozmoslabs.com\/#logo\",\"inLanguage\":\"pt-PT\",\"url\":\"\",\"contentUrl\":\"\",\"caption\":\"Your Private Driver\"},\"image\":{\"@id\":\"https:\/\/manu015.supserv.cozmoslabs.com\/#logo\"}},{\"@type\":\"WebSite\",\"@id\":\"https:\/\/manu015.supserv.cozmoslabs.com\/#website\",\"url\":\"https:\/\/manu015.supserv.cozmoslabs.com\/\",\"name\":\"Your Private Driver\",\"description\":\"Taxi Brussels airport - Taxi Charleroi airport\",\"publisher\":{\"@id\":\"https:\/\/manu015.supserv.cozmoslabs.com\/#organization\"},\"potentialAction\":[{\"@type\":\"SearchAction\",\"target\":{\"@type\":\"EntryPoint\",\"urlTemplate\":\"https:\/\/manu015.supserv.cozmoslabs.com\/?s={search_term_string}\"},\"query-input\":\"required name=search_term_string\"}],\"inLanguage\":\"pt-PT\"},{\"@type\":\"ImageObject\",\"@id\":\"https:\/\/manu015.supserv.cozmoslabs.com\/taxi-tomorrowland-festival\/#primaryimage\",\"inLanguage\":\"pt-PT\",\"url\":\"https:\/\/manu015.supserv.cozmoslabs.com\/wp-content\/uploads\/2020\/11\/Tomorrowland-Boom-Brussels-Festival.jpeg\",\"contentUrl\":\"https:\/\/manu015.supserv.cozmoslabs.com\/wp-content\/uploads\/2020\/11\/Tomorrowland-Boom-Brussels-Festival.jpeg\",\"width\":640,\"height\":480,\"caption\":\"Tomorrowland Festival\"},{\"@type\":\"WebPage\",\"@id\":\"https:\/\/manu015.supserv.cozmoslabs.com\/taxi-tomorrowland-festival\/#webpage\",\"url\":\"https:\/\/manu015.supserv.cozmoslabs.com\/taxi-tomorrowland-festival\/\",\"name\":\"Taxi tomorrowland festival & Dreamvile camp- Your Private Driver\",\"isPartOf\":{\"@id\":\"https:\/\/manu015.supserv.cozmoslabs.com\/#website\"},\"primaryImageOfPage\":{\"@id\":\"https:\/\/manu015.supserv.cozmoslabs.com\/taxi-tomorrowland-festival\/#primaryimage\"},\"datePublished\":\"2020-11-01T14:01:43+00:00\",\"dateModified\":\"2020-11-13T08:27:03+00:00\",\"description\":\"Taxi to Tomorrowland festival and Dreamville camp. Official taxi company for Tomorrowland music festval. from airport and hotel to festival.\",\"breadcrumb\":{\"@id\":\"https:\/\/manu015.supserv.cozmoslabs.com\/taxi-tomorrowland-festival\/#breadcrumb\"},\"inLanguage\":\"pt-PT\",\"potentialAction\":[{\"@type\":\"ReadAction\",\"target\":[\"https:\/\/manu015.supserv.cozmoslabs.com\/taxi-tomorrowland-festival\/\"]}]},{\"@type\":\"BreadcrumbList\",\"@id\":\"https:\/\/manu015.supserv.cozmoslabs.com\/taxi-tomorrowland-festival\/#breadcrumb\",\"itemListElement\":[{\"@type\":\"ListItem\",\"position\":1,\"name\":\"Home\",\"item\":\"https:\/\/manu015.supserv.cozmoslabs.com\/\"},{\"@type\":\"ListItem\",\"position\":2,\"name\":\"Taxi tomorrowland festival\"}]}]}<\/script>\n<!-- \/ Yoast SEO plugin. -->","yoast_head_json":{"title":"Taxi tomorrowland festival & Dreamvile camp- Your Private Driver","description":"Taxi to Tomorrowland festival and Dreamville camp. Official taxi company for Tomorrowland music festval. from airport and hotel to festival.","robots":{"index":"index","follow":"follow","max-snippet":"max-snippet:-1","max-image-preview":"max-image-preview:large","max-video-preview":"max-video-preview:-1"},"canonical":"https:\/\/manu015.supserv.cozmoslabs.com\/pt\/taxi-tomorrowland-festival\/","og_locale":"pt_PT","og_type":"article","og_title":"Taxi tomorrowland festival & Dreamvile camp- Your Private Driver","og_description":"Taxi to Tomorrowland festival and Dreamville camp. Official taxi company for Tomorrowland music festval. from airport and hotel to festival.","og_url":"https:\/\/manu015.supserv.cozmoslabs.com\/pt\/taxi-tomorrowland-festival\/","og_site_name":"Your Private Driver","article_publisher":"https:\/\/www.facebook.com\/yourprivatedriverbrussels","article_modified_time":"2020-11-13T08:27:03+00:00","og_image":[{"width":640,"height":480,"url":"https:\/\/manu015.supserv.cozmoslabs.com\/wp-content\/uploads\/2020\/11\/Tomorrowland-Boom-Brussels-Festival.jpeg","type":"image\/jpeg"}],"twitter_card":"summary_large_image","twitter_site":"@privatedriverbx","twitter_misc":{"Tempo estimado de leitura":"3 minutos"},"schema":{"@context":"https:\/\/schema.org","@graph":[{"@type":"Organization","@id":"https:\/\/manu015.supserv.cozmoslabs.com\/#organization","name":"Your Private Driver","url":"https:\/\/manu015.supserv.cozmoslabs.com\/","sameAs":["https:\/\/www.facebook.com\/yourprivatedriverbrussels","https:\/\/www.instagram.com\/taxibrusselsairport\/","https:\/\/www.linkedin.com\/company\/yourprivatedriver\/","https:\/\/www.youtube.com\/channel\/UCdFj5lm3qhOZWz_Rz0yupVA","https:\/\/www.pinterest.fr\/pin\/704672672920362864\/","https:\/\/twitter.com\/privatedriverbx"],"logo":{"@type":"ImageObject","@id":"https:\/\/manu015.supserv.cozmoslabs.com\/#logo","inLanguage":"pt-PT","url":"","contentUrl":"","caption":"Your Private Driver"},"image":{"@id":"https:\/\/manu015.supserv.cozmoslabs.com\/#logo"}},{"@type":"WebSite","@id":"https:\/\/manu015.supserv.cozmoslabs.com\/#website","url":"https:\/\/manu015.supserv.cozmoslabs.com\/","name":"Your Private Driver","description":"Taxi Brussels airport - Taxi Charleroi airport","publisher":{"@id":"https:\/\/manu015.supserv.cozmoslabs.com\/#organization"},"potentialAction":[{"@type":"SearchAction","target":{"@type":"EntryPoint","urlTemplate":"https:\/\/manu015.supserv.cozmoslabs.com\/?s={search_term_string}"},"query-input":"required name=search_term_string"}],"inLanguage":"pt-PT"},{"@type":"ImageObject","@id":"https:\/\/manu015.supserv.cozmoslabs.com\/taxi-tomorrowland-festival\/#primaryimage","inLanguage":"pt-PT","url":"https:\/\/manu015.supserv.cozmoslabs.com\/wp-content\/uploads\/2020\/11\/Tomorrowland-Boom-Brussels-Festival.jpeg","contentUrl":"https:\/\/manu015.supserv.cozmoslabs.com\/wp-content\/uploads\/2020\/11\/Tomorrowland-Boom-Brussels-Festival.jpeg","width":640,"height":480,"caption":"Tomorrowland Festival"},{"@type":"WebPage","@id":"https:\/\/manu015.supserv.cozmoslabs.com\/taxi-tomorrowland-festival\/#webpage","url":"https:\/\/manu015.supserv.cozmoslabs.com\/taxi-tomorrowland-festival\/","name":"Taxi tomorrowland festival & Dreamvile camp- Your Private Driver","isPartOf":{"@id":"https:\/\/manu015.supserv.cozmoslabs.com\/#website"},"primaryImageOfPage":{"@id":"https:\/\/manu015.supserv.cozmoslabs.com\/taxi-tomorrowland-festival\/#primaryimage"},"datePublished":"2020-11-01T14:01:43+00:00","dateModified":"2020-11-13T08:27:03+00:00","description":"Taxi to Tomorrowland festival and Dreamville camp. Official taxi company for Tomorrowland music festval. from airport and hotel to festival.","breadcrumb":{"@id":"https:\/\/manu015.supserv.cozmoslabs.com\/taxi-tomorrowland-festival\/#breadcrumb"},"inLanguage":"pt-PT","potentialAction":[{"@type":"ReadAction","target":["https:\/\/manu015.supserv.cozmoslabs.com\/taxi-tomorrowland-festival\/"]}]},{"@type":"BreadcrumbList","@id":"https:\/\/manu015.supserv.cozmoslabs.com\/taxi-tomorrowland-festival\/#breadcrumb","itemListElement":[{"@type":"ListItem","position":1,"name":"Home","item":"https:\/\/manu015.supserv.cozmoslabs.com\/"},{"@type":"ListItem","position":2,"name":"Taxi tomorrowland festival"}]}]}},"_links":{"self":[{"href":"https:\/\/manu015.supserv.cozmoslabs.com\/pt\/wp-json\/wp\/v2\/pages\/7146"}],"collection":[{"href":"https:\/\/manu015.supserv.cozmoslabs.com\/pt\/wp-json\/wp\/v2\/pages"}],"about":[{"href":"https:\/\/manu015.supserv.cozmoslabs.com\/pt\/wp-json\/wp\/v2\/types\/page"}],"author":[{"embeddable":true,"href":"https:\/\/manu015.supserv.cozmoslabs.com\/pt\/wp-json\/wp\/v2\/users\/1"}],"replies":[{"embeddable":true,"href":"https:\/\/manu015.supserv.cozmoslabs.com\/pt\/wp-json\/wp\/v2\/comments?post=7146"}],"version-history":[{"count":0,"href":"https:\/\/manu015.supserv.cozmoslabs.com\/pt\/wp-json\/wp\/v2\/pages\/7146\/revisions"}],"wp:featuredmedia":[{"embeddable":true,"href":"https:\/\/manu015.supserv.cozmoslabs.com\/pt\/wp-json\/wp\/v2\/media\/7149"}],"wp:attachment":[{"href":"https:\/\/manu015.supserv.cozmoslabs.com\/pt\/wp-json\/wp\/v2\/media?parent=7146"}],"curies":[{"name":"wp","href":"https:\/\/api.w.org\/{rel}","templated":true}]}}