{"id":7089,"date":"2020-10-31T22:31:36","date_gmt":"2020-10-31T22:31:36","guid":{"rendered":"https:\/\/manu015.supserv.cozmoslabs.com\/?page_id=7089"},"modified":"2020-11-13T08:23:01","modified_gmt":"2020-11-13T08:23:01","slug":"services","status":"publish","type":"page","link":"https:\/\/manu015.supserv.cozmoslabs.com\/pt\/services\/","title":{"rendered":"Servi\u00e7os"},"content":{"rendered":"<div  class=\"one withsmallpadding ppb_header\" style=\"text-align:left;padding:40px 0 40px 0;\" >\n<div class=\"standard_wrapper\">\n<div class=\"page_content_wrapper\">\n<div class=\"inner\">\n<div style=\"margin:auto;width:100%\">\n<h2 class=\"ppb_title\" style=\"\">Servi\u00e7o de t\u00e1xi do seu motorista particular<\/h2>\n<div class=\"ppb_header_content\">\n<iframe src=\"https:\/\/manu015.supserv.cozmoslabs.com\/eto\/?site_key=9ea3cb480ae5c09e26a20fb697ce8ee6\" name=\"eto-iframe\" id=\"eto-iframe-46673\" class=\"eto-iframe\" width=\"100%\" scrolling=\"no\" allow=\"geolocation\">Esta op\u00e7\u00e3o n\u00e3o ir\u00e1 funcionar corretamente. Infelizmente, seu navegador n\u00e3o oferece suporte a quadros embutidos.<\/iframe>\n<style type=\"text\/css\">iframe#eto-iframe-46673 { width:1px; min-width:100%; border:0; }<\/style>\n<script type=\"text\/javascript\" async defer> (function() { var etoWidgetData = { checkTimeout: 100, dynamicIframe: 0, googlePageSpeed: 0, googlePageSpeedLoadDelay: 6000, loadDelay: 0, }; function etoWidgetInit() { if (etoWidgetData.dynamicIframe) { var etoWidgetContainer = document.getElementById('eto-widget-container-eto-iframe-46673'); if (etoWidgetContainer) { etoWidgetContainer.innerHTML = '<iframe src=\"https:\/\/manu015.supserv.cozmoslabs.com\/eto\/?site_key=9ea3cb480ae5c09e26a20fb697ce8ee6\" name=\"eto-iframe\" id=\"eto-iframe-46673\" class=\"eto-iframe\" width=\"100%\" scrolling=\"no\" allow=\"geolocation\">This option will not work correctly. Unfortunately, your browser does not support inline frames.<\/iframe>'; } } iFrameResize({ log: false, targetOrigin: '*', checkOrigin: false, }, \"iframe#eto-iframe-46673\"); } function etoWidgetReady() { setTimeout(function() { etoWidgetData.checkTimeout--; if (typeof iFrameResize !== 'undefined') { etoWidgetInit(); } else if (etoWidgetData.checkTimeout > 0) { etoWidgetReady(); console.log('Library not loaded, checking again.'); } else { console.log('External library failed to load.'); } }, 100); }; if (etoWidgetData.loadDelay) { setTimeout(function() { etoWidgetReady(); }, etoWidgetData.loadDelay); } else { etoWidgetReady(); } })(); <\/script>\n\n<\/div>\n<\/div>\n<\/div>\n<\/div>\n<\/div>\n<\/div>\n<div  class=\"one withsmallpadding ppb_text\" style=\"text-align:center;padding:40px 0 40px 0;background-color:#5856d6;color:#ffffff !important;\" >\n<div class=\"standard_wrapper\">\n<div class=\"page_content_wrapper\">\n<div class=\"inner\">\n<div style=\"margin:auto;width:100%\">\n<div class=\"one_third\" style=\"\">\n<span class=\"fas fa-car\" style=\"display: block; font-size: 50px; margin-bottom: 20px;\">\u00a0<\/span><\/p>\n<h2 style=\"color: #fff;\">Servi\u00e7o de limousine<\/h2>\n<p>Uma limusine para sua cerim\u00f4nia porque nenhum evento \u00e9 pequeno demais para n\u00f3s. Voc\u00ea precisa de uma limusine de alta qualidade para um evento pessoal ou profissional? Em seguida, ligue para o seu motorista particular. Nosso servi\u00e7o de limusine est\u00e1 \u00e0 sua disposi\u00e7\u00e3o.<br \/>\nTemos uma limusine para o seu casamento, baptismo, anivers\u00e1rio, discoteca ou festa discoteca. Temos o servi\u00e7o de limusine com melhor classifica\u00e7\u00e3o na B\u00e9lgica, com ve\u00edculos premium.\n<\/p>\n<\/div>\n<div class=\"one_third\" style=\"\">\n<span class=\"fas fa-guitar\" style=\"display: block; font-size: 50px; margin-bottom: 20px;\">\u00a0<\/span><\/p>\n<h2 style=\"color: #fff;\">Transporte de artistas<\/h2>\n<p>Temos micro\u00f4nibus de luxo para o transporte de artistas. Oferecemos transporte de artistas da B\u00e9lgica para a Holanda, Alemanha, Fran\u00e7a, Su\u00ed\u00e7a, Noruega ect.<\/p>\n<p>Transportamos m\u00fasicos, artistas, atores de cinema, atores de teatro, atores de bal\u00e9 e \u00f3pera a bordo de nossas luxuosas minivans. Tamb\u00e9m transportamos artistas do aeroporto para o hotel e do hotel para os seus teatros e podemos transport\u00e1-los durante todo o percurso.\n<\/p>\n<\/div>\n<div class=\"one_third last\" style=\"\">\n<span class=\"fas fa-taxi\" style=\"display: block; font-size: 50px; margin-bottom: 20px;\">\u00a0<\/span><\/p>\n<h2 style=\"color: #fff;\">Traslado do aeroporto<\/h2>\n<p>Uma transfer\u00eancia do aeroporto deve ser organizada, na melhor das hip\u00f3teses. Levando em considera\u00e7\u00e3o as verifica\u00e7\u00f5es de seguran\u00e7a e o tempo para o check-in da bagagem. \u00c9 necess\u00e1rio chegar com anteced\u00eancia ao aeroporto para n\u00e3o perder o v\u00f4o. Voc\u00ea pode contar com nossos servi\u00e7os para ajud\u00e1-lo com um transfer profissional do aeroporto 100%. Como resultado, voc\u00ea ter\u00e1 a garantia de uma viagem despreocupada.<br \/>\nN\u00f3s garantimos sua chegada em <a href=\"https:\/\/www.brusselsairport.be\/en\/passengers\" target=\"_blank\" rel=\"noopener noreferrer\">o aeroporto<\/a> na hora. Ent\u00e3o, por que n\u00e3o aproveitar nossas <a href=\"https:\/\/manu015.supserv.cozmoslabs.com\/taxi-brussels\/\">servi\u00e7os em Bruxelas<\/a> O mais breve poss\u00edvel?\n<\/div>\n<p><br class=\"clear\"\/><\/p>\n<div class=\"one_third\" style=\"\">\n<span class=\"fas fa-hippo\" style=\"display: block; font-size: 50px; margin-bottom: 20px;\">\u00a0<\/span><\/p>\n<h2 style=\"color: #fff;\">Servi\u00e7o de t\u00e1xi para parques de divers\u00f5es<\/h2>\n<p>Temos t\u00e1xis para diferentes parques de divers\u00f5es na B\u00e9lgica, Holanda, Fran\u00e7a e em outros lugares da Europa ...<br \/>\nT\u00e1xi para o parque de divers\u00f5es Walibi em Wavre, Mini-Europa em Bruxelas. Bobbejaanland Kasterlee, Plopsaland em De Panne, parque de divers\u00f5es Bellewaerde em Ypres ect.<\/p>\n<p>T\u00e1xi para o parque de divers\u00f5es Plopsa Coo em Stavelot, Aqualibi em Wavre, parque de divers\u00f5es Plopsa indoor em Hasselt, parque aqu\u00e1tico Oc\u00e9ade em Bruxelas, Boudewijn Seapark em Bruges, o Adventure Park em Wavre, o atraente parque Queen Fabiola em Namur. O parque de divers\u00f5es Mount Mosan em Huy e o parque de divers\u00f5es Labyrinth em Durbuy.<\/p>\n<p>T\u00e1xi para o parque Plopsaqua em De Panne, Chlorophylle Park em Manhay, o dom\u00ednio provincial de Chevetogne em Ciney, Earth Explorer, Meli Park, Houtopia, THE POINT D&#39;EAU em La Louvi\u00e8re, Dadipark em Moorslede e t\u00e1xi para Parc Spirou.<\/p>\n<p>T\u00e1xi para o parque de divers\u00f5es Efteling em Kaatsheuvel Holanda, parque de divers\u00f5es Disney-Land em Chessy Paris Fran\u00e7a, parque de divers\u00f5es Phantasialand em Br\u00fchl Alemanha e t\u00e1xi para Mega Speelstad em Lille Fran\u00e7a.\n<\/p>\n<\/div>\n<div class=\"one_third\" style=\"\">\n<span class=\"fas fa-city\" style=\"display: block; font-size: 50px; margin-bottom: 20px;\">\u00a0<\/span><\/p>\n<h2 style=\"color: #fff;\">Servi\u00e7o de t\u00e1xi da Comiss\u00e3o Europeia<\/h2>\n<p>Temos o servi\u00e7o de t\u00e1xi padr\u00e3o e de luxo para as v\u00e1rias institui\u00e7\u00f5es europeias em Bruxelas.<br \/>\nTemos tamb\u00e9m um servi\u00e7o de t\u00e1xi com dispensa de delega\u00e7\u00f5es que visitam as institui\u00e7\u00f5es europeias em Bruxelas. Temos Mercedes Classe E e Mercedes minivan Classe V para liderar delega\u00e7\u00f5es de t\u00e1xi \u00e0 Comiss\u00e3o Europeia, ao Parlamento Europeu ou \u00e0 OTAN e outras institui\u00e7\u00f5es europeias com sede em Bruxelas. T\u00e1xi para a Comiss\u00e3o Europeia em Berlaymont, no bairro de Schumann. Temos um t\u00e1xi para o Comit\u00e9 Econ\u00f3mico e Social e tamb\u00e9m para o Comit\u00e9 das Regi\u00f5es, ambos localizados na Rue Belliard, 99, em Bruxelas.<\/p>\n<p>Temos um t\u00e1xi para a Ag\u00eancia Europeia de Defesa, t\u00e1xi para a Ag\u00eancia Executiva para a Educa\u00e7\u00e3o, Audiovisual e Cultura, t\u00e1xi para a Ag\u00eancia Executiva para a Competitividade e Inova\u00e7\u00e3o, t\u00e1xi para a Ag\u00eancia Comunit\u00e1ria de controlo da pesca, t\u00e1xi para a Autoridade Supervisora do GNSS Europeu, t\u00e1xi para a Ag\u00eancia Executiva de Pesquisa, t\u00e1xi para a Ag\u00eancia Executiva do Conselho Europeu de Pesquisa, t\u00e1xi para a Ag\u00eancia Executiva da Rede Transeuropeia de Transporte e, finalmente, o t\u00e1xi para a OTAN em Evere Bruxelas.\n<\/p>\n<\/div>\n<div class=\"one_third last\" style=\"\">\n<span class=\"fas fa-ring\" style=\"display: block; font-size: 50px; margin-bottom: 20px;\">\u00a0<\/span><\/p>\n<h2 style=\"color: #fff;\">Limusine para servi\u00e7o de t\u00e1xi de casamento<\/h2>\n<p>Lembre-se de vir alugar sua limusine para o dia de seu casamento. Nosso motorista ir\u00e1 lev\u00e1-lo para a igreja e para uma sess\u00e3o de fotos no local de sua escolha, tudo isso de acordo com seu programa de curso.<br \/>\nNossas limusines para casamento s\u00e3o dirigidas por motoristas experientes. Limusine espa\u00e7osa, bem equipada e decorada para o seu casamento. Nossas limusines luxuosas podem ser decoradas para o seu casamento. Voc\u00ea se beneficia de todo o espa\u00e7o poss\u00edvel para um momento de relaxamento antes ou depois das festividades. Claro, a possibilidade de pedir champanhe. A Your private driver certamente oferece o melhor aluguel de limusine com motorista em Bruxelas.<\/p>\n<p>Comemore seu casamento com estilo e festeje a noite toda em uma limusine personalizada equipada com sistema de som e conex\u00e3o \u00e0 Internet. Pe\u00e7a-nos agora um or\u00e7amento de servi\u00e7o de limusine para organizar melhor o seu casamento. Tamb\u00e9m estamos \u00e0 disposi\u00e7\u00e3o para esclarecer suas d\u00favidas e inform\u00e1-lo sobre nossos modelos de limusines.\n<\/p>\n<\/div>\n<p><br class=\"clear\"\/><\/p>\n<div class=\"one_third\" style=\"\">\n<span class=\"fas fa-building\" style=\"display: block; font-size: 50px; margin-bottom: 20px;\">\u00a0<\/span><\/p>\n<h2 style=\"color: #fff;\">Parlamento Europeu<\/h2>\n<p>Temos o servi\u00e7o de t\u00e1xi padr\u00e3o e de luxo para as v\u00e1rias institui\u00e7\u00f5es europeias em Bruxelas.<br \/>\nTemos tamb\u00e9m um servi\u00e7o de t\u00e1xi com dispensa de delega\u00e7\u00f5es que visitam as institui\u00e7\u00f5es europeias em Bruxelas. Temos Mercedes Classe E e Mercedes minivan Classe V para liderar delega\u00e7\u00f5es de t\u00e1xi \u00e0 Comiss\u00e3o Europeia, ao Parlamento Europeu ou \u00e0 OTAN e outras institui\u00e7\u00f5es europeias com sede em Bruxelas.<\/p>\n<p>Pe\u00e7a um t\u00e1xi para irmos ao Parlamento Europeu localizado na Rue Wiertz, 60 em Bruxelas, tamb\u00e9m temos t\u00e1xis para o Gabinete de Informa\u00e7\u00e3o na B\u00e9lgica localizado na Rue de Tr\u00eaves, 3 em Bruxelas.<br \/>\nT\u00e1xi para o Conselho da Uni\u00e3o Europeia localizado na Rue de la Loi, 175 Bruxelas\n<\/p>\n<\/div>\n<div class=\"one_third\" style=\"\">\n<span class=\"fas fa-shuttle-van\" style=\"display: block; font-size: 50px; margin-bottom: 20px;\">\u00a0<\/span><\/p>\n<h2 style=\"color: #fff;\">Transporte para o aeroporto<\/h2>\n<p>\u00c0s vezes, quando voc\u00ea est\u00e1 em um grande grupo viajando para o aeroporto, \u00e9 uma boa ideia pensar em fazer um \u00f4nibus espacial em um \u00fanico ve\u00edculo com grande capacidade. Para isso, voc\u00ea pode confiar em n\u00f3s e ter a certeza de fazer um bom neg\u00f3cio, pois temos pre\u00e7os razo\u00e1veis para seus traslados para o aeroporto.\n<\/p>\n<\/div>\n<div class=\"one_third last\" style=\"\">\n<span class=\"fas fa-user-tie\" style=\"display: block; font-size: 50px; margin-bottom: 20px;\">\u00a0<\/span><\/p>\n<h2 style=\"color: #fff;\">Aluguel de carros com motorista<\/h2>\n<p>O nosso servi\u00e7o de aluguer de viaturas com motorista est\u00e1 ao servi\u00e7o de particulares e empresas. Cuidamos de todas as suas viagens, como transporte do hotel para o local da sua confer\u00eancia e vice-versa. Cuidamos das suas viagens com profissionalismo e rigor. Desfrute de um carro alugado com motorista. Al\u00e9m disso, a comodidade de ir tamb\u00e9m a suas reuni\u00f5es de neg\u00f3cios ou a uma festa privada. Somos provavelmente a melhor locadora de autom\u00f3veis com sede em Bruxelas<\/p>\n<p>Aproveite ao m\u00e1ximo nosso servi\u00e7o de aluguel de autom\u00f3veis com motorista. Nosso servi\u00e7o de aluguel de autom\u00f3veis com motorista \u00e9 adequado para todos os or\u00e7amentos. Opte por um aluguel de carro com motorista conosco. Assim voc\u00ea evitar\u00e1 todo o inc\u00f4modo de estacionamento e multas. Economize o estresse de dirigir escolhendo nosso servi\u00e7o de aluguel de autom\u00f3veis com motorista.\n<\/p>\n<\/div>\n<p><br class=\"clear\"\/><\/p>\n<\/div>\n<\/div>\n<\/div>\n<\/div>\n<\/div>","protected":false},"excerpt":{"rendered":"<p>Taxi Service of Your Private Driver \u00a0 Limousine service A limousine for your ceremony because no event is too small for us. Do you need a high-end limousine for a personal or professional event? Then call your Private Driver. Our [&hellip;]<\/p>","protected":false},"author":1,"featured_media":22,"parent":0,"menu_order":0,"comment_status":"closed","ping_status":"closed","template":"","meta":[],"yoast_head":"<!-- This site is optimized with the Yoast SEO plugin v18.4.1 - https:\/\/yoast.com\/wordpress\/plugins\/seo\/ -->\n<title>Services that we offer in our taxi company - Your Private Driver<\/title>\n<meta name=\"description\" content=\"Find here the different taxi services that we offer with our Company. Our service range from airport tranfers and shuttle to private trips.\" \/>\n<meta name=\"robots\" content=\"index, follow, max-snippet:-1, max-image-preview:large, max-video-preview:-1\" \/>\n<link rel=\"canonical\" href=\"https:\/\/manu015.supserv.cozmoslabs.com\/pt\/services\/\" \/>\n<meta property=\"og:locale\" content=\"pt_PT\" \/>\n<meta property=\"og:type\" content=\"article\" \/>\n<meta property=\"og:title\" content=\"Services that we offer in our taxi company - Your Private Driver\" \/>\n<meta property=\"og:description\" content=\"Find here the different taxi services that we offer with our Company. Our service range from airport tranfers and shuttle to private trips.\" \/>\n<meta property=\"og:url\" content=\"https:\/\/manu015.supserv.cozmoslabs.com\/pt\/services\/\" \/>\n<meta property=\"og:site_name\" content=\"Your Private Driver\" \/>\n<meta property=\"article:publisher\" content=\"https:\/\/www.facebook.com\/yourprivatedriverbrussels\" \/>\n<meta property=\"article:modified_time\" content=\"2020-11-13T08:23:01+00:00\" \/>\n<meta property=\"og:image\" content=\"https:\/\/manu015.supserv.cozmoslabs.com\/wp-content\/uploads\/2017\/01\/IMG_3496bfree-8.jpg\" \/>\n\t<meta property=\"og:image:width\" content=\"1440\" \/>\n\t<meta property=\"og:image:height\" content=\"960\" \/>\n\t<meta property=\"og:image:type\" content=\"image\/jpeg\" \/>\n<meta name=\"twitter:card\" content=\"summary_large_image\" \/>\n<meta name=\"twitter:site\" content=\"@privatedriverbx\" \/>\n<meta name=\"twitter:label1\" content=\"Tempo estimado de leitura\" \/>\n\t<meta name=\"twitter:data1\" content=\"5 minutos\" \/>\n<script type=\"application\/ld+json\" class=\"yoast-schema-graph\">{\"@context\":\"https:\/\/schema.org\",\"@graph\":[{\"@type\":\"Organization\",\"@id\":\"https:\/\/manu015.supserv.cozmoslabs.com\/#organization\",\"name\":\"Your Private Driver\",\"url\":\"https:\/\/manu015.supserv.cozmoslabs.com\/\",\"sameAs\":[\"https:\/\/www.facebook.com\/yourprivatedriverbrussels\",\"https:\/\/www.instagram.com\/taxibrusselsairport\/\",\"https:\/\/www.linkedin.com\/company\/yourprivatedriver\/\",\"https:\/\/www.youtube.com\/channel\/UCdFj5lm3qhOZWz_Rz0yupVA\",\"https:\/\/www.pinterest.fr\/pin\/704672672920362864\/\",\"https:\/\/twitter.com\/privatedriverbx\"],\"logo\":{\"@type\":\"ImageObject\",\"@id\":\"https:\/\/manu015.supserv.cozmoslabs.com\/#logo\",\"inLanguage\":\"pt-PT\",\"url\":\"\",\"contentUrl\":\"\",\"caption\":\"Your Private Driver\"},\"image\":{\"@id\":\"https:\/\/manu015.supserv.cozmoslabs.com\/#logo\"}},{\"@type\":\"WebSite\",\"@id\":\"https:\/\/manu015.supserv.cozmoslabs.com\/#website\",\"url\":\"https:\/\/manu015.supserv.cozmoslabs.com\/\",\"name\":\"Your Private Driver\",\"description\":\"Taxi Brussels airport - Taxi Charleroi airport\",\"publisher\":{\"@id\":\"https:\/\/manu015.supserv.cozmoslabs.com\/#organization\"},\"potentialAction\":[{\"@type\":\"SearchAction\",\"target\":{\"@type\":\"EntryPoint\",\"urlTemplate\":\"https:\/\/manu015.supserv.cozmoslabs.com\/?s={search_term_string}\"},\"query-input\":\"required name=search_term_string\"}],\"inLanguage\":\"pt-PT\"},{\"@type\":\"ImageObject\",\"@id\":\"https:\/\/manu015.supserv.cozmoslabs.com\/services\/#primaryimage\",\"inLanguage\":\"pt-PT\",\"url\":\"https:\/\/manu015.supserv.cozmoslabs.com\/wp-content\/uploads\/2017\/01\/IMG_3496bfree-8.jpg\",\"contentUrl\":\"https:\/\/manu015.supserv.cozmoslabs.com\/wp-content\/uploads\/2017\/01\/IMG_3496bfree-8.jpg\",\"width\":1440,\"height\":960,\"caption\":\"The road to success and the road to failure are almost exactly the same\"},{\"@type\":\"WebPage\",\"@id\":\"https:\/\/manu015.supserv.cozmoslabs.com\/services\/#webpage\",\"url\":\"https:\/\/manu015.supserv.cozmoslabs.com\/services\/\",\"name\":\"Services that we offer in our taxi company - Your Private Driver\",\"isPartOf\":{\"@id\":\"https:\/\/manu015.supserv.cozmoslabs.com\/#website\"},\"primaryImageOfPage\":{\"@id\":\"https:\/\/manu015.supserv.cozmoslabs.com\/services\/#primaryimage\"},\"datePublished\":\"2020-10-31T22:31:36+00:00\",\"dateModified\":\"2020-11-13T08:23:01+00:00\",\"description\":\"Find here the different taxi services that we offer with our Company. Our service range from airport tranfers and shuttle to private trips.\",\"breadcrumb\":{\"@id\":\"https:\/\/manu015.supserv.cozmoslabs.com\/services\/#breadcrumb\"},\"inLanguage\":\"pt-PT\",\"potentialAction\":[{\"@type\":\"ReadAction\",\"target\":[\"https:\/\/manu015.supserv.cozmoslabs.com\/services\/\"]}]},{\"@type\":\"BreadcrumbList\",\"@id\":\"https:\/\/manu015.supserv.cozmoslabs.com\/services\/#breadcrumb\",\"itemListElement\":[{\"@type\":\"ListItem\",\"position\":1,\"name\":\"Home\",\"item\":\"https:\/\/manu015.supserv.cozmoslabs.com\/\"},{\"@type\":\"ListItem\",\"position\":2,\"name\":\"Services\"}]}]}<\/script>\n<!-- \/ Yoast SEO plugin. -->","yoast_head_json":{"title":"Services that we offer in our taxi company - Your Private Driver","description":"Find here the different taxi services that we offer with our Company. Our service range from airport tranfers and shuttle to private trips.","robots":{"index":"index","follow":"follow","max-snippet":"max-snippet:-1","max-image-preview":"max-image-preview:large","max-video-preview":"max-video-preview:-1"},"canonical":"https:\/\/manu015.supserv.cozmoslabs.com\/pt\/services\/","og_locale":"pt_PT","og_type":"article","og_title":"Services that we offer in our taxi company - Your Private Driver","og_description":"Find here the different taxi services that we offer with our Company. Our service range from airport tranfers and shuttle to private trips.","og_url":"https:\/\/manu015.supserv.cozmoslabs.com\/pt\/services\/","og_site_name":"Your Private Driver","article_publisher":"https:\/\/www.facebook.com\/yourprivatedriverbrussels","article_modified_time":"2020-11-13T08:23:01+00:00","og_image":[{"width":1440,"height":960,"url":"https:\/\/manu015.supserv.cozmoslabs.com\/wp-content\/uploads\/2017\/01\/IMG_3496bfree-8.jpg","type":"image\/jpeg"}],"twitter_card":"summary_large_image","twitter_site":"@privatedriverbx","twitter_misc":{"Tempo estimado de leitura":"5 minutos"},"schema":{"@context":"https:\/\/schema.org","@graph":[{"@type":"Organization","@id":"https:\/\/manu015.supserv.cozmoslabs.com\/#organization","name":"Your Private Driver","url":"https:\/\/manu015.supserv.cozmoslabs.com\/","sameAs":["https:\/\/www.facebook.com\/yourprivatedriverbrussels","https:\/\/www.instagram.com\/taxibrusselsairport\/","https:\/\/www.linkedin.com\/company\/yourprivatedriver\/","https:\/\/www.youtube.com\/channel\/UCdFj5lm3qhOZWz_Rz0yupVA","https:\/\/www.pinterest.fr\/pin\/704672672920362864\/","https:\/\/twitter.com\/privatedriverbx"],"logo":{"@type":"ImageObject","@id":"https:\/\/manu015.supserv.cozmoslabs.com\/#logo","inLanguage":"pt-PT","url":"","contentUrl":"","caption":"Your Private Driver"},"image":{"@id":"https:\/\/manu015.supserv.cozmoslabs.com\/#logo"}},{"@type":"WebSite","@id":"https:\/\/manu015.supserv.cozmoslabs.com\/#website","url":"https:\/\/manu015.supserv.cozmoslabs.com\/","name":"Your Private Driver","description":"Taxi Brussels airport - Taxi Charleroi airport","publisher":{"@id":"https:\/\/manu015.supserv.cozmoslabs.com\/#organization"},"potentialAction":[{"@type":"SearchAction","target":{"@type":"EntryPoint","urlTemplate":"https:\/\/manu015.supserv.cozmoslabs.com\/?s={search_term_string}"},"query-input":"required name=search_term_string"}],"inLanguage":"pt-PT"},{"@type":"ImageObject","@id":"https:\/\/manu015.supserv.cozmoslabs.com\/services\/#primaryimage","inLanguage":"pt-PT","url":"https:\/\/manu015.supserv.cozmoslabs.com\/wp-content\/uploads\/2017\/01\/IMG_3496bfree-8.jpg","contentUrl":"https:\/\/manu015.supserv.cozmoslabs.com\/wp-content\/uploads\/2017\/01\/IMG_3496bfree-8.jpg","width":1440,"height":960,"caption":"The road to success and the road to failure are almost exactly the same"},{"@type":"WebPage","@id":"https:\/\/manu015.supserv.cozmoslabs.com\/services\/#webpage","url":"https:\/\/manu015.supserv.cozmoslabs.com\/services\/","name":"Services that we offer in our taxi company - Your Private Driver","isPartOf":{"@id":"https:\/\/manu015.supserv.cozmoslabs.com\/#website"},"primaryImageOfPage":{"@id":"https:\/\/manu015.supserv.cozmoslabs.com\/services\/#primaryimage"},"datePublished":"2020-10-31T22:31:36+00:00","dateModified":"2020-11-13T08:23:01+00:00","description":"Find here the different taxi services that we offer with our Company. Our service range from airport tranfers and shuttle to private trips.","breadcrumb":{"@id":"https:\/\/manu015.supserv.cozmoslabs.com\/services\/#breadcrumb"},"inLanguage":"pt-PT","potentialAction":[{"@type":"ReadAction","target":["https:\/\/manu015.supserv.cozmoslabs.com\/services\/"]}]},{"@type":"BreadcrumbList","@id":"https:\/\/manu015.supserv.cozmoslabs.com\/services\/#breadcrumb","itemListElement":[{"@type":"ListItem","position":1,"name":"Home","item":"https:\/\/manu015.supserv.cozmoslabs.com\/"},{"@type":"ListItem","position":2,"name":"Services"}]}]}},"_links":{"self":[{"href":"https:\/\/manu015.supserv.cozmoslabs.com\/pt\/wp-json\/wp\/v2\/pages\/7089"}],"collection":[{"href":"https:\/\/manu015.supserv.cozmoslabs.com\/pt\/wp-json\/wp\/v2\/pages"}],"about":[{"href":"https:\/\/manu015.supserv.cozmoslabs.com\/pt\/wp-json\/wp\/v2\/types\/page"}],"author":[{"embeddable":true,"href":"https:\/\/manu015.supserv.cozmoslabs.com\/pt\/wp-json\/wp\/v2\/users\/1"}],"replies":[{"embeddable":true,"href":"https:\/\/manu015.supserv.cozmoslabs.com\/pt\/wp-json\/wp\/v2\/comments?post=7089"}],"version-history":[{"count":0,"href":"https:\/\/manu015.supserv.cozmoslabs.com\/pt\/wp-json\/wp\/v2\/pages\/7089\/revisions"}],"wp:featuredmedia":[{"embeddable":true,"href":"https:\/\/manu015.supserv.cozmoslabs.com\/pt\/wp-json\/wp\/v2\/media\/22"}],"wp:attachment":[{"href":"https:\/\/manu015.supserv.cozmoslabs.com\/pt\/wp-json\/wp\/v2\/media?parent=7089"}],"curies":[{"name":"wp","href":"https:\/\/api.w.org\/{rel}","templated":true}]}}