{"id":7018,"date":"2020-10-31T13:03:15","date_gmt":"2020-10-31T13:03:15","guid":{"rendered":"https:\/\/manu015.supserv.cozmoslabs.com\/?page_id=7018"},"modified":"2020-11-13T07:50:29","modified_gmt":"2020-11-13T07:50:29","slug":"about-us","status":"publish","type":"page","link":"https:\/\/manu015.supserv.cozmoslabs.com\/pt\/about-us\/","title":{"rendered":"Sobre n\u00f3s"},"content":{"rendered":"<div  class=\"one withsmallpadding ppb_header\" style=\"text-align:left;padding:40px 0 40px 0;\" >\n<div class=\"standard_wrapper\">\n<div class=\"page_content_wrapper\">\n<div class=\"inner\">\n<div style=\"margin:auto;width:100%\">\n<h2 class=\"ppb_title\" style=\"\">Seu motorista particular<\/h2>\n<div class=\"ppb_header_content\">\n<p>Your Private Driver \u00e9 uma empresa de t\u00e1xi e transportadora de passageiros remunerada fundada por volta do in\u00edcio de 2016. A empresa est\u00e1 localizada em Bruxelas e opera em toda a B\u00e9lgica e em toda a Europa. Al\u00e9m disso, <em><strong>Seu motorista particular<\/strong><\/em> \u00e9 um ator fundamental no transporte de pessoas em Bruxelas. Oferece um servi\u00e7o de transporte dispon\u00edvel para os passageiros que chegam ao Aeroporto de Bruxelas e ao Aeroporto de Charleroi.<\/p>\n<p>Your Private Driver \u00e9 uma empresa confi\u00e1vel de t\u00e1xis para aeroportos.<br \/>\nCaso pretenda visitar o centro da cidade de Bruxelas, o seu motorista particular ir\u00e1 ajud\u00e1-lo. Na verdade, existem in\u00fameras coisas que voc\u00ea pode fazer com a fam\u00edlia. Mesmo se voc\u00ea estiver em uma viagem de neg\u00f3cios. Na verdade, Bruxelas \u00e9 simplesmente uma das cidades mais bonitas do mundo com seus muitos espa\u00e7os verdes.<\/p>\n<p>Voc\u00ea pode confiar em n\u00f3s para todas as suas necessidades de transporte em Bruxelas. Uma viagem de t\u00e1xi para um de nossos aeroportos belgas, um casamento em Bruxelas, transporte em grupo para uma reuni\u00e3o, festa privada, um passeio pela cidade <a href=\"https:\/\/manu015.supserv.cozmoslabs.com\/services\/\">ou uma viagem de t\u00e1xi de \/ para outra cidade belga.<\/a> Your private driver <a href=\"https:\/\/manu015.supserv.cozmoslabs.com\/fleet\/\">tem ve\u00edculos<\/a> e motoristas profissionais para tornar sua viagem inesquec\u00edvel. Somos confi\u00e1veis e acess\u00edveis para todas as suas viagens de t\u00e1xi.<\/p>\n<p>Se quiser saber mais sobre n\u00f3s e diferentes assuntos relativos aos t\u00e1xis em Bruxelas em particular e no mundo, em geral, visite <a href=\"https:\/\/manu015.supserv.cozmoslabs.com\/blog\/\">nosso blog de t\u00e1xi.<\/a> Sinta-se \u00e0 vontade para compartilhar suas ideias e experi\u00eancias. Deixe seus coment\u00e1rios se quiser. Compartilhe sua experi\u00eancia em nosso blog de t\u00e1xi com um usu\u00e1rio de t\u00e1xi ou simplesmente um motorista de t\u00e1xi.<\/p>\n<\/div>\n<\/div>\n<\/div>\n<\/div>\n<\/div>\n<\/div>\n<div  class=\"one withsmallpadding ppb_header\" style=\"text-align:center;padding:50px 0 50px 0;background-color:#5856d6;color:#ffffff;\" >\n<div class=\"standard_wrapper\">\n<div class=\"page_content_wrapper\">\n<div class=\"inner\">\n<div style=\"margin:auto;width:50%\">\n<h2 class=\"ppb_title\" style=\"color:#ffffff;\">Taxistas profissionais<\/h2>\n<div class=\"ppb_header_content\">\n<p>Nossos motoristas profissionais o deixam no aeroporto de Bruxelas Zaventem e buscam voc\u00ea no aeroporto de Bruxelas, Charleroi e Liege. Al\u00e9m disso, Your Private Driver oferece uma viagem r\u00e1pida e silenciosa em carros confort\u00e1veis, equipados com uma rede wi-fi de alto desempenho.<\/p>\n<div class=\"one_half\" style=\"\">\n<div class=\"animate_counter_wrapper\">\n<div id=\"1605253829349298397\" class=\"odometer\" style=\"font-size:60px;line-height:60px;\">0<\/div>\n<div class=\"count_separator\"><span><\/span><\/div>\n<div class=\"counter_subject\">Viagens<\/div>\n<\/div>\n<\/div>\n<div class=\"one_half last\" style=\"\">\n<div class=\"animate_counter_wrapper\">\n<div id=\"16052538291044985847\" class=\"odometer\" style=\"font-size:60px;line-height:60px;\">0<\/div>\n<div class=\"count_separator\"><span><\/span><\/div>\n<div class=\"counter_subject\">Clientes Felizes<\/div>\n<\/div>\n<\/div>\n<p><br class=\"clear\"\/><\/p>\n<\/div>\n<\/div>\n<\/div>\n<\/div>\n<\/div>\n<\/div>\n<div  class=\"one withsmallpadding ppb_header\" style=\"text-align:left;padding:40px 0 40px 0;\" >\n<div class=\"standard_wrapper\">\n<div class=\"page_content_wrapper\">\n<div class=\"inner\">\n<div style=\"margin:auto;width:100%\">\n<h2 class=\"ppb_title\" style=\"\">Servi\u00e7o de t\u00e1xi profissional em Bruxelas<\/h2>\n<div class=\"ppb_header_content\">\n<p>Aproveite o nosso <a href=\"https:\/\/manu015.supserv.cozmoslabs.com\/services\/\"> servi\u00e7o de translado para o aeroporto, servi\u00e7o de limusine e translado para o aeroporto <\/a> visitar <a href=\"https:\/\/visit.brussels\/en\/category\/monuments-sites\" target=\"_blank\" rel=\"noopener noreferrer\"> lugares hist\u00f3ricos de Bruxelas<\/a> e Bruges. N\u00e3o hesite em <a href=\"https:\/\/manu015.supserv.cozmoslabs.com\/contact-us\/\"> Contate-Nos<\/a> para saber mais sobre nossos passeios privados. Nossos motoristas tamb\u00e9m cruzam as fronteiras belgas para lev\u00e1-lo ao seu destino.<\/p>\n<\/div>\n<\/div>\n<\/div>\n<\/div>\n<\/div>\n<\/div>\n<div  class=\"one withsmallpadding ppb_header\" style=\"text-align:left;padding:40px 0 40px 0;\" >\n<div class=\"standard_wrapper\">\n<div class=\"page_content_wrapper\">\n<div class=\"inner\">\n<div style=\"margin:auto;width:100%\">\n<h2 class=\"ppb_title\" style=\"\">O neg\u00f3cio de t\u00e1xis em Bruxelas \u00e9 o nosso servi\u00e7o<\/h2>\n<div class=\"ppb_header_content\">\n<p>Apenas confie em n\u00f3s para todas as suas viagens de t\u00e1xi em Bruxelas ou para os aeroportos. O transporte de pessoas \u00e9 a nossa especialidade. Al\u00e9m disso, oferecemos servi\u00e7o de aluguel de autom\u00f3veis com motorista. Voc\u00ea tem todos os motivos para confiar em n\u00f3s. At\u00e9 o momento, temos centenas de clientes satisfeitos.<\/p>\n<p>Se voc\u00ea est\u00e1 procurando uma maneira econ\u00f4mica e confort\u00e1vel de pegar um t\u00e1xi de ou para o Aeroporto de Bruxelas e o Aeroporto de Charleroi, isso n\u00e3o o arruinar\u00e1. Ent\u00e3o o seu driver privado continua sendo a solu\u00e7\u00e3o ideal.<\/p>\n<\/div>\n<\/div>\n<\/div>\n<\/div>\n<\/div>\n<\/div>\n<div  class=\"one withsmallpadding ppb_header\" style=\"text-align:left;padding:40px 0 40px 0;\" >\n<div class=\"standard_wrapper\">\n<div class=\"page_content_wrapper\">\n<div class=\"inner\">\n<div style=\"margin:auto;width:100%\">\n<h2 class=\"ppb_title\" style=\"\">Reserva de t\u00e1xi em seu motorista particular<\/h2>\n<div class=\"ppb_header_content\">\n<p>Nosso sistema de reserva de t\u00e1xi online ir\u00e1 ajud\u00e1-lo a reservar seu t\u00e1xi facilmente. Ao fazer a reserva online em nosso site, voc\u00ea pode comparar diretamente e ver qual tipo de ve\u00edculo \u00e9 mais econ\u00f4mico ou confort\u00e1vel dependendo do seu destino e or\u00e7amento.<\/p>\n<p>Reserve o seu t\u00e1xi do aeroporto com o seu motorista particular. Na verdade, isso permitir\u00e1 que voc\u00ea permane\u00e7a livre de estresse no dia de sua viagem. Com efeito, se reservar o seu t\u00e1xi do aeroporto de Bruxelas ou do aeroporto de Charleroi com bastante anteced\u00eancia, n\u00e3o ter\u00e1 de se preocupar com o dia da viagem. Da mesma forma, se voc\u00ea reservar um t\u00e1xi para a cidade de Antu\u00e9rpia, Liege, Ghent, Bruges, Liege ou Namur. Uma reserva de t\u00e1xi conosco permite que voc\u00ea saiba com anteced\u00eancia o pre\u00e7o final fixo da sua corrida.<\/p>\n<p>De um simples sedan a t\u00e1xis de luxo, h\u00e1 algo para todos os gostos e bolsos. Portanto, reserve o seu t\u00e1xi do aeroporto agora para ser buscado no Aeroporto de Bruxelas e no Aeroporto de Charleroi, ou simplesmente deixe-o l\u00e1.<\/p>\n<p>Gra\u00e7as ao nosso sistema de reservas online, voc\u00ea est\u00e1 protegido contra a surpresa de um aumento de taxa de \u00faltima hora. Na verdade, isso acontece apenas quando voc\u00ea quer pedir seu t\u00e1xi Uber ou t\u00e1xi Heetch para o aeroporto. Todos n\u00f3s agora sobre o famoso aumento do pre\u00e7o do Uber. Voc\u00ea nunca experimentar\u00e1 tal coisa com seu motorista particular<\/p>\n<h3>Como pagar o t\u00e1xi no Your Private Driver?<\/h3>\n<h4>Meio de pagamento do seu t\u00e1xi do aeroporto.<\/h4>\n<p>No momento da reserva do t\u00e1xi, voc\u00ea escolher\u00e1 entre um pagamento online seguro imediato ou pagamento em dinheiro.<\/p>\n<p>Seu motorista particular aceita a maioria dos m\u00e9todos de pagamento, como Mastercard, Visa, American Express, PayPal, Ideal, Sofort Banking, Bancontact, EPS, CartaSi, GiroPay, KBC \/ CBC, Belfius, ING, Paysafecard, Cart\u00f5es Banc\u00e1rios, D\u00e9bito Direto Sepa, Banco Sepa Transfer\u00eancia, cart\u00f5es de presente e v\u00e1rios outros cart\u00f5es de cr\u00e9dito ou d\u00e9bito. Para qualquer pagamento online, \u00e9 necess\u00e1ria uma taxa extra de 4%. Esta \u00e9 para a comiss\u00e3o de transa\u00e7\u00e3o de cart\u00e3o de cr\u00e9dito \/ Paypal.<\/p>\n<p>Caso opte pelo pagamento \u00e0 vista, n\u00e3o \u00e9 necess\u00e1rio nenhum custo extra. O pagamento \u00e9 feito ao motorista. No entanto, voc\u00ea s\u00f3 precisa ter o troco exato porque nossos motoristas n\u00e3o costumam andar com muito dinheiro.<\/p>\n<h4>Pre\u00e7o de t\u00e1xi barato.<\/h4>\n<p>Tarifa competitiva de t\u00e1xi para minivans particulares, Mercedes-Benz classe V ou similar para at\u00e9 8 pessoas. Al\u00e9m disso, voc\u00ea paga uma tarifa de t\u00e1xi razo\u00e1vel para o aeroporto com sedans executivos como Mercedes-Benz classe E. Essa tarifa de t\u00e1xi acess\u00edvel se aplica at\u00e9 mesmo a micro\u00f4nibus padr\u00e3o para 8 pessoas como Opel Vivaro ou Volkswagen Caravell. Uma tarifa de t\u00e1xi barata tamb\u00e9m se aplica a Sedans padr\u00e3o como o Skoda Octavia ou ve\u00edculo semelhante.<\/p>\n<p>No Your Private Driver, voc\u00ea encontra uma das tarifas de t\u00e1xi mais baratas de Bruxelas. T\u00e1xi a partir de 35 euros para um traslado do aeroporto de Bruxelas para o centro de Bruxelas. Este pre\u00e7o inclui o servi\u00e7o de recep\u00e7\u00e3o no aeroporto. Seu motorista particular aplica uma tarifa de t\u00e1xi muito barata. Na verdade, isso \u00e9 para permitir que todos possam desfrutar de nossos servi\u00e7os excepcionais.<\/p>\n<p>N\u00e3o hesite em se registrar ou <a href=\"https:\/\/manu015.supserv.cozmoslabs.com\/account\/\">Fa\u00e7a login na sua conta<\/a> para gerenciar suas reservas ou fazer uma nova reserva.<\/p>\n<\/div>\n<\/div>\n<\/div>\n<\/div>\n<\/div>\n<\/div>","protected":false},"excerpt":{"rendered":"<p>Your Private Driver Your Private Driver is a taxi company and remunerated passenger carrier founded around early 2016. The company is located in Brussels and operates throughout Belgium and across Europe. In addition, Your Private Driver is a key player [&hellip;]<\/p>","protected":false},"author":1,"featured_media":7659,"parent":0,"menu_order":0,"comment_status":"closed","ping_status":"closed","template":"","meta":[],"yoast_head":"<!-- This site is optimized with the Yoast SEO plugin v18.4.1 - https:\/\/yoast.com\/wordpress\/plugins\/seo\/ -->\n<title>Learn more about our taxi company - Your Private Driver<\/title>\n<meta name=\"description\" content=\"Your Private Driver is taxi company founded in early 2016. We provide taxi service in Brussels and to BRU and CRL airports.\" \/>\n<meta name=\"robots\" content=\"index, follow, max-snippet:-1, max-image-preview:large, max-video-preview:-1\" \/>\n<link rel=\"canonical\" href=\"https:\/\/manu015.supserv.cozmoslabs.com\/pt\/about-us\/\" \/>\n<meta property=\"og:locale\" content=\"pt_PT\" \/>\n<meta property=\"og:type\" content=\"article\" \/>\n<meta property=\"og:title\" content=\"Learn more about our taxi company - Your Private Driver\" \/>\n<meta property=\"og:description\" content=\"Your Private Driver is taxi company founded in early 2016. We provide taxi service in Brussels and to BRU and CRL airports.\" \/>\n<meta property=\"og:url\" content=\"https:\/\/manu015.supserv.cozmoslabs.com\/pt\/about-us\/\" \/>\n<meta property=\"og:site_name\" content=\"Your Private Driver\" \/>\n<meta property=\"article:publisher\" content=\"https:\/\/www.facebook.com\/yourprivatedriverbrussels\" \/>\n<meta property=\"article:modified_time\" content=\"2020-11-13T07:50:29+00:00\" \/>\n<meta property=\"og:image\" content=\"https:\/\/manu015.supserv.cozmoslabs.com\/wp-content\/uploads\/2020\/11\/about.jpg\" \/>\n\t<meta property=\"og:image:width\" content=\"854\" \/>\n\t<meta property=\"og:image:height\" content=\"334\" \/>\n\t<meta property=\"og:image:type\" content=\"image\/jpeg\" \/>\n<meta name=\"twitter:card\" content=\"summary_large_image\" \/>\n<meta name=\"twitter:site\" content=\"@privatedriverbx\" \/>\n<meta name=\"twitter:label1\" content=\"Tempo estimado de leitura\" \/>\n\t<meta name=\"twitter:data1\" content=\"5 minutos\" \/>\n<script type=\"application\/ld+json\" class=\"yoast-schema-graph\">{\"@context\":\"https:\/\/schema.org\",\"@graph\":[{\"@type\":\"Organization\",\"@id\":\"https:\/\/manu015.supserv.cozmoslabs.com\/#organization\",\"name\":\"Your Private Driver\",\"url\":\"https:\/\/manu015.supserv.cozmoslabs.com\/\",\"sameAs\":[\"https:\/\/www.facebook.com\/yourprivatedriverbrussels\",\"https:\/\/www.instagram.com\/taxibrusselsairport\/\",\"https:\/\/www.linkedin.com\/company\/yourprivatedriver\/\",\"https:\/\/www.youtube.com\/channel\/UCdFj5lm3qhOZWz_Rz0yupVA\",\"https:\/\/www.pinterest.fr\/pin\/704672672920362864\/\",\"https:\/\/twitter.com\/privatedriverbx\"],\"logo\":{\"@type\":\"ImageObject\",\"@id\":\"https:\/\/manu015.supserv.cozmoslabs.com\/#logo\",\"inLanguage\":\"pt-PT\",\"url\":\"\",\"contentUrl\":\"\",\"caption\":\"Your Private Driver\"},\"image\":{\"@id\":\"https:\/\/manu015.supserv.cozmoslabs.com\/#logo\"}},{\"@type\":\"WebSite\",\"@id\":\"https:\/\/manu015.supserv.cozmoslabs.com\/#website\",\"url\":\"https:\/\/manu015.supserv.cozmoslabs.com\/\",\"name\":\"Your Private Driver\",\"description\":\"Taxi Brussels airport - Taxi Charleroi airport\",\"publisher\":{\"@id\":\"https:\/\/manu015.supserv.cozmoslabs.com\/#organization\"},\"potentialAction\":[{\"@type\":\"SearchAction\",\"target\":{\"@type\":\"EntryPoint\",\"urlTemplate\":\"https:\/\/manu015.supserv.cozmoslabs.com\/?s={search_term_string}\"},\"query-input\":\"required name=search_term_string\"}],\"inLanguage\":\"pt-PT\"},{\"@type\":\"ImageObject\",\"@id\":\"https:\/\/manu015.supserv.cozmoslabs.com\/about-us\/#primaryimage\",\"inLanguage\":\"pt-PT\",\"url\":\"https:\/\/manu015.supserv.cozmoslabs.com\/wp-content\/uploads\/2020\/11\/about.jpg\",\"contentUrl\":\"https:\/\/manu015.supserv.cozmoslabs.com\/wp-content\/uploads\/2020\/11\/about.jpg\",\"width\":854,\"height\":334,\"caption\":\"About Us\"},{\"@type\":\"WebPage\",\"@id\":\"https:\/\/manu015.supserv.cozmoslabs.com\/about-us\/#webpage\",\"url\":\"https:\/\/manu015.supserv.cozmoslabs.com\/about-us\/\",\"name\":\"Learn more about our taxi company - Your Private Driver\",\"isPartOf\":{\"@id\":\"https:\/\/manu015.supserv.cozmoslabs.com\/#website\"},\"primaryImageOfPage\":{\"@id\":\"https:\/\/manu015.supserv.cozmoslabs.com\/about-us\/#primaryimage\"},\"datePublished\":\"2020-10-31T13:03:15+00:00\",\"dateModified\":\"2020-11-13T07:50:29+00:00\",\"description\":\"Your Private Driver is taxi company founded in early 2016. We provide taxi service in Brussels and to BRU and CRL airports.\",\"breadcrumb\":{\"@id\":\"https:\/\/manu015.supserv.cozmoslabs.com\/about-us\/#breadcrumb\"},\"inLanguage\":\"pt-PT\",\"potentialAction\":[{\"@type\":\"ReadAction\",\"target\":[\"https:\/\/manu015.supserv.cozmoslabs.com\/about-us\/\"]}]},{\"@type\":\"BreadcrumbList\",\"@id\":\"https:\/\/manu015.supserv.cozmoslabs.com\/about-us\/#breadcrumb\",\"itemListElement\":[{\"@type\":\"ListItem\",\"position\":1,\"name\":\"Home\",\"item\":\"https:\/\/manu015.supserv.cozmoslabs.com\/\"},{\"@type\":\"ListItem\",\"position\":2,\"name\":\"About Us\"}]}]}<\/script>\n<!-- \/ Yoast SEO plugin. -->","yoast_head_json":{"title":"Learn more about our taxi company - Your Private Driver","description":"Your Private Driver is taxi company founded in early 2016. We provide taxi service in Brussels and to BRU and CRL airports.","robots":{"index":"index","follow":"follow","max-snippet":"max-snippet:-1","max-image-preview":"max-image-preview:large","max-video-preview":"max-video-preview:-1"},"canonical":"https:\/\/manu015.supserv.cozmoslabs.com\/pt\/about-us\/","og_locale":"pt_PT","og_type":"article","og_title":"Learn more about our taxi company - Your Private Driver","og_description":"Your Private Driver is taxi company founded in early 2016. We provide taxi service in Brussels and to BRU and CRL airports.","og_url":"https:\/\/manu015.supserv.cozmoslabs.com\/pt\/about-us\/","og_site_name":"Your Private Driver","article_publisher":"https:\/\/www.facebook.com\/yourprivatedriverbrussels","article_modified_time":"2020-11-13T07:50:29+00:00","og_image":[{"width":854,"height":334,"url":"https:\/\/manu015.supserv.cozmoslabs.com\/wp-content\/uploads\/2020\/11\/about.jpg","type":"image\/jpeg"}],"twitter_card":"summary_large_image","twitter_site":"@privatedriverbx","twitter_misc":{"Tempo estimado de leitura":"5 minutos"},"schema":{"@context":"https:\/\/schema.org","@graph":[{"@type":"Organization","@id":"https:\/\/manu015.supserv.cozmoslabs.com\/#organization","name":"Your Private Driver","url":"https:\/\/manu015.supserv.cozmoslabs.com\/","sameAs":["https:\/\/www.facebook.com\/yourprivatedriverbrussels","https:\/\/www.instagram.com\/taxibrusselsairport\/","https:\/\/www.linkedin.com\/company\/yourprivatedriver\/","https:\/\/www.youtube.com\/channel\/UCdFj5lm3qhOZWz_Rz0yupVA","https:\/\/www.pinterest.fr\/pin\/704672672920362864\/","https:\/\/twitter.com\/privatedriverbx"],"logo":{"@type":"ImageObject","@id":"https:\/\/manu015.supserv.cozmoslabs.com\/#logo","inLanguage":"pt-PT","url":"","contentUrl":"","caption":"Your Private Driver"},"image":{"@id":"https:\/\/manu015.supserv.cozmoslabs.com\/#logo"}},{"@type":"WebSite","@id":"https:\/\/manu015.supserv.cozmoslabs.com\/#website","url":"https:\/\/manu015.supserv.cozmoslabs.com\/","name":"Your Private Driver","description":"Taxi Brussels airport - Taxi Charleroi airport","publisher":{"@id":"https:\/\/manu015.supserv.cozmoslabs.com\/#organization"},"potentialAction":[{"@type":"SearchAction","target":{"@type":"EntryPoint","urlTemplate":"https:\/\/manu015.supserv.cozmoslabs.com\/?s={search_term_string}"},"query-input":"required name=search_term_string"}],"inLanguage":"pt-PT"},{"@type":"ImageObject","@id":"https:\/\/manu015.supserv.cozmoslabs.com\/about-us\/#primaryimage","inLanguage":"pt-PT","url":"https:\/\/manu015.supserv.cozmoslabs.com\/wp-content\/uploads\/2020\/11\/about.jpg","contentUrl":"https:\/\/manu015.supserv.cozmoslabs.com\/wp-content\/uploads\/2020\/11\/about.jpg","width":854,"height":334,"caption":"About Us"},{"@type":"WebPage","@id":"https:\/\/manu015.supserv.cozmoslabs.com\/about-us\/#webpage","url":"https:\/\/manu015.supserv.cozmoslabs.com\/about-us\/","name":"Learn more about our taxi company - Your Private Driver","isPartOf":{"@id":"https:\/\/manu015.supserv.cozmoslabs.com\/#website"},"primaryImageOfPage":{"@id":"https:\/\/manu015.supserv.cozmoslabs.com\/about-us\/#primaryimage"},"datePublished":"2020-10-31T13:03:15+00:00","dateModified":"2020-11-13T07:50:29+00:00","description":"Your Private Driver is taxi company founded in early 2016. We provide taxi service in Brussels and to BRU and CRL airports.","breadcrumb":{"@id":"https:\/\/manu015.supserv.cozmoslabs.com\/about-us\/#breadcrumb"},"inLanguage":"pt-PT","potentialAction":[{"@type":"ReadAction","target":["https:\/\/manu015.supserv.cozmoslabs.com\/about-us\/"]}]},{"@type":"BreadcrumbList","@id":"https:\/\/manu015.supserv.cozmoslabs.com\/about-us\/#breadcrumb","itemListElement":[{"@type":"ListItem","position":1,"name":"Home","item":"https:\/\/manu015.supserv.cozmoslabs.com\/"},{"@type":"ListItem","position":2,"name":"About Us"}]}]}},"_links":{"self":[{"href":"https:\/\/manu015.supserv.cozmoslabs.com\/pt\/wp-json\/wp\/v2\/pages\/7018"}],"collection":[{"href":"https:\/\/manu015.supserv.cozmoslabs.com\/pt\/wp-json\/wp\/v2\/pages"}],"about":[{"href":"https:\/\/manu015.supserv.cozmoslabs.com\/pt\/wp-json\/wp\/v2\/types\/page"}],"author":[{"embeddable":true,"href":"https:\/\/manu015.supserv.cozmoslabs.com\/pt\/wp-json\/wp\/v2\/users\/1"}],"replies":[{"embeddable":true,"href":"https:\/\/manu015.supserv.cozmoslabs.com\/pt\/wp-json\/wp\/v2\/comments?post=7018"}],"version-history":[{"count":0,"href":"https:\/\/manu015.supserv.cozmoslabs.com\/pt\/wp-json\/wp\/v2\/pages\/7018\/revisions"}],"wp:featuredmedia":[{"embeddable":true,"href":"https:\/\/manu015.supserv.cozmoslabs.com\/pt\/wp-json\/wp\/v2\/media\/7659"}],"wp:attachment":[{"href":"https:\/\/manu015.supserv.cozmoslabs.com\/pt\/wp-json\/wp\/v2\/media?parent=7018"}],"curies":[{"name":"wp","href":"https:\/\/api.w.org\/{rel}","templated":true}]}}