{"id":2650,"date":"2017-01-24T09:16:52","date_gmt":"2017-01-24T09:16:52","guid":{"rendered":"http:\/\/themes.themegoods.com\/grandcarrental\/demo\/?page_id=2650"},"modified":"2020-11-13T17:31:19","modified_gmt":"2020-11-13T17:31:19","slug":"faqs","status":"publish","type":"page","link":"https:\/\/manu015.supserv.cozmoslabs.com\/pt\/faqs\/","title":{"rendered":"Perguntas frequentes sobre o seu driver privado"},"content":{"rendered":"<h2>Por que escolher o seu motorista particular para todas as suas viagens de t\u00e1xi do aeroporto?<\/h2>\n<div class=\"pp_accordion has_icon\">\n<h3><a href=\"#\">Sistema de reserva de t\u00e1xi f\u00e1cil<\/a><\/h3>\n<div>\n<p> Usamos o sistema de reserva de t\u00e1xi mais f\u00e1cil e eficiente.<br \/>\nDemora 1 minuto para saber o pre\u00e7o exato da sua tarifa de t\u00e1xi.<br \/>\nPara isso, tudo o que voc\u00ea precisa fazer \u00e9 acessar o widget de reservas que est\u00e1 em nosso <a href=\"https:\/\/manu015.supserv.cozmoslabs.com\/\">pagina inicial<\/a>, preencha os seus endere\u00e7os de recolha e de entrega, indique o dia e a data da sua viagem e clique no bot\u00e3o \u201cObter Pre\u00e7o\u201d e j\u00e1 est\u00e1. A pr\u00f3xima coisa que voc\u00ea ver\u00e1 s\u00e3o nossos pre\u00e7os diferentes por tipo de ve\u00edculo. Se concordar com o pre\u00e7o, basta selecionar o ve\u00edculo de sua prefer\u00eancia e clicar no bot\u00e3o \u201cReservar agora\u201d. A partir da\u00ed, voc\u00ea precisar\u00e1 nos fornecer algumas informa\u00e7\u00f5es de que precisamos para processar sua reserva sem problemas. Caso contr\u00e1rio, caso n\u00e3o concorde com o pre\u00e7o, basta sair do site sem fazer a reserva.<\/p>\n<p>O cliente pode reservar o tipo de <a href=\"https:\/\/tomorrowland-taxi.com\" target=\"_blank\" rel=\"noopener noreferrer\">T\u00e1xi<\/a> que se adapte ao seu or\u00e7amento. Todas as reservas s\u00e3o feitas atrav\u00e9s do nosso site e raramente por telefone. Na \u00faltima fase da sua reserva, fa\u00e7a um pagamento online seguro e instant\u00e2neo via cart\u00e3o de cr\u00e9dito \/ Paypal ou opte por pagar mais tarde em dinheiro ao seu motorista. Reserve pelo menos 1 hora antes da hora de partida. Caso contr\u00e1rio, voc\u00ea deve nos ligar por telefone. Porque nosso sistema de reserva s\u00f3 permite reservas com no m\u00ednimo 1 hora de anteced\u00eancia. Se n\u00e3o houver um m\u00ednimo de 1 hora entre a hora da reserva e a hora da partida, voc\u00ea n\u00e3o poder\u00e1 concluir a sua reserva. Nesse caso, contacte-nos e processaremos a sua reserva de t\u00e1xi manualmente. Voc\u00ea sempre receber\u00e1 um primeiro e-mail instant\u00e2neo ap\u00f3s a reserva com sua fatura anexada. Em seguida, ser\u00e1 enviado um segundo e-mail confirmando sua reserva e um dia antes da viagem voc\u00ea receber\u00e1 um terceiro e-mail com todos os detalhes sobre o motorista e o ve\u00edculo.<\/p>\n<\/div>\n<\/div>\n<h2>Mais raz\u00f5es para nos escolher para todas as suas viagens de t\u00e1xi do aeroporto?<\/h2>\n<div class=\"pp_accordion has_icon\">\n<h3><a href=\"#\">45 minutos de espera no aeroporto<\/a><\/h3>\n<div>\n<p> Seu motorista esperar\u00e1 por voc\u00ea no aeroporto at\u00e9 45 minutos ap\u00f3s o pouso do seu v\u00f4o. Na verdade, este tempo \u00e9 mais do que suficiente para voc\u00ea pegar toda a sua bagagem e encontrar o motorista no ponto de encontro.<\/p>\n<\/div>\n<\/div>\n<div class=\"pp_accordion has_icon\">\n<h3><a href=\"#\">Oferecemos cadeiras de beb\u00ea e cadeiras elevat\u00f3rias<\/a><\/h3>\n<div>\n<p> Para o seu t\u00e1xi para o aeroporto, evite bagun\u00e7ar sua cadeira de beb\u00ea pessoal. Opte por nossa cadeira de beb\u00ea limpa e arrumada por um pre\u00e7o muito baixo. A mesma coisa para seu filho que n\u00e3o \u00e9 alto o suficiente para colocar o cinto de seguran\u00e7a do ve\u00edculo. Opte pela nossa cadeira elevat\u00f3ria em vez de complicar-se com a sua cadeira infantil. Colocamos \u00e0 sua disposi\u00e7\u00e3o um assento elevat\u00f3rio gratuito.<\/p>\n<\/div>\n<\/div>\n<div class=\"pp_accordion has_icon\">\n<h3><a href=\"#\">Servi\u00e7o de boas-vindas no aeroporto<\/a><\/h3>\n<div>\n<p> Ao escolher o nosso servi\u00e7o de recep\u00e7\u00e3o no aeroporto, o seu motorista ir\u00e1 esper\u00e1-lo na aterragem do seu voo. Ele estar\u00e1 na sala de espera do aeroporto com uma placa, smartphone ou tablet com seu nome. Seu motorista espera por voc\u00ea e ajuda a carregar sua bagagem, se necess\u00e1rio. Ele o leva at\u00e9 o seu destino. Ele pode at\u00e9 aconselhar um local de atra\u00e7\u00e3o ou um restaurante, se desejar. Esque\u00e7a os t\u00e1xis para fazer granizo, onde voc\u00ea n\u00e3o sabe quanto vai custar a viagem no final. Com <a href=\"https:\/\/manu015.supserv.cozmoslabs.com\/about-us\/\">Seu motorista particular<\/a>, voc\u00ea sempre sabe o pre\u00e7o exato da sua viagem de t\u00e1xi.<\/p>\n<\/div>\n<\/div>\n<h2>Perguntas frequentes sobre pickups<\/h2>\n<div class=\"pp_accordion_close has_icon\">\n<h3><a href=\"#\">E se eu n\u00e3o conseguir encontrar o seu motorista de t\u00e1xi?<\/a><\/h3>\n<div>\n<p> Isso \u00e9 uma raridade, pois nossos motoristas chegam ao aeroporto com bastante anteced\u00eancia quando voc\u00ea contrata nosso servi\u00e7o de recep\u00e7\u00e3o. Voc\u00ea pode encontr\u00e1-los \u00e0 espera com uma placa clara e um smartphone ou tablet. Caso voc\u00ea n\u00e3o consiga identificar o nosso motorista, basta ligar para ele. Nosso motorista vai encontrar voc\u00ea imediatamente, voc\u00ea tamb\u00e9m pode ligar para o despacho +32466162494 estamos tamb\u00e9m dispon\u00edveis no WhatsApp com o mesmo n\u00famero de telefone.<\/p>\n<\/div>\n<\/div>\n<div class=\"pp_accordion_close has_icon\">\n<h3><a href=\"#\">Posso pedir ao motorista para fazer uma parada e alterar a rota?<\/a><\/h3>\n<div>\n<p> Se voc\u00ea se desviar do percurso planejado ou fizer uma parada longa, ter\u00e1 a liberdade de desviar com o motorista. O dinheiro que voc\u00ea pagou ou o voucher enviado refletem claramente o pre\u00e7o que voc\u00ea escolheu anteriormente. Voc\u00ea precisa pagar em dinheiro extra pelos desvios e paradas extras.<\/p>\n<\/div>\n<\/div>\n<div class=\"pp_accordion_close has_icon\">\n<h3><a href=\"#\">E quanto \u00e0 franquia de bagagem por ve\u00edculo?<\/a><\/h3>\n<div>\n<p> A franquia de bagagem depender\u00e1 da capacidade de cada categoria de ve\u00edculo. 3 bolsas para sedans e 8 bolsas para minivans<\/p>\n<\/div>\n<\/div>\n<div class=\"pp_accordion_close has_icon\">\n<h3><a href=\"#\">Voc\u00eas fornecem cadeiras de beb\u00ea e cadeiras elevat\u00f3rias?<\/a><\/h3>\n<div>\n<p> Sim; Seu motorista particular oferece cadeiras de beb\u00ea e cadeiras elevat\u00f3rias. Voc\u00ea n\u00e3o precisa se preocupar em usar sua pr\u00f3pria cadeira de beb\u00ea e criar um efeito desordenado. Oferecemos nossas cadeiras de beb\u00ea limpas e arrumadas por um pre\u00e7o acess\u00edvel. Assentos elevat\u00f3rios tamb\u00e9m s\u00e3o disponibilizados gratuitamente para oferecer o melhor conforto aos seus filhos.<\/p>\n<\/div>\n<\/div>\n<div class=\"pp_accordion_close has_icon\">\n<h3><a href=\"#\">Voc\u00eas oferecem servi\u00e7o de recep\u00e7\u00e3o no aeroporto?<\/a><\/h3>\n<div>\n<p> Sim; Oferecemos servi\u00e7o de recep\u00e7\u00e3o no aeroporto. Se escolher o nosso servi\u00e7o de recep\u00e7\u00e3o no aeroporto por um custo adicional de 5 euros, o nosso motorista ir\u00e1 esperar por si na sala de espera do aeroporto para o receber. Voc\u00ea pode encontrar nossos motoristas com uma placa e smartphone ou tablet. Eles at\u00e9 ajudam voc\u00ea a carregar a bagagem, se necess\u00e1rio.<\/p>\n<\/div>\n<\/div>\n<h2>Perguntas frequentes sobre os servi\u00e7os<\/h2>\n<div class=\"pp_accordion_close has_icon\">\n<h3><a href=\"#\">Que tipo de eventos sua empresa de t\u00e1xi cobre?<\/a><\/h3>\n<div>\n<p> Oferecemos ve\u00edculos luxuosos para qualquer tipo de evento, incluindo casamento, batismo, reuni\u00e3o corporativa, visita a boates, eventos esportivos e muito mais. Voc\u00ea pode escolher uma limusine de luxo para tornar seu transporte extremamente agrad\u00e1vel, seguro e divertido.<\/p>\n<\/div>\n<\/div>\n<div class=\"pp_accordion_close has_icon\">\n<h3><a href=\"#\">Voc\u00eas oferecem servi\u00e7os de aluguel de autom\u00f3veis?<\/a><\/h3>\n<div>\n<p> Al\u00e9m de oferecer servi\u00e7os de t\u00e1xi em Bruxelas, oferecemos solu\u00e7\u00f5es de aluguel de autom\u00f3veis com motorista para cuidar de suas viagens, incluindo transporte de hot\u00e9is para salas de confer\u00eancias e outros destinos. Cuidamos de suas necessidades de viagem com profissionalismo. Tamb\u00e9m fornecemos um motorista experiente para atender \u00e0s suas necessidades de forma respons\u00e1vel.<\/p>\n<\/div>\n<\/div>\n<div class=\"pp_accordion_close has_icon\">\n<h3><a href=\"#\">Posso reservar online?<\/a><\/h3>\n<div>\n<p> Sim! Voc\u00ea pode reservar online com conforto e facilidade sem esfor\u00e7o. O processo de reserva pode ser conclu\u00eddo em tr\u00eas etapas simples. Ao inserir os destinos de embarque e desembarque, data e hora, voc\u00ea \u00e9 direcionado para uma p\u00e1gina onde v\u00ea o pre\u00e7o de cada categoria de ve\u00edculo, aqui voc\u00ea s\u00f3 precisa escolher o tipo de ve\u00edculo que corresponda \u00e0s suas necessidades e or\u00e7amento. Ao clicar no seu ve\u00edculo preferido, voc\u00ea pode clicar no bot\u00e3o \u201creservar agora\u201d. Ap\u00f3s fornecer os dados pessoais, pode-se efetuar o pagamento e, por \u00faltimo, \u00e9 necess\u00e1ria a confirma\u00e7\u00e3o da reserva.<\/p>\n<\/div>\n<\/div>\n<div class=\"pp_accordion_close has_icon\">\n<h3><a href=\"#\">Voc\u00eas oferecem uma transfer\u00eancia compartilhada ou privada?<\/a><\/h3>\n<div>\n<p> Seu motorista particular oferece apenas traslados particulares para nossos clientes. Voc\u00ea n\u00e3o precisa se preocupar em viajar com estranhos. Damos extrema import\u00e2ncia \u00e0s necessidades de cada cliente. Como voc\u00ea est\u00e1 viajando sozinho ou com seus entes queridos e pr\u00f3ximos, pode ficar relaxado.<\/p>\n<\/div>\n<\/div>\n<h2>Perguntas frequentes sobre a Frota<\/h2>\n<div class=\"pp_accordion_close has_icon\">\n<h3><a href=\"#\">Que tipo de ve\u00edculos voc\u00eas oferecem?<\/a><\/h3>\n<div>\n<p> N\u00e3o importa se voc\u00ea precisa de uma limusine ou qualquer outro tipo de ve\u00edculo, incluindo micro\u00f4nibus ou sedan; voc\u00ea pode confiar em n\u00f3s. Nossa frota consiste em uma incr\u00edvel variedade de ve\u00edculos para acomodar as necessidades de indiv\u00edduos e grupos.<\/p>\n<\/div>\n<\/div>\n<div class=\"pp_accordion_close has_icon\">\n<h3><a href=\"#\">E a sua frota de ve\u00edculos?<\/a><\/h3>\n<div>\n<p> Oferecemos uma ampla variedade de ve\u00edculos para acomodar as necessidades em evolu\u00e7\u00e3o de diferentes pessoas. Nossa frota de ve\u00edculos \u00e9 composta por carros executivos, carros convencionais, micro\u00f4nibus executivos e micro\u00f4nibus padr\u00e3o de v\u00e1rias marcas. Voc\u00ea pode escolher o caminho certo com base em suas necessidades e or\u00e7amento.<\/p>\n<\/div>\n<\/div>\n<h2>Perguntas frequentes sobre cobertura<\/h2>\n<div class=\"pp_accordion_close has_icon\">\n<h3><a href=\"#\">Quais s\u00e3o as \u00e1reas que os seus servi\u00e7os de t\u00e1xi de Bruxelas cobrem?<\/a><\/h3>\n<div>\n<p> Como um provedor de servi\u00e7os de t\u00e1xi confi\u00e1vel e respons\u00e1vel, o Your Private Driver oferece servi\u00e7os para todas as partes da B\u00e9lgica e al\u00e9m. Voc\u00ea pode at\u00e9 alugar nosso t\u00e1xi para outras cidades da Europa. Nosso objetivo \u00e9 entregar a melhor experi\u00eancia aos nossos clientes de forma segura esta \u00e9 uma das perguntas mais frequentes.<\/p>\n<\/div>\n<\/div>\n<div class=\"pp_accordion_close has_icon\">\n<h3><a href=\"#\">Quais s\u00e3o os destinos que seus servi\u00e7os de t\u00e1xi cobrem?<\/a><\/h3>\n<div>\n<p> Oferecemos nossos servi\u00e7os de aeroporto e t\u00e1xi privado em quase todas as partes da B\u00e9lgica e pa\u00edses vizinhos para atender \u00e0s diferentes necessidades do n\u00famero m\u00e1ximo de clientes. Voc\u00ea pode simplesmente inserir seu ponto de embarque e desembarque em nosso formul\u00e1rio de reserva e voc\u00ea receber\u00e1 um or\u00e7amento para sua viagem.<\/p>\n<\/div>\n<\/div>\n<h2>Perguntas frequentes sobre pagamento e seguran\u00e7a<\/h2>\n<div class=\"pp_accordion_close has_icon\">\n<h3><a href=\"#\">Devo me preocupar com a seguran\u00e7a ao fazer pagamentos online?<\/a><\/h3>\n<div>\n<p> Quando voc\u00ea faz pagamentos online com seu motorista particular, n\u00e3o precisa se preocupar com a seguran\u00e7a. Nosso m\u00e9todo de pagamento \u00e9 equipado com criptografia de ponta a ponta para garantir transa\u00e7\u00f5es de pagamento online seguras e suaves. Oferecemos op\u00e7\u00f5es de pagamento flex\u00edveis, incluindo transfer\u00eancia banc\u00e1ria e m\u00e9todos de pagamento online.<\/p>\n<\/div>\n<\/div>\n<div class=\"pp_accordion_close has_icon\">\n<h3><a href=\"#\">Quanto preciso pagar pelos seus servi\u00e7os de transporte para o aeroporto?<\/a><\/h3>\n<div>\n<p> Voc\u00ea n\u00e3o precisa se preocupar com pre\u00e7os altos porque cobramos os pre\u00e7os mais competitivos do setor. Nosso m\u00e9todo de abordagem \u00e9 simples e transparente. O pre\u00e7o inicial elimina qualquer confus\u00e3o e voc\u00ea pode alugar nosso ve\u00edculo com grande conforto. Cobramos apenas o que cotamos. Voc\u00ea pode encontrar o pre\u00e7o que cobramos de diferentes aeroportos para v\u00e1rios destinos antes de reservar. Somente se concordar com o pre\u00e7o da sua viagem \u00e9 que voc\u00ea pode continuar com o processo de reserva real.<\/p>\n<\/div>\n<\/div>\n<div class=\"pp_accordion_close has_icon\">\n<h3><a href=\"#\">Como posso cancelar meu pedido de servi\u00e7o de transfer do aeroporto?<\/a><\/h3>\n<div>\n<p> Estas s\u00e3o as perguntas mais frequentes. De fato, voc\u00ea pode cancelar sua viagem at\u00e9 24 horas antes do hor\u00e1rio de embarque. Voc\u00ea n\u00e3o precisa se preocupar com nenhuma multa por cancelamento dentro deste per\u00edodo de tempo. O valor total \u00e9 reembolsado em tempo h\u00e1bil. Voc\u00ea n\u00e3o ter\u00e1 direito a reembolso se cancelar ap\u00f3s esse per\u00edodo.<\/p>\n<\/div>\n<\/div>\n<div class=\"pp_accordion_close has_icon\">\n<h3><a href=\"#\">Como voc\u00ea garante a seguran\u00e7a dos clientes?<\/a><\/h3>\n<div>\n<p> Estamos empenhados em oferecer seguran\u00e7a sem falhas aos nossos clientes. Todos os nossos motoristas s\u00e3o profissionais experientes, disciplinados e com experi\u00eancia comprovada, com um bom hist\u00f3rico. Eles est\u00e3o completamente familiarizados com todas as rotas e levam voc\u00ea ao seu destino de forma segura e respons\u00e1vel. Al\u00e9m disso, todos os nossos ve\u00edculos est\u00e3o equipados com um sistema de rastreamento e rastreamento GPS.<\/p>\n<\/div>\n<\/div>\n<p>Se voc\u00ea quiser ver alguns dos ve\u00edculos em <a href=\"https:\/\/manu015.supserv.cozmoslabs.com\/fleet\/\">nossa frota, por favor clique aqui.<\/a><br \/>\n<img class=\"alignnone size-medium wp-image-7753 lazyload\" src=\"data:image\/gif;base64,R0lGODlhAQABAIAAAAAAAP\/\/\/yH5BAEAAAAALAAAAAABAAEAAAIBRAA7\" data-src=\"https:\/\/manu015.supserv.cozmoslabs.com\/wp-content\/uploads\/2020\/11\/airplane3-originalfit-300x75.jpg\" alt=\"Perguntas frequentes\" width=\"300\" height=\"75\"><noscript><img class=\"alignnone size-medium wp-image-7753 lazyload\" src=\"https:\/\/manu015.supserv.cozmoslabs.com\/wp-content\/uploads\/2020\/11\/airplane3-originalfit-300x75.jpg\" alt=\"Perguntas frequentes\" width=\"300\" height=\"75\"><\/noscript><\/p>","protected":false},"excerpt":{"rendered":"<p>Why choose Your Private Driver for all your airport taxis trips? More reasons to choose us for all your airport taxis trips? Frequently asked questions about Pickups Frequently asked questions about Services Frequently asked questions about Fleet Frequently asked questions [&hellip;]<\/p>","protected":false},"author":1,"featured_media":6608,"parent":0,"menu_order":0,"comment_status":"closed","ping_status":"closed","template":"","meta":[],"yoast_head":"<!-- This site is optimized with the Yoast SEO plugin v18.4.1 - https:\/\/yoast.com\/wordpress\/plugins\/seo\/ -->\n<title>Frequently asked questions ans answers - Your Private Driver<\/title>\n<meta name=\"description\" content=\"On this page you will find most frequently asked questions about our taxi company. Feel free to use contact page if you have more questions.\" \/>\n<meta name=\"robots\" content=\"index, follow, max-snippet:-1, max-image-preview:large, max-video-preview:-1\" \/>\n<link rel=\"canonical\" href=\"https:\/\/manu015.supserv.cozmoslabs.com\/pt\/faqs\/\" \/>\n<meta property=\"og:locale\" content=\"pt_PT\" \/>\n<meta property=\"og:type\" content=\"article\" \/>\n<meta property=\"og:title\" content=\"Frequently asked questions ans answers - Your Private Driver\" \/>\n<meta property=\"og:description\" content=\"On this page you will find most frequently asked questions about our taxi company. Feel free to use contact page if you have more questions.\" \/>\n<meta property=\"og:url\" content=\"https:\/\/manu015.supserv.cozmoslabs.com\/pt\/faqs\/\" \/>\n<meta property=\"og:site_name\" content=\"Your Private Driver\" \/>\n<meta property=\"article:publisher\" content=\"https:\/\/www.facebook.com\/yourprivatedriverbrussels\" \/>\n<meta property=\"article:modified_time\" content=\"2020-11-13T17:31:19+00:00\" \/>\n<meta property=\"og:image\" content=\"https:\/\/manu015.supserv.cozmoslabs.com\/wp-content\/uploads\/2017\/01\/driver-2-8-e1604313658294.jpg\" \/>\n\t<meta property=\"og:image:width\" content=\"768\" \/>\n\t<meta property=\"og:image:height\" content=\"510\" \/>\n\t<meta property=\"og:image:type\" content=\"image\/jpeg\" \/>\n<meta name=\"twitter:card\" content=\"summary_large_image\" \/>\n<meta name=\"twitter:site\" content=\"@privatedriverbx\" \/>\n<meta name=\"twitter:label1\" content=\"Tempo estimado de leitura\" \/>\n\t<meta name=\"twitter:data1\" content=\"9 minutos\" \/>\n<script type=\"application\/ld+json\" class=\"yoast-schema-graph\">{\"@context\":\"https:\/\/schema.org\",\"@graph\":[{\"@type\":\"Organization\",\"@id\":\"https:\/\/manu015.supserv.cozmoslabs.com\/#organization\",\"name\":\"Your Private Driver\",\"url\":\"https:\/\/manu015.supserv.cozmoslabs.com\/\",\"sameAs\":[\"https:\/\/www.facebook.com\/yourprivatedriverbrussels\",\"https:\/\/www.instagram.com\/taxibrusselsairport\/\",\"https:\/\/www.linkedin.com\/company\/yourprivatedriver\/\",\"https:\/\/www.youtube.com\/channel\/UCdFj5lm3qhOZWz_Rz0yupVA\",\"https:\/\/www.pinterest.fr\/pin\/704672672920362864\/\",\"https:\/\/twitter.com\/privatedriverbx\"],\"logo\":{\"@type\":\"ImageObject\",\"@id\":\"https:\/\/manu015.supserv.cozmoslabs.com\/#logo\",\"inLanguage\":\"pt-PT\",\"url\":\"\",\"contentUrl\":\"\",\"caption\":\"Your Private Driver\"},\"image\":{\"@id\":\"https:\/\/manu015.supserv.cozmoslabs.com\/#logo\"}},{\"@type\":\"WebSite\",\"@id\":\"https:\/\/manu015.supserv.cozmoslabs.com\/#website\",\"url\":\"https:\/\/manu015.supserv.cozmoslabs.com\/\",\"name\":\"Your Private Driver\",\"description\":\"Taxi Brussels airport - Taxi Charleroi airport\",\"publisher\":{\"@id\":\"https:\/\/manu015.supserv.cozmoslabs.com\/#organization\"},\"potentialAction\":[{\"@type\":\"SearchAction\",\"target\":{\"@type\":\"EntryPoint\",\"urlTemplate\":\"https:\/\/manu015.supserv.cozmoslabs.com\/?s={search_term_string}\"},\"query-input\":\"required name=search_term_string\"}],\"inLanguage\":\"pt-PT\"},{\"@type\":\"ImageObject\",\"@id\":\"https:\/\/manu015.supserv.cozmoslabs.com\/faqs\/#primaryimage\",\"inLanguage\":\"pt-PT\",\"url\":\"https:\/\/manu015.supserv.cozmoslabs.com\/wp-content\/uploads\/2017\/01\/driver-2-8-e1604313658294.jpg\",\"contentUrl\":\"https:\/\/manu015.supserv.cozmoslabs.com\/wp-content\/uploads\/2017\/01\/driver-2-8-e1604313658294.jpg\",\"width\":768,\"height\":510,\"caption\":\"Airport transfer\"},{\"@type\":\"WebPage\",\"@id\":\"https:\/\/manu015.supserv.cozmoslabs.com\/faqs\/#webpage\",\"url\":\"https:\/\/manu015.supserv.cozmoslabs.com\/faqs\/\",\"name\":\"Frequently asked questions ans answers - Your Private Driver\",\"isPartOf\":{\"@id\":\"https:\/\/manu015.supserv.cozmoslabs.com\/#website\"},\"primaryImageOfPage\":{\"@id\":\"https:\/\/manu015.supserv.cozmoslabs.com\/faqs\/#primaryimage\"},\"datePublished\":\"2017-01-24T09:16:52+00:00\",\"dateModified\":\"2020-11-13T17:31:19+00:00\",\"description\":\"On this page you will find most frequently asked questions about our taxi company. Feel free to use contact page if you have more questions.\",\"breadcrumb\":{\"@id\":\"https:\/\/manu015.supserv.cozmoslabs.com\/faqs\/#breadcrumb\"},\"inLanguage\":\"pt-PT\",\"potentialAction\":[{\"@type\":\"ReadAction\",\"target\":[\"https:\/\/manu015.supserv.cozmoslabs.com\/faqs\/\"]}]},{\"@type\":\"BreadcrumbList\",\"@id\":\"https:\/\/manu015.supserv.cozmoslabs.com\/faqs\/#breadcrumb\",\"itemListElement\":[{\"@type\":\"ListItem\",\"position\":1,\"name\":\"Home\",\"item\":\"https:\/\/manu015.supserv.cozmoslabs.com\/\"},{\"@type\":\"ListItem\",\"position\":2,\"name\":\"Frequently Asked Questions about Your Private Driver\"}]}]}<\/script>\n<!-- \/ Yoast SEO plugin. -->","yoast_head_json":{"title":"Frequently asked questions ans answers - Your Private Driver","description":"On this page you will find most frequently asked questions about our taxi company. Feel free to use contact page if you have more questions.","robots":{"index":"index","follow":"follow","max-snippet":"max-snippet:-1","max-image-preview":"max-image-preview:large","max-video-preview":"max-video-preview:-1"},"canonical":"https:\/\/manu015.supserv.cozmoslabs.com\/pt\/faqs\/","og_locale":"pt_PT","og_type":"article","og_title":"Frequently asked questions ans answers - Your Private Driver","og_description":"On this page you will find most frequently asked questions about our taxi company. Feel free to use contact page if you have more questions.","og_url":"https:\/\/manu015.supserv.cozmoslabs.com\/pt\/faqs\/","og_site_name":"Your Private Driver","article_publisher":"https:\/\/www.facebook.com\/yourprivatedriverbrussels","article_modified_time":"2020-11-13T17:31:19+00:00","og_image":[{"width":768,"height":510,"url":"https:\/\/manu015.supserv.cozmoslabs.com\/wp-content\/uploads\/2017\/01\/driver-2-8-e1604313658294.jpg","type":"image\/jpeg"}],"twitter_card":"summary_large_image","twitter_site":"@privatedriverbx","twitter_misc":{"Tempo estimado de leitura":"9 minutos"},"schema":{"@context":"https:\/\/schema.org","@graph":[{"@type":"Organization","@id":"https:\/\/manu015.supserv.cozmoslabs.com\/#organization","name":"Your Private Driver","url":"https:\/\/manu015.supserv.cozmoslabs.com\/","sameAs":["https:\/\/www.facebook.com\/yourprivatedriverbrussels","https:\/\/www.instagram.com\/taxibrusselsairport\/","https:\/\/www.linkedin.com\/company\/yourprivatedriver\/","https:\/\/www.youtube.com\/channel\/UCdFj5lm3qhOZWz_Rz0yupVA","https:\/\/www.pinterest.fr\/pin\/704672672920362864\/","https:\/\/twitter.com\/privatedriverbx"],"logo":{"@type":"ImageObject","@id":"https:\/\/manu015.supserv.cozmoslabs.com\/#logo","inLanguage":"pt-PT","url":"","contentUrl":"","caption":"Your Private Driver"},"image":{"@id":"https:\/\/manu015.supserv.cozmoslabs.com\/#logo"}},{"@type":"WebSite","@id":"https:\/\/manu015.supserv.cozmoslabs.com\/#website","url":"https:\/\/manu015.supserv.cozmoslabs.com\/","name":"Your Private Driver","description":"Taxi Brussels airport - Taxi Charleroi airport","publisher":{"@id":"https:\/\/manu015.supserv.cozmoslabs.com\/#organization"},"potentialAction":[{"@type":"SearchAction","target":{"@type":"EntryPoint","urlTemplate":"https:\/\/manu015.supserv.cozmoslabs.com\/?s={search_term_string}"},"query-input":"required name=search_term_string"}],"inLanguage":"pt-PT"},{"@type":"ImageObject","@id":"https:\/\/manu015.supserv.cozmoslabs.com\/faqs\/#primaryimage","inLanguage":"pt-PT","url":"https:\/\/manu015.supserv.cozmoslabs.com\/wp-content\/uploads\/2017\/01\/driver-2-8-e1604313658294.jpg","contentUrl":"https:\/\/manu015.supserv.cozmoslabs.com\/wp-content\/uploads\/2017\/01\/driver-2-8-e1604313658294.jpg","width":768,"height":510,"caption":"Airport transfer"},{"@type":"WebPage","@id":"https:\/\/manu015.supserv.cozmoslabs.com\/faqs\/#webpage","url":"https:\/\/manu015.supserv.cozmoslabs.com\/faqs\/","name":"Frequently asked questions ans answers - Your Private Driver","isPartOf":{"@id":"https:\/\/manu015.supserv.cozmoslabs.com\/#website"},"primaryImageOfPage":{"@id":"https:\/\/manu015.supserv.cozmoslabs.com\/faqs\/#primaryimage"},"datePublished":"2017-01-24T09:16:52+00:00","dateModified":"2020-11-13T17:31:19+00:00","description":"On this page you will find most frequently asked questions about our taxi company. Feel free to use contact page if you have more questions.","breadcrumb":{"@id":"https:\/\/manu015.supserv.cozmoslabs.com\/faqs\/#breadcrumb"},"inLanguage":"pt-PT","potentialAction":[{"@type":"ReadAction","target":["https:\/\/manu015.supserv.cozmoslabs.com\/faqs\/"]}]},{"@type":"BreadcrumbList","@id":"https:\/\/manu015.supserv.cozmoslabs.com\/faqs\/#breadcrumb","itemListElement":[{"@type":"ListItem","position":1,"name":"Home","item":"https:\/\/manu015.supserv.cozmoslabs.com\/"},{"@type":"ListItem","position":2,"name":"Frequently Asked Questions about Your Private Driver"}]}]}},"_links":{"self":[{"href":"https:\/\/manu015.supserv.cozmoslabs.com\/pt\/wp-json\/wp\/v2\/pages\/2650"}],"collection":[{"href":"https:\/\/manu015.supserv.cozmoslabs.com\/pt\/wp-json\/wp\/v2\/pages"}],"about":[{"href":"https:\/\/manu015.supserv.cozmoslabs.com\/pt\/wp-json\/wp\/v2\/types\/page"}],"author":[{"embeddable":true,"href":"https:\/\/manu015.supserv.cozmoslabs.com\/pt\/wp-json\/wp\/v2\/users\/1"}],"replies":[{"embeddable":true,"href":"https:\/\/manu015.supserv.cozmoslabs.com\/pt\/wp-json\/wp\/v2\/comments?post=2650"}],"version-history":[{"count":0,"href":"https:\/\/manu015.supserv.cozmoslabs.com\/pt\/wp-json\/wp\/v2\/pages\/2650\/revisions"}],"wp:featuredmedia":[{"embeddable":true,"href":"https:\/\/manu015.supserv.cozmoslabs.com\/pt\/wp-json\/wp\/v2\/media\/6608"}],"wp:attachment":[{"href":"https:\/\/manu015.supserv.cozmoslabs.com\/pt\/wp-json\/wp\/v2\/media?parent=2650"}],"curies":[{"name":"wp","href":"https:\/\/api.w.org\/{rel}","templated":true}]}}