{"id":7152,"date":"2020-11-01T14:36:14","date_gmt":"2020-11-01T14:36:14","guid":{"rendered":"https:\/\/manu015.supserv.cozmoslabs.com\/?page_id=7152"},"modified":"2020-11-13T08:29:22","modified_gmt":"2020-11-13T08:29:22","slug":"terms-and-conditions","status":"publish","type":"page","link":"https:\/\/manu015.supserv.cozmoslabs.com\/no\/terms-and-conditions\/","title":{"rendered":"Vilk\u00e5r og betingelser"},"content":{"rendered":"<div  class=\"one withsmallpadding ppb_text\" style=\"text-align:left;padding:40px 0 40px 0;\" >\n<div class=\"standard_wrapper\">\n<div class=\"page_content_wrapper\">\n<div class=\"inner\">\n<div style=\"margin:auto;width:100%\">\n<h1>Vilk\u00e5r og betingelser<\/h1>\n<p><strong>Din private sj\u00e5f\u00f8r - vilk\u00e5r og betingelser<\/strong><\/p>\n<p>\u2b24 <strong>Din private sj\u00e5f\u00f8r<\/strong> registrert kontor er p\u00e5 280C b 13 Route de Lennik,<br \/>\n1070 Brussel<br \/>\nBelgia<\/p>\n<p>\u2b24 Vi kan endre vilk\u00e5rene fra tid til annen. Du blir bedt om \u00e5 sjekke vilk\u00e5rene og betingelsene for \u00e5 vurdere eventuelle endringer som gjelder for deg og \/ eller passasjerer.<\/p>\n<p>\u2b24 Din bestilling p\u00e5 nettstedet v\u00e5rt er betinget av at du godtar vilk\u00e5rene. Du kan ikke fortsette med bestillingen din hvis du ikke er enig med noen del av dem.<\/p>\n<p>\u2b24 Hvis du har sp\u00f8rsm\u00e5l, er du velkommen til \u00e5 <a href=\"https:\/\/manu015.supserv.cozmoslabs.com\/contact\/\">kontakt oss.<\/a><\/p>\n<p>\u2b24 <strong>Pris og betaling<\/strong><br \/>\nDu har valget mellom to betalingsm\u00e5ter.<\/p>\n<ol>\n<li><strong>Kontant betaling til sj\u00e5f\u00f8ren.<\/strong><br \/>\nI dette tilfellet betaler du det n\u00f8yaktige bel\u00f8pet som vist under bestillingen<\/li>\n<li><strong>Sikker betaling p\u00e5 nettet.<\/strong><br \/>\nDu betaler et transaksjonsgebyr i tillegg til taxiprisen:<br \/>\n<strong>4% <\/strong>hvis du bestemmer deg for \u00e5 bruke STRIPE med kreditt- eller debetkortet ditt.<br \/>\n<strong>5% <\/strong>hvis du bestemmer deg for \u00e5 bruke PAYPAL.<\/li>\n<\/ol>\n<p>\u2b24 <strong>Vi er ikke ansvarlige for mislykkede turer hvis detaljene du gir oss i bestillingen din er feil.<\/strong><\/p>\n<p>\u2b24 <strong>Ansvarsbegrensning<\/strong><br \/>\nI tilfelle problemer er vi forsikret som et offisielt taxitransportselskap<\/p>\n<p>\u2b24 <strong>Kansellering<\/strong><br \/>\nDu kan kansellere bestillingen din gratis inntil 24 timer f\u00f8r hentetiden.<br \/>\nUnder 24 timer f\u00f8r hentetiden har du ikke rett til refusjon.<\/p>\n<h2>Avbestillingsregler<\/h2>\n<div class=\"pp_accordion has_icon\">\n<h3><a href=\"#\">Gratis avbestilling 24 timer f\u00f8r avreise<\/a><\/h3>\n<div>\n<p> Eventuell avbestilling 24 timer f\u00f8r avreise vil bli refundert fullstendig. En avbestilling mindre enn 24 timer f\u00f8r avreise vil ikke bli refundert.<\/p>\n<\/div>\n<\/div>\n<p>\u2b24 <strong>VELDIG VIKTIG<\/strong><\/p>\n<ul>\n<li>Forsikre deg om at telefonen er sl\u00e5tt p\u00e5 n\u00e5r du henter den, slik at vi kan kontakte deg om n\u00f8dvendig.<\/li>\n<li>Din bestilling inkluderer 15 minutters ventetid eller 45 minutter fra reell flytid, hvis hentestedet ditt er p\u00e5 en flyplass.<\/li>\n<li>Ekstra ekstra ventetid belastes 10 euro for hver gruppe p\u00e5 15 minutter.<\/li>\n<li>S\u00f8rg for at du gir nok tid til \u00e5 komme til destinasjonen. V\u00e5re estimerte reisetider tar ikke hensyn til trafikkforhold og andre uforutsette omstendigheter<\/li>\n<\/ul>\n<p>Her er siden du kan <a href=\"https:\/\/manu015.supserv.cozmoslabs.com\/about-us\/\">l\u00e6re mer om oss<\/a>.<\/p>\n<\/div>\n<\/div>\n<\/div>\n<\/div>\n<\/div>","protected":false},"excerpt":{"rendered":"<p>Terms and Conditions Your Private Driver &#8211; Terms and Conditions \u2b24 Your Private Driver registered office is at 280C b 13 Route de Lennik, 1070 Brussels Belgium \u2b24 We may change the Terms from time to time. You are requested [&hellip;]<\/p>","protected":false},"author":1,"featured_media":7670,"parent":0,"menu_order":0,"comment_status":"closed","ping_status":"closed","template":"","meta":[],"yoast_head":"<!-- This site is optimized with the Yoast SEO plugin v18.4.1 - https:\/\/yoast.com\/wordpress\/plugins\/seo\/ -->\n<title>Terms and conditions of our taxi company - Your Private Driver<\/title>\n<meta name=\"description\" content=\"Here you will find our terms and conditions you need to know before booking and before cancelling a booking.\" \/>\n<meta name=\"robots\" content=\"index, follow, max-snippet:-1, max-image-preview:large, max-video-preview:-1\" \/>\n<link rel=\"canonical\" href=\"https:\/\/manu015.supserv.cozmoslabs.com\/no\/terms-and-conditions\/\" \/>\n<meta property=\"og:locale\" content=\"nb_NO\" \/>\n<meta property=\"og:type\" content=\"article\" \/>\n<meta property=\"og:title\" content=\"Terms and conditions of our taxi company - Your Private Driver\" \/>\n<meta property=\"og:description\" content=\"Here you will find our terms and conditions you need to know before booking and before cancelling a booking.\" \/>\n<meta property=\"og:url\" content=\"https:\/\/manu015.supserv.cozmoslabs.com\/no\/terms-and-conditions\/\" \/>\n<meta property=\"og:site_name\" content=\"Your Private Driver\" \/>\n<meta property=\"article:publisher\" content=\"https:\/\/www.facebook.com\/yourprivatedriverbrussels\" \/>\n<meta property=\"article:modified_time\" content=\"2020-11-13T08:29:22+00:00\" \/>\n<meta property=\"og:image\" content=\"https:\/\/manu015.supserv.cozmoslabs.com\/wp-content\/uploads\/2020\/11\/Terms-and-conditions-1.jpg\" \/>\n\t<meta property=\"og:image:width\" content=\"854\" \/>\n\t<meta property=\"og:image:height\" content=\"301\" \/>\n\t<meta property=\"og:image:type\" content=\"image\/jpeg\" \/>\n<meta name=\"twitter:card\" content=\"summary_large_image\" \/>\n<meta name=\"twitter:site\" content=\"@privatedriverbx\" \/>\n<meta name=\"twitter:label1\" content=\"Ansl. lesetid\" \/>\n\t<meta name=\"twitter:data1\" content=\"2 minutter\" \/>\n<script type=\"application\/ld+json\" class=\"yoast-schema-graph\">{\"@context\":\"https:\/\/schema.org\",\"@graph\":[{\"@type\":\"Organization\",\"@id\":\"https:\/\/manu015.supserv.cozmoslabs.com\/#organization\",\"name\":\"Your Private Driver\",\"url\":\"https:\/\/manu015.supserv.cozmoslabs.com\/\",\"sameAs\":[\"https:\/\/www.facebook.com\/yourprivatedriverbrussels\",\"https:\/\/www.instagram.com\/taxibrusselsairport\/\",\"https:\/\/www.linkedin.com\/company\/yourprivatedriver\/\",\"https:\/\/www.youtube.com\/channel\/UCdFj5lm3qhOZWz_Rz0yupVA\",\"https:\/\/www.pinterest.fr\/pin\/704672672920362864\/\",\"https:\/\/twitter.com\/privatedriverbx\"],\"logo\":{\"@type\":\"ImageObject\",\"@id\":\"https:\/\/manu015.supserv.cozmoslabs.com\/#logo\",\"inLanguage\":\"nb-NO\",\"url\":\"\",\"contentUrl\":\"\",\"caption\":\"Your Private Driver\"},\"image\":{\"@id\":\"https:\/\/manu015.supserv.cozmoslabs.com\/#logo\"}},{\"@type\":\"WebSite\",\"@id\":\"https:\/\/manu015.supserv.cozmoslabs.com\/#website\",\"url\":\"https:\/\/manu015.supserv.cozmoslabs.com\/\",\"name\":\"Your Private Driver\",\"description\":\"Taxi Brussels airport - Taxi Charleroi airport\",\"publisher\":{\"@id\":\"https:\/\/manu015.supserv.cozmoslabs.com\/#organization\"},\"potentialAction\":[{\"@type\":\"SearchAction\",\"target\":{\"@type\":\"EntryPoint\",\"urlTemplate\":\"https:\/\/manu015.supserv.cozmoslabs.com\/?s={search_term_string}\"},\"query-input\":\"required name=search_term_string\"}],\"inLanguage\":\"nb-NO\"},{\"@type\":\"ImageObject\",\"@id\":\"https:\/\/manu015.supserv.cozmoslabs.com\/terms-and-conditions\/#primaryimage\",\"inLanguage\":\"nb-NO\",\"url\":\"https:\/\/manu015.supserv.cozmoslabs.com\/wp-content\/uploads\/2020\/11\/Terms-and-conditions-1.jpg\",\"contentUrl\":\"https:\/\/manu015.supserv.cozmoslabs.com\/wp-content\/uploads\/2020\/11\/Terms-and-conditions-1.jpg\",\"width\":854,\"height\":301,\"caption\":\"Terms and conditions\"},{\"@type\":\"WebPage\",\"@id\":\"https:\/\/manu015.supserv.cozmoslabs.com\/terms-and-conditions\/#webpage\",\"url\":\"https:\/\/manu015.supserv.cozmoslabs.com\/terms-and-conditions\/\",\"name\":\"Terms and conditions of our taxi company - Your Private Driver\",\"isPartOf\":{\"@id\":\"https:\/\/manu015.supserv.cozmoslabs.com\/#website\"},\"primaryImageOfPage\":{\"@id\":\"https:\/\/manu015.supserv.cozmoslabs.com\/terms-and-conditions\/#primaryimage\"},\"datePublished\":\"2020-11-01T14:36:14+00:00\",\"dateModified\":\"2020-11-13T08:29:22+00:00\",\"description\":\"Here you will find our terms and conditions you need to know before booking and before cancelling a booking.\",\"breadcrumb\":{\"@id\":\"https:\/\/manu015.supserv.cozmoslabs.com\/terms-and-conditions\/#breadcrumb\"},\"inLanguage\":\"nb-NO\",\"potentialAction\":[{\"@type\":\"ReadAction\",\"target\":[\"https:\/\/manu015.supserv.cozmoslabs.com\/terms-and-conditions\/\"]}]},{\"@type\":\"BreadcrumbList\",\"@id\":\"https:\/\/manu015.supserv.cozmoslabs.com\/terms-and-conditions\/#breadcrumb\",\"itemListElement\":[{\"@type\":\"ListItem\",\"position\":1,\"name\":\"Home\",\"item\":\"https:\/\/manu015.supserv.cozmoslabs.com\/\"},{\"@type\":\"ListItem\",\"position\":2,\"name\":\"Terms and conditions\"}]}]}<\/script>\n<!-- \/ Yoast SEO plugin. -->","yoast_head_json":{"title":"Terms and conditions of our taxi company - Your Private Driver","description":"Here you will find our terms and conditions you need to know before booking and before cancelling a booking.","robots":{"index":"index","follow":"follow","max-snippet":"max-snippet:-1","max-image-preview":"max-image-preview:large","max-video-preview":"max-video-preview:-1"},"canonical":"https:\/\/manu015.supserv.cozmoslabs.com\/no\/terms-and-conditions\/","og_locale":"nb_NO","og_type":"article","og_title":"Terms and conditions of our taxi company - Your Private Driver","og_description":"Here you will find our terms and conditions you need to know before booking and before cancelling a booking.","og_url":"https:\/\/manu015.supserv.cozmoslabs.com\/no\/terms-and-conditions\/","og_site_name":"Your Private Driver","article_publisher":"https:\/\/www.facebook.com\/yourprivatedriverbrussels","article_modified_time":"2020-11-13T08:29:22+00:00","og_image":[{"width":854,"height":301,"url":"https:\/\/manu015.supserv.cozmoslabs.com\/wp-content\/uploads\/2020\/11\/Terms-and-conditions-1.jpg","type":"image\/jpeg"}],"twitter_card":"summary_large_image","twitter_site":"@privatedriverbx","twitter_misc":{"Ansl. lesetid":"2 minutter"},"schema":{"@context":"https:\/\/schema.org","@graph":[{"@type":"Organization","@id":"https:\/\/manu015.supserv.cozmoslabs.com\/#organization","name":"Your Private Driver","url":"https:\/\/manu015.supserv.cozmoslabs.com\/","sameAs":["https:\/\/www.facebook.com\/yourprivatedriverbrussels","https:\/\/www.instagram.com\/taxibrusselsairport\/","https:\/\/www.linkedin.com\/company\/yourprivatedriver\/","https:\/\/www.youtube.com\/channel\/UCdFj5lm3qhOZWz_Rz0yupVA","https:\/\/www.pinterest.fr\/pin\/704672672920362864\/","https:\/\/twitter.com\/privatedriverbx"],"logo":{"@type":"ImageObject","@id":"https:\/\/manu015.supserv.cozmoslabs.com\/#logo","inLanguage":"nb-NO","url":"","contentUrl":"","caption":"Your Private Driver"},"image":{"@id":"https:\/\/manu015.supserv.cozmoslabs.com\/#logo"}},{"@type":"WebSite","@id":"https:\/\/manu015.supserv.cozmoslabs.com\/#website","url":"https:\/\/manu015.supserv.cozmoslabs.com\/","name":"Your Private Driver","description":"Taxi Brussels airport - Taxi Charleroi airport","publisher":{"@id":"https:\/\/manu015.supserv.cozmoslabs.com\/#organization"},"potentialAction":[{"@type":"SearchAction","target":{"@type":"EntryPoint","urlTemplate":"https:\/\/manu015.supserv.cozmoslabs.com\/?s={search_term_string}"},"query-input":"required name=search_term_string"}],"inLanguage":"nb-NO"},{"@type":"ImageObject","@id":"https:\/\/manu015.supserv.cozmoslabs.com\/terms-and-conditions\/#primaryimage","inLanguage":"nb-NO","url":"https:\/\/manu015.supserv.cozmoslabs.com\/wp-content\/uploads\/2020\/11\/Terms-and-conditions-1.jpg","contentUrl":"https:\/\/manu015.supserv.cozmoslabs.com\/wp-content\/uploads\/2020\/11\/Terms-and-conditions-1.jpg","width":854,"height":301,"caption":"Terms and conditions"},{"@type":"WebPage","@id":"https:\/\/manu015.supserv.cozmoslabs.com\/terms-and-conditions\/#webpage","url":"https:\/\/manu015.supserv.cozmoslabs.com\/terms-and-conditions\/","name":"Terms and conditions of our taxi company - Your Private Driver","isPartOf":{"@id":"https:\/\/manu015.supserv.cozmoslabs.com\/#website"},"primaryImageOfPage":{"@id":"https:\/\/manu015.supserv.cozmoslabs.com\/terms-and-conditions\/#primaryimage"},"datePublished":"2020-11-01T14:36:14+00:00","dateModified":"2020-11-13T08:29:22+00:00","description":"Here you will find our terms and conditions you need to know before booking and before cancelling a booking.","breadcrumb":{"@id":"https:\/\/manu015.supserv.cozmoslabs.com\/terms-and-conditions\/#breadcrumb"},"inLanguage":"nb-NO","potentialAction":[{"@type":"ReadAction","target":["https:\/\/manu015.supserv.cozmoslabs.com\/terms-and-conditions\/"]}]},{"@type":"BreadcrumbList","@id":"https:\/\/manu015.supserv.cozmoslabs.com\/terms-and-conditions\/#breadcrumb","itemListElement":[{"@type":"ListItem","position":1,"name":"Home","item":"https:\/\/manu015.supserv.cozmoslabs.com\/"},{"@type":"ListItem","position":2,"name":"Terms and conditions"}]}]}},"_links":{"self":[{"href":"https:\/\/manu015.supserv.cozmoslabs.com\/no\/wp-json\/wp\/v2\/pages\/7152"}],"collection":[{"href":"https:\/\/manu015.supserv.cozmoslabs.com\/no\/wp-json\/wp\/v2\/pages"}],"about":[{"href":"https:\/\/manu015.supserv.cozmoslabs.com\/no\/wp-json\/wp\/v2\/types\/page"}],"author":[{"embeddable":true,"href":"https:\/\/manu015.supserv.cozmoslabs.com\/no\/wp-json\/wp\/v2\/users\/1"}],"replies":[{"embeddable":true,"href":"https:\/\/manu015.supserv.cozmoslabs.com\/no\/wp-json\/wp\/v2\/comments?post=7152"}],"version-history":[{"count":0,"href":"https:\/\/manu015.supserv.cozmoslabs.com\/no\/wp-json\/wp\/v2\/pages\/7152\/revisions"}],"wp:featuredmedia":[{"embeddable":true,"href":"https:\/\/manu015.supserv.cozmoslabs.com\/no\/wp-json\/wp\/v2\/media\/7670"}],"wp:attachment":[{"href":"https:\/\/manu015.supserv.cozmoslabs.com\/no\/wp-json\/wp\/v2\/media?parent=7152"}],"curies":[{"name":"wp","href":"https:\/\/api.w.org\/{rel}","templated":true}]}}