{"id":7136,"date":"2020-11-01T13:08:53","date_gmt":"2020-11-01T13:08:53","guid":{"rendered":"https:\/\/manu015.supserv.cozmoslabs.com\/?page_id=7136"},"modified":"2021-01-14T12:34:05","modified_gmt":"2021-01-14T12:34:05","slug":"taxi-brussels","status":"publish","type":"page","link":"https:\/\/manu015.supserv.cozmoslabs.com\/no\/taxi-brussels\/","title":{"rendered":"Drosje Brussel"},"content":{"rendered":"<div  class=\"one withsmallpadding ppb_text\" style=\"text-align:left;padding:30px 0 30px 0;\" >\n<div class=\"standard_wrapper\">\n<div class=\"page_content_wrapper\">\n<div class=\"inner\">\n<div style=\"margin:auto;width:100%\">\n<h1>Drosje Brussel by<\/h1>\n<p><iframe src=\"https:\/\/manu015.supserv.cozmoslabs.com\/eto\/?site_key=9ea3cb480ae5c09e26a20fb697ce8ee6\" name=\"eto-iframe\" id=\"eto-iframe-52466\" class=\"eto-iframe\" width=\"100%\" scrolling=\"no\" allow=\"geolocation\">Dette alternativet fungerer ikke riktig. Dessverre st\u00f8tter ikke nettleseren din innebygde rammer.<\/iframe>\n<style type=\"text\/css\">iframe#eto-iframe-52466 { width:1px; min-width:100%; border:0; }<\/style>\n<script type=\"text\/javascript\" async defer> (function() { var etoWidgetData = { checkTimeout: 100, dynamicIframe: 0, googlePageSpeed: 0, googlePageSpeedLoadDelay: 6000, loadDelay: 0, }; function etoWidgetInit() { if (etoWidgetData.dynamicIframe) { var etoWidgetContainer = document.getElementById('eto-widget-container-eto-iframe-52466'); if (etoWidgetContainer) { etoWidgetContainer.innerHTML = '<iframe src=\"https:\/\/manu015.supserv.cozmoslabs.com\/eto\/?site_key=9ea3cb480ae5c09e26a20fb697ce8ee6\" name=\"eto-iframe\" id=\"eto-iframe-52466\" class=\"eto-iframe\" width=\"100%\" scrolling=\"no\" allow=\"geolocation\">This option will not work correctly. Unfortunately, your browser does not support inline frames.<\/iframe>'; } } iFrameResize({ log: false, targetOrigin: '*', checkOrigin: false, }, \"iframe#eto-iframe-52466\"); } function etoWidgetReady() { setTimeout(function() { etoWidgetData.checkTimeout--; if (typeof iFrameResize !== 'undefined') { etoWidgetInit(); } else if (etoWidgetData.checkTimeout > 0) { etoWidgetReady(); console.log('Library not loaded, checking again.'); } else { console.log('External library failed to load.'); } }, 100); }; if (etoWidgetData.loadDelay) { setTimeout(function() { etoWidgetReady(); }, etoWidgetData.loadDelay); } else { etoWidgetReady(); } })(); <\/script>\n<br \/>\nVi tilbyr en p\u00e5litelig drosjetjeneste i Brussel. V\u00e5r taxitjeneste kan ta deg fra Brussel til hvilken som helst del av Belgia. For eksempel har vi en taxi til Brugge, taxi til Gent og taxi til Antwerpen.<\/p>\n<h2>Drosje fra Brussel by til flyplasser<\/h2>\n<ul>\n<li>Drosje fra Brussel til Antwerpen flyplass<\/li>\n<li>Drosje fra Brussel til Oostende flyplass<\/li>\n<li>Drosje fra Brussel til Paris Roissy Charles de Gaulle flyplass, Paris Orly og Paris Chessy Disneyland.<\/li>\n<li>Drosje fra Brussel til K\u00f6ln flyplass, Bonn i Tyskland<\/li>\n<li>Drosje fra Brussel til <a href=\"https:\/\/www.schiphol.nl\/en\/\" target=\"_blank\" rel=\"noopener\">Amsterdam Schiphol flyplass i Nederland<\/a><\/li>\n<li>Drosje fra Brussel til Lille flyplass i Frankrike<\/li>\n<li>Drosje fra Brussel til Eindhoven flyplass i Nederland<\/li>\n<li>Drosje fra Brussel til D\u00fcsseldorf flyplass i Tyskland<\/li>\n<li>Drosje fra Brussel til London Heathrow flyplass<\/li>\n<li>Drosje fra Brussel til Frankfurt flyplass i Tyskland<\/li>\n<li>Drosje fra Brussel til London Gatwick flyplass<\/li>\n<li>Drosje fra Brussel til Franz Josef Strauss flyplass M\u00fcnchen i Tyskland<\/li>\n<li>Drosje fra Brussel til Z\u00fcrich internasjonale flyplass i Sveits<\/li>\n<li>Drosje fra Brussel til Helmut-Schmidt flyplass i Hamburg<\/li>\n<li>Drosje fra Brussel til Gen\u00e8ve internasjonale lufthavn i Sveits<\/li>\n<li>Drosje fra Brussel til Stuttgart flyplass i Tyskland<\/li>\n<\/ul>\n<h3>Drosje fra Charleroi til flyplasser<\/h3>\n<ul>\n<li>Drosje fra Charleroi til Antwerpen flyplass<\/li>\n<li>Drosje fra Charleroi til Ostend flyplass<\/li>\n<li>Charleroi Taxi til Paris Roissy Charles de Gaulle lufthavn, Paris Orly og Paris Chessy Disneyland.<\/li>\n<li>Drosje fra Charleroi til K\u00f6ln flyplass, Bonn i Tyskland<\/li>\n<li>Drosje fra Charleroi til Amsterdam Schiphol flyplass i Nederland<\/li>\n<li>Drosje fra Charleroi til Lille flyplass i Frankrike<\/li>\n<li>Drosje fra Charleroi til Eindhoven flyplass i Nederland<\/li>\n<li>Drosje fra Charleroi til D\u00fcsseldorf flyplass i Tyskland<\/li>\n<li>Drosje fra Charleroi til London Heathrow flyplass<\/li>\n<li>Drosje fra Charleroi til Frankfurt lufthavn i Tyskland<\/li>\n<li>Drosje fra Charleroi til London Gatwick flyplass<\/li>\n<li>Drosje fra Charleroi til Franz Josef Strauss flyplass M\u00fcnchen, Tyskland<\/li>\n<li>Drosje fra Charleroi til Z\u00fcrich internasjonale lufthavn i Sveits<\/li>\n<li>Drosje fra Charleroi til Helmut-Schmidt flyplass i Hamburg<\/li>\n<li>Drosje fra Charleroi til Gen\u00e8ve internasjonale lufthavn i Sveits<\/li>\n<li>Drosje fra Charleroi til Stuttgart flyplass i Tyskland<\/li>\n<\/ul>\n<h2>Drosje fra Brussel til Antwerpen, Brugge, Gent og andre byer i Europa<\/h2>\n<p>Vi har en taxi fra Brussel til Bucuresti, en taxi fra Brussel til Budapest, en taxi fra Brussel til Hamburg, en taxi fra Brussel til Barcelona, en taxi fra Brussel til M\u00fcnchen. Vi tilbyr en taxi fra Brussel til Bern, en taxi fra Brussel til Bonn, en taxi fra Brussel til Berlin, en taxi fra Brussel til Bordeaux, en taxi fra Brussel til Boom. Vi tilbyr en taxi fra Brussel til Louvre og en taxi fra Brussel til Roma. Kom og ta en taxi fra Brussel til Ciney, en taxi fra Brussel til Turnhout, en taxi fra Brussel til Dinant. Du kan bestille en taxi fra Brussel til Namur, en taxi fra Brussel til Oostende, en taxi fra Brussel til London og en taxi fra Brussel til Li\u00e8ge. Stol p\u00e5 v\u00e5r komfortable taxi fra Brussel til Luxembourg og til slutt, taxi fra Brussel til Maastricht i Nederland.<\/p>\n<p>Vi har en billig taxi fra Brussel til Utrecht, en taxi fra Brussel til Haag, en taxi fra Brussel til Rotterdam. Vi tilbyr en god drosjetjeneste fra Brussel til K\u00f6ln, en taxi fra Brussel til D\u00fcsseldorf.<br \/>\nVi garanterer en taxi fra Brussel til forskjellige musikkfestivaler i Paris, Brugge, Antwerpen og Gent. Vi tilbyr deg en taxi fra Brussel til forskjellige konserthaller som Ancienne Belgique, Antwerp Sport Paleis, Forest National, Brussels Royal Circus, Tomorrowland-festivalen, Magic Land Theatre i Schaerbeek og KVS Theatre.<\/p>\n<h2>Drosje Brugge<\/h2>\n<p>Vi har mange drosjesj\u00e5f\u00f8rer med base i Brugge. Derfor kan du alltid stole p\u00e5 at vi tar deg med taxi fra Brugge til Brussel eller i taxi fra Brugge til Brussel Zaventem lufthavn. Stol p\u00e5 v\u00e5re tjenester for taxi fra Brugge til Charleroi flyplass.<\/p>\n<p>Hvis du vil ta taxi fra Brugge til Amsterdam eller Amsterdam Schiphol lufthavn, eller hvis du bare vil bruke drosjen v\u00e5r fra Brugge til hovedstaden Paris, Paris CDG Roissy-Charles de Gaulle eller til og med Paris Chessy Disneyland, s\u00e5 er vi de gode tjenesten du trenger. Stol ogs\u00e5 p\u00e5 taxien v\u00e5r fra Brugge til Lille. Vi har en taxi fra Brugge til Luxembourg. Hvis du vil bestille en taxi fra Brugge til Maastricht, kan du g\u00e5 til bestillingssiden v\u00e5r.<\/p>\n<h3>Drosje fra Brugge til byene i Europa<\/h3>\n<p>Vi har en taxi fra Brugge til Bucuresti, taxi fra Brugge til Budapest, taxi fra Brugge til Hamburg, taxi fra Brugge til Barcelona, taxi fra Brugge til M\u00fcnchen. Vi tilbyr en taxi fra Brugge til Bern, en taxi fra Brugge til Bonn, en taxi fra Brugge til Berlin, en taxi fra Brugge til Bordeaux, en taxi fra Brugge til Boom. Vi tilbyr en taxi fra Brugge til Louvre og Brugge til Roma.<br \/>\nKom og ta en taxi fra Brugge til Ciney, en taxi fra Brugge til Turnhout, en taxi fra Brugge til Dinant. Du kan bestille en taxi fra Brugge til Namur, en taxi fra Brugge til Oostende, en taxi fra Brugge til London og en taxi fra Brugge til Li\u00e8ge.<\/p>\n<p>Vi har en billig taxi fra Brugge til Utrecht, taxi fra Brugge til Haag, taxi fra Brugge til Rotterdam. Vi tilbyr en god drosjetjeneste fra Brugge til K\u00f6ln, taxi fra Brugge til D\u00fcsseldorf.<br \/>\nVi garanterer en taxi fra Brugge til forskjellige musikkfestivaler i Paris, Brussel, Antwerpen og Gent. Vi tilbyr deg en taxi fra Brugge til forskjellige konsertsteder som Antwerp Sport Paleis, Magic Land Theatre i Schaerbeek, KVS Theatre, Forest National, Ancienne Belgique, Royal Circus of Brussels og Tomorrowland-festivalen.<\/p>\n<h3>Drosje fra Brugge til flyplasser<\/h3>\n<ul>\n<li>Drosje fra Brugge til Antwerpen flyplass<\/li>\n<li>Drosje fra Brugge til Oostende flyplass<\/li>\n<li>Drosje fra Brugge til Paris Roissy Charles de Gaulle flyplass, Paris Orly og Paris Chessy Disneyland.<\/li>\n<li>Drosje fra Brugge til K\u00f6ln flyplass, Bonn i Tyskland<\/li>\n<li>Drosje fra Brugge til Amsterdam Schiphol flyplass i Nederland<\/li>\n<li>Drosje fra Brugge til Lille flyplass i Frankrike<\/li>\n<li>Drosje fra Brugge til Eindhoven flyplass i Nederland<\/li>\n<li>Drosje fra Brugge til D\u00fcsseldorf flyplass i Tyskland<\/li>\n<li>Drosje fra Brugge til London Heathrow flyplass<\/li>\n<li>Drosje fra Brugge til Frankfurt lufthavn i Tyskland<\/li>\n<li>Drosje fra Brugge til London Gatwick flyplass<\/li>\n<li>Drosje fra Brugge til Franz Josef Strauss flyplass M\u00fcnchen, Tyskland<\/li>\n<li>Drosje fra Brugge til Z\u00fcrich internasjonale lufthavn i Sveits<\/li>\n<li>Drosje fra Brugge til Helmut-Schmidt flyplass i Hamburg<\/li>\n<li>Drosje fra Brugge til Gen\u00e8ve internasjonale lufthavn i Sveits<\/li>\n<li>Drosje fra Brugge til Stuttgart flyplass i Tyskland<\/li>\n<\/ul>\n<h2>Drosje Gent<\/h2>\n<p>Gent er en av byene der vi har intens aktivitet. Hvis du trenger en taxi fra Gent til Brussel sentrum, eller hvis du bare \u00f8nsker \u00e5 ta taxi fra Gent til Brussel-Zaventem flyplass, eller bruk en av v\u00e5re drosjer fra Gent til Brussel Charleroi flyplass, s\u00e5 bestill hos oss.<\/p>\n<p>Hvis du bare trenger en taxi fra Gent til Paris, Paris Roissy-Charles de Gaulle (CDG) eller Paris Chessy Disneyland, bes\u00f8k v\u00e5r <a href=\"https:\/\/manu015.supserv.cozmoslabs.com\/\">hjemmeside for mer informasjon og for \u00e5 bestille. <\/a>Stol p\u00e5 taxi fra Ghent til Lille. Vi vil svare p\u00e5 foresp\u00f8rselen din hvis det gjelder en taxi fra Gent til Luxembourg eller bare en taxi fra Gent til Maastricht i Nederland. Vi tilbyr ogs\u00e5 drosjer fra Gent til Amsterdam eller Schiphol flyplass til Amsterdam.<\/p>\n<h3>Drosje fra Gent til byene i Europa<\/h3>\n<p>Vi har en taxi fra Gent til Bucuresti, en taxi fra Gent til Budapest, en taxi fra Gent til Hamburg, en taxi fra Gent til Barcelona, en taxi fra Gent til M\u00fcnchen. Vi tilbyr en taxi fra Gent til Bern, en taxi fra Gent til Bonn, en taxi fra Gent til Berlin, en taxi fra Gent til Bordeaux, en taxi fra Gent til Boom. Vi tilbyr en taxi fra Gent til Louvre og en taxi fra Gent til Roma. Kom til oss for \u00e5 ta en taxi fra Gent til Ciney, en taxi fra Gent til Turnhout, en taxi fra Gent til Dinant. Du kan bestille hos oss en taxi fra Gent til Namur, en taxi fra Gent til Oostende, en taxi fra Gent til London og en taxi fra Gent til Li\u00e8ge.<\/p>\n<p>Vi har billige drosjer fra Gent til Utrecht, taxi fra Gent til Haag, taxi fra Gent til Rotterdam. Vi tilbyr taxi fra Gent til K\u00f6ln, taxi fra Gent til D\u00fcsseldorf.<br \/>\nVi garanterer en taxi fra Gent til forskjellige musikkfestivalsteder i Paris, Antwerpen, Brugge og Brussel. Vi st\u00e5r til din disposisjon for en taxi fra Gent til forskjellige konsertlokaler som Antwerp Sport Paleis, Ancienne Belgique, National Forest, Brussels Royal Circus, Tomorrowland festivalen, KVS Theatre og Magic Land Theatre i Schaerbeek.<\/p>\n<h3>Drosje fra Gent til flyplasser<\/h3>\n<ul>\n<li>Drosje fra Gent til Antwerpen flyplass<\/li>\n<li>Drosje fra Gent til Oostende flyplass<\/li>\n<li>Drosje fra Gent til Paris Roissy Charles de Gaulle flyplass, Paris Orly og Paris Chessy Disneyland.<\/li>\n<li>Drosje fra Gent til K\u00f6ln flyplass, Bonn, Tyskland<\/li>\n<li>Drosje fra Gent til Amsterdam Schiphol flyplass i Nederland<\/li>\n<li>Drosje fra Gent til Lille flyplass i Frankrike<\/li>\n<li>Drosje fra Gent til Eindhoven flyplass i Nederland<\/li>\n<li>Drosje fra Gent til D\u00fcsseldorf flyplass i Tyskland<\/li>\n<li>Drosje fra Gent til London Heathrow flyplass<\/li>\n<li>Drosje fra Gent til Frankfurt flyplass i Tyskland<\/li>\n<li>Drosje fra Gent til London Gatwick flyplass<\/li>\n<li>Drosje fra Gent til Franz Josef Strauss flyplass M\u00fcnchen, Tyskland<\/li>\n<li>Drosje fra Gent til Z\u00fcrich internasjonale flyplass i Sveits<\/li>\n<li>Drosje fra Gent til Helmut-Schmidt flyplass Hamburg, Tyskland<\/li>\n<li>Drosje fra Gent til Gen\u00e8ve internasjonale lufthavn i Sveits<\/li>\n<li>Drosje fra Gent til Stuttgart flyplass i Tyskland<\/li>\n<\/ul>\n<h2>Drosje Antwerpen<\/h2>\n<p>V\u00e5re drosjer g\u00e5r til Antwerpen flere ganger. S\u00e5 hvis du trenger en taxi fra Antwerpen til Brussel eller bare en taxi fra Antwerpen til Brussel Zaventem flyplass eller en taxi fra Antwerpen til Charleroi flyplass, kan du stole p\u00e5 v\u00e5re tjenester.<\/p>\n<p>Hvis du vil ta en taxi fra Antwerpen til Paris eller Paris CDG Roissy-Charles de Gaulle eller Paris Chessy Disneyland, er vi tjenesten for deg. Vi tilbyr ogs\u00e5 billige drosjer fra Antwerpen til Maastricht eller drosjer fra Antwerpen til Amsterdam eller Amsterdam Schiphol flyplass. Kom og se oss hvis du vil ha en taxi fra Antwerpen til Luxembourg. Vennligst bestill online hos oss hvis du trenger en taxi fra Antwerpen til Lille.<\/p>\n<h3>Drosje fra Antwerpen til byene i Europa<\/h3>\n<p>Vi har en taxi fra Antwerpen til Bucuresti, en taxi fra Antwerpen til Budapest, en taxi fra Antwerpen til Hamburg, en taxi fra Antwerpen til Barcelona, en taxi fra Antwerpen til M\u00fcnchen. Vi tilbyr en taxi fra Antwerpen til Bern, en taxi fra Antwerpen til Bonn, en taxi fra Antwerpen til Berlin, en taxi fra Antwerpen til Bordeaux, en taxi fra Antwerpen til Boom. Vi tilbyr en taxi fra Antwerpen til Louvre og en taxi fra Antwerpen til Roma. Kom og ta oss en taxi fra Antwerpen til Ciney, en taxi fra Antwerpen til Turnhout, en taxi fra Antwerpen til Dinant. Du kan bestille en taxi fra Antwerpen til Namur, en taxi fra Antwerpen til Oostende, en taxi fra Antwerpen til London og en taxi fra Antwerpen til Li\u00e8ge.<\/p>\n<p>Vi har en billig taxi fra Antwerpen til Utrecht, taxi fra Antwerpen til Haag, taxi fra Antwerpen til Rotterdam. Vi tilbyr en utmerket drosjetjeneste fra Antwerpen til K\u00f6ln, en taxi fra Antwerpen til D\u00fcsseldorf.<br \/>\nVi garanterer en taxi fra Antwerpen til forskjellige musikkfestivaler i Paris, Gent, Brugge og Brussel. Vi tilbyr deg en taxi fra Antwerpen til forskjellige konsertlokaler som Magic Land Theatre i Schaerbeek, <a href=\"https:\/\/manu015.supserv.cozmoslabs.com\/taxi-tomorrowland-festival\/\">Tomorrowland-festivalen<\/a>, KVS Theatre, Antwerp Sport Paleis, National Forest, Royal Circus of Brussels og Ancienne Belgique.<\/p>\n<h3>Drosje fra Antwerpen til flyplasser<\/h3>\n<ul>\n<li>Drosje fra Antwerpen til Oostende flyplass<\/li>\n<li>Drosje fra Antwerpen til Paris Roissy Charles de Gaulle flyplass, Paris Orly og Paris Chessy Disneyland.<\/li>\n<li>Drosje fra Antwerpen til K\u00f6ln flyplass, Bonn i Tyskland<\/li>\n<li>Drosje fra Antwerpen til Amsterdam Schiphol flyplass i Nederland<\/li>\n<li>Drosje fra Antwerpen til Lille flyplass i Frankrike<\/li>\n<li>Drosje fra Antwerpen til Eindhoven flyplass i Nederland<\/li>\n<li>Drosje fra Antwerpen til D\u00fcsseldorf flyplass i Tyskland<\/li>\n<li>Drosje fra Antwerpen til London Heathrow flyplass<\/li>\n<li>Drosje fra Antwerpen til Frankfurt lufthavn i Tyskland<\/li>\n<li>Drosje fra Antwerpen til London Gatwick flyplass<\/li>\n<li>Drosje fra Antwerpen til Franz Josef Strauss flyplass M\u00fcnchen i Tyskland<\/li>\n<li>Drosje fra Antwerpen til Z\u00fcrich internasjonale lufthavn i Sveits<\/li>\n<li>Drosje fra Antwerpen til Helmut-Schmidt flyplass Hamburg, Tyskland<\/li>\n<li>Drosje fra Antwerpen til Gen\u00e8ve internasjonale lufthavn i Sveits<\/li>\n<li>Drosje fra Antwerpen til Stuttgart flyplass i Tyskland<\/li>\n<\/ul>\n<\/div>\n<\/div>\n<\/div>\n<\/div>\n<\/div>","protected":false},"excerpt":{"rendered":"<p>Taxi Brussels city We provide a reliable taxi service in Brussels. Our taxi service can take you from Brussels to any part of Belgium. For example, we have a taxi to Bruges, taxi to Ghent and taxi to Antwerp. Taxi [&hellip;]<\/p>","protected":false},"author":1,"featured_media":7667,"parent":0,"menu_order":0,"comment_status":"closed","ping_status":"closed","template":"","meta":[],"yoast_head":"<!-- This site is optimized with the Yoast SEO plugin v18.4.1 - https:\/\/yoast.com\/wordpress\/plugins\/seo\/ -->\n<title>Taxi Bruges | Taxi Antwerp | Taxi Ghent<\/title>\n<meta name=\"description\" content=\"We are one of the leading taxi services in bruges and taxi services in Antwerp and Taxi services in Ghent. Contact us for the more details!!\" \/>\n<meta name=\"robots\" content=\"index, follow, max-snippet:-1, max-image-preview:large, max-video-preview:-1\" \/>\n<link rel=\"canonical\" href=\"https:\/\/manu015.supserv.cozmoslabs.com\/no\/taxi-brussels\/\" \/>\n<meta property=\"og:locale\" content=\"nb_NO\" \/>\n<meta property=\"og:type\" content=\"article\" \/>\n<meta property=\"og:title\" content=\"Taxi Bruges | Taxi Antwerp | Taxi Ghent\" \/>\n<meta property=\"og:description\" content=\"We are one of the leading taxi services in bruges and taxi services in Antwerp and Taxi services in Ghent. Contact us for the more details!!\" \/>\n<meta property=\"og:url\" content=\"https:\/\/manu015.supserv.cozmoslabs.com\/no\/taxi-brussels\/\" \/>\n<meta property=\"og:site_name\" content=\"Your Private Driver\" \/>\n<meta property=\"article:publisher\" content=\"https:\/\/www.facebook.com\/yourprivatedriverbrussels\" \/>\n<meta property=\"article:modified_time\" content=\"2021-01-14T12:34:05+00:00\" \/>\n<meta property=\"og:image\" content=\"https:\/\/manu015.supserv.cozmoslabs.com\/wp-content\/uploads\/2020\/11\/Taxi-Brussel.jpg\" \/>\n\t<meta property=\"og:image:width\" content=\"854\" \/>\n\t<meta property=\"og:image:height\" content=\"464\" \/>\n\t<meta property=\"og:image:type\" content=\"image\/jpeg\" \/>\n<meta name=\"twitter:card\" content=\"summary_large_image\" \/>\n<meta name=\"twitter:site\" content=\"@privatedriverbx\" \/>\n<meta name=\"twitter:label1\" content=\"Ansl. lesetid\" \/>\n\t<meta name=\"twitter:data1\" content=\"10 minutter\" \/>\n<script type=\"application\/ld+json\" class=\"yoast-schema-graph\">{\"@context\":\"https:\/\/schema.org\",\"@graph\":[{\"@type\":\"Organization\",\"@id\":\"https:\/\/manu015.supserv.cozmoslabs.com\/#organization\",\"name\":\"Your Private Driver\",\"url\":\"https:\/\/manu015.supserv.cozmoslabs.com\/\",\"sameAs\":[\"https:\/\/www.facebook.com\/yourprivatedriverbrussels\",\"https:\/\/www.instagram.com\/taxibrusselsairport\/\",\"https:\/\/www.linkedin.com\/company\/yourprivatedriver\/\",\"https:\/\/www.youtube.com\/channel\/UCdFj5lm3qhOZWz_Rz0yupVA\",\"https:\/\/www.pinterest.fr\/pin\/704672672920362864\/\",\"https:\/\/twitter.com\/privatedriverbx\"],\"logo\":{\"@type\":\"ImageObject\",\"@id\":\"https:\/\/manu015.supserv.cozmoslabs.com\/#logo\",\"inLanguage\":\"nb-NO\",\"url\":\"\",\"contentUrl\":\"\",\"caption\":\"Your Private Driver\"},\"image\":{\"@id\":\"https:\/\/manu015.supserv.cozmoslabs.com\/#logo\"}},{\"@type\":\"WebSite\",\"@id\":\"https:\/\/manu015.supserv.cozmoslabs.com\/#website\",\"url\":\"https:\/\/manu015.supserv.cozmoslabs.com\/\",\"name\":\"Your Private Driver\",\"description\":\"Taxi Brussels airport - Taxi Charleroi airport\",\"publisher\":{\"@id\":\"https:\/\/manu015.supserv.cozmoslabs.com\/#organization\"},\"potentialAction\":[{\"@type\":\"SearchAction\",\"target\":{\"@type\":\"EntryPoint\",\"urlTemplate\":\"https:\/\/manu015.supserv.cozmoslabs.com\/?s={search_term_string}\"},\"query-input\":\"required name=search_term_string\"}],\"inLanguage\":\"nb-NO\"},{\"@type\":\"ImageObject\",\"@id\":\"https:\/\/manu015.supserv.cozmoslabs.com\/taxi-brussels\/#primaryimage\",\"inLanguage\":\"nb-NO\",\"url\":\"https:\/\/manu015.supserv.cozmoslabs.com\/wp-content\/uploads\/2020\/11\/Taxi-Brussel.jpg\",\"contentUrl\":\"https:\/\/manu015.supserv.cozmoslabs.com\/wp-content\/uploads\/2020\/11\/Taxi-Brussel.jpg\",\"width\":854,\"height\":464,\"caption\":\"Taxi Brussels\"},{\"@type\":\"WebPage\",\"@id\":\"https:\/\/manu015.supserv.cozmoslabs.com\/taxi-brussels\/#webpage\",\"url\":\"https:\/\/manu015.supserv.cozmoslabs.com\/taxi-brussels\/\",\"name\":\"Taxi Bruges | Taxi Antwerp | Taxi Ghent\",\"isPartOf\":{\"@id\":\"https:\/\/manu015.supserv.cozmoslabs.com\/#website\"},\"primaryImageOfPage\":{\"@id\":\"https:\/\/manu015.supserv.cozmoslabs.com\/taxi-brussels\/#primaryimage\"},\"datePublished\":\"2020-11-01T13:08:53+00:00\",\"dateModified\":\"2021-01-14T12:34:05+00:00\",\"description\":\"We are one of the leading taxi services in bruges and taxi services in Antwerp and Taxi services in Ghent. Contact us for the more details!!\",\"breadcrumb\":{\"@id\":\"https:\/\/manu015.supserv.cozmoslabs.com\/taxi-brussels\/#breadcrumb\"},\"inLanguage\":\"nb-NO\",\"potentialAction\":[{\"@type\":\"ReadAction\",\"target\":[\"https:\/\/manu015.supserv.cozmoslabs.com\/taxi-brussels\/\"]}]},{\"@type\":\"BreadcrumbList\",\"@id\":\"https:\/\/manu015.supserv.cozmoslabs.com\/taxi-brussels\/#breadcrumb\",\"itemListElement\":[{\"@type\":\"ListItem\",\"position\":1,\"name\":\"Home\",\"item\":\"https:\/\/manu015.supserv.cozmoslabs.com\/\"},{\"@type\":\"ListItem\",\"position\":2,\"name\":\"Taxi Brussels\"}]}]}<\/script>\n<!-- \/ Yoast SEO plugin. -->","yoast_head_json":{"title":"Taxi Bruges | Taxi Antwerp | Taxi Ghent","description":"We are one of the leading taxi services in bruges and taxi services in Antwerp and Taxi services in Ghent. Contact us for the more details!!","robots":{"index":"index","follow":"follow","max-snippet":"max-snippet:-1","max-image-preview":"max-image-preview:large","max-video-preview":"max-video-preview:-1"},"canonical":"https:\/\/manu015.supserv.cozmoslabs.com\/no\/taxi-brussels\/","og_locale":"nb_NO","og_type":"article","og_title":"Taxi Bruges | Taxi Antwerp | Taxi Ghent","og_description":"We are one of the leading taxi services in bruges and taxi services in Antwerp and Taxi services in Ghent. Contact us for the more details!!","og_url":"https:\/\/manu015.supserv.cozmoslabs.com\/no\/taxi-brussels\/","og_site_name":"Your Private Driver","article_publisher":"https:\/\/www.facebook.com\/yourprivatedriverbrussels","article_modified_time":"2021-01-14T12:34:05+00:00","og_image":[{"width":854,"height":464,"url":"https:\/\/manu015.supserv.cozmoslabs.com\/wp-content\/uploads\/2020\/11\/Taxi-Brussel.jpg","type":"image\/jpeg"}],"twitter_card":"summary_large_image","twitter_site":"@privatedriverbx","twitter_misc":{"Ansl. lesetid":"10 minutter"},"schema":{"@context":"https:\/\/schema.org","@graph":[{"@type":"Organization","@id":"https:\/\/manu015.supserv.cozmoslabs.com\/#organization","name":"Your Private Driver","url":"https:\/\/manu015.supserv.cozmoslabs.com\/","sameAs":["https:\/\/www.facebook.com\/yourprivatedriverbrussels","https:\/\/www.instagram.com\/taxibrusselsairport\/","https:\/\/www.linkedin.com\/company\/yourprivatedriver\/","https:\/\/www.youtube.com\/channel\/UCdFj5lm3qhOZWz_Rz0yupVA","https:\/\/www.pinterest.fr\/pin\/704672672920362864\/","https:\/\/twitter.com\/privatedriverbx"],"logo":{"@type":"ImageObject","@id":"https:\/\/manu015.supserv.cozmoslabs.com\/#logo","inLanguage":"nb-NO","url":"","contentUrl":"","caption":"Your Private Driver"},"image":{"@id":"https:\/\/manu015.supserv.cozmoslabs.com\/#logo"}},{"@type":"WebSite","@id":"https:\/\/manu015.supserv.cozmoslabs.com\/#website","url":"https:\/\/manu015.supserv.cozmoslabs.com\/","name":"Your Private Driver","description":"Taxi Brussels airport - Taxi Charleroi airport","publisher":{"@id":"https:\/\/manu015.supserv.cozmoslabs.com\/#organization"},"potentialAction":[{"@type":"SearchAction","target":{"@type":"EntryPoint","urlTemplate":"https:\/\/manu015.supserv.cozmoslabs.com\/?s={search_term_string}"},"query-input":"required name=search_term_string"}],"inLanguage":"nb-NO"},{"@type":"ImageObject","@id":"https:\/\/manu015.supserv.cozmoslabs.com\/taxi-brussels\/#primaryimage","inLanguage":"nb-NO","url":"https:\/\/manu015.supserv.cozmoslabs.com\/wp-content\/uploads\/2020\/11\/Taxi-Brussel.jpg","contentUrl":"https:\/\/manu015.supserv.cozmoslabs.com\/wp-content\/uploads\/2020\/11\/Taxi-Brussel.jpg","width":854,"height":464,"caption":"Taxi Brussels"},{"@type":"WebPage","@id":"https:\/\/manu015.supserv.cozmoslabs.com\/taxi-brussels\/#webpage","url":"https:\/\/manu015.supserv.cozmoslabs.com\/taxi-brussels\/","name":"Taxi Bruges | Taxi Antwerp | Taxi Ghent","isPartOf":{"@id":"https:\/\/manu015.supserv.cozmoslabs.com\/#website"},"primaryImageOfPage":{"@id":"https:\/\/manu015.supserv.cozmoslabs.com\/taxi-brussels\/#primaryimage"},"datePublished":"2020-11-01T13:08:53+00:00","dateModified":"2021-01-14T12:34:05+00:00","description":"We are one of the leading taxi services in bruges and taxi services in Antwerp and Taxi services in Ghent. Contact us for the more details!!","breadcrumb":{"@id":"https:\/\/manu015.supserv.cozmoslabs.com\/taxi-brussels\/#breadcrumb"},"inLanguage":"nb-NO","potentialAction":[{"@type":"ReadAction","target":["https:\/\/manu015.supserv.cozmoslabs.com\/taxi-brussels\/"]}]},{"@type":"BreadcrumbList","@id":"https:\/\/manu015.supserv.cozmoslabs.com\/taxi-brussels\/#breadcrumb","itemListElement":[{"@type":"ListItem","position":1,"name":"Home","item":"https:\/\/manu015.supserv.cozmoslabs.com\/"},{"@type":"ListItem","position":2,"name":"Taxi Brussels"}]}]}},"_links":{"self":[{"href":"https:\/\/manu015.supserv.cozmoslabs.com\/no\/wp-json\/wp\/v2\/pages\/7136"}],"collection":[{"href":"https:\/\/manu015.supserv.cozmoslabs.com\/no\/wp-json\/wp\/v2\/pages"}],"about":[{"href":"https:\/\/manu015.supserv.cozmoslabs.com\/no\/wp-json\/wp\/v2\/types\/page"}],"author":[{"embeddable":true,"href":"https:\/\/manu015.supserv.cozmoslabs.com\/no\/wp-json\/wp\/v2\/users\/1"}],"replies":[{"embeddable":true,"href":"https:\/\/manu015.supserv.cozmoslabs.com\/no\/wp-json\/wp\/v2\/comments?post=7136"}],"version-history":[{"count":0,"href":"https:\/\/manu015.supserv.cozmoslabs.com\/no\/wp-json\/wp\/v2\/pages\/7136\/revisions"}],"wp:featuredmedia":[{"embeddable":true,"href":"https:\/\/manu015.supserv.cozmoslabs.com\/no\/wp-json\/wp\/v2\/media\/7667"}],"wp:attachment":[{"href":"https:\/\/manu015.supserv.cozmoslabs.com\/no\/wp-json\/wp\/v2\/media?parent=7136"}],"curies":[{"name":"wp","href":"https:\/\/api.w.org\/{rel}","templated":true}]}}