{"id":7089,"date":"2020-10-31T22:31:36","date_gmt":"2020-10-31T22:31:36","guid":{"rendered":"https:\/\/manu015.supserv.cozmoslabs.com\/?page_id=7089"},"modified":"2020-11-13T08:23:01","modified_gmt":"2020-11-13T08:23:01","slug":"services","status":"publish","type":"page","link":"https:\/\/manu015.supserv.cozmoslabs.com\/no\/services\/","title":{"rendered":"Tjenester"},"content":{"rendered":"<div  class=\"one withsmallpadding ppb_header\" style=\"text-align:left;padding:40px 0 40px 0;\" >\n<div class=\"standard_wrapper\">\n<div class=\"page_content_wrapper\">\n<div class=\"inner\">\n<div style=\"margin:auto;width:100%\">\n<h2 class=\"ppb_title\" style=\"\">Drosjeservice til din private sj\u00e5f\u00f8r<\/h2>\n<div class=\"ppb_header_content\">\n<iframe src=\"https:\/\/manu015.supserv.cozmoslabs.com\/eto\/?site_key=9ea3cb480ae5c09e26a20fb697ce8ee6\" name=\"eto-iframe\" id=\"eto-iframe-73564\" class=\"eto-iframe\" width=\"100%\" scrolling=\"no\" allow=\"geolocation\">Dette alternativet fungerer ikke riktig. Dessverre st\u00f8tter ikke nettleseren din innebygde rammer.<\/iframe>\n<style type=\"text\/css\">iframe#eto-iframe-73564 { width:1px; min-width:100%; border:0; }<\/style>\n<script type=\"text\/javascript\" async defer> (function() { var etoWidgetData = { checkTimeout: 100, dynamicIframe: 0, googlePageSpeed: 0, googlePageSpeedLoadDelay: 6000, loadDelay: 0, }; function etoWidgetInit() { if (etoWidgetData.dynamicIframe) { var etoWidgetContainer = document.getElementById('eto-widget-container-eto-iframe-73564'); if (etoWidgetContainer) { etoWidgetContainer.innerHTML = '<iframe src=\"https:\/\/manu015.supserv.cozmoslabs.com\/eto\/?site_key=9ea3cb480ae5c09e26a20fb697ce8ee6\" name=\"eto-iframe\" id=\"eto-iframe-73564\" class=\"eto-iframe\" width=\"100%\" scrolling=\"no\" allow=\"geolocation\">This option will not work correctly. Unfortunately, your browser does not support inline frames.<\/iframe>'; } } iFrameResize({ log: false, targetOrigin: '*', checkOrigin: false, }, \"iframe#eto-iframe-73564\"); } function etoWidgetReady() { setTimeout(function() { etoWidgetData.checkTimeout--; if (typeof iFrameResize !== 'undefined') { etoWidgetInit(); } else if (etoWidgetData.checkTimeout > 0) { etoWidgetReady(); console.log('Library not loaded, checking again.'); } else { console.log('External library failed to load.'); } }, 100); }; if (etoWidgetData.loadDelay) { setTimeout(function() { etoWidgetReady(); }, etoWidgetData.loadDelay); } else { etoWidgetReady(); } })(); <\/script>\n\n<\/div>\n<\/div>\n<\/div>\n<\/div>\n<\/div>\n<\/div>\n<div  class=\"one withsmallpadding ppb_text\" style=\"text-align:center;padding:40px 0 40px 0;background-color:#5856d6;color:#ffffff !important;\" >\n<div class=\"standard_wrapper\">\n<div class=\"page_content_wrapper\">\n<div class=\"inner\">\n<div style=\"margin:auto;width:100%\">\n<div class=\"one_third\" style=\"\">\n<span class=\"fas fa-car\" style=\"display: block; font-size: 50px; margin-bottom: 20px;\">\u00a0<\/span><\/p>\n<h2 style=\"color: #fff;\">Limousintjeneste<\/h2>\n<p>En limousine for seremonien din fordi ingen arrangementer er for sm\u00e5 for oss. Trenger du en high-end limousine for et personlig eller profesjonelt arrangement? Ring deretter din private driver. V\u00e5r limousintjeneste st\u00e5r til din disposisjon.<br \/>\nVi har en limo for bryllup, d\u00e5p, jubileum, nattklubb eller diskofest. Vi har den h\u00f8yest rangerte limousintjenesten i Belgia med premiumbiler.\n<\/p>\n<\/div>\n<div class=\"one_third\" style=\"\">\n<span class=\"fas fa-guitar\" style=\"display: block; font-size: 50px; margin-bottom: 20px;\">\u00a0<\/span><\/p>\n<h2 style=\"color: #fff;\">Transport av kunstnere<\/h2>\n<p>Vi har luksuri\u00f8se minibusser for transport av kunstnere. Vi tilbyr transport av kunstnere fra Belgia til Holland, Tyskland, Frankrike, Sveits, Norge ect.<\/p>\n<p>Vi transporterer kunstnere, kinoakt\u00f8rer, skuespillere, ballettakt\u00f8rer og Opera ombord p\u00e5 de luksuri\u00f8se minivansene v\u00e5re. Vi transporterer ogs\u00e5 artister fra flyplassen til hotellet og fra hotellet til teatrene deres, og vi kan transportere dem for hele turen.\n<\/p>\n<\/div>\n<div class=\"one_third last\" style=\"\">\n<span class=\"fas fa-taxi\" style=\"display: block; font-size: 50px; margin-bottom: 20px;\">\u00a0<\/span><\/p>\n<h2 style=\"color: #fff;\">Flyplasstransport<\/h2>\n<p>Flyplassoverf\u00f8ring m\u00e5 i beste fall organiseres. Med tanke p\u00e5 sikkerhetskontroller og tid for innsjekkingsbagasje. Det er n\u00f8dvendig \u00e5 ankomme p\u00e5 forh\u00e5nd til flyplassen for ikke \u00e5 g\u00e5 glipp av flyet. Du kan stole p\u00e5 v\u00e5re tjenester for \u00e5 hjelpe deg med en 100% profesjonell flyplasstransport. Som et resultat vil du forsikre deg om en bekymringsl\u00f8s reise.<br \/>\nVi garanterer din ankomst kl <a href=\"https:\/\/www.brusselsairport.be\/en\/passengers\" target=\"_blank\" rel=\"noopener noreferrer\">flyplassen<\/a> p\u00e5 tide. S\u00e5 hvorfor ikke dra nytte av v\u00e5r <a href=\"https:\/\/manu015.supserv.cozmoslabs.com\/taxi-brussels\/\">tjenester i Brussel<\/a> s\u00e5 snart som mulig?\n<\/div>\n<p><br class=\"clear\"\/><\/p>\n<div class=\"one_third\" style=\"\">\n<span class=\"fas fa-hippo\" style=\"display: block; font-size: 50px; margin-bottom: 20px;\">\u00a0<\/span><\/p>\n<h2 style=\"color: #fff;\">Drosjeservice til forn\u00f8yelsesparker<\/h2>\n<p>Vi har drosjer til forskjellige forn\u00f8yelsesparker i Belgia, Nederland, Frankrike og andre steder i Europa ...<br \/>\nDrosje til forn\u00f8yelsesparken Walibi i Wavre, Mini-Europe i Brussel. Bobbejaanland Kasterlee, Plopsaland i De Panne, Bellewaerde forn\u00f8yelsespark i Ypres ect.<\/p>\n<p>Drosje til forn\u00f8yelsesparken Plopsa Coo i Stavelot, Aqualibi i Wavre, Plopsa Innend\u00f8rs forn\u00f8yelsespark i Hasselt, Oc\u00e9ade badeland i Brussel, Boudewijn Seapark i Brugge, Eventyrparken i Wavre, Queen Fabiola attraktive park i Namur. Forn\u00f8yelsesparken Mount Mosan i Huy og forn\u00f8yelsesparken Labyrinth i Durbuy.<\/p>\n<p>Drosje til Plopsaqua-parken i De Panne, Chlorophylle Park i Manhay, provinsdomenet Chevetogne i Ciney, Earth Explorer, Meli Park, Houtopia, THE POINT D&#39;EAU i La Louvi\u00e8re, Dadipark i Moorslede og taxi til Parc Spirou.<\/p>\n<p>Taxi til Efteling forn\u00f8yelsespark i Kaatsheuvel Nederland, Disney-Land forn\u00f8yelsespark i Chessy Paris Frankrike, Phantasialand forn\u00f8yelsespark i Br\u00fchl Tyskland og taxi til Mega Speelstad i Lille Frankrike.\n<\/p>\n<\/div>\n<div class=\"one_third\" style=\"\">\n<span class=\"fas fa-city\" style=\"display: block; font-size: 50px; margin-bottom: 20px;\">\u00a0<\/span><\/p>\n<h2 style=\"color: #fff;\">EU-kommisjonens taxitjeneste<\/h2>\n<p>Vi har standard taxi- og luksustaxitjeneste til de forskjellige europeiske institusjonene i Brussel.<br \/>\nVi har ogs\u00e5 en drosjetjeneste med permittering for delegasjoner som bes\u00f8ker de europeiske institusjonene i Brussel. Vi har Mercedes klasse E og Mercedes minivan klasse V for \u00e5 lede drosje-delegasjoner til EU-kommisjonen, Europaparlamentet eller til NATO og andre europeiske institusjoner med base i Brussel. Drosje til EU-kommisjonen ved Berlaymont i Schumann-omr\u00e5det. Vi har drosjen til Den \u00f8konomiske og sosiale komiteen og ogs\u00e5 Regionkomiteen som begge ligger p\u00e5 Rue Belliard, 99 i Brussel.<\/p>\n<p>Vi har en taxi til European Defense Agency, taxi til Executive Agency for Education, Audiovisual and Culture, taxi til Executive Agency for Competitiveness and Innovation, taxi til Community Agency control of fishing, taxi til European GNSS Supervisory Authority, taxi til Executive Agency for Research, taxi til European Research Council Executive Agency, taxi til Trans-European Transport Network Executive Agency og til slutt taxi til NATO i Evere Brussel.\n<\/p>\n<\/div>\n<div class=\"one_third last\" style=\"\">\n<span class=\"fas fa-ring\" style=\"display: block; font-size: 50px; margin-bottom: 20px;\">\u00a0<\/span><\/p>\n<h2 style=\"color: #fff;\">Limousine for bryllupstaxiservice<\/h2>\n<p>Husk \u00e5 komme og leie limousinen din til bryllupsdagen. Sj\u00e5f\u00f8ren v\u00e5r kj\u00f8rer deg til kirken og til en fotosession der du velger alt dette i henhold til programmet ditt selvf\u00f8lgelig.<br \/>\nV\u00e5re bryllupslimousiner drives av erfarne sj\u00e5f\u00f8rer. Romslig limousine, godt utstyrt og dekorert for bryllupet ditt. V\u00e5re luksuri\u00f8se limousiner kan dekoreres til bryllupet ditt. Du drar nytte av all mulig plass for et \u00f8yeblikk av avslapning f\u00f8r eller etter festlighetene. Selvf\u00f8lgelig muligheten til \u00e5 bestille Champagne. Your private driver tilbyr absolutt den beste limousinebilen med sj\u00e5f\u00f8r i Brussel.<\/p>\n<p>Feir bryllupet ditt med stil og fest hele natten i en tilpasset limousine utstyrt med et musikksystem og internettforbindelse. Be oss n\u00e5 om et tilbud p\u00e5 limousintjenester for \u00e5 bedre organisere bryllupet ditt. Vi er ogs\u00e5 tilgjengelige for \u00e5 svare p\u00e5 sp\u00f8rsm\u00e5lene dine og informere deg om v\u00e5re limousinemodeller.\n<\/p>\n<\/div>\n<p><br class=\"clear\"\/><\/p>\n<div class=\"one_third\" style=\"\">\n<span class=\"fas fa-building\" style=\"display: block; font-size: 50px; margin-bottom: 20px;\">\u00a0<\/span><\/p>\n<h2 style=\"color: #fff;\">Europaparlamentet<\/h2>\n<p>Vi har standard taxi- og luksustaxitjeneste til de forskjellige europeiske institusjonene i Brussel.<br \/>\nVi har ogs\u00e5 en drosjetjeneste med permittering for delegasjoner som bes\u00f8ker de europeiske institusjonene i Brussel. Vi har Mercedes klasse E og Mercedes minivan klasse V for \u00e5 lede drosje-delegasjoner til EU-kommisjonen, Europaparlamentet eller til NATO og andre europeiske institusjoner med base i Brussel.<\/p>\n<p>Bestill en taxi fra oss for \u00e5 g\u00e5 til Europaparlamentet som ligger Rue Wiertz, 60 i Brussel, vi har ogs\u00e5 drosjer til informasjonskontoret i Belgia som ligger i rue de Tr\u00eaves, 3 i Brussel.<br \/>\nDrosje til Europar\u00e5det som ligger p\u00e5 Rue de la Loi, 175 Brussel\n<\/p>\n<\/div>\n<div class=\"one_third\" style=\"\">\n<span class=\"fas fa-shuttle-van\" style=\"display: block; font-size: 50px; margin-bottom: 20px;\">\u00a0<\/span><\/p>\n<h2 style=\"color: #fff;\">Flybuss<\/h2>\n<p>Noen ganger n\u00e5r du er i en stor gruppe som reiser til flyplassen, er det en god ide \u00e5 tenke p\u00e5 \u00e5 ta buss i et enkelt kj\u00f8ret\u00f8y med stor kapasitet. For \u00e5 gj\u00f8re dette kan du stole p\u00e5 oss og v\u00e6re sikker p\u00e5 \u00e5 f\u00e5 en god avtale fordi vi har rimelige priser for transport til flyplassen.\n<\/p>\n<\/div>\n<div class=\"one_third last\" style=\"\">\n<span class=\"fas fa-user-tie\" style=\"display: block; font-size: 50px; margin-bottom: 20px;\">\u00a0<\/span><\/p>\n<h2 style=\"color: #fff;\">Bilutleie med sj\u00e5f\u00f8r<\/h2>\n<p>V\u00e5r bilutleietjeneste med sj\u00e5f\u00f8r st\u00e5r til tjeneste for enkeltpersoner og bedrifter. Vi tar oss av alle turene dine, som skyttelbuss fra hotellet til konferansestedet og omvendt. Vi tar vare p\u00e5 reisene dine med profesjonalitet og strenghet. Nyt en leiebil med sj\u00e5f\u00f8r. Ogs\u00e5 komforten for \u00e5 ogs\u00e5 g\u00e5 til forretningsm\u00f8tene eller en privat fest. Vi er sannsynligvis det beste bilutleiefirmaet med base i Brussel<\/p>\n<p>Dra full nytte av v\u00e5r leiebiltjeneste med sj\u00e5f\u00f8r. V\u00e5r bilutleietjeneste med sj\u00e5f\u00f8r passer for alle budsjetter. Velg en sj\u00e5f\u00f8rdrevet leiebil hos oss. S\u00e5 du vil unng\u00e5 alt bryet med parkering og b\u00f8ter. Spar deg stresset med \u00e5 kj\u00f8re ved \u00e5 velge v\u00e5r sj\u00e5f\u00f8rdrevne bilutleietjeneste.\n<\/p>\n<\/div>\n<p><br class=\"clear\"\/><\/p>\n<\/div>\n<\/div>\n<\/div>\n<\/div>\n<\/div>","protected":false},"excerpt":{"rendered":"<p>Taxi Service of Your Private Driver \u00a0 Limousine service A limousine for your ceremony because no event is too small for us. Do you need a high-end limousine for a personal or professional event? Then call your Private Driver. Our [&hellip;]<\/p>","protected":false},"author":1,"featured_media":22,"parent":0,"menu_order":0,"comment_status":"closed","ping_status":"closed","template":"","meta":[],"yoast_head":"<!-- This site is optimized with the Yoast SEO plugin v18.4.1 - https:\/\/yoast.com\/wordpress\/plugins\/seo\/ -->\n<title>Services that we offer in our taxi company - Your Private Driver<\/title>\n<meta name=\"description\" content=\"Find here the different taxi services that we offer with our Company. Our service range from airport tranfers and shuttle to private trips.\" \/>\n<meta name=\"robots\" content=\"index, follow, max-snippet:-1, max-image-preview:large, max-video-preview:-1\" \/>\n<link rel=\"canonical\" href=\"https:\/\/manu015.supserv.cozmoslabs.com\/no\/services\/\" \/>\n<meta property=\"og:locale\" content=\"nb_NO\" \/>\n<meta property=\"og:type\" content=\"article\" \/>\n<meta property=\"og:title\" content=\"Services that we offer in our taxi company - Your Private Driver\" \/>\n<meta property=\"og:description\" content=\"Find here the different taxi services that we offer with our Company. Our service range from airport tranfers and shuttle to private trips.\" \/>\n<meta property=\"og:url\" content=\"https:\/\/manu015.supserv.cozmoslabs.com\/no\/services\/\" \/>\n<meta property=\"og:site_name\" content=\"Your Private Driver\" \/>\n<meta property=\"article:publisher\" content=\"https:\/\/www.facebook.com\/yourprivatedriverbrussels\" \/>\n<meta property=\"article:modified_time\" content=\"2020-11-13T08:23:01+00:00\" \/>\n<meta property=\"og:image\" content=\"https:\/\/manu015.supserv.cozmoslabs.com\/wp-content\/uploads\/2017\/01\/IMG_3496bfree-8.jpg\" \/>\n\t<meta property=\"og:image:width\" content=\"1440\" \/>\n\t<meta property=\"og:image:height\" content=\"960\" \/>\n\t<meta property=\"og:image:type\" content=\"image\/jpeg\" \/>\n<meta name=\"twitter:card\" content=\"summary_large_image\" \/>\n<meta name=\"twitter:site\" content=\"@privatedriverbx\" \/>\n<meta name=\"twitter:label1\" content=\"Ansl. lesetid\" \/>\n\t<meta name=\"twitter:data1\" content=\"5 minutter\" \/>\n<script type=\"application\/ld+json\" class=\"yoast-schema-graph\">{\"@context\":\"https:\/\/schema.org\",\"@graph\":[{\"@type\":\"Organization\",\"@id\":\"https:\/\/manu015.supserv.cozmoslabs.com\/#organization\",\"name\":\"Your Private Driver\",\"url\":\"https:\/\/manu015.supserv.cozmoslabs.com\/\",\"sameAs\":[\"https:\/\/www.facebook.com\/yourprivatedriverbrussels\",\"https:\/\/www.instagram.com\/taxibrusselsairport\/\",\"https:\/\/www.linkedin.com\/company\/yourprivatedriver\/\",\"https:\/\/www.youtube.com\/channel\/UCdFj5lm3qhOZWz_Rz0yupVA\",\"https:\/\/www.pinterest.fr\/pin\/704672672920362864\/\",\"https:\/\/twitter.com\/privatedriverbx\"],\"logo\":{\"@type\":\"ImageObject\",\"@id\":\"https:\/\/manu015.supserv.cozmoslabs.com\/#logo\",\"inLanguage\":\"nb-NO\",\"url\":\"\",\"contentUrl\":\"\",\"caption\":\"Your Private Driver\"},\"image\":{\"@id\":\"https:\/\/manu015.supserv.cozmoslabs.com\/#logo\"}},{\"@type\":\"WebSite\",\"@id\":\"https:\/\/manu015.supserv.cozmoslabs.com\/#website\",\"url\":\"https:\/\/manu015.supserv.cozmoslabs.com\/\",\"name\":\"Your Private Driver\",\"description\":\"Taxi Brussels airport - Taxi Charleroi airport\",\"publisher\":{\"@id\":\"https:\/\/manu015.supserv.cozmoslabs.com\/#organization\"},\"potentialAction\":[{\"@type\":\"SearchAction\",\"target\":{\"@type\":\"EntryPoint\",\"urlTemplate\":\"https:\/\/manu015.supserv.cozmoslabs.com\/?s={search_term_string}\"},\"query-input\":\"required name=search_term_string\"}],\"inLanguage\":\"nb-NO\"},{\"@type\":\"ImageObject\",\"@id\":\"https:\/\/manu015.supserv.cozmoslabs.com\/services\/#primaryimage\",\"inLanguage\":\"nb-NO\",\"url\":\"https:\/\/manu015.supserv.cozmoslabs.com\/wp-content\/uploads\/2017\/01\/IMG_3496bfree-8.jpg\",\"contentUrl\":\"https:\/\/manu015.supserv.cozmoslabs.com\/wp-content\/uploads\/2017\/01\/IMG_3496bfree-8.jpg\",\"width\":1440,\"height\":960,\"caption\":\"The road to success and the road to failure are almost exactly the same\"},{\"@type\":\"WebPage\",\"@id\":\"https:\/\/manu015.supserv.cozmoslabs.com\/services\/#webpage\",\"url\":\"https:\/\/manu015.supserv.cozmoslabs.com\/services\/\",\"name\":\"Services that we offer in our taxi company - Your Private Driver\",\"isPartOf\":{\"@id\":\"https:\/\/manu015.supserv.cozmoslabs.com\/#website\"},\"primaryImageOfPage\":{\"@id\":\"https:\/\/manu015.supserv.cozmoslabs.com\/services\/#primaryimage\"},\"datePublished\":\"2020-10-31T22:31:36+00:00\",\"dateModified\":\"2020-11-13T08:23:01+00:00\",\"description\":\"Find here the different taxi services that we offer with our Company. Our service range from airport tranfers and shuttle to private trips.\",\"breadcrumb\":{\"@id\":\"https:\/\/manu015.supserv.cozmoslabs.com\/services\/#breadcrumb\"},\"inLanguage\":\"nb-NO\",\"potentialAction\":[{\"@type\":\"ReadAction\",\"target\":[\"https:\/\/manu015.supserv.cozmoslabs.com\/services\/\"]}]},{\"@type\":\"BreadcrumbList\",\"@id\":\"https:\/\/manu015.supserv.cozmoslabs.com\/services\/#breadcrumb\",\"itemListElement\":[{\"@type\":\"ListItem\",\"position\":1,\"name\":\"Home\",\"item\":\"https:\/\/manu015.supserv.cozmoslabs.com\/\"},{\"@type\":\"ListItem\",\"position\":2,\"name\":\"Services\"}]}]}<\/script>\n<!-- \/ Yoast SEO plugin. -->","yoast_head_json":{"title":"Services that we offer in our taxi company - Your Private Driver","description":"Find here the different taxi services that we offer with our Company. Our service range from airport tranfers and shuttle to private trips.","robots":{"index":"index","follow":"follow","max-snippet":"max-snippet:-1","max-image-preview":"max-image-preview:large","max-video-preview":"max-video-preview:-1"},"canonical":"https:\/\/manu015.supserv.cozmoslabs.com\/no\/services\/","og_locale":"nb_NO","og_type":"article","og_title":"Services that we offer in our taxi company - Your Private Driver","og_description":"Find here the different taxi services that we offer with our Company. Our service range from airport tranfers and shuttle to private trips.","og_url":"https:\/\/manu015.supserv.cozmoslabs.com\/no\/services\/","og_site_name":"Your Private Driver","article_publisher":"https:\/\/www.facebook.com\/yourprivatedriverbrussels","article_modified_time":"2020-11-13T08:23:01+00:00","og_image":[{"width":1440,"height":960,"url":"https:\/\/manu015.supserv.cozmoslabs.com\/wp-content\/uploads\/2017\/01\/IMG_3496bfree-8.jpg","type":"image\/jpeg"}],"twitter_card":"summary_large_image","twitter_site":"@privatedriverbx","twitter_misc":{"Ansl. lesetid":"5 minutter"},"schema":{"@context":"https:\/\/schema.org","@graph":[{"@type":"Organization","@id":"https:\/\/manu015.supserv.cozmoslabs.com\/#organization","name":"Your Private Driver","url":"https:\/\/manu015.supserv.cozmoslabs.com\/","sameAs":["https:\/\/www.facebook.com\/yourprivatedriverbrussels","https:\/\/www.instagram.com\/taxibrusselsairport\/","https:\/\/www.linkedin.com\/company\/yourprivatedriver\/","https:\/\/www.youtube.com\/channel\/UCdFj5lm3qhOZWz_Rz0yupVA","https:\/\/www.pinterest.fr\/pin\/704672672920362864\/","https:\/\/twitter.com\/privatedriverbx"],"logo":{"@type":"ImageObject","@id":"https:\/\/manu015.supserv.cozmoslabs.com\/#logo","inLanguage":"nb-NO","url":"","contentUrl":"","caption":"Your Private Driver"},"image":{"@id":"https:\/\/manu015.supserv.cozmoslabs.com\/#logo"}},{"@type":"WebSite","@id":"https:\/\/manu015.supserv.cozmoslabs.com\/#website","url":"https:\/\/manu015.supserv.cozmoslabs.com\/","name":"Your Private Driver","description":"Taxi Brussels airport - Taxi Charleroi airport","publisher":{"@id":"https:\/\/manu015.supserv.cozmoslabs.com\/#organization"},"potentialAction":[{"@type":"SearchAction","target":{"@type":"EntryPoint","urlTemplate":"https:\/\/manu015.supserv.cozmoslabs.com\/?s={search_term_string}"},"query-input":"required name=search_term_string"}],"inLanguage":"nb-NO"},{"@type":"ImageObject","@id":"https:\/\/manu015.supserv.cozmoslabs.com\/services\/#primaryimage","inLanguage":"nb-NO","url":"https:\/\/manu015.supserv.cozmoslabs.com\/wp-content\/uploads\/2017\/01\/IMG_3496bfree-8.jpg","contentUrl":"https:\/\/manu015.supserv.cozmoslabs.com\/wp-content\/uploads\/2017\/01\/IMG_3496bfree-8.jpg","width":1440,"height":960,"caption":"The road to success and the road to failure are almost exactly the same"},{"@type":"WebPage","@id":"https:\/\/manu015.supserv.cozmoslabs.com\/services\/#webpage","url":"https:\/\/manu015.supserv.cozmoslabs.com\/services\/","name":"Services that we offer in our taxi company - Your Private Driver","isPartOf":{"@id":"https:\/\/manu015.supserv.cozmoslabs.com\/#website"},"primaryImageOfPage":{"@id":"https:\/\/manu015.supserv.cozmoslabs.com\/services\/#primaryimage"},"datePublished":"2020-10-31T22:31:36+00:00","dateModified":"2020-11-13T08:23:01+00:00","description":"Find here the different taxi services that we offer with our Company. Our service range from airport tranfers and shuttle to private trips.","breadcrumb":{"@id":"https:\/\/manu015.supserv.cozmoslabs.com\/services\/#breadcrumb"},"inLanguage":"nb-NO","potentialAction":[{"@type":"ReadAction","target":["https:\/\/manu015.supserv.cozmoslabs.com\/services\/"]}]},{"@type":"BreadcrumbList","@id":"https:\/\/manu015.supserv.cozmoslabs.com\/services\/#breadcrumb","itemListElement":[{"@type":"ListItem","position":1,"name":"Home","item":"https:\/\/manu015.supserv.cozmoslabs.com\/"},{"@type":"ListItem","position":2,"name":"Services"}]}]}},"_links":{"self":[{"href":"https:\/\/manu015.supserv.cozmoslabs.com\/no\/wp-json\/wp\/v2\/pages\/7089"}],"collection":[{"href":"https:\/\/manu015.supserv.cozmoslabs.com\/no\/wp-json\/wp\/v2\/pages"}],"about":[{"href":"https:\/\/manu015.supserv.cozmoslabs.com\/no\/wp-json\/wp\/v2\/types\/page"}],"author":[{"embeddable":true,"href":"https:\/\/manu015.supserv.cozmoslabs.com\/no\/wp-json\/wp\/v2\/users\/1"}],"replies":[{"embeddable":true,"href":"https:\/\/manu015.supserv.cozmoslabs.com\/no\/wp-json\/wp\/v2\/comments?post=7089"}],"version-history":[{"count":0,"href":"https:\/\/manu015.supserv.cozmoslabs.com\/no\/wp-json\/wp\/v2\/pages\/7089\/revisions"}],"wp:featuredmedia":[{"embeddable":true,"href":"https:\/\/manu015.supserv.cozmoslabs.com\/no\/wp-json\/wp\/v2\/media\/22"}],"wp:attachment":[{"href":"https:\/\/manu015.supserv.cozmoslabs.com\/no\/wp-json\/wp\/v2\/media?parent=7089"}],"curies":[{"name":"wp","href":"https:\/\/api.w.org\/{rel}","templated":true}]}}