{"id":7065,"date":"2020-10-31T15:38:27","date_gmt":"2020-10-31T15:38:27","guid":{"rendered":"https:\/\/manu015.supserv.cozmoslabs.com\/?page_id=7065"},"modified":"2020-11-13T08:09:59","modified_gmt":"2020-11-13T08:09:59","slug":"fleet","status":"publish","type":"page","link":"https:\/\/manu015.supserv.cozmoslabs.com\/no\/fleet\/","title":{"rendered":"Fl\u00e5te"},"content":{"rendered":"<div  class=\"one withsmallpadding ppb_header\" style=\"text-align:left;padding:40px 0 40px 0;\" >\n<div class=\"standard_wrapper\">\n<div class=\"page_content_wrapper\">\n<div class=\"inner\">\n<div style=\"margin:auto;width:100%\">\n<h2 class=\"ppb_title\" style=\"\">Drosjepark<\/h2>\n<div class=\"page_tagline\" style=\"\">Vi har 6 kategorier av kj\u00f8ret\u00f8y<\/div>\n<div class=\"ppb_header_content\">\n<p>Vi har en stor taxivl\u00e5te i selskapet v\u00e5rt. Her kan du se bildene av noen av kj\u00f8ret\u00f8yene v\u00e5re. Alle kj\u00f8ret\u00f8yene v\u00e5re er fullstendig lisensiert for transport, og de har alle et registreringsnummer som begynner med TL, som betyr Taxi Limousine slik den belgiske forskriften krever.<\/p>\n<p>En stor bilpark som serverer deg: sedaner, minibusser, minibusser og limousiner. Blant sedanene kan du velge mellom luksus- eller standardmodellene. Det samme gjelder minibusser, vi har luksus og standard minivans<br \/>\nV\u00e5re sj\u00e5f\u00f8rdrevne biler har et Wi-Fi-nettverk slik at du kan koble til hvis du trenger det. V\u00e5rt rene og pene interi\u00f8r inviterer deg til \u00e5 slappe av og slappe av.<\/p>\n<\/div>\n<\/div>\n<\/div>\n<\/div>\n<\/div>\n<\/div>\n<div  class=\"one withsmallpadding ppb_header\" style=\"text-align:left;padding:40px 0 40px 0;\" >\n<div class=\"standard_wrapper\">\n<div class=\"page_content_wrapper\">\n<div class=\"inner\">\n<div style=\"margin:auto;width:100%\">\n<h2 class=\"ppb_title\" style=\"\">Standard Sedan<\/h2>\n<div class=\"ppb_header_content\">\n<p>Dette er v\u00e5r billigste bilkategori. den har en maksimal kapasitet p\u00e5 4 passasjerer og 3 poser. Det er den mest popul\u00e6re. I denne kategorien finner du kj\u00f8ret\u00f8y som Nissan Qashqai, Skoda Octavia eller lignende kj\u00f8ret\u00f8y<\/p>\n<p>[ngg src = \u201dgalleries\u201d ids = \u201d2 \u2033 display =\u201d basic_thumbnail \u201d]<\/p>\n<p>\u00a0<\/p>\n<\/div>\n<\/div>\n<\/div>\n<\/div>\n<\/div>\n<\/div>\n<div  class=\"one withsmallpadding ppb_header\" style=\"text-align:left;padding:40px 0 40px 0;\" >\n<div class=\"standard_wrapper\">\n<div class=\"page_content_wrapper\">\n<div class=\"inner\">\n<div style=\"margin:auto;width:100%\">\n<h2 class=\"ppb_title\" style=\"\">Executive Mercedes Benz E-klasse<\/h2>\n<div class=\"ppb_header_content\">\n<p>V\u00e5re Executive-sedaner best\u00e5r i hovedsak av modeller som Mercedes-Benz E-klasse, Audi A6, Volvo S90 eller lignende biler. Dette er virkelig luksuri\u00f8st. Den ble prim\u00e6rt designet for \u00e5 ta maksimalt 3 passasjerer. Dette kj\u00f8ret\u00f8yet har imidlertid 4 sikkerhetsbelter for passasjerer. Derfor tillater vi opptil 4 passasjerer i dette kj\u00f8ret\u00f8yet og 3 poser.<\/p>\n<p>[ngg src = \u201dgallerier\u201d ids = \u201d3 \u2033 display =\u201d basic_slideshow \u201d]<\/p>\n<\/div>\n<\/div>\n<\/div>\n<\/div>\n<\/div>\n<\/div>\n<div  class=\"one withsmallpadding ppb_header\" style=\"text-align:left;padding:40px 0 40px 0;\" >\n<div class=\"standard_wrapper\">\n<div class=\"page_content_wrapper\">\n<div class=\"inner\">\n<div style=\"margin:auto;width:100%\">\n<h2 class=\"ppb_title\" style=\"\">Standard minivan<\/h2>\n<div class=\"ppb_header_content\">\n<p>Denne kategorien av kj\u00f8ret\u00f8y kan ta opptil 8 passasjerer per kj\u00f8ret\u00f8y. Det er den billigste m\u00e5ten \u00e5 reise med taxi hvis du har mye bagasje, eller hvis du er en gruppe mennesker som overstiger 4.<\/p>\n<p>I v\u00e5r standard minibuss-kategori har vi kj\u00f8ret\u00f8y som Opel Vivaro, Renault Trafic eller lignende biler<\/p>\n<p>[ngg src = \u201dgallerier\u201d ids = \u201d4 \u2033 display =\u201d basic_imagebrowser \u201d]<\/p>\n<p>\u00a0<\/p>\n<\/div>\n<\/div>\n<\/div>\n<\/div>\n<\/div>\n<\/div>\n<div  class=\"one withsmallpadding ppb_header\" style=\"text-align:left;padding:40px 0 40px 0;\" >\n<div class=\"standard_wrapper\">\n<div class=\"page_content_wrapper\">\n<div class=\"inner\">\n<div style=\"margin:auto;width:100%\">\n<h2 class=\"ppb_title\" style=\"\">Executive Mercedes Benz V Class &amp; Vito tourer Minivan<\/h2>\n<div class=\"ppb_header_content\">\n<p>I denne kategorien har vi forskjellige typer modeller som Mercedes V Class, Mercedes Benz Vito Tourer, Mercedes Benz Viano, Ford Customs Tourneo etc ... Denne typen kj\u00f8ret\u00f8y kan ta opptil 7 eller 8 passasjerer maksimalt avhengig av merke og modell p\u00e5 minibussen. Det er v\u00e5rt mest luksuri\u00f8se kj\u00f8ret\u00f8y. Sv\u00e6rt romslig, den har 6 skinnseter bak og 1 eller 2 passasjersete foran. 2 rader med 3 seter vendt mot hverandre. Du f\u00f8ler deg virkelig som i en stue n\u00e5r du er ombord p\u00e5 minibuss Mercedes Benz V-klasse.<br \/>\nFor en gruppe p\u00e5 8 personer har vi ogs\u00e5 en luksuri\u00f8s l\u00f8sning for dem, siden vi har denne andre modellen av en minivan. Det er v\u00e5r Mercedes Benz Vito tourer-modell. Den har ogs\u00e5 6 skinnseter p\u00e5 baksiden med 2 rader med 3 seter vendt mot hverandre. I fronthytta har vi 2 ekstra seter. Du forst\u00e5r veldig godt at vi i v\u00e5r Mercedes Benz Vito tourer kan frakte opptil \u00e5tte passasjerer med samme komfort og luksus som i v\u00e5r Mercedes Benz V-klasse.<\/p>\n<p>[ngg src = \u201dgallerier\u201d ids = \u201d5 \u2033 display =\u201d basic_thumbnail \u201d]<\/p>\n<\/div>\n<\/div>\n<\/div>\n<\/div>\n<\/div>\n<\/div>\n<div  class=\"one withsmallpadding ppb_header\" style=\"text-align:left;padding:40px 0 40px 0;\" >\n<div class=\"standard_wrapper\">\n<div class=\"page_content_wrapper\">\n<div class=\"inner\">\n<div style=\"margin:auto;width:100%\">\n<h2 class=\"ppb_title\" style=\"\">Drosje for rullestol. Limousiner og busser<\/h2>\n<div class=\"ppb_header_content\">\n<p>Vi har ogs\u00e5 en spesiell taxi for \u00e5 frakte folk i rullestoler. Vi har store busser med kapasitet p\u00e5 48 passasjerer per buss for en stor gruppe mennesker. Spesielt hvis de ikke vil reise med forskjellige minibusser. Hvis du trenger en limousine for en bestemt begivenhet. For mer informasjon, vennligst kontakt v\u00e5r <a href=\"https:\/\/manu015.supserv.cozmoslabs.com\/\">hjemmesiden<\/a><\/p>\n<\/div>\n<\/div>\n<\/div>\n<\/div>\n<\/div>\n<\/div>","protected":false},"excerpt":{"rendered":"<p>Taxi Fleet We have 6 categories of vehicles We have a large taxi fleet in our company. Here you can see the photos of some of our vehicles. All our vehicles are fully licenced for transport and they all have [&hellip;]<\/p>","protected":false},"author":1,"featured_media":7665,"parent":0,"menu_order":0,"comment_status":"closed","ping_status":"closed","template":"","meta":[],"yoast_head":"<!-- This site is optimized with the Yoast SEO plugin v18.4.1 - https:\/\/yoast.com\/wordpress\/plugins\/seo\/ -->\n<title>Discover the fleet of our taxi company - Your Private Driver<\/title>\n<meta name=\"description\" content=\"We have a very large fleet made up of 4 categories of vehicles ranging from sedans to minivans, both standard and luxury.\" \/>\n<meta name=\"robots\" content=\"index, follow, max-snippet:-1, max-image-preview:large, max-video-preview:-1\" \/>\n<link rel=\"canonical\" href=\"https:\/\/manu015.supserv.cozmoslabs.com\/no\/fleet\/\" \/>\n<meta property=\"og:locale\" content=\"nb_NO\" \/>\n<meta property=\"og:type\" content=\"article\" \/>\n<meta property=\"og:title\" content=\"Discover the fleet of our taxi company - Your Private Driver\" \/>\n<meta property=\"og:description\" content=\"We have a very large fleet made up of 4 categories of vehicles ranging from sedans to minivans, both standard and luxury.\" \/>\n<meta property=\"og:url\" content=\"https:\/\/manu015.supserv.cozmoslabs.com\/no\/fleet\/\" \/>\n<meta property=\"og:site_name\" content=\"Your Private Driver\" \/>\n<meta property=\"article:publisher\" content=\"https:\/\/www.facebook.com\/yourprivatedriverbrussels\" \/>\n<meta property=\"article:modified_time\" content=\"2020-11-13T08:09:59+00:00\" \/>\n<meta property=\"og:image\" content=\"https:\/\/manu015.supserv.cozmoslabs.com\/wp-content\/uploads\/2020\/11\/flotte-vehicules-taxi-aeroport.png\" \/>\n\t<meta property=\"og:image:width\" content=\"534\" \/>\n\t<meta property=\"og:image:height\" content=\"230\" \/>\n\t<meta property=\"og:image:type\" content=\"image\/png\" \/>\n<meta name=\"twitter:card\" content=\"summary_large_image\" \/>\n<meta name=\"twitter:site\" content=\"@privatedriverbx\" \/>\n<meta name=\"twitter:label1\" content=\"Ansl. lesetid\" \/>\n\t<meta name=\"twitter:data1\" content=\"3 minutter\" \/>\n<script type=\"application\/ld+json\" class=\"yoast-schema-graph\">{\"@context\":\"https:\/\/schema.org\",\"@graph\":[{\"@type\":\"Organization\",\"@id\":\"https:\/\/manu015.supserv.cozmoslabs.com\/#organization\",\"name\":\"Your Private Driver\",\"url\":\"https:\/\/manu015.supserv.cozmoslabs.com\/\",\"sameAs\":[\"https:\/\/www.facebook.com\/yourprivatedriverbrussels\",\"https:\/\/www.instagram.com\/taxibrusselsairport\/\",\"https:\/\/www.linkedin.com\/company\/yourprivatedriver\/\",\"https:\/\/www.youtube.com\/channel\/UCdFj5lm3qhOZWz_Rz0yupVA\",\"https:\/\/www.pinterest.fr\/pin\/704672672920362864\/\",\"https:\/\/twitter.com\/privatedriverbx\"],\"logo\":{\"@type\":\"ImageObject\",\"@id\":\"https:\/\/manu015.supserv.cozmoslabs.com\/#logo\",\"inLanguage\":\"nb-NO\",\"url\":\"\",\"contentUrl\":\"\",\"caption\":\"Your Private Driver\"},\"image\":{\"@id\":\"https:\/\/manu015.supserv.cozmoslabs.com\/#logo\"}},{\"@type\":\"WebSite\",\"@id\":\"https:\/\/manu015.supserv.cozmoslabs.com\/#website\",\"url\":\"https:\/\/manu015.supserv.cozmoslabs.com\/\",\"name\":\"Your Private Driver\",\"description\":\"Taxi Brussels airport - Taxi Charleroi airport\",\"publisher\":{\"@id\":\"https:\/\/manu015.supserv.cozmoslabs.com\/#organization\"},\"potentialAction\":[{\"@type\":\"SearchAction\",\"target\":{\"@type\":\"EntryPoint\",\"urlTemplate\":\"https:\/\/manu015.supserv.cozmoslabs.com\/?s={search_term_string}\"},\"query-input\":\"required name=search_term_string\"}],\"inLanguage\":\"nb-NO\"},{\"@type\":\"ImageObject\",\"@id\":\"https:\/\/manu015.supserv.cozmoslabs.com\/fleet\/#primaryimage\",\"inLanguage\":\"nb-NO\",\"url\":\"https:\/\/manu015.supserv.cozmoslabs.com\/wp-content\/uploads\/2020\/11\/flotte-vehicules-taxi-aeroport.png\",\"contentUrl\":\"https:\/\/manu015.supserv.cozmoslabs.com\/wp-content\/uploads\/2020\/11\/flotte-vehicules-taxi-aeroport.png\",\"width\":534,\"height\":230,\"caption\":\"Our Fleet\"},{\"@type\":\"WebPage\",\"@id\":\"https:\/\/manu015.supserv.cozmoslabs.com\/fleet\/#webpage\",\"url\":\"https:\/\/manu015.supserv.cozmoslabs.com\/fleet\/\",\"name\":\"Discover the fleet of our taxi company - Your Private Driver\",\"isPartOf\":{\"@id\":\"https:\/\/manu015.supserv.cozmoslabs.com\/#website\"},\"primaryImageOfPage\":{\"@id\":\"https:\/\/manu015.supserv.cozmoslabs.com\/fleet\/#primaryimage\"},\"datePublished\":\"2020-10-31T15:38:27+00:00\",\"dateModified\":\"2020-11-13T08:09:59+00:00\",\"description\":\"We have a very large fleet made up of 4 categories of vehicles ranging from sedans to minivans, both standard and luxury.\",\"breadcrumb\":{\"@id\":\"https:\/\/manu015.supserv.cozmoslabs.com\/fleet\/#breadcrumb\"},\"inLanguage\":\"nb-NO\",\"potentialAction\":[{\"@type\":\"ReadAction\",\"target\":[\"https:\/\/manu015.supserv.cozmoslabs.com\/fleet\/\"]}]},{\"@type\":\"BreadcrumbList\",\"@id\":\"https:\/\/manu015.supserv.cozmoslabs.com\/fleet\/#breadcrumb\",\"itemListElement\":[{\"@type\":\"ListItem\",\"position\":1,\"name\":\"Home\",\"item\":\"https:\/\/manu015.supserv.cozmoslabs.com\/\"},{\"@type\":\"ListItem\",\"position\":2,\"name\":\"Fleet\"}]}]}<\/script>\n<!-- \/ Yoast SEO plugin. -->","yoast_head_json":{"title":"Discover the fleet of our taxi company - Your Private Driver","description":"We have a very large fleet made up of 4 categories of vehicles ranging from sedans to minivans, both standard and luxury.","robots":{"index":"index","follow":"follow","max-snippet":"max-snippet:-1","max-image-preview":"max-image-preview:large","max-video-preview":"max-video-preview:-1"},"canonical":"https:\/\/manu015.supserv.cozmoslabs.com\/no\/fleet\/","og_locale":"nb_NO","og_type":"article","og_title":"Discover the fleet of our taxi company - Your Private Driver","og_description":"We have a very large fleet made up of 4 categories of vehicles ranging from sedans to minivans, both standard and luxury.","og_url":"https:\/\/manu015.supserv.cozmoslabs.com\/no\/fleet\/","og_site_name":"Your Private Driver","article_publisher":"https:\/\/www.facebook.com\/yourprivatedriverbrussels","article_modified_time":"2020-11-13T08:09:59+00:00","og_image":[{"width":534,"height":230,"url":"https:\/\/manu015.supserv.cozmoslabs.com\/wp-content\/uploads\/2020\/11\/flotte-vehicules-taxi-aeroport.png","type":"image\/png"}],"twitter_card":"summary_large_image","twitter_site":"@privatedriverbx","twitter_misc":{"Ansl. lesetid":"3 minutter"},"schema":{"@context":"https:\/\/schema.org","@graph":[{"@type":"Organization","@id":"https:\/\/manu015.supserv.cozmoslabs.com\/#organization","name":"Your Private Driver","url":"https:\/\/manu015.supserv.cozmoslabs.com\/","sameAs":["https:\/\/www.facebook.com\/yourprivatedriverbrussels","https:\/\/www.instagram.com\/taxibrusselsairport\/","https:\/\/www.linkedin.com\/company\/yourprivatedriver\/","https:\/\/www.youtube.com\/channel\/UCdFj5lm3qhOZWz_Rz0yupVA","https:\/\/www.pinterest.fr\/pin\/704672672920362864\/","https:\/\/twitter.com\/privatedriverbx"],"logo":{"@type":"ImageObject","@id":"https:\/\/manu015.supserv.cozmoslabs.com\/#logo","inLanguage":"nb-NO","url":"","contentUrl":"","caption":"Your Private Driver"},"image":{"@id":"https:\/\/manu015.supserv.cozmoslabs.com\/#logo"}},{"@type":"WebSite","@id":"https:\/\/manu015.supserv.cozmoslabs.com\/#website","url":"https:\/\/manu015.supserv.cozmoslabs.com\/","name":"Your Private Driver","description":"Taxi Brussels airport - Taxi Charleroi airport","publisher":{"@id":"https:\/\/manu015.supserv.cozmoslabs.com\/#organization"},"potentialAction":[{"@type":"SearchAction","target":{"@type":"EntryPoint","urlTemplate":"https:\/\/manu015.supserv.cozmoslabs.com\/?s={search_term_string}"},"query-input":"required name=search_term_string"}],"inLanguage":"nb-NO"},{"@type":"ImageObject","@id":"https:\/\/manu015.supserv.cozmoslabs.com\/fleet\/#primaryimage","inLanguage":"nb-NO","url":"https:\/\/manu015.supserv.cozmoslabs.com\/wp-content\/uploads\/2020\/11\/flotte-vehicules-taxi-aeroport.png","contentUrl":"https:\/\/manu015.supserv.cozmoslabs.com\/wp-content\/uploads\/2020\/11\/flotte-vehicules-taxi-aeroport.png","width":534,"height":230,"caption":"Our Fleet"},{"@type":"WebPage","@id":"https:\/\/manu015.supserv.cozmoslabs.com\/fleet\/#webpage","url":"https:\/\/manu015.supserv.cozmoslabs.com\/fleet\/","name":"Discover the fleet of our taxi company - Your Private Driver","isPartOf":{"@id":"https:\/\/manu015.supserv.cozmoslabs.com\/#website"},"primaryImageOfPage":{"@id":"https:\/\/manu015.supserv.cozmoslabs.com\/fleet\/#primaryimage"},"datePublished":"2020-10-31T15:38:27+00:00","dateModified":"2020-11-13T08:09:59+00:00","description":"We have a very large fleet made up of 4 categories of vehicles ranging from sedans to minivans, both standard and luxury.","breadcrumb":{"@id":"https:\/\/manu015.supserv.cozmoslabs.com\/fleet\/#breadcrumb"},"inLanguage":"nb-NO","potentialAction":[{"@type":"ReadAction","target":["https:\/\/manu015.supserv.cozmoslabs.com\/fleet\/"]}]},{"@type":"BreadcrumbList","@id":"https:\/\/manu015.supserv.cozmoslabs.com\/fleet\/#breadcrumb","itemListElement":[{"@type":"ListItem","position":1,"name":"Home","item":"https:\/\/manu015.supserv.cozmoslabs.com\/"},{"@type":"ListItem","position":2,"name":"Fleet"}]}]}},"_links":{"self":[{"href":"https:\/\/manu015.supserv.cozmoslabs.com\/no\/wp-json\/wp\/v2\/pages\/7065"}],"collection":[{"href":"https:\/\/manu015.supserv.cozmoslabs.com\/no\/wp-json\/wp\/v2\/pages"}],"about":[{"href":"https:\/\/manu015.supserv.cozmoslabs.com\/no\/wp-json\/wp\/v2\/types\/page"}],"author":[{"embeddable":true,"href":"https:\/\/manu015.supserv.cozmoslabs.com\/no\/wp-json\/wp\/v2\/users\/1"}],"replies":[{"embeddable":true,"href":"https:\/\/manu015.supserv.cozmoslabs.com\/no\/wp-json\/wp\/v2\/comments?post=7065"}],"version-history":[{"count":0,"href":"https:\/\/manu015.supserv.cozmoslabs.com\/no\/wp-json\/wp\/v2\/pages\/7065\/revisions"}],"wp:featuredmedia":[{"embeddable":true,"href":"https:\/\/manu015.supserv.cozmoslabs.com\/no\/wp-json\/wp\/v2\/media\/7665"}],"wp:attachment":[{"href":"https:\/\/manu015.supserv.cozmoslabs.com\/no\/wp-json\/wp\/v2\/media?parent=7065"}],"curies":[{"name":"wp","href":"https:\/\/api.w.org\/{rel}","templated":true}]}}