{"id":7018,"date":"2020-10-31T13:03:15","date_gmt":"2020-10-31T13:03:15","guid":{"rendered":"https:\/\/manu015.supserv.cozmoslabs.com\/?page_id=7018"},"modified":"2020-11-13T07:50:29","modified_gmt":"2020-11-13T07:50:29","slug":"about-us","status":"publish","type":"page","link":"https:\/\/manu015.supserv.cozmoslabs.com\/no\/about-us\/","title":{"rendered":"Om oss"},"content":{"rendered":"<div  class=\"one withsmallpadding ppb_header\" style=\"text-align:left;padding:40px 0 40px 0;\" >\n<div class=\"standard_wrapper\">\n<div class=\"page_content_wrapper\">\n<div class=\"inner\">\n<div style=\"margin:auto;width:100%\">\n<h2 class=\"ppb_title\" style=\"\">Din private sj\u00e5f\u00f8r<\/h2>\n<div class=\"ppb_header_content\">\n<p>Din private sj\u00e5f\u00f8r er et drosjeselskap og avl\u00f8nnet passasjerskip grunnlagt tidlig i 2016. Selskapet ligger i Brussel og opererer i hele Belgia og over hele Europa. I tillegg, <em><strong>Din private sj\u00e5f\u00f8r<\/strong><\/em> er en sentral akt\u00f8r i transport av mennesker i Brussel. Det tilbyr en transporttjeneste tilgjengelig for passasjerer som ankommer Brussel lufthavn og Charleroi lufthavn.<\/p>\n<p>Din private sj\u00e5f\u00f8r er et p\u00e5litelig drosjeselskap for flyplasser.<br \/>\nI tilfelle du planlegger \u00e5 bes\u00f8ke Brussel sentrum, vil din private sj\u00e5f\u00f8r hjelpe deg. Det er faktisk utallige ting du kan gj\u00f8re med familien. Selv om du er p\u00e5 forretningsreise. Faktisk er Brussel ganske enkelt en av de vakreste byene i verden med sine mange gr\u00f8nne omr\u00e5der.<\/p>\n<p>Du kan stole p\u00e5 oss for alle dine transportbehov i Brussel. En drosjetur til en av v\u00e5re belgiske flyplasser, et bryllup i Brussel, gruppetransport for et m\u00f8te, privat fest, en bytur <a href=\"https:\/\/manu015.supserv.cozmoslabs.com\/services\/\">eller en drosjetur til \/ fra en annen belgisk by.<\/a> Your private driver <a href=\"https:\/\/manu015.supserv.cozmoslabs.com\/fleet\/\">har kj\u00f8ret\u00f8y<\/a> og profesjonelle sj\u00e5f\u00f8rer for \u00e5 gj\u00f8re turen minneverdig. Vi er p\u00e5litelige og rimelige for alle dine drosjereiser.<\/p>\n<p>Hvis du vil vite mer om oss og forskjellige emner ang\u00e5ende drosjer i Brussel spesielt og i verden generelt, kan du bes\u00f8ke <a href=\"https:\/\/manu015.supserv.cozmoslabs.com\/blog\/\">taxi-bloggen v\u00e5r.<\/a> Del gjerne dine ideer og erfaringer. Legg igjen kommentarer hvis du har lyst til \u00e5 gj\u00f8re det. Del opplevelsen din i taxi-bloggen v\u00e5r, s\u00e5 vel som en drosibruker eller bare en drosjesj\u00e5f\u00f8r.<\/p>\n<\/div>\n<\/div>\n<\/div>\n<\/div>\n<\/div>\n<\/div>\n<div  class=\"one withsmallpadding ppb_header\" style=\"text-align:center;padding:50px 0 50px 0;background-color:#5856d6;color:#ffffff;\" >\n<div class=\"standard_wrapper\">\n<div class=\"page_content_wrapper\">\n<div class=\"inner\">\n<div style=\"margin:auto;width:50%\">\n<h2 class=\"ppb_title\" style=\"color:#ffffff;\">Profesjonelle drosjesj\u00e5f\u00f8rer<\/h2>\n<div class=\"ppb_header_content\">\n<p>V\u00e5re profesjonelle sj\u00e5f\u00f8rer sender deg til Brussel flyplass Zaventem, og de henter deg fra Brussel lufthavn, Charleroi og Li\u00e8ge. I tillegg tilbyr din private driver deg en rask og stille tur i komfortable biler, utstyrt med et h\u00f8yt ytende Wi-Fi-nettverk.<\/p>\n<div class=\"one_half\" style=\"\">\n<div class=\"animate_counter_wrapper\">\n<div id=\"1605253829349298397\" class=\"odometer\" style=\"font-size:60px;line-height:60px;\">0<\/div>\n<div class=\"count_separator\"><span><\/span><\/div>\n<div class=\"counter_subject\">Turer<\/div>\n<\/div>\n<\/div>\n<div class=\"one_half last\" style=\"\">\n<div class=\"animate_counter_wrapper\">\n<div id=\"16052538291044985847\" class=\"odometer\" style=\"font-size:60px;line-height:60px;\">0<\/div>\n<div class=\"count_separator\"><span><\/span><\/div>\n<div class=\"counter_subject\">Glade kunder<\/div>\n<\/div>\n<\/div>\n<p><br class=\"clear\"\/><\/p>\n<\/div>\n<\/div>\n<\/div>\n<\/div>\n<\/div>\n<\/div>\n<div  class=\"one withsmallpadding ppb_header\" style=\"text-align:left;padding:40px 0 40px 0;\" >\n<div class=\"standard_wrapper\">\n<div class=\"page_content_wrapper\">\n<div class=\"inner\">\n<div style=\"margin:auto;width:100%\">\n<h2 class=\"ppb_title\" style=\"\">Profesjonell drosjetjeneste i Brussel<\/h2>\n<div class=\"ppb_header_content\">\n<p>Dra nytte av v\u00e5r <a href=\"https:\/\/manu015.supserv.cozmoslabs.com\/services\/\"> flyplasstransport, limousintjeneste og flyplasstransport <\/a> \u00e5 bes\u00f8ke <a href=\"https:\/\/visit.brussels\/en\/category\/monuments-sites\" target=\"_blank\" rel=\"noopener noreferrer\"> historiske steder i Brussel<\/a> og Brugge. Ikke n\u00f8l med \u00e5 <a href=\"https:\/\/manu015.supserv.cozmoslabs.com\/contact-us\/\"> kontakt oss<\/a> for \u00e5 l\u00e6re mer om v\u00e5re private turer. V\u00e5re sj\u00e5f\u00f8rer krysser ogs\u00e5 belgiske grenser for \u00e5 ta deg til destinasjonen.<\/p>\n<\/div>\n<\/div>\n<\/div>\n<\/div>\n<\/div>\n<\/div>\n<div  class=\"one withsmallpadding ppb_header\" style=\"text-align:left;padding:40px 0 40px 0;\" >\n<div class=\"standard_wrapper\">\n<div class=\"page_content_wrapper\">\n<div class=\"inner\">\n<div style=\"margin:auto;width:100%\">\n<h2 class=\"ppb_title\" style=\"\">Drosjevirksomhet i Brussel er v\u00e5r tjeneste<\/h2>\n<div class=\"ppb_header_content\">\n<p>Bare stol p\u00e5 oss for alle dine taxiturer i Brussel eller til flyplassene. Transport av mennesker er v\u00e5r spesialitet. Videre tilbyr vi sj\u00e5f\u00f8rdrevet bilutleie. Du har all grunn til \u00e5 stole p\u00e5 oss. Til dags dato har vi hundrevis av forn\u00f8yde kunder.<\/p>\n<p>Hvis du leter etter en \u00f8konomisk og behagelig m\u00e5te \u00e5 f\u00e5 en taxi fra eller til Brussel lufthavn og Charleroi flyplass som ikke vil \u00f8delegge deg. Da forblir din private driver din ideelle l\u00f8sning.<\/p>\n<\/div>\n<\/div>\n<\/div>\n<\/div>\n<\/div>\n<\/div>\n<div  class=\"one withsmallpadding ppb_header\" style=\"text-align:left;padding:40px 0 40px 0;\" >\n<div class=\"standard_wrapper\">\n<div class=\"page_content_wrapper\">\n<div class=\"inner\">\n<div style=\"margin:auto;width:100%\">\n<h2 class=\"ppb_title\" style=\"\">Taxibestilling hos din private sj\u00e5f\u00f8r<\/h2>\n<div class=\"ppb_header_content\">\n<p>V\u00e5rt online bestillingssystem for taxi hjelper deg med \u00e5 bestille taxi enkelt. N\u00e5r du bestiller online p\u00e5 nettstedet v\u00e5rt, kan du sammenligne direkte og se hvilken type kj\u00f8ret\u00f8y som er mest \u00f8konomisk eller komfortabel, avhengig av destinasjon og budsjett.<\/p>\n<p>Bestill din flyplasstaxi med din private sj\u00e5f\u00f8r. Faktisk vil dette tillate deg \u00e5 forbli stressfri p\u00e5 reisen. Hvis du bestiller taxi fra Brussel lufthavn eller Charleroi flyplass i god tid, har du ingenting \u00e5 bekymre deg for p\u00e5 reisedagen. P\u00e5 samme m\u00e5te, hvis du bestiller en taxi til byen Antwerpen, Li\u00e8ge, Gent, Brugge, Li\u00e8ge eller Namur. En taxibestilling hos oss lar deg p\u00e5 forh\u00e5nd vite den faste sluttprisen for drosjeturen.<\/p>\n<p>Fra en enkel sedan til luksustaxi, det er noe for enhver smak og ethvert budsjett. S\u00e5 bestill din flyplasstaxi n\u00e5 for \u00e5 bli hentet fra Brussel lufthavn og Charleroi lufthavn, eller bare bli droppet der.<\/p>\n<p>Takket v\u00e6re v\u00e5rt online bestillingssystem er du trygg fra overraskelsen om en gebyr\u00f8kning i siste \u00f8yeblikk. Faktisk skjer dette akkurat n\u00e5r du vil bestille Uber-taxi eller Heetch-taxi til flyplassen. Vi alle n\u00e5 om den ber\u00f8mte Uber-prisstigningen. Du vil aldri oppleve noe slikt med din private driver<\/p>\n<h3>Hvordan betale for drosjen din hos din private sj\u00e5f\u00f8r?<\/h3>\n<h4>Betalingsm\u00e5ter for din flyplasstaxi.<\/h4>\n<p>N\u00e5r du bestiller taxi, velger du mellom en \u00f8yeblikkelig sikker online betaling eller kontant betaling.<\/p>\n<p>Din private driver aksepterer de fleste betalingsm\u00e5ter som Mastercard, Visa, American Express, PayPal, Ideal, Sofort Banking, Bancontact, EPS, CartaSi, GiroPay, KBC \/ CBC, Belfius, ING, Paysafecard, Bankkort, Sepa Direct Debit, Sepa Bank Overf\u00f8ring, gavekort og flere andre kreditt- eller debetkort. For enhver online betaling kreves et 4% ekstra gebyr. Dette er for kredittkort \/ Paypal-transaksjonskommisjon.<\/p>\n<p>Hvis du velger kontant betaling, kreves ingen ekstra kostnad. Betalingen skjer til sj\u00e5f\u00f8ren. Imidlertid m\u00e5 du bare ha den n\u00f8yaktige endringen fordi sj\u00e5f\u00f8rene v\u00e5re ikke g\u00e5r ofte med mye penger.<\/p>\n<h4>Billig drosjetakst.<\/h4>\n<p>Konkurransedyktig drosjepris for private minibusser, Mercedes-Benz klasse V eller lignende for opptil 8 personer. I tillegg betaler du en rimelig drosjepris til flyplassen med ut\u00f8vende sedaner som Mercedes-Benz klasse E. Denne rimelige taxiprisen gjelder selv for vanlige minibusser for 8 personer som Opel Vivaro eller Volkswagen Caravell. Billig taxipris gjelder ogs\u00e5 for standard Sedans som Skoda Octavia eller lignende kj\u00f8ret\u00f8y.<\/p>\n<p>Hos din private sj\u00e5f\u00f8r finner du en av de billigste taxitakstene i Brussel. Drosje fra 35 euro for flyplasstransport fra Brussel lufthavn til Brussel sentrum. Denne prisen inkluderer resepsjonstjenesten p\u00e5 flyplassen. Din private sj\u00e5f\u00f8r bruker veldig billig drosjetakst. Faktisk er dette for \u00e5 tillate alle \u00e5 nyte v\u00e5re eksepsjonelle tjenester.<\/p>\n<p>Ikke n\u00f8l med \u00e5 registrere deg eller <a href=\"https:\/\/manu015.supserv.cozmoslabs.com\/account\/\">Logg inn p\u00e5 kontoen din<\/a> for \u00e5 administrere bookingen eller foreta en ny bestilling.<\/p>\n<\/div>\n<\/div>\n<\/div>\n<\/div>\n<\/div>\n<\/div>","protected":false},"excerpt":{"rendered":"<p>Your Private Driver Your Private Driver is a taxi company and remunerated passenger carrier founded around early 2016. The company is located in Brussels and operates throughout Belgium and across Europe. In addition, Your Private Driver is a key player [&hellip;]<\/p>","protected":false},"author":1,"featured_media":7659,"parent":0,"menu_order":0,"comment_status":"closed","ping_status":"closed","template":"","meta":[],"yoast_head":"<!-- This site is optimized with the Yoast SEO plugin v18.4.1 - https:\/\/yoast.com\/wordpress\/plugins\/seo\/ -->\n<title>Learn more about our taxi company - Your Private Driver<\/title>\n<meta name=\"description\" content=\"Your Private Driver is taxi company founded in early 2016. We provide taxi service in Brussels and to BRU and CRL airports.\" \/>\n<meta name=\"robots\" content=\"index, follow, max-snippet:-1, max-image-preview:large, max-video-preview:-1\" \/>\n<link rel=\"canonical\" href=\"https:\/\/manu015.supserv.cozmoslabs.com\/no\/about-us\/\" \/>\n<meta property=\"og:locale\" content=\"nb_NO\" \/>\n<meta property=\"og:type\" content=\"article\" \/>\n<meta property=\"og:title\" content=\"Learn more about our taxi company - Your Private Driver\" \/>\n<meta property=\"og:description\" content=\"Your Private Driver is taxi company founded in early 2016. We provide taxi service in Brussels and to BRU and CRL airports.\" \/>\n<meta property=\"og:url\" content=\"https:\/\/manu015.supserv.cozmoslabs.com\/no\/about-us\/\" \/>\n<meta property=\"og:site_name\" content=\"Your Private Driver\" \/>\n<meta property=\"article:publisher\" content=\"https:\/\/www.facebook.com\/yourprivatedriverbrussels\" \/>\n<meta property=\"article:modified_time\" content=\"2020-11-13T07:50:29+00:00\" \/>\n<meta property=\"og:image\" content=\"https:\/\/manu015.supserv.cozmoslabs.com\/wp-content\/uploads\/2020\/11\/about.jpg\" \/>\n\t<meta property=\"og:image:width\" content=\"854\" \/>\n\t<meta property=\"og:image:height\" content=\"334\" \/>\n\t<meta property=\"og:image:type\" content=\"image\/jpeg\" \/>\n<meta name=\"twitter:card\" content=\"summary_large_image\" \/>\n<meta name=\"twitter:site\" content=\"@privatedriverbx\" \/>\n<meta name=\"twitter:label1\" content=\"Ansl. lesetid\" \/>\n\t<meta name=\"twitter:data1\" content=\"5 minutter\" \/>\n<script type=\"application\/ld+json\" class=\"yoast-schema-graph\">{\"@context\":\"https:\/\/schema.org\",\"@graph\":[{\"@type\":\"Organization\",\"@id\":\"https:\/\/manu015.supserv.cozmoslabs.com\/#organization\",\"name\":\"Your Private Driver\",\"url\":\"https:\/\/manu015.supserv.cozmoslabs.com\/\",\"sameAs\":[\"https:\/\/www.facebook.com\/yourprivatedriverbrussels\",\"https:\/\/www.instagram.com\/taxibrusselsairport\/\",\"https:\/\/www.linkedin.com\/company\/yourprivatedriver\/\",\"https:\/\/www.youtube.com\/channel\/UCdFj5lm3qhOZWz_Rz0yupVA\",\"https:\/\/www.pinterest.fr\/pin\/704672672920362864\/\",\"https:\/\/twitter.com\/privatedriverbx\"],\"logo\":{\"@type\":\"ImageObject\",\"@id\":\"https:\/\/manu015.supserv.cozmoslabs.com\/#logo\",\"inLanguage\":\"nb-NO\",\"url\":\"\",\"contentUrl\":\"\",\"caption\":\"Your Private Driver\"},\"image\":{\"@id\":\"https:\/\/manu015.supserv.cozmoslabs.com\/#logo\"}},{\"@type\":\"WebSite\",\"@id\":\"https:\/\/manu015.supserv.cozmoslabs.com\/#website\",\"url\":\"https:\/\/manu015.supserv.cozmoslabs.com\/\",\"name\":\"Your Private Driver\",\"description\":\"Taxi Brussels airport - Taxi Charleroi airport\",\"publisher\":{\"@id\":\"https:\/\/manu015.supserv.cozmoslabs.com\/#organization\"},\"potentialAction\":[{\"@type\":\"SearchAction\",\"target\":{\"@type\":\"EntryPoint\",\"urlTemplate\":\"https:\/\/manu015.supserv.cozmoslabs.com\/?s={search_term_string}\"},\"query-input\":\"required name=search_term_string\"}],\"inLanguage\":\"nb-NO\"},{\"@type\":\"ImageObject\",\"@id\":\"https:\/\/manu015.supserv.cozmoslabs.com\/about-us\/#primaryimage\",\"inLanguage\":\"nb-NO\",\"url\":\"https:\/\/manu015.supserv.cozmoslabs.com\/wp-content\/uploads\/2020\/11\/about.jpg\",\"contentUrl\":\"https:\/\/manu015.supserv.cozmoslabs.com\/wp-content\/uploads\/2020\/11\/about.jpg\",\"width\":854,\"height\":334,\"caption\":\"About Us\"},{\"@type\":\"WebPage\",\"@id\":\"https:\/\/manu015.supserv.cozmoslabs.com\/about-us\/#webpage\",\"url\":\"https:\/\/manu015.supserv.cozmoslabs.com\/about-us\/\",\"name\":\"Learn more about our taxi company - Your Private Driver\",\"isPartOf\":{\"@id\":\"https:\/\/manu015.supserv.cozmoslabs.com\/#website\"},\"primaryImageOfPage\":{\"@id\":\"https:\/\/manu015.supserv.cozmoslabs.com\/about-us\/#primaryimage\"},\"datePublished\":\"2020-10-31T13:03:15+00:00\",\"dateModified\":\"2020-11-13T07:50:29+00:00\",\"description\":\"Your Private Driver is taxi company founded in early 2016. We provide taxi service in Brussels and to BRU and CRL airports.\",\"breadcrumb\":{\"@id\":\"https:\/\/manu015.supserv.cozmoslabs.com\/about-us\/#breadcrumb\"},\"inLanguage\":\"nb-NO\",\"potentialAction\":[{\"@type\":\"ReadAction\",\"target\":[\"https:\/\/manu015.supserv.cozmoslabs.com\/about-us\/\"]}]},{\"@type\":\"BreadcrumbList\",\"@id\":\"https:\/\/manu015.supserv.cozmoslabs.com\/about-us\/#breadcrumb\",\"itemListElement\":[{\"@type\":\"ListItem\",\"position\":1,\"name\":\"Home\",\"item\":\"https:\/\/manu015.supserv.cozmoslabs.com\/\"},{\"@type\":\"ListItem\",\"position\":2,\"name\":\"About Us\"}]}]}<\/script>\n<!-- \/ Yoast SEO plugin. -->","yoast_head_json":{"title":"Learn more about our taxi company - Your Private Driver","description":"Your Private Driver is taxi company founded in early 2016. We provide taxi service in Brussels and to BRU and CRL airports.","robots":{"index":"index","follow":"follow","max-snippet":"max-snippet:-1","max-image-preview":"max-image-preview:large","max-video-preview":"max-video-preview:-1"},"canonical":"https:\/\/manu015.supserv.cozmoslabs.com\/no\/about-us\/","og_locale":"nb_NO","og_type":"article","og_title":"Learn more about our taxi company - Your Private Driver","og_description":"Your Private Driver is taxi company founded in early 2016. We provide taxi service in Brussels and to BRU and CRL airports.","og_url":"https:\/\/manu015.supserv.cozmoslabs.com\/no\/about-us\/","og_site_name":"Your Private Driver","article_publisher":"https:\/\/www.facebook.com\/yourprivatedriverbrussels","article_modified_time":"2020-11-13T07:50:29+00:00","og_image":[{"width":854,"height":334,"url":"https:\/\/manu015.supserv.cozmoslabs.com\/wp-content\/uploads\/2020\/11\/about.jpg","type":"image\/jpeg"}],"twitter_card":"summary_large_image","twitter_site":"@privatedriverbx","twitter_misc":{"Ansl. lesetid":"5 minutter"},"schema":{"@context":"https:\/\/schema.org","@graph":[{"@type":"Organization","@id":"https:\/\/manu015.supserv.cozmoslabs.com\/#organization","name":"Your Private Driver","url":"https:\/\/manu015.supserv.cozmoslabs.com\/","sameAs":["https:\/\/www.facebook.com\/yourprivatedriverbrussels","https:\/\/www.instagram.com\/taxibrusselsairport\/","https:\/\/www.linkedin.com\/company\/yourprivatedriver\/","https:\/\/www.youtube.com\/channel\/UCdFj5lm3qhOZWz_Rz0yupVA","https:\/\/www.pinterest.fr\/pin\/704672672920362864\/","https:\/\/twitter.com\/privatedriverbx"],"logo":{"@type":"ImageObject","@id":"https:\/\/manu015.supserv.cozmoslabs.com\/#logo","inLanguage":"nb-NO","url":"","contentUrl":"","caption":"Your Private Driver"},"image":{"@id":"https:\/\/manu015.supserv.cozmoslabs.com\/#logo"}},{"@type":"WebSite","@id":"https:\/\/manu015.supserv.cozmoslabs.com\/#website","url":"https:\/\/manu015.supserv.cozmoslabs.com\/","name":"Your Private Driver","description":"Taxi Brussels airport - Taxi Charleroi airport","publisher":{"@id":"https:\/\/manu015.supserv.cozmoslabs.com\/#organization"},"potentialAction":[{"@type":"SearchAction","target":{"@type":"EntryPoint","urlTemplate":"https:\/\/manu015.supserv.cozmoslabs.com\/?s={search_term_string}"},"query-input":"required name=search_term_string"}],"inLanguage":"nb-NO"},{"@type":"ImageObject","@id":"https:\/\/manu015.supserv.cozmoslabs.com\/about-us\/#primaryimage","inLanguage":"nb-NO","url":"https:\/\/manu015.supserv.cozmoslabs.com\/wp-content\/uploads\/2020\/11\/about.jpg","contentUrl":"https:\/\/manu015.supserv.cozmoslabs.com\/wp-content\/uploads\/2020\/11\/about.jpg","width":854,"height":334,"caption":"About Us"},{"@type":"WebPage","@id":"https:\/\/manu015.supserv.cozmoslabs.com\/about-us\/#webpage","url":"https:\/\/manu015.supserv.cozmoslabs.com\/about-us\/","name":"Learn more about our taxi company - Your Private Driver","isPartOf":{"@id":"https:\/\/manu015.supserv.cozmoslabs.com\/#website"},"primaryImageOfPage":{"@id":"https:\/\/manu015.supserv.cozmoslabs.com\/about-us\/#primaryimage"},"datePublished":"2020-10-31T13:03:15+00:00","dateModified":"2020-11-13T07:50:29+00:00","description":"Your Private Driver is taxi company founded in early 2016. We provide taxi service in Brussels and to BRU and CRL airports.","breadcrumb":{"@id":"https:\/\/manu015.supserv.cozmoslabs.com\/about-us\/#breadcrumb"},"inLanguage":"nb-NO","potentialAction":[{"@type":"ReadAction","target":["https:\/\/manu015.supserv.cozmoslabs.com\/about-us\/"]}]},{"@type":"BreadcrumbList","@id":"https:\/\/manu015.supserv.cozmoslabs.com\/about-us\/#breadcrumb","itemListElement":[{"@type":"ListItem","position":1,"name":"Home","item":"https:\/\/manu015.supserv.cozmoslabs.com\/"},{"@type":"ListItem","position":2,"name":"About Us"}]}]}},"_links":{"self":[{"href":"https:\/\/manu015.supserv.cozmoslabs.com\/no\/wp-json\/wp\/v2\/pages\/7018"}],"collection":[{"href":"https:\/\/manu015.supserv.cozmoslabs.com\/no\/wp-json\/wp\/v2\/pages"}],"about":[{"href":"https:\/\/manu015.supserv.cozmoslabs.com\/no\/wp-json\/wp\/v2\/types\/page"}],"author":[{"embeddable":true,"href":"https:\/\/manu015.supserv.cozmoslabs.com\/no\/wp-json\/wp\/v2\/users\/1"}],"replies":[{"embeddable":true,"href":"https:\/\/manu015.supserv.cozmoslabs.com\/no\/wp-json\/wp\/v2\/comments?post=7018"}],"version-history":[{"count":0,"href":"https:\/\/manu015.supserv.cozmoslabs.com\/no\/wp-json\/wp\/v2\/pages\/7018\/revisions"}],"wp:featuredmedia":[{"embeddable":true,"href":"https:\/\/manu015.supserv.cozmoslabs.com\/no\/wp-json\/wp\/v2\/media\/7659"}],"wp:attachment":[{"href":"https:\/\/manu015.supserv.cozmoslabs.com\/no\/wp-json\/wp\/v2\/media?parent=7018"}],"curies":[{"name":"wp","href":"https:\/\/api.w.org\/{rel}","templated":true}]}}