{"id":2650,"date":"2017-01-24T09:16:52","date_gmt":"2017-01-24T09:16:52","guid":{"rendered":"http:\/\/themes.themegoods.com\/grandcarrental\/demo\/?page_id=2650"},"modified":"2020-11-13T17:31:19","modified_gmt":"2020-11-13T17:31:19","slug":"faqs","status":"publish","type":"page","link":"https:\/\/manu015.supserv.cozmoslabs.com\/no\/faqs\/","title":{"rendered":"Ofte stilte sp\u00f8rsm\u00e5l om din private driver"},"content":{"rendered":"<h2>Hvorfor velge din private sj\u00e5f\u00f8r for alle dine drosjeturer p\u00e5 flyplassen?<\/h2>\n<div class=\"pp_accordion has_icon\">\n<h3><a href=\"#\">Enkelt taxibestillingssystem<\/a><\/h3>\n<div>\n<p> Vi bruker det enkleste og mest effektive taxireservasjonssystemet.<br \/>\nDet tar deg 1 minutt \u00e5 vite n\u00f8yaktig prisen p\u00e5 drosjeprisen.<br \/>\nFor det er alt du trenger \u00e5 gj\u00f8re, fra bestillingsmodulen som er p\u00e5 v\u00e5r <a href=\"https:\/\/manu015.supserv.cozmoslabs.com\/\">hjemmesiden<\/a>, fyll ut henteadressen og avleveringsadressen, angi dag og dato for reisen din, og klikk p\u00e5 \u201cF\u00e5 pris\u201d -knappen, s\u00e5 er det alt. Den neste tingen du vil se er v\u00e5re forskjellige priser per type kj\u00f8ret\u00f8y. Hvis du er enig i prisen, velger du bare kj\u00f8ret\u00f8yet du \u00f8nsker og klikker p\u00e5 &quot;Bestill n\u00e5&quot; -knappen. Derfra m\u00e5 du gi oss litt informasjon vi trenger for \u00e5 kunne behandle bookingen din. Ellers, hvis du ikke er enig i prisen, m\u00e5 du bare forlate nettstedet uten \u00e5 bestille.<\/p>\n<p>Kunden kan bestille typen <a href=\"https:\/\/tomorrowland-taxi.com\" target=\"_blank\" rel=\"noopener noreferrer\">taxi<\/a> som passer budsjettet hans. Alle bestillinger gj\u00f8res via nettstedet v\u00e5rt og sjelden over telefon. I den siste fasen av bookingen, vennligst foreta en \u00f8yeblikkelig sikker online betaling via kredittkort \/ Paypal, eller velg \u00e5 betale senere kontant til sj\u00e5f\u00f8ren din. Bestill minst 1 time f\u00f8r avgangstiden. Ellers m\u00e5 du ringe oss p\u00e5 telefon. Fordi v\u00e5rt reservasjonssystem bare tillater bestillinger med minimum 1 times ledetid. Hvis det ikke er minst 1 time mellom bestillingstid og avgangstid, vil du ikke kunne fullf\u00f8re bestillingen. I s\u00e5 fall kan du ringe oss, s\u00e5 behandler vi taxi-bestillingen din manuelt. Du vil alltid motta en \u00f8yeblikkelig f\u00f8rste e-post etter bestillingen med fakturaen vedlagt. Dette vil bli fulgt kort tid etter av en ny e-post som bekrefter reservasjonen, og en dag f\u00f8r turen vil du motta en tredje e-post med alle detaljer om sj\u00e5f\u00f8ren og kj\u00f8ret\u00f8yet.<\/p>\n<\/div>\n<\/div>\n<h2>Flere grunner til \u00e5 velge oss for alle dine taxiturer p\u00e5 flyplassen?<\/h2>\n<div class=\"pp_accordion has_icon\">\n<h3><a href=\"#\">45 minutters ventetid p\u00e5 flyplassen<\/a><\/h3>\n<div>\n<p> Sj\u00e5f\u00f8ren din vil vente p\u00e5 deg p\u00e5 flyplassen til 45 minutter etter landing av flyet. Denne gangen er faktisk mer enn nok for deg \u00e5 hente all bagasjen din og m\u00f8te sj\u00e5f\u00f8ren p\u00e5 m\u00f8tepunktet.<\/p>\n<\/div>\n<\/div>\n<div class=\"pp_accordion has_icon\">\n<h3><a href=\"#\">Vi tilbyr babyseter og booster seter<\/a><\/h3>\n<div>\n<p> For taxi til flyplassen, unng\u00e5 \u00e5 rote deg sammen med din personlige babystol. Velg v\u00e5rt rene og pene barnesete til en veldig liten pris. Det samme for det lille barnet ditt som ikke er h\u00f8yt nok til bilbeltet. Velg v\u00e5rt sete i stedet for \u00e5 rote sammen med ditt eget barnesete. Vi stiller gratis ditt booster-sete til din disposisjon.<\/p>\n<\/div>\n<\/div>\n<div class=\"pp_accordion has_icon\">\n<h3><a href=\"#\">M\u00f8t og hilse p\u00e5 flyplassen<\/a><\/h3>\n<div>\n<p> Ved \u00e5 velge v\u00e5r resepsjonstjeneste p\u00e5 flyplassen, vil sj\u00e5f\u00f8ren vente p\u00e5 deg n\u00e5r du flyr. Han vil v\u00e6re p\u00e5 venterommet p\u00e5 flyplassen med et skilt, smarttelefon eller nettbrett med navnet ditt p\u00e5. Sj\u00e5f\u00f8ren venter p\u00e5 deg og hjelper deg med \u00e5 b\u00e6re bagasjen din om n\u00f8dvendig. Han driver deg opp til destinasjonen. Han kan til og med gi r\u00e5d om et attraksjonssted eller en restaurant hvis du \u00f8nsker det. Glem at drosjer skal hagle, der du ikke vet hvor mye turen vil koste deg til slutt. Med <a href=\"https:\/\/manu015.supserv.cozmoslabs.com\/about-us\/\">Din private sj\u00e5f\u00f8r<\/a>, du vet alltid den n\u00f8yaktige prisen p\u00e5 drosjeturen din.<\/p>\n<\/div>\n<\/div>\n<h2>Ofte stilte sp\u00f8rsm\u00e5l om Pickups<\/h2>\n<div class=\"pp_accordion_close has_icon\">\n<h3><a href=\"#\">Hva om jeg ikke finner drosjesj\u00e5f\u00f8ren din?<\/a><\/h3>\n<div>\n<p> Dette er en sjeldenhet fordi sj\u00e5f\u00f8rene v\u00e5re n\u00e5r flyplassen i god tid n\u00e5r du ansetter resepsjonstjenesten v\u00e5r. Du finner dem i ventetiden med et tydelig skilt og smarttelefon eller nettbrett. I tilfelle du ikke kan identifisere sj\u00e5f\u00f8ren v\u00e5r, trenger du bare \u00e5 ringe ham \/ henne. Sj\u00e5f\u00f8ren v\u00e5r vil finne deg umiddelbart, du kan ogs\u00e5 ringe forsendelsen p\u00e5 +32466162494, vi er ogs\u00e5 tilgjengelig p\u00e5 WhatsApp med samme telefonnummer.<\/p>\n<\/div>\n<\/div>\n<div class=\"pp_accordion_close has_icon\">\n<h3><a href=\"#\">Kan jeg be sj\u00e5f\u00f8ren om \u00e5 stoppe og endre ruten?<\/a><\/h3>\n<div>\n<p> Hvis du avviker fra den planlagte ruten eller tar en lang stopp, har du frihet til \u00e5 omveie med sj\u00e5f\u00f8ren. Kontantene du betalte eller kupongen du sendte, gjenspeiler tydelig prisen du valgte tidlig. Du m\u00e5 betale ekstra kontanter for omveiene og ekstra stopp.<\/p>\n<\/div>\n<\/div>\n<div class=\"pp_accordion_close has_icon\">\n<h3><a href=\"#\">Hva med bagasjegodtgj\u00f8relsen per kj\u00f8ret\u00f8y?<\/a><\/h3>\n<div>\n<p> Bagasjegodtgj\u00f8relsen vil avhenge av kapasiteten til hver kj\u00f8ret\u00f8ykategori. 3 poser for sedans og 8 poser for minivans<\/p>\n<\/div>\n<\/div>\n<div class=\"pp_accordion_close has_icon\">\n<h3><a href=\"#\">Gir du babyseter og booster seter?<\/a><\/h3>\n<div>\n<p> Ja; Din private sj\u00e5f\u00f8r tilbyr babyseter og booster seter. Du trenger ikke \u00e5 bekymre deg for \u00e5 bruke ditt eget babysete og skape en rotete effekt. Vi tilbyr v\u00e5re rene og pene barneseter til en overkommelig pris. Booster seter er ogs\u00e5 tilgjengelig gratis for \u00e5 gi deg den beste komforten for barna dine.<\/p>\n<\/div>\n<\/div>\n<div class=\"pp_accordion_close has_icon\">\n<h3><a href=\"#\">Tilbyr du resepsjonstjeneste p\u00e5 flyplassen?<\/a><\/h3>\n<div>\n<p> Ja; Vi tilbyr resepsjonstjeneste p\u00e5 flyplassen. Hvis du velger resepsjonstjenesten v\u00e5r fra flyplassen mot en ekstra kostnad p\u00e5 5 euro, vil sj\u00e5f\u00f8ren vente p\u00e5 deg p\u00e5 flyplassens ventesal for \u00e5 motta deg. Du finner driverne v\u00e5re med skilt og smarttelefon eller nettbrett. De hjelper deg til og med med \u00e5 b\u00e6re bagasje om n\u00f8dvendig.<\/p>\n<\/div>\n<\/div>\n<h2>Ofte stilte sp\u00f8rsm\u00e5l om tjenester<\/h2>\n<div class=\"pp_accordion_close has_icon\">\n<h3><a href=\"#\">Hvilke typer arrangementer dekker drosjeselskapet ditt?<\/a><\/h3>\n<div>\n<p> Vi tilbyr luksuri\u00f8se kj\u00f8ret\u00f8y for alle typer arrangementer, inkludert bryllup, d\u00e5p, bedriftsm\u00f8te, nattklubbbes\u00f8k, sportsbegivenhet og mange flere. Du kan velge en luksuri\u00f8s limousine for \u00e5 gj\u00f8re transporten din veldig hyggelig, trygg og underholdende.<\/p>\n<\/div>\n<\/div>\n<div class=\"pp_accordion_close has_icon\">\n<h3><a href=\"#\">Tilbyr du leiebiltjenester?<\/a><\/h3>\n<div>\n<p> I tillegg til \u00e5 tilby drosjetjenester i Brussel, tilbyr vi sj\u00e5f\u00f8rdrevne bilutleiel\u00f8sninger for \u00e5 ta seg av turene dine, inkludert transport fra hotell til konferansesteder og andre destinasjoner. Vi ivaretar dine reisebehov med profesjonalitet. Vi leverer ogs\u00e5 en erfaren sj\u00e5f\u00f8r for \u00e5 oppfylle dine krav p\u00e5 en ansvarlig m\u00e5te.<\/p>\n<\/div>\n<\/div>\n<div class=\"pp_accordion_close has_icon\">\n<h3><a href=\"#\">Kan jeg bestille online?<\/a><\/h3>\n<div>\n<p> Ja! Du kan enkelt bestille online uten problemer. Bestillingsprosessen kan fullf\u00f8res i tre enkle trinn. N\u00e5r du g\u00e5r inn p\u00e5 henting og avlevering av destinasjoner, dato og klokkeslett, blir du sendt til en side der du ser prisen p\u00e5 hver kategori av kj\u00f8ret\u00f8y, her trenger du bare \u00e5 velge kj\u00f8ret\u00f8ystypen som samsvarer med dine behov og budsjett. N\u00e5r du klikker p\u00e5 det foretrukne kj\u00f8ret\u00f8yet ditt, kan du klikke p\u00e5 &quot;bestill n\u00e5&quot; -knappen. Etter at du har gitt personlig informasjon, kan du foreta betalingen, og til slutt m\u00e5 bestillingsbekreftelsen gj\u00f8res.<\/p>\n<\/div>\n<\/div>\n<div class=\"pp_accordion_close has_icon\">\n<h3><a href=\"#\">Tilbyr du delt eller privat overf\u00f8ring?<\/a><\/h3>\n<div>\n<p> Din private sj\u00e5f\u00f8r tilbyr bare private overf\u00f8ringer for v\u00e5re kunder. Du trenger ikke \u00e5 bekymre deg for \u00e5 reise med fremmede. Vi legger stor vekt p\u00e5 behovene til hver kunde. Siden du reiser alene eller med dine kj\u00e6re og n\u00e6rmeste, kan du holde deg avslappet.<\/p>\n<\/div>\n<\/div>\n<h2>Ofte stilte sp\u00f8rsm\u00e5l om Fleet<\/h2>\n<div class=\"pp_accordion_close has_icon\">\n<h3><a href=\"#\">Hvilke typer kj\u00f8ret\u00f8y tilbyr du?<\/a><\/h3>\n<div>\n<p> Uansett om du trenger en limousin eller annen type kj\u00f8ret\u00f8y inkludert minibuss eller sedan; du kan stole p\u00e5 oss. Fl\u00e5ten v\u00e5r best\u00e5r av et fantastisk utvalg av biler for \u00e5 im\u00f8tekomme behovene til b\u00e5de enkeltpersoner og grupper.<\/p>\n<\/div>\n<\/div>\n<div class=\"pp_accordion_close has_icon\">\n<h3><a href=\"#\">Hva med bilparken din?<\/a><\/h3>\n<div>\n<p> Vi tilbyr et bredt spekter av kj\u00f8ret\u00f8y for \u00e5 im\u00f8tekomme ulike menneskers behov. V\u00e5r bilpark best\u00e5r av ut\u00f8vende sedans, standard sedans, ut\u00f8vende minibusser og standard minibusser fra forskjellige merker. Du kan velge den rette basert p\u00e5 dine behov og budsjett.<\/p>\n<\/div>\n<\/div>\n<h2>Ofte stilte sp\u00f8rsm\u00e5l om dekning<\/h2>\n<div class=\"pp_accordion_close has_icon\">\n<h3><a href=\"#\">Hvilke omr\u00e5der dekker Taxi Brussel-tjenestene dine?<\/a><\/h3>\n<div>\n<p> Som en p\u00e5litelig og ansvarlig taxitjenesteleverand\u00f8r tilbyr Your Private Driver tjenester til alle deler av Belgia og utover. Du kan til og med leie drosjen v\u00e5r til andre byer i Europa. V\u00e5rt m\u00e5l er \u00e5 levere den beste opplevelsen for v\u00e5re kunder p\u00e5 en trygg m\u00e5te. Dette er et av de ofte stilte sp\u00f8rsm\u00e5lene.<\/p>\n<\/div>\n<\/div>\n<div class=\"pp_accordion_close has_icon\">\n<h3><a href=\"#\">Hvilke reisem\u00e5l dekker alle destinasjonene dine?<\/a><\/h3>\n<div>\n<p> Vi tilbyr flyplass- og private taxitjenester i nesten alle deler av Belgia og nabolandene for \u00e5 oppfylle de varierende behovene til det maksimale antallet kunder. Du kan ganske enkelt skrive inn hentested og avleveringssted i bestillingsskjemaet v\u00e5rt, s\u00e5 f\u00e5r du et tilbud p\u00e5 reisen.<\/p>\n<\/div>\n<\/div>\n<h2>Ofte stilte sp\u00f8rsm\u00e5l om betaling og sikkerhet<\/h2>\n<div class=\"pp_accordion_close has_icon\">\n<h3><a href=\"#\">B\u00f8r jeg v\u00e6re bekymret for sikkerheten n\u00e5r jeg foretar betalinger p\u00e5 nettet?<\/a><\/h3>\n<div>\n<p> N\u00e5r du betaler online med din private driver, trenger du ikke \u00e5 bekymre deg for sikkerheten. V\u00e5r betalingsm\u00e5te er utstyrt med end-to-end-kryptering for \u00e5 sikre trygge og jevne online betalingstransaksjoner. Vi tilbyr fleksible betalingsalternativer, inkludert bankoverf\u00f8ring og online betalingsm\u00e5ter.<\/p>\n<\/div>\n<\/div>\n<div class=\"pp_accordion_close has_icon\">\n<h3><a href=\"#\">Hvor mye trenger jeg \u00e5 betale for flyplasstransport?<\/a><\/h3>\n<div>\n<p> Du trenger ikke \u00e5 bekymre deg for h\u00f8ye priser fordi vi tar de mest konkurransedyktige prisene i bransjen. Metoden v\u00e5r er enkel og gjennomsiktig. Prisene p\u00e5 forh\u00e5nd eliminerer all forvirring, og du kan leie bilen v\u00e5r med stor komfort. Vi belaster bare det vi siterer. Du kan finne prisen vi tar fra forskjellige flyplasser til forskjellige destinasjoner f\u00f8r du bestiller. Bare hvis du er enig med prisen p\u00e5 turen, kan du fortsette med den virkelige bestillingsprosessen.<\/p>\n<\/div>\n<\/div>\n<div class=\"pp_accordion_close has_icon\">\n<h3><a href=\"#\">Hvordan kan jeg kansellere bestillingen din for flyplasstransporttjenesten din?<\/a><\/h3>\n<div>\n<p> Dette er de vanligste sp\u00f8rsm\u00e5lene. Du kan faktisk avbryte turen til 24 timer f\u00f8r hentetiden. Du trenger ikke \u00e5 bry deg om b\u00f8ter for kansellering innen denne tidsperioden. Hele bel\u00f8pet refunderes i tide. Du er ikke kvalifisert for refusjon hvis du avbestiller etter denne tidsperioden.<\/p>\n<\/div>\n<\/div>\n<div class=\"pp_accordion_close has_icon\">\n<h3><a href=\"#\">Hvordan sikrer du kundenes sikkerhet?<\/a><\/h3>\n<div>\n<p> Vi er forpliktet til \u00e5 tilby feilfri sikkerhet for v\u00e5re kunder. Alle sj\u00e5f\u00f8rene v\u00e5re er erfarne, disiplinerte og bakgrunnskontrollerte fagpersoner med god track record. De er helt kjent med alle ruter og tar deg til m\u00e5let ditt p\u00e5 en trygg og ansvarlig m\u00e5te. I tillegg er alle kj\u00f8ret\u00f8yene v\u00e5re utstyrt med et spor-og-spor GPS-system.<\/p>\n<\/div>\n<\/div>\n<p>Hvis du vil se noen av kj\u00f8ret\u00f8yene i <a href=\"https:\/\/manu015.supserv.cozmoslabs.com\/fleet\/\">v\u00e5r fl\u00e5te, vennligst klikk her.<\/a><br \/>\n<img class=\"alignnone size-medium wp-image-7753 lazyload\" src=\"data:image\/gif;base64,R0lGODlhAQABAIAAAAAAAP\/\/\/yH5BAEAAAAALAAAAAABAAEAAAIBRAA7\" data-src=\"https:\/\/manu015.supserv.cozmoslabs.com\/wp-content\/uploads\/2020\/11\/airplane3-originalfit-300x75.jpg\" alt=\"Ofte stilte sp\u00f8rsm\u00e5l\" width=\"300\" height=\"75\"><noscript><img class=\"alignnone size-medium wp-image-7753 lazyload\" src=\"https:\/\/manu015.supserv.cozmoslabs.com\/wp-content\/uploads\/2020\/11\/airplane3-originalfit-300x75.jpg\" alt=\"Ofte stilte sp\u00f8rsm\u00e5l\" width=\"300\" height=\"75\"><\/noscript><\/p>","protected":false},"excerpt":{"rendered":"<p>Why choose Your Private Driver for all your airport taxis trips? More reasons to choose us for all your airport taxis trips? Frequently asked questions about Pickups Frequently asked questions about Services Frequently asked questions about Fleet Frequently asked questions [&hellip;]<\/p>","protected":false},"author":1,"featured_media":6608,"parent":0,"menu_order":0,"comment_status":"closed","ping_status":"closed","template":"","meta":[],"yoast_head":"<!-- This site is optimized with the Yoast SEO plugin v18.4.1 - https:\/\/yoast.com\/wordpress\/plugins\/seo\/ -->\n<title>Frequently asked questions ans answers - Your Private Driver<\/title>\n<meta name=\"description\" content=\"On this page you will find most frequently asked questions about our taxi company. Feel free to use contact page if you have more questions.\" \/>\n<meta name=\"robots\" content=\"index, follow, max-snippet:-1, max-image-preview:large, max-video-preview:-1\" \/>\n<link rel=\"canonical\" href=\"https:\/\/manu015.supserv.cozmoslabs.com\/no\/faqs\/\" \/>\n<meta property=\"og:locale\" content=\"nb_NO\" \/>\n<meta property=\"og:type\" content=\"article\" \/>\n<meta property=\"og:title\" content=\"Frequently asked questions ans answers - Your Private Driver\" \/>\n<meta property=\"og:description\" content=\"On this page you will find most frequently asked questions about our taxi company. Feel free to use contact page if you have more questions.\" \/>\n<meta property=\"og:url\" content=\"https:\/\/manu015.supserv.cozmoslabs.com\/no\/faqs\/\" \/>\n<meta property=\"og:site_name\" content=\"Your Private Driver\" \/>\n<meta property=\"article:publisher\" content=\"https:\/\/www.facebook.com\/yourprivatedriverbrussels\" \/>\n<meta property=\"article:modified_time\" content=\"2020-11-13T17:31:19+00:00\" \/>\n<meta property=\"og:image\" content=\"https:\/\/manu015.supserv.cozmoslabs.com\/wp-content\/uploads\/2017\/01\/driver-2-8-e1604313658294.jpg\" \/>\n\t<meta property=\"og:image:width\" content=\"768\" \/>\n\t<meta property=\"og:image:height\" content=\"510\" \/>\n\t<meta property=\"og:image:type\" content=\"image\/jpeg\" \/>\n<meta name=\"twitter:card\" content=\"summary_large_image\" \/>\n<meta name=\"twitter:site\" content=\"@privatedriverbx\" \/>\n<meta name=\"twitter:label1\" content=\"Ansl. lesetid\" \/>\n\t<meta name=\"twitter:data1\" content=\"9 minutter\" \/>\n<script type=\"application\/ld+json\" class=\"yoast-schema-graph\">{\"@context\":\"https:\/\/schema.org\",\"@graph\":[{\"@type\":\"Organization\",\"@id\":\"https:\/\/manu015.supserv.cozmoslabs.com\/#organization\",\"name\":\"Your Private Driver\",\"url\":\"https:\/\/manu015.supserv.cozmoslabs.com\/\",\"sameAs\":[\"https:\/\/www.facebook.com\/yourprivatedriverbrussels\",\"https:\/\/www.instagram.com\/taxibrusselsairport\/\",\"https:\/\/www.linkedin.com\/company\/yourprivatedriver\/\",\"https:\/\/www.youtube.com\/channel\/UCdFj5lm3qhOZWz_Rz0yupVA\",\"https:\/\/www.pinterest.fr\/pin\/704672672920362864\/\",\"https:\/\/twitter.com\/privatedriverbx\"],\"logo\":{\"@type\":\"ImageObject\",\"@id\":\"https:\/\/manu015.supserv.cozmoslabs.com\/#logo\",\"inLanguage\":\"nb-NO\",\"url\":\"\",\"contentUrl\":\"\",\"caption\":\"Your Private Driver\"},\"image\":{\"@id\":\"https:\/\/manu015.supserv.cozmoslabs.com\/#logo\"}},{\"@type\":\"WebSite\",\"@id\":\"https:\/\/manu015.supserv.cozmoslabs.com\/#website\",\"url\":\"https:\/\/manu015.supserv.cozmoslabs.com\/\",\"name\":\"Your Private Driver\",\"description\":\"Taxi Brussels airport - Taxi Charleroi airport\",\"publisher\":{\"@id\":\"https:\/\/manu015.supserv.cozmoslabs.com\/#organization\"},\"potentialAction\":[{\"@type\":\"SearchAction\",\"target\":{\"@type\":\"EntryPoint\",\"urlTemplate\":\"https:\/\/manu015.supserv.cozmoslabs.com\/?s={search_term_string}\"},\"query-input\":\"required name=search_term_string\"}],\"inLanguage\":\"nb-NO\"},{\"@type\":\"ImageObject\",\"@id\":\"https:\/\/manu015.supserv.cozmoslabs.com\/faqs\/#primaryimage\",\"inLanguage\":\"nb-NO\",\"url\":\"https:\/\/manu015.supserv.cozmoslabs.com\/wp-content\/uploads\/2017\/01\/driver-2-8-e1604313658294.jpg\",\"contentUrl\":\"https:\/\/manu015.supserv.cozmoslabs.com\/wp-content\/uploads\/2017\/01\/driver-2-8-e1604313658294.jpg\",\"width\":768,\"height\":510,\"caption\":\"Airport transfer\"},{\"@type\":\"WebPage\",\"@id\":\"https:\/\/manu015.supserv.cozmoslabs.com\/faqs\/#webpage\",\"url\":\"https:\/\/manu015.supserv.cozmoslabs.com\/faqs\/\",\"name\":\"Frequently asked questions ans answers - Your Private Driver\",\"isPartOf\":{\"@id\":\"https:\/\/manu015.supserv.cozmoslabs.com\/#website\"},\"primaryImageOfPage\":{\"@id\":\"https:\/\/manu015.supserv.cozmoslabs.com\/faqs\/#primaryimage\"},\"datePublished\":\"2017-01-24T09:16:52+00:00\",\"dateModified\":\"2020-11-13T17:31:19+00:00\",\"description\":\"On this page you will find most frequently asked questions about our taxi company. Feel free to use contact page if you have more questions.\",\"breadcrumb\":{\"@id\":\"https:\/\/manu015.supserv.cozmoslabs.com\/faqs\/#breadcrumb\"},\"inLanguage\":\"nb-NO\",\"potentialAction\":[{\"@type\":\"ReadAction\",\"target\":[\"https:\/\/manu015.supserv.cozmoslabs.com\/faqs\/\"]}]},{\"@type\":\"BreadcrumbList\",\"@id\":\"https:\/\/manu015.supserv.cozmoslabs.com\/faqs\/#breadcrumb\",\"itemListElement\":[{\"@type\":\"ListItem\",\"position\":1,\"name\":\"Home\",\"item\":\"https:\/\/manu015.supserv.cozmoslabs.com\/\"},{\"@type\":\"ListItem\",\"position\":2,\"name\":\"Frequently Asked Questions about Your Private Driver\"}]}]}<\/script>\n<!-- \/ Yoast SEO plugin. -->","yoast_head_json":{"title":"Frequently asked questions ans answers - Your Private Driver","description":"On this page you will find most frequently asked questions about our taxi company. Feel free to use contact page if you have more questions.","robots":{"index":"index","follow":"follow","max-snippet":"max-snippet:-1","max-image-preview":"max-image-preview:large","max-video-preview":"max-video-preview:-1"},"canonical":"https:\/\/manu015.supserv.cozmoslabs.com\/no\/faqs\/","og_locale":"nb_NO","og_type":"article","og_title":"Frequently asked questions ans answers - Your Private Driver","og_description":"On this page you will find most frequently asked questions about our taxi company. Feel free to use contact page if you have more questions.","og_url":"https:\/\/manu015.supserv.cozmoslabs.com\/no\/faqs\/","og_site_name":"Your Private Driver","article_publisher":"https:\/\/www.facebook.com\/yourprivatedriverbrussels","article_modified_time":"2020-11-13T17:31:19+00:00","og_image":[{"width":768,"height":510,"url":"https:\/\/manu015.supserv.cozmoslabs.com\/wp-content\/uploads\/2017\/01\/driver-2-8-e1604313658294.jpg","type":"image\/jpeg"}],"twitter_card":"summary_large_image","twitter_site":"@privatedriverbx","twitter_misc":{"Ansl. lesetid":"9 minutter"},"schema":{"@context":"https:\/\/schema.org","@graph":[{"@type":"Organization","@id":"https:\/\/manu015.supserv.cozmoslabs.com\/#organization","name":"Your Private Driver","url":"https:\/\/manu015.supserv.cozmoslabs.com\/","sameAs":["https:\/\/www.facebook.com\/yourprivatedriverbrussels","https:\/\/www.instagram.com\/taxibrusselsairport\/","https:\/\/www.linkedin.com\/company\/yourprivatedriver\/","https:\/\/www.youtube.com\/channel\/UCdFj5lm3qhOZWz_Rz0yupVA","https:\/\/www.pinterest.fr\/pin\/704672672920362864\/","https:\/\/twitter.com\/privatedriverbx"],"logo":{"@type":"ImageObject","@id":"https:\/\/manu015.supserv.cozmoslabs.com\/#logo","inLanguage":"nb-NO","url":"","contentUrl":"","caption":"Your Private Driver"},"image":{"@id":"https:\/\/manu015.supserv.cozmoslabs.com\/#logo"}},{"@type":"WebSite","@id":"https:\/\/manu015.supserv.cozmoslabs.com\/#website","url":"https:\/\/manu015.supserv.cozmoslabs.com\/","name":"Your Private Driver","description":"Taxi Brussels airport - Taxi Charleroi airport","publisher":{"@id":"https:\/\/manu015.supserv.cozmoslabs.com\/#organization"},"potentialAction":[{"@type":"SearchAction","target":{"@type":"EntryPoint","urlTemplate":"https:\/\/manu015.supserv.cozmoslabs.com\/?s={search_term_string}"},"query-input":"required name=search_term_string"}],"inLanguage":"nb-NO"},{"@type":"ImageObject","@id":"https:\/\/manu015.supserv.cozmoslabs.com\/faqs\/#primaryimage","inLanguage":"nb-NO","url":"https:\/\/manu015.supserv.cozmoslabs.com\/wp-content\/uploads\/2017\/01\/driver-2-8-e1604313658294.jpg","contentUrl":"https:\/\/manu015.supserv.cozmoslabs.com\/wp-content\/uploads\/2017\/01\/driver-2-8-e1604313658294.jpg","width":768,"height":510,"caption":"Airport transfer"},{"@type":"WebPage","@id":"https:\/\/manu015.supserv.cozmoslabs.com\/faqs\/#webpage","url":"https:\/\/manu015.supserv.cozmoslabs.com\/faqs\/","name":"Frequently asked questions ans answers - Your Private Driver","isPartOf":{"@id":"https:\/\/manu015.supserv.cozmoslabs.com\/#website"},"primaryImageOfPage":{"@id":"https:\/\/manu015.supserv.cozmoslabs.com\/faqs\/#primaryimage"},"datePublished":"2017-01-24T09:16:52+00:00","dateModified":"2020-11-13T17:31:19+00:00","description":"On this page you will find most frequently asked questions about our taxi company. Feel free to use contact page if you have more questions.","breadcrumb":{"@id":"https:\/\/manu015.supserv.cozmoslabs.com\/faqs\/#breadcrumb"},"inLanguage":"nb-NO","potentialAction":[{"@type":"ReadAction","target":["https:\/\/manu015.supserv.cozmoslabs.com\/faqs\/"]}]},{"@type":"BreadcrumbList","@id":"https:\/\/manu015.supserv.cozmoslabs.com\/faqs\/#breadcrumb","itemListElement":[{"@type":"ListItem","position":1,"name":"Home","item":"https:\/\/manu015.supserv.cozmoslabs.com\/"},{"@type":"ListItem","position":2,"name":"Frequently Asked Questions about Your Private Driver"}]}]}},"_links":{"self":[{"href":"https:\/\/manu015.supserv.cozmoslabs.com\/no\/wp-json\/wp\/v2\/pages\/2650"}],"collection":[{"href":"https:\/\/manu015.supserv.cozmoslabs.com\/no\/wp-json\/wp\/v2\/pages"}],"about":[{"href":"https:\/\/manu015.supserv.cozmoslabs.com\/no\/wp-json\/wp\/v2\/types\/page"}],"author":[{"embeddable":true,"href":"https:\/\/manu015.supserv.cozmoslabs.com\/no\/wp-json\/wp\/v2\/users\/1"}],"replies":[{"embeddable":true,"href":"https:\/\/manu015.supserv.cozmoslabs.com\/no\/wp-json\/wp\/v2\/comments?post=2650"}],"version-history":[{"count":0,"href":"https:\/\/manu015.supserv.cozmoslabs.com\/no\/wp-json\/wp\/v2\/pages\/2650\/revisions"}],"wp:featuredmedia":[{"embeddable":true,"href":"https:\/\/manu015.supserv.cozmoslabs.com\/no\/wp-json\/wp\/v2\/media\/6608"}],"wp:attachment":[{"href":"https:\/\/manu015.supserv.cozmoslabs.com\/no\/wp-json\/wp\/v2\/media?parent=2650"}],"curies":[{"name":"wp","href":"https:\/\/api.w.org\/{rel}","templated":true}]}}