{"id":2633,"date":"2017-01-24T09:05:32","date_gmt":"2017-01-24T09:05:32","guid":{"rendered":"http:\/\/themes.themegoods.com\/grandcarrental\/demo\/?page_id=2633"},"modified":"2021-02-04T21:46:16","modified_gmt":"2021-02-04T21:46:16","slug":"contact","status":"publish","type":"page","link":"https:\/\/manu015.supserv.cozmoslabs.com\/no\/contact\/","title":{"rendered":"Ta kontakt med"},"content":{"rendered":"<div  class=\"one withsmallpadding ppb_text\" style=\"text-align:center;padding:0px 0 0px 0;margin-top:20px;\" >\n<div class=\"standard_wrapper\">\n<div class=\"page_content_wrapper\">\n<div class=\"inner\">\n<div style=\"margin:auto;width:80%\">\n<h1>Kontakt skjema for \u00e5 stille sp\u00f8rsm\u00e5let ditt<\/h1>\n<p>Fyll gjerne ut dette kontaktskjemaet for sp\u00f8rsm\u00e5l, bemerkninger eller forslag om din private driver. Faktisk vil en av v\u00e5re ansatte kontakte deg s\u00e5 snart som mulig.<\/p>\n<h2>Hvordan kontakte oss enda lettere<\/h2>\n<p>For enda raskere, \u00f8yeblikkelig hjelp, start en chat-\u00f8kt direkte. V\u00e6r imidlertid oppmerksom p\u00e5 at vi ogs\u00e5 er tilgjengelige 24\/7 via WhatsApp, p\u00e5 telefonnummer <a href=\"tel:+32466241694\">+32466241694.<\/a><br \/>\nV\u00e6r s\u00e5 snill og kontakt <a href=\"https:\/\/manu015.supserv.cozmoslabs.com\/\">Your private driver Brussel.<\/a><br \/>\n<em>Vi st\u00e5r til din disposisjon hver dag i uken 7\/7 24\/24 og tar dine reservasjoner raskt.<\/em><\/p>\n<\/div>\n<\/div>\n<\/div>\n<\/div>\n<\/div>\n<div  class=\"one withsmallpadding ppb_text\" style=\"text-align:left;padding:0px 0 0px 0;margin-bottom:60px;\" >\n<div class=\"standard_wrapper\">\n<div class=\"page_content_wrapper\">\n<div class=\"inner\">\n<div style=\"margin:auto;width:60%\">\n<p><span style=\"color: #555555;\"><\/p>\n<div class=\"wpforms-container wpforms-container-full\" id=\"wpforms-2504\">\n<form id=\"wpforms-form-2504\" class=\"wpforms-validate wpforms-form\" data-formid=\"2504\" method=\"post\" enctype=\"multipart\/form-data\" action=\"\/wp-admin\/post.php\" data-token=\"7c26d0f8ac1fbe3bc5af72baa80c2e15\" data-trp-original-action=\"\/wp-admin\/post.php\"><noscript class=\"wpforms-error-noscript\">Please enable JavaScript in your browser to complete this form.<\/noscript><\/p>\n<div class=\"wpforms-field-container\">\n<div id=\"wpforms-2504-field_0-container\" class=\"wpforms-field wpforms-field-name\" data-field-id=\"0\"><label class=\"wpforms-field-label\" for=\"wpforms-2504-field_0\">Navn <span class=\"wpforms-required-label\">*<\/span><\/label><input type=\"text\" id=\"wpforms-2504-field_0\" class=\"wpforms-field-medium wpforms-field-required\" name=\"wpforms[fields][0]\" required><\/div>\n<div id=\"wpforms-2504-field_1-container\" class=\"wpforms-field wpforms-field-email\" data-field-id=\"1\"><label class=\"wpforms-field-label\" for=\"wpforms-2504-field_1\">E-post <span class=\"wpforms-required-label\">*<\/span><\/label><input type=\"email\" id=\"wpforms-2504-field_1\" class=\"wpforms-field-medium wpforms-field-required\" name=\"wpforms[fields][1]\" required><\/div>\n<div id=\"wpforms-2504-field_2-container\" class=\"wpforms-field wpforms-field-textarea\" data-field-id=\"2\"><label class=\"wpforms-field-label\" for=\"wpforms-2504-field_2\">Beskjed <span class=\"wpforms-required-label\">*<\/span><\/label><textarea id=\"wpforms-2504-field_2\" class=\"wpforms-field-medium wpforms-field-required\" name=\"wpforms[fields][2]\" required><\/textarea><\/div>\n<\/div>\n<div class=\"wpforms-field wpforms-field-hp\"><label for=\"wpforms-2504-field-hp\" class=\"wpforms-field-label\">E-post<\/label><input type=\"text\" name=\"wpforms[hp]\" id=\"wpforms-2504-field-hp\" class=\"wpforms-field-medium\"><\/div>\n<p><input type=\"hidden\" name=\"wpforms[recaptcha]\" value=\"\"><\/p>\n<div class=\"wpforms-submit-container\" ><input type=\"hidden\" name=\"wpforms[id]\" value=\"2504\"><input type=\"hidden\" name=\"wpforms[author]\" value=\"0\"><button type=\"submit\" name=\"wpforms[submit]\" class=\"wpforms-submit\" id=\"wpforms-submit-2504\" value=\"wpforms-submit\" aria-live=\"assertive\" data-alt-text=\"Sending...\" data-submit-text=\"Send\">Sende<\/button><\/div>\n<input type=\"hidden\" name=\"trp-form-language\" value=\"no\"\/><\/form>\n<\/div>\n<p>  <!-- .wpforms-container --><\/span><\/p>\n<\/div>\n<\/div>\n<\/div>\n<\/div>\n<\/div>\n<div  class=\"one withsmallpadding ppb_text\" style=\"text-align:left;padding:40px 0 40px 0;\" >\n<div class=\"standard_wrapper\">\n<div class=\"page_content_wrapper\">\n<div class=\"inner\">\n<div style=\"margin:auto;width:100%\">\n<p><i class=\"fa fa-map\" style=\"font-size: 24px; color: red;\"><\/i> : Rue du March\u00e9 Aux Herbes 40, 1000 Brussel.<br \/>\n<i class=\"fa fa-at\" style=\"font-size: 28px; color: red;\"><\/i> : <a href=\"mailto:info@manu015.supserv.cozmoslabs.com\">info@manu015.supserv.cozmoslabs.com<\/a><br \/>\n<i class=\"fa fa-mobile\" style=\"font-size: 48px; color: red;\"><\/i> : <a href=\"tel:+32466241694\">+32 466 24 16 94.<\/a><\/p>\n<p><a href=\"https:\/\/manu015.supserv.cozmoslabs.com\/services\/\">For v\u00e5re forskjellige tjenester, klikk her.<\/a><br \/>\n<a href=\"https:\/\/manu015.supserv.cozmoslabs.com\/reservation\/\">Klikk for \u00e5 bestille din flyplasstaxi n\u00e5.<\/a><br \/>\nIkke glem \u00e5 sjekke <a href=\"https:\/\/manu015.supserv.cozmoslabs.com\/reviews\/\">Noen av v\u00e5re anmeldelser.<\/a><br \/>\nG\u00e5 hit direkte for svar p\u00e5 v\u00e5re <a href=\"https:\/\/manu015.supserv.cozmoslabs.com\/faqs\/\">ofte stilte sp\u00f8rsm\u00e5l.<\/a><\/p>\n<\/div>\n<\/div>\n<\/div>\n<\/div>\n<\/div>\n<div  class=\"one withsmallpadding ppb_text\" style=\"text-align:left;padding:40px 0 40px 0;\" >\n<div class=\"standard_wrapper\">\n<div class=\"page_content_wrapper\">\n<div class=\"inner\">\n<div style=\"margin:auto;width:100%\">\n<p>Dette nettstedet er beskyttet av reCAPTCHA. <a href=\"https:\/\/policies.google.com\/privacy\" rel=\"noopener\" target=\"_blank\">Googles personvernregler<\/a> og <a href=\"https:\/\/policies.google.com\/terms\" rel=\"noopener\" target=\"_blank\">vilk\u00e5r for bruk<\/a> s\u00f8ke om.<\/p>\n<\/div>\n<\/div>\n<\/div>\n<\/div>\n<\/div>","protected":false},"excerpt":{"rendered":"<p>Contact form to ask your question Feel free to fill out this contact form for any question, remark or suggestion about Your Private Driver. Indeed one of our employees will contact you as soon as possible. How to contact us [&hellip;]<\/p>","protected":false},"author":1,"featured_media":6608,"parent":0,"menu_order":0,"comment_status":"closed","ping_status":"closed","template":"","meta":[],"yoast_head":"<!-- This site is optimized with the Yoast SEO plugin v18.4.1 - https:\/\/yoast.com\/wordpress\/plugins\/seo\/ -->\n<title>Contact page for our taxi company - Your Private Driver<\/title>\n<meta name=\"description\" content=\"Please use this page if you want to contact us. One of our support agent will get back to you shortly. We are also available on Whatsapp.\" \/>\n<meta name=\"robots\" content=\"index, follow, max-snippet:-1, max-image-preview:large, max-video-preview:-1\" \/>\n<link rel=\"canonical\" href=\"https:\/\/manu015.supserv.cozmoslabs.com\/no\/contact\/\" \/>\n<meta property=\"og:locale\" content=\"nb_NO\" \/>\n<meta property=\"og:type\" content=\"article\" \/>\n<meta property=\"og:title\" content=\"Contact page for our taxi company - Your Private Driver\" \/>\n<meta property=\"og:description\" content=\"Please use this page if you want to contact us. One of our support agent will get back to you shortly. We are also available on Whatsapp.\" \/>\n<meta property=\"og:url\" content=\"https:\/\/manu015.supserv.cozmoslabs.com\/no\/contact\/\" \/>\n<meta property=\"og:site_name\" content=\"Your Private Driver\" \/>\n<meta property=\"article:publisher\" content=\"https:\/\/www.facebook.com\/yourprivatedriverbrussels\" \/>\n<meta property=\"article:modified_time\" content=\"2021-02-04T21:46:16+00:00\" \/>\n<meta property=\"og:image\" content=\"https:\/\/manu015.supserv.cozmoslabs.com\/wp-content\/uploads\/2017\/01\/driver-2-8-e1604313658294.jpg\" \/>\n\t<meta property=\"og:image:width\" content=\"768\" \/>\n\t<meta property=\"og:image:height\" content=\"510\" \/>\n\t<meta property=\"og:image:type\" content=\"image\/jpeg\" \/>\n<meta name=\"twitter:card\" content=\"summary_large_image\" \/>\n<meta name=\"twitter:site\" content=\"@privatedriverbx\" \/>\n<meta name=\"twitter:label1\" content=\"Ansl. lesetid\" \/>\n\t<meta name=\"twitter:data1\" content=\"1 minutt\" \/>\n<script type=\"application\/ld+json\" class=\"yoast-schema-graph\">{\"@context\":\"https:\/\/schema.org\",\"@graph\":[{\"@type\":\"Organization\",\"@id\":\"https:\/\/manu015.supserv.cozmoslabs.com\/#organization\",\"name\":\"Your Private Driver\",\"url\":\"https:\/\/manu015.supserv.cozmoslabs.com\/\",\"sameAs\":[\"https:\/\/www.facebook.com\/yourprivatedriverbrussels\",\"https:\/\/www.instagram.com\/taxibrusselsairport\/\",\"https:\/\/www.linkedin.com\/company\/yourprivatedriver\/\",\"https:\/\/www.youtube.com\/channel\/UCdFj5lm3qhOZWz_Rz0yupVA\",\"https:\/\/www.pinterest.fr\/pin\/704672672920362864\/\",\"https:\/\/twitter.com\/privatedriverbx\"],\"logo\":{\"@type\":\"ImageObject\",\"@id\":\"https:\/\/manu015.supserv.cozmoslabs.com\/#logo\",\"inLanguage\":\"nb-NO\",\"url\":\"\",\"contentUrl\":\"\",\"caption\":\"Your Private Driver\"},\"image\":{\"@id\":\"https:\/\/manu015.supserv.cozmoslabs.com\/#logo\"}},{\"@type\":\"WebSite\",\"@id\":\"https:\/\/manu015.supserv.cozmoslabs.com\/#website\",\"url\":\"https:\/\/manu015.supserv.cozmoslabs.com\/\",\"name\":\"Your Private Driver\",\"description\":\"Taxi Brussels airport - Taxi Charleroi airport\",\"publisher\":{\"@id\":\"https:\/\/manu015.supserv.cozmoslabs.com\/#organization\"},\"potentialAction\":[{\"@type\":\"SearchAction\",\"target\":{\"@type\":\"EntryPoint\",\"urlTemplate\":\"https:\/\/manu015.supserv.cozmoslabs.com\/?s={search_term_string}\"},\"query-input\":\"required name=search_term_string\"}],\"inLanguage\":\"nb-NO\"},{\"@type\":\"ImageObject\",\"@id\":\"https:\/\/manu015.supserv.cozmoslabs.com\/contact\/#primaryimage\",\"inLanguage\":\"nb-NO\",\"url\":\"https:\/\/manu015.supserv.cozmoslabs.com\/wp-content\/uploads\/2017\/01\/driver-2-8-e1604313658294.jpg\",\"contentUrl\":\"https:\/\/manu015.supserv.cozmoslabs.com\/wp-content\/uploads\/2017\/01\/driver-2-8-e1604313658294.jpg\",\"width\":768,\"height\":510,\"caption\":\"Airport transfer\"},{\"@type\":\"WebPage\",\"@id\":\"https:\/\/manu015.supserv.cozmoslabs.com\/contact\/#webpage\",\"url\":\"https:\/\/manu015.supserv.cozmoslabs.com\/contact\/\",\"name\":\"Contact page for our taxi company - Your Private Driver\",\"isPartOf\":{\"@id\":\"https:\/\/manu015.supserv.cozmoslabs.com\/#website\"},\"primaryImageOfPage\":{\"@id\":\"https:\/\/manu015.supserv.cozmoslabs.com\/contact\/#primaryimage\"},\"datePublished\":\"2017-01-24T09:05:32+00:00\",\"dateModified\":\"2021-02-04T21:46:16+00:00\",\"description\":\"Please use this page if you want to contact us. One of our support agent will get back to you shortly. We are also available on Whatsapp.\",\"breadcrumb\":{\"@id\":\"https:\/\/manu015.supserv.cozmoslabs.com\/contact\/#breadcrumb\"},\"inLanguage\":\"nb-NO\",\"potentialAction\":[{\"@type\":\"ReadAction\",\"target\":[\"https:\/\/manu015.supserv.cozmoslabs.com\/contact\/\"]}]},{\"@type\":\"BreadcrumbList\",\"@id\":\"https:\/\/manu015.supserv.cozmoslabs.com\/contact\/#breadcrumb\",\"itemListElement\":[{\"@type\":\"ListItem\",\"position\":1,\"name\":\"Home\",\"item\":\"https:\/\/manu015.supserv.cozmoslabs.com\/\"},{\"@type\":\"ListItem\",\"position\":2,\"name\":\"Contact\"}]}]}<\/script>\n<!-- \/ Yoast SEO plugin. -->","yoast_head_json":{"title":"Contact page for our taxi company - Your Private Driver","description":"Please use this page if you want to contact us. One of our support agent will get back to you shortly. We are also available on Whatsapp.","robots":{"index":"index","follow":"follow","max-snippet":"max-snippet:-1","max-image-preview":"max-image-preview:large","max-video-preview":"max-video-preview:-1"},"canonical":"https:\/\/manu015.supserv.cozmoslabs.com\/no\/contact\/","og_locale":"nb_NO","og_type":"article","og_title":"Contact page for our taxi company - Your Private Driver","og_description":"Please use this page if you want to contact us. One of our support agent will get back to you shortly. We are also available on Whatsapp.","og_url":"https:\/\/manu015.supserv.cozmoslabs.com\/no\/contact\/","og_site_name":"Your Private Driver","article_publisher":"https:\/\/www.facebook.com\/yourprivatedriverbrussels","article_modified_time":"2021-02-04T21:46:16+00:00","og_image":[{"width":768,"height":510,"url":"https:\/\/manu015.supserv.cozmoslabs.com\/wp-content\/uploads\/2017\/01\/driver-2-8-e1604313658294.jpg","type":"image\/jpeg"}],"twitter_card":"summary_large_image","twitter_site":"@privatedriverbx","twitter_misc":{"Ansl. lesetid":"1 minutt"},"schema":{"@context":"https:\/\/schema.org","@graph":[{"@type":"Organization","@id":"https:\/\/manu015.supserv.cozmoslabs.com\/#organization","name":"Your Private Driver","url":"https:\/\/manu015.supserv.cozmoslabs.com\/","sameAs":["https:\/\/www.facebook.com\/yourprivatedriverbrussels","https:\/\/www.instagram.com\/taxibrusselsairport\/","https:\/\/www.linkedin.com\/company\/yourprivatedriver\/","https:\/\/www.youtube.com\/channel\/UCdFj5lm3qhOZWz_Rz0yupVA","https:\/\/www.pinterest.fr\/pin\/704672672920362864\/","https:\/\/twitter.com\/privatedriverbx"],"logo":{"@type":"ImageObject","@id":"https:\/\/manu015.supserv.cozmoslabs.com\/#logo","inLanguage":"nb-NO","url":"","contentUrl":"","caption":"Your Private Driver"},"image":{"@id":"https:\/\/manu015.supserv.cozmoslabs.com\/#logo"}},{"@type":"WebSite","@id":"https:\/\/manu015.supserv.cozmoslabs.com\/#website","url":"https:\/\/manu015.supserv.cozmoslabs.com\/","name":"Your Private Driver","description":"Taxi Brussels airport - Taxi Charleroi airport","publisher":{"@id":"https:\/\/manu015.supserv.cozmoslabs.com\/#organization"},"potentialAction":[{"@type":"SearchAction","target":{"@type":"EntryPoint","urlTemplate":"https:\/\/manu015.supserv.cozmoslabs.com\/?s={search_term_string}"},"query-input":"required name=search_term_string"}],"inLanguage":"nb-NO"},{"@type":"ImageObject","@id":"https:\/\/manu015.supserv.cozmoslabs.com\/contact\/#primaryimage","inLanguage":"nb-NO","url":"https:\/\/manu015.supserv.cozmoslabs.com\/wp-content\/uploads\/2017\/01\/driver-2-8-e1604313658294.jpg","contentUrl":"https:\/\/manu015.supserv.cozmoslabs.com\/wp-content\/uploads\/2017\/01\/driver-2-8-e1604313658294.jpg","width":768,"height":510,"caption":"Airport transfer"},{"@type":"WebPage","@id":"https:\/\/manu015.supserv.cozmoslabs.com\/contact\/#webpage","url":"https:\/\/manu015.supserv.cozmoslabs.com\/contact\/","name":"Contact page for our taxi company - Your Private Driver","isPartOf":{"@id":"https:\/\/manu015.supserv.cozmoslabs.com\/#website"},"primaryImageOfPage":{"@id":"https:\/\/manu015.supserv.cozmoslabs.com\/contact\/#primaryimage"},"datePublished":"2017-01-24T09:05:32+00:00","dateModified":"2021-02-04T21:46:16+00:00","description":"Please use this page if you want to contact us. One of our support agent will get back to you shortly. We are also available on Whatsapp.","breadcrumb":{"@id":"https:\/\/manu015.supserv.cozmoslabs.com\/contact\/#breadcrumb"},"inLanguage":"nb-NO","potentialAction":[{"@type":"ReadAction","target":["https:\/\/manu015.supserv.cozmoslabs.com\/contact\/"]}]},{"@type":"BreadcrumbList","@id":"https:\/\/manu015.supserv.cozmoslabs.com\/contact\/#breadcrumb","itemListElement":[{"@type":"ListItem","position":1,"name":"Home","item":"https:\/\/manu015.supserv.cozmoslabs.com\/"},{"@type":"ListItem","position":2,"name":"Contact"}]}]}},"_links":{"self":[{"href":"https:\/\/manu015.supserv.cozmoslabs.com\/no\/wp-json\/wp\/v2\/pages\/2633"}],"collection":[{"href":"https:\/\/manu015.supserv.cozmoslabs.com\/no\/wp-json\/wp\/v2\/pages"}],"about":[{"href":"https:\/\/manu015.supserv.cozmoslabs.com\/no\/wp-json\/wp\/v2\/types\/page"}],"author":[{"embeddable":true,"href":"https:\/\/manu015.supserv.cozmoslabs.com\/no\/wp-json\/wp\/v2\/users\/1"}],"replies":[{"embeddable":true,"href":"https:\/\/manu015.supserv.cozmoslabs.com\/no\/wp-json\/wp\/v2\/comments?post=2633"}],"version-history":[{"count":0,"href":"https:\/\/manu015.supserv.cozmoslabs.com\/no\/wp-json\/wp\/v2\/pages\/2633\/revisions"}],"wp:featuredmedia":[{"embeddable":true,"href":"https:\/\/manu015.supserv.cozmoslabs.com\/no\/wp-json\/wp\/v2\/media\/6608"}],"wp:attachment":[{"href":"https:\/\/manu015.supserv.cozmoslabs.com\/no\/wp-json\/wp\/v2\/media?parent=2633"}],"curies":[{"name":"wp","href":"https:\/\/api.w.org\/{rel}","templated":true}]}}