{"id":7018,"date":"2020-10-31T13:03:15","date_gmt":"2020-10-31T13:03:15","guid":{"rendered":"https:\/\/manu015.supserv.cozmoslabs.com\/?page_id=7018"},"modified":"2020-11-13T07:50:29","modified_gmt":"2020-11-13T07:50:29","slug":"about-us","status":"publish","type":"page","link":"https:\/\/manu015.supserv.cozmoslabs.com\/nl\/about-us\/","title":{"rendered":"Over ons"},"content":{"rendered":"<div  class=\"one withsmallpadding ppb_header\" style=\"text-align:left;padding:40px 0 40px 0;\" >\n<div class=\"standard_wrapper\">\n<div class=\"page_content_wrapper\">\n<div class=\"inner\">\n<div style=\"margin:auto;width:100%\">\n<h2 class=\"ppb_title\" style=\"\">Uw priv\u00e9chauffeur<\/h2>\n<div class=\"ppb_header_content\">\n<p>Your Private Driver is een taxibedrijf en bezoldigde personenvervoerder opgericht rond begin 2016. Het bedrijf is gevestigd in Brussel en is actief in heel Belgi\u00eb en in heel Europa. In aanvulling op, <em><strong>Uw priv\u00e9chauffeur<\/strong><\/em> is een hoofdrolspeler in het personenvervoer in Brussel. Het biedt een vervoersdienst aan voor passagiers die aankomen op Brussels Airport en Charleroi Airport.<\/p>\n<p>Your Private Driver is een betrouwbaar taxibedrijf voor luchthavens.<br \/>\nAls u van plan bent het stadscentrum van Brussel te bezoeken, zal uw priv\u00e9chauffeur u helpen. Er zijn inderdaad talloze dingen die u met het gezin kunt doen. Zelfs als u op zakenreis bent. Brussel is trouwens gewoon een van de mooiste steden ter wereld met zijn vele groene ruimtes.<\/p>\n<p>U kunt bij ons terecht voor al uw transportbehoeften in Brussel. Een taxirit naar \u00e9\u00e9n van onze Belgische luchthavens, een bruiloft in Brussel, groepsvervoer voor een meeting, priv\u00e9feest, een stadstour <a href=\"https:\/\/manu015.supserv.cozmoslabs.com\/services\/\">of een taxirit van \/ naar een andere Belgische stad.<\/a> Your private driver <a href=\"https:\/\/manu015.supserv.cozmoslabs.com\/fleet\/\">heeft voertuigen<\/a> en professionele chauffeurs om uw reis onvergetelijk te maken. Wij zijn betrouwbaar en betaalbaar voor al uw taxiritten.<\/p>\n<p>Als je meer wilt weten over ons en over verschillende onderwerpen met betrekking tot taxi&#39;s in Brussel in het bijzonder en in de wereld in het algemeen, ga dan naar <a href=\"https:\/\/manu015.supserv.cozmoslabs.com\/blog\/\">onze taxi blog.<\/a> Deel gerust uw idee\u00ebn en ervaringen. Laat uw opmerkingen achter als u daar zin in heeft. Deel uw ervaring in ons taxiblog, evenals een taxigebruiker of gewoon een taxichauffeur.<\/p>\n<\/div>\n<\/div>\n<\/div>\n<\/div>\n<\/div>\n<\/div>\n<div  class=\"one withsmallpadding ppb_header\" style=\"text-align:center;padding:50px 0 50px 0;background-color:#5856d6;color:#ffffff;\" >\n<div class=\"standard_wrapper\">\n<div class=\"page_content_wrapper\">\n<div class=\"inner\">\n<div style=\"margin:auto;width:50%\">\n<h2 class=\"ppb_title\" style=\"color:#ffffff;\">Professionele taxichauffeurs<\/h2>\n<div class=\"ppb_header_content\">\n<p>Onze professionele chauffeurs zetten je af op Brussels Airport Zaventem en halen je op van Brussels Airport, Charleroi en Luik. Bovendien biedt Your Private Driver u een snelle en stille rit in comfortabele auto&#39;s, uitgerust met een krachtig Wi-Fi-netwerk.<\/p>\n<div class=\"one_half\" style=\"\">\n<div class=\"animate_counter_wrapper\">\n<div id=\"1605253829349298397\" class=\"odometer\" style=\"font-size:60px;line-height:60px;\">0<\/div>\n<div class=\"count_separator\"><span><\/span><\/div>\n<div class=\"counter_subject\">Uitstapjes<\/div>\n<\/div>\n<\/div>\n<div class=\"one_half last\" style=\"\">\n<div class=\"animate_counter_wrapper\">\n<div id=\"16052538291044985847\" class=\"odometer\" style=\"font-size:60px;line-height:60px;\">0<\/div>\n<div class=\"count_separator\"><span><\/span><\/div>\n<div class=\"counter_subject\">Tevreden klanten<\/div>\n<\/div>\n<\/div>\n<p><br class=\"clear\"\/><\/p>\n<\/div>\n<\/div>\n<\/div>\n<\/div>\n<\/div>\n<\/div>\n<div  class=\"one withsmallpadding ppb_header\" style=\"text-align:left;padding:40px 0 40px 0;\" >\n<div class=\"standard_wrapper\">\n<div class=\"page_content_wrapper\">\n<div class=\"inner\">\n<div style=\"margin:auto;width:100%\">\n<h2 class=\"ppb_title\" style=\"\">Professionele taxiservice in Brussel<\/h2>\n<div class=\"ppb_header_content\">\n<p>Profiteer van onze <a href=\"https:\/\/manu015.supserv.cozmoslabs.com\/services\/\"> luchthaventransferservice, limousineservice en pendeldienst naar de luchthaven <\/a> bezoeken <a href=\"https:\/\/visit.brussels\/en\/category\/monuments-sites\" target=\"_blank\" rel=\"noopener noreferrer\"> historische plaatsen van Brussel<\/a> en Brugge. Aarzel niet om <a href=\"https:\/\/manu015.supserv.cozmoslabs.com\/contact-us\/\"> Neem contact op<\/a> voor meer informatie over onze priv\u00e9reizen. Onze chauffeurs steken ook de Belgische grens over om u naar uw bestemming te brengen.<\/p>\n<\/div>\n<\/div>\n<\/div>\n<\/div>\n<\/div>\n<\/div>\n<div  class=\"one withsmallpadding ppb_header\" style=\"text-align:left;padding:40px 0 40px 0;\" >\n<div class=\"standard_wrapper\">\n<div class=\"page_content_wrapper\">\n<div class=\"inner\">\n<div style=\"margin:auto;width:100%\">\n<h2 class=\"ppb_title\" style=\"\">Taxibedrijf in Brussel is onze service<\/h2>\n<div class=\"ppb_header_content\">\n<p>Vertrouw ons gewoon voor al uw taxiritten in Brussel of naar de luchthavens. Het vervoeren van mensen is onze specialiteit. Bovendien bieden we autoverhuur met chauffeur. U heeft alle reden om ons te vertrouwen. Tot op heden hebben we honderden tevreden klanten.<\/p>\n<p>Als u op zoek bent naar een voordelige en comfortabele manier om een taxi te nemen van of naar Brussels Airport en Charleroi Airport, dat zal u niet verpesten. Dan blijft Your Private Driver uw ideale oplossing.<\/p>\n<\/div>\n<\/div>\n<\/div>\n<\/div>\n<\/div>\n<\/div>\n<div  class=\"one withsmallpadding ppb_header\" style=\"text-align:left;padding:40px 0 40px 0;\" >\n<div class=\"standard_wrapper\">\n<div class=\"page_content_wrapper\">\n<div class=\"inner\">\n<div style=\"margin:auto;width:100%\">\n<h2 class=\"ppb_title\" style=\"\">Taxi boeken bij uw priv\u00e9chauffeur<\/h2>\n<div class=\"ppb_header_content\">\n<p>Met ons online boekingssysteem voor taxi&#39;s kunt u gemakkelijk uw taxi boeken. Als u online op onze website boekt, kunt u direct vergelijken en zien welk type voertuig het meest economisch of comfortabel is, afhankelijk van uw bestemming en budget.<\/p>\n<p>Boek uw luchthaventaxi met uw priv\u00e9chauffeur. Hierdoor kunt u inderdaad op de dag van uw reis stressvrij blijven. Inderdaad, als u uw taxi ruim van tevoren boekt vanaf Brussels Airport of Charleroi Airport, hoeft u zich op de dag van de reis geen zorgen te maken. Evenzo als u een taxi boekt naar de stad Antwerpen, Luik, Gent, Brugge, Luik of Namen. Door bij ons een taxi te boeken, weet u van tevoren wat de vaste eindprijs van uw taxirit is.<\/p>\n<p>Van een eenvoudige sedan tot luxe taxi&#39;s, er is voor elk wat wils en voor elk budget. Dus reserveer nu uw luchthaventaxi om opgehaald te worden van Brussels Airport en Charleroi Airport, of om gewoon daar afgezet te worden.<\/p>\n<p>Dankzij ons online boekingssysteem bent u veilig voor de verrassing van een lastminuteverhoging. Dit gebeurt trouwens net wanneer u uw Uber-taxi of Heetch-taxi naar de luchthaven wilt bestellen. We hebben nu allemaal te maken met de stijgende prijs van de beroemde Uber. U zult zoiets nooit meemaken met uw priv\u00e9chauffeur<\/p>\n<h3>Hoe betaal je je taxi bij Your Private Driver?<\/h3>\n<h4>Betaalmiddel voor uw luchthaventaxi.<\/h4>\n<p>Op het moment van uw taxiboeking kiest u tussen een directe veilige online betaling of contante betaling.<\/p>\n<p>Uw priv\u00e9chauffeur accepteert de meeste betaalmethoden zoals Mastercard, Visa, American Express, PayPal, Ideal, Sofort Banking, Bancontact, EPS, CartaSi, GiroPay, KBC \/ CBC, Belfius, ING, Paysafecard, Bankkaarten, Sepa Direct Debit, Sepa Bank Overboeking, cadeaubonnen en verschillende andere creditcards of betaalpassen. Voor elke online betaling is een extra vergoeding van 4% vereist. Dit is voor creditcard- \/ Paypal-transactiecommissie.<\/p>\n<p>Indien u kiest voor contante betaling, zijn er geen extra kosten aan verbonden. De betaling wordt aan de chauffeur gedaan. U hoeft echter alleen het exacte wisselgeld te hebben, omdat onze chauffeurs niet vaak met veel contant geld lopen.<\/p>\n<h4>Goedkoop taxitarief.<\/h4>\n<p>Concurrerend taxitarief voor priv\u00e9-minibusjes, Mercedes-Benz klasse V of vergelijkbaar voor maximaal 8 personen. Daarnaast betaal je een redelijk taxitarief naar de luchthaven met executive sedans zoals Mercedes-Benz klasse E. Dit betaalbare taxitarief geldt zelfs voor standaard minibussen voor 8 personen zoals Opel Vivaro of Volkswagen Caravell. Goedkoop taxitarief geldt ook voor standaard sedans zoals Skoda Octavia of een vergelijkbaar voertuig.<\/p>\n<p>Bij Your Private Driver vind je een van de goedkoopste taxitarieven in Brussel. Taxi vanaf 35 euro voor een luchthaventransfer van de luchthaven van Brussel naar het stadscentrum van Brussel. Deze prijs is inclusief de receptie op de luchthaven. Uw priv\u00e9chauffeur hanteert een zeer goedkoop taxitarief. Dit is in feite om iedereen te laten genieten van onze uitzonderlijke diensten.<\/p>\n<p>Aarzel niet om u in te schrijven of <a href=\"https:\/\/manu015.supserv.cozmoslabs.com\/account\/\">Log in op jouw account<\/a> om uw boekingen te beheren of een nieuwe boeking te maken.<\/p>\n<\/div>\n<\/div>\n<\/div>\n<\/div>\n<\/div>\n<\/div>","protected":false},"excerpt":{"rendered":"<p>Your Private Driver Your Private Driver is a taxi company and remunerated passenger carrier founded around early 2016. The company is located in Brussels and operates throughout Belgium and across Europe. In addition, Your Private Driver is a key player [&hellip;]<\/p>","protected":false},"author":1,"featured_media":7659,"parent":0,"menu_order":0,"comment_status":"closed","ping_status":"closed","template":"","meta":[],"yoast_head":"<!-- This site is optimized with the Yoast SEO plugin v18.4.1 - https:\/\/yoast.com\/wordpress\/plugins\/seo\/ -->\n<title>Learn more about our taxi company - Your Private Driver<\/title>\n<meta name=\"description\" content=\"Your Private Driver is taxi company founded in early 2016. We provide taxi service in Brussels and to BRU and CRL airports.\" \/>\n<meta name=\"robots\" content=\"index, follow, max-snippet:-1, max-image-preview:large, max-video-preview:-1\" \/>\n<link rel=\"canonical\" href=\"https:\/\/manu015.supserv.cozmoslabs.com\/nl\/about-us\/\" \/>\n<meta property=\"og:locale\" content=\"nl_NL\" \/>\n<meta property=\"og:type\" content=\"article\" \/>\n<meta property=\"og:title\" content=\"Learn more about our taxi company - Your Private Driver\" \/>\n<meta property=\"og:description\" content=\"Your Private Driver is taxi company founded in early 2016. We provide taxi service in Brussels and to BRU and CRL airports.\" \/>\n<meta property=\"og:url\" content=\"https:\/\/manu015.supserv.cozmoslabs.com\/nl\/about-us\/\" \/>\n<meta property=\"og:site_name\" content=\"Your Private Driver\" \/>\n<meta property=\"article:publisher\" content=\"https:\/\/www.facebook.com\/yourprivatedriverbrussels\" \/>\n<meta property=\"article:modified_time\" content=\"2020-11-13T07:50:29+00:00\" \/>\n<meta property=\"og:image\" content=\"https:\/\/manu015.supserv.cozmoslabs.com\/wp-content\/uploads\/2020\/11\/about.jpg\" \/>\n\t<meta property=\"og:image:width\" content=\"854\" \/>\n\t<meta property=\"og:image:height\" content=\"334\" \/>\n\t<meta property=\"og:image:type\" content=\"image\/jpeg\" \/>\n<meta name=\"twitter:card\" content=\"summary_large_image\" \/>\n<meta name=\"twitter:site\" content=\"@privatedriverbx\" \/>\n<meta name=\"twitter:label1\" content=\"Geschatte leestijd\" \/>\n\t<meta name=\"twitter:data1\" content=\"5 minuten\" \/>\n<script type=\"application\/ld+json\" class=\"yoast-schema-graph\">{\"@context\":\"https:\/\/schema.org\",\"@graph\":[{\"@type\":\"Organization\",\"@id\":\"https:\/\/manu015.supserv.cozmoslabs.com\/#organization\",\"name\":\"Your Private Driver\",\"url\":\"https:\/\/manu015.supserv.cozmoslabs.com\/\",\"sameAs\":[\"https:\/\/www.facebook.com\/yourprivatedriverbrussels\",\"https:\/\/www.instagram.com\/taxibrusselsairport\/\",\"https:\/\/www.linkedin.com\/company\/yourprivatedriver\/\",\"https:\/\/www.youtube.com\/channel\/UCdFj5lm3qhOZWz_Rz0yupVA\",\"https:\/\/www.pinterest.fr\/pin\/704672672920362864\/\",\"https:\/\/twitter.com\/privatedriverbx\"],\"logo\":{\"@type\":\"ImageObject\",\"@id\":\"https:\/\/manu015.supserv.cozmoslabs.com\/#logo\",\"inLanguage\":\"nl\",\"url\":\"\",\"contentUrl\":\"\",\"caption\":\"Your Private Driver\"},\"image\":{\"@id\":\"https:\/\/manu015.supserv.cozmoslabs.com\/#logo\"}},{\"@type\":\"WebSite\",\"@id\":\"https:\/\/manu015.supserv.cozmoslabs.com\/#website\",\"url\":\"https:\/\/manu015.supserv.cozmoslabs.com\/\",\"name\":\"Your Private Driver\",\"description\":\"Taxi Brussels airport - Taxi Charleroi airport\",\"publisher\":{\"@id\":\"https:\/\/manu015.supserv.cozmoslabs.com\/#organization\"},\"potentialAction\":[{\"@type\":\"SearchAction\",\"target\":{\"@type\":\"EntryPoint\",\"urlTemplate\":\"https:\/\/manu015.supserv.cozmoslabs.com\/?s={search_term_string}\"},\"query-input\":\"required name=search_term_string\"}],\"inLanguage\":\"nl\"},{\"@type\":\"ImageObject\",\"@id\":\"https:\/\/manu015.supserv.cozmoslabs.com\/about-us\/#primaryimage\",\"inLanguage\":\"nl\",\"url\":\"https:\/\/manu015.supserv.cozmoslabs.com\/wp-content\/uploads\/2020\/11\/about.jpg\",\"contentUrl\":\"https:\/\/manu015.supserv.cozmoslabs.com\/wp-content\/uploads\/2020\/11\/about.jpg\",\"width\":854,\"height\":334,\"caption\":\"About Us\"},{\"@type\":\"WebPage\",\"@id\":\"https:\/\/manu015.supserv.cozmoslabs.com\/about-us\/#webpage\",\"url\":\"https:\/\/manu015.supserv.cozmoslabs.com\/about-us\/\",\"name\":\"Learn more about our taxi company - Your Private Driver\",\"isPartOf\":{\"@id\":\"https:\/\/manu015.supserv.cozmoslabs.com\/#website\"},\"primaryImageOfPage\":{\"@id\":\"https:\/\/manu015.supserv.cozmoslabs.com\/about-us\/#primaryimage\"},\"datePublished\":\"2020-10-31T13:03:15+00:00\",\"dateModified\":\"2020-11-13T07:50:29+00:00\",\"description\":\"Your Private Driver is taxi company founded in early 2016. We provide taxi service in Brussels and to BRU and CRL airports.\",\"breadcrumb\":{\"@id\":\"https:\/\/manu015.supserv.cozmoslabs.com\/about-us\/#breadcrumb\"},\"inLanguage\":\"nl\",\"potentialAction\":[{\"@type\":\"ReadAction\",\"target\":[\"https:\/\/manu015.supserv.cozmoslabs.com\/about-us\/\"]}]},{\"@type\":\"BreadcrumbList\",\"@id\":\"https:\/\/manu015.supserv.cozmoslabs.com\/about-us\/#breadcrumb\",\"itemListElement\":[{\"@type\":\"ListItem\",\"position\":1,\"name\":\"Home\",\"item\":\"https:\/\/manu015.supserv.cozmoslabs.com\/\"},{\"@type\":\"ListItem\",\"position\":2,\"name\":\"About Us\"}]}]}<\/script>\n<!-- \/ Yoast SEO plugin. -->","yoast_head_json":{"title":"Learn more about our taxi company - Your Private Driver","description":"Your Private Driver is taxi company founded in early 2016. We provide taxi service in Brussels and to BRU and CRL airports.","robots":{"index":"index","follow":"follow","max-snippet":"max-snippet:-1","max-image-preview":"max-image-preview:large","max-video-preview":"max-video-preview:-1"},"canonical":"https:\/\/manu015.supserv.cozmoslabs.com\/nl\/about-us\/","og_locale":"nl_NL","og_type":"article","og_title":"Learn more about our taxi company - Your Private Driver","og_description":"Your Private Driver is taxi company founded in early 2016. We provide taxi service in Brussels and to BRU and CRL airports.","og_url":"https:\/\/manu015.supserv.cozmoslabs.com\/nl\/about-us\/","og_site_name":"Your Private Driver","article_publisher":"https:\/\/www.facebook.com\/yourprivatedriverbrussels","article_modified_time":"2020-11-13T07:50:29+00:00","og_image":[{"width":854,"height":334,"url":"https:\/\/manu015.supserv.cozmoslabs.com\/wp-content\/uploads\/2020\/11\/about.jpg","type":"image\/jpeg"}],"twitter_card":"summary_large_image","twitter_site":"@privatedriverbx","twitter_misc":{"Geschatte leestijd":"5 minuten"},"schema":{"@context":"https:\/\/schema.org","@graph":[{"@type":"Organization","@id":"https:\/\/manu015.supserv.cozmoslabs.com\/#organization","name":"Your Private Driver","url":"https:\/\/manu015.supserv.cozmoslabs.com\/","sameAs":["https:\/\/www.facebook.com\/yourprivatedriverbrussels","https:\/\/www.instagram.com\/taxibrusselsairport\/","https:\/\/www.linkedin.com\/company\/yourprivatedriver\/","https:\/\/www.youtube.com\/channel\/UCdFj5lm3qhOZWz_Rz0yupVA","https:\/\/www.pinterest.fr\/pin\/704672672920362864\/","https:\/\/twitter.com\/privatedriverbx"],"logo":{"@type":"ImageObject","@id":"https:\/\/manu015.supserv.cozmoslabs.com\/#logo","inLanguage":"nl","url":"","contentUrl":"","caption":"Your Private Driver"},"image":{"@id":"https:\/\/manu015.supserv.cozmoslabs.com\/#logo"}},{"@type":"WebSite","@id":"https:\/\/manu015.supserv.cozmoslabs.com\/#website","url":"https:\/\/manu015.supserv.cozmoslabs.com\/","name":"Your Private Driver","description":"Taxi Brussels airport - Taxi Charleroi airport","publisher":{"@id":"https:\/\/manu015.supserv.cozmoslabs.com\/#organization"},"potentialAction":[{"@type":"SearchAction","target":{"@type":"EntryPoint","urlTemplate":"https:\/\/manu015.supserv.cozmoslabs.com\/?s={search_term_string}"},"query-input":"required name=search_term_string"}],"inLanguage":"nl"},{"@type":"ImageObject","@id":"https:\/\/manu015.supserv.cozmoslabs.com\/about-us\/#primaryimage","inLanguage":"nl","url":"https:\/\/manu015.supserv.cozmoslabs.com\/wp-content\/uploads\/2020\/11\/about.jpg","contentUrl":"https:\/\/manu015.supserv.cozmoslabs.com\/wp-content\/uploads\/2020\/11\/about.jpg","width":854,"height":334,"caption":"About Us"},{"@type":"WebPage","@id":"https:\/\/manu015.supserv.cozmoslabs.com\/about-us\/#webpage","url":"https:\/\/manu015.supserv.cozmoslabs.com\/about-us\/","name":"Learn more about our taxi company - Your Private Driver","isPartOf":{"@id":"https:\/\/manu015.supserv.cozmoslabs.com\/#website"},"primaryImageOfPage":{"@id":"https:\/\/manu015.supserv.cozmoslabs.com\/about-us\/#primaryimage"},"datePublished":"2020-10-31T13:03:15+00:00","dateModified":"2020-11-13T07:50:29+00:00","description":"Your Private Driver is taxi company founded in early 2016. We provide taxi service in Brussels and to BRU and CRL airports.","breadcrumb":{"@id":"https:\/\/manu015.supserv.cozmoslabs.com\/about-us\/#breadcrumb"},"inLanguage":"nl","potentialAction":[{"@type":"ReadAction","target":["https:\/\/manu015.supserv.cozmoslabs.com\/about-us\/"]}]},{"@type":"BreadcrumbList","@id":"https:\/\/manu015.supserv.cozmoslabs.com\/about-us\/#breadcrumb","itemListElement":[{"@type":"ListItem","position":1,"name":"Home","item":"https:\/\/manu015.supserv.cozmoslabs.com\/"},{"@type":"ListItem","position":2,"name":"About Us"}]}]}},"_links":{"self":[{"href":"https:\/\/manu015.supserv.cozmoslabs.com\/nl\/wp-json\/wp\/v2\/pages\/7018"}],"collection":[{"href":"https:\/\/manu015.supserv.cozmoslabs.com\/nl\/wp-json\/wp\/v2\/pages"}],"about":[{"href":"https:\/\/manu015.supserv.cozmoslabs.com\/nl\/wp-json\/wp\/v2\/types\/page"}],"author":[{"embeddable":true,"href":"https:\/\/manu015.supserv.cozmoslabs.com\/nl\/wp-json\/wp\/v2\/users\/1"}],"replies":[{"embeddable":true,"href":"https:\/\/manu015.supserv.cozmoslabs.com\/nl\/wp-json\/wp\/v2\/comments?post=7018"}],"version-history":[{"count":0,"href":"https:\/\/manu015.supserv.cozmoslabs.com\/nl\/wp-json\/wp\/v2\/pages\/7018\/revisions"}],"wp:featuredmedia":[{"embeddable":true,"href":"https:\/\/manu015.supserv.cozmoslabs.com\/nl\/wp-json\/wp\/v2\/media\/7659"}],"wp:attachment":[{"href":"https:\/\/manu015.supserv.cozmoslabs.com\/nl\/wp-json\/wp\/v2\/media?parent=7018"}],"curies":[{"name":"wp","href":"https:\/\/api.w.org\/{rel}","templated":true}]}}