{"id":7146,"date":"2020-11-01T14:01:43","date_gmt":"2020-11-01T14:01:43","guid":{"rendered":"https:\/\/manu015.supserv.cozmoslabs.com\/?page_id=7146"},"modified":"2020-11-13T08:27:03","modified_gmt":"2020-11-13T08:27:03","slug":"taxi-tomorrowland-festival","status":"publish","type":"page","link":"https:\/\/manu015.supserv.cozmoslabs.com\/it\/taxi-tomorrowland-festival\/","title":{"rendered":"Taxi tomorrowland festival"},"content":{"rendered":"<div  class=\"one withsmallpadding ppb_text\" style=\"text-align:left;padding:40px 0 40px 0;\" >\n<div class=\"standard_wrapper\">\n<div class=\"page_content_wrapper\">\n<div class=\"inner\">\n<div style=\"margin:auto;width:100%\">\n<h1 style=\"text-align: center;\">Taxi Tomorrowland<\/h1>\n<iframe src=\"https:\/\/manu015.supserv.cozmoslabs.com\/eto\/?site_key=9ea3cb480ae5c09e26a20fb697ce8ee6\" name=\"eto-iframe\" id=\"eto-iframe-33376\" class=\"eto-iframe\" width=\"100%\" scrolling=\"no\" allow=\"geolocation\">Questa opzione non funziona correttamente. Sfortunatamente, il tuo browser non supporta gli Inline Frame.<\/iframe>\n<style type=\"text\/css\">iframe#eto-iframe-33376 { width:1px; min-width:100%; border:0; }<\/style>\n<script type=\"text\/javascript\" async defer> (function() { var etoWidgetData = { checkTimeout: 100, dynamicIframe: 0, googlePageSpeed: 0, googlePageSpeedLoadDelay: 6000, loadDelay: 0, }; function etoWidgetInit() { if (etoWidgetData.dynamicIframe) { var etoWidgetContainer = document.getElementById('eto-widget-container-eto-iframe-33376'); if (etoWidgetContainer) { etoWidgetContainer.innerHTML = '<iframe src=\"https:\/\/manu015.supserv.cozmoslabs.com\/eto\/?site_key=9ea3cb480ae5c09e26a20fb697ce8ee6\" name=\"eto-iframe\" id=\"eto-iframe-33376\" class=\"eto-iframe\" width=\"100%\" scrolling=\"no\" allow=\"geolocation\">This option will not work correctly. Unfortunately, your browser does not support inline frames.<\/iframe>'; } } iFrameResize({ log: false, targetOrigin: '*', checkOrigin: false, }, \"iframe#eto-iframe-33376\"); } function etoWidgetReady() { setTimeout(function() { etoWidgetData.checkTimeout--; if (typeof iFrameResize !== 'undefined') { etoWidgetInit(); } else if (etoWidgetData.checkTimeout > 0) { etoWidgetReady(); console.log('Library not loaded, checking again.'); } else { console.log('External library failed to load.'); } }, 100); }; if (etoWidgetData.loadDelay) { setTimeout(function() { etoWidgetReady(); }, etoWidgetData.loadDelay); } else { etoWidgetReady(); } })(); <\/script>\n\n<p>Forniamo servizi di taxi dalla citt\u00e0 di Bruxelles a Tomorrowland festival e Dreamville a Boom. Inoltre abbiamo un taxi dall&#39;aeroporto di Bruxelles a Tomorrowland festival e Dreamville Boom. Per favore, vieni da noi per un taxi dall&#39;aeroporto di Charleroi al Tomorrowland festival e Dreamville a Boom. I nostri autisti ti porteranno in taxi da Anversa al festival Tomorrowland e al campo Dreamville a Boom. La nostra azienda ha un servizio taxi da Mechelen e Machelen al festival Tomorrowland e al campo Dreamville. Abbiamo un taxi da Meise al festival Tomorrowland e al campo Dreamville. Abbiamo un taxi da qualsiasi hotel a Bruxelles per Tomorrowland festival e Dreamville.<\/p>\n<h2>Cosa devi sapere sul festival Tomorrowland a Boom, Bruxelles<\/h2>\n<p><a href=\"https:\/\/www.tomorrowland.com\/en\/festival\/welcome\" target=\"_blank\" rel=\"noopener noreferrer\">Tomorrowland <\/a>\u00e8 un festival di musica elettronica organizzato nel luglio di ogni anno su un sito speciale del comune di De Schorre a Boom e questo si trova nella provincia di Anversa, in Belgio.<br \/>\nIl festival Tomorrowland \u00e8 apparso nel 2003, Questo era su un&#39;idea di due fratelli e cio\u00e8: Manu e Michiel Beers. Questi sono gli organizzatori degli eventi di musica elettronica olandesi ID&amp;T (riconosciuti per famosi festival come Mystery Land, Sensation e Thunderdome). Hanno acquistato 50% delle azioni nel 2004 (prima di rivenderle dodici anni dopo), poi la prima edizione del festival \u00e8 stata organizzata nel 2005. Nel 2013, il concept \u00e8 stato rapidamente esportato negli Stati Uniti vicino ad Atlanta e per l&#39;occasione \u00e8 diventato TomorrowWorld. Due anni dopo, nel 2015, si \u00e8 tenuto un festival chiamato Tomorrowland in un paese terzo, il Brasile. Nel 2019, il festival belga allestisce Tomorrowland Winter in Francia, in montagna, all&#39;Alpe d&#39;Huez.<br \/>\nTomorrowland ha contato, nel 2012, la partecipazione di oltre 365 disc jockey, con circa 180.000 visitatori a questa edizione da 75 paesi diversi. Negli anni successivi, il numero dei partecipanti al festival \u00e8 rimasto stabile, ma sono state rappresentate sempre pi\u00f9 nazionalit\u00e0, fino al 2004. \u00c8 stato eletto tre volte di seguito come &quot;miglior evento musicale dell&#39;anno&quot; alla Winter Music Conference e la sua reputazione \u00e8 in modo tale che alcuni video pubblicati dall&#39;organizzazione superino i cento milioni di visualizzazioni. Oggi rimane il &quot;festival di musica elettronica pi\u00f9 conosciuto al mondo&quot;. Impiega 80 persone tutto l&#39;anno per l&#39;organizzazione e 12.000 persone durante l&#39;evento.<\/p>\n<h2>Tomorrowland \u00e8 il miglior festival di musica dance elettronica (EDM)<\/h2>\n<p>Dobbiamo ancora presentare Tomorrowland, il pi\u00f9 grande festival di danza al mondo? Ogni anno ospita un programma della crema di DJ dance nella citt\u00e0 belga di Boom.<\/p>\n<p>Una scommessa sicura per l&#39;elettronica, il festival riceve il meglio di EDM, house, techno e hardstyle, come dimostrato dalle sue precedenti edizioni, che hanno visto in particolare The Chainsmokers, Carl Cox, Martin Garrix, Armin van Buuren e Ti\u00ebsto spingere sui giradischi.<\/p>\n<p>Gli appassionati di EDM, house, techno e hardstyle sanno gi\u00e0 che troveranno il meglio solo nell&#39;elettronica, come The Chainsmokers, Carl Cox, Martin Garrix, Armin van Buuren o Ti\u00ebsto, sui giradischi nelle precedenti edizioni.<\/p>\n<p>Basta parlare dell&#39;incredibile design dei palchi, delle produzioni spettacolari e delle sorprese insolite per capire perch\u00e9 i biglietti per Tomorrowland si esauriscono a tempo di record ogni anno!<\/p>\n<p>Una vera Mecca per gli appassionati di danza, Tomorrowland promette a tutti i partecipanti al festival di immergersi nel suo mondo magico e mitologico. Un evento assolutamente essenziale !!!!<\/p>\n<p>Puoi controllare questo <a href=\"https:\/\/manu015.supserv.cozmoslabs.com\/terms-and-conditions\/\">pagina per i nostri termini e condizioni.<\/a><\/p>\n<\/div>\n<\/div>\n<\/div>\n<\/div>\n<\/div>","protected":false},"excerpt":{"rendered":"<p>Taxi Tomorrowland We provide taxi services to from Brussels city to Tomorrowland festival and Dreamville in Boom. Besides we have a taxi from Brussels airport to Tomorrowland festival and Dreamville Boom. Please come to us for a taxi from Charleroi [&hellip;]<\/p>","protected":false},"author":1,"featured_media":7149,"parent":0,"menu_order":0,"comment_status":"closed","ping_status":"closed","template":"","meta":[],"yoast_head":"<!-- This site is optimized with the Yoast SEO plugin v18.4.1 - https:\/\/yoast.com\/wordpress\/plugins\/seo\/ -->\n<title>Taxi tomorrowland festival &amp; Dreamvile camp- Your Private Driver<\/title>\n<meta name=\"description\" content=\"Taxi to Tomorrowland festival and Dreamville camp. Official taxi company for Tomorrowland music festval. from airport and hotel to festival.\" \/>\n<meta name=\"robots\" content=\"index, follow, max-snippet:-1, max-image-preview:large, max-video-preview:-1\" \/>\n<link rel=\"canonical\" href=\"https:\/\/manu015.supserv.cozmoslabs.com\/it\/taxi-tomorrowland-festival\/\" \/>\n<meta property=\"og:locale\" content=\"it_IT\" \/>\n<meta property=\"og:type\" content=\"article\" \/>\n<meta property=\"og:title\" content=\"Taxi tomorrowland festival &amp; Dreamvile camp- Your Private Driver\" \/>\n<meta property=\"og:description\" content=\"Taxi to Tomorrowland festival and Dreamville camp. Official taxi company for Tomorrowland music festval. from airport and hotel to festival.\" \/>\n<meta property=\"og:url\" content=\"https:\/\/manu015.supserv.cozmoslabs.com\/it\/taxi-tomorrowland-festival\/\" \/>\n<meta property=\"og:site_name\" content=\"Your Private Driver\" \/>\n<meta property=\"article:publisher\" content=\"https:\/\/www.facebook.com\/yourprivatedriverbrussels\" \/>\n<meta property=\"article:modified_time\" content=\"2020-11-13T08:27:03+00:00\" \/>\n<meta property=\"og:image\" content=\"https:\/\/manu015.supserv.cozmoslabs.com\/wp-content\/uploads\/2020\/11\/Tomorrowland-Boom-Brussels-Festival.jpeg\" \/>\n\t<meta property=\"og:image:width\" content=\"640\" \/>\n\t<meta property=\"og:image:height\" content=\"480\" \/>\n\t<meta property=\"og:image:type\" content=\"image\/jpeg\" \/>\n<meta name=\"twitter:card\" content=\"summary_large_image\" \/>\n<meta name=\"twitter:site\" content=\"@privatedriverbx\" \/>\n<meta name=\"twitter:label1\" content=\"Tempo di lettura stimato\" \/>\n\t<meta name=\"twitter:data1\" content=\"3 minuti\" \/>\n<script type=\"application\/ld+json\" class=\"yoast-schema-graph\">{\"@context\":\"https:\/\/schema.org\",\"@graph\":[{\"@type\":\"Organization\",\"@id\":\"https:\/\/manu015.supserv.cozmoslabs.com\/#organization\",\"name\":\"Your Private Driver\",\"url\":\"https:\/\/manu015.supserv.cozmoslabs.com\/\",\"sameAs\":[\"https:\/\/www.facebook.com\/yourprivatedriverbrussels\",\"https:\/\/www.instagram.com\/taxibrusselsairport\/\",\"https:\/\/www.linkedin.com\/company\/yourprivatedriver\/\",\"https:\/\/www.youtube.com\/channel\/UCdFj5lm3qhOZWz_Rz0yupVA\",\"https:\/\/www.pinterest.fr\/pin\/704672672920362864\/\",\"https:\/\/twitter.com\/privatedriverbx\"],\"logo\":{\"@type\":\"ImageObject\",\"@id\":\"https:\/\/manu015.supserv.cozmoslabs.com\/#logo\",\"inLanguage\":\"it-IT\",\"url\":\"\",\"contentUrl\":\"\",\"caption\":\"Your Private Driver\"},\"image\":{\"@id\":\"https:\/\/manu015.supserv.cozmoslabs.com\/#logo\"}},{\"@type\":\"WebSite\",\"@id\":\"https:\/\/manu015.supserv.cozmoslabs.com\/#website\",\"url\":\"https:\/\/manu015.supserv.cozmoslabs.com\/\",\"name\":\"Your Private Driver\",\"description\":\"Taxi Brussels airport - Taxi Charleroi airport\",\"publisher\":{\"@id\":\"https:\/\/manu015.supserv.cozmoslabs.com\/#organization\"},\"potentialAction\":[{\"@type\":\"SearchAction\",\"target\":{\"@type\":\"EntryPoint\",\"urlTemplate\":\"https:\/\/manu015.supserv.cozmoslabs.com\/?s={search_term_string}\"},\"query-input\":\"required name=search_term_string\"}],\"inLanguage\":\"it-IT\"},{\"@type\":\"ImageObject\",\"@id\":\"https:\/\/manu015.supserv.cozmoslabs.com\/taxi-tomorrowland-festival\/#primaryimage\",\"inLanguage\":\"it-IT\",\"url\":\"https:\/\/manu015.supserv.cozmoslabs.com\/wp-content\/uploads\/2020\/11\/Tomorrowland-Boom-Brussels-Festival.jpeg\",\"contentUrl\":\"https:\/\/manu015.supserv.cozmoslabs.com\/wp-content\/uploads\/2020\/11\/Tomorrowland-Boom-Brussels-Festival.jpeg\",\"width\":640,\"height\":480,\"caption\":\"Tomorrowland Festival\"},{\"@type\":\"WebPage\",\"@id\":\"https:\/\/manu015.supserv.cozmoslabs.com\/taxi-tomorrowland-festival\/#webpage\",\"url\":\"https:\/\/manu015.supserv.cozmoslabs.com\/taxi-tomorrowland-festival\/\",\"name\":\"Taxi tomorrowland festival & Dreamvile camp- Your Private Driver\",\"isPartOf\":{\"@id\":\"https:\/\/manu015.supserv.cozmoslabs.com\/#website\"},\"primaryImageOfPage\":{\"@id\":\"https:\/\/manu015.supserv.cozmoslabs.com\/taxi-tomorrowland-festival\/#primaryimage\"},\"datePublished\":\"2020-11-01T14:01:43+00:00\",\"dateModified\":\"2020-11-13T08:27:03+00:00\",\"description\":\"Taxi to Tomorrowland festival and Dreamville camp. Official taxi company for Tomorrowland music festval. from airport and hotel to festival.\",\"breadcrumb\":{\"@id\":\"https:\/\/manu015.supserv.cozmoslabs.com\/taxi-tomorrowland-festival\/#breadcrumb\"},\"inLanguage\":\"it-IT\",\"potentialAction\":[{\"@type\":\"ReadAction\",\"target\":[\"https:\/\/manu015.supserv.cozmoslabs.com\/taxi-tomorrowland-festival\/\"]}]},{\"@type\":\"BreadcrumbList\",\"@id\":\"https:\/\/manu015.supserv.cozmoslabs.com\/taxi-tomorrowland-festival\/#breadcrumb\",\"itemListElement\":[{\"@type\":\"ListItem\",\"position\":1,\"name\":\"Home\",\"item\":\"https:\/\/manu015.supserv.cozmoslabs.com\/\"},{\"@type\":\"ListItem\",\"position\":2,\"name\":\"Taxi tomorrowland festival\"}]}]}<\/script>\n<!-- \/ Yoast SEO plugin. -->","yoast_head_json":{"title":"Taxi tomorrowland festival & Dreamvile camp- Your Private Driver","description":"Taxi to Tomorrowland festival and Dreamville camp. Official taxi company for Tomorrowland music festval. from airport and hotel to festival.","robots":{"index":"index","follow":"follow","max-snippet":"max-snippet:-1","max-image-preview":"max-image-preview:large","max-video-preview":"max-video-preview:-1"},"canonical":"https:\/\/manu015.supserv.cozmoslabs.com\/it\/taxi-tomorrowland-festival\/","og_locale":"it_IT","og_type":"article","og_title":"Taxi tomorrowland festival & Dreamvile camp- Your Private Driver","og_description":"Taxi to Tomorrowland festival and Dreamville camp. Official taxi company for Tomorrowland music festval. from airport and hotel to festival.","og_url":"https:\/\/manu015.supserv.cozmoslabs.com\/it\/taxi-tomorrowland-festival\/","og_site_name":"Your Private Driver","article_publisher":"https:\/\/www.facebook.com\/yourprivatedriverbrussels","article_modified_time":"2020-11-13T08:27:03+00:00","og_image":[{"width":640,"height":480,"url":"https:\/\/manu015.supserv.cozmoslabs.com\/wp-content\/uploads\/2020\/11\/Tomorrowland-Boom-Brussels-Festival.jpeg","type":"image\/jpeg"}],"twitter_card":"summary_large_image","twitter_site":"@privatedriverbx","twitter_misc":{"Tempo di lettura stimato":"3 minuti"},"schema":{"@context":"https:\/\/schema.org","@graph":[{"@type":"Organization","@id":"https:\/\/manu015.supserv.cozmoslabs.com\/#organization","name":"Your Private Driver","url":"https:\/\/manu015.supserv.cozmoslabs.com\/","sameAs":["https:\/\/www.facebook.com\/yourprivatedriverbrussels","https:\/\/www.instagram.com\/taxibrusselsairport\/","https:\/\/www.linkedin.com\/company\/yourprivatedriver\/","https:\/\/www.youtube.com\/channel\/UCdFj5lm3qhOZWz_Rz0yupVA","https:\/\/www.pinterest.fr\/pin\/704672672920362864\/","https:\/\/twitter.com\/privatedriverbx"],"logo":{"@type":"ImageObject","@id":"https:\/\/manu015.supserv.cozmoslabs.com\/#logo","inLanguage":"it-IT","url":"","contentUrl":"","caption":"Your Private Driver"},"image":{"@id":"https:\/\/manu015.supserv.cozmoslabs.com\/#logo"}},{"@type":"WebSite","@id":"https:\/\/manu015.supserv.cozmoslabs.com\/#website","url":"https:\/\/manu015.supserv.cozmoslabs.com\/","name":"Your Private Driver","description":"Taxi Brussels airport - Taxi Charleroi airport","publisher":{"@id":"https:\/\/manu015.supserv.cozmoslabs.com\/#organization"},"potentialAction":[{"@type":"SearchAction","target":{"@type":"EntryPoint","urlTemplate":"https:\/\/manu015.supserv.cozmoslabs.com\/?s={search_term_string}"},"query-input":"required name=search_term_string"}],"inLanguage":"it-IT"},{"@type":"ImageObject","@id":"https:\/\/manu015.supserv.cozmoslabs.com\/taxi-tomorrowland-festival\/#primaryimage","inLanguage":"it-IT","url":"https:\/\/manu015.supserv.cozmoslabs.com\/wp-content\/uploads\/2020\/11\/Tomorrowland-Boom-Brussels-Festival.jpeg","contentUrl":"https:\/\/manu015.supserv.cozmoslabs.com\/wp-content\/uploads\/2020\/11\/Tomorrowland-Boom-Brussels-Festival.jpeg","width":640,"height":480,"caption":"Tomorrowland Festival"},{"@type":"WebPage","@id":"https:\/\/manu015.supserv.cozmoslabs.com\/taxi-tomorrowland-festival\/#webpage","url":"https:\/\/manu015.supserv.cozmoslabs.com\/taxi-tomorrowland-festival\/","name":"Taxi tomorrowland festival & Dreamvile camp- Your Private Driver","isPartOf":{"@id":"https:\/\/manu015.supserv.cozmoslabs.com\/#website"},"primaryImageOfPage":{"@id":"https:\/\/manu015.supserv.cozmoslabs.com\/taxi-tomorrowland-festival\/#primaryimage"},"datePublished":"2020-11-01T14:01:43+00:00","dateModified":"2020-11-13T08:27:03+00:00","description":"Taxi to Tomorrowland festival and Dreamville camp. Official taxi company for Tomorrowland music festval. from airport and hotel to festival.","breadcrumb":{"@id":"https:\/\/manu015.supserv.cozmoslabs.com\/taxi-tomorrowland-festival\/#breadcrumb"},"inLanguage":"it-IT","potentialAction":[{"@type":"ReadAction","target":["https:\/\/manu015.supserv.cozmoslabs.com\/taxi-tomorrowland-festival\/"]}]},{"@type":"BreadcrumbList","@id":"https:\/\/manu015.supserv.cozmoslabs.com\/taxi-tomorrowland-festival\/#breadcrumb","itemListElement":[{"@type":"ListItem","position":1,"name":"Home","item":"https:\/\/manu015.supserv.cozmoslabs.com\/"},{"@type":"ListItem","position":2,"name":"Taxi tomorrowland festival"}]}]}},"_links":{"self":[{"href":"https:\/\/manu015.supserv.cozmoslabs.com\/it\/wp-json\/wp\/v2\/pages\/7146"}],"collection":[{"href":"https:\/\/manu015.supserv.cozmoslabs.com\/it\/wp-json\/wp\/v2\/pages"}],"about":[{"href":"https:\/\/manu015.supserv.cozmoslabs.com\/it\/wp-json\/wp\/v2\/types\/page"}],"author":[{"embeddable":true,"href":"https:\/\/manu015.supserv.cozmoslabs.com\/it\/wp-json\/wp\/v2\/users\/1"}],"replies":[{"embeddable":true,"href":"https:\/\/manu015.supserv.cozmoslabs.com\/it\/wp-json\/wp\/v2\/comments?post=7146"}],"version-history":[{"count":0,"href":"https:\/\/manu015.supserv.cozmoslabs.com\/it\/wp-json\/wp\/v2\/pages\/7146\/revisions"}],"wp:featuredmedia":[{"embeddable":true,"href":"https:\/\/manu015.supserv.cozmoslabs.com\/it\/wp-json\/wp\/v2\/media\/7149"}],"wp:attachment":[{"href":"https:\/\/manu015.supserv.cozmoslabs.com\/it\/wp-json\/wp\/v2\/media?parent=7146"}],"curies":[{"name":"wp","href":"https:\/\/api.w.org\/{rel}","templated":true}]}}