{"id":7136,"date":"2020-11-01T13:08:53","date_gmt":"2020-11-01T13:08:53","guid":{"rendered":"https:\/\/manu015.supserv.cozmoslabs.com\/?page_id=7136"},"modified":"2021-01-14T12:34:05","modified_gmt":"2021-01-14T12:34:05","slug":"taxi-brussels","status":"publish","type":"page","link":"https:\/\/manu015.supserv.cozmoslabs.com\/it\/taxi-brussels\/","title":{"rendered":"Taxi Bruxelles"},"content":{"rendered":"<div  class=\"one withsmallpadding ppb_text\" style=\"text-align:left;padding:30px 0 30px 0;\" >\n<div class=\"standard_wrapper\">\n<div class=\"page_content_wrapper\">\n<div class=\"inner\">\n<div style=\"margin:auto;width:100%\">\n<h1>Taxi citt\u00e0 di Bruxelles<\/h1>\n<p><iframe src=\"https:\/\/manu015.supserv.cozmoslabs.com\/eto\/?site_key=9ea3cb480ae5c09e26a20fb697ce8ee6\" name=\"eto-iframe\" id=\"eto-iframe-42620\" class=\"eto-iframe\" width=\"100%\" scrolling=\"no\" allow=\"geolocation\">Questa opzione non funziona correttamente. Sfortunatamente, il tuo browser non supporta gli Inline Frame.<\/iframe>\n<style type=\"text\/css\">iframe#eto-iframe-42620 { width:1px; min-width:100%; border:0; }<\/style>\n<script type=\"text\/javascript\" async defer> (function() { var etoWidgetData = { checkTimeout: 100, dynamicIframe: 0, googlePageSpeed: 0, googlePageSpeedLoadDelay: 6000, loadDelay: 0, }; function etoWidgetInit() { if (etoWidgetData.dynamicIframe) { var etoWidgetContainer = document.getElementById('eto-widget-container-eto-iframe-42620'); if (etoWidgetContainer) { etoWidgetContainer.innerHTML = '<iframe src=\"https:\/\/manu015.supserv.cozmoslabs.com\/eto\/?site_key=9ea3cb480ae5c09e26a20fb697ce8ee6\" name=\"eto-iframe\" id=\"eto-iframe-42620\" class=\"eto-iframe\" width=\"100%\" scrolling=\"no\" allow=\"geolocation\">This option will not work correctly. Unfortunately, your browser does not support inline frames.<\/iframe>'; } } iFrameResize({ log: false, targetOrigin: '*', checkOrigin: false, }, \"iframe#eto-iframe-42620\"); } function etoWidgetReady() { setTimeout(function() { etoWidgetData.checkTimeout--; if (typeof iFrameResize !== 'undefined') { etoWidgetInit(); } else if (etoWidgetData.checkTimeout > 0) { etoWidgetReady(); console.log('Library not loaded, checking again.'); } else { console.log('External library failed to load.'); } }, 100); }; if (etoWidgetData.loadDelay) { setTimeout(function() { etoWidgetReady(); }, etoWidgetData.loadDelay); } else { etoWidgetReady(); } })(); <\/script>\n<br \/>\nForniamo un servizio taxi affidabile a Bruxelles. Il nostro servizio taxi pu\u00f2 portarti da Bruxelles a qualsiasi parte del Belgio. Ad esempio, abbiamo un taxi per Bruges, un taxi per Gand e un taxi per Anversa.<\/p>\n<h2>Taxi dalla citt\u00e0 di Bruxelles agli aeroporti<\/h2>\n<ul>\n<li>Taxi da Bruxelles all&#39;aeroporto di Anversa<\/li>\n<li>Taxi da Bruxelles all&#39;aeroporto di Ostenda<\/li>\n<li>Taxi da Bruxelles all&#39;aeroporto di Parigi Roissy Charles de Gaulle, Parigi Orly e Parigi Chessy Disneyland.<\/li>\n<li>Taxi da Bruxelles all&#39;aeroporto di Colonia, Bonn in Germania<\/li>\n<li>Taxi da Bruxelles a <a href=\"https:\/\/www.schiphol.nl\/en\/\" target=\"_blank\" rel=\"noopener\">Aeroporto di Amsterdam Schiphol nei Paesi Bassi<\/a><\/li>\n<li>Taxi da Bruxelles all&#39;aeroporto di Lille in Francia<\/li>\n<li>Taxi da Bruxelles all&#39;aeroporto di Eindhoven nei Paesi Bassi<\/li>\n<li>Taxi da Bruxelles all&#39;aeroporto di D\u00fcsseldorf in Germania<\/li>\n<li>Taxi da Bruxelles all&#39;aeroporto di Londra Heathrow<\/li>\n<li>Taxi da Bruxelles all&#39;aeroporto di Francoforte in Germania<\/li>\n<li>Taxi da Bruxelles all&#39;aeroporto di Londra Gatwick<\/li>\n<li>Taxi da Bruxelles all&#39;aeroporto Franz Josef Strauss di Monaco in Germania<\/li>\n<li>Taxi da Bruxelles all&#39;aeroporto internazionale di Zurigo in Svizzera<\/li>\n<li>Taxi da Bruxelles all&#39;aeroporto Helmut-Schmidt di Amburgo<\/li>\n<li>Taxi da Bruxelles all&#39;aeroporto internazionale di Ginevra in Svizzera<\/li>\n<li>Taxi da Bruxelles all&#39;aeroporto di Stoccarda in Germania<\/li>\n<\/ul>\n<h3>Taxi da Charleroi agli aeroporti<\/h3>\n<ul>\n<li>Taxi da Charleroi all&#39;aeroporto di Anversa<\/li>\n<li>Taxi da Charleroi all&#39;aeroporto di Ostenda<\/li>\n<li>Taxi Charleroi per l&#39;aeroporto di Parigi Roissy Charles de Gaulle, Parigi Orly e Parigi Chessy Disneyland.<\/li>\n<li>Taxi da Charleroi all&#39;aeroporto di Colonia, Bonn in Germania<\/li>\n<li>Taxi da Charleroi all&#39;aeroporto di Amsterdam Schiphol nei Paesi Bassi<\/li>\n<li>Taxi da Charleroi all&#39;aeroporto di Lille in Francia<\/li>\n<li>Taxi da Charleroi all&#39;aeroporto di Eindhoven nei Paesi Bassi<\/li>\n<li>Taxi da Charleroi all&#39;aeroporto di D\u00fcsseldorf in Germania<\/li>\n<li>Taxi da Charleroi all&#39;aeroporto di Londra Heathrow<\/li>\n<li>Taxi da Charleroi all&#39;aeroporto di Francoforte in Germania<\/li>\n<li>Taxi da Charleroi all&#39;aeroporto di Londra Gatwick<\/li>\n<li>Taxi da Charleroi all&#39;aeroporto Franz Josef Strauss di Monaco, Germania<\/li>\n<li>Taxi da Charleroi all&#39;aeroporto internazionale di Zurigo in Svizzera<\/li>\n<li>Taxi da Charleroi all&#39;aeroporto Helmut-Schmidt di Amburgo<\/li>\n<li>Taxi da Charleroi all&#39;aeroporto internazionale di Ginevra in Svizzera<\/li>\n<li>Taxi da Charleroi all&#39;aeroporto di Stoccarda in Germania<\/li>\n<\/ul>\n<h2>Taxi da Bruxelles ad Anversa, Bruges, Gand e altre citt\u00e0 d&#39;Europa<\/h2>\n<p>Abbiamo un taxi da Bruxelles a Bucarest, un taxi da Bruxelles a Budapest, un taxi da Bruxelles ad Amburgo, un taxi da Bruxelles a Barcellona, un taxi da Bruxelles a Monaco di Baviera. Forniamo un taxi da Bruxelles a Berna, un taxi da Bruxelles a Bonn, un taxi da Bruxelles a Berlino, un taxi da Bruxelles a Bordeaux, un taxi da Bruxelles a Boom. Offriamo un taxi da Bruxelles al Louvre e un taxi da Bruxelles a Roma. Vieni a prendere un taxi da Bruxelles a Ciney, un taxi da Bruxelles a Turnhout, un taxi da Bruxelles a Dinant. Puoi prenotare un taxi da Bruxelles a Namur, un taxi da Bruxelles a Ostenda, un taxi da Bruxelles a Londra e un taxi da Bruxelles a Liegi. Conta sul nostro comodo taxi da Bruxelles al Lussemburgo e, infine, in taxi da Bruxelles a Maastricht nei Paesi Bassi.<\/p>\n<p>Abbiamo un taxi economico da Bruxelles a Utrecht, un taxi da Bruxelles a L&#39;Aia, un taxi da Bruxelles a Rotterdam. Offriamo un buon servizio taxi da Bruxelles a Colonia, un taxi da Bruxelles a D\u00fcsseldorf.<br \/>\nGarantiamo un taxi da Bruxelles a diverse sedi di festival musicali a Parigi, Bruges, Anversa e Gand. Ti offriamo un taxi da Bruxelles a varie sale da concerto come Ancienne Belgique, Antwerp Sport Paleis, Forest National, Brussels Royal Circus, Tomorrowland festival, Magic Land Theatre a Schaerbeek e KVS Theatre.<\/p>\n<h2>Taxi Bruges<\/h2>\n<p>Abbiamo molti tassisti con sede a Bruges. Pertanto, puoi sempre contare su di noi per portarti in taxi da Bruges a Bruxelles o nel nostro taxi da Bruges all&#39;aeroporto di Bruxelles Zaventem. Contate sui nostri servizi per il vostro taxi da Bruges all&#39;aeroporto di Charleroi.<\/p>\n<p>Se vuoi andare in taxi da Bruges ad Amsterdam o all&#39;aeroporto di Amsterdam Schiphol, o se vuoi semplicemente usare il nostro taxi da Bruges a Parigi la capitale, Parigi CDG Roissy-Charles de Gaulle o anche Parigi Chessy Disneyland, allora siamo i bravi servizio di cui hai bisogno. Contate anche sul nostro taxi da Bruges a Lille. Abbiamo un taxi da Bruges al Lussemburgo. Se vuoi ordinare un taxi da Bruges a Maastricht, visita la nostra pagina di prenotazione.<\/p>\n<h3>Taxi da Bruges alle citt\u00e0 d&#39;Europa<\/h3>\n<p>Abbiamo un taxi da Bruges a Bucarest, un taxi da Bruges a Budapest, un taxi da Bruges ad Amburgo, un taxi da Bruges a Barcellona, un taxi da Bruges a Monaco di Baviera. Forniamo un taxi da Bruges a Berna, un taxi da Bruges a Bonn, un taxi da Bruges a Berlino, un taxi da Bruges a Bordeaux, un taxi da Bruges a Boom. Offriamo un taxi da Bruges al Louvre e da Bruges a Roma.<br \/>\nVieni a prendere un taxi da Bruges a Ciney, un taxi da Bruges a Turnhout, un taxi da Bruges a Dinant. Puoi prenotare un taxi da Bruges a Namur, un taxi da Bruges a Ostenda, un taxi da Bruges a Londra e un taxi da Bruges a Liegi.<\/p>\n<p>Abbiamo un taxi economico da Bruges a Utrecht, taxi da Bruges a L&#39;Aia, taxi da Bruges a Rotterdam. Offriamo un buon servizio taxi da Bruges a Colonia, taxi da Bruges a D\u00fcsseldorf.<br \/>\nGarantiamo un taxi da Bruges a diverse sedi di festival musicali a Parigi, Bruxelles, Anversa e Gand. Ti offriamo un taxi da Bruges a varie sale da concerto come l&#39;Antwerp Sport Paleis, il Magic Land Theatre di Schaerbeek, il KVS Theatre, il Forest National, l&#39;Ancienne Belgique, il Royal Circus di Bruxelles e il festival Tomorrowland.<\/p>\n<h3>Taxi da Bruges agli aeroporti<\/h3>\n<ul>\n<li>Taxi da Bruges all&#39;aeroporto di Anversa<\/li>\n<li>Taxi da Bruges all&#39;aeroporto di Ostenda<\/li>\n<li>Taxi da Bruges all&#39;aeroporto di Parigi Roissy Charles de Gaulle, Parigi Orly e Parigi Chessy Disneyland.<\/li>\n<li>Taxi da Bruges all&#39;aeroporto di Colonia, Bonn in Germania<\/li>\n<li>Taxi da Bruges all&#39;aeroporto di Amsterdam Schiphol nei Paesi Bassi<\/li>\n<li>Taxi da Bruges all&#39;aeroporto di Lille in Francia<\/li>\n<li>Taxi da Bruges all&#39;aeroporto di Eindhoven nei Paesi Bassi<\/li>\n<li>Taxi da Bruges all&#39;aeroporto di D\u00fcsseldorf in Germania<\/li>\n<li>Taxi da Bruges all&#39;aeroporto di Londra Heathrow<\/li>\n<li>Taxi da Bruges all&#39;aeroporto di Francoforte in Germania<\/li>\n<li>Taxi da Bruges all&#39;aeroporto di Londra Gatwick<\/li>\n<li>Taxi da Bruges all&#39;aeroporto Franz Josef Strauss di Monaco, Germania<\/li>\n<li>Taxi da Bruges all&#39;aeroporto internazionale di Zurigo in Svizzera<\/li>\n<li>Taxi da Bruges all&#39;aeroporto Helmut-Schmidt di Amburgo<\/li>\n<li>Taxi da Bruges all&#39;aeroporto internazionale di Ginevra in Svizzera<\/li>\n<li>Taxi da Bruges all&#39;aeroporto di Stoccarda in Germania<\/li>\n<\/ul>\n<h2>Taxi Gand<\/h2>\n<p>Gand \u00e8 una delle citt\u00e0 in cui abbiamo un&#39;intensa attivit\u00e0. Se hai bisogno di un taxi da Gand al centro di Bruxelles o se vuoi semplicemente andare in taxi da Gand all&#39;aeroporto di Bruxelles-Zaventem, o usa uno dei nostri taxi da Gand all&#39;aeroporto di Bruxelles Sud Charleroi, prenota con noi.<\/p>\n<p>Se hai solo bisogno di un taxi da Gand a Parigi, Parigi Roissy-Charles de Gaulle (CDG) o Parigi Chessy Disneyland, visita il nostro <a href=\"https:\/\/manu015.supserv.cozmoslabs.com\/\">homepage per maggiori informazioni e per prenotare. <\/a>Contate sul nostro taxi da Gand a Lille. Risponderemo alla tua richiesta se si tratta di un taxi da Gand a Lussemburgo o semplicemente un taxi da Gand a Maastricht nei Paesi Bassi. Forniamo anche taxi da Gand ad Amsterdam o dall&#39;aeroporto di Schiphol ad Amsterdam.<\/p>\n<h3>Taxi da Gand alle citt\u00e0 d&#39;Europa<\/h3>\n<p>Abbiamo un taxi da Gand a Bucarest, un taxi da Gand a Budapest, un taxi da Gand ad Amburgo, un taxi da Gand a Barcellona, un taxi da Gand a Monaco di Baviera. Forniamo un taxi da Gand a Berna, un taxi da Gand a Bonn, un taxi da Gand a Berlino, un taxi da Gand a Bordeaux, un taxi da Gand a Boom. Offriamo un taxi da Gand al Louvre e un taxi da Gand a Roma. Vieni da noi per prendere un taxi da Gand a Ciney, un taxi da Gand a Turnhout, un taxi da Gand a Dinant. Puoi prenotare con noi un taxi da Gand a Namur, un taxi da Gand a Ostenda, un taxi da Gand a Londra e un taxi da Gand a Liegi.<\/p>\n<p>Abbiamo taxi economici da Gand a Utrecht, taxi da Gand a L&#39;Aia, taxi da Gand a Rotterdam. Offriamo taxi da Gand a Colonia, taxi da Gand a D\u00fcsseldorf.<br \/>\nGarantiamo un taxi da Gand a diverse sedi di festival musicali a Parigi, Anversa, Bruges e Bruxelles. Siamo a vostra disposizione per un taxi da Gand a diverse sale da concerto come l&#39;Anversa Sport Paleis, l&#39;Ancienne Belgique, la Foresta Nazionale, il Circo Reale di Bruxelles, il festival Tomorrowland, il Teatro KVS e il Teatro Magico Land a Schaerbeek.<\/p>\n<h3>Taxi da Gand agli aeroporti<\/h3>\n<ul>\n<li>Taxi da Gand all&#39;aeroporto di Anversa<\/li>\n<li>Taxi da Gand all&#39;aeroporto di Ostenda<\/li>\n<li>Taxi da Gand all&#39;aeroporto di Parigi Roissy Charles de Gaulle, Parigi Orly e Parigi Chessy Disneyland.<\/li>\n<li>Taxi da Gand all&#39;aeroporto di Colonia, Bonn, Germania<\/li>\n<li>Taxi da Gand all&#39;aeroporto di Amsterdam Schiphol nei Paesi Bassi<\/li>\n<li>Taxi da Gand all&#39;aeroporto di Lille in Francia<\/li>\n<li>Taxi da Gand all&#39;aeroporto di Eindhoven nei Paesi Bassi<\/li>\n<li>Taxi da Gand all&#39;aeroporto di D\u00fcsseldorf in Germania<\/li>\n<li>Taxi da Gand all&#39;aeroporto di Londra Heathrow<\/li>\n<li>Taxi da Gand all&#39;aeroporto di Francoforte in Germania<\/li>\n<li>Taxi da Gand all&#39;aeroporto di Londra Gatwick<\/li>\n<li>Taxi da Gand all&#39;aeroporto Franz Josef Strauss di Monaco, Germania<\/li>\n<li>Taxi da Gand all&#39;aeroporto internazionale di Zurigo in Svizzera<\/li>\n<li>Taxi da Gand all&#39;aeroporto Helmut-Schmidt di Amburgo, Germania<\/li>\n<li>Taxi da Gand all&#39;aeroporto internazionale di Ginevra in Svizzera<\/li>\n<li>Taxi da Gand all&#39;aeroporto di Stoccarda in Germania<\/li>\n<\/ul>\n<h2>Taxi Anversa<\/h2>\n<p>I nostri taxi vanno ad Anversa pi\u00f9 volte. Quindi, se hai bisogno di un taxi da Anversa a Bruxelles o solo un taxi da Anversa all&#39;aeroporto di Bruxelles Zaventem o un taxi da Anversa all&#39;aeroporto di Charleroi, puoi contare sui nostri servizi.<\/p>\n<p>Se vuoi prendere un taxi da Anversa a Parigi o Parigi CDG Roissy-Charles de Gaulle o Parigi Chessy Disneyland, siamo il servizio che fa per te. Forniamo anche taxi economici da Anversa a Maastricht o taxi da Anversa ad Amsterdam o all&#39;aeroporto di Amsterdam Schiphol. Vieni a trovarci se vuoi un taxi da Anversa a Lussemburgo. Si prega di prenotare online con noi se avete bisogno di un taxi da Anversa a Lille.<\/p>\n<h3>Taxi da Anversa alle citt\u00e0 d&#39;Europa<\/h3>\n<p>Abbiamo un taxi da Anversa a Bucarest, un taxi da Anversa a Budapest, un taxi da Anversa ad Amburgo, un taxi da Anversa a Barcellona, un taxi da Anversa a Monaco di Baviera. Forniamo un taxi da Anversa a Berna, un taxi da Anversa a Bonn, un taxi da Anversa a Berlino, un taxi da Anversa a Bordeaux, un taxi da Anversa a Boom. Offriamo un taxi da Anversa al Louvre e un taxi da Anversa a Roma. Vieni a prenderci un taxi da Anversa a Ciney, un taxi da Anversa a Turnhout, un taxi da Anversa a Dinant. Puoi prenotare un taxi da Anversa a Namur, un taxi da Anversa a Ostenda, un taxi da Anversa a Londra e un taxi da Anversa a Liegi.<\/p>\n<p>Abbiamo un taxi economico da Anversa a Utrecht, taxi da Anversa a L&#39;Aia, taxi da Anversa a Rotterdam. Offriamo un eccellente servizio taxi da Anversa a Colonia, un taxi da Anversa a D\u00fcsseldorf.<br \/>\nGarantiamo un taxi da Anversa a diverse sedi di festival musicali a Parigi, Gand, Bruges e Bruxelles. Ti forniamo un taxi da Anversa a varie sale da concerto come il Magic Land Theatre a Schaerbeek, <a href=\"https:\/\/manu015.supserv.cozmoslabs.com\/taxi-tomorrowland-festival\/\">il festival Tomorrowland<\/a>, il Teatro KVS, l&#39;Anversa Sport Paleis, la Foresta Nazionale, il Circo Reale di Bruxelles e l&#39;Ancienne Belgique.<\/p>\n<h3>Taxi da Anversa agli aeroporti<\/h3>\n<ul>\n<li>Taxi da Anversa all&#39;aeroporto di Ostenda<\/li>\n<li>Taxi da Anversa all&#39;aeroporto di Parigi Roissy Charles de Gaulle, Parigi Orly e Parigi Chessy Disneyland.<\/li>\n<li>Taxi da Anversa all&#39;aeroporto di Colonia, Bonn in Germania<\/li>\n<li>Taxi da Anversa all&#39;aeroporto di Amsterdam Schiphol nei Paesi Bassi<\/li>\n<li>Taxi da Anversa all&#39;aeroporto di Lille in Francia<\/li>\n<li>Taxi da Anversa all&#39;aeroporto di Eindhoven nei Paesi Bassi<\/li>\n<li>Taxi da Anversa all&#39;aeroporto di D\u00fcsseldorf in Germania<\/li>\n<li>Taxi da Anversa all&#39;aeroporto di Londra Heathrow<\/li>\n<li>Taxi da Anversa all&#39;aeroporto di Francoforte in Germania<\/li>\n<li>Taxi da Anversa all&#39;aeroporto di Londra Gatwick<\/li>\n<li>Taxi da Anversa all&#39;aeroporto Franz Josef Strauss di Monaco in Germania<\/li>\n<li>Taxi da Anversa all&#39;aeroporto internazionale di Zurigo in Svizzera<\/li>\n<li>Taxi da Anversa all&#39;aeroporto Helmut-Schmidt di Amburgo, Germania<\/li>\n<li>Taxi da Anversa all&#39;aeroporto internazionale di Ginevra in Svizzera<\/li>\n<li>Taxi da Anversa all&#39;aeroporto di Stoccarda in Germania<\/li>\n<\/ul>\n<\/div>\n<\/div>\n<\/div>\n<\/div>\n<\/div>","protected":false},"excerpt":{"rendered":"<p>Taxi Brussels city We provide a reliable taxi service in Brussels. Our taxi service can take you from Brussels to any part of Belgium. For example, we have a taxi to Bruges, taxi to Ghent and taxi to Antwerp. Taxi [&hellip;]<\/p>","protected":false},"author":1,"featured_media":7667,"parent":0,"menu_order":0,"comment_status":"closed","ping_status":"closed","template":"","meta":[],"yoast_head":"<!-- This site is optimized with the Yoast SEO plugin v18.4.1 - https:\/\/yoast.com\/wordpress\/plugins\/seo\/ -->\n<title>Taxi Bruges | Taxi Antwerp | Taxi Ghent<\/title>\n<meta name=\"description\" content=\"We are one of the leading taxi services in bruges and taxi services in Antwerp and Taxi services in Ghent. Contact us for the more details!!\" \/>\n<meta name=\"robots\" content=\"index, follow, max-snippet:-1, max-image-preview:large, max-video-preview:-1\" \/>\n<link rel=\"canonical\" href=\"https:\/\/manu015.supserv.cozmoslabs.com\/it\/taxi-brussels\/\" \/>\n<meta property=\"og:locale\" content=\"it_IT\" \/>\n<meta property=\"og:type\" content=\"article\" \/>\n<meta property=\"og:title\" content=\"Taxi Bruges | Taxi Antwerp | Taxi Ghent\" \/>\n<meta property=\"og:description\" content=\"We are one of the leading taxi services in bruges and taxi services in Antwerp and Taxi services in Ghent. Contact us for the more details!!\" \/>\n<meta property=\"og:url\" content=\"https:\/\/manu015.supserv.cozmoslabs.com\/it\/taxi-brussels\/\" \/>\n<meta property=\"og:site_name\" content=\"Your Private Driver\" \/>\n<meta property=\"article:publisher\" content=\"https:\/\/www.facebook.com\/yourprivatedriverbrussels\" \/>\n<meta property=\"article:modified_time\" content=\"2021-01-14T12:34:05+00:00\" \/>\n<meta property=\"og:image\" content=\"https:\/\/manu015.supserv.cozmoslabs.com\/wp-content\/uploads\/2020\/11\/Taxi-Brussel.jpg\" \/>\n\t<meta property=\"og:image:width\" content=\"854\" \/>\n\t<meta property=\"og:image:height\" content=\"464\" \/>\n\t<meta property=\"og:image:type\" content=\"image\/jpeg\" \/>\n<meta name=\"twitter:card\" content=\"summary_large_image\" \/>\n<meta name=\"twitter:site\" content=\"@privatedriverbx\" \/>\n<meta name=\"twitter:label1\" content=\"Tempo di lettura stimato\" \/>\n\t<meta name=\"twitter:data1\" content=\"10 minuti\" \/>\n<script type=\"application\/ld+json\" class=\"yoast-schema-graph\">{\"@context\":\"https:\/\/schema.org\",\"@graph\":[{\"@type\":\"Organization\",\"@id\":\"https:\/\/manu015.supserv.cozmoslabs.com\/#organization\",\"name\":\"Your Private Driver\",\"url\":\"https:\/\/manu015.supserv.cozmoslabs.com\/\",\"sameAs\":[\"https:\/\/www.facebook.com\/yourprivatedriverbrussels\",\"https:\/\/www.instagram.com\/taxibrusselsairport\/\",\"https:\/\/www.linkedin.com\/company\/yourprivatedriver\/\",\"https:\/\/www.youtube.com\/channel\/UCdFj5lm3qhOZWz_Rz0yupVA\",\"https:\/\/www.pinterest.fr\/pin\/704672672920362864\/\",\"https:\/\/twitter.com\/privatedriverbx\"],\"logo\":{\"@type\":\"ImageObject\",\"@id\":\"https:\/\/manu015.supserv.cozmoslabs.com\/#logo\",\"inLanguage\":\"it-IT\",\"url\":\"\",\"contentUrl\":\"\",\"caption\":\"Your Private Driver\"},\"image\":{\"@id\":\"https:\/\/manu015.supserv.cozmoslabs.com\/#logo\"}},{\"@type\":\"WebSite\",\"@id\":\"https:\/\/manu015.supserv.cozmoslabs.com\/#website\",\"url\":\"https:\/\/manu015.supserv.cozmoslabs.com\/\",\"name\":\"Your Private Driver\",\"description\":\"Taxi Brussels airport - Taxi Charleroi airport\",\"publisher\":{\"@id\":\"https:\/\/manu015.supserv.cozmoslabs.com\/#organization\"},\"potentialAction\":[{\"@type\":\"SearchAction\",\"target\":{\"@type\":\"EntryPoint\",\"urlTemplate\":\"https:\/\/manu015.supserv.cozmoslabs.com\/?s={search_term_string}\"},\"query-input\":\"required name=search_term_string\"}],\"inLanguage\":\"it-IT\"},{\"@type\":\"ImageObject\",\"@id\":\"https:\/\/manu015.supserv.cozmoslabs.com\/taxi-brussels\/#primaryimage\",\"inLanguage\":\"it-IT\",\"url\":\"https:\/\/manu015.supserv.cozmoslabs.com\/wp-content\/uploads\/2020\/11\/Taxi-Brussel.jpg\",\"contentUrl\":\"https:\/\/manu015.supserv.cozmoslabs.com\/wp-content\/uploads\/2020\/11\/Taxi-Brussel.jpg\",\"width\":854,\"height\":464,\"caption\":\"Taxi Brussels\"},{\"@type\":\"WebPage\",\"@id\":\"https:\/\/manu015.supserv.cozmoslabs.com\/taxi-brussels\/#webpage\",\"url\":\"https:\/\/manu015.supserv.cozmoslabs.com\/taxi-brussels\/\",\"name\":\"Taxi Bruges | Taxi Antwerp | Taxi Ghent\",\"isPartOf\":{\"@id\":\"https:\/\/manu015.supserv.cozmoslabs.com\/#website\"},\"primaryImageOfPage\":{\"@id\":\"https:\/\/manu015.supserv.cozmoslabs.com\/taxi-brussels\/#primaryimage\"},\"datePublished\":\"2020-11-01T13:08:53+00:00\",\"dateModified\":\"2021-01-14T12:34:05+00:00\",\"description\":\"We are one of the leading taxi services in bruges and taxi services in Antwerp and Taxi services in Ghent. Contact us for the more details!!\",\"breadcrumb\":{\"@id\":\"https:\/\/manu015.supserv.cozmoslabs.com\/taxi-brussels\/#breadcrumb\"},\"inLanguage\":\"it-IT\",\"potentialAction\":[{\"@type\":\"ReadAction\",\"target\":[\"https:\/\/manu015.supserv.cozmoslabs.com\/taxi-brussels\/\"]}]},{\"@type\":\"BreadcrumbList\",\"@id\":\"https:\/\/manu015.supserv.cozmoslabs.com\/taxi-brussels\/#breadcrumb\",\"itemListElement\":[{\"@type\":\"ListItem\",\"position\":1,\"name\":\"Home\",\"item\":\"https:\/\/manu015.supserv.cozmoslabs.com\/\"},{\"@type\":\"ListItem\",\"position\":2,\"name\":\"Taxi Brussels\"}]}]}<\/script>\n<!-- \/ Yoast SEO plugin. -->","yoast_head_json":{"title":"Taxi Bruges | Taxi Antwerp | Taxi Ghent","description":"We are one of the leading taxi services in bruges and taxi services in Antwerp and Taxi services in Ghent. Contact us for the more details!!","robots":{"index":"index","follow":"follow","max-snippet":"max-snippet:-1","max-image-preview":"max-image-preview:large","max-video-preview":"max-video-preview:-1"},"canonical":"https:\/\/manu015.supserv.cozmoslabs.com\/it\/taxi-brussels\/","og_locale":"it_IT","og_type":"article","og_title":"Taxi Bruges | Taxi Antwerp | Taxi Ghent","og_description":"We are one of the leading taxi services in bruges and taxi services in Antwerp and Taxi services in Ghent. Contact us for the more details!!","og_url":"https:\/\/manu015.supserv.cozmoslabs.com\/it\/taxi-brussels\/","og_site_name":"Your Private Driver","article_publisher":"https:\/\/www.facebook.com\/yourprivatedriverbrussels","article_modified_time":"2021-01-14T12:34:05+00:00","og_image":[{"width":854,"height":464,"url":"https:\/\/manu015.supserv.cozmoslabs.com\/wp-content\/uploads\/2020\/11\/Taxi-Brussel.jpg","type":"image\/jpeg"}],"twitter_card":"summary_large_image","twitter_site":"@privatedriverbx","twitter_misc":{"Tempo di lettura stimato":"10 minuti"},"schema":{"@context":"https:\/\/schema.org","@graph":[{"@type":"Organization","@id":"https:\/\/manu015.supserv.cozmoslabs.com\/#organization","name":"Your Private Driver","url":"https:\/\/manu015.supserv.cozmoslabs.com\/","sameAs":["https:\/\/www.facebook.com\/yourprivatedriverbrussels","https:\/\/www.instagram.com\/taxibrusselsairport\/","https:\/\/www.linkedin.com\/company\/yourprivatedriver\/","https:\/\/www.youtube.com\/channel\/UCdFj5lm3qhOZWz_Rz0yupVA","https:\/\/www.pinterest.fr\/pin\/704672672920362864\/","https:\/\/twitter.com\/privatedriverbx"],"logo":{"@type":"ImageObject","@id":"https:\/\/manu015.supserv.cozmoslabs.com\/#logo","inLanguage":"it-IT","url":"","contentUrl":"","caption":"Your Private Driver"},"image":{"@id":"https:\/\/manu015.supserv.cozmoslabs.com\/#logo"}},{"@type":"WebSite","@id":"https:\/\/manu015.supserv.cozmoslabs.com\/#website","url":"https:\/\/manu015.supserv.cozmoslabs.com\/","name":"Your Private Driver","description":"Taxi Brussels airport - Taxi Charleroi airport","publisher":{"@id":"https:\/\/manu015.supserv.cozmoslabs.com\/#organization"},"potentialAction":[{"@type":"SearchAction","target":{"@type":"EntryPoint","urlTemplate":"https:\/\/manu015.supserv.cozmoslabs.com\/?s={search_term_string}"},"query-input":"required name=search_term_string"}],"inLanguage":"it-IT"},{"@type":"ImageObject","@id":"https:\/\/manu015.supserv.cozmoslabs.com\/taxi-brussels\/#primaryimage","inLanguage":"it-IT","url":"https:\/\/manu015.supserv.cozmoslabs.com\/wp-content\/uploads\/2020\/11\/Taxi-Brussel.jpg","contentUrl":"https:\/\/manu015.supserv.cozmoslabs.com\/wp-content\/uploads\/2020\/11\/Taxi-Brussel.jpg","width":854,"height":464,"caption":"Taxi Brussels"},{"@type":"WebPage","@id":"https:\/\/manu015.supserv.cozmoslabs.com\/taxi-brussels\/#webpage","url":"https:\/\/manu015.supserv.cozmoslabs.com\/taxi-brussels\/","name":"Taxi Bruges | Taxi Antwerp | Taxi Ghent","isPartOf":{"@id":"https:\/\/manu015.supserv.cozmoslabs.com\/#website"},"primaryImageOfPage":{"@id":"https:\/\/manu015.supserv.cozmoslabs.com\/taxi-brussels\/#primaryimage"},"datePublished":"2020-11-01T13:08:53+00:00","dateModified":"2021-01-14T12:34:05+00:00","description":"We are one of the leading taxi services in bruges and taxi services in Antwerp and Taxi services in Ghent. Contact us for the more details!!","breadcrumb":{"@id":"https:\/\/manu015.supserv.cozmoslabs.com\/taxi-brussels\/#breadcrumb"},"inLanguage":"it-IT","potentialAction":[{"@type":"ReadAction","target":["https:\/\/manu015.supserv.cozmoslabs.com\/taxi-brussels\/"]}]},{"@type":"BreadcrumbList","@id":"https:\/\/manu015.supserv.cozmoslabs.com\/taxi-brussels\/#breadcrumb","itemListElement":[{"@type":"ListItem","position":1,"name":"Home","item":"https:\/\/manu015.supserv.cozmoslabs.com\/"},{"@type":"ListItem","position":2,"name":"Taxi Brussels"}]}]}},"_links":{"self":[{"href":"https:\/\/manu015.supserv.cozmoslabs.com\/it\/wp-json\/wp\/v2\/pages\/7136"}],"collection":[{"href":"https:\/\/manu015.supserv.cozmoslabs.com\/it\/wp-json\/wp\/v2\/pages"}],"about":[{"href":"https:\/\/manu015.supserv.cozmoslabs.com\/it\/wp-json\/wp\/v2\/types\/page"}],"author":[{"embeddable":true,"href":"https:\/\/manu015.supserv.cozmoslabs.com\/it\/wp-json\/wp\/v2\/users\/1"}],"replies":[{"embeddable":true,"href":"https:\/\/manu015.supserv.cozmoslabs.com\/it\/wp-json\/wp\/v2\/comments?post=7136"}],"version-history":[{"count":0,"href":"https:\/\/manu015.supserv.cozmoslabs.com\/it\/wp-json\/wp\/v2\/pages\/7136\/revisions"}],"wp:featuredmedia":[{"embeddable":true,"href":"https:\/\/manu015.supserv.cozmoslabs.com\/it\/wp-json\/wp\/v2\/media\/7667"}],"wp:attachment":[{"href":"https:\/\/manu015.supserv.cozmoslabs.com\/it\/wp-json\/wp\/v2\/media?parent=7136"}],"curies":[{"name":"wp","href":"https:\/\/api.w.org\/{rel}","templated":true}]}}