{"id":7089,"date":"2020-10-31T22:31:36","date_gmt":"2020-10-31T22:31:36","guid":{"rendered":"https:\/\/manu015.supserv.cozmoslabs.com\/?page_id=7089"},"modified":"2020-11-13T08:23:01","modified_gmt":"2020-11-13T08:23:01","slug":"services","status":"publish","type":"page","link":"https:\/\/manu015.supserv.cozmoslabs.com\/it\/services\/","title":{"rendered":"Servizi"},"content":{"rendered":"<div  class=\"one withsmallpadding ppb_header\" style=\"text-align:left;padding:40px 0 40px 0;\" >\n<div class=\"standard_wrapper\">\n<div class=\"page_content_wrapper\">\n<div class=\"inner\">\n<div style=\"margin:auto;width:100%\">\n<h2 class=\"ppb_title\" style=\"\">Servizio taxi del tuo autista privato<\/h2>\n<div class=\"ppb_header_content\">\n<iframe src=\"https:\/\/manu015.supserv.cozmoslabs.com\/eto\/?site_key=9ea3cb480ae5c09e26a20fb697ce8ee6\" name=\"eto-iframe\" id=\"eto-iframe-18527\" class=\"eto-iframe\" width=\"100%\" scrolling=\"no\" allow=\"geolocation\">Questa opzione non funziona correttamente. Sfortunatamente, il tuo browser non supporta gli Inline Frame.<\/iframe>\n<style type=\"text\/css\">iframe#eto-iframe-18527 { width:1px; min-width:100%; border:0; }<\/style>\n<script type=\"text\/javascript\" async defer> (function() { var etoWidgetData = { checkTimeout: 100, dynamicIframe: 0, googlePageSpeed: 0, googlePageSpeedLoadDelay: 6000, loadDelay: 0, }; function etoWidgetInit() { if (etoWidgetData.dynamicIframe) { var etoWidgetContainer = document.getElementById('eto-widget-container-eto-iframe-18527'); if (etoWidgetContainer) { etoWidgetContainer.innerHTML = '<iframe src=\"https:\/\/manu015.supserv.cozmoslabs.com\/eto\/?site_key=9ea3cb480ae5c09e26a20fb697ce8ee6\" name=\"eto-iframe\" id=\"eto-iframe-18527\" class=\"eto-iframe\" width=\"100%\" scrolling=\"no\" allow=\"geolocation\">This option will not work correctly. Unfortunately, your browser does not support inline frames.<\/iframe>'; } } iFrameResize({ log: false, targetOrigin: '*', checkOrigin: false, }, \"iframe#eto-iframe-18527\"); } function etoWidgetReady() { setTimeout(function() { etoWidgetData.checkTimeout--; if (typeof iFrameResize !== 'undefined') { etoWidgetInit(); } else if (etoWidgetData.checkTimeout > 0) { etoWidgetReady(); console.log('Library not loaded, checking again.'); } else { console.log('External library failed to load.'); } }, 100); }; if (etoWidgetData.loadDelay) { setTimeout(function() { etoWidgetReady(); }, etoWidgetData.loadDelay); } else { etoWidgetReady(); } })(); <\/script>\n\n<\/div>\n<\/div>\n<\/div>\n<\/div>\n<\/div>\n<\/div>\n<div  class=\"one withsmallpadding ppb_text\" style=\"text-align:center;padding:40px 0 40px 0;background-color:#5856d6;color:#ffffff !important;\" >\n<div class=\"standard_wrapper\">\n<div class=\"page_content_wrapper\">\n<div class=\"inner\">\n<div style=\"margin:auto;width:100%\">\n<div class=\"one_third\" style=\"\">\n<span class=\"fas fa-car\" style=\"display: block; font-size: 50px; margin-bottom: 20px;\">\u00a0<\/span><\/p>\n<h2 style=\"color: #fff;\">Servizio limousine<\/h2>\n<p>Una limousine per la tua cerimonia perch\u00e9 nessun evento \u00e8 troppo piccolo per noi. Hai bisogno di una limousine di fascia alta per un evento personale o professionale? Quindi chiama il tuo autista privato. Il nostro servizio limousine \u00e8 a tua disposizione.<br \/>\nAbbiamo una limousine per il tuo matrimonio, battesimo, anniversario, discoteca o festa in discoteca. Abbiamo il servizio di limousine pi\u00f9 votato in Belgio con veicoli premium.\n<\/p>\n<\/div>\n<div class=\"one_third\" style=\"\">\n<span class=\"fas fa-guitar\" style=\"display: block; font-size: 50px; margin-bottom: 20px;\">\u00a0<\/span><\/p>\n<h2 style=\"color: #fff;\">Trasporto di artisti<\/h2>\n<p>Abbiamo minibus di lusso per il trasporto di artisti. Offriamo il trasporto di artisti dal Belgio all&#39;Olanda, Germania, Francia, Svizzera, Norvegia ecc.<\/p>\n<p>Trasportiamo musicisti artisti, attori del cinema, attori del teatro, attori del balletto e dell&#39;Opera a bordo dei nostri lussuosi minivan. Trasportiamo anche artisti dall&#39;aeroporto all&#39;hotel e dall&#39;hotel ai loro teatri e possiamo trasportarli per l&#39;intero tour.\n<\/p>\n<\/div>\n<div class=\"one_third last\" style=\"\">\n<span class=\"fas fa-taxi\" style=\"display: block; font-size: 50px; margin-bottom: 20px;\">\u00a0<\/span><\/p>\n<h2 style=\"color: #fff;\">Trasferimento aeroportuale<\/h2>\n<p>Un trasferimento dall&#39;aeroporto deve essere organizzato al meglio. Tenendo conto dei controlli di sicurezza e del tempo per il check-in dei bagagli. \u00c8 necessario arrivare in anticipo in aeroporto per non perdere il volo. Puoi contare sui nostri servizi per assisterti con un trasferimento aeroportuale professionale 100%. Di conseguenza, avrai la certezza di un viaggio spensierato.<br \/>\nGarantiamo il tuo arrivo a <a href=\"https:\/\/www.brusselsairport.be\/en\/passengers\" target=\"_blank\" rel=\"noopener noreferrer\">l&#39;aeroporto<\/a> puntuale. Allora perch\u00e9 non approfittare del nostro <a href=\"https:\/\/manu015.supserv.cozmoslabs.com\/taxi-brussels\/\">servizi a Bruxelles<\/a> il prima possibile?\n<\/div>\n<p><br class=\"clear\"\/><\/p>\n<div class=\"one_third\" style=\"\">\n<span class=\"fas fa-hippo\" style=\"display: block; font-size: 50px; margin-bottom: 20px;\">\u00a0<\/span><\/p>\n<h2 style=\"color: #fff;\">Servizio taxi per i parchi di divertimento<\/h2>\n<p>Abbiamo taxi per diversi parchi di divertimento in Belgio, Paesi Bassi, Francia e altrove in Europa ...<br \/>\nTaxi per il parco divertimenti Walibi a Wavre, Mini-Europe a Bruxelles. Bobbejaanland Kasterlee, Plopsaland a De Panne, parco divertimenti Bellewaerde a Ypres ect.<\/p>\n<p>Taxi per il parco divertimenti Plopsa Coo a Stavelot, Aqualibi a Wavre, parco divertimenti Plopsa Indoor a Hasselt, parco acquatico Oc\u00e9ade a Bruxelles, Boudewijn Seapark a Bruges, il parco avventura a Wavre, l&#39;affascinante parco Queen Fabiola a Namur. Il parco divertimenti Mount Mosan a Huy e il parco divertimenti Labyrinth a Durbuy.<\/p>\n<p>Taxi per Plopsaqua park a De Panne, Chlorophylle Park a Manhay, the Provincial Domain of Chevetogne in Ciney, Earth Explorer, Meli Park, Houtopia, THE POINT D&#39;EAU a La Louvi\u00e8re, Dadipark a Moorslede e taxi per Parc Spirou.<\/p>\n<p>Taxi per il parco divertimenti Efteling a Kaatsheuvel nei Paesi Bassi, parco divertimenti Disney-Land a Chessy Parigi Francia, parco divertimenti Phantasialand a Br\u00fchl Germania e taxi per Mega Speelstad a Lille Francia.\n<\/p>\n<\/div>\n<div class=\"one_third\" style=\"\">\n<span class=\"fas fa-city\" style=\"display: block; font-size: 50px; margin-bottom: 20px;\">\u00a0<\/span><\/p>\n<h2 style=\"color: #fff;\">Servizio taxi della Commissione europea<\/h2>\n<p>Abbiamo il servizio taxi standard e taxi di lusso per le varie istituzioni europee a Bruxelles.<br \/>\nAbbiamo anche un servizio taxi con cassa integrazione per le delegazioni in visita alle istituzioni europee a Bruxelles. Abbiamo Mercedes Classe E e Mercedes Classe V minivan per guidare delegazioni di taxi alla Commissione Europea, al Parlamento Europeo o alla NATO e ad altre istituzioni europee con sede a Bruxelles. Taxi per la Commissione europea al Berlaymont nel quartiere di Schumann. Abbiamo il taxi per il Comitato economico e sociale e anche per il Comitato delle regioni, entrambi situati in Rue Belliard, 99 a Bruxelles.<\/p>\n<p>Abbiamo un taxi per l&#39;Agenzia europea per la difesa, taxi per l&#39;Agenzia esecutiva per l&#39;istruzione, gli audiovisivi e la cultura, taxi per l&#39;Agenzia esecutiva per la competitivit\u00e0 e l&#39;innovazione, taxi per l&#39;Agenzia comunitaria di controllo della pesca, taxi per l&#39;Autorit\u00e0 di vigilanza europea del GNSS, taxi per l&#39;Agenzia esecutiva per la ricerca, taxi per l&#39;Agenzia esecutiva del Consiglio europeo della ricerca, taxi per l&#39;Agenzia esecutiva per la rete transeuropea di trasporto e infine il taxi per la NATO a Evere Bruxelles.\n<\/p>\n<\/div>\n<div class=\"one_third last\" style=\"\">\n<span class=\"fas fa-ring\" style=\"display: block; font-size: 50px; margin-bottom: 20px;\">\u00a0<\/span><\/p>\n<h2 style=\"color: #fff;\">Limousine per servizio taxi per matrimoni<\/h2>\n<p>Ricordati di venire a noleggiare la tua limousine per il giorno del tuo matrimonio. Il nostro autista ti condurr\u00e0 alla chiesa e ad una sessione fotografica nel luogo da te scelto, tutto questo secondo il tuo programma ovviamente.<br \/>\nLe nostre limousine per matrimoni sono guidate da autisti esperti. Spaziosa limousine, ben attrezzata e decorata per il tuo matrimonio. Le nostre limousine di lusso possono essere decorate per il tuo matrimonio. Approfittate di tutto lo spazio possibile per un momento di relax prima o dopo i festeggiamenti. Ovviamente la possibilit\u00e0 di ordinare Champagne. Your private driver offre sicuramente il miglior noleggio di auto limousine con conducente a Bruxelles.<\/p>\n<p>Celebrate il vostro matrimonio in grande stile e festeggiate tutta la notte in una limousine personalizzata dotata di impianto musicale e connessione Internet. Chiedici subito un preventivo di servizio limousine per organizzare al meglio il tuo matrimonio. Siamo inoltre disponibili a rispondere alle vostre domande e ad informarvi sui nostri modelli di limousine.\n<\/p>\n<\/div>\n<p><br class=\"clear\"\/><\/p>\n<div class=\"one_third\" style=\"\">\n<span class=\"fas fa-building\" style=\"display: block; font-size: 50px; margin-bottom: 20px;\">\u00a0<\/span><\/p>\n<h2 style=\"color: #fff;\">Parlamento europeo<\/h2>\n<p>Abbiamo il servizio taxi standard e taxi di lusso per le varie istituzioni europee a Bruxelles.<br \/>\nAbbiamo anche un servizio taxi con cassa integrazione per le delegazioni in visita alle istituzioni europee a Bruxelles. Abbiamo Mercedes Classe E e Mercedes Classe V minivan per guidare delegazioni di taxi alla Commissione Europea, al Parlamento Europeo o alla NATO e ad altre istituzioni europee con sede a Bruxelles.<\/p>\n<p>Ordina un taxi da noi per andare al Parlamento europeo situato in Rue Wiertz, 60 a Bruxelles, abbiamo anche un taxi per l&#39;ufficio informazioni in Belgio situato in rue de Tr\u00eaves, 3 a Bruxelles.<br \/>\nTaxi per il Consiglio dell&#39;Unione europea situato in Rue de la Loi, 175 Bruxelles\n<\/p>\n<\/div>\n<div class=\"one_third\" style=\"\">\n<span class=\"fas fa-shuttle-van\" style=\"display: block; font-size: 50px; margin-bottom: 20px;\">\u00a0<\/span><\/p>\n<h2 style=\"color: #fff;\">Navetta dell&#39;aeroporto<\/h2>\n<p>A volte, quando sei in un grande gruppo in viaggio verso l&#39;aeroporto, \u00e8 una buona idea pensare di fare una navetta in un unico veicolo con una grande capacit\u00e0. Per fare questo puoi fidarti di noi e assicurarti di ottenere un buon affare perch\u00e9 abbiamo prezzi ragionevoli per le tue navette per l&#39;aeroporto.\n<\/p>\n<\/div>\n<div class=\"one_third last\" style=\"\">\n<span class=\"fas fa-user-tie\" style=\"display: block; font-size: 50px; margin-bottom: 20px;\">\u00a0<\/span><\/p>\n<h2 style=\"color: #fff;\">Noleggio auto con conducente<\/h2>\n<p>Il nostro servizio di autonoleggio con conducente \u00e8 al servizio di privati e aziende. Ci prendiamo cura di tutti i tuoi viaggi come le navette dall&#39;hotel alla tua sede congressuale e viceversa. Ci prendiamo cura dei tuoi viaggi con professionalit\u00e0 e rigore. Goditi un&#39;auto a noleggio con autista. Inoltre, la comodit\u00e0 di andare anche ai tuoi incontri di lavoro o ad una festa privata. Probabilmente siamo la migliore compagnia di autonoleggio con sede a Bruxelles<\/p>\n<p>Approfitta appieno del nostro servizio di noleggio auto con autista. Il nostro servizio di autonoleggio con conducente \u00e8 adatto a tutte le tasche. Optare per un noleggio auto con autista con noi. Cos\u00ec eviterai tutti i fastidi del parcheggio e delle multe. Risparmia lo stress della guida scegliendo il nostro servizio di noleggio auto con autista.\n<\/p>\n<\/div>\n<p><br class=\"clear\"\/><\/p>\n<\/div>\n<\/div>\n<\/div>\n<\/div>\n<\/div>","protected":false},"excerpt":{"rendered":"<p>Taxi Service of Your Private Driver \u00a0 Limousine service A limousine for your ceremony because no event is too small for us. Do you need a high-end limousine for a personal or professional event? Then call your Private Driver. Our [&hellip;]<\/p>","protected":false},"author":1,"featured_media":22,"parent":0,"menu_order":0,"comment_status":"closed","ping_status":"closed","template":"","meta":[],"yoast_head":"<!-- This site is optimized with the Yoast SEO plugin v18.4.1 - https:\/\/yoast.com\/wordpress\/plugins\/seo\/ -->\n<title>Services that we offer in our taxi company - Your Private Driver<\/title>\n<meta name=\"description\" content=\"Find here the different taxi services that we offer with our Company. Our service range from airport tranfers and shuttle to private trips.\" \/>\n<meta name=\"robots\" content=\"index, follow, max-snippet:-1, max-image-preview:large, max-video-preview:-1\" \/>\n<link rel=\"canonical\" href=\"https:\/\/manu015.supserv.cozmoslabs.com\/it\/services\/\" \/>\n<meta property=\"og:locale\" content=\"it_IT\" \/>\n<meta property=\"og:type\" content=\"article\" \/>\n<meta property=\"og:title\" content=\"Services that we offer in our taxi company - Your Private Driver\" \/>\n<meta property=\"og:description\" content=\"Find here the different taxi services that we offer with our Company. Our service range from airport tranfers and shuttle to private trips.\" \/>\n<meta property=\"og:url\" content=\"https:\/\/manu015.supserv.cozmoslabs.com\/it\/services\/\" \/>\n<meta property=\"og:site_name\" content=\"Your Private Driver\" \/>\n<meta property=\"article:publisher\" content=\"https:\/\/www.facebook.com\/yourprivatedriverbrussels\" \/>\n<meta property=\"article:modified_time\" content=\"2020-11-13T08:23:01+00:00\" \/>\n<meta property=\"og:image\" content=\"https:\/\/manu015.supserv.cozmoslabs.com\/wp-content\/uploads\/2017\/01\/IMG_3496bfree-8.jpg\" \/>\n\t<meta property=\"og:image:width\" content=\"1440\" \/>\n\t<meta property=\"og:image:height\" content=\"960\" \/>\n\t<meta property=\"og:image:type\" content=\"image\/jpeg\" \/>\n<meta name=\"twitter:card\" content=\"summary_large_image\" \/>\n<meta name=\"twitter:site\" content=\"@privatedriverbx\" \/>\n<meta name=\"twitter:label1\" content=\"Tempo di lettura stimato\" \/>\n\t<meta name=\"twitter:data1\" content=\"5 minuti\" \/>\n<script type=\"application\/ld+json\" class=\"yoast-schema-graph\">{\"@context\":\"https:\/\/schema.org\",\"@graph\":[{\"@type\":\"Organization\",\"@id\":\"https:\/\/manu015.supserv.cozmoslabs.com\/#organization\",\"name\":\"Your Private Driver\",\"url\":\"https:\/\/manu015.supserv.cozmoslabs.com\/\",\"sameAs\":[\"https:\/\/www.facebook.com\/yourprivatedriverbrussels\",\"https:\/\/www.instagram.com\/taxibrusselsairport\/\",\"https:\/\/www.linkedin.com\/company\/yourprivatedriver\/\",\"https:\/\/www.youtube.com\/channel\/UCdFj5lm3qhOZWz_Rz0yupVA\",\"https:\/\/www.pinterest.fr\/pin\/704672672920362864\/\",\"https:\/\/twitter.com\/privatedriverbx\"],\"logo\":{\"@type\":\"ImageObject\",\"@id\":\"https:\/\/manu015.supserv.cozmoslabs.com\/#logo\",\"inLanguage\":\"it-IT\",\"url\":\"\",\"contentUrl\":\"\",\"caption\":\"Your Private Driver\"},\"image\":{\"@id\":\"https:\/\/manu015.supserv.cozmoslabs.com\/#logo\"}},{\"@type\":\"WebSite\",\"@id\":\"https:\/\/manu015.supserv.cozmoslabs.com\/#website\",\"url\":\"https:\/\/manu015.supserv.cozmoslabs.com\/\",\"name\":\"Your Private Driver\",\"description\":\"Taxi Brussels airport - Taxi Charleroi airport\",\"publisher\":{\"@id\":\"https:\/\/manu015.supserv.cozmoslabs.com\/#organization\"},\"potentialAction\":[{\"@type\":\"SearchAction\",\"target\":{\"@type\":\"EntryPoint\",\"urlTemplate\":\"https:\/\/manu015.supserv.cozmoslabs.com\/?s={search_term_string}\"},\"query-input\":\"required name=search_term_string\"}],\"inLanguage\":\"it-IT\"},{\"@type\":\"ImageObject\",\"@id\":\"https:\/\/manu015.supserv.cozmoslabs.com\/services\/#primaryimage\",\"inLanguage\":\"it-IT\",\"url\":\"https:\/\/manu015.supserv.cozmoslabs.com\/wp-content\/uploads\/2017\/01\/IMG_3496bfree-8.jpg\",\"contentUrl\":\"https:\/\/manu015.supserv.cozmoslabs.com\/wp-content\/uploads\/2017\/01\/IMG_3496bfree-8.jpg\",\"width\":1440,\"height\":960,\"caption\":\"The road to success and the road to failure are almost exactly the same\"},{\"@type\":\"WebPage\",\"@id\":\"https:\/\/manu015.supserv.cozmoslabs.com\/services\/#webpage\",\"url\":\"https:\/\/manu015.supserv.cozmoslabs.com\/services\/\",\"name\":\"Services that we offer in our taxi company - Your Private Driver\",\"isPartOf\":{\"@id\":\"https:\/\/manu015.supserv.cozmoslabs.com\/#website\"},\"primaryImageOfPage\":{\"@id\":\"https:\/\/manu015.supserv.cozmoslabs.com\/services\/#primaryimage\"},\"datePublished\":\"2020-10-31T22:31:36+00:00\",\"dateModified\":\"2020-11-13T08:23:01+00:00\",\"description\":\"Find here the different taxi services that we offer with our Company. Our service range from airport tranfers and shuttle to private trips.\",\"breadcrumb\":{\"@id\":\"https:\/\/manu015.supserv.cozmoslabs.com\/services\/#breadcrumb\"},\"inLanguage\":\"it-IT\",\"potentialAction\":[{\"@type\":\"ReadAction\",\"target\":[\"https:\/\/manu015.supserv.cozmoslabs.com\/services\/\"]}]},{\"@type\":\"BreadcrumbList\",\"@id\":\"https:\/\/manu015.supserv.cozmoslabs.com\/services\/#breadcrumb\",\"itemListElement\":[{\"@type\":\"ListItem\",\"position\":1,\"name\":\"Home\",\"item\":\"https:\/\/manu015.supserv.cozmoslabs.com\/\"},{\"@type\":\"ListItem\",\"position\":2,\"name\":\"Services\"}]}]}<\/script>\n<!-- \/ Yoast SEO plugin. -->","yoast_head_json":{"title":"Services that we offer in our taxi company - Your Private Driver","description":"Find here the different taxi services that we offer with our Company. Our service range from airport tranfers and shuttle to private trips.","robots":{"index":"index","follow":"follow","max-snippet":"max-snippet:-1","max-image-preview":"max-image-preview:large","max-video-preview":"max-video-preview:-1"},"canonical":"https:\/\/manu015.supserv.cozmoslabs.com\/it\/services\/","og_locale":"it_IT","og_type":"article","og_title":"Services that we offer in our taxi company - Your Private Driver","og_description":"Find here the different taxi services that we offer with our Company. Our service range from airport tranfers and shuttle to private trips.","og_url":"https:\/\/manu015.supserv.cozmoslabs.com\/it\/services\/","og_site_name":"Your Private Driver","article_publisher":"https:\/\/www.facebook.com\/yourprivatedriverbrussels","article_modified_time":"2020-11-13T08:23:01+00:00","og_image":[{"width":1440,"height":960,"url":"https:\/\/manu015.supserv.cozmoslabs.com\/wp-content\/uploads\/2017\/01\/IMG_3496bfree-8.jpg","type":"image\/jpeg"}],"twitter_card":"summary_large_image","twitter_site":"@privatedriverbx","twitter_misc":{"Tempo di lettura stimato":"5 minuti"},"schema":{"@context":"https:\/\/schema.org","@graph":[{"@type":"Organization","@id":"https:\/\/manu015.supserv.cozmoslabs.com\/#organization","name":"Your Private Driver","url":"https:\/\/manu015.supserv.cozmoslabs.com\/","sameAs":["https:\/\/www.facebook.com\/yourprivatedriverbrussels","https:\/\/www.instagram.com\/taxibrusselsairport\/","https:\/\/www.linkedin.com\/company\/yourprivatedriver\/","https:\/\/www.youtube.com\/channel\/UCdFj5lm3qhOZWz_Rz0yupVA","https:\/\/www.pinterest.fr\/pin\/704672672920362864\/","https:\/\/twitter.com\/privatedriverbx"],"logo":{"@type":"ImageObject","@id":"https:\/\/manu015.supserv.cozmoslabs.com\/#logo","inLanguage":"it-IT","url":"","contentUrl":"","caption":"Your Private Driver"},"image":{"@id":"https:\/\/manu015.supserv.cozmoslabs.com\/#logo"}},{"@type":"WebSite","@id":"https:\/\/manu015.supserv.cozmoslabs.com\/#website","url":"https:\/\/manu015.supserv.cozmoslabs.com\/","name":"Your Private Driver","description":"Taxi Brussels airport - Taxi Charleroi airport","publisher":{"@id":"https:\/\/manu015.supserv.cozmoslabs.com\/#organization"},"potentialAction":[{"@type":"SearchAction","target":{"@type":"EntryPoint","urlTemplate":"https:\/\/manu015.supserv.cozmoslabs.com\/?s={search_term_string}"},"query-input":"required name=search_term_string"}],"inLanguage":"it-IT"},{"@type":"ImageObject","@id":"https:\/\/manu015.supserv.cozmoslabs.com\/services\/#primaryimage","inLanguage":"it-IT","url":"https:\/\/manu015.supserv.cozmoslabs.com\/wp-content\/uploads\/2017\/01\/IMG_3496bfree-8.jpg","contentUrl":"https:\/\/manu015.supserv.cozmoslabs.com\/wp-content\/uploads\/2017\/01\/IMG_3496bfree-8.jpg","width":1440,"height":960,"caption":"The road to success and the road to failure are almost exactly the same"},{"@type":"WebPage","@id":"https:\/\/manu015.supserv.cozmoslabs.com\/services\/#webpage","url":"https:\/\/manu015.supserv.cozmoslabs.com\/services\/","name":"Services that we offer in our taxi company - Your Private Driver","isPartOf":{"@id":"https:\/\/manu015.supserv.cozmoslabs.com\/#website"},"primaryImageOfPage":{"@id":"https:\/\/manu015.supserv.cozmoslabs.com\/services\/#primaryimage"},"datePublished":"2020-10-31T22:31:36+00:00","dateModified":"2020-11-13T08:23:01+00:00","description":"Find here the different taxi services that we offer with our Company. Our service range from airport tranfers and shuttle to private trips.","breadcrumb":{"@id":"https:\/\/manu015.supserv.cozmoslabs.com\/services\/#breadcrumb"},"inLanguage":"it-IT","potentialAction":[{"@type":"ReadAction","target":["https:\/\/manu015.supserv.cozmoslabs.com\/services\/"]}]},{"@type":"BreadcrumbList","@id":"https:\/\/manu015.supserv.cozmoslabs.com\/services\/#breadcrumb","itemListElement":[{"@type":"ListItem","position":1,"name":"Home","item":"https:\/\/manu015.supserv.cozmoslabs.com\/"},{"@type":"ListItem","position":2,"name":"Services"}]}]}},"_links":{"self":[{"href":"https:\/\/manu015.supserv.cozmoslabs.com\/it\/wp-json\/wp\/v2\/pages\/7089"}],"collection":[{"href":"https:\/\/manu015.supserv.cozmoslabs.com\/it\/wp-json\/wp\/v2\/pages"}],"about":[{"href":"https:\/\/manu015.supserv.cozmoslabs.com\/it\/wp-json\/wp\/v2\/types\/page"}],"author":[{"embeddable":true,"href":"https:\/\/manu015.supserv.cozmoslabs.com\/it\/wp-json\/wp\/v2\/users\/1"}],"replies":[{"embeddable":true,"href":"https:\/\/manu015.supserv.cozmoslabs.com\/it\/wp-json\/wp\/v2\/comments?post=7089"}],"version-history":[{"count":0,"href":"https:\/\/manu015.supserv.cozmoslabs.com\/it\/wp-json\/wp\/v2\/pages\/7089\/revisions"}],"wp:featuredmedia":[{"embeddable":true,"href":"https:\/\/manu015.supserv.cozmoslabs.com\/it\/wp-json\/wp\/v2\/media\/22"}],"wp:attachment":[{"href":"https:\/\/manu015.supserv.cozmoslabs.com\/it\/wp-json\/wp\/v2\/media?parent=7089"}],"curies":[{"name":"wp","href":"https:\/\/api.w.org\/{rel}","templated":true}]}}