{"id":7065,"date":"2020-10-31T15:38:27","date_gmt":"2020-10-31T15:38:27","guid":{"rendered":"https:\/\/manu015.supserv.cozmoslabs.com\/?page_id=7065"},"modified":"2020-11-13T08:09:59","modified_gmt":"2020-11-13T08:09:59","slug":"fleet","status":"publish","type":"page","link":"https:\/\/manu015.supserv.cozmoslabs.com\/it\/fleet\/","title":{"rendered":"Flotta"},"content":{"rendered":"<div  class=\"one withsmallpadding ppb_header\" style=\"text-align:left;padding:40px 0 40px 0;\" >\n<div class=\"standard_wrapper\">\n<div class=\"page_content_wrapper\">\n<div class=\"inner\">\n<div style=\"margin:auto;width:100%\">\n<h2 class=\"ppb_title\" style=\"\">Flotta di taxi<\/h2>\n<div class=\"page_tagline\" style=\"\">Abbiamo 6 categorie di veicoli<\/div>\n<div class=\"ppb_header_content\">\n<p>Abbiamo una grande flotta di taxi nella nostra azienda. Qui puoi vedere le foto di alcuni dei nostri veicoli. Tutti i nostri veicoli sono completamente autorizzati per il trasporto e hanno tutti un numero di targa che inizia con TL che significa Taxi Limousine come richiesto dalla normativa belga.<\/p>\n<p>Una vasta flotta di veicoli al servizio di te: berline, minivan, minibus e limousine. Tra le berline, puoi scegliere tra i modelli di lusso o standard. Lo stesso vale per i minibus, abbiamo i minivan di lusso e standard<br \/>\nLe nostre auto con autista dispongono di una rete Wi-Fi in modo che tu possa connetterti se necessario. I nostri interni puliti e ordinati vi invitano a rilassarvi e distendervi.<\/p>\n<\/div>\n<\/div>\n<\/div>\n<\/div>\n<\/div>\n<\/div>\n<div  class=\"one withsmallpadding ppb_header\" style=\"text-align:left;padding:40px 0 40px 0;\" >\n<div class=\"standard_wrapper\">\n<div class=\"page_content_wrapper\">\n<div class=\"inner\">\n<div style=\"margin:auto;width:100%\">\n<h2 class=\"ppb_title\" style=\"\">Berlina standard<\/h2>\n<div class=\"ppb_header_content\">\n<p>Questa \u00e8 la nostra categoria di veicoli pi\u00f9 economica. ha una capacit\u00e0 massima di 4 passeggeri e 3 bagagli. \u00c8 il pi\u00f9 popolare. In questa categoria troverai veicoli come Nissan Qashqai, Skoda Octavia o veicoli simili<\/p>\n<p>[ngg src = &quot;gallery&quot; ids = &quot;2 \u2033 display =&quot; basic_thumbnail &quot;]<\/p>\n<p>\u00a0<\/p>\n<\/div>\n<\/div>\n<\/div>\n<\/div>\n<\/div>\n<\/div>\n<div  class=\"one withsmallpadding ppb_header\" style=\"text-align:left;padding:40px 0 40px 0;\" >\n<div class=\"standard_wrapper\">\n<div class=\"page_content_wrapper\">\n<div class=\"inner\">\n<div style=\"margin:auto;width:100%\">\n<h2 class=\"ppb_title\" style=\"\">Executive Mercedes Benz Classe E.<\/h2>\n<div class=\"ppb_header_content\">\n<p>Le nostre berline Executive sono essenzialmente costituite da modelli come Mercedes-Benz Classe E, Audi A6, Volvo S90 o veicoli simili. Questo \u00e8 davvero lussuoso. \u00c8 stato progettato principalmente per ospitare un massimo di 3 passeggeri. Tuttavia, questo veicolo ha 4 cinture di sicurezza per i passeggeri. Pertanto consentiamo fino a 4 passeggeri in questo veicolo e 3 bagagli.<\/p>\n<p>[ngg src = &quot;gallery&quot; ids = &quot;3 \u2033 display =&quot; basic_slideshow &quot;]<\/p>\n<\/div>\n<\/div>\n<\/div>\n<\/div>\n<\/div>\n<\/div>\n<div  class=\"one withsmallpadding ppb_header\" style=\"text-align:left;padding:40px 0 40px 0;\" >\n<div class=\"standard_wrapper\">\n<div class=\"page_content_wrapper\">\n<div class=\"inner\">\n<div style=\"margin:auto;width:100%\">\n<h2 class=\"ppb_title\" style=\"\">Minivan standard<\/h2>\n<div class=\"ppb_header_content\">\n<p>Questa categoria di veicoli pu\u00f2 ospitare fino a 8 passeggeri per veicolo. \u00c8 il modo pi\u00f9 economico per viaggiare in taxi se si hanno molti bagagli o se si \u00e8 un gruppo di persone superiore a 4.<\/p>\n<p>Nella nostra categoria di minibus standard, abbiamo veicoli come Opel Vivaro, Renault Trafic o veicoli simili<\/p>\n<p>[ngg src = &quot;gallery&quot; ids = &quot;4 \u2033 display =&quot; basic_imagebrowser &quot;]<\/p>\n<p>\u00a0<\/p>\n<\/div>\n<\/div>\n<\/div>\n<\/div>\n<\/div>\n<\/div>\n<div  class=\"one withsmallpadding ppb_header\" style=\"text-align:left;padding:40px 0 40px 0;\" >\n<div class=\"standard_wrapper\">\n<div class=\"page_content_wrapper\">\n<div class=\"inner\">\n<div style=\"margin:auto;width:100%\">\n<h2 class=\"ppb_title\" style=\"\">Minivan Executive Mercedes Benz Classe V e Vito tourer<\/h2>\n<div class=\"ppb_header_content\">\n<p>In questa categoria, abbiamo vari tipi di modelli come Mercedes Classe V, Mercedes Benz Vito Tourer, Mercedes Benz Viano, Ford Customs Tourneo ecc ... Questo tipo di veicolo pu\u00f2 ospitare fino a 7 o 8 passeggeri al massimo a seconda della marca e del modello di il minivan. \u00c8 il nostro veicolo pi\u00f9 lussuoso. Molto spazioso, dispone di 6 sedili in pelle nella parte posteriore e 1 o 2 posti passeggeri nella parte anteriore. 2 file di 3 posti uno di fronte all&#39;altro. Ti senti davvero come in un salotto quando sei a bordo del nostro minivan Mercedes Benz Classe V.<br \/>\nPer un gruppo di 8 persone, abbiamo anche una soluzione lussuosa per loro poich\u00e9 abbiamo questo secondo modello di minivan. \u00c8 il nostro modello Mercedes Benz Vito tourer. Dispone inoltre di 6 sedili in pelle nella parte posteriore con 2 file di 3 sedili uno di fronte all&#39;altro. Nella cabina anteriore abbiamo 2 posti extra. Capisci molto bene che nella nostra Mercedes Benz Vito Tourer possiamo trasportare fino a 8 passeggeri con lo stesso comfort e lusso della nostra Mercedes Benz Classe V.<\/p>\n<p>[ngg src = &quot;gallery&quot; ids = &quot;5 \u2033 display =&quot; basic_thumbnail &quot;]<\/p>\n<\/div>\n<\/div>\n<\/div>\n<\/div>\n<\/div>\n<\/div>\n<div  class=\"one withsmallpadding ppb_header\" style=\"text-align:left;padding:40px 0 40px 0;\" >\n<div class=\"standard_wrapper\">\n<div class=\"page_content_wrapper\">\n<div class=\"inner\">\n<div style=\"margin:auto;width:100%\">\n<h2 class=\"ppb_title\" style=\"\">Taxi per sedia a rotelle. Limousine e autobus<\/h2>\n<div class=\"ppb_header_content\">\n<p>Abbiamo anche un taxi speciale per il trasporto di persone in sedia a rotelle. Abbiamo grandi autobus della capacit\u00e0 di 48 passeggeri per autobus per un grande gruppo di persone. Soprattutto se non vogliono viaggiare con minivan diversi. Se hai bisogno di una limousine per un evento particolare. Per ulteriori informazioni rivolgersi al ns <a href=\"https:\/\/manu015.supserv.cozmoslabs.com\/\">homepage<\/a><\/p>\n<\/div>\n<\/div>\n<\/div>\n<\/div>\n<\/div>\n<\/div>","protected":false},"excerpt":{"rendered":"<p>Taxi Fleet We have 6 categories of vehicles We have a large taxi fleet in our company. Here you can see the photos of some of our vehicles. All our vehicles are fully licenced for transport and they all have [&hellip;]<\/p>","protected":false},"author":1,"featured_media":7665,"parent":0,"menu_order":0,"comment_status":"closed","ping_status":"closed","template":"","meta":[],"yoast_head":"<!-- This site is optimized with the Yoast SEO plugin v18.4.1 - https:\/\/yoast.com\/wordpress\/plugins\/seo\/ -->\n<title>Discover the fleet of our taxi company - Your Private Driver<\/title>\n<meta name=\"description\" content=\"We have a very large fleet made up of 4 categories of vehicles ranging from sedans to minivans, both standard and luxury.\" \/>\n<meta name=\"robots\" content=\"index, follow, max-snippet:-1, max-image-preview:large, max-video-preview:-1\" \/>\n<link rel=\"canonical\" href=\"https:\/\/manu015.supserv.cozmoslabs.com\/it\/fleet\/\" \/>\n<meta property=\"og:locale\" content=\"it_IT\" \/>\n<meta property=\"og:type\" content=\"article\" \/>\n<meta property=\"og:title\" content=\"Discover the fleet of our taxi company - Your Private Driver\" \/>\n<meta property=\"og:description\" content=\"We have a very large fleet made up of 4 categories of vehicles ranging from sedans to minivans, both standard and luxury.\" \/>\n<meta property=\"og:url\" content=\"https:\/\/manu015.supserv.cozmoslabs.com\/it\/fleet\/\" \/>\n<meta property=\"og:site_name\" content=\"Your Private Driver\" \/>\n<meta property=\"article:publisher\" content=\"https:\/\/www.facebook.com\/yourprivatedriverbrussels\" \/>\n<meta property=\"article:modified_time\" content=\"2020-11-13T08:09:59+00:00\" \/>\n<meta property=\"og:image\" content=\"https:\/\/manu015.supserv.cozmoslabs.com\/wp-content\/uploads\/2020\/11\/flotte-vehicules-taxi-aeroport.png\" \/>\n\t<meta property=\"og:image:width\" content=\"534\" \/>\n\t<meta property=\"og:image:height\" content=\"230\" \/>\n\t<meta property=\"og:image:type\" content=\"image\/png\" \/>\n<meta name=\"twitter:card\" content=\"summary_large_image\" \/>\n<meta name=\"twitter:site\" content=\"@privatedriverbx\" \/>\n<meta name=\"twitter:label1\" content=\"Tempo di lettura stimato\" \/>\n\t<meta name=\"twitter:data1\" content=\"3 minuti\" \/>\n<script type=\"application\/ld+json\" class=\"yoast-schema-graph\">{\"@context\":\"https:\/\/schema.org\",\"@graph\":[{\"@type\":\"Organization\",\"@id\":\"https:\/\/manu015.supserv.cozmoslabs.com\/#organization\",\"name\":\"Your Private Driver\",\"url\":\"https:\/\/manu015.supserv.cozmoslabs.com\/\",\"sameAs\":[\"https:\/\/www.facebook.com\/yourprivatedriverbrussels\",\"https:\/\/www.instagram.com\/taxibrusselsairport\/\",\"https:\/\/www.linkedin.com\/company\/yourprivatedriver\/\",\"https:\/\/www.youtube.com\/channel\/UCdFj5lm3qhOZWz_Rz0yupVA\",\"https:\/\/www.pinterest.fr\/pin\/704672672920362864\/\",\"https:\/\/twitter.com\/privatedriverbx\"],\"logo\":{\"@type\":\"ImageObject\",\"@id\":\"https:\/\/manu015.supserv.cozmoslabs.com\/#logo\",\"inLanguage\":\"it-IT\",\"url\":\"\",\"contentUrl\":\"\",\"caption\":\"Your Private Driver\"},\"image\":{\"@id\":\"https:\/\/manu015.supserv.cozmoslabs.com\/#logo\"}},{\"@type\":\"WebSite\",\"@id\":\"https:\/\/manu015.supserv.cozmoslabs.com\/#website\",\"url\":\"https:\/\/manu015.supserv.cozmoslabs.com\/\",\"name\":\"Your Private Driver\",\"description\":\"Taxi Brussels airport - Taxi Charleroi airport\",\"publisher\":{\"@id\":\"https:\/\/manu015.supserv.cozmoslabs.com\/#organization\"},\"potentialAction\":[{\"@type\":\"SearchAction\",\"target\":{\"@type\":\"EntryPoint\",\"urlTemplate\":\"https:\/\/manu015.supserv.cozmoslabs.com\/?s={search_term_string}\"},\"query-input\":\"required name=search_term_string\"}],\"inLanguage\":\"it-IT\"},{\"@type\":\"ImageObject\",\"@id\":\"https:\/\/manu015.supserv.cozmoslabs.com\/fleet\/#primaryimage\",\"inLanguage\":\"it-IT\",\"url\":\"https:\/\/manu015.supserv.cozmoslabs.com\/wp-content\/uploads\/2020\/11\/flotte-vehicules-taxi-aeroport.png\",\"contentUrl\":\"https:\/\/manu015.supserv.cozmoslabs.com\/wp-content\/uploads\/2020\/11\/flotte-vehicules-taxi-aeroport.png\",\"width\":534,\"height\":230,\"caption\":\"Our Fleet\"},{\"@type\":\"WebPage\",\"@id\":\"https:\/\/manu015.supserv.cozmoslabs.com\/fleet\/#webpage\",\"url\":\"https:\/\/manu015.supserv.cozmoslabs.com\/fleet\/\",\"name\":\"Discover the fleet of our taxi company - Your Private Driver\",\"isPartOf\":{\"@id\":\"https:\/\/manu015.supserv.cozmoslabs.com\/#website\"},\"primaryImageOfPage\":{\"@id\":\"https:\/\/manu015.supserv.cozmoslabs.com\/fleet\/#primaryimage\"},\"datePublished\":\"2020-10-31T15:38:27+00:00\",\"dateModified\":\"2020-11-13T08:09:59+00:00\",\"description\":\"We have a very large fleet made up of 4 categories of vehicles ranging from sedans to minivans, both standard and luxury.\",\"breadcrumb\":{\"@id\":\"https:\/\/manu015.supserv.cozmoslabs.com\/fleet\/#breadcrumb\"},\"inLanguage\":\"it-IT\",\"potentialAction\":[{\"@type\":\"ReadAction\",\"target\":[\"https:\/\/manu015.supserv.cozmoslabs.com\/fleet\/\"]}]},{\"@type\":\"BreadcrumbList\",\"@id\":\"https:\/\/manu015.supserv.cozmoslabs.com\/fleet\/#breadcrumb\",\"itemListElement\":[{\"@type\":\"ListItem\",\"position\":1,\"name\":\"Home\",\"item\":\"https:\/\/manu015.supserv.cozmoslabs.com\/\"},{\"@type\":\"ListItem\",\"position\":2,\"name\":\"Fleet\"}]}]}<\/script>\n<!-- \/ Yoast SEO plugin. -->","yoast_head_json":{"title":"Discover the fleet of our taxi company - Your Private Driver","description":"We have a very large fleet made up of 4 categories of vehicles ranging from sedans to minivans, both standard and luxury.","robots":{"index":"index","follow":"follow","max-snippet":"max-snippet:-1","max-image-preview":"max-image-preview:large","max-video-preview":"max-video-preview:-1"},"canonical":"https:\/\/manu015.supserv.cozmoslabs.com\/it\/fleet\/","og_locale":"it_IT","og_type":"article","og_title":"Discover the fleet of our taxi company - Your Private Driver","og_description":"We have a very large fleet made up of 4 categories of vehicles ranging from sedans to minivans, both standard and luxury.","og_url":"https:\/\/manu015.supserv.cozmoslabs.com\/it\/fleet\/","og_site_name":"Your Private Driver","article_publisher":"https:\/\/www.facebook.com\/yourprivatedriverbrussels","article_modified_time":"2020-11-13T08:09:59+00:00","og_image":[{"width":534,"height":230,"url":"https:\/\/manu015.supserv.cozmoslabs.com\/wp-content\/uploads\/2020\/11\/flotte-vehicules-taxi-aeroport.png","type":"image\/png"}],"twitter_card":"summary_large_image","twitter_site":"@privatedriverbx","twitter_misc":{"Tempo di lettura stimato":"3 minuti"},"schema":{"@context":"https:\/\/schema.org","@graph":[{"@type":"Organization","@id":"https:\/\/manu015.supserv.cozmoslabs.com\/#organization","name":"Your Private Driver","url":"https:\/\/manu015.supserv.cozmoslabs.com\/","sameAs":["https:\/\/www.facebook.com\/yourprivatedriverbrussels","https:\/\/www.instagram.com\/taxibrusselsairport\/","https:\/\/www.linkedin.com\/company\/yourprivatedriver\/","https:\/\/www.youtube.com\/channel\/UCdFj5lm3qhOZWz_Rz0yupVA","https:\/\/www.pinterest.fr\/pin\/704672672920362864\/","https:\/\/twitter.com\/privatedriverbx"],"logo":{"@type":"ImageObject","@id":"https:\/\/manu015.supserv.cozmoslabs.com\/#logo","inLanguage":"it-IT","url":"","contentUrl":"","caption":"Your Private Driver"},"image":{"@id":"https:\/\/manu015.supserv.cozmoslabs.com\/#logo"}},{"@type":"WebSite","@id":"https:\/\/manu015.supserv.cozmoslabs.com\/#website","url":"https:\/\/manu015.supserv.cozmoslabs.com\/","name":"Your Private Driver","description":"Taxi Brussels airport - Taxi Charleroi airport","publisher":{"@id":"https:\/\/manu015.supserv.cozmoslabs.com\/#organization"},"potentialAction":[{"@type":"SearchAction","target":{"@type":"EntryPoint","urlTemplate":"https:\/\/manu015.supserv.cozmoslabs.com\/?s={search_term_string}"},"query-input":"required name=search_term_string"}],"inLanguage":"it-IT"},{"@type":"ImageObject","@id":"https:\/\/manu015.supserv.cozmoslabs.com\/fleet\/#primaryimage","inLanguage":"it-IT","url":"https:\/\/manu015.supserv.cozmoslabs.com\/wp-content\/uploads\/2020\/11\/flotte-vehicules-taxi-aeroport.png","contentUrl":"https:\/\/manu015.supserv.cozmoslabs.com\/wp-content\/uploads\/2020\/11\/flotte-vehicules-taxi-aeroport.png","width":534,"height":230,"caption":"Our Fleet"},{"@type":"WebPage","@id":"https:\/\/manu015.supserv.cozmoslabs.com\/fleet\/#webpage","url":"https:\/\/manu015.supserv.cozmoslabs.com\/fleet\/","name":"Discover the fleet of our taxi company - Your Private Driver","isPartOf":{"@id":"https:\/\/manu015.supserv.cozmoslabs.com\/#website"},"primaryImageOfPage":{"@id":"https:\/\/manu015.supserv.cozmoslabs.com\/fleet\/#primaryimage"},"datePublished":"2020-10-31T15:38:27+00:00","dateModified":"2020-11-13T08:09:59+00:00","description":"We have a very large fleet made up of 4 categories of vehicles ranging from sedans to minivans, both standard and luxury.","breadcrumb":{"@id":"https:\/\/manu015.supserv.cozmoslabs.com\/fleet\/#breadcrumb"},"inLanguage":"it-IT","potentialAction":[{"@type":"ReadAction","target":["https:\/\/manu015.supserv.cozmoslabs.com\/fleet\/"]}]},{"@type":"BreadcrumbList","@id":"https:\/\/manu015.supserv.cozmoslabs.com\/fleet\/#breadcrumb","itemListElement":[{"@type":"ListItem","position":1,"name":"Home","item":"https:\/\/manu015.supserv.cozmoslabs.com\/"},{"@type":"ListItem","position":2,"name":"Fleet"}]}]}},"_links":{"self":[{"href":"https:\/\/manu015.supserv.cozmoslabs.com\/it\/wp-json\/wp\/v2\/pages\/7065"}],"collection":[{"href":"https:\/\/manu015.supserv.cozmoslabs.com\/it\/wp-json\/wp\/v2\/pages"}],"about":[{"href":"https:\/\/manu015.supserv.cozmoslabs.com\/it\/wp-json\/wp\/v2\/types\/page"}],"author":[{"embeddable":true,"href":"https:\/\/manu015.supserv.cozmoslabs.com\/it\/wp-json\/wp\/v2\/users\/1"}],"replies":[{"embeddable":true,"href":"https:\/\/manu015.supserv.cozmoslabs.com\/it\/wp-json\/wp\/v2\/comments?post=7065"}],"version-history":[{"count":0,"href":"https:\/\/manu015.supserv.cozmoslabs.com\/it\/wp-json\/wp\/v2\/pages\/7065\/revisions"}],"wp:featuredmedia":[{"embeddable":true,"href":"https:\/\/manu015.supserv.cozmoslabs.com\/it\/wp-json\/wp\/v2\/media\/7665"}],"wp:attachment":[{"href":"https:\/\/manu015.supserv.cozmoslabs.com\/it\/wp-json\/wp\/v2\/media?parent=7065"}],"curies":[{"name":"wp","href":"https:\/\/api.w.org\/{rel}","templated":true}]}}