{"id":7018,"date":"2020-10-31T13:03:15","date_gmt":"2020-10-31T13:03:15","guid":{"rendered":"https:\/\/manu015.supserv.cozmoslabs.com\/?page_id=7018"},"modified":"2020-11-13T07:50:29","modified_gmt":"2020-11-13T07:50:29","slug":"about-us","status":"publish","type":"page","link":"https:\/\/manu015.supserv.cozmoslabs.com\/it\/about-us\/","title":{"rendered":"Chi siamo"},"content":{"rendered":"<div  class=\"one withsmallpadding ppb_header\" style=\"text-align:left;padding:40px 0 40px 0;\" >\n<div class=\"standard_wrapper\">\n<div class=\"page_content_wrapper\">\n<div class=\"inner\">\n<div style=\"margin:auto;width:100%\">\n<h2 class=\"ppb_title\" style=\"\">Il tuo autista privato<\/h2>\n<div class=\"ppb_header_content\">\n<p>Your Private Driver \u00e8 una compagnia di taxi e un vettore passeggeri remunerato fondata intorno all&#39;inizio del 2016. La compagnia ha sede a Bruxelles e opera in tutto il Belgio e in tutta Europa. Inoltre, <em><strong>Il tuo autista privato<\/strong><\/em> \u00e8 un attore chiave nel trasporto di persone a Bruxelles. Offre un servizio di trasporto disponibile per i passeggeri in arrivo all&#39;aeroporto di Bruxelles e all&#39;aeroporto di Charleroi.<\/p>\n<p>Your Private Driver \u00e8 una compagnia di taxi affidabile per gli aeroporti.<br \/>\nNel caso in cui prevedi di visitare il centro di Bruxelles, il tuo autista privato ti assister\u00e0. In effetti ci sono innumerevoli cose che puoi fare con la famiglia. Anche se sei in viaggio d&#39;affari. In effetti, Bruxelles \u00e8 semplicemente una delle citt\u00e0 pi\u00f9 belle del mondo con i suoi numerosi spazi verdi.<\/p>\n<p>Puoi fidarti di noi per tutte le tue esigenze di trasporto a Bruxelles. Un viaggio in taxi verso uno dei nostri aeroporti belgi, un matrimonio a Bruxelles, un trasporto di gruppo per una riunione, una festa privata, un tour della citt\u00e0 <a href=\"https:\/\/manu015.supserv.cozmoslabs.com\/services\/\">o un viaggio in taxi da \/ per un&#39;altra citt\u00e0 belga.<\/a> Your private driver <a href=\"https:\/\/manu015.supserv.cozmoslabs.com\/fleet\/\">ha veicoli<\/a> e autisti professionisti per rendere il tuo viaggio memorabile. Siamo affidabili e convenienti per tutti i tuoi viaggi in taxi.<\/p>\n<p>Se vuoi saperne di pi\u00f9 su di noi e sui diversi argomenti riguardanti i taxi a Bruxelles in particolare e nel mondo, in generale, visita <a href=\"https:\/\/manu015.supserv.cozmoslabs.com\/blog\/\">il nostro blog sui taxi.<\/a> Sentiti libero di condividere le tue idee ed esperienze. Lascia i tuoi commenti se ne hai voglia. Condividi la tua esperienza nel nostro blog sui taxi, come utente di taxi o semplicemente come tassista.<\/p>\n<\/div>\n<\/div>\n<\/div>\n<\/div>\n<\/div>\n<\/div>\n<div  class=\"one withsmallpadding ppb_header\" style=\"text-align:center;padding:50px 0 50px 0;background-color:#5856d6;color:#ffffff;\" >\n<div class=\"standard_wrapper\">\n<div class=\"page_content_wrapper\">\n<div class=\"inner\">\n<div style=\"margin:auto;width:50%\">\n<h2 class=\"ppb_title\" style=\"color:#ffffff;\">Tassisti professionisti<\/h2>\n<div class=\"ppb_header_content\">\n<p>I nostri autisti professionisti ti lasciano all&#39;aeroporto di Bruxelles Zaventem e ti vengono a prendere dall&#39;aeroporto di Bruxelles, Charleroi e Liegi. Inoltre, Your Private Driver ti offre un viaggio veloce e tranquillo in auto confortevoli, dotate di una rete Wi-Fi ad alte prestazioni.<\/p>\n<div class=\"one_half\" style=\"\">\n<div class=\"animate_counter_wrapper\">\n<div id=\"1605253829349298397\" class=\"odometer\" style=\"font-size:60px;line-height:60px;\">0<\/div>\n<div class=\"count_separator\"><span><\/span><\/div>\n<div class=\"counter_subject\">Viaggi<\/div>\n<\/div>\n<\/div>\n<div class=\"one_half last\" style=\"\">\n<div class=\"animate_counter_wrapper\">\n<div id=\"16052538291044985847\" class=\"odometer\" style=\"font-size:60px;line-height:60px;\">0<\/div>\n<div class=\"count_separator\"><span><\/span><\/div>\n<div class=\"counter_subject\">Clienti felici<\/div>\n<\/div>\n<\/div>\n<p><br class=\"clear\"\/><\/p>\n<\/div>\n<\/div>\n<\/div>\n<\/div>\n<\/div>\n<\/div>\n<div  class=\"one withsmallpadding ppb_header\" style=\"text-align:left;padding:40px 0 40px 0;\" >\n<div class=\"standard_wrapper\">\n<div class=\"page_content_wrapper\">\n<div class=\"inner\">\n<div style=\"margin:auto;width:100%\">\n<h2 class=\"ppb_title\" style=\"\">Servizio taxi professionale a Bruxelles<\/h2>\n<div class=\"ppb_header_content\">\n<p>Approfitta del nostro <a href=\"https:\/\/manu015.supserv.cozmoslabs.com\/services\/\"> servizio di trasferimento aeroportuale, servizio limousine e navetta aeroportuale <\/a> visitare <a href=\"https:\/\/visit.brussels\/en\/category\/monuments-sites\" target=\"_blank\" rel=\"noopener noreferrer\"> luoghi storici di Bruxelles<\/a> e Bruges. Non esitare a <a href=\"https:\/\/manu015.supserv.cozmoslabs.com\/contact-us\/\"> Contattaci<\/a> per saperne di pi\u00f9 sui nostri tour privati. I nostri autisti attraversano anche i confini belgi per portarti a destinazione.<\/p>\n<\/div>\n<\/div>\n<\/div>\n<\/div>\n<\/div>\n<\/div>\n<div  class=\"one withsmallpadding ppb_header\" style=\"text-align:left;padding:40px 0 40px 0;\" >\n<div class=\"standard_wrapper\">\n<div class=\"page_content_wrapper\">\n<div class=\"inner\">\n<div style=\"margin:auto;width:100%\">\n<h2 class=\"ppb_title\" style=\"\">Il business dei taxi a Bruxelles \u00e8 il nostro servizio<\/h2>\n<div class=\"ppb_header_content\">\n<p>Affidati a noi per tutti i tuoi viaggi in taxi a Bruxelles o agli aeroporti. Il trasporto di persone \u00e8 la nostra specialit\u00e0. Inoltre, forniamo il servizio di noleggio auto con autista. Hai tutte le ragioni per fidarti di noi. Ad oggi, abbiamo centinaia di clienti soddisfatti.<\/p>\n<p>Se stai cercando un modo economico e comodo per prendere un taxi da o per l&#39;aeroporto di Bruxelles e l&#39;aeroporto di Charleroi, questo non ti roviner\u00e0. Allora Your Private Driver rimane la tua soluzione ideale.<\/p>\n<\/div>\n<\/div>\n<\/div>\n<\/div>\n<\/div>\n<\/div>\n<div  class=\"one withsmallpadding ppb_header\" style=\"text-align:left;padding:40px 0 40px 0;\" >\n<div class=\"standard_wrapper\">\n<div class=\"page_content_wrapper\">\n<div class=\"inner\">\n<div style=\"margin:auto;width:100%\">\n<h2 class=\"ppb_title\" style=\"\">Prenotazione taxi presso il tuo autista privato<\/h2>\n<div class=\"ppb_header_content\">\n<p>Il nostro sistema di prenotazione taxi online ti aiuter\u00e0 a prenotare facilmente il tuo taxi. Quando prenoti online sul nostro sito web, puoi confrontare direttamente e vedere quale tipo di veicolo \u00e8 pi\u00f9 economico o comodo a seconda della tua destinazione e del budget.<\/p>\n<p>Prenota il tuo taxi aeroportuale con il tuo autista privato. In effetti questo ti permetter\u00e0 di rimanere senza stress il giorno del tuo viaggio. In effetti, se prenoti il tuo taxi dall&#39;aeroporto di Bruxelles o dall&#39;aeroporto di Charleroi con largo anticipo, non avrai nulla di cui preoccuparti durante il giorno del viaggio. Allo stesso modo, se prenoti un taxi per la citt\u00e0 di Anversa, Liegi, Gand, Bruges, Liegi o Namur. Una prenotazione di taxi con noi ti consente di conoscere in anticipo il prezzo finale fisso della tua corsa in taxi.<\/p>\n<p>Da una semplice berlina a taxi di lusso, ce n&#39;\u00e8 per tutti i gusti e per tutte le tasche. Quindi prenota ora il tuo taxi aeroportuale per essere prelevato dall&#39;aeroporto di Bruxelles e dall&#39;aeroporto di Charleroi, o semplicemente essere lasciato l\u00ec.<\/p>\n<p>Grazie al nostro sistema di prenotazione online, sei al sicuro dalla sorpresa di un aumento delle tariffe dell&#39;ultimo minuto. \u00c8 un dato di fatto che ci\u00f2 accade solo quando vuoi ordinare il tuo taxi Uber o il taxi Heetch per l&#39;aeroporto. Ora stiamo tutti parlando del famoso aumento dei prezzi di Uber. Non sperimenterai mai una cosa del genere con il tuo autista privato<\/p>\n<h3>Come pagare il taxi presso il tuo autista privato?<\/h3>\n<h4>Mezzi di pagamento per il tuo taxi aeroportuale.<\/h4>\n<p>Al momento della prenotazione del taxi, sceglierai tra un pagamento online sicuro immediato o un pagamento in contanti.<\/p>\n<p>Il tuo autista privato accetta la maggior parte dei metodi di pagamento come Mastercard, Visa, American Express, PayPal, Ideal, Sofort Banking, Bancontact, EPS, CartaSi, GiroPay, KBC \/ CBC, Belfius, ING, Paysafecard, carte bancarie, Sepa Direct Debit, Sepa Bank Trasferimento, carte regalo e molte altre carte di credito o di debito. Per qualsiasi pagamento online, \u00e8 richiesto un costo aggiuntivo di 4%. Questo \u00e8 per la commissione sulle transazioni con carta di credito \/ Paypal.<\/p>\n<p>Nel caso si scelga il pagamento in contanti, non \u00e8 richiesto alcun costo aggiuntivo. Il pagamento viene effettuato all&#39;autista. Tuttavia, devi solo avere il cambio esatto perch\u00e9 i nostri autisti non camminano spesso con molti soldi in contanti.<\/p>\n<h4>Tariffa taxi economica.<\/h4>\n<p>Tariffa taxi competitiva per minivan privati, Mercedes-Benz classe V o simili per un massimo di 8 persone. Inoltre, paghi una tariffa ragionevole in taxi per l&#39;aeroporto con berline executive come Mercedes-Benz classe E. Questa tariffa taxi conveniente si applica anche ai minibus standard per 8 persone come Opel Vivaro o Volkswagen Caravell. La tariffa di taxi economica si applica anche alle berline standard come Skoda Octavia o veicoli simili.<\/p>\n<p>Da Your Private Driver, trovi una delle tariffe dei taxi pi\u00f9 economiche di Bruxelles. Taxi da 35 euro per un trasferimento dall&#39;aeroporto di Bruxelles al centro di Bruxelles. Questo prezzo include il servizio di reception in aeroporto. Il tuo autista privato applica tariffe taxi molto economiche. In effetti, questo per consentire a tutti di godere dei nostri servizi eccezionali.<\/p>\n<p>Non esitate a registrarvi o <a href=\"https:\/\/manu015.supserv.cozmoslabs.com\/account\/\">Accedi al tuo account<\/a> per gestire le tue prenotazioni o effettuare una nuova prenotazione.<\/p>\n<\/div>\n<\/div>\n<\/div>\n<\/div>\n<\/div>\n<\/div>","protected":false},"excerpt":{"rendered":"<p>Your Private Driver Your Private Driver is a taxi company and remunerated passenger carrier founded around early 2016. The company is located in Brussels and operates throughout Belgium and across Europe. In addition, Your Private Driver is a key player [&hellip;]<\/p>","protected":false},"author":1,"featured_media":7659,"parent":0,"menu_order":0,"comment_status":"closed","ping_status":"closed","template":"","meta":[],"yoast_head":"<!-- This site is optimized with the Yoast SEO plugin v18.4.1 - https:\/\/yoast.com\/wordpress\/plugins\/seo\/ -->\n<title>Learn more about our taxi company - Your Private Driver<\/title>\n<meta name=\"description\" content=\"Your Private Driver is taxi company founded in early 2016. We provide taxi service in Brussels and to BRU and CRL airports.\" \/>\n<meta name=\"robots\" content=\"index, follow, max-snippet:-1, max-image-preview:large, max-video-preview:-1\" \/>\n<link rel=\"canonical\" href=\"https:\/\/manu015.supserv.cozmoslabs.com\/it\/about-us\/\" \/>\n<meta property=\"og:locale\" content=\"it_IT\" \/>\n<meta property=\"og:type\" content=\"article\" \/>\n<meta property=\"og:title\" content=\"Learn more about our taxi company - Your Private Driver\" \/>\n<meta property=\"og:description\" content=\"Your Private Driver is taxi company founded in early 2016. We provide taxi service in Brussels and to BRU and CRL airports.\" \/>\n<meta property=\"og:url\" content=\"https:\/\/manu015.supserv.cozmoslabs.com\/it\/about-us\/\" \/>\n<meta property=\"og:site_name\" content=\"Your Private Driver\" \/>\n<meta property=\"article:publisher\" content=\"https:\/\/www.facebook.com\/yourprivatedriverbrussels\" \/>\n<meta property=\"article:modified_time\" content=\"2020-11-13T07:50:29+00:00\" \/>\n<meta property=\"og:image\" content=\"https:\/\/manu015.supserv.cozmoslabs.com\/wp-content\/uploads\/2020\/11\/about.jpg\" \/>\n\t<meta property=\"og:image:width\" content=\"854\" \/>\n\t<meta property=\"og:image:height\" content=\"334\" \/>\n\t<meta property=\"og:image:type\" content=\"image\/jpeg\" \/>\n<meta name=\"twitter:card\" content=\"summary_large_image\" \/>\n<meta name=\"twitter:site\" content=\"@privatedriverbx\" \/>\n<meta name=\"twitter:label1\" content=\"Tempo di lettura stimato\" \/>\n\t<meta name=\"twitter:data1\" content=\"5 minuti\" \/>\n<script type=\"application\/ld+json\" class=\"yoast-schema-graph\">{\"@context\":\"https:\/\/schema.org\",\"@graph\":[{\"@type\":\"Organization\",\"@id\":\"https:\/\/manu015.supserv.cozmoslabs.com\/#organization\",\"name\":\"Your Private Driver\",\"url\":\"https:\/\/manu015.supserv.cozmoslabs.com\/\",\"sameAs\":[\"https:\/\/www.facebook.com\/yourprivatedriverbrussels\",\"https:\/\/www.instagram.com\/taxibrusselsairport\/\",\"https:\/\/www.linkedin.com\/company\/yourprivatedriver\/\",\"https:\/\/www.youtube.com\/channel\/UCdFj5lm3qhOZWz_Rz0yupVA\",\"https:\/\/www.pinterest.fr\/pin\/704672672920362864\/\",\"https:\/\/twitter.com\/privatedriverbx\"],\"logo\":{\"@type\":\"ImageObject\",\"@id\":\"https:\/\/manu015.supserv.cozmoslabs.com\/#logo\",\"inLanguage\":\"it-IT\",\"url\":\"\",\"contentUrl\":\"\",\"caption\":\"Your Private Driver\"},\"image\":{\"@id\":\"https:\/\/manu015.supserv.cozmoslabs.com\/#logo\"}},{\"@type\":\"WebSite\",\"@id\":\"https:\/\/manu015.supserv.cozmoslabs.com\/#website\",\"url\":\"https:\/\/manu015.supserv.cozmoslabs.com\/\",\"name\":\"Your Private Driver\",\"description\":\"Taxi Brussels airport - Taxi Charleroi airport\",\"publisher\":{\"@id\":\"https:\/\/manu015.supserv.cozmoslabs.com\/#organization\"},\"potentialAction\":[{\"@type\":\"SearchAction\",\"target\":{\"@type\":\"EntryPoint\",\"urlTemplate\":\"https:\/\/manu015.supserv.cozmoslabs.com\/?s={search_term_string}\"},\"query-input\":\"required name=search_term_string\"}],\"inLanguage\":\"it-IT\"},{\"@type\":\"ImageObject\",\"@id\":\"https:\/\/manu015.supserv.cozmoslabs.com\/about-us\/#primaryimage\",\"inLanguage\":\"it-IT\",\"url\":\"https:\/\/manu015.supserv.cozmoslabs.com\/wp-content\/uploads\/2020\/11\/about.jpg\",\"contentUrl\":\"https:\/\/manu015.supserv.cozmoslabs.com\/wp-content\/uploads\/2020\/11\/about.jpg\",\"width\":854,\"height\":334,\"caption\":\"About Us\"},{\"@type\":\"WebPage\",\"@id\":\"https:\/\/manu015.supserv.cozmoslabs.com\/about-us\/#webpage\",\"url\":\"https:\/\/manu015.supserv.cozmoslabs.com\/about-us\/\",\"name\":\"Learn more about our taxi company - Your Private Driver\",\"isPartOf\":{\"@id\":\"https:\/\/manu015.supserv.cozmoslabs.com\/#website\"},\"primaryImageOfPage\":{\"@id\":\"https:\/\/manu015.supserv.cozmoslabs.com\/about-us\/#primaryimage\"},\"datePublished\":\"2020-10-31T13:03:15+00:00\",\"dateModified\":\"2020-11-13T07:50:29+00:00\",\"description\":\"Your Private Driver is taxi company founded in early 2016. We provide taxi service in Brussels and to BRU and CRL airports.\",\"breadcrumb\":{\"@id\":\"https:\/\/manu015.supserv.cozmoslabs.com\/about-us\/#breadcrumb\"},\"inLanguage\":\"it-IT\",\"potentialAction\":[{\"@type\":\"ReadAction\",\"target\":[\"https:\/\/manu015.supserv.cozmoslabs.com\/about-us\/\"]}]},{\"@type\":\"BreadcrumbList\",\"@id\":\"https:\/\/manu015.supserv.cozmoslabs.com\/about-us\/#breadcrumb\",\"itemListElement\":[{\"@type\":\"ListItem\",\"position\":1,\"name\":\"Home\",\"item\":\"https:\/\/manu015.supserv.cozmoslabs.com\/\"},{\"@type\":\"ListItem\",\"position\":2,\"name\":\"About Us\"}]}]}<\/script>\n<!-- \/ Yoast SEO plugin. -->","yoast_head_json":{"title":"Learn more about our taxi company - Your Private Driver","description":"Your Private Driver is taxi company founded in early 2016. We provide taxi service in Brussels and to BRU and CRL airports.","robots":{"index":"index","follow":"follow","max-snippet":"max-snippet:-1","max-image-preview":"max-image-preview:large","max-video-preview":"max-video-preview:-1"},"canonical":"https:\/\/manu015.supserv.cozmoslabs.com\/it\/about-us\/","og_locale":"it_IT","og_type":"article","og_title":"Learn more about our taxi company - Your Private Driver","og_description":"Your Private Driver is taxi company founded in early 2016. We provide taxi service in Brussels and to BRU and CRL airports.","og_url":"https:\/\/manu015.supserv.cozmoslabs.com\/it\/about-us\/","og_site_name":"Your Private Driver","article_publisher":"https:\/\/www.facebook.com\/yourprivatedriverbrussels","article_modified_time":"2020-11-13T07:50:29+00:00","og_image":[{"width":854,"height":334,"url":"https:\/\/manu015.supserv.cozmoslabs.com\/wp-content\/uploads\/2020\/11\/about.jpg","type":"image\/jpeg"}],"twitter_card":"summary_large_image","twitter_site":"@privatedriverbx","twitter_misc":{"Tempo di lettura stimato":"5 minuti"},"schema":{"@context":"https:\/\/schema.org","@graph":[{"@type":"Organization","@id":"https:\/\/manu015.supserv.cozmoslabs.com\/#organization","name":"Your Private Driver","url":"https:\/\/manu015.supserv.cozmoslabs.com\/","sameAs":["https:\/\/www.facebook.com\/yourprivatedriverbrussels","https:\/\/www.instagram.com\/taxibrusselsairport\/","https:\/\/www.linkedin.com\/company\/yourprivatedriver\/","https:\/\/www.youtube.com\/channel\/UCdFj5lm3qhOZWz_Rz0yupVA","https:\/\/www.pinterest.fr\/pin\/704672672920362864\/","https:\/\/twitter.com\/privatedriverbx"],"logo":{"@type":"ImageObject","@id":"https:\/\/manu015.supserv.cozmoslabs.com\/#logo","inLanguage":"it-IT","url":"","contentUrl":"","caption":"Your Private Driver"},"image":{"@id":"https:\/\/manu015.supserv.cozmoslabs.com\/#logo"}},{"@type":"WebSite","@id":"https:\/\/manu015.supserv.cozmoslabs.com\/#website","url":"https:\/\/manu015.supserv.cozmoslabs.com\/","name":"Your Private Driver","description":"Taxi Brussels airport - Taxi Charleroi airport","publisher":{"@id":"https:\/\/manu015.supserv.cozmoslabs.com\/#organization"},"potentialAction":[{"@type":"SearchAction","target":{"@type":"EntryPoint","urlTemplate":"https:\/\/manu015.supserv.cozmoslabs.com\/?s={search_term_string}"},"query-input":"required name=search_term_string"}],"inLanguage":"it-IT"},{"@type":"ImageObject","@id":"https:\/\/manu015.supserv.cozmoslabs.com\/about-us\/#primaryimage","inLanguage":"it-IT","url":"https:\/\/manu015.supserv.cozmoslabs.com\/wp-content\/uploads\/2020\/11\/about.jpg","contentUrl":"https:\/\/manu015.supserv.cozmoslabs.com\/wp-content\/uploads\/2020\/11\/about.jpg","width":854,"height":334,"caption":"About Us"},{"@type":"WebPage","@id":"https:\/\/manu015.supserv.cozmoslabs.com\/about-us\/#webpage","url":"https:\/\/manu015.supserv.cozmoslabs.com\/about-us\/","name":"Learn more about our taxi company - Your Private Driver","isPartOf":{"@id":"https:\/\/manu015.supserv.cozmoslabs.com\/#website"},"primaryImageOfPage":{"@id":"https:\/\/manu015.supserv.cozmoslabs.com\/about-us\/#primaryimage"},"datePublished":"2020-10-31T13:03:15+00:00","dateModified":"2020-11-13T07:50:29+00:00","description":"Your Private Driver is taxi company founded in early 2016. We provide taxi service in Brussels and to BRU and CRL airports.","breadcrumb":{"@id":"https:\/\/manu015.supserv.cozmoslabs.com\/about-us\/#breadcrumb"},"inLanguage":"it-IT","potentialAction":[{"@type":"ReadAction","target":["https:\/\/manu015.supserv.cozmoslabs.com\/about-us\/"]}]},{"@type":"BreadcrumbList","@id":"https:\/\/manu015.supserv.cozmoslabs.com\/about-us\/#breadcrumb","itemListElement":[{"@type":"ListItem","position":1,"name":"Home","item":"https:\/\/manu015.supserv.cozmoslabs.com\/"},{"@type":"ListItem","position":2,"name":"About Us"}]}]}},"_links":{"self":[{"href":"https:\/\/manu015.supserv.cozmoslabs.com\/it\/wp-json\/wp\/v2\/pages\/7018"}],"collection":[{"href":"https:\/\/manu015.supserv.cozmoslabs.com\/it\/wp-json\/wp\/v2\/pages"}],"about":[{"href":"https:\/\/manu015.supserv.cozmoslabs.com\/it\/wp-json\/wp\/v2\/types\/page"}],"author":[{"embeddable":true,"href":"https:\/\/manu015.supserv.cozmoslabs.com\/it\/wp-json\/wp\/v2\/users\/1"}],"replies":[{"embeddable":true,"href":"https:\/\/manu015.supserv.cozmoslabs.com\/it\/wp-json\/wp\/v2\/comments?post=7018"}],"version-history":[{"count":0,"href":"https:\/\/manu015.supserv.cozmoslabs.com\/it\/wp-json\/wp\/v2\/pages\/7018\/revisions"}],"wp:featuredmedia":[{"embeddable":true,"href":"https:\/\/manu015.supserv.cozmoslabs.com\/it\/wp-json\/wp\/v2\/media\/7659"}],"wp:attachment":[{"href":"https:\/\/manu015.supserv.cozmoslabs.com\/it\/wp-json\/wp\/v2\/media?parent=7018"}],"curies":[{"name":"wp","href":"https:\/\/api.w.org\/{rel}","templated":true}]}}