{"id":2650,"date":"2017-01-24T09:16:52","date_gmt":"2017-01-24T09:16:52","guid":{"rendered":"http:\/\/themes.themegoods.com\/grandcarrental\/demo\/?page_id=2650"},"modified":"2020-11-13T17:31:19","modified_gmt":"2020-11-13T17:31:19","slug":"faqs","status":"publish","type":"page","link":"https:\/\/manu015.supserv.cozmoslabs.com\/it\/faqs\/","title":{"rendered":"Domande frequenti sul tuo autista privato"},"content":{"rendered":"<h2>Perch\u00e9 scegliere il tuo autista privato per tutti i tuoi viaggi in taxi aeroportuali?<\/h2>\n<div class=\"pp_accordion has_icon\">\n<h3><a href=\"#\">Sistema di prenotazione Easy Taxi<\/a><\/h3>\n<div>\n<p> Utilizziamo il sistema di prenotazione taxi pi\u00f9 semplice ed efficiente.<br \/>\nCi vuole 1 minuto per conoscere il prezzo esatto della tariffa del taxi.<br \/>\nPer questo, tutto ci\u00f2 che devi fare \u00e8, dal widget di prenotazione che si trova sul nostro <a href=\"https:\/\/manu015.supserv.cozmoslabs.com\/\">homepage<\/a>, inserisci il tuo indirizzo di ritiro e di consegna, indica il giorno e la data del tuo viaggio e fai clic sul pulsante &quot;Ottieni prezzo&quot; e il gioco \u00e8 fatto. La prossima cosa che vedrai sono i nostri diversi prezzi per tipo di veicolo. Se sei d&#39;accordo con il prezzo, seleziona semplicemente il veicolo di tua scelta e fai clic sul pulsante &quot;Prenota ora&quot;. Da l\u00ec dovrai fornirci alcune informazioni di cui abbiamo bisogno per elaborare senza problemi la tua prenotazione. Altrimenti, se non sei d&#39;accordo con il prezzo, devi solo lasciare il sito senza prenotare.<\/p>\n<p>Il cliente pu\u00f2 prenotare il tipo di <a href=\"https:\/\/tomorrowland-taxi.com\" target=\"_blank\" rel=\"noopener noreferrer\">Taxi<\/a> che si adatta al suo budget. Tutte le prenotazioni vengono effettuate tramite il nostro sito Web e raramente per telefono. Nell&#39;ultima fase della prenotazione, effettua un pagamento online sicuro e immediato tramite carta di credito \/ Paypal o scegli di pagare in un secondo momento in contanti al tuo autista. Prenota almeno 1 ora prima dell&#39;orario di partenza. Altrimenti devi chiamarci al telefono. Perch\u00e9 il nostro sistema di prenotazione consente solo prenotazioni con un minimo di 1 ora di tempo di consegna. Se non \u00e8 trascorso un minimo di 1 ora tra l&#39;orario di prenotazione e l&#39;orario di partenza, non sar\u00e0 possibile completare la prenotazione. In tal caso, chiamaci e elaboreremo manualmente la tua prenotazione del taxi. Riceverai sempre una prima e-mail immediata dopo la prenotazione con la fattura allegata. Questo sar\u00e0 seguito poco dopo da una seconda e-mail di conferma della prenotazione e un giorno prima del viaggio riceverai una terza e-mail con tutti i dettagli sull&#39;autista e sul veicolo.<\/p>\n<\/div>\n<\/div>\n<h2>Motivi in pi\u00f9 per sceglierci per tutti i tuoi viaggi con i taxi aeroportuali?<\/h2>\n<div class=\"pp_accordion has_icon\">\n<h3><a href=\"#\">45 minuti di attesa in aeroporto<\/a><\/h3>\n<div>\n<p> Il tuo autista ti aspetter\u00e0 in aeroporto fino a 45 minuti dopo l&#39;atterraggio del tuo volo. In effetti questa volta \u00e8 pi\u00f9 che sufficiente per ritirare tutti i bagagli e incontrare l&#39;autista al punto di incontro.<\/p>\n<\/div>\n<\/div>\n<div class=\"pp_accordion has_icon\">\n<h3><a href=\"#\">Forniamo seggiolini per bambini e seggiolini<\/a><\/h3>\n<div>\n<p> Per il tuo taxi per l&#39;aeroporto, evita di ingombrare con il tuo seggiolino per bambini personale. Scegli il nostro seggiolino per bambini pulito e ordinato a un prezzo molto basso. Stessa cosa per il tuo bambino che non \u00e8 abbastanza alto per la cintura di sicurezza del veicolo. Optare per il nostro seggiolino invece di ingombrare con il proprio seggiolino per bambini. Mettiamo a tua disposizione gratuitamente un seggiolino.<\/p>\n<\/div>\n<\/div>\n<div class=\"pp_accordion has_icon\">\n<h3><a href=\"#\">Servizio di accoglienza e accoglienza in aeroporto<\/a><\/h3>\n<div>\n<p> Scegliendo il nostro servizio di reception in aeroporto, il tuo autista ti aspetter\u00e0 all&#39;atterraggio del tuo volo. Sar\u00e0 nella sala d&#39;attesa dell&#39;aeroporto con un cartello, uno smartphone o un tablet con sopra il tuo nome. Il tuo autista ti aspetta e ti aiuta a trasportare i bagagli se necessario. Ti accompagna fino a destinazione. Pu\u00f2 anche consigliare un luogo di attrazione o un ristorante, se lo desideri. Dimentica i taxi per grandinare, dove non sai quanto ti coster\u00e0 il viaggio alla fine. Con <a href=\"https:\/\/manu015.supserv.cozmoslabs.com\/about-us\/\">Il tuo autista privato<\/a>, sai sempre il prezzo esatto del tuo viaggio in taxi.<\/p>\n<\/div>\n<\/div>\n<h2>Domande frequenti sui pickup<\/h2>\n<div class=\"pp_accordion_close has_icon\">\n<h3><a href=\"#\">E se non riesco a trovare il tuo tassista?<\/a><\/h3>\n<div>\n<p> Questa \u00e8 una rarit\u00e0 perch\u00e9 i nostri autisti raggiungono l&#39;aeroporto con largo anticipo quando assumi il nostro servizio di reception. Li puoi trovare in attesa con segno chiaro e smartphone o tablet. Nel caso in cui non riesci a identificare il nostro autista, devi solo chiamarlo. Il nostro autista ti trover\u00e0 subito, puoi anche chiamare l&#39;invio al +32466162494 siamo disponibili anche su WhatsApp con lo stesso numero di telefono.<\/p>\n<\/div>\n<\/div>\n<div class=\"pp_accordion_close has_icon\">\n<h3><a href=\"#\">Posso chiedere all&#39;autista di fermarsi e cambiare percorso?<\/a><\/h3>\n<div>\n<p> Se si devia dal percorso pianificato o si effettua una lunga sosta, si ha la libert\u00e0 di deviare con l&#39;autista. Il denaro che hai pagato o il voucher inviato riflette chiaramente il prezzo che hai scelto in anticipo. Devi pagare in contanti extra per le deviazioni e le fermate extra.<\/p>\n<\/div>\n<\/div>\n<div class=\"pp_accordion_close has_icon\">\n<h3><a href=\"#\">E la franchigia bagaglio per veicolo?<\/a><\/h3>\n<div>\n<p> La franchigia bagaglio dipender\u00e0 dalla capacit\u00e0 di ciascuna categoria di veicoli. 3 borse per berline e 8 borse per monovolume<\/p>\n<\/div>\n<\/div>\n<div class=\"pp_accordion_close has_icon\">\n<h3><a href=\"#\">Fornite seggiolini per bambini e seggiolini?<\/a><\/h3>\n<div>\n<p> S\u00ec; Il tuo autista privato offre seggiolini per bambini e seggiolini. Non devi preoccuparti di usare il tuo seggiolino per bambini e creare un effetto disordinato. Offriamo i nostri seggiolini per bambini puliti e in ordine a un prezzo accessibile. I seggiolini sono inoltre messi a disposizione gratuitamente per offrire il miglior comfort ai vostri bambini.<\/p>\n<\/div>\n<\/div>\n<div class=\"pp_accordion_close has_icon\">\n<h3><a href=\"#\">Offrite un servizio di reception in aeroporto?<\/a><\/h3>\n<div>\n<p> S\u00ec; offriamo servizio di reception in aeroporto. Se selezioni il nostro servizio di reception dall&#39;aeroporto per un costo aggiuntivo di 5 euro, il nostro autista ti aspetter\u00e0 nella sala d&#39;attesa dell&#39;aeroporto per riceverti. Puoi trovare i nostri autisti con cartello e smartphone o tablet. Ti aiutano anche a trasportare i bagagli, se necessario.<\/p>\n<\/div>\n<\/div>\n<h2>Domande frequenti sui servizi<\/h2>\n<div class=\"pp_accordion_close has_icon\">\n<h3><a href=\"#\">Quali tipi di eventi copre la tua compagnia di taxi?<\/a><\/h3>\n<div>\n<p> Offriamo veicoli di lusso per qualsiasi tipo di evento, inclusi matrimoni, battesimi, riunioni aziendali, visite in discoteche, eventi sportivi e molti altri. Puoi scegliere una lussuosa limousine per rendere il tuo trasporto estremamente piacevole, sicuro e divertente.<\/p>\n<\/div>\n<\/div>\n<div class=\"pp_accordion_close has_icon\">\n<h3><a href=\"#\">Offrite servizi di autonoleggio?<\/a><\/h3>\n<div>\n<p> Oltre a offrire servizi di taxi a Bruxelles, offriamo soluzioni di noleggio auto con autista per prendersi cura dei tuoi viaggi, comprese le navette dagli hotel alle sedi congressuali e altre destinazioni. Ci prendiamo cura delle tue esigenze di viaggio con professionalit\u00e0. Forniamo anche un autista esperto per soddisfare le vostre esigenze in modo responsabile.<\/p>\n<\/div>\n<\/div>\n<div class=\"pp_accordion_close has_icon\">\n<h3><a href=\"#\">Posso prenotare online?<\/a><\/h3>\n<div>\n<p> S\u00ec! Puoi prenotare online con facilit\u00e0 e comodit\u00e0. Il processo di prenotazione pu\u00f2 essere completato in tre semplici passaggi. Quando inserisci le destinazioni di ritiro e riconsegna, la data e l&#39;ora, vieni indirizzato a una pagina in cui vedi il prezzo di ogni categoria di veicolo, qui devi solo scegliere il tipo di veicolo che corrisponde alle tue esigenze e al tuo budget. Quando fai clic sul tuo veicolo preferito, puoi quindi fare clic sul pulsante &quot;Prenota ora&quot;. Dopo aver fornito le informazioni personali, \u00e8 possibile effettuare il pagamento e, infine, \u00e8 necessario confermare la prenotazione.<\/p>\n<\/div>\n<\/div>\n<div class=\"pp_accordion_close has_icon\">\n<h3><a href=\"#\">Offrite un trasferimento condiviso o privato?<\/a><\/h3>\n<div>\n<p> Il tuo autista privato offre solo trasferimenti privati per i nostri clienti. Non devi preoccuparti di viaggiare con estranei. Diamo la massima importanza alle esigenze di ogni cliente. Dato che viaggi da solo o con i tuoi cari e vicini, puoi rimanere rilassato.<\/p>\n<\/div>\n<\/div>\n<h2>Domande frequenti su Fleet<\/h2>\n<div class=\"pp_accordion_close has_icon\">\n<h3><a href=\"#\">Quali tipi di veicoli offrite?<\/a><\/h3>\n<div>\n<p> Non importa se hai bisogno di una limousine o di qualsiasi altro tipo di veicolo incluso minibus o berlina; Potete contare su di noi. La nostra flotta \u00e8 composta da una straordinaria gamma di veicoli per soddisfare le esigenze di singoli e gruppi.<\/p>\n<\/div>\n<\/div>\n<div class=\"pp_accordion_close has_icon\">\n<h3><a href=\"#\">E la tua flotta di veicoli?<\/a><\/h3>\n<div>\n<p> Offriamo una vasta gamma di veicoli per soddisfare le esigenze in evoluzione di persone diverse. La nostra flotta di veicoli comprende berline executive, berline standard, minibus executive e minibus standard di varie marche. Puoi scegliere quello giusto in base alle tue esigenze e al tuo budget.<\/p>\n<\/div>\n<\/div>\n<h2>Domande frequenti sulla copertura<\/h2>\n<div class=\"pp_accordion_close has_icon\">\n<h3><a href=\"#\">Quali sono le aree coperte dai servizi di Taxi Brussels?<\/a><\/h3>\n<div>\n<p> In qualit\u00e0 di fornitore di servizi di taxi affidabile e responsabile, Your Private Driver offre servizi in tutte le parti del Belgio e oltre. Puoi anche noleggiare il nostro taxi per altre citt\u00e0 in Europa. Il nostro obiettivo \u00e8 offrire la migliore esperienza ai nostri clienti in modo sicuro, questa \u00e8 una delle domande frequenti.<\/p>\n<\/div>\n<\/div>\n<div class=\"pp_accordion_close has_icon\">\n<h3><a href=\"#\">Quali sono le destinazioni coperte dai tuoi servizi di taxi?<\/a><\/h3>\n<div>\n<p> Offriamo i nostri servizi di taxi aeroportuali e privati in quasi tutte le parti del Belgio e nei paesi limitrofi per soddisfare le diverse esigenze del numero massimo di clienti. Puoi semplicemente inserire il tuo punto di ritiro e di consegna nel nostro modulo di prenotazione e riceverai un preventivo per il tuo viaggio.<\/p>\n<\/div>\n<\/div>\n<h2>Domande frequenti su pagamento e sicurezza<\/h2>\n<div class=\"pp_accordion_close has_icon\">\n<h3><a href=\"#\">Devo essere preoccupato per la sicurezza quando effettuo pagamenti online?<\/a><\/h3>\n<div>\n<p> Quando effettui pagamenti online con il tuo autista privato, non devi preoccuparti della sicurezza. Il nostro metodo di pagamento \u00e8 dotato di crittografia end-to-end per garantire transazioni di pagamento online sicure e senza intoppi. Offriamo opzioni di pagamento flessibili, inclusi bonifico bancario e metodi di pagamento online.<\/p>\n<\/div>\n<\/div>\n<div class=\"pp_accordion_close has_icon\">\n<h3><a href=\"#\">Quanto devo pagare per i vostri servizi di navetta aeroportuale?<\/a><\/h3>\n<div>\n<p> Non devi preoccuparti dei prezzi elevati perch\u00e9 applichiamo i prezzi pi\u00f9 competitivi del settore. Il nostro metodo di approccio \u00e8 semplice e trasparente. Il prezzo anticipato elimina ogni confusione e puoi noleggiare il nostro veicolo con grande comfort. Addebitiamo solo ci\u00f2 che citiamo. Puoi trovare il prezzo che addebitiamo da diversi aeroporti a varie destinazioni prima di prenotare, solo se sei d&#39;accordo con il prezzo del tuo viaggio che puoi continuare con il processo di prenotazione reale.<\/p>\n<\/div>\n<\/div>\n<div class=\"pp_accordion_close has_icon\">\n<h3><a href=\"#\">Come posso cancellare il mio ordine per il tuo servizio di trasferimento aeroportuale?<\/a><\/h3>\n<div>\n<p> Queste sono le domande pi\u00f9 frequenti. Infatti \u00e8 possibile annullare il viaggio fino a 24 ore prima dell&#39;orario di ritiro. Non devi preoccuparti di alcuna multa per la cancellazione entro questo periodo di tempo. L&#39;intero importo viene rimborsato in modo tempestivo. Non hai diritto a un rimborso se annulli dopo questo periodo di tempo.<\/p>\n<\/div>\n<\/div>\n<div class=\"pp_accordion_close has_icon\">\n<h3><a href=\"#\">Come garantite la sicurezza dei clienti?<\/a><\/h3>\n<div>\n<p> Ci impegniamo a offrire una sicurezza impeccabile ai nostri clienti. Tutti i nostri piloti sono professionisti esperti, disciplinati e controllati con un buon track record. Conoscono perfettamente tutti i percorsi e ti portano a destinazione in modo sicuro e responsabile. Inoltre tutti i nostri veicoli sono dotati di sistema GPS track and trace.<\/p>\n<\/div>\n<\/div>\n<p>Se vuoi vedere alcuni dei veicoli in <a href=\"https:\/\/manu015.supserv.cozmoslabs.com\/fleet\/\">la nostra flotta, clicca qui.<\/a><br \/>\n<img class=\"alignnone size-medium wp-image-7753 lazyload\" src=\"data:image\/gif;base64,R0lGODlhAQABAIAAAAAAAP\/\/\/yH5BAEAAAAALAAAAAABAAEAAAIBRAA7\" data-src=\"https:\/\/manu015.supserv.cozmoslabs.com\/wp-content\/uploads\/2020\/11\/airplane3-originalfit-300x75.jpg\" alt=\"Domande frequenti\" width=\"300\" height=\"75\"><noscript><img class=\"alignnone size-medium wp-image-7753 lazyload\" src=\"https:\/\/manu015.supserv.cozmoslabs.com\/wp-content\/uploads\/2020\/11\/airplane3-originalfit-300x75.jpg\" alt=\"Domande frequenti\" width=\"300\" height=\"75\"><\/noscript><\/p>","protected":false},"excerpt":{"rendered":"<p>Why choose Your Private Driver for all your airport taxis trips? More reasons to choose us for all your airport taxis trips? Frequently asked questions about Pickups Frequently asked questions about Services Frequently asked questions about Fleet Frequently asked questions [&hellip;]<\/p>","protected":false},"author":1,"featured_media":6608,"parent":0,"menu_order":0,"comment_status":"closed","ping_status":"closed","template":"","meta":[],"yoast_head":"<!-- This site is optimized with the Yoast SEO plugin v18.4.1 - https:\/\/yoast.com\/wordpress\/plugins\/seo\/ -->\n<title>Frequently asked questions ans answers - Your Private Driver<\/title>\n<meta name=\"description\" content=\"On this page you will find most frequently asked questions about our taxi company. Feel free to use contact page if you have more questions.\" \/>\n<meta name=\"robots\" content=\"index, follow, max-snippet:-1, max-image-preview:large, max-video-preview:-1\" \/>\n<link rel=\"canonical\" href=\"https:\/\/manu015.supserv.cozmoslabs.com\/it\/faqs\/\" \/>\n<meta property=\"og:locale\" content=\"it_IT\" \/>\n<meta property=\"og:type\" content=\"article\" \/>\n<meta property=\"og:title\" content=\"Frequently asked questions ans answers - Your Private Driver\" \/>\n<meta property=\"og:description\" content=\"On this page you will find most frequently asked questions about our taxi company. Feel free to use contact page if you have more questions.\" \/>\n<meta property=\"og:url\" content=\"https:\/\/manu015.supserv.cozmoslabs.com\/it\/faqs\/\" \/>\n<meta property=\"og:site_name\" content=\"Your Private Driver\" \/>\n<meta property=\"article:publisher\" content=\"https:\/\/www.facebook.com\/yourprivatedriverbrussels\" \/>\n<meta property=\"article:modified_time\" content=\"2020-11-13T17:31:19+00:00\" \/>\n<meta property=\"og:image\" content=\"https:\/\/manu015.supserv.cozmoslabs.com\/wp-content\/uploads\/2017\/01\/driver-2-8-e1604313658294.jpg\" \/>\n\t<meta property=\"og:image:width\" content=\"768\" \/>\n\t<meta property=\"og:image:height\" content=\"510\" \/>\n\t<meta property=\"og:image:type\" content=\"image\/jpeg\" \/>\n<meta name=\"twitter:card\" content=\"summary_large_image\" \/>\n<meta name=\"twitter:site\" content=\"@privatedriverbx\" \/>\n<meta name=\"twitter:label1\" content=\"Tempo di lettura stimato\" \/>\n\t<meta name=\"twitter:data1\" content=\"9 minuti\" \/>\n<script type=\"application\/ld+json\" class=\"yoast-schema-graph\">{\"@context\":\"https:\/\/schema.org\",\"@graph\":[{\"@type\":\"Organization\",\"@id\":\"https:\/\/manu015.supserv.cozmoslabs.com\/#organization\",\"name\":\"Your Private Driver\",\"url\":\"https:\/\/manu015.supserv.cozmoslabs.com\/\",\"sameAs\":[\"https:\/\/www.facebook.com\/yourprivatedriverbrussels\",\"https:\/\/www.instagram.com\/taxibrusselsairport\/\",\"https:\/\/www.linkedin.com\/company\/yourprivatedriver\/\",\"https:\/\/www.youtube.com\/channel\/UCdFj5lm3qhOZWz_Rz0yupVA\",\"https:\/\/www.pinterest.fr\/pin\/704672672920362864\/\",\"https:\/\/twitter.com\/privatedriverbx\"],\"logo\":{\"@type\":\"ImageObject\",\"@id\":\"https:\/\/manu015.supserv.cozmoslabs.com\/#logo\",\"inLanguage\":\"it-IT\",\"url\":\"\",\"contentUrl\":\"\",\"caption\":\"Your Private Driver\"},\"image\":{\"@id\":\"https:\/\/manu015.supserv.cozmoslabs.com\/#logo\"}},{\"@type\":\"WebSite\",\"@id\":\"https:\/\/manu015.supserv.cozmoslabs.com\/#website\",\"url\":\"https:\/\/manu015.supserv.cozmoslabs.com\/\",\"name\":\"Your Private Driver\",\"description\":\"Taxi Brussels airport - Taxi Charleroi airport\",\"publisher\":{\"@id\":\"https:\/\/manu015.supserv.cozmoslabs.com\/#organization\"},\"potentialAction\":[{\"@type\":\"SearchAction\",\"target\":{\"@type\":\"EntryPoint\",\"urlTemplate\":\"https:\/\/manu015.supserv.cozmoslabs.com\/?s={search_term_string}\"},\"query-input\":\"required name=search_term_string\"}],\"inLanguage\":\"it-IT\"},{\"@type\":\"ImageObject\",\"@id\":\"https:\/\/manu015.supserv.cozmoslabs.com\/faqs\/#primaryimage\",\"inLanguage\":\"it-IT\",\"url\":\"https:\/\/manu015.supserv.cozmoslabs.com\/wp-content\/uploads\/2017\/01\/driver-2-8-e1604313658294.jpg\",\"contentUrl\":\"https:\/\/manu015.supserv.cozmoslabs.com\/wp-content\/uploads\/2017\/01\/driver-2-8-e1604313658294.jpg\",\"width\":768,\"height\":510,\"caption\":\"Airport transfer\"},{\"@type\":\"WebPage\",\"@id\":\"https:\/\/manu015.supserv.cozmoslabs.com\/faqs\/#webpage\",\"url\":\"https:\/\/manu015.supserv.cozmoslabs.com\/faqs\/\",\"name\":\"Frequently asked questions ans answers - Your Private Driver\",\"isPartOf\":{\"@id\":\"https:\/\/manu015.supserv.cozmoslabs.com\/#website\"},\"primaryImageOfPage\":{\"@id\":\"https:\/\/manu015.supserv.cozmoslabs.com\/faqs\/#primaryimage\"},\"datePublished\":\"2017-01-24T09:16:52+00:00\",\"dateModified\":\"2020-11-13T17:31:19+00:00\",\"description\":\"On this page you will find most frequently asked questions about our taxi company. Feel free to use contact page if you have more questions.\",\"breadcrumb\":{\"@id\":\"https:\/\/manu015.supserv.cozmoslabs.com\/faqs\/#breadcrumb\"},\"inLanguage\":\"it-IT\",\"potentialAction\":[{\"@type\":\"ReadAction\",\"target\":[\"https:\/\/manu015.supserv.cozmoslabs.com\/faqs\/\"]}]},{\"@type\":\"BreadcrumbList\",\"@id\":\"https:\/\/manu015.supserv.cozmoslabs.com\/faqs\/#breadcrumb\",\"itemListElement\":[{\"@type\":\"ListItem\",\"position\":1,\"name\":\"Home\",\"item\":\"https:\/\/manu015.supserv.cozmoslabs.com\/\"},{\"@type\":\"ListItem\",\"position\":2,\"name\":\"Frequently Asked Questions about Your Private Driver\"}]}]}<\/script>\n<!-- \/ Yoast SEO plugin. -->","yoast_head_json":{"title":"Frequently asked questions ans answers - Your Private Driver","description":"On this page you will find most frequently asked questions about our taxi company. Feel free to use contact page if you have more questions.","robots":{"index":"index","follow":"follow","max-snippet":"max-snippet:-1","max-image-preview":"max-image-preview:large","max-video-preview":"max-video-preview:-1"},"canonical":"https:\/\/manu015.supserv.cozmoslabs.com\/it\/faqs\/","og_locale":"it_IT","og_type":"article","og_title":"Frequently asked questions ans answers - Your Private Driver","og_description":"On this page you will find most frequently asked questions about our taxi company. Feel free to use contact page if you have more questions.","og_url":"https:\/\/manu015.supserv.cozmoslabs.com\/it\/faqs\/","og_site_name":"Your Private Driver","article_publisher":"https:\/\/www.facebook.com\/yourprivatedriverbrussels","article_modified_time":"2020-11-13T17:31:19+00:00","og_image":[{"width":768,"height":510,"url":"https:\/\/manu015.supserv.cozmoslabs.com\/wp-content\/uploads\/2017\/01\/driver-2-8-e1604313658294.jpg","type":"image\/jpeg"}],"twitter_card":"summary_large_image","twitter_site":"@privatedriverbx","twitter_misc":{"Tempo di lettura stimato":"9 minuti"},"schema":{"@context":"https:\/\/schema.org","@graph":[{"@type":"Organization","@id":"https:\/\/manu015.supserv.cozmoslabs.com\/#organization","name":"Your Private Driver","url":"https:\/\/manu015.supserv.cozmoslabs.com\/","sameAs":["https:\/\/www.facebook.com\/yourprivatedriverbrussels","https:\/\/www.instagram.com\/taxibrusselsairport\/","https:\/\/www.linkedin.com\/company\/yourprivatedriver\/","https:\/\/www.youtube.com\/channel\/UCdFj5lm3qhOZWz_Rz0yupVA","https:\/\/www.pinterest.fr\/pin\/704672672920362864\/","https:\/\/twitter.com\/privatedriverbx"],"logo":{"@type":"ImageObject","@id":"https:\/\/manu015.supserv.cozmoslabs.com\/#logo","inLanguage":"it-IT","url":"","contentUrl":"","caption":"Your Private Driver"},"image":{"@id":"https:\/\/manu015.supserv.cozmoslabs.com\/#logo"}},{"@type":"WebSite","@id":"https:\/\/manu015.supserv.cozmoslabs.com\/#website","url":"https:\/\/manu015.supserv.cozmoslabs.com\/","name":"Your Private Driver","description":"Taxi Brussels airport - Taxi Charleroi airport","publisher":{"@id":"https:\/\/manu015.supserv.cozmoslabs.com\/#organization"},"potentialAction":[{"@type":"SearchAction","target":{"@type":"EntryPoint","urlTemplate":"https:\/\/manu015.supserv.cozmoslabs.com\/?s={search_term_string}"},"query-input":"required name=search_term_string"}],"inLanguage":"it-IT"},{"@type":"ImageObject","@id":"https:\/\/manu015.supserv.cozmoslabs.com\/faqs\/#primaryimage","inLanguage":"it-IT","url":"https:\/\/manu015.supserv.cozmoslabs.com\/wp-content\/uploads\/2017\/01\/driver-2-8-e1604313658294.jpg","contentUrl":"https:\/\/manu015.supserv.cozmoslabs.com\/wp-content\/uploads\/2017\/01\/driver-2-8-e1604313658294.jpg","width":768,"height":510,"caption":"Airport transfer"},{"@type":"WebPage","@id":"https:\/\/manu015.supserv.cozmoslabs.com\/faqs\/#webpage","url":"https:\/\/manu015.supserv.cozmoslabs.com\/faqs\/","name":"Frequently asked questions ans answers - Your Private Driver","isPartOf":{"@id":"https:\/\/manu015.supserv.cozmoslabs.com\/#website"},"primaryImageOfPage":{"@id":"https:\/\/manu015.supserv.cozmoslabs.com\/faqs\/#primaryimage"},"datePublished":"2017-01-24T09:16:52+00:00","dateModified":"2020-11-13T17:31:19+00:00","description":"On this page you will find most frequently asked questions about our taxi company. Feel free to use contact page if you have more questions.","breadcrumb":{"@id":"https:\/\/manu015.supserv.cozmoslabs.com\/faqs\/#breadcrumb"},"inLanguage":"it-IT","potentialAction":[{"@type":"ReadAction","target":["https:\/\/manu015.supserv.cozmoslabs.com\/faqs\/"]}]},{"@type":"BreadcrumbList","@id":"https:\/\/manu015.supserv.cozmoslabs.com\/faqs\/#breadcrumb","itemListElement":[{"@type":"ListItem","position":1,"name":"Home","item":"https:\/\/manu015.supserv.cozmoslabs.com\/"},{"@type":"ListItem","position":2,"name":"Frequently Asked Questions about Your Private Driver"}]}]}},"_links":{"self":[{"href":"https:\/\/manu015.supserv.cozmoslabs.com\/it\/wp-json\/wp\/v2\/pages\/2650"}],"collection":[{"href":"https:\/\/manu015.supserv.cozmoslabs.com\/it\/wp-json\/wp\/v2\/pages"}],"about":[{"href":"https:\/\/manu015.supserv.cozmoslabs.com\/it\/wp-json\/wp\/v2\/types\/page"}],"author":[{"embeddable":true,"href":"https:\/\/manu015.supserv.cozmoslabs.com\/it\/wp-json\/wp\/v2\/users\/1"}],"replies":[{"embeddable":true,"href":"https:\/\/manu015.supserv.cozmoslabs.com\/it\/wp-json\/wp\/v2\/comments?post=2650"}],"version-history":[{"count":0,"href":"https:\/\/manu015.supserv.cozmoslabs.com\/it\/wp-json\/wp\/v2\/pages\/2650\/revisions"}],"wp:featuredmedia":[{"embeddable":true,"href":"https:\/\/manu015.supserv.cozmoslabs.com\/it\/wp-json\/wp\/v2\/media\/6608"}],"wp:attachment":[{"href":"https:\/\/manu015.supserv.cozmoslabs.com\/it\/wp-json\/wp\/v2\/media?parent=2650"}],"curies":[{"name":"wp","href":"https:\/\/api.w.org\/{rel}","templated":true}]}}