{"id":7089,"date":"2020-10-31T22:31:36","date_gmt":"2020-10-31T22:31:36","guid":{"rendered":"https:\/\/manu015.supserv.cozmoslabs.com\/?page_id=7089"},"modified":"2020-11-13T08:23:01","modified_gmt":"2020-11-13T08:23:01","slug":"services","status":"publish","type":"page","link":"https:\/\/manu015.supserv.cozmoslabs.com\/fr\/services\/","title":{"rendered":"Services"},"content":{"rendered":"<div  class=\"one withsmallpadding ppb_header\" style=\"text-align:left;padding:40px 0 40px 0;\" >\n<div class=\"standard_wrapper\">\n<div class=\"page_content_wrapper\">\n<div class=\"inner\">\n<div style=\"margin:auto;width:100%\">\n<h2 class=\"ppb_title\" style=\"\">Service de taxi de votre chauffeur priv\u00e9<\/h2>\n<div class=\"ppb_header_content\">\n<iframe src=\"https:\/\/manu015.supserv.cozmoslabs.com\/eto\/?site_key=9ea3cb480ae5c09e26a20fb697ce8ee6\" name=\"eto-iframe\" id=\"eto-iframe-53604\" class=\"eto-iframe\" width=\"100%\" scrolling=\"no\" allow=\"geolocation\">Cette option ne va pas fonctionner correctement. Malheureusement, votre navigateur ne prend pas en charge les cadres int\u00e9gr\u00e9s.<\/iframe>\n<style type=\"text\/css\">iframe#eto-iframe-53604 { width:1px; min-width:100%; border:0; }<\/style>\n<script type=\"text\/javascript\" async defer> (function() { var etoWidgetData = { checkTimeout: 100, dynamicIframe: 0, googlePageSpeed: 0, googlePageSpeedLoadDelay: 6000, loadDelay: 0, }; function etoWidgetInit() { if (etoWidgetData.dynamicIframe) { var etoWidgetContainer = document.getElementById('eto-widget-container-eto-iframe-53604'); if (etoWidgetContainer) { etoWidgetContainer.innerHTML = '<iframe src=\"https:\/\/manu015.supserv.cozmoslabs.com\/eto\/?site_key=9ea3cb480ae5c09e26a20fb697ce8ee6\" name=\"eto-iframe\" id=\"eto-iframe-53604\" class=\"eto-iframe\" width=\"100%\" scrolling=\"no\" allow=\"geolocation\">This option will not work correctly. Unfortunately, your browser does not support inline frames.<\/iframe>'; } } iFrameResize({ log: false, targetOrigin: '*', checkOrigin: false, }, \"iframe#eto-iframe-53604\"); } function etoWidgetReady() { setTimeout(function() { etoWidgetData.checkTimeout--; if (typeof iFrameResize !== 'undefined') { etoWidgetInit(); } else if (etoWidgetData.checkTimeout > 0) { etoWidgetReady(); console.log('Library not loaded, checking again.'); } else { console.log('External library failed to load.'); } }, 100); }; if (etoWidgetData.loadDelay) { setTimeout(function() { etoWidgetReady(); }, etoWidgetData.loadDelay); } else { etoWidgetReady(); } })(); <\/script>\n\n<\/div>\n<\/div>\n<\/div>\n<\/div>\n<\/div>\n<\/div>\n<div  class=\"one withsmallpadding ppb_text\" style=\"text-align:center;padding:40px 0 40px 0;background-color:#5856d6;color:#ffffff !important;\" >\n<div class=\"standard_wrapper\">\n<div class=\"page_content_wrapper\">\n<div class=\"inner\">\n<div style=\"margin:auto;width:100%\">\n<div class=\"one_third\" style=\"\">\n<span class=\"fas fa-car\" style=\"display: block; font-size: 50px; margin-bottom: 20px;\">\u00a0<\/span><\/p>\n<h2 style=\"color: #fff;\">Service de limousine<\/h2>\n<p>Une limousine pour votre c\u00e9r\u00e9monie car aucun \u00e9v\u00e9nement n&#39;est trop petit pour nous. Vous avez besoin d&#39;une limousine haut de gamme pour un \u00e9v\u00e9nement personnel ou professionnel? Appelez ensuite votre chauffeur priv\u00e9. Notre service de limousine est \u00e0 votre disposition.<br \/>\nNous avons une limousine pour votre mariage, bapt\u00eame, anniversaire, discoth\u00e8que ou soir\u00e9e disco. Nous avons le service de limousine le mieux not\u00e9 en Belgique avec des v\u00e9hicules haut de gamme.\n<\/p>\n<\/div>\n<div class=\"one_third\" style=\"\">\n<span class=\"fas fa-guitar\" style=\"display: block; font-size: 50px; margin-bottom: 20px;\">\u00a0<\/span><\/p>\n<h2 style=\"color: #fff;\">Transport d&#39;artistes<\/h2>\n<p>Nous avons des minibus de luxe pour le transport des artistes. Nous proposons le transport d&#39;artistes de Belgique vers les Pays-Bas, l&#39;Allemagne, la France, la Suisse, la Norv\u00e8ge, etc.<\/p>\n<p>Nous transportons musiciens artistes, acteurs de cin\u00e9ma, acteurs de th\u00e9\u00e2tre, acteurs de ballet et d&#39;op\u00e9ra \u00e0 bord de nos luxueux minivans. Nous transportons \u00e9galement les artistes de l&#39;a\u00e9roport \u00e0 l&#39;h\u00f4tel et de l&#39;h\u00f4tel \u00e0 leurs th\u00e9\u00e2tres et nous pouvons les transporter pour toute leur tourn\u00e9e.\n<\/p>\n<\/div>\n<div class=\"one_third last\" style=\"\">\n<span class=\"fas fa-taxi\" style=\"display: block; font-size: 50px; margin-bottom: 20px;\">\u00a0<\/span><\/p>\n<h2 style=\"color: #fff;\">Transfert de l&#39;a\u00e9roport<\/h2>\n<p>Un transfert a\u00e9roport doit \u00eatre organis\u00e9 au mieux. Prise en compte des contr\u00f4les de s\u00e9curit\u00e9 et de l&#39;heure d&#39;enregistrement des bagages. Il faut arriver \u00e0 l&#39;avance \u00e0 l&#39;a\u00e9roport pour ne pas rater le vol. Vous pouvez compter sur nos services pour vous accompagner dans un transfert a\u00e9roport professionnel 100%. En cons\u00e9quence, vous aurez l&#39;assurance d&#39;un voyage sans soucis.<br \/>\nNous garantissons votre arriv\u00e9e \u00e0 <a href=\"https:\/\/www.brusselsairport.be\/en\/passengers\" target=\"_blank\" rel=\"noopener noreferrer\">l&#39;a\u00e9roport<\/a> \u00e0 temps. Alors pourquoi ne pas profiter de notre <a href=\"https:\/\/manu015.supserv.cozmoslabs.com\/taxi-brussels\/\">services \u00e0 Bruxelles<\/a> d\u00e8s que possible?\n<\/div>\n<p><br class=\"clear\"\/><\/p>\n<div class=\"one_third\" style=\"\">\n<span class=\"fas fa-hippo\" style=\"display: block; font-size: 50px; margin-bottom: 20px;\">\u00a0<\/span><\/p>\n<h2 style=\"color: #fff;\">Service de taxi vers les parcs d&#39;attractions<\/h2>\n<p>Nous avons des taxis pour diff\u00e9rents parcs d&#39;attractions en Belgique, aux Pays-Bas, en France et ailleurs en Europe\u2026<br \/>\nTaxi pour le parc d&#39;attractions Walibi \u00e0 Wavre, Mini-Europe \u00e0 Bruxelles. Bobbejaanland Kasterlee, Plopsaland \u00e0 De Panne, parc d&#39;attractions Bellewaerde \u00e0 Ypres ect.<\/p>\n<p>Taxi pour le parc d&#39;attractions Plopsa Coo \u00e0 Stavelot, Aqualibi \u00e0 Wavre, parc d&#39;attractions Plopsa Indoor \u00e0 Hasselt, parc aquatique Oc\u00e9ade \u00e0 Bruxelles, Boudewijn Seapark \u00e0 Bruges, l&#39;Aventure Park \u00e0 Wavre, le parc d&#39;attractions Queen Fabiola \u00e0 Namur. Le parc d&#39;attractions du Mont Mosan \u00e0 Huy et le parc d&#39;attractions Labyrinth \u00e0 Durbuy.<\/p>\n<p>Taxi pour le parc Plopsaqua \u00e0 De Panne, le parc Chlorophylle \u00e0 Manhay, le domaine provincial de Chevetogne \u00e0 Ciney, Earth Explorer, Meli Park, Houtopia, LE POINT D&#39;EAU \u00e0 La Louvi\u00e8re, Dadipark \u00e0 Moorslede et taxi jusqu&#39;au parc Spirou.<\/p>\n<p>Taxi pour le parc d&#39;attractions Efteling \u00e0 Kaatsheuvel Pays-Bas, parc d&#39;attractions Disney-Land \u00e0 Chessy Paris France, parc d&#39;attractions Phantasialand \u00e0 Br\u00fchl en Allemagne et taxi pour Mega Speelstad \u00e0 Lille France.\n<\/p>\n<\/div>\n<div class=\"one_third\" style=\"\">\n<span class=\"fas fa-city\" style=\"display: block; font-size: 50px; margin-bottom: 20px;\">\u00a0<\/span><\/p>\n<h2 style=\"color: #fff;\">Service de taxi de la Commission europ\u00e9enne<\/h2>\n<p>Nous avons le service de taxi standard et de taxi de luxe vers les diff\u00e9rentes institutions europ\u00e9ennes \u00e0 Bruxelles.<br \/>\nNous avons \u00e9galement un service de taxi avec mise \u00e0 pied pour les d\u00e9l\u00e9gations visitant les institutions europ\u00e9ennes \u00e0 Bruxelles. Nous avons des Mercedes Classe E et des minifourgonnettes Mercedes Classe V pour diriger les d\u00e9l\u00e9gations de taxi aupr\u00e8s de la Commission europ\u00e9enne, du Parlement europ\u00e9en ou de l&#39;OTAN et d&#39;autres institutions europ\u00e9ennes bas\u00e9es \u00e0 Bruxelles. Taxi pour la Commission europ\u00e9enne au Berlaymont dans le quartier Schumann. Nous avons le taxi pour le Comit\u00e9 \u00e9conomique et social et aussi le Comit\u00e9 des r\u00e9gions tous deux situ\u00e9s rue Belliard, 99 \u00e0 Bruxelles.<\/p>\n<p>Nous avons un taxi pour l&#39;Agence europ\u00e9enne de d\u00e9fense, taxi pour l&#39;Agence ex\u00e9cutive pour l&#39;\u00e9ducation, l&#39;audiovisuel et la culture, taxi pour l&#39;Agence ex\u00e9cutive pour la comp\u00e9titivit\u00e9 et l&#39;innovation, taxi pour le contr\u00f4le de l&#39;Agence communautaire de la p\u00eache, taxi pour l&#39;Autorit\u00e9 europ\u00e9enne de surveillance GNSS, taxi \u00e0 l&#39;Agence ex\u00e9cutive pour la recherche, taxi \u00e0 l&#39;Agence ex\u00e9cutive du Conseil europ\u00e9en de la recherche, taxi \u00e0 l&#39;Agence ex\u00e9cutive du r\u00e9seau transeurop\u00e9en de transport et enfin le taxi \u00e0 l&#39;OTAN \u00e0 Evere Bruxelles.\n<\/p>\n<\/div>\n<div class=\"one_third last\" style=\"\">\n<span class=\"fas fa-ring\" style=\"display: block; font-size: 50px; margin-bottom: 20px;\">\u00a0<\/span><\/p>\n<h2 style=\"color: #fff;\">Limousine pour le service de taxi de mariage<\/h2>\n<p>N&#39;oubliez pas de venir louer votre limousine pour le jour de votre mariage. Notre chauffeur vous conduira \u00e0 l&#39;\u00e9glise et \u00e0 une s\u00e9ance photo \u00e0 l&#39;endroit de votre choix tout cela selon votre programme bien s\u00fbr.<br \/>\nNos limousines de mariage sont conduites par des chauffeurs exp\u00e9riment\u00e9s. Limousine spacieuse, bien \u00e9quip\u00e9e et d\u00e9cor\u00e9e pour votre mariage. Nos limousines de luxe peuvent \u00eatre d\u00e9cor\u00e9es pour votre mariage. Vous b\u00e9n\u00e9ficiez de tout l&#39;espace possible pour un moment de d\u00e9tente avant ou apr\u00e8s les festivit\u00e9s. Bien s\u00fbr, la possibilit\u00e9 de commander du Champagne. Your private driver propose certainement la meilleure location de limousine avec chauffeur \u00e0 Bruxelles.<\/p>\n<p>C\u00e9l\u00e9brez votre mariage avec style et faites la f\u00eate toute la nuit dans une limousine personnalis\u00e9e \u00e9quip\u00e9e d&#39;un syst\u00e8me de musique et d&#39;une connexion Internet. Demandez-nous d\u00e8s maintenant un devis de service de limousine afin de mieux organiser votre mariage. Nous sommes \u00e9galement disponibles pour r\u00e9pondre \u00e0 vos questions et vous informer sur nos mod\u00e8les de limousine.\n<\/p>\n<\/div>\n<p><br class=\"clear\"\/><\/p>\n<div class=\"one_third\" style=\"\">\n<span class=\"fas fa-building\" style=\"display: block; font-size: 50px; margin-bottom: 20px;\">\u00a0<\/span><\/p>\n<h2 style=\"color: #fff;\">Parlement europ\u00e9en<\/h2>\n<p>Nous avons le service de taxi standard et de taxi de luxe vers les diff\u00e9rentes institutions europ\u00e9ennes \u00e0 Bruxelles.<br \/>\nNous avons \u00e9galement un service de taxi avec mise \u00e0 pied pour les d\u00e9l\u00e9gations visitant les institutions europ\u00e9ennes \u00e0 Bruxelles. Nous avons des Mercedes Classe E et des minifourgonnettes Mercedes Classe V pour diriger les d\u00e9l\u00e9gations de taxi aupr\u00e8s de la Commission europ\u00e9enne, du Parlement europ\u00e9en ou de l&#39;OTAN et d&#39;autres institutions europ\u00e9ennes bas\u00e9es \u00e0 Bruxelles.<\/p>\n<p>Commandez un taxi chez nous pour aller au Parlement Europ\u00e9en situ\u00e9 Rue Wiertz, 60 \u00e0 Bruxelles, nous avons \u00e9galement des taxis pour le Bureau d&#39;Information en Belgique situ\u00e9 rue de Tr\u00eaves, 3 \u00e0 Bruxelles.<br \/>\nTaxi pour le Conseil de l&#39;Union europ\u00e9enne situ\u00e9 rue de la Loi, 175 Bruxelles\n<\/p>\n<\/div>\n<div class=\"one_third\" style=\"\">\n<span class=\"fas fa-shuttle-van\" style=\"display: block; font-size: 50px; margin-bottom: 20px;\">\u00a0<\/span><\/p>\n<h2 style=\"color: #fff;\">Navette a\u00e9roport<\/h2>\n<p>Parfois, lorsque vous \u00eates en grand groupe et que vous vous rendez \u00e0 l&#39;a\u00e9roport, il est judicieux de penser \u00e0 faire une navette dans un seul v\u00e9hicule de grande capacit\u00e9. Pour ce faire, vous pouvez nous faire confiance et \u00eatre s\u00fbr d&#39;obtenir une bonne affaire car nous avons des prix raisonnables pour vos navettes vers l&#39;a\u00e9roport.\n<\/p>\n<\/div>\n<div class=\"one_third last\" style=\"\">\n<span class=\"fas fa-user-tie\" style=\"display: block; font-size: 50px; margin-bottom: 20px;\">\u00a0<\/span><\/p>\n<h2 style=\"color: #fff;\">Location de voiture avec chauffeur<\/h2>\n<p>Notre service de location de voitures avec chauffeur est au service des particuliers et des entreprises. Nous prenons en charge tous vos d\u00e9placements tels que les navettes de l&#39;h\u00f4tel \u00e0 votre lieu de conf\u00e9rence et vice versa. Nous prenons en charge vos d\u00e9placements avec professionnalisme et rigueur. Profitez d&#39;une voiture de location avec chauffeur. Aussi, le confort d&#39;aller \u00e9galement \u00e0 vos r\u00e9unions d&#39;affaires ou \u00e0 une soir\u00e9e priv\u00e9e. Nous sommes probablement la meilleure entreprise de location de voitures bas\u00e9e \u00e0 Bruxelles<\/p>\n<p>Profitez pleinement de notre service de location de voitures avec chauffeur. Notre service de location de voiture avec chauffeur convient \u00e0 tous les budgets. Optez pour une location de voiture avec chauffeur avec nous. Vous \u00e9viterez ainsi tous les tracas du stationnement et des amendes. \u00c9pargnez-vous le stress de la conduite en choisissant notre service de location de voitures avec chauffeur.\n<\/p>\n<\/div>\n<p><br class=\"clear\"\/><\/p>\n<\/div>\n<\/div>\n<\/div>\n<\/div>\n<\/div>","protected":false},"excerpt":{"rendered":"<p>Taxi Service of Your Private Driver \u00a0 Limousine service A limousine for your ceremony because no event is too small for us. Do you need a high-end limousine for a personal or professional event? Then call your Private Driver. Our [&hellip;]<\/p>","protected":false},"author":1,"featured_media":22,"parent":0,"menu_order":0,"comment_status":"closed","ping_status":"closed","template":"","meta":[],"yoast_head":"<!-- This site is optimized with the Yoast SEO plugin v18.4.1 - https:\/\/yoast.com\/wordpress\/plugins\/seo\/ -->\n<title>Services that we offer in our taxi company - Your Private Driver<\/title>\n<meta name=\"description\" content=\"Find here the different taxi services that we offer with our Company. Our service range from airport tranfers and shuttle to private trips.\" \/>\n<meta name=\"robots\" content=\"index, follow, max-snippet:-1, max-image-preview:large, max-video-preview:-1\" \/>\n<link rel=\"canonical\" href=\"https:\/\/manu015.supserv.cozmoslabs.com\/fr\/services\/\" \/>\n<meta property=\"og:locale\" content=\"fr_FR\" \/>\n<meta property=\"og:type\" content=\"article\" \/>\n<meta property=\"og:title\" content=\"Services that we offer in our taxi company - Your Private Driver\" \/>\n<meta property=\"og:description\" content=\"Find here the different taxi services that we offer with our Company. Our service range from airport tranfers and shuttle to private trips.\" \/>\n<meta property=\"og:url\" content=\"https:\/\/manu015.supserv.cozmoslabs.com\/fr\/services\/\" \/>\n<meta property=\"og:site_name\" content=\"Your Private Driver\" \/>\n<meta property=\"article:publisher\" content=\"https:\/\/www.facebook.com\/yourprivatedriverbrussels\" \/>\n<meta property=\"article:modified_time\" content=\"2020-11-13T08:23:01+00:00\" \/>\n<meta property=\"og:image\" content=\"https:\/\/manu015.supserv.cozmoslabs.com\/wp-content\/uploads\/2017\/01\/IMG_3496bfree-8.jpg\" \/>\n\t<meta property=\"og:image:width\" content=\"1440\" \/>\n\t<meta property=\"og:image:height\" content=\"960\" \/>\n\t<meta property=\"og:image:type\" content=\"image\/jpeg\" \/>\n<meta name=\"twitter:card\" content=\"summary_large_image\" \/>\n<meta name=\"twitter:site\" content=\"@privatedriverbx\" \/>\n<meta name=\"twitter:label1\" content=\"Dur\u00e9e de lecture estim\u00e9e\" \/>\n\t<meta name=\"twitter:data1\" content=\"5 minutes\" \/>\n<script type=\"application\/ld+json\" class=\"yoast-schema-graph\">{\"@context\":\"https:\/\/schema.org\",\"@graph\":[{\"@type\":\"Organization\",\"@id\":\"https:\/\/manu015.supserv.cozmoslabs.com\/#organization\",\"name\":\"Your Private Driver\",\"url\":\"https:\/\/manu015.supserv.cozmoslabs.com\/\",\"sameAs\":[\"https:\/\/www.facebook.com\/yourprivatedriverbrussels\",\"https:\/\/www.instagram.com\/taxibrusselsairport\/\",\"https:\/\/www.linkedin.com\/company\/yourprivatedriver\/\",\"https:\/\/www.youtube.com\/channel\/UCdFj5lm3qhOZWz_Rz0yupVA\",\"https:\/\/www.pinterest.fr\/pin\/704672672920362864\/\",\"https:\/\/twitter.com\/privatedriverbx\"],\"logo\":{\"@type\":\"ImageObject\",\"@id\":\"https:\/\/manu015.supserv.cozmoslabs.com\/#logo\",\"inLanguage\":\"fr-FR\",\"url\":\"\",\"contentUrl\":\"\",\"caption\":\"Your Private Driver\"},\"image\":{\"@id\":\"https:\/\/manu015.supserv.cozmoslabs.com\/#logo\"}},{\"@type\":\"WebSite\",\"@id\":\"https:\/\/manu015.supserv.cozmoslabs.com\/#website\",\"url\":\"https:\/\/manu015.supserv.cozmoslabs.com\/\",\"name\":\"Your Private Driver\",\"description\":\"Taxi Brussels airport - Taxi Charleroi airport\",\"publisher\":{\"@id\":\"https:\/\/manu015.supserv.cozmoslabs.com\/#organization\"},\"potentialAction\":[{\"@type\":\"SearchAction\",\"target\":{\"@type\":\"EntryPoint\",\"urlTemplate\":\"https:\/\/manu015.supserv.cozmoslabs.com\/?s={search_term_string}\"},\"query-input\":\"required name=search_term_string\"}],\"inLanguage\":\"fr-FR\"},{\"@type\":\"ImageObject\",\"@id\":\"https:\/\/manu015.supserv.cozmoslabs.com\/services\/#primaryimage\",\"inLanguage\":\"fr-FR\",\"url\":\"https:\/\/manu015.supserv.cozmoslabs.com\/wp-content\/uploads\/2017\/01\/IMG_3496bfree-8.jpg\",\"contentUrl\":\"https:\/\/manu015.supserv.cozmoslabs.com\/wp-content\/uploads\/2017\/01\/IMG_3496bfree-8.jpg\",\"width\":1440,\"height\":960,\"caption\":\"The road to success and the road to failure are almost exactly the same\"},{\"@type\":\"WebPage\",\"@id\":\"https:\/\/manu015.supserv.cozmoslabs.com\/services\/#webpage\",\"url\":\"https:\/\/manu015.supserv.cozmoslabs.com\/services\/\",\"name\":\"Services that we offer in our taxi company - Your Private Driver\",\"isPartOf\":{\"@id\":\"https:\/\/manu015.supserv.cozmoslabs.com\/#website\"},\"primaryImageOfPage\":{\"@id\":\"https:\/\/manu015.supserv.cozmoslabs.com\/services\/#primaryimage\"},\"datePublished\":\"2020-10-31T22:31:36+00:00\",\"dateModified\":\"2020-11-13T08:23:01+00:00\",\"description\":\"Find here the different taxi services that we offer with our Company. Our service range from airport tranfers and shuttle to private trips.\",\"breadcrumb\":{\"@id\":\"https:\/\/manu015.supserv.cozmoslabs.com\/services\/#breadcrumb\"},\"inLanguage\":\"fr-FR\",\"potentialAction\":[{\"@type\":\"ReadAction\",\"target\":[\"https:\/\/manu015.supserv.cozmoslabs.com\/services\/\"]}]},{\"@type\":\"BreadcrumbList\",\"@id\":\"https:\/\/manu015.supserv.cozmoslabs.com\/services\/#breadcrumb\",\"itemListElement\":[{\"@type\":\"ListItem\",\"position\":1,\"name\":\"Home\",\"item\":\"https:\/\/manu015.supserv.cozmoslabs.com\/\"},{\"@type\":\"ListItem\",\"position\":2,\"name\":\"Services\"}]}]}<\/script>\n<!-- \/ Yoast SEO plugin. -->","yoast_head_json":{"title":"Services that we offer in our taxi company - Your Private Driver","description":"Find here the different taxi services that we offer with our Company. Our service range from airport tranfers and shuttle to private trips.","robots":{"index":"index","follow":"follow","max-snippet":"max-snippet:-1","max-image-preview":"max-image-preview:large","max-video-preview":"max-video-preview:-1"},"canonical":"https:\/\/manu015.supserv.cozmoslabs.com\/fr\/services\/","og_locale":"fr_FR","og_type":"article","og_title":"Services that we offer in our taxi company - Your Private Driver","og_description":"Find here the different taxi services that we offer with our Company. Our service range from airport tranfers and shuttle to private trips.","og_url":"https:\/\/manu015.supserv.cozmoslabs.com\/fr\/services\/","og_site_name":"Your Private Driver","article_publisher":"https:\/\/www.facebook.com\/yourprivatedriverbrussels","article_modified_time":"2020-11-13T08:23:01+00:00","og_image":[{"width":1440,"height":960,"url":"https:\/\/manu015.supserv.cozmoslabs.com\/wp-content\/uploads\/2017\/01\/IMG_3496bfree-8.jpg","type":"image\/jpeg"}],"twitter_card":"summary_large_image","twitter_site":"@privatedriverbx","twitter_misc":{"Dur\u00e9e de lecture estim\u00e9e":"5 minutes"},"schema":{"@context":"https:\/\/schema.org","@graph":[{"@type":"Organization","@id":"https:\/\/manu015.supserv.cozmoslabs.com\/#organization","name":"Your Private Driver","url":"https:\/\/manu015.supserv.cozmoslabs.com\/","sameAs":["https:\/\/www.facebook.com\/yourprivatedriverbrussels","https:\/\/www.instagram.com\/taxibrusselsairport\/","https:\/\/www.linkedin.com\/company\/yourprivatedriver\/","https:\/\/www.youtube.com\/channel\/UCdFj5lm3qhOZWz_Rz0yupVA","https:\/\/www.pinterest.fr\/pin\/704672672920362864\/","https:\/\/twitter.com\/privatedriverbx"],"logo":{"@type":"ImageObject","@id":"https:\/\/manu015.supserv.cozmoslabs.com\/#logo","inLanguage":"fr-FR","url":"","contentUrl":"","caption":"Your Private Driver"},"image":{"@id":"https:\/\/manu015.supserv.cozmoslabs.com\/#logo"}},{"@type":"WebSite","@id":"https:\/\/manu015.supserv.cozmoslabs.com\/#website","url":"https:\/\/manu015.supserv.cozmoslabs.com\/","name":"Your Private Driver","description":"Taxi Brussels airport - Taxi Charleroi airport","publisher":{"@id":"https:\/\/manu015.supserv.cozmoslabs.com\/#organization"},"potentialAction":[{"@type":"SearchAction","target":{"@type":"EntryPoint","urlTemplate":"https:\/\/manu015.supserv.cozmoslabs.com\/?s={search_term_string}"},"query-input":"required name=search_term_string"}],"inLanguage":"fr-FR"},{"@type":"ImageObject","@id":"https:\/\/manu015.supserv.cozmoslabs.com\/services\/#primaryimage","inLanguage":"fr-FR","url":"https:\/\/manu015.supserv.cozmoslabs.com\/wp-content\/uploads\/2017\/01\/IMG_3496bfree-8.jpg","contentUrl":"https:\/\/manu015.supserv.cozmoslabs.com\/wp-content\/uploads\/2017\/01\/IMG_3496bfree-8.jpg","width":1440,"height":960,"caption":"The road to success and the road to failure are almost exactly the same"},{"@type":"WebPage","@id":"https:\/\/manu015.supserv.cozmoslabs.com\/services\/#webpage","url":"https:\/\/manu015.supserv.cozmoslabs.com\/services\/","name":"Services that we offer in our taxi company - Your Private Driver","isPartOf":{"@id":"https:\/\/manu015.supserv.cozmoslabs.com\/#website"},"primaryImageOfPage":{"@id":"https:\/\/manu015.supserv.cozmoslabs.com\/services\/#primaryimage"},"datePublished":"2020-10-31T22:31:36+00:00","dateModified":"2020-11-13T08:23:01+00:00","description":"Find here the different taxi services that we offer with our Company. Our service range from airport tranfers and shuttle to private trips.","breadcrumb":{"@id":"https:\/\/manu015.supserv.cozmoslabs.com\/services\/#breadcrumb"},"inLanguage":"fr-FR","potentialAction":[{"@type":"ReadAction","target":["https:\/\/manu015.supserv.cozmoslabs.com\/services\/"]}]},{"@type":"BreadcrumbList","@id":"https:\/\/manu015.supserv.cozmoslabs.com\/services\/#breadcrumb","itemListElement":[{"@type":"ListItem","position":1,"name":"Home","item":"https:\/\/manu015.supserv.cozmoslabs.com\/"},{"@type":"ListItem","position":2,"name":"Services"}]}]}},"_links":{"self":[{"href":"https:\/\/manu015.supserv.cozmoslabs.com\/fr\/wp-json\/wp\/v2\/pages\/7089"}],"collection":[{"href":"https:\/\/manu015.supserv.cozmoslabs.com\/fr\/wp-json\/wp\/v2\/pages"}],"about":[{"href":"https:\/\/manu015.supserv.cozmoslabs.com\/fr\/wp-json\/wp\/v2\/types\/page"}],"author":[{"embeddable":true,"href":"https:\/\/manu015.supserv.cozmoslabs.com\/fr\/wp-json\/wp\/v2\/users\/1"}],"replies":[{"embeddable":true,"href":"https:\/\/manu015.supserv.cozmoslabs.com\/fr\/wp-json\/wp\/v2\/comments?post=7089"}],"version-history":[{"count":0,"href":"https:\/\/manu015.supserv.cozmoslabs.com\/fr\/wp-json\/wp\/v2\/pages\/7089\/revisions"}],"wp:featuredmedia":[{"embeddable":true,"href":"https:\/\/manu015.supserv.cozmoslabs.com\/fr\/wp-json\/wp\/v2\/media\/22"}],"wp:attachment":[{"href":"https:\/\/manu015.supserv.cozmoslabs.com\/fr\/wp-json\/wp\/v2\/media?parent=7089"}],"curies":[{"name":"wp","href":"https:\/\/api.w.org\/{rel}","templated":true}]}}