{"id":7065,"date":"2020-10-31T15:38:27","date_gmt":"2020-10-31T15:38:27","guid":{"rendered":"https:\/\/manu015.supserv.cozmoslabs.com\/?page_id=7065"},"modified":"2020-11-13T08:09:59","modified_gmt":"2020-11-13T08:09:59","slug":"fleet","status":"publish","type":"page","link":"https:\/\/manu015.supserv.cozmoslabs.com\/fr\/fleet\/","title":{"rendered":"Flotte"},"content":{"rendered":"<div  class=\"one withsmallpadding ppb_header\" style=\"text-align:left;padding:40px 0 40px 0;\" >\n<div class=\"standard_wrapper\">\n<div class=\"page_content_wrapper\">\n<div class=\"inner\">\n<div style=\"margin:auto;width:100%\">\n<h2 class=\"ppb_title\" style=\"\">Flotte de taxis<\/h2>\n<div class=\"page_tagline\" style=\"\">Nous avons 6 cat\u00e9gories de v\u00e9hicules<\/div>\n<div class=\"ppb_header_content\">\n<p>Nous avons une grande flotte de taxis dans notre entreprise. Ici vous pouvez voir les photos de certains de nos v\u00e9hicules. Tous nos v\u00e9hicules sont enti\u00e8rement immatricul\u00e9s pour le transport et ils ont tous un num\u00e9ro de plaque commen\u00e7ant par TL signifiant Taxi Limousine comme l&#39;exige la r\u00e9glementation belge.<\/p>\n<p>Une large flotte de v\u00e9hicules pour vous servir: berlines, mini-fourgonnettes, minibus et limousines. Parmi les berlines, vous pouvez choisir entre les mod\u00e8les de luxe ou standard. Il en va de m\u00eame pour les minibus, nous avons les minifourgonnettes de luxe et standard<br \/>\nNos voitures avec chauffeur disposent d&#39;un r\u00e9seau Wi-Fi afin que vous puissiez vous connecter si vous en avez besoin. Notre int\u00e9rieur propre et soign\u00e9 vous invite \u00e0 vous d\u00e9tendre et vous d\u00e9tendre.<\/p>\n<\/div>\n<\/div>\n<\/div>\n<\/div>\n<\/div>\n<\/div>\n<div  class=\"one withsmallpadding ppb_header\" style=\"text-align:left;padding:40px 0 40px 0;\" >\n<div class=\"standard_wrapper\">\n<div class=\"page_content_wrapper\">\n<div class=\"inner\">\n<div style=\"margin:auto;width:100%\">\n<h2 class=\"ppb_title\" style=\"\">Berline standard<\/h2>\n<div class=\"ppb_header_content\">\n<p>Il s&#39;agit de notre cat\u00e9gorie de v\u00e9hicules la moins ch\u00e8re. il a une capacit\u00e9 maximale de 4 passagers et 3 bagages. C&#39;est le plus populaire. Dans cette cat\u00e9gorie, vous trouverez des v\u00e9hicules comme Nissan Qashqai, Skoda Octavia ou des v\u00e9hicules similaires<\/p>\n<p>[ngg src = \u201dgalleries\u201d ids = \u201d2 \u2033 display =\u201d basic_thumbnail \u201d]<\/p>\n<p>\u00a0<\/p>\n<\/div>\n<\/div>\n<\/div>\n<\/div>\n<\/div>\n<\/div>\n<div  class=\"one withsmallpadding ppb_header\" style=\"text-align:left;padding:40px 0 40px 0;\" >\n<div class=\"standard_wrapper\">\n<div class=\"page_content_wrapper\">\n<div class=\"inner\">\n<div style=\"margin:auto;width:100%\">\n<h2 class=\"ppb_title\" style=\"\">Classe E Executive Mercedes Benz<\/h2>\n<div class=\"ppb_header_content\">\n<p>Nos berlines Executive se composent essentiellement de mod\u00e8les tels que Mercedes-Benz Classe E, Audi A6, Volvo S90 ou des v\u00e9hicules similaires. C&#39;est vraiment luxueux. Il a \u00e9t\u00e9 principalement con\u00e7u pour accueillir un maximum de 3 passagers. Cependant, ce v\u00e9hicule est \u00e9quip\u00e9 de 4 ceintures de s\u00e9curit\u00e9 pour passagers. Par cons\u00e9quent, nous autorisons jusqu&#39;\u00e0 4 passagers dans ce v\u00e9hicule et 3 bagages.<\/p>\n<p>[ngg src = &quot;galleries&quot; ids = &quot;3&quot; display = &quot;basic_slideshow&quot;]<\/p>\n<\/div>\n<\/div>\n<\/div>\n<\/div>\n<\/div>\n<\/div>\n<div  class=\"one withsmallpadding ppb_header\" style=\"text-align:left;padding:40px 0 40px 0;\" >\n<div class=\"standard_wrapper\">\n<div class=\"page_content_wrapper\">\n<div class=\"inner\">\n<div style=\"margin:auto;width:100%\">\n<h2 class=\"ppb_title\" style=\"\">Minivan standard<\/h2>\n<div class=\"ppb_header_content\">\n<p>Cette cat\u00e9gorie de v\u00e9hicules peut accueillir jusqu&#39;\u00e0 8 passagers par v\u00e9hicule. C&#39;est le moyen le moins cher de voyager en taxi si vous avez beaucoup de bagages ou si vous \u00eates un groupe de plus de 4 personnes.<\/p>\n<p>Dans notre cat\u00e9gorie de minibus standard, nous avons des v\u00e9hicules tels que Opel Vivaro, Renault Trafic ou des v\u00e9hicules similaires<\/p>\n<p>[ngg src = \u201dgaleries\u201d ids = \u201d4 \u2033 display =\u201d basic_imagebrowser \u201d]<\/p>\n<p>\u00a0<\/p>\n<\/div>\n<\/div>\n<\/div>\n<\/div>\n<\/div>\n<\/div>\n<div  class=\"one withsmallpadding ppb_header\" style=\"text-align:left;padding:40px 0 40px 0;\" >\n<div class=\"standard_wrapper\">\n<div class=\"page_content_wrapper\">\n<div class=\"inner\">\n<div style=\"margin:auto;width:100%\">\n<h2 class=\"ppb_title\" style=\"\">Minifourgonnette Executive Mercedes Benz Classe V et Vito Tourer<\/h2>\n<div class=\"ppb_header_content\">\n<p>Dans cette cat\u00e9gorie, nous avons diff\u00e9rents types de mod\u00e8les comme la Mercedes Classe V, la Mercedes Benz Vito Tourer, la Mercedes Benz Viano, la Ford Customs Tourneo etc\u2026 Ce type de v\u00e9hicule peut accueillir jusqu&#39;\u00e0 7 ou 8 passagers maximum selon la marque et le mod\u00e8le de la fourgonnette. C&#39;est notre v\u00e9hicule le plus luxueux. Tr\u00e8s spacieux, il dispose de 6 si\u00e8ges en cuir \u00e0 l&#39;arri\u00e8re et de 1 ou 2 si\u00e8ges passagers \u00e0 l&#39;avant. 2 rang\u00e9es de 3 si\u00e8ges face \u00e0 face. Vous vous sentez vraiment comme dans un salon lorsque vous \u00eates \u00e0 bord de notre minifourgonnette Mercedes Benz Classe V.<br \/>\nPour un groupe de 8 personnes, nous avons \u00e9galement une solution luxueuse pour eux puisque nous avons ce deuxi\u00e8me mod\u00e8le de monospace. C&#39;est notre mod\u00e8le de tourer Mercedes Benz Vito. Il dispose \u00e9galement de 6 si\u00e8ges en cuir \u00e0 l&#39;arri\u00e8re avec 2 rang\u00e9es de 3 si\u00e8ges face \u00e0 face. Dans la cabine avant, nous avons 2 si\u00e8ges suppl\u00e9mentaires. Vous comprenez tr\u00e8s bien que dans notre Mercedes Benz Vito tourer, nous pouvons transporter jusqu&#39;\u00e0 8 passagers avec le m\u00eame confort et le m\u00eame luxe que dans notre Mercedes Benz Classe V.<\/p>\n<p>[ngg src = &quot;galeries&quot; ids = &quot;5&quot; display = &quot;basic_thumbnail&quot;]<\/p>\n<\/div>\n<\/div>\n<\/div>\n<\/div>\n<\/div>\n<\/div>\n<div  class=\"one withsmallpadding ppb_header\" style=\"text-align:left;padding:40px 0 40px 0;\" >\n<div class=\"standard_wrapper\">\n<div class=\"page_content_wrapper\">\n<div class=\"inner\">\n<div style=\"margin:auto;width:100%\">\n<h2 class=\"ppb_title\" style=\"\">Taxi pour fauteuil roulant. Limousines et bus<\/h2>\n<div class=\"ppb_header_content\">\n<p>Nous avons \u00e9galement un taxi sp\u00e9cial pour transporter les personnes en fauteuil roulant. Nous avons de gros bus d&#39;une capacit\u00e9 de 48 passagers par bus pour un grand groupe de personnes. Surtout s&#39;ils ne veulent pas voyager avec des minifourgonnettes diff\u00e9rentes. Si vous avez besoin d&#39;une limousine pour un \u00e9v\u00e9nement particulier. Pour plus d&#39;informations, veuillez consulter notre <a href=\"https:\/\/manu015.supserv.cozmoslabs.com\/\">page d&#39;accueil<\/a><\/p>\n<\/div>\n<\/div>\n<\/div>\n<\/div>\n<\/div>\n<\/div>","protected":false},"excerpt":{"rendered":"<p>Taxi Fleet We have 6 categories of vehicles We have a large taxi fleet in our company. Here you can see the photos of some of our vehicles. All our vehicles are fully licenced for transport and they all have [&hellip;]<\/p>","protected":false},"author":1,"featured_media":7665,"parent":0,"menu_order":0,"comment_status":"closed","ping_status":"closed","template":"","meta":[],"yoast_head":"<!-- This site is optimized with the Yoast SEO plugin v18.4.1 - https:\/\/yoast.com\/wordpress\/plugins\/seo\/ -->\n<title>Discover the fleet of our taxi company - Your Private Driver<\/title>\n<meta name=\"description\" content=\"We have a very large fleet made up of 4 categories of vehicles ranging from sedans to minivans, both standard and luxury.\" \/>\n<meta name=\"robots\" content=\"index, follow, max-snippet:-1, max-image-preview:large, max-video-preview:-1\" \/>\n<link rel=\"canonical\" href=\"https:\/\/manu015.supserv.cozmoslabs.com\/fr\/fleet\/\" \/>\n<meta property=\"og:locale\" content=\"fr_FR\" \/>\n<meta property=\"og:type\" content=\"article\" \/>\n<meta property=\"og:title\" content=\"Discover the fleet of our taxi company - Your Private Driver\" \/>\n<meta property=\"og:description\" content=\"We have a very large fleet made up of 4 categories of vehicles ranging from sedans to minivans, both standard and luxury.\" \/>\n<meta property=\"og:url\" content=\"https:\/\/manu015.supserv.cozmoslabs.com\/fr\/fleet\/\" \/>\n<meta property=\"og:site_name\" content=\"Your Private Driver\" \/>\n<meta property=\"article:publisher\" content=\"https:\/\/www.facebook.com\/yourprivatedriverbrussels\" \/>\n<meta property=\"article:modified_time\" content=\"2020-11-13T08:09:59+00:00\" \/>\n<meta property=\"og:image\" content=\"https:\/\/manu015.supserv.cozmoslabs.com\/wp-content\/uploads\/2020\/11\/flotte-vehicules-taxi-aeroport.png\" \/>\n\t<meta property=\"og:image:width\" content=\"534\" \/>\n\t<meta property=\"og:image:height\" content=\"230\" \/>\n\t<meta property=\"og:image:type\" content=\"image\/png\" \/>\n<meta name=\"twitter:card\" content=\"summary_large_image\" \/>\n<meta name=\"twitter:site\" content=\"@privatedriverbx\" \/>\n<meta name=\"twitter:label1\" content=\"Dur\u00e9e de lecture estim\u00e9e\" \/>\n\t<meta name=\"twitter:data1\" content=\"3 minutes\" \/>\n<script type=\"application\/ld+json\" class=\"yoast-schema-graph\">{\"@context\":\"https:\/\/schema.org\",\"@graph\":[{\"@type\":\"Organization\",\"@id\":\"https:\/\/manu015.supserv.cozmoslabs.com\/#organization\",\"name\":\"Your Private Driver\",\"url\":\"https:\/\/manu015.supserv.cozmoslabs.com\/\",\"sameAs\":[\"https:\/\/www.facebook.com\/yourprivatedriverbrussels\",\"https:\/\/www.instagram.com\/taxibrusselsairport\/\",\"https:\/\/www.linkedin.com\/company\/yourprivatedriver\/\",\"https:\/\/www.youtube.com\/channel\/UCdFj5lm3qhOZWz_Rz0yupVA\",\"https:\/\/www.pinterest.fr\/pin\/704672672920362864\/\",\"https:\/\/twitter.com\/privatedriverbx\"],\"logo\":{\"@type\":\"ImageObject\",\"@id\":\"https:\/\/manu015.supserv.cozmoslabs.com\/#logo\",\"inLanguage\":\"fr-FR\",\"url\":\"\",\"contentUrl\":\"\",\"caption\":\"Your Private Driver\"},\"image\":{\"@id\":\"https:\/\/manu015.supserv.cozmoslabs.com\/#logo\"}},{\"@type\":\"WebSite\",\"@id\":\"https:\/\/manu015.supserv.cozmoslabs.com\/#website\",\"url\":\"https:\/\/manu015.supserv.cozmoslabs.com\/\",\"name\":\"Your Private Driver\",\"description\":\"Taxi Brussels airport - Taxi Charleroi airport\",\"publisher\":{\"@id\":\"https:\/\/manu015.supserv.cozmoslabs.com\/#organization\"},\"potentialAction\":[{\"@type\":\"SearchAction\",\"target\":{\"@type\":\"EntryPoint\",\"urlTemplate\":\"https:\/\/manu015.supserv.cozmoslabs.com\/?s={search_term_string}\"},\"query-input\":\"required name=search_term_string\"}],\"inLanguage\":\"fr-FR\"},{\"@type\":\"ImageObject\",\"@id\":\"https:\/\/manu015.supserv.cozmoslabs.com\/fleet\/#primaryimage\",\"inLanguage\":\"fr-FR\",\"url\":\"https:\/\/manu015.supserv.cozmoslabs.com\/wp-content\/uploads\/2020\/11\/flotte-vehicules-taxi-aeroport.png\",\"contentUrl\":\"https:\/\/manu015.supserv.cozmoslabs.com\/wp-content\/uploads\/2020\/11\/flotte-vehicules-taxi-aeroport.png\",\"width\":534,\"height\":230,\"caption\":\"Our Fleet\"},{\"@type\":\"WebPage\",\"@id\":\"https:\/\/manu015.supserv.cozmoslabs.com\/fleet\/#webpage\",\"url\":\"https:\/\/manu015.supserv.cozmoslabs.com\/fleet\/\",\"name\":\"Discover the fleet of our taxi company - Your Private Driver\",\"isPartOf\":{\"@id\":\"https:\/\/manu015.supserv.cozmoslabs.com\/#website\"},\"primaryImageOfPage\":{\"@id\":\"https:\/\/manu015.supserv.cozmoslabs.com\/fleet\/#primaryimage\"},\"datePublished\":\"2020-10-31T15:38:27+00:00\",\"dateModified\":\"2020-11-13T08:09:59+00:00\",\"description\":\"We have a very large fleet made up of 4 categories of vehicles ranging from sedans to minivans, both standard and luxury.\",\"breadcrumb\":{\"@id\":\"https:\/\/manu015.supserv.cozmoslabs.com\/fleet\/#breadcrumb\"},\"inLanguage\":\"fr-FR\",\"potentialAction\":[{\"@type\":\"ReadAction\",\"target\":[\"https:\/\/manu015.supserv.cozmoslabs.com\/fleet\/\"]}]},{\"@type\":\"BreadcrumbList\",\"@id\":\"https:\/\/manu015.supserv.cozmoslabs.com\/fleet\/#breadcrumb\",\"itemListElement\":[{\"@type\":\"ListItem\",\"position\":1,\"name\":\"Home\",\"item\":\"https:\/\/manu015.supserv.cozmoslabs.com\/\"},{\"@type\":\"ListItem\",\"position\":2,\"name\":\"Fleet\"}]}]}<\/script>\n<!-- \/ Yoast SEO plugin. -->","yoast_head_json":{"title":"Discover the fleet of our taxi company - Your Private Driver","description":"We have a very large fleet made up of 4 categories of vehicles ranging from sedans to minivans, both standard and luxury.","robots":{"index":"index","follow":"follow","max-snippet":"max-snippet:-1","max-image-preview":"max-image-preview:large","max-video-preview":"max-video-preview:-1"},"canonical":"https:\/\/manu015.supserv.cozmoslabs.com\/fr\/fleet\/","og_locale":"fr_FR","og_type":"article","og_title":"Discover the fleet of our taxi company - Your Private Driver","og_description":"We have a very large fleet made up of 4 categories of vehicles ranging from sedans to minivans, both standard and luxury.","og_url":"https:\/\/manu015.supserv.cozmoslabs.com\/fr\/fleet\/","og_site_name":"Your Private Driver","article_publisher":"https:\/\/www.facebook.com\/yourprivatedriverbrussels","article_modified_time":"2020-11-13T08:09:59+00:00","og_image":[{"width":534,"height":230,"url":"https:\/\/manu015.supserv.cozmoslabs.com\/wp-content\/uploads\/2020\/11\/flotte-vehicules-taxi-aeroport.png","type":"image\/png"}],"twitter_card":"summary_large_image","twitter_site":"@privatedriverbx","twitter_misc":{"Dur\u00e9e de lecture estim\u00e9e":"3 minutes"},"schema":{"@context":"https:\/\/schema.org","@graph":[{"@type":"Organization","@id":"https:\/\/manu015.supserv.cozmoslabs.com\/#organization","name":"Your Private Driver","url":"https:\/\/manu015.supserv.cozmoslabs.com\/","sameAs":["https:\/\/www.facebook.com\/yourprivatedriverbrussels","https:\/\/www.instagram.com\/taxibrusselsairport\/","https:\/\/www.linkedin.com\/company\/yourprivatedriver\/","https:\/\/www.youtube.com\/channel\/UCdFj5lm3qhOZWz_Rz0yupVA","https:\/\/www.pinterest.fr\/pin\/704672672920362864\/","https:\/\/twitter.com\/privatedriverbx"],"logo":{"@type":"ImageObject","@id":"https:\/\/manu015.supserv.cozmoslabs.com\/#logo","inLanguage":"fr-FR","url":"","contentUrl":"","caption":"Your Private Driver"},"image":{"@id":"https:\/\/manu015.supserv.cozmoslabs.com\/#logo"}},{"@type":"WebSite","@id":"https:\/\/manu015.supserv.cozmoslabs.com\/#website","url":"https:\/\/manu015.supserv.cozmoslabs.com\/","name":"Your Private Driver","description":"Taxi Brussels airport - Taxi Charleroi airport","publisher":{"@id":"https:\/\/manu015.supserv.cozmoslabs.com\/#organization"},"potentialAction":[{"@type":"SearchAction","target":{"@type":"EntryPoint","urlTemplate":"https:\/\/manu015.supserv.cozmoslabs.com\/?s={search_term_string}"},"query-input":"required name=search_term_string"}],"inLanguage":"fr-FR"},{"@type":"ImageObject","@id":"https:\/\/manu015.supserv.cozmoslabs.com\/fleet\/#primaryimage","inLanguage":"fr-FR","url":"https:\/\/manu015.supserv.cozmoslabs.com\/wp-content\/uploads\/2020\/11\/flotte-vehicules-taxi-aeroport.png","contentUrl":"https:\/\/manu015.supserv.cozmoslabs.com\/wp-content\/uploads\/2020\/11\/flotte-vehicules-taxi-aeroport.png","width":534,"height":230,"caption":"Our Fleet"},{"@type":"WebPage","@id":"https:\/\/manu015.supserv.cozmoslabs.com\/fleet\/#webpage","url":"https:\/\/manu015.supserv.cozmoslabs.com\/fleet\/","name":"Discover the fleet of our taxi company - Your Private Driver","isPartOf":{"@id":"https:\/\/manu015.supserv.cozmoslabs.com\/#website"},"primaryImageOfPage":{"@id":"https:\/\/manu015.supserv.cozmoslabs.com\/fleet\/#primaryimage"},"datePublished":"2020-10-31T15:38:27+00:00","dateModified":"2020-11-13T08:09:59+00:00","description":"We have a very large fleet made up of 4 categories of vehicles ranging from sedans to minivans, both standard and luxury.","breadcrumb":{"@id":"https:\/\/manu015.supserv.cozmoslabs.com\/fleet\/#breadcrumb"},"inLanguage":"fr-FR","potentialAction":[{"@type":"ReadAction","target":["https:\/\/manu015.supserv.cozmoslabs.com\/fleet\/"]}]},{"@type":"BreadcrumbList","@id":"https:\/\/manu015.supserv.cozmoslabs.com\/fleet\/#breadcrumb","itemListElement":[{"@type":"ListItem","position":1,"name":"Home","item":"https:\/\/manu015.supserv.cozmoslabs.com\/"},{"@type":"ListItem","position":2,"name":"Fleet"}]}]}},"_links":{"self":[{"href":"https:\/\/manu015.supserv.cozmoslabs.com\/fr\/wp-json\/wp\/v2\/pages\/7065"}],"collection":[{"href":"https:\/\/manu015.supserv.cozmoslabs.com\/fr\/wp-json\/wp\/v2\/pages"}],"about":[{"href":"https:\/\/manu015.supserv.cozmoslabs.com\/fr\/wp-json\/wp\/v2\/types\/page"}],"author":[{"embeddable":true,"href":"https:\/\/manu015.supserv.cozmoslabs.com\/fr\/wp-json\/wp\/v2\/users\/1"}],"replies":[{"embeddable":true,"href":"https:\/\/manu015.supserv.cozmoslabs.com\/fr\/wp-json\/wp\/v2\/comments?post=7065"}],"version-history":[{"count":0,"href":"https:\/\/manu015.supserv.cozmoslabs.com\/fr\/wp-json\/wp\/v2\/pages\/7065\/revisions"}],"wp:featuredmedia":[{"embeddable":true,"href":"https:\/\/manu015.supserv.cozmoslabs.com\/fr\/wp-json\/wp\/v2\/media\/7665"}],"wp:attachment":[{"href":"https:\/\/manu015.supserv.cozmoslabs.com\/fr\/wp-json\/wp\/v2\/media?parent=7065"}],"curies":[{"name":"wp","href":"https:\/\/api.w.org\/{rel}","templated":true}]}}