{"id":7018,"date":"2020-10-31T13:03:15","date_gmt":"2020-10-31T13:03:15","guid":{"rendered":"https:\/\/manu015.supserv.cozmoslabs.com\/?page_id=7018"},"modified":"2020-11-13T07:50:29","modified_gmt":"2020-11-13T07:50:29","slug":"about-us","status":"publish","type":"page","link":"https:\/\/manu015.supserv.cozmoslabs.com\/fr\/about-us\/","title":{"rendered":"\u00c0 propos de nous"},"content":{"rendered":"<div  class=\"one withsmallpadding ppb_header\" style=\"text-align:left;padding:40px 0 40px 0;\" >\n<div class=\"standard_wrapper\">\n<div class=\"page_content_wrapper\">\n<div class=\"inner\">\n<div style=\"margin:auto;width:100%\">\n<h2 class=\"ppb_title\" style=\"\">Votre chauffeur priv\u00e9<\/h2>\n<div class=\"ppb_header_content\">\n<p>Your Private Driver est une soci\u00e9t\u00e9 de taxi et transporteur de passagers r\u00e9mun\u00e9r\u00e9 fond\u00e9e vers le d\u00e9but de 2016. La soci\u00e9t\u00e9 est situ\u00e9e \u00e0 Bruxelles et op\u00e8re dans toute la Belgique et \u00e0 travers l&#39;Europe. En outre, <em><strong>Votre chauffeur priv\u00e9<\/strong><\/em> est un acteur incontournable du transport de personnes \u00e0 Bruxelles. Il propose un service de transport disponible pour les passagers arrivant \u00e0 l&#39;a\u00e9roport de Bruxelles et \u00e0 l&#39;a\u00e9roport de Charleroi.<\/p>\n<p>Votre chauffeur priv\u00e9 est une compagnie de taxi fiable pour les a\u00e9roports.<br \/>\nSi vous pr\u00e9voyez de visiter le centre-ville de Bruxelles, votre chauffeur priv\u00e9 vous assistera. En effet, il y a d&#39;innombrables choses que vous pouvez faire en famille. M\u00eame si vous \u00eates en voyage d&#39;affaires. En effet, Bruxelles est tout simplement l&#39;une des plus belles villes du monde avec ses nombreux espaces verts.<\/p>\n<p>Vous pouvez nous faire confiance pour tous vos besoins de transport \u00e0 Bruxelles. Un trajet en taxi vers l&#39;un de nos a\u00e9roports belges, un mariage \u00e0 Bruxelles, un transport de groupe pour une r\u00e9union, une soir\u00e9e priv\u00e9e, un tour de ville <a href=\"https:\/\/manu015.supserv.cozmoslabs.com\/services\/\">ou un trajet en taxi depuis \/ vers une autre ville belge.<\/a> Your private driver <a href=\"https:\/\/manu015.supserv.cozmoslabs.com\/fleet\/\">a des v\u00e9hicules<\/a> et des chauffeurs professionnels pour rendre votre voyage m\u00e9morable. Nous sommes fiables et abordables pour tous vos trajets en taxi.<\/p>\n<p>Si vous voulez en savoir plus sur nous et sur les diff\u00e9rents sujets concernant les taxis \u00e0 Bruxelles en particulier et dans le monde en g\u00e9n\u00e9ral, veuillez visiter <a href=\"https:\/\/manu015.supserv.cozmoslabs.com\/blog\/\">notre blog sur les taxis.<\/a> N&#39;h\u00e9sitez pas \u00e0 partager vos id\u00e9es et vos exp\u00e9riences. Laissez vos commentaires si vous en avez envie. Partagez votre exp\u00e9rience sur notre blog de taxi ainsi qu&#39;un utilisateur de taxi ou simplement un chauffeur de taxi.<\/p>\n<\/div>\n<\/div>\n<\/div>\n<\/div>\n<\/div>\n<\/div>\n<div  class=\"one withsmallpadding ppb_header\" style=\"text-align:center;padding:50px 0 50px 0;background-color:#5856d6;color:#ffffff;\" >\n<div class=\"standard_wrapper\">\n<div class=\"page_content_wrapper\">\n<div class=\"inner\">\n<div style=\"margin:auto;width:50%\">\n<h2 class=\"ppb_title\" style=\"color:#ffffff;\">Chauffeurs de taxi professionnels<\/h2>\n<div class=\"ppb_header_content\">\n<p>Nos chauffeurs professionnels vous d\u00e9posent \u00e0 l&#39;a\u00e9roport de Bruxelles Zaventem et ils viennent vous chercher \u00e0 l&#39;a\u00e9roport de Bruxelles, Charleroi et Li\u00e8ge. De plus, Your Private Driver vous propose un voyage rapide et silencieux dans des voitures confortables, \u00e9quip\u00e9es d&#39;un r\u00e9seau Wi-Fi performant.<\/p>\n<div class=\"one_half\" style=\"\">\n<div class=\"animate_counter_wrapper\">\n<div id=\"1605253829349298397\" class=\"odometer\" style=\"font-size:60px;line-height:60px;\">0<\/div>\n<div class=\"count_separator\"><span><\/span><\/div>\n<div class=\"counter_subject\">Voyages<\/div>\n<\/div>\n<\/div>\n<div class=\"one_half last\" style=\"\">\n<div class=\"animate_counter_wrapper\">\n<div id=\"16052538291044985847\" class=\"odometer\" style=\"font-size:60px;line-height:60px;\">0<\/div>\n<div class=\"count_separator\"><span><\/span><\/div>\n<div class=\"counter_subject\">Clients satisfaits<\/div>\n<\/div>\n<\/div>\n<p><br class=\"clear\"\/><\/p>\n<\/div>\n<\/div>\n<\/div>\n<\/div>\n<\/div>\n<\/div>\n<div  class=\"one withsmallpadding ppb_header\" style=\"text-align:left;padding:40px 0 40px 0;\" >\n<div class=\"standard_wrapper\">\n<div class=\"page_content_wrapper\">\n<div class=\"inner\">\n<div style=\"margin:auto;width:100%\">\n<h2 class=\"ppb_title\" style=\"\">Service de taxi professionnel \u00e0 Bruxelles<\/h2>\n<div class=\"ppb_header_content\">\n<p>Profitez de notre <a href=\"https:\/\/manu015.supserv.cozmoslabs.com\/services\/\"> service de transfert a\u00e9roport, service de limousine et navette a\u00e9roport <\/a> visiter <a href=\"https:\/\/visit.brussels\/en\/category\/monuments-sites\" target=\"_blank\" rel=\"noopener noreferrer\"> lieux historiques de Bruxelles<\/a> et Bruges. Ne pas h\u00e9siter \u00e0 <a href=\"https:\/\/manu015.supserv.cozmoslabs.com\/contact-us\/\"> Nous contacter<\/a> pour en savoir plus sur nos visites priv\u00e9es. Nos chauffeurs traversent \u00e9galement les fronti\u00e8res belges pour vous emmener \u00e0 votre destination.<\/p>\n<\/div>\n<\/div>\n<\/div>\n<\/div>\n<\/div>\n<\/div>\n<div  class=\"one withsmallpadding ppb_header\" style=\"text-align:left;padding:40px 0 40px 0;\" >\n<div class=\"standard_wrapper\">\n<div class=\"page_content_wrapper\">\n<div class=\"inner\">\n<div style=\"margin:auto;width:100%\">\n<h2 class=\"ppb_title\" style=\"\">L&#39;entreprise de taxi \u00e0 Bruxelles est notre service<\/h2>\n<div class=\"ppb_header_content\">\n<p>Faites-nous confiance pour tous vos d\u00e9placements en taxi \u00e0 Bruxelles ou vers les a\u00e9roports. Le transport de personnes est notre sp\u00e9cialit\u00e9. De plus, nous proposons un service de location de voitures avec chauffeur. Vous avez toutes les raisons de nous faire confiance. \u00c0 ce jour, nous avons des centaines de clients satisfaits.<\/p>\n<p>Si vous cherchez un moyen \u00e9conomique et confortable de prendre un taxi depuis ou vers l&#39;a\u00e9roport de Bruxelles et l&#39;a\u00e9roport de Charleroi, cela ne vous ruinera pas. Votre chauffeur priv\u00e9 reste alors votre solution id\u00e9ale.<\/p>\n<\/div>\n<\/div>\n<\/div>\n<\/div>\n<\/div>\n<\/div>\n<div  class=\"one withsmallpadding ppb_header\" style=\"text-align:left;padding:40px 0 40px 0;\" >\n<div class=\"standard_wrapper\">\n<div class=\"page_content_wrapper\">\n<div class=\"inner\">\n<div style=\"margin:auto;width:100%\">\n<h2 class=\"ppb_title\" style=\"\">R\u00e9servation de taxi chez votre chauffeur priv\u00e9<\/h2>\n<div class=\"ppb_header_content\">\n<p>Notre syst\u00e8me de r\u00e9servation de taxi en ligne vous aidera \u00e0 r\u00e9server votre taxi facilement. Lors de la r\u00e9servation en ligne sur notre site Web, vous pouvez comparer directement et voir quel type de v\u00e9hicule est le plus \u00e9conomique ou le plus confortable en fonction de votre destination et de votre budget.<\/p>\n<p>R\u00e9servez votre taxi d&#39;a\u00e9roport avec votre chauffeur priv\u00e9. En effet cela vous permettra de rester sans stress le jour de votre voyage. En effet Si vous r\u00e9servez votre taxi depuis l&#39;a\u00e9roport de Bruxelles ou l&#39;a\u00e9roport de Charleroi bien \u00e0 l&#39;avance, vous n&#39;aurez plus \u00e0 vous inqui\u00e9ter le jour du voyage. De m\u00eame, si vous r\u00e9servez un taxi pour la ville d&#39;Anvers, Li\u00e8ge, Gand, Bruges, Li\u00e8ge ou Namur. Une r\u00e9servation de taxi avec nous vous permet de conna\u00eetre \u00e0 l&#39;avance le prix final fixe de votre trajet en taxi.<\/p>\n<p>De la simple berline aux taxis de luxe, il y en a pour tous les go\u00fbts et tous les budgets. Alors r\u00e9servez d\u00e8s maintenant votre taxi a\u00e9roport pour \u00eatre pris en charge \u00e0 l&#39;a\u00e9roport de Bruxelles et \u00e0 l&#39;a\u00e9roport de Charleroi, ou simplement y \u00eatre d\u00e9pos\u00e9.<\/p>\n<p>Gr\u00e2ce \u00e0 notre syst\u00e8me de r\u00e9servation en ligne, vous \u00eates \u00e0 l&#39;abri de la surprise d&#39;une augmentation des frais de derni\u00e8re minute. En fait, cela se produit au moment o\u00f9 vous souhaitez commander votre taxi Uber ou Heetch pour vous rendre \u00e0 l&#39;a\u00e9roport. Nous parlons maintenant de la fameuse flamb\u00e9e des prix Uber. Vous ne vivrez jamais une telle chose avec votre chauffeur priv\u00e9<\/p>\n<h3>Comment payer votre taxi chez votre chauffeur priv\u00e9?<\/h3>\n<h4>Moyens de paiement de votre taxi d&#39;a\u00e9roport.<\/h4>\n<p>Au moment de votre r\u00e9servation de taxi, vous aurez le choix entre un paiement en ligne s\u00e9curis\u00e9 imm\u00e9diat ou un paiement en esp\u00e8ces.<\/p>\n<p>Votre chauffeur priv\u00e9 accepte la plupart des modes de paiement tels que Mastercard, Visa, American Express, PayPal, Ideal, Sofort Banking, Bancontact, EPS, CartaSi, GiroPay, KBC \/ CBC, Belfius, ING, Paysafecard, Cartes bancaires, Sepa Direct Debit, Sepa Bank Transfert, cartes-cadeaux et plusieurs autres cartes de cr\u00e9dit ou de d\u00e9bit. Pour tout paiement en ligne, un suppl\u00e9ment de 4% est requis. Il s&#39;agit de la commission de transaction par carte de cr\u00e9dit \/ Paypal.<\/p>\n<p>Si vous choisissez le paiement en esp\u00e8ces, aucun frais suppl\u00e9mentaire n&#39;est requis. Le paiement est effectu\u00e9 au chauffeur. Cependant, il vous suffit d&#39;avoir la monnaie exacte car nos chauffeurs ne marchent pas souvent avec beaucoup d&#39;argent en esp\u00e8ces.<\/p>\n<h4>Tarif de taxi bon march\u00e9.<\/h4>\n<p>Tarif de taxi comp\u00e9titif pour les minifourgonnettes priv\u00e9es, Mercedes-Benz classe V ou similaire pour un maximum de 8 personnes. De plus, vous payez un tarif de taxi raisonnable pour l&#39;a\u00e9roport avec des berlines ex\u00e9cutives comme la Mercedes-Benz classe E. Ce tarif de taxi abordable s&#39;applique m\u00eame pour les minibus standard pour 8 personnes comme Opel Vivaro ou Volkswagen Caravell. Le tarif de taxi bon march\u00e9 s&#39;applique \u00e9galement aux berlines standard comme la Skoda Octavia ou un v\u00e9hicule similaire.<\/p>\n<p>Chez Your Private Driver, vous trouvez l&#39;un des tarifs de taxi les moins chers de Bruxelles. Taxi \u00e0 partir de 35 euros pour un transfert a\u00e9roport de l&#39;a\u00e9roport de Bruxelles au centre-ville de Bruxelles. Ce prix comprend le service d&#39;accueil \u00e0 l&#39;a\u00e9roport. Votre chauffeur priv\u00e9 applique des tarifs de taxi tr\u00e8s bon march\u00e9. En fait, c&#39;est pour permettre \u00e0 chacun de profiter de nos services d&#39;exception.<\/p>\n<p>N&#39;h\u00e9sitez pas \u00e0 vous inscrire ou <a href=\"https:\/\/manu015.supserv.cozmoslabs.com\/account\/\">Connectez-vous \u00e0 votre compte<\/a> pour g\u00e9rer vos r\u00e9servations ou effectuer une nouvelle r\u00e9servation.<\/p>\n<\/div>\n<\/div>\n<\/div>\n<\/div>\n<\/div>\n<\/div>","protected":false},"excerpt":{"rendered":"<p>Your Private Driver Your Private Driver is a taxi company and remunerated passenger carrier founded around early 2016. The company is located in Brussels and operates throughout Belgium and across Europe. In addition, Your Private Driver is a key player [&hellip;]<\/p>","protected":false},"author":1,"featured_media":7659,"parent":0,"menu_order":0,"comment_status":"closed","ping_status":"closed","template":"","meta":[],"yoast_head":"<!-- This site is optimized with the Yoast SEO plugin v18.4.1 - https:\/\/yoast.com\/wordpress\/plugins\/seo\/ -->\n<title>Learn more about our taxi company - Your Private Driver<\/title>\n<meta name=\"description\" content=\"Your Private Driver is taxi company founded in early 2016. We provide taxi service in Brussels and to BRU and CRL airports.\" \/>\n<meta name=\"robots\" content=\"index, follow, max-snippet:-1, max-image-preview:large, max-video-preview:-1\" \/>\n<link rel=\"canonical\" href=\"https:\/\/manu015.supserv.cozmoslabs.com\/fr\/about-us\/\" \/>\n<meta property=\"og:locale\" content=\"fr_FR\" \/>\n<meta property=\"og:type\" content=\"article\" \/>\n<meta property=\"og:title\" content=\"Learn more about our taxi company - Your Private Driver\" \/>\n<meta property=\"og:description\" content=\"Your Private Driver is taxi company founded in early 2016. We provide taxi service in Brussels and to BRU and CRL airports.\" \/>\n<meta property=\"og:url\" content=\"https:\/\/manu015.supserv.cozmoslabs.com\/fr\/about-us\/\" \/>\n<meta property=\"og:site_name\" content=\"Your Private Driver\" \/>\n<meta property=\"article:publisher\" content=\"https:\/\/www.facebook.com\/yourprivatedriverbrussels\" \/>\n<meta property=\"article:modified_time\" content=\"2020-11-13T07:50:29+00:00\" \/>\n<meta property=\"og:image\" content=\"https:\/\/manu015.supserv.cozmoslabs.com\/wp-content\/uploads\/2020\/11\/about.jpg\" \/>\n\t<meta property=\"og:image:width\" content=\"854\" \/>\n\t<meta property=\"og:image:height\" content=\"334\" \/>\n\t<meta property=\"og:image:type\" content=\"image\/jpeg\" \/>\n<meta name=\"twitter:card\" content=\"summary_large_image\" \/>\n<meta name=\"twitter:site\" content=\"@privatedriverbx\" \/>\n<meta name=\"twitter:label1\" content=\"Dur\u00e9e de lecture estim\u00e9e\" \/>\n\t<meta name=\"twitter:data1\" content=\"5 minutes\" \/>\n<script type=\"application\/ld+json\" class=\"yoast-schema-graph\">{\"@context\":\"https:\/\/schema.org\",\"@graph\":[{\"@type\":\"Organization\",\"@id\":\"https:\/\/manu015.supserv.cozmoslabs.com\/#organization\",\"name\":\"Your Private Driver\",\"url\":\"https:\/\/manu015.supserv.cozmoslabs.com\/\",\"sameAs\":[\"https:\/\/www.facebook.com\/yourprivatedriverbrussels\",\"https:\/\/www.instagram.com\/taxibrusselsairport\/\",\"https:\/\/www.linkedin.com\/company\/yourprivatedriver\/\",\"https:\/\/www.youtube.com\/channel\/UCdFj5lm3qhOZWz_Rz0yupVA\",\"https:\/\/www.pinterest.fr\/pin\/704672672920362864\/\",\"https:\/\/twitter.com\/privatedriverbx\"],\"logo\":{\"@type\":\"ImageObject\",\"@id\":\"https:\/\/manu015.supserv.cozmoslabs.com\/#logo\",\"inLanguage\":\"fr-FR\",\"url\":\"\",\"contentUrl\":\"\",\"caption\":\"Your Private Driver\"},\"image\":{\"@id\":\"https:\/\/manu015.supserv.cozmoslabs.com\/#logo\"}},{\"@type\":\"WebSite\",\"@id\":\"https:\/\/manu015.supserv.cozmoslabs.com\/#website\",\"url\":\"https:\/\/manu015.supserv.cozmoslabs.com\/\",\"name\":\"Your Private Driver\",\"description\":\"Taxi Brussels airport - Taxi Charleroi airport\",\"publisher\":{\"@id\":\"https:\/\/manu015.supserv.cozmoslabs.com\/#organization\"},\"potentialAction\":[{\"@type\":\"SearchAction\",\"target\":{\"@type\":\"EntryPoint\",\"urlTemplate\":\"https:\/\/manu015.supserv.cozmoslabs.com\/?s={search_term_string}\"},\"query-input\":\"required name=search_term_string\"}],\"inLanguage\":\"fr-FR\"},{\"@type\":\"ImageObject\",\"@id\":\"https:\/\/manu015.supserv.cozmoslabs.com\/about-us\/#primaryimage\",\"inLanguage\":\"fr-FR\",\"url\":\"https:\/\/manu015.supserv.cozmoslabs.com\/wp-content\/uploads\/2020\/11\/about.jpg\",\"contentUrl\":\"https:\/\/manu015.supserv.cozmoslabs.com\/wp-content\/uploads\/2020\/11\/about.jpg\",\"width\":854,\"height\":334,\"caption\":\"About Us\"},{\"@type\":\"WebPage\",\"@id\":\"https:\/\/manu015.supserv.cozmoslabs.com\/about-us\/#webpage\",\"url\":\"https:\/\/manu015.supserv.cozmoslabs.com\/about-us\/\",\"name\":\"Learn more about our taxi company - Your Private Driver\",\"isPartOf\":{\"@id\":\"https:\/\/manu015.supserv.cozmoslabs.com\/#website\"},\"primaryImageOfPage\":{\"@id\":\"https:\/\/manu015.supserv.cozmoslabs.com\/about-us\/#primaryimage\"},\"datePublished\":\"2020-10-31T13:03:15+00:00\",\"dateModified\":\"2020-11-13T07:50:29+00:00\",\"description\":\"Your Private Driver is taxi company founded in early 2016. We provide taxi service in Brussels and to BRU and CRL airports.\",\"breadcrumb\":{\"@id\":\"https:\/\/manu015.supserv.cozmoslabs.com\/about-us\/#breadcrumb\"},\"inLanguage\":\"fr-FR\",\"potentialAction\":[{\"@type\":\"ReadAction\",\"target\":[\"https:\/\/manu015.supserv.cozmoslabs.com\/about-us\/\"]}]},{\"@type\":\"BreadcrumbList\",\"@id\":\"https:\/\/manu015.supserv.cozmoslabs.com\/about-us\/#breadcrumb\",\"itemListElement\":[{\"@type\":\"ListItem\",\"position\":1,\"name\":\"Home\",\"item\":\"https:\/\/manu015.supserv.cozmoslabs.com\/\"},{\"@type\":\"ListItem\",\"position\":2,\"name\":\"About Us\"}]}]}<\/script>\n<!-- \/ Yoast SEO plugin. -->","yoast_head_json":{"title":"Learn more about our taxi company - Your Private Driver","description":"Your Private Driver is taxi company founded in early 2016. We provide taxi service in Brussels and to BRU and CRL airports.","robots":{"index":"index","follow":"follow","max-snippet":"max-snippet:-1","max-image-preview":"max-image-preview:large","max-video-preview":"max-video-preview:-1"},"canonical":"https:\/\/manu015.supserv.cozmoslabs.com\/fr\/about-us\/","og_locale":"fr_FR","og_type":"article","og_title":"Learn more about our taxi company - Your Private Driver","og_description":"Your Private Driver is taxi company founded in early 2016. We provide taxi service in Brussels and to BRU and CRL airports.","og_url":"https:\/\/manu015.supserv.cozmoslabs.com\/fr\/about-us\/","og_site_name":"Your Private Driver","article_publisher":"https:\/\/www.facebook.com\/yourprivatedriverbrussels","article_modified_time":"2020-11-13T07:50:29+00:00","og_image":[{"width":854,"height":334,"url":"https:\/\/manu015.supserv.cozmoslabs.com\/wp-content\/uploads\/2020\/11\/about.jpg","type":"image\/jpeg"}],"twitter_card":"summary_large_image","twitter_site":"@privatedriverbx","twitter_misc":{"Dur\u00e9e de lecture estim\u00e9e":"5 minutes"},"schema":{"@context":"https:\/\/schema.org","@graph":[{"@type":"Organization","@id":"https:\/\/manu015.supserv.cozmoslabs.com\/#organization","name":"Your Private Driver","url":"https:\/\/manu015.supserv.cozmoslabs.com\/","sameAs":["https:\/\/www.facebook.com\/yourprivatedriverbrussels","https:\/\/www.instagram.com\/taxibrusselsairport\/","https:\/\/www.linkedin.com\/company\/yourprivatedriver\/","https:\/\/www.youtube.com\/channel\/UCdFj5lm3qhOZWz_Rz0yupVA","https:\/\/www.pinterest.fr\/pin\/704672672920362864\/","https:\/\/twitter.com\/privatedriverbx"],"logo":{"@type":"ImageObject","@id":"https:\/\/manu015.supserv.cozmoslabs.com\/#logo","inLanguage":"fr-FR","url":"","contentUrl":"","caption":"Your Private Driver"},"image":{"@id":"https:\/\/manu015.supserv.cozmoslabs.com\/#logo"}},{"@type":"WebSite","@id":"https:\/\/manu015.supserv.cozmoslabs.com\/#website","url":"https:\/\/manu015.supserv.cozmoslabs.com\/","name":"Your Private Driver","description":"Taxi Brussels airport - Taxi Charleroi airport","publisher":{"@id":"https:\/\/manu015.supserv.cozmoslabs.com\/#organization"},"potentialAction":[{"@type":"SearchAction","target":{"@type":"EntryPoint","urlTemplate":"https:\/\/manu015.supserv.cozmoslabs.com\/?s={search_term_string}"},"query-input":"required name=search_term_string"}],"inLanguage":"fr-FR"},{"@type":"ImageObject","@id":"https:\/\/manu015.supserv.cozmoslabs.com\/about-us\/#primaryimage","inLanguage":"fr-FR","url":"https:\/\/manu015.supserv.cozmoslabs.com\/wp-content\/uploads\/2020\/11\/about.jpg","contentUrl":"https:\/\/manu015.supserv.cozmoslabs.com\/wp-content\/uploads\/2020\/11\/about.jpg","width":854,"height":334,"caption":"About Us"},{"@type":"WebPage","@id":"https:\/\/manu015.supserv.cozmoslabs.com\/about-us\/#webpage","url":"https:\/\/manu015.supserv.cozmoslabs.com\/about-us\/","name":"Learn more about our taxi company - Your Private Driver","isPartOf":{"@id":"https:\/\/manu015.supserv.cozmoslabs.com\/#website"},"primaryImageOfPage":{"@id":"https:\/\/manu015.supserv.cozmoslabs.com\/about-us\/#primaryimage"},"datePublished":"2020-10-31T13:03:15+00:00","dateModified":"2020-11-13T07:50:29+00:00","description":"Your Private Driver is taxi company founded in early 2016. We provide taxi service in Brussels and to BRU and CRL airports.","breadcrumb":{"@id":"https:\/\/manu015.supserv.cozmoslabs.com\/about-us\/#breadcrumb"},"inLanguage":"fr-FR","potentialAction":[{"@type":"ReadAction","target":["https:\/\/manu015.supserv.cozmoslabs.com\/about-us\/"]}]},{"@type":"BreadcrumbList","@id":"https:\/\/manu015.supserv.cozmoslabs.com\/about-us\/#breadcrumb","itemListElement":[{"@type":"ListItem","position":1,"name":"Home","item":"https:\/\/manu015.supserv.cozmoslabs.com\/"},{"@type":"ListItem","position":2,"name":"About Us"}]}]}},"_links":{"self":[{"href":"https:\/\/manu015.supserv.cozmoslabs.com\/fr\/wp-json\/wp\/v2\/pages\/7018"}],"collection":[{"href":"https:\/\/manu015.supserv.cozmoslabs.com\/fr\/wp-json\/wp\/v2\/pages"}],"about":[{"href":"https:\/\/manu015.supserv.cozmoslabs.com\/fr\/wp-json\/wp\/v2\/types\/page"}],"author":[{"embeddable":true,"href":"https:\/\/manu015.supserv.cozmoslabs.com\/fr\/wp-json\/wp\/v2\/users\/1"}],"replies":[{"embeddable":true,"href":"https:\/\/manu015.supserv.cozmoslabs.com\/fr\/wp-json\/wp\/v2\/comments?post=7018"}],"version-history":[{"count":0,"href":"https:\/\/manu015.supserv.cozmoslabs.com\/fr\/wp-json\/wp\/v2\/pages\/7018\/revisions"}],"wp:featuredmedia":[{"embeddable":true,"href":"https:\/\/manu015.supserv.cozmoslabs.com\/fr\/wp-json\/wp\/v2\/media\/7659"}],"wp:attachment":[{"href":"https:\/\/manu015.supserv.cozmoslabs.com\/fr\/wp-json\/wp\/v2\/media?parent=7018"}],"curies":[{"name":"wp","href":"https:\/\/api.w.org\/{rel}","templated":true}]}}