{"id":2650,"date":"2017-01-24T09:16:52","date_gmt":"2017-01-24T09:16:52","guid":{"rendered":"http:\/\/themes.themegoods.com\/grandcarrental\/demo\/?page_id=2650"},"modified":"2020-11-13T17:31:19","modified_gmt":"2020-11-13T17:31:19","slug":"faqs","status":"publish","type":"page","link":"https:\/\/manu015.supserv.cozmoslabs.com\/fr\/faqs\/","title":{"rendered":"Foire aux questions sur votre chauffeur priv\u00e9"},"content":{"rendered":"<h2>Pourquoi choisir votre chauffeur priv\u00e9 pour tous vos d\u00e9placements en taxi a\u00e9roport?<\/h2>\n<div class=\"pp_accordion has_icon\">\n<h3><a href=\"#\">Syst\u00e8me de r\u00e9servation Easy Taxi<\/a><\/h3>\n<div>\n<p> Nous utilisons le syst\u00e8me de r\u00e9servation de taxi le plus simple et le plus efficace.<br \/>\nIl vous faut 1 minute pour conna\u00eetre le prix exact de votre tarif de taxi.<br \/>\nPour cela, tout ce que vous avez \u00e0 faire est, depuis le widget de r\u00e9servation qui se trouve sur notre <a href=\"https:\/\/manu015.supserv.cozmoslabs.com\/\">page d&#39;accueil<\/a>, indiquez votre adresse de prise en charge et votre adresse de d\u00e9pose, indiquez le jour et la date de votre voyage et cliquez sur le bouton \u00abObtenir le prix\u00bb et c&#39;est tout. La prochaine chose que vous verrez, ce sont nos diff\u00e9rents prix par type de v\u00e9hicule. Si vous \u00eates d&#39;accord avec le prix, s\u00e9lectionnez simplement le v\u00e9hicule de votre choix et cliquez sur le bouton \u00abR\u00e9server maintenant\u00bb. \u00c0 partir de l\u00e0, vous devrez nous fournir certaines informations dont nous avons besoin pour traiter votre r\u00e9servation en douceur. Sinon, si vous n&#39;\u00eates pas d&#39;accord avec le prix, il vous suffit de quitter le site Web sans r\u00e9servation.<\/p>\n<p>Le client peut r\u00e9server le type de <a href=\"https:\/\/tomorrowland-taxi.com\" target=\"_blank\" rel=\"noopener noreferrer\">Taxi<\/a> qui convient \u00e0 son budget. Toutes les r\u00e9servations sont effectu\u00e9es via notre site Web et rarement par t\u00e9l\u00e9phone. Lors de la derni\u00e8re \u00e9tape de votre r\u00e9servation, veuillez effectuer un paiement en ligne s\u00e9curis\u00e9 instantan\u00e9 par carte de cr\u00e9dit \/ Paypal ou choisir de payer plus tard en esp\u00e8ces \u00e0 votre chauffeur. R\u00e9servez au moins 1 heure avant votre heure de d\u00e9part. Sinon, vous devez nous appeler au t\u00e9l\u00e9phone. Parce que notre syst\u00e8me de r\u00e9servation n&#39;autorise que les r\u00e9servations avec un minimum de 1 heure de d\u00e9lai. S&#39;il n&#39;y a pas un minimum d&#39;une heure entre l&#39;heure de r\u00e9servation et l&#39;heure de d\u00e9part, vous ne pourrez pas terminer votre r\u00e9servation. Dans ce cas, veuillez nous appeler et nous traiterons votre r\u00e9servation de taxi manuellement. Vous recevrez toujours un premier e-mail instantan\u00e9 apr\u00e8s votre r\u00e9servation avec votre facture en pi\u00e8ce jointe. Cela sera suivi peu de temps apr\u00e8s par un deuxi\u00e8me e-mail confirmant votre r\u00e9servation et un jour avant le voyage, vous recevrez un troisi\u00e8me e-mail avec tous les d\u00e9tails sur le chauffeur et le v\u00e9hicule.<\/p>\n<\/div>\n<\/div>\n<h2>Plus de raisons de nous choisir pour tous vos d\u00e9placements en taxi a\u00e9roport?<\/h2>\n<div class=\"pp_accordion has_icon\">\n<h3><a href=\"#\">45 minutes d&#39;attente \u00e0 l&#39;a\u00e9roport<\/a><\/h3>\n<div>\n<p> Votre chauffeur vous attendra \u00e0 l&#39;a\u00e9roport jusqu&#39;\u00e0 45 minutes apr\u00e8s l&#39;atterrissage de votre vol. En effet ce temps est largement suffisant pour que vous r\u00e9cup\u00e9riez tous vos bagages et rencontrez le chauffeur au point de rendez-vous.<\/p>\n<\/div>\n<\/div>\n<div class=\"pp_accordion has_icon\">\n<h3><a href=\"#\">Nous fournissons des si\u00e8ges b\u00e9b\u00e9 et des rehausseurs<\/a><\/h3>\n<div>\n<p> Pour votre taxi \u00e0 l&#39;a\u00e9roport, \u00e9vitez de vous encombrer avec votre si\u00e8ge b\u00e9b\u00e9 personnel. Optez pour notre si\u00e8ge b\u00e9b\u00e9 propre et soign\u00e9 pour un tout petit prix. M\u00eame chose pour votre jeune enfant qui n&#39;est pas assez grand pour la ceinture de s\u00e9curit\u00e9 du v\u00e9hicule. Optez pour notre si\u00e8ge d&#39;appoint au lieu de vous encombrer de votre propre si\u00e8ge enfant. Nous mettons \u00e0 votre disposition gratuitement un si\u00e8ge d&#39;appoint.<\/p>\n<\/div>\n<\/div>\n<div class=\"pp_accordion has_icon\">\n<h3><a href=\"#\">Service d&#39;accueil \u00e0 l&#39;a\u00e9roport<\/a><\/h3>\n<div>\n<p> En choisissant notre service d&#39;accueil \u00e0 l&#39;a\u00e9roport, votre chauffeur vous attendra \u00e0 l&#39;atterrissage de votre vol. Il sera dans la salle d&#39;attente de l&#39;a\u00e9roport avec une pancarte, un smartphone ou une tablette portant votre nom. Votre chauffeur vous attend et vous aide \u00e0 transporter vos bagages si n\u00e9cessaire. Il vous conduit jusqu&#39;\u00e0 votre destination. Il pourra m\u00eame vous conseiller un lieu d&#39;attraction ou un restaurant si vous le souhaitez. Oubliez les taxis pour h\u00e9ler, o\u00f9 vous ne savez pas combien le trajet vous co\u00fbtera au final. Avec <a href=\"https:\/\/manu015.supserv.cozmoslabs.com\/about-us\/\">Votre chauffeur priv\u00e9<\/a>, vous connaissez toujours le prix exact de votre trajet en taxi.<\/p>\n<\/div>\n<\/div>\n<h2>Questions fr\u00e9quemment pos\u00e9es sur les ramassages<\/h2>\n<div class=\"pp_accordion_close has_icon\">\n<h3><a href=\"#\">Et si je ne trouve pas votre chauffeur de taxi?<\/a><\/h3>\n<div>\n<p> C&#39;est une raret\u00e9 car nos chauffeurs arrivent \u00e0 l&#39;a\u00e9roport bien \u00e0 l&#39;avance lorsque vous louez notre service d&#39;accueil. Vous pouvez les trouver dans l&#39;attente avec un panneau clair et un smartphone ou une tablette. Si vous ne parvenez pas \u00e0 identifier notre chauffeur, il vous suffit de l&#39;appeler. Notre chauffeur vous trouvera imm\u00e9diatement, vous pouvez \u00e9galement appeler l&#39;exp\u00e9dition au +32466162494 nous sommes \u00e9galement disponibles sur WhatsApp avec le m\u00eame num\u00e9ro de t\u00e9l\u00e9phone.<\/p>\n<\/div>\n<\/div>\n<div class=\"pp_accordion_close has_icon\">\n<h3><a href=\"#\">Puis-je demander au chauffeur de s&#39;arr\u00eater et de modifier l&#39;itin\u00e9raire?<\/a><\/h3>\n<div>\n<p> Si vous vous \u00e9cartez de l&#39;itin\u00e9raire pr\u00e9vu ou faites un long arr\u00eat, vous avez la libert\u00e9 de faire un d\u00e9tour avec le chauffeur. L&#39;argent que vous avez pay\u00e9 ou le bon envoy\u00e9 refl\u00e8te clairement le prix que vous avez choisi t\u00f4t. Vous devez payer des esp\u00e8ces suppl\u00e9mentaires pour les d\u00e9tours et les arr\u00eats suppl\u00e9mentaires.<\/p>\n<\/div>\n<\/div>\n<div class=\"pp_accordion_close has_icon\">\n<h3><a href=\"#\">Qu&#39;en est-il de la franchise de bagages par v\u00e9hicule?<\/a><\/h3>\n<div>\n<p> La franchise de bagages d\u00e9pendra de la capacit\u00e9 de chaque cat\u00e9gorie de v\u00e9hicule. 3 sacs pour berlines et 8 sacs pour mini-fourgonnettes<\/p>\n<\/div>\n<\/div>\n<div class=\"pp_accordion_close has_icon\">\n<h3><a href=\"#\">Fournissez-vous des si\u00e8ges b\u00e9b\u00e9 et des rehausseurs?<\/a><\/h3>\n<div>\n<p> Oui; Votre chauffeur priv\u00e9 vous propose des si\u00e8ges b\u00e9b\u00e9 et des rehausseurs. Vous n&#39;avez pas \u00e0 vous soucier d&#39;utiliser votre propre si\u00e8ge b\u00e9b\u00e9 et de cr\u00e9er un effet encombr\u00e9. Nous proposons nos si\u00e8ges b\u00e9b\u00e9 propres et soign\u00e9s \u00e0 un prix abordable. Des rehausseurs sont \u00e9galement mis \u00e0 disposition gratuitement pour offrir le meilleur confort \u00e0 vos enfants.<\/p>\n<\/div>\n<\/div>\n<div class=\"pp_accordion_close has_icon\">\n<h3><a href=\"#\">Offrez-vous un service de r\u00e9ception \u00e0 l&#39;a\u00e9roport?<\/a><\/h3>\n<div>\n<p> Oui; nous offrons un service de r\u00e9ception \u00e0 l&#39;a\u00e9roport. Si vous s\u00e9lectionnez notre service d&#39;accueil depuis l&#39;a\u00e9roport pour un suppl\u00e9ment de 5 euros, notre chauffeur vous attendra dans la salle d&#39;attente de l&#39;a\u00e9roport pour vous recevoir. Vous pouvez trouver nos chauffeurs avec une pancarte et un smartphone ou une tablette. Ils vous aident m\u00eame \u00e0 porter vos bagages si n\u00e9cessaire.<\/p>\n<\/div>\n<\/div>\n<h2>Questions fr\u00e9quemment pos\u00e9es sur les services<\/h2>\n<div class=\"pp_accordion_close has_icon\">\n<h3><a href=\"#\">Quels types d&#39;\u00e9v\u00e9nements votre compagnie de taxi couvre-t-elle?<\/a><\/h3>\n<div>\n<p> Nous proposons des v\u00e9hicules de luxe pour tout type d&#39;\u00e9v\u00e9nement, y compris mariage, bapt\u00eame, r\u00e9union d&#39;entreprise, visite de bo\u00eete de nuit, \u00e9v\u00e9nement sportif et bien d&#39;autres. Vous pouvez choisir une limousine de luxe pour rendre votre transport extr\u00eamement agr\u00e9able, s\u00fbr et divertissant.<\/p>\n<\/div>\n<\/div>\n<div class=\"pp_accordion_close has_icon\">\n<h3><a href=\"#\">Offrez-vous des services de location de voitures?<\/a><\/h3>\n<div>\n<p> En plus d&#39;offrir des services de taxi \u00e0 Bruxelles, nous proposons des solutions de location de voitures avec chauffeur pour prendre en charge vos d\u00e9placements, y compris des navettes depuis les h\u00f4tels vers les lieux de conf\u00e9rence et d&#39;autres destinations. Nous prenons en charge vos besoins de voyage avec professionnalisme. Nous mettons \u00e9galement \u00e0 votre disposition un chauffeur exp\u00e9riment\u00e9 pour r\u00e9pondre \u00e0 vos exigences de mani\u00e8re responsable.<\/p>\n<\/div>\n<\/div>\n<div class=\"pp_accordion_close has_icon\">\n<h3><a href=\"#\">Puis-je r\u00e9server en ligne?<\/a><\/h3>\n<div>\n<p> Oui! Vous pouvez r\u00e9server en ligne avec facilit\u00e9 et confort sans effort. Le processus de r\u00e9servation peut \u00eatre compl\u00e9t\u00e9 en trois \u00e9tapes simples. Lorsque vous entrez les destinations de prise en charge et de d\u00e9pose, la date et l&#39;heure, vous \u00eates dirig\u00e9 vers une page o\u00f9 vous voyez le prix de chaque cat\u00e9gorie de v\u00e9hicule, il vous suffit ici de choisir le type de v\u00e9hicule qui correspond \u00e0 vos besoins et votre budget. Lorsque vous cliquez sur votre v\u00e9hicule pr\u00e9f\u00e9r\u00e9, vous pouvez ensuite cliquer sur le bouton \u00abr\u00e9server maintenant\u00bb. Apr\u00e8s avoir fourni les informations personnelles, vous pouvez effectuer le paiement et enfin, la confirmation de r\u00e9servation doit \u00eatre effectu\u00e9e.<\/p>\n<\/div>\n<\/div>\n<div class=\"pp_accordion_close has_icon\">\n<h3><a href=\"#\">Offrez-vous un transfert partag\u00e9 ou priv\u00e9?<\/a><\/h3>\n<div>\n<p> Votre chauffeur priv\u00e9 propose uniquement des transferts priv\u00e9s pour nos clients. Vous n&#39;avez pas \u00e0 vous soucier de voyager avec des inconnus. Nous accordons la plus grande importance aux besoins de chaque client. Puisque vous voyagez seul ou avec vos proches, vous pouvez rester d\u00e9tendu.<\/p>\n<\/div>\n<\/div>\n<h2>Questions fr\u00e9quemment pos\u00e9es sur Fleet<\/h2>\n<div class=\"pp_accordion_close has_icon\">\n<h3><a href=\"#\">Quels types de v\u00e9hicules proposez-vous?<\/a><\/h3>\n<div>\n<p> Peu importe si vous avez besoin d&#39;une limousine ou de tout autre type de v\u00e9hicule, y compris un minibus ou une berline; Vous pouvez compter sur nous. Notre flotte se compose d&#39;une gamme incroyable de v\u00e9hicules pour r\u00e9pondre aux besoins des individus comme des groupes.<\/p>\n<\/div>\n<\/div>\n<div class=\"pp_accordion_close has_icon\">\n<h3><a href=\"#\">Qu&#39;en est-il de votre flotte de v\u00e9hicules?<\/a><\/h3>\n<div>\n<p> Nous proposons une large gamme de v\u00e9hicules pour r\u00e9pondre aux besoins \u00e9volutifs de diff\u00e9rentes personnes. Notre flotte de v\u00e9hicules comprend des berlines de direction, des berlines standard, des minibus de direction et des minibus standard de diff\u00e9rentes marques. Vous pouvez choisir le bon en fonction de vos besoins et de votre budget.<\/p>\n<\/div>\n<\/div>\n<h2>Foire aux questions sur la couverture<\/h2>\n<div class=\"pp_accordion_close has_icon\">\n<h3><a href=\"#\">Quels sont les domaines couverts par vos services Taxi Brussels?<\/a><\/h3>\n<div>\n<p> En tant que prestataire de services de taxi fiable et responsable, Your Private Driver propose des services dans toutes les r\u00e9gions de la Belgique et au-del\u00e0. Vous pouvez m\u00eame louer notre taxi vers d&#39;autres villes d&#39;Europe. Notre objectif est de fournir la meilleure exp\u00e9rience \u00e0 nos clients en toute s\u00e9curit\u00e9.C&#39;est l&#39;une des questions les plus fr\u00e9quemment pos\u00e9es.<\/p>\n<\/div>\n<\/div>\n<div class=\"pp_accordion_close has_icon\">\n<h3><a href=\"#\">Quelles sont toutes les destinations couvertes par vos services de taxi?<\/a><\/h3>\n<div>\n<p> Nous proposons nos services de taxi a\u00e9roport et priv\u00e9 dans presque toutes les r\u00e9gions de Belgique et des pays voisins pour r\u00e9pondre aux besoins vari\u00e9s du maximum de clients. Vous pouvez simplement entrer votre point de prise en charge et votre point de d\u00e9p\u00f4t dans notre formulaire de r\u00e9servation et vous obtiendrez un devis pour votre voyage.<\/p>\n<\/div>\n<\/div>\n<h2>Questions fr\u00e9quemment pos\u00e9es sur le paiement et la s\u00e9curit\u00e9<\/h2>\n<div class=\"pp_accordion_close has_icon\">\n<h3><a href=\"#\">Dois-je \u00eatre pr\u00e9occup\u00e9 par la s\u00e9curit\u00e9 lorsque j&#39;effectue des paiements en ligne?<\/a><\/h3>\n<div>\n<p> Lorsque vous effectuez des paiements en ligne avec votre chauffeur priv\u00e9, vous n&#39;avez pas \u00e0 vous soucier de la s\u00e9curit\u00e9. Notre m\u00e9thode de paiement est \u00e9quip\u00e9e d&#39;un cryptage de bout en bout pour garantir des transactions de paiement en ligne s\u00fbres et fluides. Nous proposons des options de paiement flexibles, y compris le virement bancaire et les m\u00e9thodes de paiement en ligne.<\/p>\n<\/div>\n<\/div>\n<div class=\"pp_accordion_close has_icon\">\n<h3><a href=\"#\">Combien dois-je payer pour vos services de navette a\u00e9roport?<\/a><\/h3>\n<div>\n<p> Vous n&#39;avez pas \u00e0 vous soucier des prix \u00e9lev\u00e9s, car nous facturons les prix les plus comp\u00e9titifs de l&#39;industrie. Notre m\u00e9thode d&#39;approche est simple et transparente. Le prix initial \u00e9limine toute confusion et vous pouvez louer notre v\u00e9hicule avec un grand confort. Nous facturons uniquement ce que nous citons. Vous pouvez trouver le prix que nous facturons de diff\u00e9rents a\u00e9roports \u00e0 diff\u00e9rentes destinations avant de r\u00e9server, Seulement si vous \u00eates d&#39;accord avec le prix de votre voyage que vous pouvez continuer avec le processus de r\u00e9servation r\u00e9el.<\/p>\n<\/div>\n<\/div>\n<div class=\"pp_accordion_close has_icon\">\n<h3><a href=\"#\">Comment puis-je annuler ma commande pour votre service de transfert a\u00e9roport?<\/a><\/h3>\n<div>\n<p> Ce sont les questions les plus fr\u00e9quemment pos\u00e9es. En effet, vous pouvez annuler votre voyage jusqu&#39;\u00e0 24 heures avant l&#39;heure de prise en charge. Vous n&#39;avez pas \u00e0 vous soucier d&#39;une amende pour annulation dans ce d\u00e9lai. Le montant total est rembours\u00e9 en temps opportun. Vous n&#39;\u00eates pas admissible \u00e0 un remboursement si vous annulez apr\u00e8s cette p\u00e9riode.<\/p>\n<\/div>\n<\/div>\n<div class=\"pp_accordion_close has_icon\">\n<h3><a href=\"#\">Comment assurez-vous la s\u00e9curit\u00e9 des clients?<\/a><\/h3>\n<div>\n<p> Nous nous engageons \u00e0 offrir une s\u00e9curit\u00e9 irr\u00e9prochable \u00e0 nos clients. Tous nos chauffeurs sont des professionnels exp\u00e9riment\u00e9s, disciplin\u00e9s et v\u00e9rifi\u00e9s par les ant\u00e9c\u00e9dents avec un bon bilan. Ils connaissent parfaitement tous les itin\u00e9raires et vous emm\u00e8nent \u00e0 destination de mani\u00e8re s\u00fbre et responsable. De plus, tous nos v\u00e9hicules sont \u00e9quip\u00e9s d&#39;un syst\u00e8me GPS Track and Trace.<\/p>\n<\/div>\n<\/div>\n<p>Si vous voulez voir certains des v\u00e9hicules <a href=\"https:\/\/manu015.supserv.cozmoslabs.com\/fleet\/\">notre flotte, veuillez cliquer ici.<\/a><br \/>\n<img class=\"alignnone size-medium wp-image-7753 lazyload\" src=\"data:image\/gif;base64,R0lGODlhAQABAIAAAAAAAP\/\/\/yH5BAEAAAAALAAAAAABAAEAAAIBRAA7\" data-src=\"https:\/\/manu015.supserv.cozmoslabs.com\/wp-content\/uploads\/2020\/11\/airplane3-originalfit-300x75.jpg\" alt=\"Questions fr\u00e9quemment pos\u00e9es\" width=\"300\" height=\"75\"><noscript><img class=\"alignnone size-medium wp-image-7753 lazyload\" src=\"https:\/\/manu015.supserv.cozmoslabs.com\/wp-content\/uploads\/2020\/11\/airplane3-originalfit-300x75.jpg\" alt=\"Questions fr\u00e9quemment pos\u00e9es\" width=\"300\" height=\"75\"><\/noscript><\/p>","protected":false},"excerpt":{"rendered":"<p>Why choose Your Private Driver for all your airport taxis trips? More reasons to choose us for all your airport taxis trips? Frequently asked questions about Pickups Frequently asked questions about Services Frequently asked questions about Fleet Frequently asked questions [&hellip;]<\/p>","protected":false},"author":1,"featured_media":6608,"parent":0,"menu_order":0,"comment_status":"closed","ping_status":"closed","template":"","meta":[],"yoast_head":"<!-- This site is optimized with the Yoast SEO plugin v18.4.1 - https:\/\/yoast.com\/wordpress\/plugins\/seo\/ -->\n<title>Frequently asked questions ans answers - Your Private Driver<\/title>\n<meta name=\"description\" content=\"On this page you will find most frequently asked questions about our taxi company. Feel free to use contact page if you have more questions.\" \/>\n<meta name=\"robots\" content=\"index, follow, max-snippet:-1, max-image-preview:large, max-video-preview:-1\" \/>\n<link rel=\"canonical\" href=\"https:\/\/manu015.supserv.cozmoslabs.com\/fr\/faqs\/\" \/>\n<meta property=\"og:locale\" content=\"fr_FR\" \/>\n<meta property=\"og:type\" content=\"article\" \/>\n<meta property=\"og:title\" content=\"Frequently asked questions ans answers - Your Private Driver\" \/>\n<meta property=\"og:description\" content=\"On this page you will find most frequently asked questions about our taxi company. Feel free to use contact page if you have more questions.\" \/>\n<meta property=\"og:url\" content=\"https:\/\/manu015.supserv.cozmoslabs.com\/fr\/faqs\/\" \/>\n<meta property=\"og:site_name\" content=\"Your Private Driver\" \/>\n<meta property=\"article:publisher\" content=\"https:\/\/www.facebook.com\/yourprivatedriverbrussels\" \/>\n<meta property=\"article:modified_time\" content=\"2020-11-13T17:31:19+00:00\" \/>\n<meta property=\"og:image\" content=\"https:\/\/manu015.supserv.cozmoslabs.com\/wp-content\/uploads\/2017\/01\/driver-2-8-e1604313658294.jpg\" \/>\n\t<meta property=\"og:image:width\" content=\"768\" \/>\n\t<meta property=\"og:image:height\" content=\"510\" \/>\n\t<meta property=\"og:image:type\" content=\"image\/jpeg\" \/>\n<meta name=\"twitter:card\" content=\"summary_large_image\" \/>\n<meta name=\"twitter:site\" content=\"@privatedriverbx\" \/>\n<meta name=\"twitter:label1\" content=\"Dur\u00e9e de lecture estim\u00e9e\" \/>\n\t<meta name=\"twitter:data1\" content=\"9 minutes\" \/>\n<script type=\"application\/ld+json\" class=\"yoast-schema-graph\">{\"@context\":\"https:\/\/schema.org\",\"@graph\":[{\"@type\":\"Organization\",\"@id\":\"https:\/\/manu015.supserv.cozmoslabs.com\/#organization\",\"name\":\"Your Private Driver\",\"url\":\"https:\/\/manu015.supserv.cozmoslabs.com\/\",\"sameAs\":[\"https:\/\/www.facebook.com\/yourprivatedriverbrussels\",\"https:\/\/www.instagram.com\/taxibrusselsairport\/\",\"https:\/\/www.linkedin.com\/company\/yourprivatedriver\/\",\"https:\/\/www.youtube.com\/channel\/UCdFj5lm3qhOZWz_Rz0yupVA\",\"https:\/\/www.pinterest.fr\/pin\/704672672920362864\/\",\"https:\/\/twitter.com\/privatedriverbx\"],\"logo\":{\"@type\":\"ImageObject\",\"@id\":\"https:\/\/manu015.supserv.cozmoslabs.com\/#logo\",\"inLanguage\":\"fr-FR\",\"url\":\"\",\"contentUrl\":\"\",\"caption\":\"Your Private Driver\"},\"image\":{\"@id\":\"https:\/\/manu015.supserv.cozmoslabs.com\/#logo\"}},{\"@type\":\"WebSite\",\"@id\":\"https:\/\/manu015.supserv.cozmoslabs.com\/#website\",\"url\":\"https:\/\/manu015.supserv.cozmoslabs.com\/\",\"name\":\"Your Private Driver\",\"description\":\"Taxi Brussels airport - Taxi Charleroi airport\",\"publisher\":{\"@id\":\"https:\/\/manu015.supserv.cozmoslabs.com\/#organization\"},\"potentialAction\":[{\"@type\":\"SearchAction\",\"target\":{\"@type\":\"EntryPoint\",\"urlTemplate\":\"https:\/\/manu015.supserv.cozmoslabs.com\/?s={search_term_string}\"},\"query-input\":\"required name=search_term_string\"}],\"inLanguage\":\"fr-FR\"},{\"@type\":\"ImageObject\",\"@id\":\"https:\/\/manu015.supserv.cozmoslabs.com\/faqs\/#primaryimage\",\"inLanguage\":\"fr-FR\",\"url\":\"https:\/\/manu015.supserv.cozmoslabs.com\/wp-content\/uploads\/2017\/01\/driver-2-8-e1604313658294.jpg\",\"contentUrl\":\"https:\/\/manu015.supserv.cozmoslabs.com\/wp-content\/uploads\/2017\/01\/driver-2-8-e1604313658294.jpg\",\"width\":768,\"height\":510,\"caption\":\"Airport transfer\"},{\"@type\":\"WebPage\",\"@id\":\"https:\/\/manu015.supserv.cozmoslabs.com\/faqs\/#webpage\",\"url\":\"https:\/\/manu015.supserv.cozmoslabs.com\/faqs\/\",\"name\":\"Frequently asked questions ans answers - Your Private Driver\",\"isPartOf\":{\"@id\":\"https:\/\/manu015.supserv.cozmoslabs.com\/#website\"},\"primaryImageOfPage\":{\"@id\":\"https:\/\/manu015.supserv.cozmoslabs.com\/faqs\/#primaryimage\"},\"datePublished\":\"2017-01-24T09:16:52+00:00\",\"dateModified\":\"2020-11-13T17:31:19+00:00\",\"description\":\"On this page you will find most frequently asked questions about our taxi company. Feel free to use contact page if you have more questions.\",\"breadcrumb\":{\"@id\":\"https:\/\/manu015.supserv.cozmoslabs.com\/faqs\/#breadcrumb\"},\"inLanguage\":\"fr-FR\",\"potentialAction\":[{\"@type\":\"ReadAction\",\"target\":[\"https:\/\/manu015.supserv.cozmoslabs.com\/faqs\/\"]}]},{\"@type\":\"BreadcrumbList\",\"@id\":\"https:\/\/manu015.supserv.cozmoslabs.com\/faqs\/#breadcrumb\",\"itemListElement\":[{\"@type\":\"ListItem\",\"position\":1,\"name\":\"Home\",\"item\":\"https:\/\/manu015.supserv.cozmoslabs.com\/\"},{\"@type\":\"ListItem\",\"position\":2,\"name\":\"Frequently Asked Questions about Your Private Driver\"}]}]}<\/script>\n<!-- \/ Yoast SEO plugin. -->","yoast_head_json":{"title":"Frequently asked questions ans answers - Your Private Driver","description":"On this page you will find most frequently asked questions about our taxi company. Feel free to use contact page if you have more questions.","robots":{"index":"index","follow":"follow","max-snippet":"max-snippet:-1","max-image-preview":"max-image-preview:large","max-video-preview":"max-video-preview:-1"},"canonical":"https:\/\/manu015.supserv.cozmoslabs.com\/fr\/faqs\/","og_locale":"fr_FR","og_type":"article","og_title":"Frequently asked questions ans answers - Your Private Driver","og_description":"On this page you will find most frequently asked questions about our taxi company. Feel free to use contact page if you have more questions.","og_url":"https:\/\/manu015.supserv.cozmoslabs.com\/fr\/faqs\/","og_site_name":"Your Private Driver","article_publisher":"https:\/\/www.facebook.com\/yourprivatedriverbrussels","article_modified_time":"2020-11-13T17:31:19+00:00","og_image":[{"width":768,"height":510,"url":"https:\/\/manu015.supserv.cozmoslabs.com\/wp-content\/uploads\/2017\/01\/driver-2-8-e1604313658294.jpg","type":"image\/jpeg"}],"twitter_card":"summary_large_image","twitter_site":"@privatedriverbx","twitter_misc":{"Dur\u00e9e de lecture estim\u00e9e":"9 minutes"},"schema":{"@context":"https:\/\/schema.org","@graph":[{"@type":"Organization","@id":"https:\/\/manu015.supserv.cozmoslabs.com\/#organization","name":"Your Private Driver","url":"https:\/\/manu015.supserv.cozmoslabs.com\/","sameAs":["https:\/\/www.facebook.com\/yourprivatedriverbrussels","https:\/\/www.instagram.com\/taxibrusselsairport\/","https:\/\/www.linkedin.com\/company\/yourprivatedriver\/","https:\/\/www.youtube.com\/channel\/UCdFj5lm3qhOZWz_Rz0yupVA","https:\/\/www.pinterest.fr\/pin\/704672672920362864\/","https:\/\/twitter.com\/privatedriverbx"],"logo":{"@type":"ImageObject","@id":"https:\/\/manu015.supserv.cozmoslabs.com\/#logo","inLanguage":"fr-FR","url":"","contentUrl":"","caption":"Your Private Driver"},"image":{"@id":"https:\/\/manu015.supserv.cozmoslabs.com\/#logo"}},{"@type":"WebSite","@id":"https:\/\/manu015.supserv.cozmoslabs.com\/#website","url":"https:\/\/manu015.supserv.cozmoslabs.com\/","name":"Your Private Driver","description":"Taxi Brussels airport - Taxi Charleroi airport","publisher":{"@id":"https:\/\/manu015.supserv.cozmoslabs.com\/#organization"},"potentialAction":[{"@type":"SearchAction","target":{"@type":"EntryPoint","urlTemplate":"https:\/\/manu015.supserv.cozmoslabs.com\/?s={search_term_string}"},"query-input":"required name=search_term_string"}],"inLanguage":"fr-FR"},{"@type":"ImageObject","@id":"https:\/\/manu015.supserv.cozmoslabs.com\/faqs\/#primaryimage","inLanguage":"fr-FR","url":"https:\/\/manu015.supserv.cozmoslabs.com\/wp-content\/uploads\/2017\/01\/driver-2-8-e1604313658294.jpg","contentUrl":"https:\/\/manu015.supserv.cozmoslabs.com\/wp-content\/uploads\/2017\/01\/driver-2-8-e1604313658294.jpg","width":768,"height":510,"caption":"Airport transfer"},{"@type":"WebPage","@id":"https:\/\/manu015.supserv.cozmoslabs.com\/faqs\/#webpage","url":"https:\/\/manu015.supserv.cozmoslabs.com\/faqs\/","name":"Frequently asked questions ans answers - Your Private Driver","isPartOf":{"@id":"https:\/\/manu015.supserv.cozmoslabs.com\/#website"},"primaryImageOfPage":{"@id":"https:\/\/manu015.supserv.cozmoslabs.com\/faqs\/#primaryimage"},"datePublished":"2017-01-24T09:16:52+00:00","dateModified":"2020-11-13T17:31:19+00:00","description":"On this page you will find most frequently asked questions about our taxi company. Feel free to use contact page if you have more questions.","breadcrumb":{"@id":"https:\/\/manu015.supserv.cozmoslabs.com\/faqs\/#breadcrumb"},"inLanguage":"fr-FR","potentialAction":[{"@type":"ReadAction","target":["https:\/\/manu015.supserv.cozmoslabs.com\/faqs\/"]}]},{"@type":"BreadcrumbList","@id":"https:\/\/manu015.supserv.cozmoslabs.com\/faqs\/#breadcrumb","itemListElement":[{"@type":"ListItem","position":1,"name":"Home","item":"https:\/\/manu015.supserv.cozmoslabs.com\/"},{"@type":"ListItem","position":2,"name":"Frequently Asked Questions about Your Private Driver"}]}]}},"_links":{"self":[{"href":"https:\/\/manu015.supserv.cozmoslabs.com\/fr\/wp-json\/wp\/v2\/pages\/2650"}],"collection":[{"href":"https:\/\/manu015.supserv.cozmoslabs.com\/fr\/wp-json\/wp\/v2\/pages"}],"about":[{"href":"https:\/\/manu015.supserv.cozmoslabs.com\/fr\/wp-json\/wp\/v2\/types\/page"}],"author":[{"embeddable":true,"href":"https:\/\/manu015.supserv.cozmoslabs.com\/fr\/wp-json\/wp\/v2\/users\/1"}],"replies":[{"embeddable":true,"href":"https:\/\/manu015.supserv.cozmoslabs.com\/fr\/wp-json\/wp\/v2\/comments?post=2650"}],"version-history":[{"count":0,"href":"https:\/\/manu015.supserv.cozmoslabs.com\/fr\/wp-json\/wp\/v2\/pages\/2650\/revisions"}],"wp:featuredmedia":[{"embeddable":true,"href":"https:\/\/manu015.supserv.cozmoslabs.com\/fr\/wp-json\/wp\/v2\/media\/6608"}],"wp:attachment":[{"href":"https:\/\/manu015.supserv.cozmoslabs.com\/fr\/wp-json\/wp\/v2\/media?parent=2650"}],"curies":[{"name":"wp","href":"https:\/\/api.w.org\/{rel}","templated":true}]}}