{"id":7152,"date":"2020-11-01T14:36:14","date_gmt":"2020-11-01T14:36:14","guid":{"rendered":"https:\/\/manu015.supserv.cozmoslabs.com\/?page_id=7152"},"modified":"2020-11-13T08:29:22","modified_gmt":"2020-11-13T08:29:22","slug":"terms-and-conditions","status":"publish","type":"page","link":"https:\/\/manu015.supserv.cozmoslabs.com\/es\/terms-and-conditions\/","title":{"rendered":"T\u00e9rminos y condiciones"},"content":{"rendered":"<div  class=\"one withsmallpadding ppb_text\" style=\"text-align:left;padding:40px 0 40px 0;\" >\n<div class=\"standard_wrapper\">\n<div class=\"page_content_wrapper\">\n<div class=\"inner\">\n<div style=\"margin:auto;width:100%\">\n<h1>T\u00e9rminos y condiciones<\/h1>\n<p><strong>Su conductor privado - T\u00e9rminos y condiciones<\/strong><\/p>\n<p>\u2b24 <strong>Tu conductor privado<\/strong> El domicilio social se encuentra en 280C b 13 Route de Lennik,<br \/>\n1070 Bruselas<br \/>\nB\u00e9lgica<\/p>\n<p>\u2b24 Podemos cambiar los T\u00e9rminos de vez en cuando. Se le solicita que consulte nuestros t\u00e9rminos y condiciones para considerar cualquier cambio que se aplique a usted y \/ o cualquier pasajero.<\/p>\n<p>\u2b24 Su reserva en nuestro sitio web est\u00e1 condicionada a que acepte los T\u00e9rminos. No puede continuar con su reserva si no est\u00e1 de acuerdo con alguna parte de ellos.<\/p>\n<p>\u2b24 Si tiene alguna pregunta, no dude en <a href=\"https:\/\/manu015.supserv.cozmoslabs.com\/contact\/\">Cont\u00e1ctenos.<\/a><\/p>\n<p>\u2b24 <strong>Precio y pago<\/strong><br \/>\nTiene la posibilidad de elegir entre 2 medios de pago.<\/p>\n<ol>\n<li><strong>Pago en efectivo al conductor.<\/strong><br \/>\nEn este caso, pagar\u00e1 la cantidad exacta que se muestra durante la reserva.<\/li>\n<li><strong>Pago seguro en l\u00ednea.<\/strong><br \/>\nPagar\u00e1 una tarifa de transacci\u00f3n adem\u00e1s de su tarifa de taxi:<br \/>\n<strong>4% <\/strong>si decide utilizar STRIPE con su tarjeta de cr\u00e9dito o d\u00e9bito.<br \/>\n<strong>5% <\/strong>si decide utilizar PAYPAL.<\/li>\n<\/ol>\n<p>\u2b24 <strong>No somos responsables de los viajes fallidos si los datos que nos proporcionas en tu reserva son incorrectos.<\/strong><\/p>\n<p>\u2b24 <strong>Limitaci\u00f3n de responsabilidad<\/strong><br \/>\nEn caso de cualquier problema estamos asegurados como empresa oficial de transporte en taxi.<\/p>\n<p>\u2b24 <strong>Cancelaci\u00f3n<\/strong><br \/>\nPuede cancelar su reserva sin cargo hasta 24 horas antes de la hora de recogida.<br \/>\nMenos de 24 horas antes de la hora de recogida, no tiene derecho a ning\u00fan reembolso.<\/p>\n<h2>Pol\u00edtica de cancelaci\u00f3n<\/h2>\n<div class=\"pp_accordion has_icon\">\n<h3><a href=\"#\">Cancelaci\u00f3n gratuita 24 horas antes de la salida<\/a><\/h3>\n<div>\n<p> Cualquier cancelaci\u00f3n realizada 24 horas antes de la salida ser\u00e1 reembolsada en su totalidad. Sin embargo, no se reembolsar\u00e1 ninguna cancelaci\u00f3n realizada con menos de 24 horas antes de la salida.<\/p>\n<\/div>\n<\/div>\n<p>\u2b24 <strong>MUY IMPORTANTE<\/strong><\/p>\n<ul>\n<li>Aseg\u00farese de que su tel\u00e9fono est\u00e9 encendido en el momento de la recogida, para que podamos comunicarnos con usted si es necesario.<\/li>\n<li>Su reserva incluye 15 minutos de tiempo de espera o 45 minutos desde la hora real de aterrizaje del vuelo si su punto de recogida es en un aeropuerto.<\/li>\n<li>Cualquier tiempo de espera adicional adicional se cobrar\u00e1 10 euros por cada grupo de 15 minutos.<\/li>\n<li>Aseg\u00farese de tener suficiente tiempo para llegar a su destino. Nuestros tiempos de viaje estimados no tienen en cuenta las condiciones del tr\u00e1fico y otras circunstancias imprevistas.<\/li>\n<\/ul>\n<p>Aqu\u00ed est\u00e1 la p\u00e1gina donde puede <a href=\"https:\/\/manu015.supserv.cozmoslabs.com\/about-us\/\">Aprenda m\u00e1s acerca de nosotros<\/a>.<\/p>\n<\/div>\n<\/div>\n<\/div>\n<\/div>\n<\/div>","protected":false},"excerpt":{"rendered":"<p>Terms and Conditions Your Private Driver &#8211; Terms and Conditions \u2b24 Your Private Driver registered office is at 280C b 13 Route de Lennik, 1070 Brussels Belgium \u2b24 We may change the Terms from time to time. You are requested [&hellip;]<\/p>","protected":false},"author":1,"featured_media":7670,"parent":0,"menu_order":0,"comment_status":"closed","ping_status":"closed","template":"","meta":[],"yoast_head":"<!-- This site is optimized with the Yoast SEO plugin v18.4.1 - https:\/\/yoast.com\/wordpress\/plugins\/seo\/ -->\n<title>Terms and conditions of our taxi company - Your Private Driver<\/title>\n<meta name=\"description\" content=\"Here you will find our terms and conditions you need to know before booking and before cancelling a booking.\" \/>\n<meta name=\"robots\" content=\"index, follow, max-snippet:-1, max-image-preview:large, max-video-preview:-1\" \/>\n<link rel=\"canonical\" href=\"https:\/\/manu015.supserv.cozmoslabs.com\/es\/terms-and-conditions\/\" \/>\n<meta property=\"og:locale\" content=\"es_ES\" \/>\n<meta property=\"og:type\" content=\"article\" \/>\n<meta property=\"og:title\" content=\"Terms and conditions of our taxi company - Your Private Driver\" \/>\n<meta property=\"og:description\" content=\"Here you will find our terms and conditions you need to know before booking and before cancelling a booking.\" \/>\n<meta property=\"og:url\" content=\"https:\/\/manu015.supserv.cozmoslabs.com\/es\/terms-and-conditions\/\" \/>\n<meta property=\"og:site_name\" content=\"Your Private Driver\" \/>\n<meta property=\"article:publisher\" content=\"https:\/\/www.facebook.com\/yourprivatedriverbrussels\" \/>\n<meta property=\"article:modified_time\" content=\"2020-11-13T08:29:22+00:00\" \/>\n<meta property=\"og:image\" content=\"https:\/\/manu015.supserv.cozmoslabs.com\/wp-content\/uploads\/2020\/11\/Terms-and-conditions-1.jpg\" \/>\n\t<meta property=\"og:image:width\" content=\"854\" \/>\n\t<meta property=\"og:image:height\" content=\"301\" \/>\n\t<meta property=\"og:image:type\" content=\"image\/jpeg\" \/>\n<meta name=\"twitter:card\" content=\"summary_large_image\" \/>\n<meta name=\"twitter:site\" content=\"@privatedriverbx\" \/>\n<meta name=\"twitter:label1\" content=\"Tiempo de lectura\" \/>\n\t<meta name=\"twitter:data1\" content=\"2 minutos\" \/>\n<script type=\"application\/ld+json\" class=\"yoast-schema-graph\">{\"@context\":\"https:\/\/schema.org\",\"@graph\":[{\"@type\":\"Organization\",\"@id\":\"https:\/\/manu015.supserv.cozmoslabs.com\/#organization\",\"name\":\"Your Private Driver\",\"url\":\"https:\/\/manu015.supserv.cozmoslabs.com\/\",\"sameAs\":[\"https:\/\/www.facebook.com\/yourprivatedriverbrussels\",\"https:\/\/www.instagram.com\/taxibrusselsairport\/\",\"https:\/\/www.linkedin.com\/company\/yourprivatedriver\/\",\"https:\/\/www.youtube.com\/channel\/UCdFj5lm3qhOZWz_Rz0yupVA\",\"https:\/\/www.pinterest.fr\/pin\/704672672920362864\/\",\"https:\/\/twitter.com\/privatedriverbx\"],\"logo\":{\"@type\":\"ImageObject\",\"@id\":\"https:\/\/manu015.supserv.cozmoslabs.com\/#logo\",\"inLanguage\":\"es\",\"url\":\"\",\"contentUrl\":\"\",\"caption\":\"Your Private Driver\"},\"image\":{\"@id\":\"https:\/\/manu015.supserv.cozmoslabs.com\/#logo\"}},{\"@type\":\"WebSite\",\"@id\":\"https:\/\/manu015.supserv.cozmoslabs.com\/#website\",\"url\":\"https:\/\/manu015.supserv.cozmoslabs.com\/\",\"name\":\"Your Private Driver\",\"description\":\"Taxi Brussels airport - Taxi Charleroi airport\",\"publisher\":{\"@id\":\"https:\/\/manu015.supserv.cozmoslabs.com\/#organization\"},\"potentialAction\":[{\"@type\":\"SearchAction\",\"target\":{\"@type\":\"EntryPoint\",\"urlTemplate\":\"https:\/\/manu015.supserv.cozmoslabs.com\/?s={search_term_string}\"},\"query-input\":\"required name=search_term_string\"}],\"inLanguage\":\"es\"},{\"@type\":\"ImageObject\",\"@id\":\"https:\/\/manu015.supserv.cozmoslabs.com\/terms-and-conditions\/#primaryimage\",\"inLanguage\":\"es\",\"url\":\"https:\/\/manu015.supserv.cozmoslabs.com\/wp-content\/uploads\/2020\/11\/Terms-and-conditions-1.jpg\",\"contentUrl\":\"https:\/\/manu015.supserv.cozmoslabs.com\/wp-content\/uploads\/2020\/11\/Terms-and-conditions-1.jpg\",\"width\":854,\"height\":301,\"caption\":\"Terms and conditions\"},{\"@type\":\"WebPage\",\"@id\":\"https:\/\/manu015.supserv.cozmoslabs.com\/terms-and-conditions\/#webpage\",\"url\":\"https:\/\/manu015.supserv.cozmoslabs.com\/terms-and-conditions\/\",\"name\":\"Terms and conditions of our taxi company - Your Private Driver\",\"isPartOf\":{\"@id\":\"https:\/\/manu015.supserv.cozmoslabs.com\/#website\"},\"primaryImageOfPage\":{\"@id\":\"https:\/\/manu015.supserv.cozmoslabs.com\/terms-and-conditions\/#primaryimage\"},\"datePublished\":\"2020-11-01T14:36:14+00:00\",\"dateModified\":\"2020-11-13T08:29:22+00:00\",\"description\":\"Here you will find our terms and conditions you need to know before booking and before cancelling a booking.\",\"breadcrumb\":{\"@id\":\"https:\/\/manu015.supserv.cozmoslabs.com\/terms-and-conditions\/#breadcrumb\"},\"inLanguage\":\"es\",\"potentialAction\":[{\"@type\":\"ReadAction\",\"target\":[\"https:\/\/manu015.supserv.cozmoslabs.com\/terms-and-conditions\/\"]}]},{\"@type\":\"BreadcrumbList\",\"@id\":\"https:\/\/manu015.supserv.cozmoslabs.com\/terms-and-conditions\/#breadcrumb\",\"itemListElement\":[{\"@type\":\"ListItem\",\"position\":1,\"name\":\"Home\",\"item\":\"https:\/\/manu015.supserv.cozmoslabs.com\/\"},{\"@type\":\"ListItem\",\"position\":2,\"name\":\"Terms and conditions\"}]}]}<\/script>\n<!-- \/ Yoast SEO plugin. -->","yoast_head_json":{"title":"Terms and conditions of our taxi company - Your Private Driver","description":"Here you will find our terms and conditions you need to know before booking and before cancelling a booking.","robots":{"index":"index","follow":"follow","max-snippet":"max-snippet:-1","max-image-preview":"max-image-preview:large","max-video-preview":"max-video-preview:-1"},"canonical":"https:\/\/manu015.supserv.cozmoslabs.com\/es\/terms-and-conditions\/","og_locale":"es_ES","og_type":"article","og_title":"Terms and conditions of our taxi company - Your Private Driver","og_description":"Here you will find our terms and conditions you need to know before booking and before cancelling a booking.","og_url":"https:\/\/manu015.supserv.cozmoslabs.com\/es\/terms-and-conditions\/","og_site_name":"Your Private Driver","article_publisher":"https:\/\/www.facebook.com\/yourprivatedriverbrussels","article_modified_time":"2020-11-13T08:29:22+00:00","og_image":[{"width":854,"height":301,"url":"https:\/\/manu015.supserv.cozmoslabs.com\/wp-content\/uploads\/2020\/11\/Terms-and-conditions-1.jpg","type":"image\/jpeg"}],"twitter_card":"summary_large_image","twitter_site":"@privatedriverbx","twitter_misc":{"Tiempo de lectura":"2 minutos"},"schema":{"@context":"https:\/\/schema.org","@graph":[{"@type":"Organization","@id":"https:\/\/manu015.supserv.cozmoslabs.com\/#organization","name":"Your Private Driver","url":"https:\/\/manu015.supserv.cozmoslabs.com\/","sameAs":["https:\/\/www.facebook.com\/yourprivatedriverbrussels","https:\/\/www.instagram.com\/taxibrusselsairport\/","https:\/\/www.linkedin.com\/company\/yourprivatedriver\/","https:\/\/www.youtube.com\/channel\/UCdFj5lm3qhOZWz_Rz0yupVA","https:\/\/www.pinterest.fr\/pin\/704672672920362864\/","https:\/\/twitter.com\/privatedriverbx"],"logo":{"@type":"ImageObject","@id":"https:\/\/manu015.supserv.cozmoslabs.com\/#logo","inLanguage":"es","url":"","contentUrl":"","caption":"Your Private Driver"},"image":{"@id":"https:\/\/manu015.supserv.cozmoslabs.com\/#logo"}},{"@type":"WebSite","@id":"https:\/\/manu015.supserv.cozmoslabs.com\/#website","url":"https:\/\/manu015.supserv.cozmoslabs.com\/","name":"Your Private Driver","description":"Taxi Brussels airport - Taxi Charleroi airport","publisher":{"@id":"https:\/\/manu015.supserv.cozmoslabs.com\/#organization"},"potentialAction":[{"@type":"SearchAction","target":{"@type":"EntryPoint","urlTemplate":"https:\/\/manu015.supserv.cozmoslabs.com\/?s={search_term_string}"},"query-input":"required name=search_term_string"}],"inLanguage":"es"},{"@type":"ImageObject","@id":"https:\/\/manu015.supserv.cozmoslabs.com\/terms-and-conditions\/#primaryimage","inLanguage":"es","url":"https:\/\/manu015.supserv.cozmoslabs.com\/wp-content\/uploads\/2020\/11\/Terms-and-conditions-1.jpg","contentUrl":"https:\/\/manu015.supserv.cozmoslabs.com\/wp-content\/uploads\/2020\/11\/Terms-and-conditions-1.jpg","width":854,"height":301,"caption":"Terms and conditions"},{"@type":"WebPage","@id":"https:\/\/manu015.supserv.cozmoslabs.com\/terms-and-conditions\/#webpage","url":"https:\/\/manu015.supserv.cozmoslabs.com\/terms-and-conditions\/","name":"Terms and conditions of our taxi company - Your Private Driver","isPartOf":{"@id":"https:\/\/manu015.supserv.cozmoslabs.com\/#website"},"primaryImageOfPage":{"@id":"https:\/\/manu015.supserv.cozmoslabs.com\/terms-and-conditions\/#primaryimage"},"datePublished":"2020-11-01T14:36:14+00:00","dateModified":"2020-11-13T08:29:22+00:00","description":"Here you will find our terms and conditions you need to know before booking and before cancelling a booking.","breadcrumb":{"@id":"https:\/\/manu015.supserv.cozmoslabs.com\/terms-and-conditions\/#breadcrumb"},"inLanguage":"es","potentialAction":[{"@type":"ReadAction","target":["https:\/\/manu015.supserv.cozmoslabs.com\/terms-and-conditions\/"]}]},{"@type":"BreadcrumbList","@id":"https:\/\/manu015.supserv.cozmoslabs.com\/terms-and-conditions\/#breadcrumb","itemListElement":[{"@type":"ListItem","position":1,"name":"Home","item":"https:\/\/manu015.supserv.cozmoslabs.com\/"},{"@type":"ListItem","position":2,"name":"Terms and conditions"}]}]}},"_links":{"self":[{"href":"https:\/\/manu015.supserv.cozmoslabs.com\/es\/wp-json\/wp\/v2\/pages\/7152"}],"collection":[{"href":"https:\/\/manu015.supserv.cozmoslabs.com\/es\/wp-json\/wp\/v2\/pages"}],"about":[{"href":"https:\/\/manu015.supserv.cozmoslabs.com\/es\/wp-json\/wp\/v2\/types\/page"}],"author":[{"embeddable":true,"href":"https:\/\/manu015.supserv.cozmoslabs.com\/es\/wp-json\/wp\/v2\/users\/1"}],"replies":[{"embeddable":true,"href":"https:\/\/manu015.supserv.cozmoslabs.com\/es\/wp-json\/wp\/v2\/comments?post=7152"}],"version-history":[{"count":0,"href":"https:\/\/manu015.supserv.cozmoslabs.com\/es\/wp-json\/wp\/v2\/pages\/7152\/revisions"}],"wp:featuredmedia":[{"embeddable":true,"href":"https:\/\/manu015.supserv.cozmoslabs.com\/es\/wp-json\/wp\/v2\/media\/7670"}],"wp:attachment":[{"href":"https:\/\/manu015.supserv.cozmoslabs.com\/es\/wp-json\/wp\/v2\/media?parent=7152"}],"curies":[{"name":"wp","href":"https:\/\/api.w.org\/{rel}","templated":true}]}}