{"id":7136,"date":"2020-11-01T13:08:53","date_gmt":"2020-11-01T13:08:53","guid":{"rendered":"https:\/\/manu015.supserv.cozmoslabs.com\/?page_id=7136"},"modified":"2021-01-14T12:34:05","modified_gmt":"2021-01-14T12:34:05","slug":"taxi-brussels","status":"publish","type":"page","link":"https:\/\/manu015.supserv.cozmoslabs.com\/es\/taxi-brussels\/","title":{"rendered":"Taxi Bruselas"},"content":{"rendered":"<div  class=\"one withsmallpadding ppb_text\" style=\"text-align:left;padding:30px 0 30px 0;\" >\n<div class=\"standard_wrapper\">\n<div class=\"page_content_wrapper\">\n<div class=\"inner\">\n<div style=\"margin:auto;width:100%\">\n<h1>Taxi ciudad de Bruselas<\/h1>\n<p><iframe src=\"https:\/\/manu015.supserv.cozmoslabs.com\/eto\/?site_key=9ea3cb480ae5c09e26a20fb697ce8ee6\" name=\"eto-iframe\" id=\"eto-iframe-75447\" class=\"eto-iframe\" width=\"100%\" scrolling=\"no\" allow=\"geolocation\">Esta opci\u00f3n no funcionar\u00e1 correctamente. Desafortunadamente, su navegador no admite marcos en l\u00ednea.<\/iframe>\n<style type=\"text\/css\">iframe#eto-iframe-75447 { width:1px; min-width:100%; border:0; }<\/style>\n<script type=\"text\/javascript\" async defer> (function() { var etoWidgetData = { checkTimeout: 100, dynamicIframe: 0, googlePageSpeed: 0, googlePageSpeedLoadDelay: 6000, loadDelay: 0, }; function etoWidgetInit() { if (etoWidgetData.dynamicIframe) { var etoWidgetContainer = document.getElementById('eto-widget-container-eto-iframe-75447'); if (etoWidgetContainer) { etoWidgetContainer.innerHTML = '<iframe src=\"https:\/\/manu015.supserv.cozmoslabs.com\/eto\/?site_key=9ea3cb480ae5c09e26a20fb697ce8ee6\" name=\"eto-iframe\" id=\"eto-iframe-75447\" class=\"eto-iframe\" width=\"100%\" scrolling=\"no\" allow=\"geolocation\">This option will not work correctly. Unfortunately, your browser does not support inline frames.<\/iframe>'; } } iFrameResize({ log: false, targetOrigin: '*', checkOrigin: false, }, \"iframe#eto-iframe-75447\"); } function etoWidgetReady() { setTimeout(function() { etoWidgetData.checkTimeout--; if (typeof iFrameResize !== 'undefined') { etoWidgetInit(); } else if (etoWidgetData.checkTimeout > 0) { etoWidgetReady(); console.log('Library not loaded, checking again.'); } else { console.log('External library failed to load.'); } }, 100); }; if (etoWidgetData.loadDelay) { setTimeout(function() { etoWidgetReady(); }, etoWidgetData.loadDelay); } else { etoWidgetReady(); } })(); <\/script>\n<br \/>\nOfrecemos un servicio de taxi fiable en Bruselas. Nuestro servicio de taxi puede llevarlo desde Bruselas a cualquier parte de B\u00e9lgica. Por ejemplo, tenemos un taxi a Brujas, un taxi a Gante y un taxi a Amberes.<\/p>\n<h2>Taxi desde la ciudad de Bruselas a los aeropuertos<\/h2>\n<ul>\n<li>Taxi desde Bruselas al aeropuerto de Amberes<\/li>\n<li>Taxi desde Bruselas al aeropuerto de Ostende<\/li>\n<li>Taxi desde Bruselas al aeropuerto Paris Roissy Charles de Gaulle, Paris Orly y Paris Chessy Disneyland.<\/li>\n<li>Taxi desde Bruselas al aeropuerto de Colonia, Bonn en Alemania<\/li>\n<li>Taxi desde Bruselas a <a href=\"https:\/\/www.schiphol.nl\/en\/\" target=\"_blank\" rel=\"noopener\">Aeropuerto de Amsterdam Schiphol en los Pa\u00edses Bajos<\/a><\/li>\n<li>Taxi desde Bruselas al aeropuerto de Lille en Francia<\/li>\n<li>Taxi desde Bruselas al aeropuerto de Eindhoven en los Pa\u00edses Bajos<\/li>\n<li>Taxi desde Bruselas al aeropuerto de D\u00fcsseldorf en Alemania<\/li>\n<li>Taxi desde Bruselas al aeropuerto de Londres Heathrow<\/li>\n<li>Taxi desde Bruselas al aeropuerto de Frankfurt en Alemania<\/li>\n<li>Taxi desde Bruselas al aeropuerto de Londres Gatwick<\/li>\n<li>Taxi desde Bruselas al aeropuerto Franz Josef Strauss de M\u00fanich en Alemania<\/li>\n<li>Taxi desde Bruselas al aeropuerto internacional de Z\u00farich en Suiza<\/li>\n<li>Taxi desde Bruselas al aeropuerto Helmut-Schmidt de Hamburgo<\/li>\n<li>Taxi desde Bruselas al aeropuerto internacional de Ginebra en Suiza<\/li>\n<li>Taxi desde Bruselas al aeropuerto de Stuttgart en Alemania<\/li>\n<\/ul>\n<h3>Taxi desde Charleroi a los aeropuertos<\/h3>\n<ul>\n<li>Taxi desde Charleroi al aeropuerto de Amberes<\/li>\n<li>Taxi desde Charleroi al aeropuerto de Ostende<\/li>\n<li>Charleroi Taxi al aeropuerto Paris Roissy Charles de Gaulle, Paris Orly y Paris Chessy Disneyland.<\/li>\n<li>Taxi desde Charleroi al aeropuerto de Colonia, Bonn en Alemania<\/li>\n<li>Taxi desde Charleroi al aeropuerto de Amsterdam Schiphol en los Pa\u00edses Bajos<\/li>\n<li>Taxi desde Charleroi al aeropuerto de Lille en Francia<\/li>\n<li>Taxi desde Charleroi al aeropuerto de Eindhoven en los Pa\u00edses Bajos<\/li>\n<li>Taxi desde Charleroi al aeropuerto de D\u00fcsseldorf en Alemania<\/li>\n<li>Taxi desde Charleroi al aeropuerto de Londres Heathrow<\/li>\n<li>Taxi desde Charleroi al aeropuerto de Frankfurt en Alemania<\/li>\n<li>Taxi desde Charleroi al aeropuerto de Londres Gatwick<\/li>\n<li>Taxi desde Charleroi al aeropuerto Franz Josef Strauss de M\u00fanich, Alemania<\/li>\n<li>Taxi desde Charleroi al aeropuerto internacional de Z\u00farich en Suiza<\/li>\n<li>Taxi desde Charleroi al aeropuerto Helmut-Schmidt de Hamburgo<\/li>\n<li>Taxi desde Charleroi al aeropuerto internacional de Ginebra en Suiza<\/li>\n<li>Taxi desde Charleroi al aeropuerto de Stuttgart en Alemania<\/li>\n<\/ul>\n<h2>Taxi desde Bruselas a Amberes, Brujas, Gante y otras ciudades de Europa<\/h2>\n<p>Tenemos un taxi de Bruselas a Bucarest, un taxi de Bruselas a Budapest, un taxi de Bruselas a Hamburgo, un taxi de Bruselas a Barcelona, un taxi de Bruselas a Munich. Ofrecemos un taxi de Bruselas a Berna, un taxi de Bruselas a Bonn, un taxi de Bruselas a Berl\u00edn, un taxi de Bruselas a Burdeos, un taxi de Bruselas a Boom. Ofrecemos un taxi de Bruselas al Louvre y un taxi de Bruselas a Roma. Ven y toma un taxi de Bruselas a Ciney, un taxi de Bruselas a Turnhout, un taxi de Bruselas a Dinant. Puede reservar un taxi de Bruselas a Namur, un taxi de Bruselas a Ostende, un taxi de Bruselas a Londres y un taxi de Bruselas a Lieja. Cuente con nuestro c\u00f3modo taxi de Bruselas a Luxemburgo y finalmente, taxi de Bruselas a Maastricht en los Pa\u00edses Bajos.<\/p>\n<p>Tenemos un taxi barato de Bruselas a Utrecht, un taxi de Bruselas a La Haya, un taxi de Bruselas a Rotterdam. Ofrecemos un buen servicio de taxi de Bruselas a Colonia, un taxi de Bruselas a D\u00fcsseldorf.<br \/>\nGarantizamos un taxi desde Bruselas a diferentes sedes de festivales de m\u00fasica en Par\u00eds, Brujas, Amberes y Gante. Le ofrecemos un taxi desde Bruselas a varias salas de conciertos como Ancienne Belgique, Antwerp Sport Paleis, Forest National, Brussels Royal Circus, el festival Tomorrowland, el Magic Land Theatre en Schaerbeek y el KVS Theatre.<\/p>\n<h2>Taxi Brujas<\/h2>\n<p>Tenemos muchos taxistas basados en Brujas. Por lo tanto, siempre puede contar con nosotros para llevarlo en taxi de Brujas a Bruselas o en nuestro taxi de Brujas al aeropuerto de Bruselas Zaventem. Cuente con nuestros servicios para su taxi desde Brujas al aeropuerto de Charleroi.<\/p>\n<p>Si desea ir en taxi de Brujas a \u00c1msterdam o al aeropuerto Schiphol de \u00c1msterdam, o si simplemente desea usar nuestro taxi de Brujas a Par\u00eds la capital, Par\u00eds CDG Roissy-Charles de Gaulle o incluso Par\u00eds Chessy Disneyland, entonces somos los buenos. servicio que necesita. Cuente tambi\u00e9n con nuestro taxi de Brujas a Lille. Tenemos un taxi de Brujas a Luxemburgo. Si desea pedir un taxi de Brujas a Maastricht, visite nuestra p\u00e1gina de reservas.<\/p>\n<h3>Taxi desde Brujas a las ciudades de Europa<\/h3>\n<p>Tenemos un taxi de Brujas a Bucarest, taxi de Brujas a Budapest, taxi de Brujas a Hamburgo, taxi de Brujas a Barcelona, taxi de Brujas a Munich. Ofrecemos un taxi de Brujas a Berna, un taxi de Brujas a Bonn, un taxi de Brujas a Berl\u00edn, un taxi de Brujas a Burdeos, un taxi de Brujas a Boom. Ofrecemos un taxi de Brujas al Louvre y de Brujas a Roma.<br \/>\nVen y toma un taxi de Brujas a Ciney, un taxi de Brujas a Turnhout, un taxi de Brujas a Dinant. Puede reservar un taxi de Brujas a Namur, un taxi de Brujas a Ostende, un taxi de Brujas a Londres y un taxi de Brujas a Lieja.<\/p>\n<p>Tenemos un taxi barato de Brujas a Utrecht, taxi de Brujas a La Haya, taxi de Brujas a Rotterdam. Ofrecemos un buen servicio de taxi de Brujas a Colonia, taxi de Brujas a D\u00fcsseldorf.<br \/>\nGarantizamos un taxi desde Brujas a diferentes sedes de festivales de m\u00fasica en Par\u00eds, Bruselas, Amberes y Gante. Le ofrecemos un taxi desde Brujas a varias salas de conciertos como el Antwerp Sport Paleis, el Magic Land Theatre en Schaerbeek, el KVS Theatre, el Forest National, el Ancienne Belgique, el Royal Circus de Bruselas y el festival Tomorrowland.<\/p>\n<h3>Taxi desde Brujas a los aeropuertos<\/h3>\n<ul>\n<li>Taxi desde Brujas al aeropuerto de Amberes<\/li>\n<li>Taxi desde Brujas al aeropuerto de Ostende<\/li>\n<li>Taxi desde Brujas al aeropuerto Paris Roissy Charles de Gaulle, Paris Orly y Paris Chessy Disneyland.<\/li>\n<li>Taxi desde Brujas al aeropuerto de Colonia, Bonn en Alemania<\/li>\n<li>Taxi desde Brujas al aeropuerto de Amsterdam Schiphol en los Pa\u00edses Bajos<\/li>\n<li>Taxi desde Brujas al aeropuerto de Lille en Francia<\/li>\n<li>Taxi desde Brujas al aeropuerto de Eindhoven en los Pa\u00edses Bajos<\/li>\n<li>Taxi desde Brujas al aeropuerto de D\u00fcsseldorf en Alemania<\/li>\n<li>Taxi desde Brujas al aeropuerto de Londres Heathrow<\/li>\n<li>Taxi desde Brujas al aeropuerto de Frankfurt en Alemania<\/li>\n<li>Taxi desde Brujas al aeropuerto de Londres Gatwick<\/li>\n<li>Taxi desde Brujas al aeropuerto Franz Josef Strauss de M\u00fanich, Alemania<\/li>\n<li>Taxi desde Brujas al aeropuerto internacional de Z\u00farich en Suiza<\/li>\n<li>Taxi desde Brujas al aeropuerto Helmut-Schmidt en Hamburgo<\/li>\n<li>Taxi desde Brujas al aeropuerto internacional de Ginebra en Suiza<\/li>\n<li>Taxi desde Brujas al aeropuerto de Stuttgart en Alemania<\/li>\n<\/ul>\n<h2>Taxi Gante<\/h2>\n<p>Gante es una de las ciudades donde tenemos una intensa actividad. Si necesita un taxi desde Gante al centro de Bruselas o si simplemente quiere ir en taxi desde Gante al aeropuerto de Bruselas-Zaventem, o utilizar uno de nuestros taxis de Gante al aeropuerto de Bruselas Sur Charleroi, reserve con nosotros.<\/p>\n<p>Si solo necesita un taxi desde Gante a Par\u00eds, Par\u00eds Roissy-Charles de Gaulle (CDG) o Par\u00eds Chessy Disneyland, visite nuestro <a href=\"https:\/\/manu015.supserv.cozmoslabs.com\/\">p\u00e1gina de inicio para obtener m\u00e1s informaci\u00f3n y reservar. <\/a>Cuente con nuestro taxi de Gante a Lille. Responderemos a su solicitud si se trata de un taxi de Gante a Luxemburgo o simplemente de un taxi de Gante a Maastricht en los Pa\u00edses Bajos. Tambi\u00e9n ofrecemos taxis desde Gante a \u00c1msterdam o desde el aeropuerto de Schiphol a \u00c1msterdam.<\/p>\n<h3>Taxi desde Gante a las ciudades de Europa<\/h3>\n<p>Tenemos un taxi de Gante a Bucarest, un taxi de Gante a Budapest, un taxi de Gante a Hamburgo, un taxi de Gante a Barcelona, un taxi de Gante a M\u00fanich. Ofrecemos un taxi de Gante a Berna, un taxi de Gante a Bonn, un taxi de Gante a Berl\u00edn, un taxi de Gante a Burdeos, un taxi de Gante a Boom. Ofrecemos un taxi de Gante al Louvre y un taxi de Gante a Roma. Venga a nosotros para tomar un taxi de Gante a Ciney, un taxi de Gante a Turnhout, un taxi de Gante a Dinant. Puede reservar con nosotros un taxi de Gante a Namur, un taxi de Gante a Ostende, un taxi de Gante a Londres y un taxi de Gante a Lieja.<\/p>\n<p>Tenemos taxis baratos de Gante a Utrecht, taxi de Gante a La Haya, taxi de Gante a Rotterdam. Ofrecemos taxi de Gante a Colonia, taxi de Gante a D\u00fcsseldorf.<br \/>\nGarantizamos un taxi desde Gante a diferentes sedes de festivales de m\u00fasica en Par\u00eds, Amberes, Brujas y Bruselas. Estamos a su disposici\u00f3n para un taxi desde Gante a diferentes salas de conciertos como el Antwerp Sport Paleis, el Ancienne Belgique, el National Forest, el Brussels Royal Circus, el festival Tomorrowland, el KVS Theatre y el Magic Land Theatre en Schaerbeek.<\/p>\n<h3>Taxi desde Gante a los aeropuertos<\/h3>\n<ul>\n<li>Taxi desde Gante al aeropuerto de Amberes<\/li>\n<li>Taxi desde Gante al aeropuerto de Ostende<\/li>\n<li>Taxi desde Gante al aeropuerto Paris Roissy Charles de Gaulle, Paris Orly y Paris Chessy Disneyland.<\/li>\n<li>Taxi desde Gante al aeropuerto de Colonia, Bonn, Alemania<\/li>\n<li>Taxi desde Gante al aeropuerto de Amsterdam Schiphol en los Pa\u00edses Bajos<\/li>\n<li>Taxi desde Gante al aeropuerto de Lille en Francia<\/li>\n<li>Taxi desde Gante al aeropuerto de Eindhoven en los Pa\u00edses Bajos<\/li>\n<li>Taxi desde Gante al aeropuerto de D\u00fcsseldorf en Alemania<\/li>\n<li>Taxi desde Gante al aeropuerto de Londres Heathrow<\/li>\n<li>Taxi desde Gante al aeropuerto de Frankfurt en Alemania<\/li>\n<li>Taxi desde Gante al aeropuerto de Londres Gatwick<\/li>\n<li>Taxi desde Gante al aeropuerto Franz Josef Strauss de M\u00fanich, Alemania<\/li>\n<li>Taxi desde Gante al aeropuerto internacional de Z\u00farich en Suiza<\/li>\n<li>Taxi desde Gante al aeropuerto Helmut-Schmidt de Hamburgo, Alemania<\/li>\n<li>Taxi desde Gante al aeropuerto internacional de Ginebra en Suiza<\/li>\n<li>Taxi desde Gante al aeropuerto de Stuttgart en Alemania<\/li>\n<\/ul>\n<h2>Taxi Amberes<\/h2>\n<p>Nuestros taxis van a Amberes varias veces. Por lo tanto, si necesita un taxi de Amberes a Bruselas o simplemente un taxi de Amberes al aeropuerto de Bruselas Zaventem o un taxi de Amberes al aeropuerto de Charleroi, puede contar con nuestros servicios.<\/p>\n<p>Si desea tomar un taxi desde Amberes a Par\u00eds o Par\u00eds CDG Roissy-Charles de Gaulle o Par\u00eds Chessy Disneyland, somos el servicio para usted. Tambi\u00e9n ofrecemos taxis econ\u00f3micos de Amberes a Maastricht o taxis de Amberes a Amsterdam o al aeropuerto de Amsterdam Schiphol. Ven a vernos si quieres un taxi de Amberes a Luxemburgo. Reserve en l\u00ednea con nosotros si necesita un taxi de Amberes a Lille.<\/p>\n<h3>Taxi desde Amberes a las ciudades de Europa<\/h3>\n<p>Tenemos un taxi de Amberes a Bucarest, un taxi de Amberes a Budapest, un taxi de Amberes a Hamburgo, un taxi de Amberes a Barcelona, un taxi de Amberes a M\u00fanich. Ofrecemos un taxi de Amberes a Berna, un taxi de Amberes a Bonn, un taxi de Amberes a Berl\u00edn, un taxi de Amberes a Burdeos, un taxi de Amberes a Boom. Ofrecemos un taxi de Amberes al Louvre y un taxi de Amberes a Roma. Ven y t\u00f3manos un taxi de Amberes a Ciney, un taxi de Amberes a Turnhout, un taxi de Amberes a Dinant. Puede reservar un taxi de Amberes a Namur, un taxi de Amberes a Ostende, un taxi de Amberes a Londres y un taxi de Amberes a Lieja.<\/p>\n<p>Tenemos un taxi barato de Amberes a Utrecht, taxi de Amberes a La Haya, taxi de Amberes a Rotterdam. Ofrecemos un excelente servicio de taxi de Amberes a Colonia, un taxi de Amberes a D\u00fcsseldorf.<br \/>\nGarantizamos un taxi desde Amberes a diferentes sedes de festivales de m\u00fasica en Par\u00eds, Gante, Brujas y Bruselas. Le proporcionamos un taxi desde Amberes a varias salas de conciertos como el Magic Land Theatre en Schaerbeek, <a href=\"https:\/\/manu015.supserv.cozmoslabs.com\/taxi-tomorrowland-festival\/\">el festival Tomorrowland<\/a>, el Teatro KVS, el Amberes Sport Paleis, el Bosque Nacional, el Circo Real de Bruselas y Ancienne Belgique.<\/p>\n<h3>Taxi desde Amberes a los aeropuertos<\/h3>\n<ul>\n<li>Taxi desde Amberes al aeropuerto de Ostende<\/li>\n<li>Taxi desde Amberes al aeropuerto Paris Roissy Charles de Gaulle, Paris Orly y Paris Chessy Disneyland.<\/li>\n<li>Taxi desde Amberes al aeropuerto de Colonia, Bonn en Alemania<\/li>\n<li>Taxi desde Amberes al aeropuerto de Amsterdam Schiphol en los Pa\u00edses Bajos<\/li>\n<li>Taxi desde Amberes al aeropuerto de Lille en Francia<\/li>\n<li>Taxi desde Amberes al aeropuerto de Eindhoven en los Pa\u00edses Bajos<\/li>\n<li>Taxi desde Amberes al aeropuerto de D\u00fcsseldorf en Alemania<\/li>\n<li>Taxi desde Amberes al aeropuerto de Londres Heathrow<\/li>\n<li>Taxi desde Amberes al aeropuerto de Frankfurt en Alemania<\/li>\n<li>Taxi desde Amberes al aeropuerto de Londres Gatwick<\/li>\n<li>Taxi desde Amberes al aeropuerto Franz Josef Strauss de M\u00fanich en Alemania<\/li>\n<li>Taxi desde Amberes al aeropuerto internacional de Z\u00farich en Suiza<\/li>\n<li>Taxi desde Amberes al aeropuerto Helmut-Schmidt de Hamburgo, Alemania<\/li>\n<li>Taxi desde Amberes al aeropuerto internacional de Ginebra en Suiza<\/li>\n<li>Taxi desde Amberes al aeropuerto de Stuttgart en Alemania<\/li>\n<\/ul>\n<\/div>\n<\/div>\n<\/div>\n<\/div>\n<\/div>","protected":false},"excerpt":{"rendered":"<p>Taxi Brussels city We provide a reliable taxi service in Brussels. Our taxi service can take you from Brussels to any part of Belgium. For example, we have a taxi to Bruges, taxi to Ghent and taxi to Antwerp. Taxi [&hellip;]<\/p>","protected":false},"author":1,"featured_media":7667,"parent":0,"menu_order":0,"comment_status":"closed","ping_status":"closed","template":"","meta":[],"yoast_head":"<!-- This site is optimized with the Yoast SEO plugin v18.4.1 - https:\/\/yoast.com\/wordpress\/plugins\/seo\/ -->\n<title>Taxi Bruges | Taxi Antwerp | Taxi Ghent<\/title>\n<meta name=\"description\" content=\"We are one of the leading taxi services in bruges and taxi services in Antwerp and Taxi services in Ghent. Contact us for the more details!!\" \/>\n<meta name=\"robots\" content=\"index, follow, max-snippet:-1, max-image-preview:large, max-video-preview:-1\" \/>\n<link rel=\"canonical\" href=\"https:\/\/manu015.supserv.cozmoslabs.com\/es\/taxi-brussels\/\" \/>\n<meta property=\"og:locale\" content=\"es_ES\" \/>\n<meta property=\"og:type\" content=\"article\" \/>\n<meta property=\"og:title\" content=\"Taxi Bruges | Taxi Antwerp | Taxi Ghent\" \/>\n<meta property=\"og:description\" content=\"We are one of the leading taxi services in bruges and taxi services in Antwerp and Taxi services in Ghent. Contact us for the more details!!\" \/>\n<meta property=\"og:url\" content=\"https:\/\/manu015.supserv.cozmoslabs.com\/es\/taxi-brussels\/\" \/>\n<meta property=\"og:site_name\" content=\"Your Private Driver\" \/>\n<meta property=\"article:publisher\" content=\"https:\/\/www.facebook.com\/yourprivatedriverbrussels\" \/>\n<meta property=\"article:modified_time\" content=\"2021-01-14T12:34:05+00:00\" \/>\n<meta property=\"og:image\" content=\"https:\/\/manu015.supserv.cozmoslabs.com\/wp-content\/uploads\/2020\/11\/Taxi-Brussel.jpg\" \/>\n\t<meta property=\"og:image:width\" content=\"854\" \/>\n\t<meta property=\"og:image:height\" content=\"464\" \/>\n\t<meta property=\"og:image:type\" content=\"image\/jpeg\" \/>\n<meta name=\"twitter:card\" content=\"summary_large_image\" \/>\n<meta name=\"twitter:site\" content=\"@privatedriverbx\" \/>\n<meta name=\"twitter:label1\" content=\"Tiempo de lectura\" \/>\n\t<meta name=\"twitter:data1\" content=\"10 minutos\" \/>\n<script type=\"application\/ld+json\" class=\"yoast-schema-graph\">{\"@context\":\"https:\/\/schema.org\",\"@graph\":[{\"@type\":\"Organization\",\"@id\":\"https:\/\/manu015.supserv.cozmoslabs.com\/#organization\",\"name\":\"Your Private Driver\",\"url\":\"https:\/\/manu015.supserv.cozmoslabs.com\/\",\"sameAs\":[\"https:\/\/www.facebook.com\/yourprivatedriverbrussels\",\"https:\/\/www.instagram.com\/taxibrusselsairport\/\",\"https:\/\/www.linkedin.com\/company\/yourprivatedriver\/\",\"https:\/\/www.youtube.com\/channel\/UCdFj5lm3qhOZWz_Rz0yupVA\",\"https:\/\/www.pinterest.fr\/pin\/704672672920362864\/\",\"https:\/\/twitter.com\/privatedriverbx\"],\"logo\":{\"@type\":\"ImageObject\",\"@id\":\"https:\/\/manu015.supserv.cozmoslabs.com\/#logo\",\"inLanguage\":\"es\",\"url\":\"\",\"contentUrl\":\"\",\"caption\":\"Your Private Driver\"},\"image\":{\"@id\":\"https:\/\/manu015.supserv.cozmoslabs.com\/#logo\"}},{\"@type\":\"WebSite\",\"@id\":\"https:\/\/manu015.supserv.cozmoslabs.com\/#website\",\"url\":\"https:\/\/manu015.supserv.cozmoslabs.com\/\",\"name\":\"Your Private Driver\",\"description\":\"Taxi Brussels airport - Taxi Charleroi airport\",\"publisher\":{\"@id\":\"https:\/\/manu015.supserv.cozmoslabs.com\/#organization\"},\"potentialAction\":[{\"@type\":\"SearchAction\",\"target\":{\"@type\":\"EntryPoint\",\"urlTemplate\":\"https:\/\/manu015.supserv.cozmoslabs.com\/?s={search_term_string}\"},\"query-input\":\"required name=search_term_string\"}],\"inLanguage\":\"es\"},{\"@type\":\"ImageObject\",\"@id\":\"https:\/\/manu015.supserv.cozmoslabs.com\/taxi-brussels\/#primaryimage\",\"inLanguage\":\"es\",\"url\":\"https:\/\/manu015.supserv.cozmoslabs.com\/wp-content\/uploads\/2020\/11\/Taxi-Brussel.jpg\",\"contentUrl\":\"https:\/\/manu015.supserv.cozmoslabs.com\/wp-content\/uploads\/2020\/11\/Taxi-Brussel.jpg\",\"width\":854,\"height\":464,\"caption\":\"Taxi Brussels\"},{\"@type\":\"WebPage\",\"@id\":\"https:\/\/manu015.supserv.cozmoslabs.com\/taxi-brussels\/#webpage\",\"url\":\"https:\/\/manu015.supserv.cozmoslabs.com\/taxi-brussels\/\",\"name\":\"Taxi Bruges | Taxi Antwerp | Taxi Ghent\",\"isPartOf\":{\"@id\":\"https:\/\/manu015.supserv.cozmoslabs.com\/#website\"},\"primaryImageOfPage\":{\"@id\":\"https:\/\/manu015.supserv.cozmoslabs.com\/taxi-brussels\/#primaryimage\"},\"datePublished\":\"2020-11-01T13:08:53+00:00\",\"dateModified\":\"2021-01-14T12:34:05+00:00\",\"description\":\"We are one of the leading taxi services in bruges and taxi services in Antwerp and Taxi services in Ghent. Contact us for the more details!!\",\"breadcrumb\":{\"@id\":\"https:\/\/manu015.supserv.cozmoslabs.com\/taxi-brussels\/#breadcrumb\"},\"inLanguage\":\"es\",\"potentialAction\":[{\"@type\":\"ReadAction\",\"target\":[\"https:\/\/manu015.supserv.cozmoslabs.com\/taxi-brussels\/\"]}]},{\"@type\":\"BreadcrumbList\",\"@id\":\"https:\/\/manu015.supserv.cozmoslabs.com\/taxi-brussels\/#breadcrumb\",\"itemListElement\":[{\"@type\":\"ListItem\",\"position\":1,\"name\":\"Home\",\"item\":\"https:\/\/manu015.supserv.cozmoslabs.com\/\"},{\"@type\":\"ListItem\",\"position\":2,\"name\":\"Taxi Brussels\"}]}]}<\/script>\n<!-- \/ Yoast SEO plugin. -->","yoast_head_json":{"title":"Taxi Bruges | Taxi Antwerp | Taxi Ghent","description":"We are one of the leading taxi services in bruges and taxi services in Antwerp and Taxi services in Ghent. Contact us for the more details!!","robots":{"index":"index","follow":"follow","max-snippet":"max-snippet:-1","max-image-preview":"max-image-preview:large","max-video-preview":"max-video-preview:-1"},"canonical":"https:\/\/manu015.supserv.cozmoslabs.com\/es\/taxi-brussels\/","og_locale":"es_ES","og_type":"article","og_title":"Taxi Bruges | Taxi Antwerp | Taxi Ghent","og_description":"We are one of the leading taxi services in bruges and taxi services in Antwerp and Taxi services in Ghent. Contact us for the more details!!","og_url":"https:\/\/manu015.supserv.cozmoslabs.com\/es\/taxi-brussels\/","og_site_name":"Your Private Driver","article_publisher":"https:\/\/www.facebook.com\/yourprivatedriverbrussels","article_modified_time":"2021-01-14T12:34:05+00:00","og_image":[{"width":854,"height":464,"url":"https:\/\/manu015.supserv.cozmoslabs.com\/wp-content\/uploads\/2020\/11\/Taxi-Brussel.jpg","type":"image\/jpeg"}],"twitter_card":"summary_large_image","twitter_site":"@privatedriverbx","twitter_misc":{"Tiempo de lectura":"10 minutos"},"schema":{"@context":"https:\/\/schema.org","@graph":[{"@type":"Organization","@id":"https:\/\/manu015.supserv.cozmoslabs.com\/#organization","name":"Your Private Driver","url":"https:\/\/manu015.supserv.cozmoslabs.com\/","sameAs":["https:\/\/www.facebook.com\/yourprivatedriverbrussels","https:\/\/www.instagram.com\/taxibrusselsairport\/","https:\/\/www.linkedin.com\/company\/yourprivatedriver\/","https:\/\/www.youtube.com\/channel\/UCdFj5lm3qhOZWz_Rz0yupVA","https:\/\/www.pinterest.fr\/pin\/704672672920362864\/","https:\/\/twitter.com\/privatedriverbx"],"logo":{"@type":"ImageObject","@id":"https:\/\/manu015.supserv.cozmoslabs.com\/#logo","inLanguage":"es","url":"","contentUrl":"","caption":"Your Private Driver"},"image":{"@id":"https:\/\/manu015.supserv.cozmoslabs.com\/#logo"}},{"@type":"WebSite","@id":"https:\/\/manu015.supserv.cozmoslabs.com\/#website","url":"https:\/\/manu015.supserv.cozmoslabs.com\/","name":"Your Private Driver","description":"Taxi Brussels airport - Taxi Charleroi airport","publisher":{"@id":"https:\/\/manu015.supserv.cozmoslabs.com\/#organization"},"potentialAction":[{"@type":"SearchAction","target":{"@type":"EntryPoint","urlTemplate":"https:\/\/manu015.supserv.cozmoslabs.com\/?s={search_term_string}"},"query-input":"required name=search_term_string"}],"inLanguage":"es"},{"@type":"ImageObject","@id":"https:\/\/manu015.supserv.cozmoslabs.com\/taxi-brussels\/#primaryimage","inLanguage":"es","url":"https:\/\/manu015.supserv.cozmoslabs.com\/wp-content\/uploads\/2020\/11\/Taxi-Brussel.jpg","contentUrl":"https:\/\/manu015.supserv.cozmoslabs.com\/wp-content\/uploads\/2020\/11\/Taxi-Brussel.jpg","width":854,"height":464,"caption":"Taxi Brussels"},{"@type":"WebPage","@id":"https:\/\/manu015.supserv.cozmoslabs.com\/taxi-brussels\/#webpage","url":"https:\/\/manu015.supserv.cozmoslabs.com\/taxi-brussels\/","name":"Taxi Bruges | Taxi Antwerp | Taxi Ghent","isPartOf":{"@id":"https:\/\/manu015.supserv.cozmoslabs.com\/#website"},"primaryImageOfPage":{"@id":"https:\/\/manu015.supserv.cozmoslabs.com\/taxi-brussels\/#primaryimage"},"datePublished":"2020-11-01T13:08:53+00:00","dateModified":"2021-01-14T12:34:05+00:00","description":"We are one of the leading taxi services in bruges and taxi services in Antwerp and Taxi services in Ghent. Contact us for the more details!!","breadcrumb":{"@id":"https:\/\/manu015.supserv.cozmoslabs.com\/taxi-brussels\/#breadcrumb"},"inLanguage":"es","potentialAction":[{"@type":"ReadAction","target":["https:\/\/manu015.supserv.cozmoslabs.com\/taxi-brussels\/"]}]},{"@type":"BreadcrumbList","@id":"https:\/\/manu015.supserv.cozmoslabs.com\/taxi-brussels\/#breadcrumb","itemListElement":[{"@type":"ListItem","position":1,"name":"Home","item":"https:\/\/manu015.supserv.cozmoslabs.com\/"},{"@type":"ListItem","position":2,"name":"Taxi Brussels"}]}]}},"_links":{"self":[{"href":"https:\/\/manu015.supserv.cozmoslabs.com\/es\/wp-json\/wp\/v2\/pages\/7136"}],"collection":[{"href":"https:\/\/manu015.supserv.cozmoslabs.com\/es\/wp-json\/wp\/v2\/pages"}],"about":[{"href":"https:\/\/manu015.supserv.cozmoslabs.com\/es\/wp-json\/wp\/v2\/types\/page"}],"author":[{"embeddable":true,"href":"https:\/\/manu015.supserv.cozmoslabs.com\/es\/wp-json\/wp\/v2\/users\/1"}],"replies":[{"embeddable":true,"href":"https:\/\/manu015.supserv.cozmoslabs.com\/es\/wp-json\/wp\/v2\/comments?post=7136"}],"version-history":[{"count":0,"href":"https:\/\/manu015.supserv.cozmoslabs.com\/es\/wp-json\/wp\/v2\/pages\/7136\/revisions"}],"wp:featuredmedia":[{"embeddable":true,"href":"https:\/\/manu015.supserv.cozmoslabs.com\/es\/wp-json\/wp\/v2\/media\/7667"}],"wp:attachment":[{"href":"https:\/\/manu015.supserv.cozmoslabs.com\/es\/wp-json\/wp\/v2\/media?parent=7136"}],"curies":[{"name":"wp","href":"https:\/\/api.w.org\/{rel}","templated":true}]}}