{"id":7089,"date":"2020-10-31T22:31:36","date_gmt":"2020-10-31T22:31:36","guid":{"rendered":"https:\/\/manu015.supserv.cozmoslabs.com\/?page_id=7089"},"modified":"2020-11-13T08:23:01","modified_gmt":"2020-11-13T08:23:01","slug":"services","status":"publish","type":"page","link":"https:\/\/manu015.supserv.cozmoslabs.com\/es\/services\/","title":{"rendered":"Servicios"},"content":{"rendered":"<div  class=\"one withsmallpadding ppb_header\" style=\"text-align:left;padding:40px 0 40px 0;\" >\n<div class=\"standard_wrapper\">\n<div class=\"page_content_wrapper\">\n<div class=\"inner\">\n<div style=\"margin:auto;width:100%\">\n<h2 class=\"ppb_title\" style=\"\">Servicio de taxi de su conductor privado<\/h2>\n<div class=\"ppb_header_content\">\n<iframe src=\"https:\/\/manu015.supserv.cozmoslabs.com\/eto\/?site_key=9ea3cb480ae5c09e26a20fb697ce8ee6\" name=\"eto-iframe\" id=\"eto-iframe-80826\" class=\"eto-iframe\" width=\"100%\" scrolling=\"no\" allow=\"geolocation\">Esta opci\u00f3n no funcionar\u00e1 correctamente. Desafortunadamente, su navegador no admite marcos en l\u00ednea.<\/iframe>\n<style type=\"text\/css\">iframe#eto-iframe-80826 { width:1px; min-width:100%; border:0; }<\/style>\n<script type=\"text\/javascript\" async defer> (function() { var etoWidgetData = { checkTimeout: 100, dynamicIframe: 0, googlePageSpeed: 0, googlePageSpeedLoadDelay: 6000, loadDelay: 0, }; function etoWidgetInit() { if (etoWidgetData.dynamicIframe) { var etoWidgetContainer = document.getElementById('eto-widget-container-eto-iframe-80826'); if (etoWidgetContainer) { etoWidgetContainer.innerHTML = '<iframe src=\"https:\/\/manu015.supserv.cozmoslabs.com\/eto\/?site_key=9ea3cb480ae5c09e26a20fb697ce8ee6\" name=\"eto-iframe\" id=\"eto-iframe-80826\" class=\"eto-iframe\" width=\"100%\" scrolling=\"no\" allow=\"geolocation\">This option will not work correctly. Unfortunately, your browser does not support inline frames.<\/iframe>'; } } iFrameResize({ log: false, targetOrigin: '*', checkOrigin: false, }, \"iframe#eto-iframe-80826\"); } function etoWidgetReady() { setTimeout(function() { etoWidgetData.checkTimeout--; if (typeof iFrameResize !== 'undefined') { etoWidgetInit(); } else if (etoWidgetData.checkTimeout > 0) { etoWidgetReady(); console.log('Library not loaded, checking again.'); } else { console.log('External library failed to load.'); } }, 100); }; if (etoWidgetData.loadDelay) { setTimeout(function() { etoWidgetReady(); }, etoWidgetData.loadDelay); } else { etoWidgetReady(); } })(); <\/script>\n\n<\/div>\n<\/div>\n<\/div>\n<\/div>\n<\/div>\n<\/div>\n<div  class=\"one withsmallpadding ppb_text\" style=\"text-align:center;padding:40px 0 40px 0;background-color:#5856d6;color:#ffffff !important;\" >\n<div class=\"standard_wrapper\">\n<div class=\"page_content_wrapper\">\n<div class=\"inner\">\n<div style=\"margin:auto;width:100%\">\n<div class=\"one_third\" style=\"\">\n<span class=\"fas fa-car\" style=\"display: block; font-size: 50px; margin-bottom: 20px;\">\u00a0<\/span><\/p>\n<h2 style=\"color: #fff;\">Servicio de limosina<\/h2>\n<p>Una limusina para su ceremonia porque ning\u00fan evento es demasiado peque\u00f1o para nosotros. \u00bfNecesita una limusina de alta gama para un evento personal o profesional? Luego llame a su conductor privado. Nuestro servicio de limusina est\u00e1 a su disposici\u00f3n.<br \/>\nDisponemos de limusina para tu boda, bautizo, aniversario, discoteca o fiesta disco. Tenemos el servicio de limusina mejor calificado en B\u00e9lgica con veh\u00edculos premium.\n<\/p>\n<\/div>\n<div class=\"one_third\" style=\"\">\n<span class=\"fas fa-guitar\" style=\"display: block; font-size: 50px; margin-bottom: 20px;\">\u00a0<\/span><\/p>\n<h2 style=\"color: #fff;\">Transporte de artistas<\/h2>\n<p>Disponemos de minibuses de lujo para el transporte de artistas. Ofrecemos transporte de artistas desde B\u00e9lgica a Holanda, Alemania, Francia, Suiza, Noruega, etc.<\/p>\n<p>Transportamos m\u00fasicos artistas, actores de cine, actores de teatro, actores de ballet y \u00f3pera a bordo de nuestras lujosas minivans. Tambi\u00e9n transportamos artistas del aeropuerto al hotel y del hotel a sus teatros y podemos transportarlos durante todo su recorrido.\n<\/p>\n<\/div>\n<div class=\"one_third last\" style=\"\">\n<span class=\"fas fa-taxi\" style=\"display: block; font-size: 50px; margin-bottom: 20px;\">\u00a0<\/span><\/p>\n<h2 style=\"color: #fff;\">Transferencia de aeropuerto<\/h2>\n<p>En el mejor de los casos, se debe organizar un traslado al aeropuerto. Teniendo en cuenta los controles de seguridad y el tiempo de facturaci\u00f3n del equipaje. Es necesario llegar con anticipaci\u00f3n al aeropuerto para no perder el vuelo. Puede contar con nuestros servicios para ayudarlo con un traslado profesional al aeropuerto 100%. Como resultado, tendr\u00e1 la seguridad de un viaje sin preocupaciones.<br \/>\nGarantizamos su llegada a <a href=\"https:\/\/www.brusselsairport.be\/en\/passengers\" target=\"_blank\" rel=\"noopener noreferrer\">el aeropuerto<\/a> a tiempo. Entonces, \u00bfpor qu\u00e9 no aprovechar nuestras <a href=\"https:\/\/manu015.supserv.cozmoslabs.com\/taxi-brussels\/\">servicios en Bruselas<\/a> \u00bflo antes posible?\n<\/div>\n<p><br class=\"clear\"\/><\/p>\n<div class=\"one_third\" style=\"\">\n<span class=\"fas fa-hippo\" style=\"display: block; font-size: 50px; margin-bottom: 20px;\">\u00a0<\/span><\/p>\n<h2 style=\"color: #fff;\">Servicio de taxi a parques de atracciones<\/h2>\n<p>Disponemos de taxis a diferentes parques de atracciones en B\u00e9lgica, Holanda, Francia y otros lugares de Europa ...<br \/>\nTaxi al parque de atracciones Walibi en Wavre, Mini-Europe en Bruselas. Bobbejaanland Kasterlee, Plopsaland en De Panne, parque de atracciones Bellewaerde en Ypres, etc.<\/p>\n<p>Taxi al parque de atracciones Plopsa Coo en Stavelot, Aqualibi en Wavre, parque de atracciones Plopsa Indoor en Hasselt, parque acu\u00e1tico Oc\u00e9ade en Bruselas, Boudewijn Seapark en Brujas, Adventure Park en Wavre, el atractivo parque Queen Fabiola en Namur. El parque de atracciones Mount Mosan en Huy y el parque de atracciones Labyrinth en Durbuy.<\/p>\n<p>Taxi hasta el parque Plopsaqua en De Panne, Chlorophylle Park en Manhay, el dominio provincial de Chevetogne en Ciney, Earth Explorer, Meli Park, Houtopia, THE POINT D&#39;EAU en La Louvi\u00e8re, Dadipark en Moorslede y taxi hasta Parc Spirou.<\/p>\n<p>Taxi al parque de atracciones Efteling en Kaatsheuvel Holanda, parque de atracciones Disney-Land en Chessy Paris Francia, parque de atracciones Phantasialand en Br\u00fchl Alemania y taxi a Mega Speelstad en Lille Francia.\n<\/p>\n<\/div>\n<div class=\"one_third\" style=\"\">\n<span class=\"fas fa-city\" style=\"display: block; font-size: 50px; margin-bottom: 20px;\">\u00a0<\/span><\/p>\n<h2 style=\"color: #fff;\">Servicio de taxi de la Comisi\u00f3n Europea<\/h2>\n<p>Disponemos del servicio est\u00e1ndar de taxi y taxi de lujo para las distintas instituciones europeas en Bruselas.<br \/>\nTambi\u00e9n disponemos de un servicio de taxi con despido para las delegaciones que visitan las instituciones europeas en Bruselas. Contamos con Mercedes Clase E y Mercedes Clase V monovolumen para liderar las delegaciones de taxis ante la Comisi\u00f3n Europea, el Parlamento Europeo o ante la OTAN y otras instituciones europeas con sede en Bruselas. Taxi a la Comisi\u00f3n Europea en el Berlaymont en el barrio de Schumann. Tenemos el taxi al Comit\u00e9 Econ\u00f3mico y Social y tambi\u00e9n al Comit\u00e9 de las Regiones, ambos ubicados en Rue Belliard, 99 en Bruselas.<\/p>\n<p>Disponemos de taxi a la Agencia Europea de Defensa, taxi a la Agencia Ejecutiva de Educaci\u00f3n, Audiovisual y Cultura, taxi a la Agencia Ejecutiva de Competitividad e Innovaci\u00f3n, taxi a la Agencia Comunitaria de control de la pesca, taxi a la Autoridad de Supervisi\u00f3n del GNSS Europeo, taxi a la Agencia Ejecutiva de Investigaci\u00f3n, taxi a la Agencia Ejecutiva del Consejo Europeo de Investigaci\u00f3n, taxi a la Agencia Ejecutiva de la Red Transeuropea de Transporte y finalmente taxi a la OTAN en Evere Bruselas.\n<\/p>\n<\/div>\n<div class=\"one_third last\" style=\"\">\n<span class=\"fas fa-ring\" style=\"display: block; font-size: 50px; margin-bottom: 20px;\">\u00a0<\/span><\/p>\n<h2 style=\"color: #fff;\">Limusina para servicio de taxi para bodas<\/h2>\n<p>Recuerda venir a alquilar tu limusina para el d\u00eda de tu boda. Nuestro conductor lo llevar\u00e1 a la iglesia y a una sesi\u00f3n de fotos en el lugar que elija, todo esto de acuerdo con su programa, por supuesto.<br \/>\nNuestras limusinas para bodas son conducidas por conductores experimentados. Limusina espaciosa, bien equipada y decorada para su boda. Nuestras limusinas de lujo se pueden decorar para su boda. Se beneficia de todo el espacio posible para un momento de relajaci\u00f3n antes o despu\u00e9s de las festividades. Por supuesto, la posibilidad de pedir champ\u00e1n. Sin duda, Your private driver ofrece el mejor alquiler de limusinas con conductor en Bruselas.<\/p>\n<p>Celebre su boda con estilo y divi\u00e9rtase toda la noche en una limusina personalizada equipada con un sistema de m\u00fasica y conexi\u00f3n a Internet. P\u00eddenos ahora un presupuesto de servicio de limusina para organizar mejor tu boda. Tambi\u00e9n estamos disponibles para responder a sus preguntas e informarle sobre nuestros modelos de limusinas.\n<\/p>\n<\/div>\n<p><br class=\"clear\"\/><\/p>\n<div class=\"one_third\" style=\"\">\n<span class=\"fas fa-building\" style=\"display: block; font-size: 50px; margin-bottom: 20px;\">\u00a0<\/span><\/p>\n<h2 style=\"color: #fff;\">Parlamento Europeo<\/h2>\n<p>Disponemos del servicio est\u00e1ndar de taxi y taxi de lujo para las distintas instituciones europeas en Bruselas.<br \/>\nTambi\u00e9n disponemos de un servicio de taxi con despido para las delegaciones que visitan las instituciones europeas en Bruselas. Contamos con Mercedes Clase E y Mercedes Clase V monovolumen para liderar las delegaciones de taxis ante la Comisi\u00f3n Europea, el Parlamento Europeo o ante la OTAN y otras instituciones europeas con sede en Bruselas.<\/p>\n<p>P\u00eddanos un taxi para ir al Parlamento Europeo ubicado en Rue Wiertz, 60 en Bruselas, tambi\u00e9n tenemos taxis a la Oficina de Informaci\u00f3n en B\u00e9lgica ubicada en rue de Tr\u00eaves, 3 en Bruselas.<br \/>\nTaxi al Consejo de la Uni\u00f3n Europea ubicado en Rue de la Loi, 175 Bruselas\n<\/p>\n<\/div>\n<div class=\"one_third\" style=\"\">\n<span class=\"fas fa-shuttle-van\" style=\"display: block; font-size: 50px; margin-bottom: 20px;\">\u00a0<\/span><\/p>\n<h2 style=\"color: #fff;\">Transporte al aeropuerto<\/h2>\n<p>A veces, cuando est\u00e1s en un grupo grande que viaja al aeropuerto, es una buena idea pensar en hacer un servicio de transporte en un solo veh\u00edculo con una gran capacidad. Para hacer esto, puede confiar en nosotros y asegurarse de obtener un buen trato porque tenemos precios razonables para sus traslados al aeropuerto.\n<\/p>\n<\/div>\n<div class=\"one_third last\" style=\"\">\n<span class=\"fas fa-user-tie\" style=\"display: block; font-size: 50px; margin-bottom: 20px;\">\u00a0<\/span><\/p>\n<h2 style=\"color: #fff;\">Alquiler de coche con conductor<\/h2>\n<p>Nuestro servicio de alquiler de coches con conductor est\u00e1 al servicio de particulares y empresas. Nos encargamos de todos sus viajes, como el transporte desde el hotel al lugar de la conferencia y viceversa. Cuidamos tus viajes con profesionalidad y rigor. Disfrute de un coche de alquiler con ch\u00f3fer. Adem\u00e1s, la comodidad de acudir tambi\u00e9n a tus reuniones de empresa o una fiesta privada. Somos probablemente la mejor empresa de alquiler de coches con sede en Bruselas.<\/p>\n<p>Aproveche al m\u00e1ximo nuestro servicio de alquiler de coches con ch\u00f3fer. Nuestro servicio de alquiler de coches con conductor es apto para todos los bolsillos. Opte por un coche de alquiler con ch\u00f3fer con nosotros. As\u00ed evitar\u00e1 todas las molestias del estacionamiento y las multas. Ah\u00f3rrese el estr\u00e9s de conducir eligiendo nuestro servicio de alquiler de coches con ch\u00f3fer.\n<\/p>\n<\/div>\n<p><br class=\"clear\"\/><\/p>\n<\/div>\n<\/div>\n<\/div>\n<\/div>\n<\/div>","protected":false},"excerpt":{"rendered":"<p>Taxi Service of Your Private Driver \u00a0 Limousine service A limousine for your ceremony because no event is too small for us. Do you need a high-end limousine for a personal or professional event? Then call your Private Driver. Our [&hellip;]<\/p>","protected":false},"author":1,"featured_media":22,"parent":0,"menu_order":0,"comment_status":"closed","ping_status":"closed","template":"","meta":[],"yoast_head":"<!-- This site is optimized with the Yoast SEO plugin v18.4.1 - https:\/\/yoast.com\/wordpress\/plugins\/seo\/ -->\n<title>Services that we offer in our taxi company - Your Private Driver<\/title>\n<meta name=\"description\" content=\"Find here the different taxi services that we offer with our Company. Our service range from airport tranfers and shuttle to private trips.\" \/>\n<meta name=\"robots\" content=\"index, follow, max-snippet:-1, max-image-preview:large, max-video-preview:-1\" \/>\n<link rel=\"canonical\" href=\"https:\/\/manu015.supserv.cozmoslabs.com\/es\/services\/\" \/>\n<meta property=\"og:locale\" content=\"es_ES\" \/>\n<meta property=\"og:type\" content=\"article\" \/>\n<meta property=\"og:title\" content=\"Services that we offer in our taxi company - Your Private Driver\" \/>\n<meta property=\"og:description\" content=\"Find here the different taxi services that we offer with our Company. Our service range from airport tranfers and shuttle to private trips.\" \/>\n<meta property=\"og:url\" content=\"https:\/\/manu015.supserv.cozmoslabs.com\/es\/services\/\" \/>\n<meta property=\"og:site_name\" content=\"Your Private Driver\" \/>\n<meta property=\"article:publisher\" content=\"https:\/\/www.facebook.com\/yourprivatedriverbrussels\" \/>\n<meta property=\"article:modified_time\" content=\"2020-11-13T08:23:01+00:00\" \/>\n<meta property=\"og:image\" content=\"https:\/\/manu015.supserv.cozmoslabs.com\/wp-content\/uploads\/2017\/01\/IMG_3496bfree-8.jpg\" \/>\n\t<meta property=\"og:image:width\" content=\"1440\" \/>\n\t<meta property=\"og:image:height\" content=\"960\" \/>\n\t<meta property=\"og:image:type\" content=\"image\/jpeg\" \/>\n<meta name=\"twitter:card\" content=\"summary_large_image\" \/>\n<meta name=\"twitter:site\" content=\"@privatedriverbx\" \/>\n<meta name=\"twitter:label1\" content=\"Tiempo de lectura\" \/>\n\t<meta name=\"twitter:data1\" content=\"5 minutos\" \/>\n<script type=\"application\/ld+json\" class=\"yoast-schema-graph\">{\"@context\":\"https:\/\/schema.org\",\"@graph\":[{\"@type\":\"Organization\",\"@id\":\"https:\/\/manu015.supserv.cozmoslabs.com\/#organization\",\"name\":\"Your Private Driver\",\"url\":\"https:\/\/manu015.supserv.cozmoslabs.com\/\",\"sameAs\":[\"https:\/\/www.facebook.com\/yourprivatedriverbrussels\",\"https:\/\/www.instagram.com\/taxibrusselsairport\/\",\"https:\/\/www.linkedin.com\/company\/yourprivatedriver\/\",\"https:\/\/www.youtube.com\/channel\/UCdFj5lm3qhOZWz_Rz0yupVA\",\"https:\/\/www.pinterest.fr\/pin\/704672672920362864\/\",\"https:\/\/twitter.com\/privatedriverbx\"],\"logo\":{\"@type\":\"ImageObject\",\"@id\":\"https:\/\/manu015.supserv.cozmoslabs.com\/#logo\",\"inLanguage\":\"es\",\"url\":\"\",\"contentUrl\":\"\",\"caption\":\"Your Private Driver\"},\"image\":{\"@id\":\"https:\/\/manu015.supserv.cozmoslabs.com\/#logo\"}},{\"@type\":\"WebSite\",\"@id\":\"https:\/\/manu015.supserv.cozmoslabs.com\/#website\",\"url\":\"https:\/\/manu015.supserv.cozmoslabs.com\/\",\"name\":\"Your Private Driver\",\"description\":\"Taxi Brussels airport - Taxi Charleroi airport\",\"publisher\":{\"@id\":\"https:\/\/manu015.supserv.cozmoslabs.com\/#organization\"},\"potentialAction\":[{\"@type\":\"SearchAction\",\"target\":{\"@type\":\"EntryPoint\",\"urlTemplate\":\"https:\/\/manu015.supserv.cozmoslabs.com\/?s={search_term_string}\"},\"query-input\":\"required name=search_term_string\"}],\"inLanguage\":\"es\"},{\"@type\":\"ImageObject\",\"@id\":\"https:\/\/manu015.supserv.cozmoslabs.com\/services\/#primaryimage\",\"inLanguage\":\"es\",\"url\":\"https:\/\/manu015.supserv.cozmoslabs.com\/wp-content\/uploads\/2017\/01\/IMG_3496bfree-8.jpg\",\"contentUrl\":\"https:\/\/manu015.supserv.cozmoslabs.com\/wp-content\/uploads\/2017\/01\/IMG_3496bfree-8.jpg\",\"width\":1440,\"height\":960,\"caption\":\"The road to success and the road to failure are almost exactly the same\"},{\"@type\":\"WebPage\",\"@id\":\"https:\/\/manu015.supserv.cozmoslabs.com\/services\/#webpage\",\"url\":\"https:\/\/manu015.supserv.cozmoslabs.com\/services\/\",\"name\":\"Services that we offer in our taxi company - Your Private Driver\",\"isPartOf\":{\"@id\":\"https:\/\/manu015.supserv.cozmoslabs.com\/#website\"},\"primaryImageOfPage\":{\"@id\":\"https:\/\/manu015.supserv.cozmoslabs.com\/services\/#primaryimage\"},\"datePublished\":\"2020-10-31T22:31:36+00:00\",\"dateModified\":\"2020-11-13T08:23:01+00:00\",\"description\":\"Find here the different taxi services that we offer with our Company. Our service range from airport tranfers and shuttle to private trips.\",\"breadcrumb\":{\"@id\":\"https:\/\/manu015.supserv.cozmoslabs.com\/services\/#breadcrumb\"},\"inLanguage\":\"es\",\"potentialAction\":[{\"@type\":\"ReadAction\",\"target\":[\"https:\/\/manu015.supserv.cozmoslabs.com\/services\/\"]}]},{\"@type\":\"BreadcrumbList\",\"@id\":\"https:\/\/manu015.supserv.cozmoslabs.com\/services\/#breadcrumb\",\"itemListElement\":[{\"@type\":\"ListItem\",\"position\":1,\"name\":\"Home\",\"item\":\"https:\/\/manu015.supserv.cozmoslabs.com\/\"},{\"@type\":\"ListItem\",\"position\":2,\"name\":\"Services\"}]}]}<\/script>\n<!-- \/ Yoast SEO plugin. -->","yoast_head_json":{"title":"Services that we offer in our taxi company - Your Private Driver","description":"Find here the different taxi services that we offer with our Company. Our service range from airport tranfers and shuttle to private trips.","robots":{"index":"index","follow":"follow","max-snippet":"max-snippet:-1","max-image-preview":"max-image-preview:large","max-video-preview":"max-video-preview:-1"},"canonical":"https:\/\/manu015.supserv.cozmoslabs.com\/es\/services\/","og_locale":"es_ES","og_type":"article","og_title":"Services that we offer in our taxi company - Your Private Driver","og_description":"Find here the different taxi services that we offer with our Company. Our service range from airport tranfers and shuttle to private trips.","og_url":"https:\/\/manu015.supserv.cozmoslabs.com\/es\/services\/","og_site_name":"Your Private Driver","article_publisher":"https:\/\/www.facebook.com\/yourprivatedriverbrussels","article_modified_time":"2020-11-13T08:23:01+00:00","og_image":[{"width":1440,"height":960,"url":"https:\/\/manu015.supserv.cozmoslabs.com\/wp-content\/uploads\/2017\/01\/IMG_3496bfree-8.jpg","type":"image\/jpeg"}],"twitter_card":"summary_large_image","twitter_site":"@privatedriverbx","twitter_misc":{"Tiempo de lectura":"5 minutos"},"schema":{"@context":"https:\/\/schema.org","@graph":[{"@type":"Organization","@id":"https:\/\/manu015.supserv.cozmoslabs.com\/#organization","name":"Your Private Driver","url":"https:\/\/manu015.supserv.cozmoslabs.com\/","sameAs":["https:\/\/www.facebook.com\/yourprivatedriverbrussels","https:\/\/www.instagram.com\/taxibrusselsairport\/","https:\/\/www.linkedin.com\/company\/yourprivatedriver\/","https:\/\/www.youtube.com\/channel\/UCdFj5lm3qhOZWz_Rz0yupVA","https:\/\/www.pinterest.fr\/pin\/704672672920362864\/","https:\/\/twitter.com\/privatedriverbx"],"logo":{"@type":"ImageObject","@id":"https:\/\/manu015.supserv.cozmoslabs.com\/#logo","inLanguage":"es","url":"","contentUrl":"","caption":"Your Private Driver"},"image":{"@id":"https:\/\/manu015.supserv.cozmoslabs.com\/#logo"}},{"@type":"WebSite","@id":"https:\/\/manu015.supserv.cozmoslabs.com\/#website","url":"https:\/\/manu015.supserv.cozmoslabs.com\/","name":"Your Private Driver","description":"Taxi Brussels airport - Taxi Charleroi airport","publisher":{"@id":"https:\/\/manu015.supserv.cozmoslabs.com\/#organization"},"potentialAction":[{"@type":"SearchAction","target":{"@type":"EntryPoint","urlTemplate":"https:\/\/manu015.supserv.cozmoslabs.com\/?s={search_term_string}"},"query-input":"required name=search_term_string"}],"inLanguage":"es"},{"@type":"ImageObject","@id":"https:\/\/manu015.supserv.cozmoslabs.com\/services\/#primaryimage","inLanguage":"es","url":"https:\/\/manu015.supserv.cozmoslabs.com\/wp-content\/uploads\/2017\/01\/IMG_3496bfree-8.jpg","contentUrl":"https:\/\/manu015.supserv.cozmoslabs.com\/wp-content\/uploads\/2017\/01\/IMG_3496bfree-8.jpg","width":1440,"height":960,"caption":"The road to success and the road to failure are almost exactly the same"},{"@type":"WebPage","@id":"https:\/\/manu015.supserv.cozmoslabs.com\/services\/#webpage","url":"https:\/\/manu015.supserv.cozmoslabs.com\/services\/","name":"Services that we offer in our taxi company - Your Private Driver","isPartOf":{"@id":"https:\/\/manu015.supserv.cozmoslabs.com\/#website"},"primaryImageOfPage":{"@id":"https:\/\/manu015.supserv.cozmoslabs.com\/services\/#primaryimage"},"datePublished":"2020-10-31T22:31:36+00:00","dateModified":"2020-11-13T08:23:01+00:00","description":"Find here the different taxi services that we offer with our Company. Our service range from airport tranfers and shuttle to private trips.","breadcrumb":{"@id":"https:\/\/manu015.supserv.cozmoslabs.com\/services\/#breadcrumb"},"inLanguage":"es","potentialAction":[{"@type":"ReadAction","target":["https:\/\/manu015.supserv.cozmoslabs.com\/services\/"]}]},{"@type":"BreadcrumbList","@id":"https:\/\/manu015.supserv.cozmoslabs.com\/services\/#breadcrumb","itemListElement":[{"@type":"ListItem","position":1,"name":"Home","item":"https:\/\/manu015.supserv.cozmoslabs.com\/"},{"@type":"ListItem","position":2,"name":"Services"}]}]}},"_links":{"self":[{"href":"https:\/\/manu015.supserv.cozmoslabs.com\/es\/wp-json\/wp\/v2\/pages\/7089"}],"collection":[{"href":"https:\/\/manu015.supserv.cozmoslabs.com\/es\/wp-json\/wp\/v2\/pages"}],"about":[{"href":"https:\/\/manu015.supserv.cozmoslabs.com\/es\/wp-json\/wp\/v2\/types\/page"}],"author":[{"embeddable":true,"href":"https:\/\/manu015.supserv.cozmoslabs.com\/es\/wp-json\/wp\/v2\/users\/1"}],"replies":[{"embeddable":true,"href":"https:\/\/manu015.supserv.cozmoslabs.com\/es\/wp-json\/wp\/v2\/comments?post=7089"}],"version-history":[{"count":0,"href":"https:\/\/manu015.supserv.cozmoslabs.com\/es\/wp-json\/wp\/v2\/pages\/7089\/revisions"}],"wp:featuredmedia":[{"embeddable":true,"href":"https:\/\/manu015.supserv.cozmoslabs.com\/es\/wp-json\/wp\/v2\/media\/22"}],"wp:attachment":[{"href":"https:\/\/manu015.supserv.cozmoslabs.com\/es\/wp-json\/wp\/v2\/media?parent=7089"}],"curies":[{"name":"wp","href":"https:\/\/api.w.org\/{rel}","templated":true}]}}