{"id":7065,"date":"2020-10-31T15:38:27","date_gmt":"2020-10-31T15:38:27","guid":{"rendered":"https:\/\/manu015.supserv.cozmoslabs.com\/?page_id=7065"},"modified":"2020-11-13T08:09:59","modified_gmt":"2020-11-13T08:09:59","slug":"fleet","status":"publish","type":"page","link":"https:\/\/manu015.supserv.cozmoslabs.com\/es\/fleet\/","title":{"rendered":"Flota"},"content":{"rendered":"<div  class=\"one withsmallpadding ppb_header\" style=\"text-align:left;padding:40px 0 40px 0;\" >\n<div class=\"standard_wrapper\">\n<div class=\"page_content_wrapper\">\n<div class=\"inner\">\n<div style=\"margin:auto;width:100%\">\n<h2 class=\"ppb_title\" style=\"\">Flota de taxis<\/h2>\n<div class=\"page_tagline\" style=\"\">Contamos con 6 categor\u00edas de veh\u00edculos<\/div>\n<div class=\"ppb_header_content\">\n<p>Contamos con una gran flota de taxis en nuestra empresa. Aqu\u00ed puede ver las fotos de algunos de nuestros veh\u00edculos. Todos nuestros veh\u00edculos tienen licencia completa para el transporte y todos tienen un n\u00famero de placa que comienza con TL, lo que significa Taxi Limousine como lo requiere la regulaci\u00f3n belga.<\/p>\n<p>Una gran flota de veh\u00edculos para atenderlo: sed\u00e1n, minivans, minibuses y limusinas. Entre los sedanes, puede elegir entre los modelos de lujo o est\u00e1ndar. Lo mismo ocurre con los minibuses, tenemos las minivans de lujo y est\u00e1ndar.<br \/>\nNuestros coches con ch\u00f3fer tienen una red Wi-Fi para que pueda conectarse si lo necesita. Nuestro interior limpio y ordenado le invita a relajarse y descansar.<\/p>\n<\/div>\n<\/div>\n<\/div>\n<\/div>\n<\/div>\n<\/div>\n<div  class=\"one withsmallpadding ppb_header\" style=\"text-align:left;padding:40px 0 40px 0;\" >\n<div class=\"standard_wrapper\">\n<div class=\"page_content_wrapper\">\n<div class=\"inner\">\n<div style=\"margin:auto;width:100%\">\n<h2 class=\"ppb_title\" style=\"\">Sed\u00e1n est\u00e1ndar<\/h2>\n<div class=\"ppb_header_content\">\n<p>\u00c9sta es nuestra categor\u00eda de veh\u00edculo m\u00e1s barata. tiene una capacidad m\u00e1xima de 4 pasajeros y 3 maletas. Es el m\u00e1s popular. En esta categor\u00eda, encontrar\u00e1 veh\u00edculos como Nissan Qashqai, Skoda Octavia o veh\u00edculos similares.<\/p>\n<p>[ngg src = \u201dgaler\u00edas\u201d ids = \u201d2 \u2033 display =\u201d basic_thumbnail \u201d]<\/p>\n<p>\u00a0<\/p>\n<\/div>\n<\/div>\n<\/div>\n<\/div>\n<\/div>\n<\/div>\n<div  class=\"one withsmallpadding ppb_header\" style=\"text-align:left;padding:40px 0 40px 0;\" >\n<div class=\"standard_wrapper\">\n<div class=\"page_content_wrapper\">\n<div class=\"inner\">\n<div style=\"margin:auto;width:100%\">\n<h2 class=\"ppb_title\" style=\"\">Clase ejecutiva de Mercedes Benz E<\/h2>\n<div class=\"ppb_header_content\">\n<p>Nuestros sedanes ejecutivos consisten esencialmente en modelos como Mercedes-Benz E-Class, Audi A6, Volvo S90 o veh\u00edculos similares. Esto es realmente lujoso. Fue dise\u00f1ado principalmente para llevar un m\u00e1ximo de 3 pasajeros. Sin embargo, este veh\u00edculo tiene 4 cinturones de seguridad para pasajeros. Por lo tanto permitimos hasta 4 pasajeros en este veh\u00edculo y 3 maletas.<\/p>\n<p>[ngg src = \u201dgalleries\u201d ids = \u201d3 \u2033 display =\u201d basic_slideshow \u201d]<\/p>\n<\/div>\n<\/div>\n<\/div>\n<\/div>\n<\/div>\n<\/div>\n<div  class=\"one withsmallpadding ppb_header\" style=\"text-align:left;padding:40px 0 40px 0;\" >\n<div class=\"standard_wrapper\">\n<div class=\"page_content_wrapper\">\n<div class=\"inner\">\n<div style=\"margin:auto;width:100%\">\n<h2 class=\"ppb_title\" style=\"\">Minivan est\u00e1ndar<\/h2>\n<div class=\"ppb_header_content\">\n<p>Esta categor\u00eda de veh\u00edculos puede llevar hasta 8 pasajeros por veh\u00edculo. Es la forma m\u00e1s econ\u00f3mica de viajar en taxi si tienes mucho equipaje o si eres un grupo de personas superior a 4.<\/p>\n<p>En nuestra categor\u00eda de minib\u00fas est\u00e1ndar, contamos con veh\u00edculos como Opel Vivaro, Renault Trafic o veh\u00edculos similares<\/p>\n<p>[ngg src = \u201dgaler\u00edas\u201d ids = \u201d4 \u2033 display =\u201d basic_imagebrowser \u201d]<\/p>\n<p>\u00a0<\/p>\n<\/div>\n<\/div>\n<\/div>\n<\/div>\n<\/div>\n<\/div>\n<div  class=\"one withsmallpadding ppb_header\" style=\"text-align:left;padding:40px 0 40px 0;\" >\n<div class=\"standard_wrapper\">\n<div class=\"page_content_wrapper\">\n<div class=\"inner\">\n<div style=\"margin:auto;width:100%\">\n<h2 class=\"ppb_title\" style=\"\">Minivan ejecutiva Mercedes Benz Clase V y Vito tourer<\/h2>\n<div class=\"ppb_header_content\">\n<p>En esta categor\u00eda tenemos varios tipos de modelos como el Mercedes Clase V, Mercedes Benz Vito Tourer, Mercedes Benz Viano, Ford Customs Tourneo etc\u2026 Este tipo de veh\u00edculo puede llevar hasta 7 u 8 pasajeros como m\u00e1ximo dependiendo de la marca y modelo de la minivan. Es nuestro veh\u00edculo m\u00e1s lujoso. Muy espacioso, tiene 6 asientos de cuero en la parte trasera y 1 o 2 asientos para pasajeros en la parte delantera. 2 filas de 3 asientos enfrentados. Realmente te sientes como en una sala de estar cuando est\u00e1s a bordo de nuestra minivan Mercedes Benz clase V.<br \/>\nPara un grupo de 8 personas, tambi\u00e9n tenemos una soluci\u00f3n de lujo para ellos ya que tenemos este segundo modelo de monovolumen. Es nuestro modelo de turismo Mercedes Benz Vito. Tambi\u00e9n tiene 6 asientos de cuero en la parte trasera con 2 filas de 3 asientos enfrentados. En la cabina delantera, tenemos 2 asientos adicionales. Entiendes muy bien que en nuestro Mercedes Benz Vito tourer podemos transportar hasta 8 pasajeros con el mismo confort y lujo que en nuestro Mercedes Benz V Class.<\/p>\n<p>[ngg src = \u201dgaler\u00edas\u201d ids = \u201d5 \u2033 display =\u201d basic_thumbnail \u201d]<\/p>\n<\/div>\n<\/div>\n<\/div>\n<\/div>\n<\/div>\n<\/div>\n<div  class=\"one withsmallpadding ppb_header\" style=\"text-align:left;padding:40px 0 40px 0;\" >\n<div class=\"standard_wrapper\">\n<div class=\"page_content_wrapper\">\n<div class=\"inner\">\n<div style=\"margin:auto;width:100%\">\n<h2 class=\"ppb_title\" style=\"\">Taxi para silla de ruedas. Limusinas y Autobuses<\/h2>\n<div class=\"ppb_header_content\">\n<p>Tambi\u00e9n contamos con un taxi especial para transportar personas en silla de ruedas. Contamos con grandes buses de la capacidad de 48 pasajeros por bus para un grupo numeroso de personas. Especialmente si no quieren viajar con diferentes minivans. Si necesita una limusina para un evento en particular. Para m\u00e1s informaci\u00f3n por favor a nuestro <a href=\"https:\/\/manu015.supserv.cozmoslabs.com\/\">p\u00e1gina principal<\/a><\/p>\n<\/div>\n<\/div>\n<\/div>\n<\/div>\n<\/div>\n<\/div>","protected":false},"excerpt":{"rendered":"<p>Taxi Fleet We have 6 categories of vehicles We have a large taxi fleet in our company. Here you can see the photos of some of our vehicles. All our vehicles are fully licenced for transport and they all have [&hellip;]<\/p>","protected":false},"author":1,"featured_media":7665,"parent":0,"menu_order":0,"comment_status":"closed","ping_status":"closed","template":"","meta":[],"yoast_head":"<!-- This site is optimized with the Yoast SEO plugin v18.4.1 - https:\/\/yoast.com\/wordpress\/plugins\/seo\/ -->\n<title>Discover the fleet of our taxi company - Your Private Driver<\/title>\n<meta name=\"description\" content=\"We have a very large fleet made up of 4 categories of vehicles ranging from sedans to minivans, both standard and luxury.\" \/>\n<meta name=\"robots\" content=\"index, follow, max-snippet:-1, max-image-preview:large, max-video-preview:-1\" \/>\n<link rel=\"canonical\" href=\"https:\/\/manu015.supserv.cozmoslabs.com\/es\/fleet\/\" \/>\n<meta property=\"og:locale\" content=\"es_ES\" \/>\n<meta property=\"og:type\" content=\"article\" \/>\n<meta property=\"og:title\" content=\"Discover the fleet of our taxi company - Your Private Driver\" \/>\n<meta property=\"og:description\" content=\"We have a very large fleet made up of 4 categories of vehicles ranging from sedans to minivans, both standard and luxury.\" \/>\n<meta property=\"og:url\" content=\"https:\/\/manu015.supserv.cozmoslabs.com\/es\/fleet\/\" \/>\n<meta property=\"og:site_name\" content=\"Your Private Driver\" \/>\n<meta property=\"article:publisher\" content=\"https:\/\/www.facebook.com\/yourprivatedriverbrussels\" \/>\n<meta property=\"article:modified_time\" content=\"2020-11-13T08:09:59+00:00\" \/>\n<meta property=\"og:image\" content=\"https:\/\/manu015.supserv.cozmoslabs.com\/wp-content\/uploads\/2020\/11\/flotte-vehicules-taxi-aeroport.png\" \/>\n\t<meta property=\"og:image:width\" content=\"534\" \/>\n\t<meta property=\"og:image:height\" content=\"230\" \/>\n\t<meta property=\"og:image:type\" content=\"image\/png\" \/>\n<meta name=\"twitter:card\" content=\"summary_large_image\" \/>\n<meta name=\"twitter:site\" content=\"@privatedriverbx\" \/>\n<meta name=\"twitter:label1\" content=\"Tiempo de lectura\" \/>\n\t<meta name=\"twitter:data1\" content=\"3 minutos\" \/>\n<script type=\"application\/ld+json\" class=\"yoast-schema-graph\">{\"@context\":\"https:\/\/schema.org\",\"@graph\":[{\"@type\":\"Organization\",\"@id\":\"https:\/\/manu015.supserv.cozmoslabs.com\/#organization\",\"name\":\"Your Private Driver\",\"url\":\"https:\/\/manu015.supserv.cozmoslabs.com\/\",\"sameAs\":[\"https:\/\/www.facebook.com\/yourprivatedriverbrussels\",\"https:\/\/www.instagram.com\/taxibrusselsairport\/\",\"https:\/\/www.linkedin.com\/company\/yourprivatedriver\/\",\"https:\/\/www.youtube.com\/channel\/UCdFj5lm3qhOZWz_Rz0yupVA\",\"https:\/\/www.pinterest.fr\/pin\/704672672920362864\/\",\"https:\/\/twitter.com\/privatedriverbx\"],\"logo\":{\"@type\":\"ImageObject\",\"@id\":\"https:\/\/manu015.supserv.cozmoslabs.com\/#logo\",\"inLanguage\":\"es\",\"url\":\"\",\"contentUrl\":\"\",\"caption\":\"Your Private Driver\"},\"image\":{\"@id\":\"https:\/\/manu015.supserv.cozmoslabs.com\/#logo\"}},{\"@type\":\"WebSite\",\"@id\":\"https:\/\/manu015.supserv.cozmoslabs.com\/#website\",\"url\":\"https:\/\/manu015.supserv.cozmoslabs.com\/\",\"name\":\"Your Private Driver\",\"description\":\"Taxi Brussels airport - Taxi Charleroi airport\",\"publisher\":{\"@id\":\"https:\/\/manu015.supserv.cozmoslabs.com\/#organization\"},\"potentialAction\":[{\"@type\":\"SearchAction\",\"target\":{\"@type\":\"EntryPoint\",\"urlTemplate\":\"https:\/\/manu015.supserv.cozmoslabs.com\/?s={search_term_string}\"},\"query-input\":\"required name=search_term_string\"}],\"inLanguage\":\"es\"},{\"@type\":\"ImageObject\",\"@id\":\"https:\/\/manu015.supserv.cozmoslabs.com\/fleet\/#primaryimage\",\"inLanguage\":\"es\",\"url\":\"https:\/\/manu015.supserv.cozmoslabs.com\/wp-content\/uploads\/2020\/11\/flotte-vehicules-taxi-aeroport.png\",\"contentUrl\":\"https:\/\/manu015.supserv.cozmoslabs.com\/wp-content\/uploads\/2020\/11\/flotte-vehicules-taxi-aeroport.png\",\"width\":534,\"height\":230,\"caption\":\"Our Fleet\"},{\"@type\":\"WebPage\",\"@id\":\"https:\/\/manu015.supserv.cozmoslabs.com\/fleet\/#webpage\",\"url\":\"https:\/\/manu015.supserv.cozmoslabs.com\/fleet\/\",\"name\":\"Discover the fleet of our taxi company - Your Private Driver\",\"isPartOf\":{\"@id\":\"https:\/\/manu015.supserv.cozmoslabs.com\/#website\"},\"primaryImageOfPage\":{\"@id\":\"https:\/\/manu015.supserv.cozmoslabs.com\/fleet\/#primaryimage\"},\"datePublished\":\"2020-10-31T15:38:27+00:00\",\"dateModified\":\"2020-11-13T08:09:59+00:00\",\"description\":\"We have a very large fleet made up of 4 categories of vehicles ranging from sedans to minivans, both standard and luxury.\",\"breadcrumb\":{\"@id\":\"https:\/\/manu015.supserv.cozmoslabs.com\/fleet\/#breadcrumb\"},\"inLanguage\":\"es\",\"potentialAction\":[{\"@type\":\"ReadAction\",\"target\":[\"https:\/\/manu015.supserv.cozmoslabs.com\/fleet\/\"]}]},{\"@type\":\"BreadcrumbList\",\"@id\":\"https:\/\/manu015.supserv.cozmoslabs.com\/fleet\/#breadcrumb\",\"itemListElement\":[{\"@type\":\"ListItem\",\"position\":1,\"name\":\"Home\",\"item\":\"https:\/\/manu015.supserv.cozmoslabs.com\/\"},{\"@type\":\"ListItem\",\"position\":2,\"name\":\"Fleet\"}]}]}<\/script>\n<!-- \/ Yoast SEO plugin. -->","yoast_head_json":{"title":"Discover the fleet of our taxi company - Your Private Driver","description":"We have a very large fleet made up of 4 categories of vehicles ranging from sedans to minivans, both standard and luxury.","robots":{"index":"index","follow":"follow","max-snippet":"max-snippet:-1","max-image-preview":"max-image-preview:large","max-video-preview":"max-video-preview:-1"},"canonical":"https:\/\/manu015.supserv.cozmoslabs.com\/es\/fleet\/","og_locale":"es_ES","og_type":"article","og_title":"Discover the fleet of our taxi company - Your Private Driver","og_description":"We have a very large fleet made up of 4 categories of vehicles ranging from sedans to minivans, both standard and luxury.","og_url":"https:\/\/manu015.supserv.cozmoslabs.com\/es\/fleet\/","og_site_name":"Your Private Driver","article_publisher":"https:\/\/www.facebook.com\/yourprivatedriverbrussels","article_modified_time":"2020-11-13T08:09:59+00:00","og_image":[{"width":534,"height":230,"url":"https:\/\/manu015.supserv.cozmoslabs.com\/wp-content\/uploads\/2020\/11\/flotte-vehicules-taxi-aeroport.png","type":"image\/png"}],"twitter_card":"summary_large_image","twitter_site":"@privatedriverbx","twitter_misc":{"Tiempo de lectura":"3 minutos"},"schema":{"@context":"https:\/\/schema.org","@graph":[{"@type":"Organization","@id":"https:\/\/manu015.supserv.cozmoslabs.com\/#organization","name":"Your Private Driver","url":"https:\/\/manu015.supserv.cozmoslabs.com\/","sameAs":["https:\/\/www.facebook.com\/yourprivatedriverbrussels","https:\/\/www.instagram.com\/taxibrusselsairport\/","https:\/\/www.linkedin.com\/company\/yourprivatedriver\/","https:\/\/www.youtube.com\/channel\/UCdFj5lm3qhOZWz_Rz0yupVA","https:\/\/www.pinterest.fr\/pin\/704672672920362864\/","https:\/\/twitter.com\/privatedriverbx"],"logo":{"@type":"ImageObject","@id":"https:\/\/manu015.supserv.cozmoslabs.com\/#logo","inLanguage":"es","url":"","contentUrl":"","caption":"Your Private Driver"},"image":{"@id":"https:\/\/manu015.supserv.cozmoslabs.com\/#logo"}},{"@type":"WebSite","@id":"https:\/\/manu015.supserv.cozmoslabs.com\/#website","url":"https:\/\/manu015.supserv.cozmoslabs.com\/","name":"Your Private Driver","description":"Taxi Brussels airport - Taxi Charleroi airport","publisher":{"@id":"https:\/\/manu015.supserv.cozmoslabs.com\/#organization"},"potentialAction":[{"@type":"SearchAction","target":{"@type":"EntryPoint","urlTemplate":"https:\/\/manu015.supserv.cozmoslabs.com\/?s={search_term_string}"},"query-input":"required name=search_term_string"}],"inLanguage":"es"},{"@type":"ImageObject","@id":"https:\/\/manu015.supserv.cozmoslabs.com\/fleet\/#primaryimage","inLanguage":"es","url":"https:\/\/manu015.supserv.cozmoslabs.com\/wp-content\/uploads\/2020\/11\/flotte-vehicules-taxi-aeroport.png","contentUrl":"https:\/\/manu015.supserv.cozmoslabs.com\/wp-content\/uploads\/2020\/11\/flotte-vehicules-taxi-aeroport.png","width":534,"height":230,"caption":"Our Fleet"},{"@type":"WebPage","@id":"https:\/\/manu015.supserv.cozmoslabs.com\/fleet\/#webpage","url":"https:\/\/manu015.supserv.cozmoslabs.com\/fleet\/","name":"Discover the fleet of our taxi company - Your Private Driver","isPartOf":{"@id":"https:\/\/manu015.supserv.cozmoslabs.com\/#website"},"primaryImageOfPage":{"@id":"https:\/\/manu015.supserv.cozmoslabs.com\/fleet\/#primaryimage"},"datePublished":"2020-10-31T15:38:27+00:00","dateModified":"2020-11-13T08:09:59+00:00","description":"We have a very large fleet made up of 4 categories of vehicles ranging from sedans to minivans, both standard and luxury.","breadcrumb":{"@id":"https:\/\/manu015.supserv.cozmoslabs.com\/fleet\/#breadcrumb"},"inLanguage":"es","potentialAction":[{"@type":"ReadAction","target":["https:\/\/manu015.supserv.cozmoslabs.com\/fleet\/"]}]},{"@type":"BreadcrumbList","@id":"https:\/\/manu015.supserv.cozmoslabs.com\/fleet\/#breadcrumb","itemListElement":[{"@type":"ListItem","position":1,"name":"Home","item":"https:\/\/manu015.supserv.cozmoslabs.com\/"},{"@type":"ListItem","position":2,"name":"Fleet"}]}]}},"_links":{"self":[{"href":"https:\/\/manu015.supserv.cozmoslabs.com\/es\/wp-json\/wp\/v2\/pages\/7065"}],"collection":[{"href":"https:\/\/manu015.supserv.cozmoslabs.com\/es\/wp-json\/wp\/v2\/pages"}],"about":[{"href":"https:\/\/manu015.supserv.cozmoslabs.com\/es\/wp-json\/wp\/v2\/types\/page"}],"author":[{"embeddable":true,"href":"https:\/\/manu015.supserv.cozmoslabs.com\/es\/wp-json\/wp\/v2\/users\/1"}],"replies":[{"embeddable":true,"href":"https:\/\/manu015.supserv.cozmoslabs.com\/es\/wp-json\/wp\/v2\/comments?post=7065"}],"version-history":[{"count":0,"href":"https:\/\/manu015.supserv.cozmoslabs.com\/es\/wp-json\/wp\/v2\/pages\/7065\/revisions"}],"wp:featuredmedia":[{"embeddable":true,"href":"https:\/\/manu015.supserv.cozmoslabs.com\/es\/wp-json\/wp\/v2\/media\/7665"}],"wp:attachment":[{"href":"https:\/\/manu015.supserv.cozmoslabs.com\/es\/wp-json\/wp\/v2\/media?parent=7065"}],"curies":[{"name":"wp","href":"https:\/\/api.w.org\/{rel}","templated":true}]}}