{"id":7018,"date":"2020-10-31T13:03:15","date_gmt":"2020-10-31T13:03:15","guid":{"rendered":"https:\/\/manu015.supserv.cozmoslabs.com\/?page_id=7018"},"modified":"2020-11-13T07:50:29","modified_gmt":"2020-11-13T07:50:29","slug":"about-us","status":"publish","type":"page","link":"https:\/\/manu015.supserv.cozmoslabs.com\/es\/about-us\/","title":{"rendered":"Sobre nosotros"},"content":{"rendered":"<div  class=\"one withsmallpadding ppb_header\" style=\"text-align:left;padding:40px 0 40px 0;\" >\n<div class=\"standard_wrapper\">\n<div class=\"page_content_wrapper\">\n<div class=\"inner\">\n<div style=\"margin:auto;width:100%\">\n<h2 class=\"ppb_title\" style=\"\">Tu conductor privado<\/h2>\n<div class=\"ppb_header_content\">\n<p>Your Private Driver es una empresa de taxis y una empresa de transporte de pasajeros remunerada fundada a principios de 2016. La empresa tiene su sede en Bruselas y opera en toda B\u00e9lgica y Europa. Adem\u00e1s, <em><strong>Tu conductor privado<\/strong><\/em> es un actor clave en el transporte de personas en Bruselas. Ofrece un servicio de transporte disponible para los pasajeros que llegan al aeropuerto de Bruselas y al aeropuerto de Charleroi.<\/p>\n<p>Your Private Driver es una compa\u00f1\u00eda confiable de taxis para aeropuertos.<br \/>\nEn caso de que planee visitar el centro de la ciudad de Bruselas, su conductor privado lo ayudar\u00e1. De hecho, hay innumerables cosas que puede hacer con la familia. Incluso si est\u00e1 en un viaje de negocios. De hecho, Bruselas es simplemente una de las ciudades m\u00e1s bellas del mundo con sus numerosos espacios verdes.<\/p>\n<p>Puede confiar en nosotros para todas sus necesidades de transporte en Bruselas. Un viaje en taxi a uno de nuestros aeropuertos belgas, una boda en Bruselas, transporte grupal para una reuni\u00f3n, fiesta privada, un recorrido por la ciudad. <a href=\"https:\/\/manu015.supserv.cozmoslabs.com\/services\/\">o un viaje en taxi desde \/ hacia otra ciudad belga.<\/a> Your private driver <a href=\"https:\/\/manu015.supserv.cozmoslabs.com\/fleet\/\">tiene veh\u00edculos<\/a> y conductores profesionales para que su viaje sea memorable. Somos confiables y asequibles para todos sus viajes en taxi.<\/p>\n<p>Si quieres saber m\u00e1s sobre nosotros y diferentes temas relacionados con los taxis en Bruselas en particular y en el mundo, en general, visita <a href=\"https:\/\/manu015.supserv.cozmoslabs.com\/blog\/\">nuestro blog de taxis.<\/a> No dude en compartir sus ideas y experiencias. Deja tus comentarios si te apetece hacerlo. Comparta en nuestro blog de taxis su experiencia como usuario de taxi o simplemente como taxista.<\/p>\n<\/div>\n<\/div>\n<\/div>\n<\/div>\n<\/div>\n<\/div>\n<div  class=\"one withsmallpadding ppb_header\" style=\"text-align:center;padding:50px 0 50px 0;background-color:#5856d6;color:#ffffff;\" >\n<div class=\"standard_wrapper\">\n<div class=\"page_content_wrapper\">\n<div class=\"inner\">\n<div style=\"margin:auto;width:50%\">\n<h2 class=\"ppb_title\" style=\"color:#ffffff;\">Conductores de taxi profesionales<\/h2>\n<div class=\"ppb_header_content\">\n<p>Nuestros conductores profesionales lo dejan en el aeropuerto Zaventem de Bruselas y lo recogen en el aeropuerto de Bruselas, Charleroi y Lieja. Adem\u00e1s, Your Private Driver te ofrece un viaje r\u00e1pido y silencioso en c\u00f3modos autos, equipados con una red Wi-Fi de alto rendimiento.<\/p>\n<div class=\"one_half\" style=\"\">\n<div class=\"animate_counter_wrapper\">\n<div id=\"1605253829349298397\" class=\"odometer\" style=\"font-size:60px;line-height:60px;\">0<\/div>\n<div class=\"count_separator\"><span><\/span><\/div>\n<div class=\"counter_subject\">Excursiones<\/div>\n<\/div>\n<\/div>\n<div class=\"one_half last\" style=\"\">\n<div class=\"animate_counter_wrapper\">\n<div id=\"16052538291044985847\" class=\"odometer\" style=\"font-size:60px;line-height:60px;\">0<\/div>\n<div class=\"count_separator\"><span><\/span><\/div>\n<div class=\"counter_subject\">Clientes felices<\/div>\n<\/div>\n<\/div>\n<p><br class=\"clear\"\/><\/p>\n<\/div>\n<\/div>\n<\/div>\n<\/div>\n<\/div>\n<\/div>\n<div  class=\"one withsmallpadding ppb_header\" style=\"text-align:left;padding:40px 0 40px 0;\" >\n<div class=\"standard_wrapper\">\n<div class=\"page_content_wrapper\">\n<div class=\"inner\">\n<div style=\"margin:auto;width:100%\">\n<h2 class=\"ppb_title\" style=\"\">Servicio de taxi profesional en Bruselas<\/h2>\n<div class=\"ppb_header_content\">\n<p>Aprovecha nuestras <a href=\"https:\/\/manu015.supserv.cozmoslabs.com\/services\/\"> servicio de traslado al aeropuerto, servicio de limusina y transporte al aeropuerto <\/a> visitar <a href=\"https:\/\/visit.brussels\/en\/category\/monuments-sites\" target=\"_blank\" rel=\"noopener noreferrer\"> lugares historicos de Bruselas<\/a> y Brujas. No dude en <a href=\"https:\/\/manu015.supserv.cozmoslabs.com\/contact-us\/\"> Cont\u00e1ctenos<\/a> para conocer m\u00e1s sobre nuestros tours privados. Nuestros conductores tambi\u00e9n cruzan las fronteras belgas para llevarlo a su destino.<\/p>\n<\/div>\n<\/div>\n<\/div>\n<\/div>\n<\/div>\n<\/div>\n<div  class=\"one withsmallpadding ppb_header\" style=\"text-align:left;padding:40px 0 40px 0;\" >\n<div class=\"standard_wrapper\">\n<div class=\"page_content_wrapper\">\n<div class=\"inner\">\n<div style=\"margin:auto;width:100%\">\n<h2 class=\"ppb_title\" style=\"\">El negocio de taxis en Bruselas es nuestro servicio<\/h2>\n<div class=\"ppb_header_content\">\n<p>Conf\u00ede en nosotros para todos sus viajes en taxi en Bruselas o en los aeropuertos. El transporte de personas es nuestra especialidad. Adem\u00e1s, ofrecemos servicio de alquiler de coches con ch\u00f3fer. Tienes todas las razones para confiar en nosotros. Hasta la fecha, tenemos cientos de clientes satisfechos.<\/p>\n<p>Si est\u00e1 buscando una forma econ\u00f3mica y c\u00f3moda de tomar un taxi desde o hacia el aeropuerto de Bruselas y el aeropuerto de Charleroi que no lo arruine. Entonces Your Private Driver sigue siendo su soluci\u00f3n ideal.<\/p>\n<\/div>\n<\/div>\n<\/div>\n<\/div>\n<\/div>\n<\/div>\n<div  class=\"one withsmallpadding ppb_header\" style=\"text-align:left;padding:40px 0 40px 0;\" >\n<div class=\"standard_wrapper\">\n<div class=\"page_content_wrapper\">\n<div class=\"inner\">\n<div style=\"margin:auto;width:100%\">\n<h2 class=\"ppb_title\" style=\"\">Reserva de taxi en su conductor privado<\/h2>\n<div class=\"ppb_header_content\">\n<p>Nuestro sistema de reserva de taxis en l\u00ednea le ayudar\u00e1 a reservar su taxi f\u00e1cilmente. Al reservar en l\u00ednea en nuestro sitio web, puede comparar directamente y ver qu\u00e9 tipo de veh\u00edculo es m\u00e1s econ\u00f3mico o c\u00f3modo seg\u00fan su destino y presupuesto.<\/p>\n<p>Reserve su taxi del aeropuerto con su conductor privado. De hecho, esto le permitir\u00e1 permanecer libre de estr\u00e9s el d\u00eda de su viaje. De hecho, si reserva su taxi desde el aeropuerto de Bruselas o el aeropuerto de Charleroi con mucha antelaci\u00f3n, no tendr\u00e1 nada de qu\u00e9 preocuparse el d\u00eda del viaje. Asimismo, si reserva un taxi a la ciudad de Amberes, Lieja, Gante, Brujas, Lieja o Namur. Una reserva de taxi con nosotros le permite conocer de antemano el precio final fijo de su viaje en taxi.<\/p>\n<p>Desde un simple sed\u00e1n hasta taxis de lujo, hay algo para todos los gustos y presupuestos. As\u00ed que reserve su taxi del aeropuerto ahora para que lo recojan en el aeropuerto de Bruselas y el aeropuerto de Charleroi, o simplemente lo dejen all\u00ed.<\/p>\n<p>Gracias a nuestro sistema de reservas en l\u00ednea, est\u00e1 a salvo de la sorpresa de un aumento de tarifa de \u00faltimo minuto. De hecho, esto sucede justo cuando desea solicitar su taxi Uber o taxi Heetch para el aeropuerto. Ahora todos hablamos del famoso aumento de precios de Uber. Nunca experimentar\u00e1 algo as\u00ed con su conductor privado<\/p>\n<h3>\u00bfC\u00f3mo pagar su taxi en Your Private Driver?<\/h3>\n<h4>Medios de pago de su taxi del aeropuerto.<\/h4>\n<p>En el momento de la reserva de su taxi, podr\u00e1 elegir entre un pago en l\u00ednea seguro inmediato o un pago en efectivo.<\/p>\n<p>Su conductor privado acepta la mayor\u00eda de los m\u00e9todos de pago como Mastercard, Visa, American Express, PayPal, Ideal, Sofort Banking, Bancontact, EPS, CartaSi, GiroPay, KBC \/ CBC, Belfius, ING, Paysafecard, tarjetas bancarias, D\u00e9bito Directo Sepa, Sepa Bank Transferencia, tarjetas de regalo y varias otras tarjetas de cr\u00e9dito o d\u00e9bito. Para cualquier pago en l\u00ednea, se requiere una tarifa adicional de 4%. Esto es para la comisi\u00f3n de transacci\u00f3n de tarjeta de cr\u00e9dito \/ Paypal.<\/p>\n<p>En caso de que elija el pago en efectivo, no se requiere ning\u00fan cargo adicional. El pago se realiza al conductor. Sin embargo, solo se requiere que tenga el cambio exacto porque nuestros conductores no caminan a menudo con mucho dinero en efectivo.<\/p>\n<h4>Tarifa de taxi barata.<\/h4>\n<p>Tarifa de taxi competitiva para minivans privados, Mercedes-Benz clase V o similar para hasta 8 personas. Adem\u00e1s, paga una tarifa de taxi razonable al aeropuerto con sedanes ejecutivos como Mercedes-Benz clase E. Esta tarifa de taxi asequible se aplica incluso para minibuses est\u00e1ndar para 8 personas como Opel Vivaro o Volkswagen Caravell. La tarifa de taxi barata tambi\u00e9n se aplica a los sedanes est\u00e1ndar como Skoda Octavia o un veh\u00edculo similar.<\/p>\n<p>En Your Private Driver, encontrar\u00e1 una de las tarifas de taxi m\u00e1s baratas de Bruselas. Taxi desde 35 euros por un traslado desde el aeropuerto de Bruselas al centro de la ciudad de Bruselas. Este precio incluye el servicio de recepci\u00f3n en el aeropuerto. Su conductor privado aplica una tarifa de taxi muy barata. De hecho, esto es para permitir que todos disfruten de nuestros servicios excepcionales.<\/p>\n<p>No dudes en registrarte o <a href=\"https:\/\/manu015.supserv.cozmoslabs.com\/account\/\">Ingrese a su cuenta<\/a> para gestionar sus reservas o realizar una nueva reserva.<\/p>\n<\/div>\n<\/div>\n<\/div>\n<\/div>\n<\/div>\n<\/div>","protected":false},"excerpt":{"rendered":"<p>Your Private Driver Your Private Driver is a taxi company and remunerated passenger carrier founded around early 2016. The company is located in Brussels and operates throughout Belgium and across Europe. In addition, Your Private Driver is a key player [&hellip;]<\/p>","protected":false},"author":1,"featured_media":7659,"parent":0,"menu_order":0,"comment_status":"closed","ping_status":"closed","template":"","meta":[],"yoast_head":"<!-- This site is optimized with the Yoast SEO plugin v18.4.1 - https:\/\/yoast.com\/wordpress\/plugins\/seo\/ -->\n<title>Learn more about our taxi company - Your Private Driver<\/title>\n<meta name=\"description\" content=\"Your Private Driver is taxi company founded in early 2016. We provide taxi service in Brussels and to BRU and CRL airports.\" \/>\n<meta name=\"robots\" content=\"index, follow, max-snippet:-1, max-image-preview:large, max-video-preview:-1\" \/>\n<link rel=\"canonical\" href=\"https:\/\/manu015.supserv.cozmoslabs.com\/es\/about-us\/\" \/>\n<meta property=\"og:locale\" content=\"es_ES\" \/>\n<meta property=\"og:type\" content=\"article\" \/>\n<meta property=\"og:title\" content=\"Learn more about our taxi company - Your Private Driver\" \/>\n<meta property=\"og:description\" content=\"Your Private Driver is taxi company founded in early 2016. We provide taxi service in Brussels and to BRU and CRL airports.\" \/>\n<meta property=\"og:url\" content=\"https:\/\/manu015.supserv.cozmoslabs.com\/es\/about-us\/\" \/>\n<meta property=\"og:site_name\" content=\"Your Private Driver\" \/>\n<meta property=\"article:publisher\" content=\"https:\/\/www.facebook.com\/yourprivatedriverbrussels\" \/>\n<meta property=\"article:modified_time\" content=\"2020-11-13T07:50:29+00:00\" \/>\n<meta property=\"og:image\" content=\"https:\/\/manu015.supserv.cozmoslabs.com\/wp-content\/uploads\/2020\/11\/about.jpg\" \/>\n\t<meta property=\"og:image:width\" content=\"854\" \/>\n\t<meta property=\"og:image:height\" content=\"334\" \/>\n\t<meta property=\"og:image:type\" content=\"image\/jpeg\" \/>\n<meta name=\"twitter:card\" content=\"summary_large_image\" \/>\n<meta name=\"twitter:site\" content=\"@privatedriverbx\" \/>\n<meta name=\"twitter:label1\" content=\"Tiempo de lectura\" \/>\n\t<meta name=\"twitter:data1\" content=\"5 minutos\" \/>\n<script type=\"application\/ld+json\" class=\"yoast-schema-graph\">{\"@context\":\"https:\/\/schema.org\",\"@graph\":[{\"@type\":\"Organization\",\"@id\":\"https:\/\/manu015.supserv.cozmoslabs.com\/#organization\",\"name\":\"Your Private Driver\",\"url\":\"https:\/\/manu015.supserv.cozmoslabs.com\/\",\"sameAs\":[\"https:\/\/www.facebook.com\/yourprivatedriverbrussels\",\"https:\/\/www.instagram.com\/taxibrusselsairport\/\",\"https:\/\/www.linkedin.com\/company\/yourprivatedriver\/\",\"https:\/\/www.youtube.com\/channel\/UCdFj5lm3qhOZWz_Rz0yupVA\",\"https:\/\/www.pinterest.fr\/pin\/704672672920362864\/\",\"https:\/\/twitter.com\/privatedriverbx\"],\"logo\":{\"@type\":\"ImageObject\",\"@id\":\"https:\/\/manu015.supserv.cozmoslabs.com\/#logo\",\"inLanguage\":\"es\",\"url\":\"\",\"contentUrl\":\"\",\"caption\":\"Your Private Driver\"},\"image\":{\"@id\":\"https:\/\/manu015.supserv.cozmoslabs.com\/#logo\"}},{\"@type\":\"WebSite\",\"@id\":\"https:\/\/manu015.supserv.cozmoslabs.com\/#website\",\"url\":\"https:\/\/manu015.supserv.cozmoslabs.com\/\",\"name\":\"Your Private Driver\",\"description\":\"Taxi Brussels airport - Taxi Charleroi airport\",\"publisher\":{\"@id\":\"https:\/\/manu015.supserv.cozmoslabs.com\/#organization\"},\"potentialAction\":[{\"@type\":\"SearchAction\",\"target\":{\"@type\":\"EntryPoint\",\"urlTemplate\":\"https:\/\/manu015.supserv.cozmoslabs.com\/?s={search_term_string}\"},\"query-input\":\"required name=search_term_string\"}],\"inLanguage\":\"es\"},{\"@type\":\"ImageObject\",\"@id\":\"https:\/\/manu015.supserv.cozmoslabs.com\/about-us\/#primaryimage\",\"inLanguage\":\"es\",\"url\":\"https:\/\/manu015.supserv.cozmoslabs.com\/wp-content\/uploads\/2020\/11\/about.jpg\",\"contentUrl\":\"https:\/\/manu015.supserv.cozmoslabs.com\/wp-content\/uploads\/2020\/11\/about.jpg\",\"width\":854,\"height\":334,\"caption\":\"About Us\"},{\"@type\":\"WebPage\",\"@id\":\"https:\/\/manu015.supserv.cozmoslabs.com\/about-us\/#webpage\",\"url\":\"https:\/\/manu015.supserv.cozmoslabs.com\/about-us\/\",\"name\":\"Learn more about our taxi company - Your Private Driver\",\"isPartOf\":{\"@id\":\"https:\/\/manu015.supserv.cozmoslabs.com\/#website\"},\"primaryImageOfPage\":{\"@id\":\"https:\/\/manu015.supserv.cozmoslabs.com\/about-us\/#primaryimage\"},\"datePublished\":\"2020-10-31T13:03:15+00:00\",\"dateModified\":\"2020-11-13T07:50:29+00:00\",\"description\":\"Your Private Driver is taxi company founded in early 2016. We provide taxi service in Brussels and to BRU and CRL airports.\",\"breadcrumb\":{\"@id\":\"https:\/\/manu015.supserv.cozmoslabs.com\/about-us\/#breadcrumb\"},\"inLanguage\":\"es\",\"potentialAction\":[{\"@type\":\"ReadAction\",\"target\":[\"https:\/\/manu015.supserv.cozmoslabs.com\/about-us\/\"]}]},{\"@type\":\"BreadcrumbList\",\"@id\":\"https:\/\/manu015.supserv.cozmoslabs.com\/about-us\/#breadcrumb\",\"itemListElement\":[{\"@type\":\"ListItem\",\"position\":1,\"name\":\"Home\",\"item\":\"https:\/\/manu015.supserv.cozmoslabs.com\/\"},{\"@type\":\"ListItem\",\"position\":2,\"name\":\"About Us\"}]}]}<\/script>\n<!-- \/ Yoast SEO plugin. -->","yoast_head_json":{"title":"Learn more about our taxi company - Your Private Driver","description":"Your Private Driver is taxi company founded in early 2016. We provide taxi service in Brussels and to BRU and CRL airports.","robots":{"index":"index","follow":"follow","max-snippet":"max-snippet:-1","max-image-preview":"max-image-preview:large","max-video-preview":"max-video-preview:-1"},"canonical":"https:\/\/manu015.supserv.cozmoslabs.com\/es\/about-us\/","og_locale":"es_ES","og_type":"article","og_title":"Learn more about our taxi company - Your Private Driver","og_description":"Your Private Driver is taxi company founded in early 2016. We provide taxi service in Brussels and to BRU and CRL airports.","og_url":"https:\/\/manu015.supserv.cozmoslabs.com\/es\/about-us\/","og_site_name":"Your Private Driver","article_publisher":"https:\/\/www.facebook.com\/yourprivatedriverbrussels","article_modified_time":"2020-11-13T07:50:29+00:00","og_image":[{"width":854,"height":334,"url":"https:\/\/manu015.supserv.cozmoslabs.com\/wp-content\/uploads\/2020\/11\/about.jpg","type":"image\/jpeg"}],"twitter_card":"summary_large_image","twitter_site":"@privatedriverbx","twitter_misc":{"Tiempo de lectura":"5 minutos"},"schema":{"@context":"https:\/\/schema.org","@graph":[{"@type":"Organization","@id":"https:\/\/manu015.supserv.cozmoslabs.com\/#organization","name":"Your Private Driver","url":"https:\/\/manu015.supserv.cozmoslabs.com\/","sameAs":["https:\/\/www.facebook.com\/yourprivatedriverbrussels","https:\/\/www.instagram.com\/taxibrusselsairport\/","https:\/\/www.linkedin.com\/company\/yourprivatedriver\/","https:\/\/www.youtube.com\/channel\/UCdFj5lm3qhOZWz_Rz0yupVA","https:\/\/www.pinterest.fr\/pin\/704672672920362864\/","https:\/\/twitter.com\/privatedriverbx"],"logo":{"@type":"ImageObject","@id":"https:\/\/manu015.supserv.cozmoslabs.com\/#logo","inLanguage":"es","url":"","contentUrl":"","caption":"Your Private Driver"},"image":{"@id":"https:\/\/manu015.supserv.cozmoslabs.com\/#logo"}},{"@type":"WebSite","@id":"https:\/\/manu015.supserv.cozmoslabs.com\/#website","url":"https:\/\/manu015.supserv.cozmoslabs.com\/","name":"Your Private Driver","description":"Taxi Brussels airport - Taxi Charleroi airport","publisher":{"@id":"https:\/\/manu015.supserv.cozmoslabs.com\/#organization"},"potentialAction":[{"@type":"SearchAction","target":{"@type":"EntryPoint","urlTemplate":"https:\/\/manu015.supserv.cozmoslabs.com\/?s={search_term_string}"},"query-input":"required name=search_term_string"}],"inLanguage":"es"},{"@type":"ImageObject","@id":"https:\/\/manu015.supserv.cozmoslabs.com\/about-us\/#primaryimage","inLanguage":"es","url":"https:\/\/manu015.supserv.cozmoslabs.com\/wp-content\/uploads\/2020\/11\/about.jpg","contentUrl":"https:\/\/manu015.supserv.cozmoslabs.com\/wp-content\/uploads\/2020\/11\/about.jpg","width":854,"height":334,"caption":"About Us"},{"@type":"WebPage","@id":"https:\/\/manu015.supserv.cozmoslabs.com\/about-us\/#webpage","url":"https:\/\/manu015.supserv.cozmoslabs.com\/about-us\/","name":"Learn more about our taxi company - Your Private Driver","isPartOf":{"@id":"https:\/\/manu015.supserv.cozmoslabs.com\/#website"},"primaryImageOfPage":{"@id":"https:\/\/manu015.supserv.cozmoslabs.com\/about-us\/#primaryimage"},"datePublished":"2020-10-31T13:03:15+00:00","dateModified":"2020-11-13T07:50:29+00:00","description":"Your Private Driver is taxi company founded in early 2016. We provide taxi service in Brussels and to BRU and CRL airports.","breadcrumb":{"@id":"https:\/\/manu015.supserv.cozmoslabs.com\/about-us\/#breadcrumb"},"inLanguage":"es","potentialAction":[{"@type":"ReadAction","target":["https:\/\/manu015.supserv.cozmoslabs.com\/about-us\/"]}]},{"@type":"BreadcrumbList","@id":"https:\/\/manu015.supserv.cozmoslabs.com\/about-us\/#breadcrumb","itemListElement":[{"@type":"ListItem","position":1,"name":"Home","item":"https:\/\/manu015.supserv.cozmoslabs.com\/"},{"@type":"ListItem","position":2,"name":"About Us"}]}]}},"_links":{"self":[{"href":"https:\/\/manu015.supserv.cozmoslabs.com\/es\/wp-json\/wp\/v2\/pages\/7018"}],"collection":[{"href":"https:\/\/manu015.supserv.cozmoslabs.com\/es\/wp-json\/wp\/v2\/pages"}],"about":[{"href":"https:\/\/manu015.supserv.cozmoslabs.com\/es\/wp-json\/wp\/v2\/types\/page"}],"author":[{"embeddable":true,"href":"https:\/\/manu015.supserv.cozmoslabs.com\/es\/wp-json\/wp\/v2\/users\/1"}],"replies":[{"embeddable":true,"href":"https:\/\/manu015.supserv.cozmoslabs.com\/es\/wp-json\/wp\/v2\/comments?post=7018"}],"version-history":[{"count":0,"href":"https:\/\/manu015.supserv.cozmoslabs.com\/es\/wp-json\/wp\/v2\/pages\/7018\/revisions"}],"wp:featuredmedia":[{"embeddable":true,"href":"https:\/\/manu015.supserv.cozmoslabs.com\/es\/wp-json\/wp\/v2\/media\/7659"}],"wp:attachment":[{"href":"https:\/\/manu015.supserv.cozmoslabs.com\/es\/wp-json\/wp\/v2\/media?parent=7018"}],"curies":[{"name":"wp","href":"https:\/\/api.w.org\/{rel}","templated":true}]}}