{"id":2650,"date":"2017-01-24T09:16:52","date_gmt":"2017-01-24T09:16:52","guid":{"rendered":"http:\/\/themes.themegoods.com\/grandcarrental\/demo\/?page_id=2650"},"modified":"2020-11-13T17:31:19","modified_gmt":"2020-11-13T17:31:19","slug":"faqs","status":"publish","type":"page","link":"https:\/\/manu015.supserv.cozmoslabs.com\/es\/faqs\/","title":{"rendered":"Preguntas frecuentes sobre su conductor privado"},"content":{"rendered":"<h2>\u00bfPor qu\u00e9 elegir su conductor privado para todos sus viajes en taxi desde el aeropuerto?<\/h2>\n<div class=\"pp_accordion has_icon\">\n<h3><a href=\"#\">F\u00e1cil sistema de reserva de taxis<\/a><\/h3>\n<div>\n<p> Utilizamos el sistema de reserva de taxis m\u00e1s sencillo y eficaz.<br \/>\nLe toma 1 minuto saber el precio exacto de su tarifa de taxi.<br \/>\nPara eso, todo lo que necesita hacer es, desde el widget de reserva que est\u00e1 en nuestro <a href=\"https:\/\/manu015.supserv.cozmoslabs.com\/\">p\u00e1gina principal<\/a>, ingrese su direcci\u00f3n de recogida y direcci\u00f3n de entrega, indique el d\u00eda y la fecha de su viaje y haga clic en el bot\u00f3n &quot;Obtener precio&quot; y listo. Lo siguiente que ver\u00e1 son nuestros diferentes precios por tipo de veh\u00edculo. Si est\u00e1 de acuerdo con el precio, simplemente seleccione el veh\u00edculo de su elecci\u00f3n y haga clic en el bot\u00f3n &quot;Reservar ahora&quot;. A partir de ah\u00ed, deber\u00e1 proporcionarnos cierta informaci\u00f3n que necesitamos para procesar su reserva sin problemas. De lo contrario, si no est\u00e1 de acuerdo con el precio, simplemente debe abandonar el sitio web sin reservar.<\/p>\n<p>El cliente puede reservar el tipo de <a href=\"https:\/\/tomorrowland-taxi.com\" target=\"_blank\" rel=\"noopener noreferrer\">taxi<\/a> que se adapte a su presupuesto. Todas las reservas se realizan a trav\u00e9s de nuestro sitio web y rara vez por tel\u00e9fono. En la \u00faltima etapa de su reserva, realice un pago en l\u00ednea seguro instant\u00e1neo mediante tarjeta de cr\u00e9dito \/ Paypal o elija pagar m\u00e1s tarde en efectivo a su conductor. Reserve al menos 1 hora antes de la hora de salida. De lo contrario, debe llamarnos por tel\u00e9fono. Porque nuestro sistema de reservas solo permite reservas con un plazo m\u00ednimo de 1 hora. Si no hay un m\u00ednimo de 1 hora entre la hora de reserva y la hora de salida, no podr\u00e1 completar su reserva. En ese caso, ll\u00e1menos y procesaremos su reserva de taxi manualmente. Siempre recibir\u00e1 un primer correo electr\u00f3nico instant\u00e1neo despu\u00e9s de su reserva con su factura adjunta. A esto le seguir\u00e1 un segundo correo electr\u00f3nico confirmando su reserva y un d\u00eda antes del viaje recibir\u00e1 un tercer correo electr\u00f3nico con todos los detalles sobre el conductor y el veh\u00edculo.<\/p>\n<\/div>\n<\/div>\n<h2>\u00bfM\u00e1s razones para elegirnos para todos sus viajes en taxi al aeropuerto?<\/h2>\n<div class=\"pp_accordion has_icon\">\n<h3><a href=\"#\">45 minutos de espera en el aeropuerto<\/a><\/h3>\n<div>\n<p> Su conductor lo esperar\u00e1 en el aeropuerto hasta 45 minutos despu\u00e9s del aterrizaje de su vuelo. De hecho, este tiempo es m\u00e1s que suficiente para que recojas todo tu equipaje y te encuentres con el conductor en el punto de encuentro.<\/p>\n<\/div>\n<\/div>\n<div class=\"pp_accordion has_icon\">\n<h3><a href=\"#\">Ofrecemos asientos para beb\u00e9s y asientos elevados.<\/a><\/h3>\n<div>\n<p> Para su taxi al aeropuerto, evite abarrotar su asiento de beb\u00e9 personal. Opte por nuestro asiento de beb\u00e9 limpio y ordenado por un precio muy reducido. Lo mismo para su hijo peque\u00f1o que no es lo suficientemente alto para el cintur\u00f3n de seguridad del veh\u00edculo. Opte por nuestro asiento elevado en lugar de abarrotar su propio asiento para ni\u00f1os. Ponemos a tu disposici\u00f3n una silla elevadora de forma gratuita.<\/p>\n<\/div>\n<\/div>\n<div class=\"pp_accordion has_icon\">\n<h3><a href=\"#\">Servicio de bienvenida y recepci\u00f3n en el aeropuerto.<\/a><\/h3>\n<div>\n<p> Al elegir nuestro servicio de recepci\u00f3n en el aeropuerto, su conductor lo esperar\u00e1 al aterrizar su vuelo. Estar\u00e1 en la sala de espera del aeropuerto con un cartel, tel\u00e9fono inteligente o tableta con su nombre. Su conductor lo espera y lo ayuda a llevar su equipaje si es necesario. Te lleva a tu destino. Incluso puede aconsejarle un lugar de atracci\u00f3n o un restaurante si lo desea. Olv\u00eddate de los taxis para parar, donde no sabes cu\u00e1nto te costar\u00e1 el viaje al final. Con <a href=\"https:\/\/manu015.supserv.cozmoslabs.com\/about-us\/\">Tu conductor privado<\/a>, siempre sabr\u00e1 el precio exacto de su viaje en taxi.<\/p>\n<\/div>\n<\/div>\n<h2>Preguntas frecuentes sobre camionetas<\/h2>\n<div class=\"pp_accordion_close has_icon\">\n<h3><a href=\"#\">\u00bfQu\u00e9 pasa si no puedo encontrar a su taxista?<\/a><\/h3>\n<div>\n<p> Esto es una rareza porque nuestros conductores llegan al aeropuerto con mucha anticipaci\u00f3n cuando contrata nuestro servicio de recepci\u00f3n. Puede encontrarlos en la espera con un letrero claro y un tel\u00e9fono inteligente o tableta. En caso de que no pueda identificar a nuestro conductor, solo tiene que llamarlo. Nuestro conductor lo encontrar\u00e1 de inmediato, tambi\u00e9n puede llamar al despacho al +32466162494 tambi\u00e9n estamos disponibles en WhatsApp con el mismo n\u00famero de tel\u00e9fono.<\/p>\n<\/div>\n<\/div>\n<div class=\"pp_accordion_close has_icon\">\n<h3><a href=\"#\">\u00bfPuedo pedirle al conductor que haga una parada y cambie la ruta?<\/a><\/h3>\n<div>\n<p> Si se desv\u00eda de la ruta planificada o hace una parada prolongada, tiene la libertad de desviarse con el conductor. El efectivo que pag\u00f3 o el cup\u00f3n enviado refleja claramente el precio que eligi\u00f3 con anticipaci\u00f3n. Debe pagar en efectivo extra por los desv\u00edos y las paradas adicionales.<\/p>\n<\/div>\n<\/div>\n<div class=\"pp_accordion_close has_icon\">\n<h3><a href=\"#\">\u00bfQu\u00e9 pasa con la franquicia de equipaje por veh\u00edculo?<\/a><\/h3>\n<div>\n<p> La franquicia de equipaje depender\u00e1 de la capacidad de cada categor\u00eda de veh\u00edculo. 3 maletas para sedanes y 8 maletas para minivans<\/p>\n<\/div>\n<\/div>\n<div class=\"pp_accordion_close has_icon\">\n<h3><a href=\"#\">\u00bfProporcionan asientos para beb\u00e9s y asientos elevados?<\/a><\/h3>\n<div>\n<p> S\u00ed; Su conductor privado ofrece asientos para beb\u00e9s y asientos elevados. No necesita preocuparse por usar su propio asiento de beb\u00e9 y crear un efecto desordenado. Ofrecemos nuestros asientos para beb\u00e9s limpios y prolijos a un precio asequible. Los asientos elevados tambi\u00e9n est\u00e1n disponibles de forma gratuita para ofrecer la mejor comodidad a sus hijos.<\/p>\n<\/div>\n<\/div>\n<div class=\"pp_accordion_close has_icon\">\n<h3><a href=\"#\">\u00bfOfrecen servicio de recepci\u00f3n en el aeropuerto?<\/a><\/h3>\n<div>\n<p> S\u00ed; ofrecemos servicio de recepci\u00f3n en el aeropuerto. Si selecciona nuestro servicio de recepci\u00f3n desde el aeropuerto por un coste extra de 5 euros, nuestro conductor le esperar\u00e1 en la sala de espera del aeropuerto para recibirle. Puede encontrar nuestros controladores con un cartel y un tel\u00e9fono inteligente o tableta. Incluso te ayudan a llevar equipaje si es necesario.<\/p>\n<\/div>\n<\/div>\n<h2>Preguntas frecuentes sobre los servicios<\/h2>\n<div class=\"pp_accordion_close has_icon\">\n<h3><a href=\"#\">\u00bfQu\u00e9 tipo de eventos cubre su empresa de taxis?<\/a><\/h3>\n<div>\n<p> Ofrecemos veh\u00edculos de lujo para cualquier tipo de evento, incluyendo bodas, bautizos, reuniones corporativas, visitas a clubes nocturnos, eventos deportivos y muchos m\u00e1s. Puede elegir una limusina de lujo para que su transporte sea extremadamente agradable, seguro y entretenido.<\/p>\n<\/div>\n<\/div>\n<div class=\"pp_accordion_close has_icon\">\n<h3><a href=\"#\">\u00bfOfrecen servicios de alquiler de coches?<\/a><\/h3>\n<div>\n<p> Adem\u00e1s de ofrecer servicios de taxi en Bruselas, ofrecemos soluciones de alquiler de veh\u00edculos con ch\u00f3fer para que se encarguen de sus viajes, incluido el transporte desde los hoteles a los lugares de conferencias y otros destinos. Nos ocupamos de sus necesidades de viaje con profesionalismo. Tambi\u00e9n contamos con un ch\u00f3fer experimentado para cumplir con sus requisitos de manera responsable.<\/p>\n<\/div>\n<\/div>\n<div class=\"pp_accordion_close has_icon\">\n<h3><a href=\"#\">\u00bfPuedo reservar en l\u00ednea?<\/a><\/h3>\n<div>\n<p> \u00a1S\u00ed! Puede reservar en l\u00ednea con facilidad y comodidad sin esfuerzo. El proceso de reserva se puede completar en tres sencillos pasos. Cuando ingresa los destinos de recogida y entrega, la fecha y la hora, se lo dirige a una p\u00e1gina donde ve el precio de cada categor\u00eda de veh\u00edculo, aqu\u00ed solo necesita elegir el tipo de veh\u00edculo que se adapta a sus necesidades y presupuesto. Cuando hace clic en su veh\u00edculo preferido, puede hacer clic en el bot\u00f3n &quot;reservar ahora&quot;. Despu\u00e9s de proporcionar la informaci\u00f3n personal, puede realizar el pago y, finalmente, se debe realizar la confirmaci\u00f3n de la reserva.<\/p>\n<\/div>\n<\/div>\n<div class=\"pp_accordion_close has_icon\">\n<h3><a href=\"#\">\u00bfOfrecen transfer compartido o privado?<\/a><\/h3>\n<div>\n<p> Your Private Driver ofrece solo traslados privados para nuestros clientes. No necesita preocuparse por viajar con extra\u00f1os. Damos la m\u00e1xima importancia a las necesidades de cada cliente. Ya que viaja solo o con sus seres queridos y cercanos, puede permanecer relajado.<\/p>\n<\/div>\n<\/div>\n<h2>Preguntas frecuentes sobre Fleet<\/h2>\n<div class=\"pp_accordion_close has_icon\">\n<h3><a href=\"#\">\u00bfQu\u00e9 tipo de veh\u00edculos ofrecen?<\/a><\/h3>\n<div>\n<p> No importa si necesita una limusina o cualquier otro tipo de veh\u00edculo, incluido un minib\u00fas o un sed\u00e1n; puede confiar en nosotros. Nuestra flota consta de una incre\u00edble variedad de veh\u00edculos para adaptarse a las necesidades tanto de individuos como de grupos.<\/p>\n<\/div>\n<\/div>\n<div class=\"pp_accordion_close has_icon\">\n<h3><a href=\"#\">\u00bfQu\u00e9 pasa con su flota de veh\u00edculos?<\/a><\/h3>\n<div>\n<p> Ofrecemos una amplia gama de veh\u00edculos para adaptarse a las necesidades cambiantes de diferentes personas. Nuestra flota de veh\u00edculos se compone de sedanes ejecutivos, sedanes est\u00e1ndar, minibuses ejecutivos y minibuses est\u00e1ndar de varias marcas. Puede elegir el adecuado seg\u00fan sus necesidades y presupuesto.<\/p>\n<\/div>\n<\/div>\n<h2>Preguntas frecuentes sobre la cobertura<\/h2>\n<div class=\"pp_accordion_close has_icon\">\n<h3><a href=\"#\">\u00bfCu\u00e1les son las \u00e1reas que cubren sus servicios de Taxi Brussels?<\/a><\/h3>\n<div>\n<p> Como proveedor de servicios de taxi confiable y responsable, Your Private Driver ofrece servicios a todas las partes de B\u00e9lgica y m\u00e1s all\u00e1. Incluso puede contratar nuestro taxi a otras ciudades de Europa. Nuestro objetivo es brindar la mejor experiencia a nuestros clientes de una manera segura, esta es una de las preguntas m\u00e1s frecuentes.<\/p>\n<\/div>\n<\/div>\n<div class=\"pp_accordion_close has_icon\">\n<h3><a href=\"#\">\u00bfQu\u00e9 todos los destinos cubren sus servicios de taxi?<\/a><\/h3>\n<div>\n<p> Ofrecemos nuestros servicios de aeropuerto y taxis privados en casi todas las partes de B\u00e9lgica y pa\u00edses vecinos para satisfacer las diferentes necesidades del n\u00famero m\u00e1ximo de clientes. Simplemente puede ingresar su punto de recogida y punto de entrega en nuestro formulario de reserva y obtendr\u00e1 una cotizaci\u00f3n para su viaje.<\/p>\n<\/div>\n<\/div>\n<h2>Preguntas frecuentes sobre pagos y seguridad<\/h2>\n<div class=\"pp_accordion_close has_icon\">\n<h3><a href=\"#\">\u00bfDeber\u00eda preocuparme por la seguridad al realizar pagos en l\u00ednea?<\/a><\/h3>\n<div>\n<p> Cuando realiza pagos en l\u00ednea con su conductor privado, no necesita preocuparse por la seguridad. Nuestro m\u00e9todo de pago est\u00e1 equipado con encriptaci\u00f3n de extremo a extremo para garantizar transacciones de pago en l\u00ednea seguras y sin problemas. Ofrecemos opciones de pago flexibles que incluyen transferencia bancaria y m\u00e9todos de pago en l\u00ednea.<\/p>\n<\/div>\n<\/div>\n<div class=\"pp_accordion_close has_icon\">\n<h3><a href=\"#\">\u00bfCu\u00e1nto tengo que pagar por sus servicios de transporte al aeropuerto?<\/a><\/h3>\n<div>\n<p> No necesita preocuparse por los precios altos porque cobramos los precios m\u00e1s competitivos de la industria. Nuestro m\u00e9todo de abordaje es simple y transparente. El precio por adelantado elimina toda confusi\u00f3n y puede alquilar nuestro veh\u00edculo con gran comodidad. Cobramos solo lo que cotizamos. Puede encontrar el precio que cobramos desde diferentes aeropuertos a varios destinos antes de reservar, solo si est\u00e1 de acuerdo con el precio de su viaje que puede continuar con el proceso de reserva real.<\/p>\n<\/div>\n<\/div>\n<div class=\"pp_accordion_close has_icon\">\n<h3><a href=\"#\">\u00bfC\u00f3mo puedo cancelar mi pedido de su servicio de traslado al aeropuerto?<\/a><\/h3>\n<div>\n<p> Estas son las preguntas m\u00e1s frecuentes. De hecho, puede cancelar su viaje hasta 24 horas antes de la hora de recogida. No tiene que preocuparse por ninguna multa por cancelaci\u00f3n dentro de este per\u00edodo de tiempo. El monto total se reembolsa de manera oportuna. No es elegible para un reembolso si cancela despu\u00e9s de este per\u00edodo de tiempo.<\/p>\n<\/div>\n<\/div>\n<div class=\"pp_accordion_close has_icon\">\n<h3><a href=\"#\">\u00bfC\u00f3mo garantiza la seguridad de los clientes?<\/a><\/h3>\n<div>\n<p> Estamos comprometidos a ofrecer una seguridad impecable a nuestros clientes. Todos nuestros conductores son profesionales experimentados, disciplinados y comprobados con un buen historial. Est\u00e1n completamente familiarizados con todas las rutas y te llevan a tu destino de forma segura y responsable. Adem\u00e1s, todos nuestros veh\u00edculos est\u00e1n equipados con un sistema GPS de seguimiento y localizaci\u00f3n.<\/p>\n<\/div>\n<\/div>\n<p>Si quieres ver algunos de los veh\u00edculos en <a href=\"https:\/\/manu015.supserv.cozmoslabs.com\/fleet\/\">nuestra flota, haga clic aqu\u00ed.<\/a><br \/>\n<img class=\"alignnone size-medium wp-image-7753 lazyload\" src=\"data:image\/gif;base64,R0lGODlhAQABAIAAAAAAAP\/\/\/yH5BAEAAAAALAAAAAABAAEAAAIBRAA7\" data-src=\"https:\/\/manu015.supserv.cozmoslabs.com\/wp-content\/uploads\/2020\/11\/airplane3-originalfit-300x75.jpg\" alt=\"Preguntas frecuentes\" width=\"300\" height=\"75\"><noscript><img class=\"alignnone size-medium wp-image-7753 lazyload\" src=\"https:\/\/manu015.supserv.cozmoslabs.com\/wp-content\/uploads\/2020\/11\/airplane3-originalfit-300x75.jpg\" alt=\"Preguntas frecuentes\" width=\"300\" height=\"75\"><\/noscript><\/p>","protected":false},"excerpt":{"rendered":"<p>Why choose Your Private Driver for all your airport taxis trips? More reasons to choose us for all your airport taxis trips? Frequently asked questions about Pickups Frequently asked questions about Services Frequently asked questions about Fleet Frequently asked questions [&hellip;]<\/p>","protected":false},"author":1,"featured_media":6608,"parent":0,"menu_order":0,"comment_status":"closed","ping_status":"closed","template":"","meta":[],"yoast_head":"<!-- This site is optimized with the Yoast SEO plugin v18.4.1 - https:\/\/yoast.com\/wordpress\/plugins\/seo\/ -->\n<title>Frequently asked questions ans answers - Your Private Driver<\/title>\n<meta name=\"description\" content=\"On this page you will find most frequently asked questions about our taxi company. Feel free to use contact page if you have more questions.\" \/>\n<meta name=\"robots\" content=\"index, follow, max-snippet:-1, max-image-preview:large, max-video-preview:-1\" \/>\n<link rel=\"canonical\" href=\"https:\/\/manu015.supserv.cozmoslabs.com\/es\/faqs\/\" \/>\n<meta property=\"og:locale\" content=\"es_ES\" \/>\n<meta property=\"og:type\" content=\"article\" \/>\n<meta property=\"og:title\" content=\"Frequently asked questions ans answers - Your Private Driver\" \/>\n<meta property=\"og:description\" content=\"On this page you will find most frequently asked questions about our taxi company. Feel free to use contact page if you have more questions.\" \/>\n<meta property=\"og:url\" content=\"https:\/\/manu015.supserv.cozmoslabs.com\/es\/faqs\/\" \/>\n<meta property=\"og:site_name\" content=\"Your Private Driver\" \/>\n<meta property=\"article:publisher\" content=\"https:\/\/www.facebook.com\/yourprivatedriverbrussels\" \/>\n<meta property=\"article:modified_time\" content=\"2020-11-13T17:31:19+00:00\" \/>\n<meta property=\"og:image\" content=\"https:\/\/manu015.supserv.cozmoslabs.com\/wp-content\/uploads\/2017\/01\/driver-2-8-e1604313658294.jpg\" \/>\n\t<meta property=\"og:image:width\" content=\"768\" \/>\n\t<meta property=\"og:image:height\" content=\"510\" \/>\n\t<meta property=\"og:image:type\" content=\"image\/jpeg\" \/>\n<meta name=\"twitter:card\" content=\"summary_large_image\" \/>\n<meta name=\"twitter:site\" content=\"@privatedriverbx\" \/>\n<meta name=\"twitter:label1\" content=\"Tiempo de lectura\" \/>\n\t<meta name=\"twitter:data1\" content=\"9 minutos\" \/>\n<script type=\"application\/ld+json\" class=\"yoast-schema-graph\">{\"@context\":\"https:\/\/schema.org\",\"@graph\":[{\"@type\":\"Organization\",\"@id\":\"https:\/\/manu015.supserv.cozmoslabs.com\/#organization\",\"name\":\"Your Private Driver\",\"url\":\"https:\/\/manu015.supserv.cozmoslabs.com\/\",\"sameAs\":[\"https:\/\/www.facebook.com\/yourprivatedriverbrussels\",\"https:\/\/www.instagram.com\/taxibrusselsairport\/\",\"https:\/\/www.linkedin.com\/company\/yourprivatedriver\/\",\"https:\/\/www.youtube.com\/channel\/UCdFj5lm3qhOZWz_Rz0yupVA\",\"https:\/\/www.pinterest.fr\/pin\/704672672920362864\/\",\"https:\/\/twitter.com\/privatedriverbx\"],\"logo\":{\"@type\":\"ImageObject\",\"@id\":\"https:\/\/manu015.supserv.cozmoslabs.com\/#logo\",\"inLanguage\":\"es\",\"url\":\"\",\"contentUrl\":\"\",\"caption\":\"Your Private Driver\"},\"image\":{\"@id\":\"https:\/\/manu015.supserv.cozmoslabs.com\/#logo\"}},{\"@type\":\"WebSite\",\"@id\":\"https:\/\/manu015.supserv.cozmoslabs.com\/#website\",\"url\":\"https:\/\/manu015.supserv.cozmoslabs.com\/\",\"name\":\"Your Private Driver\",\"description\":\"Taxi Brussels airport - Taxi Charleroi airport\",\"publisher\":{\"@id\":\"https:\/\/manu015.supserv.cozmoslabs.com\/#organization\"},\"potentialAction\":[{\"@type\":\"SearchAction\",\"target\":{\"@type\":\"EntryPoint\",\"urlTemplate\":\"https:\/\/manu015.supserv.cozmoslabs.com\/?s={search_term_string}\"},\"query-input\":\"required name=search_term_string\"}],\"inLanguage\":\"es\"},{\"@type\":\"ImageObject\",\"@id\":\"https:\/\/manu015.supserv.cozmoslabs.com\/faqs\/#primaryimage\",\"inLanguage\":\"es\",\"url\":\"https:\/\/manu015.supserv.cozmoslabs.com\/wp-content\/uploads\/2017\/01\/driver-2-8-e1604313658294.jpg\",\"contentUrl\":\"https:\/\/manu015.supserv.cozmoslabs.com\/wp-content\/uploads\/2017\/01\/driver-2-8-e1604313658294.jpg\",\"width\":768,\"height\":510,\"caption\":\"Airport transfer\"},{\"@type\":\"WebPage\",\"@id\":\"https:\/\/manu015.supserv.cozmoslabs.com\/faqs\/#webpage\",\"url\":\"https:\/\/manu015.supserv.cozmoslabs.com\/faqs\/\",\"name\":\"Frequently asked questions ans answers - Your Private Driver\",\"isPartOf\":{\"@id\":\"https:\/\/manu015.supserv.cozmoslabs.com\/#website\"},\"primaryImageOfPage\":{\"@id\":\"https:\/\/manu015.supserv.cozmoslabs.com\/faqs\/#primaryimage\"},\"datePublished\":\"2017-01-24T09:16:52+00:00\",\"dateModified\":\"2020-11-13T17:31:19+00:00\",\"description\":\"On this page you will find most frequently asked questions about our taxi company. Feel free to use contact page if you have more questions.\",\"breadcrumb\":{\"@id\":\"https:\/\/manu015.supserv.cozmoslabs.com\/faqs\/#breadcrumb\"},\"inLanguage\":\"es\",\"potentialAction\":[{\"@type\":\"ReadAction\",\"target\":[\"https:\/\/manu015.supserv.cozmoslabs.com\/faqs\/\"]}]},{\"@type\":\"BreadcrumbList\",\"@id\":\"https:\/\/manu015.supserv.cozmoslabs.com\/faqs\/#breadcrumb\",\"itemListElement\":[{\"@type\":\"ListItem\",\"position\":1,\"name\":\"Home\",\"item\":\"https:\/\/manu015.supserv.cozmoslabs.com\/\"},{\"@type\":\"ListItem\",\"position\":2,\"name\":\"Frequently Asked Questions about Your Private Driver\"}]}]}<\/script>\n<!-- \/ Yoast SEO plugin. -->","yoast_head_json":{"title":"Frequently asked questions ans answers - Your Private Driver","description":"On this page you will find most frequently asked questions about our taxi company. Feel free to use contact page if you have more questions.","robots":{"index":"index","follow":"follow","max-snippet":"max-snippet:-1","max-image-preview":"max-image-preview:large","max-video-preview":"max-video-preview:-1"},"canonical":"https:\/\/manu015.supserv.cozmoslabs.com\/es\/faqs\/","og_locale":"es_ES","og_type":"article","og_title":"Frequently asked questions ans answers - Your Private Driver","og_description":"On this page you will find most frequently asked questions about our taxi company. Feel free to use contact page if you have more questions.","og_url":"https:\/\/manu015.supserv.cozmoslabs.com\/es\/faqs\/","og_site_name":"Your Private Driver","article_publisher":"https:\/\/www.facebook.com\/yourprivatedriverbrussels","article_modified_time":"2020-11-13T17:31:19+00:00","og_image":[{"width":768,"height":510,"url":"https:\/\/manu015.supserv.cozmoslabs.com\/wp-content\/uploads\/2017\/01\/driver-2-8-e1604313658294.jpg","type":"image\/jpeg"}],"twitter_card":"summary_large_image","twitter_site":"@privatedriverbx","twitter_misc":{"Tiempo de lectura":"9 minutos"},"schema":{"@context":"https:\/\/schema.org","@graph":[{"@type":"Organization","@id":"https:\/\/manu015.supserv.cozmoslabs.com\/#organization","name":"Your Private Driver","url":"https:\/\/manu015.supserv.cozmoslabs.com\/","sameAs":["https:\/\/www.facebook.com\/yourprivatedriverbrussels","https:\/\/www.instagram.com\/taxibrusselsairport\/","https:\/\/www.linkedin.com\/company\/yourprivatedriver\/","https:\/\/www.youtube.com\/channel\/UCdFj5lm3qhOZWz_Rz0yupVA","https:\/\/www.pinterest.fr\/pin\/704672672920362864\/","https:\/\/twitter.com\/privatedriverbx"],"logo":{"@type":"ImageObject","@id":"https:\/\/manu015.supserv.cozmoslabs.com\/#logo","inLanguage":"es","url":"","contentUrl":"","caption":"Your Private Driver"},"image":{"@id":"https:\/\/manu015.supserv.cozmoslabs.com\/#logo"}},{"@type":"WebSite","@id":"https:\/\/manu015.supserv.cozmoslabs.com\/#website","url":"https:\/\/manu015.supserv.cozmoslabs.com\/","name":"Your Private Driver","description":"Taxi Brussels airport - Taxi Charleroi airport","publisher":{"@id":"https:\/\/manu015.supserv.cozmoslabs.com\/#organization"},"potentialAction":[{"@type":"SearchAction","target":{"@type":"EntryPoint","urlTemplate":"https:\/\/manu015.supserv.cozmoslabs.com\/?s={search_term_string}"},"query-input":"required name=search_term_string"}],"inLanguage":"es"},{"@type":"ImageObject","@id":"https:\/\/manu015.supserv.cozmoslabs.com\/faqs\/#primaryimage","inLanguage":"es","url":"https:\/\/manu015.supserv.cozmoslabs.com\/wp-content\/uploads\/2017\/01\/driver-2-8-e1604313658294.jpg","contentUrl":"https:\/\/manu015.supserv.cozmoslabs.com\/wp-content\/uploads\/2017\/01\/driver-2-8-e1604313658294.jpg","width":768,"height":510,"caption":"Airport transfer"},{"@type":"WebPage","@id":"https:\/\/manu015.supserv.cozmoslabs.com\/faqs\/#webpage","url":"https:\/\/manu015.supserv.cozmoslabs.com\/faqs\/","name":"Frequently asked questions ans answers - Your Private Driver","isPartOf":{"@id":"https:\/\/manu015.supserv.cozmoslabs.com\/#website"},"primaryImageOfPage":{"@id":"https:\/\/manu015.supserv.cozmoslabs.com\/faqs\/#primaryimage"},"datePublished":"2017-01-24T09:16:52+00:00","dateModified":"2020-11-13T17:31:19+00:00","description":"On this page you will find most frequently asked questions about our taxi company. Feel free to use contact page if you have more questions.","breadcrumb":{"@id":"https:\/\/manu015.supserv.cozmoslabs.com\/faqs\/#breadcrumb"},"inLanguage":"es","potentialAction":[{"@type":"ReadAction","target":["https:\/\/manu015.supserv.cozmoslabs.com\/faqs\/"]}]},{"@type":"BreadcrumbList","@id":"https:\/\/manu015.supserv.cozmoslabs.com\/faqs\/#breadcrumb","itemListElement":[{"@type":"ListItem","position":1,"name":"Home","item":"https:\/\/manu015.supserv.cozmoslabs.com\/"},{"@type":"ListItem","position":2,"name":"Frequently Asked Questions about Your Private Driver"}]}]}},"_links":{"self":[{"href":"https:\/\/manu015.supserv.cozmoslabs.com\/es\/wp-json\/wp\/v2\/pages\/2650"}],"collection":[{"href":"https:\/\/manu015.supserv.cozmoslabs.com\/es\/wp-json\/wp\/v2\/pages"}],"about":[{"href":"https:\/\/manu015.supserv.cozmoslabs.com\/es\/wp-json\/wp\/v2\/types\/page"}],"author":[{"embeddable":true,"href":"https:\/\/manu015.supserv.cozmoslabs.com\/es\/wp-json\/wp\/v2\/users\/1"}],"replies":[{"embeddable":true,"href":"https:\/\/manu015.supserv.cozmoslabs.com\/es\/wp-json\/wp\/v2\/comments?post=2650"}],"version-history":[{"count":0,"href":"https:\/\/manu015.supserv.cozmoslabs.com\/es\/wp-json\/wp\/v2\/pages\/2650\/revisions"}],"wp:featuredmedia":[{"embeddable":true,"href":"https:\/\/manu015.supserv.cozmoslabs.com\/es\/wp-json\/wp\/v2\/media\/6608"}],"wp:attachment":[{"href":"https:\/\/manu015.supserv.cozmoslabs.com\/es\/wp-json\/wp\/v2\/media?parent=2650"}],"curies":[{"name":"wp","href":"https:\/\/api.w.org\/{rel}","templated":true}]}}