{"id":2633,"date":"2017-01-24T09:05:32","date_gmt":"2017-01-24T09:05:32","guid":{"rendered":"http:\/\/themes.themegoods.com\/grandcarrental\/demo\/?page_id=2633"},"modified":"2021-02-04T21:46:16","modified_gmt":"2021-02-04T21:46:16","slug":"contact","status":"publish","type":"page","link":"https:\/\/manu015.supserv.cozmoslabs.com\/es\/contact\/","title":{"rendered":"Contacto"},"content":{"rendered":"<div  class=\"one withsmallpadding ppb_text\" style=\"text-align:center;padding:0px 0 0px 0;margin-top:20px;\" >\n<div class=\"standard_wrapper\">\n<div class=\"page_content_wrapper\">\n<div class=\"inner\">\n<div style=\"margin:auto;width:80%\">\n<h1>Formulario de contacto para realizar tu consulta<\/h1>\n<p>No dude en completar este formulario de contacto para cualquier pregunta, comentario o sugerencia sobre su conductor privado. De hecho, uno de nuestros empleados se pondr\u00e1 en contacto con usted lo antes posible.<\/p>\n<h2>C\u00f3mo contactarnos a\u00fan m\u00e1s f\u00e1cilmente<\/h2>\n<p>Para obtener ayuda instant\u00e1nea a\u00fan m\u00e1s r\u00e1pida, inicie una sesi\u00f3n de chat directamente. Sin embargo, tenga en cuenta que tambi\u00e9n estamos disponibles las 24 horas del d\u00eda, los 7 d\u00edas de la semana a trav\u00e9s de WhatsApp, en el n\u00famero de tel\u00e9fono <a href=\"tel:+32466241694\">+32466241694.<\/a><br \/>\nPor favor contactar <a href=\"https:\/\/manu015.supserv.cozmoslabs.com\/\">Your private driver Bruselas.<\/a><br \/>\n<em>Estamos a su disposici\u00f3n todos los d\u00edas de la semana 7\/7 24\/24 y tomamos sus reservas r\u00e1pidamente.<\/em><\/p>\n<\/div>\n<\/div>\n<\/div>\n<\/div>\n<\/div>\n<div  class=\"one withsmallpadding ppb_text\" style=\"text-align:left;padding:0px 0 0px 0;margin-bottom:60px;\" >\n<div class=\"standard_wrapper\">\n<div class=\"page_content_wrapper\">\n<div class=\"inner\">\n<div style=\"margin:auto;width:60%\">\n<p><span style=\"color: #555555;\"><\/p>\n<div class=\"wpforms-container wpforms-container-full\" id=\"wpforms-2504\">\n<form id=\"wpforms-form-2504\" class=\"wpforms-validate wpforms-form\" data-formid=\"2504\" method=\"post\" enctype=\"multipart\/form-data\" action=\"\/wp-admin\/post.php\" data-token=\"7c26d0f8ac1fbe3bc5af72baa80c2e15\" data-trp-original-action=\"\/wp-admin\/post.php\"><noscript class=\"wpforms-error-noscript\">Please enable JavaScript in your browser to complete this form.<\/noscript><\/p>\n<div class=\"wpforms-field-container\">\n<div id=\"wpforms-2504-field_0-container\" class=\"wpforms-field wpforms-field-name\" data-field-id=\"0\"><label class=\"wpforms-field-label\" for=\"wpforms-2504-field_0\">Nombre <span class=\"wpforms-required-label\">*<\/span><\/label><input type=\"text\" id=\"wpforms-2504-field_0\" class=\"wpforms-field-medium wpforms-field-required\" name=\"wpforms[fields][0]\" required><\/div>\n<div id=\"wpforms-2504-field_1-container\" class=\"wpforms-field wpforms-field-email\" data-field-id=\"1\"><label class=\"wpforms-field-label\" for=\"wpforms-2504-field_1\">Correo electr\u00f3nico <span class=\"wpforms-required-label\">*<\/span><\/label><input type=\"email\" id=\"wpforms-2504-field_1\" class=\"wpforms-field-medium wpforms-field-required\" name=\"wpforms[fields][1]\" required><\/div>\n<div id=\"wpforms-2504-field_2-container\" class=\"wpforms-field wpforms-field-textarea\" data-field-id=\"2\"><label class=\"wpforms-field-label\" for=\"wpforms-2504-field_2\">Mensaje <span class=\"wpforms-required-label\">*<\/span><\/label><textarea id=\"wpforms-2504-field_2\" class=\"wpforms-field-medium wpforms-field-required\" name=\"wpforms[fields][2]\" required><\/textarea><\/div>\n<\/div>\n<div class=\"wpforms-field wpforms-field-hp\"><label for=\"wpforms-2504-field-hp\" class=\"wpforms-field-label\">Correo electr\u00f3nico<\/label><input type=\"text\" name=\"wpforms[hp]\" id=\"wpforms-2504-field-hp\" class=\"wpforms-field-medium\"><\/div>\n<p><input type=\"hidden\" name=\"wpforms[recaptcha]\" value=\"\"><\/p>\n<div class=\"wpforms-submit-container\" ><input type=\"hidden\" name=\"wpforms[id]\" value=\"2504\"><input type=\"hidden\" name=\"wpforms[author]\" value=\"0\"><button type=\"submit\" name=\"wpforms[submit]\" class=\"wpforms-submit\" id=\"wpforms-submit-2504\" value=\"wpforms-submit\" aria-live=\"assertive\" data-alt-text=\"Sending...\" data-submit-text=\"Send\">Enviar<\/button><\/div>\n<input type=\"hidden\" name=\"trp-form-language\" value=\"es\"\/><\/form>\n<\/div>\n<p>  <!-- .wpforms-container --><\/span><\/p>\n<\/div>\n<\/div>\n<\/div>\n<\/div>\n<\/div>\n<div  class=\"one withsmallpadding ppb_text\" style=\"text-align:left;padding:40px 0 40px 0;\" >\n<div class=\"standard_wrapper\">\n<div class=\"page_content_wrapper\">\n<div class=\"inner\">\n<div style=\"margin:auto;width:100%\">\n<p><i class=\"fa fa-map\" style=\"font-size: 24px; color: red;\"><\/i> : Rue du March\u00e9 Aux Herbes 40, 1000 Bruselas.<br \/>\n<i class=\"fa fa-at\" style=\"font-size: 28px; color: red;\"><\/i> : <a href=\"mailto:info@manu015.supserv.cozmoslabs.com\">info@manu015.supserv.cozmoslabs.com<\/a><br \/>\n<i class=\"fa fa-mobile\" style=\"font-size: 48px; color: red;\"><\/i> : <a href=\"tel:+32466241694\">+32 466 24 16 94.<\/a><\/p>\n<p><a href=\"https:\/\/manu015.supserv.cozmoslabs.com\/services\/\">Para nuestros diferentes servicios haga clic aqu\u00ed.<\/a><br \/>\n<a href=\"https:\/\/manu015.supserv.cozmoslabs.com\/reservation\/\">Haga clic para reservar su taxi del aeropuerto ahora.<\/a><br \/>\nNo te olvides de comprobar <a href=\"https:\/\/manu015.supserv.cozmoslabs.com\/reviews\/\">Algunas de nuestras rese\u00f1as.<\/a><br \/>\nVaya aqu\u00ed directamente para obtener respuestas a nuestros <a href=\"https:\/\/manu015.supserv.cozmoslabs.com\/faqs\/\">preguntas frecuentes.<\/a><\/p>\n<\/div>\n<\/div>\n<\/div>\n<\/div>\n<\/div>\n<div  class=\"one withsmallpadding ppb_text\" style=\"text-align:left;padding:40px 0 40px 0;\" >\n<div class=\"standard_wrapper\">\n<div class=\"page_content_wrapper\">\n<div class=\"inner\">\n<div style=\"margin:auto;width:100%\">\n<p>Este sitio est\u00e1 protegido por reCAPTCHA. <a href=\"https:\/\/policies.google.com\/privacy\" rel=\"noopener\" target=\"_blank\">Pol\u00edtica de privacidad de Google<\/a> y <a href=\"https:\/\/policies.google.com\/terms\" rel=\"noopener\" target=\"_blank\">t\u00e9rminos de servicio<\/a> aplicar.<\/p>\n<\/div>\n<\/div>\n<\/div>\n<\/div>\n<\/div>","protected":false},"excerpt":{"rendered":"<p>Contact form to ask your question Feel free to fill out this contact form for any question, remark or suggestion about Your Private Driver. Indeed one of our employees will contact you as soon as possible. How to contact us [&hellip;]<\/p>","protected":false},"author":1,"featured_media":6608,"parent":0,"menu_order":0,"comment_status":"closed","ping_status":"closed","template":"","meta":[],"yoast_head":"<!-- This site is optimized with the Yoast SEO plugin v18.4.1 - https:\/\/yoast.com\/wordpress\/plugins\/seo\/ -->\n<title>Contact page for our taxi company - Your Private Driver<\/title>\n<meta name=\"description\" content=\"Please use this page if you want to contact us. One of our support agent will get back to you shortly. We are also available on Whatsapp.\" \/>\n<meta name=\"robots\" content=\"index, follow, max-snippet:-1, max-image-preview:large, max-video-preview:-1\" \/>\n<link rel=\"canonical\" href=\"https:\/\/manu015.supserv.cozmoslabs.com\/es\/contact\/\" \/>\n<meta property=\"og:locale\" content=\"es_ES\" \/>\n<meta property=\"og:type\" content=\"article\" \/>\n<meta property=\"og:title\" content=\"Contact page for our taxi company - Your Private Driver\" \/>\n<meta property=\"og:description\" content=\"Please use this page if you want to contact us. One of our support agent will get back to you shortly. We are also available on Whatsapp.\" \/>\n<meta property=\"og:url\" content=\"https:\/\/manu015.supserv.cozmoslabs.com\/es\/contact\/\" \/>\n<meta property=\"og:site_name\" content=\"Your Private Driver\" \/>\n<meta property=\"article:publisher\" content=\"https:\/\/www.facebook.com\/yourprivatedriverbrussels\" \/>\n<meta property=\"article:modified_time\" content=\"2021-02-04T21:46:16+00:00\" \/>\n<meta property=\"og:image\" content=\"https:\/\/manu015.supserv.cozmoslabs.com\/wp-content\/uploads\/2017\/01\/driver-2-8-e1604313658294.jpg\" \/>\n\t<meta property=\"og:image:width\" content=\"768\" \/>\n\t<meta property=\"og:image:height\" content=\"510\" \/>\n\t<meta property=\"og:image:type\" content=\"image\/jpeg\" \/>\n<meta name=\"twitter:card\" content=\"summary_large_image\" \/>\n<meta name=\"twitter:site\" content=\"@privatedriverbx\" \/>\n<meta name=\"twitter:label1\" content=\"Tiempo de lectura\" \/>\n\t<meta name=\"twitter:data1\" content=\"1 minuto\" \/>\n<script type=\"application\/ld+json\" class=\"yoast-schema-graph\">{\"@context\":\"https:\/\/schema.org\",\"@graph\":[{\"@type\":\"Organization\",\"@id\":\"https:\/\/manu015.supserv.cozmoslabs.com\/#organization\",\"name\":\"Your Private Driver\",\"url\":\"https:\/\/manu015.supserv.cozmoslabs.com\/\",\"sameAs\":[\"https:\/\/www.facebook.com\/yourprivatedriverbrussels\",\"https:\/\/www.instagram.com\/taxibrusselsairport\/\",\"https:\/\/www.linkedin.com\/company\/yourprivatedriver\/\",\"https:\/\/www.youtube.com\/channel\/UCdFj5lm3qhOZWz_Rz0yupVA\",\"https:\/\/www.pinterest.fr\/pin\/704672672920362864\/\",\"https:\/\/twitter.com\/privatedriverbx\"],\"logo\":{\"@type\":\"ImageObject\",\"@id\":\"https:\/\/manu015.supserv.cozmoslabs.com\/#logo\",\"inLanguage\":\"es\",\"url\":\"\",\"contentUrl\":\"\",\"caption\":\"Your Private Driver\"},\"image\":{\"@id\":\"https:\/\/manu015.supserv.cozmoslabs.com\/#logo\"}},{\"@type\":\"WebSite\",\"@id\":\"https:\/\/manu015.supserv.cozmoslabs.com\/#website\",\"url\":\"https:\/\/manu015.supserv.cozmoslabs.com\/\",\"name\":\"Your Private Driver\",\"description\":\"Taxi Brussels airport - Taxi Charleroi airport\",\"publisher\":{\"@id\":\"https:\/\/manu015.supserv.cozmoslabs.com\/#organization\"},\"potentialAction\":[{\"@type\":\"SearchAction\",\"target\":{\"@type\":\"EntryPoint\",\"urlTemplate\":\"https:\/\/manu015.supserv.cozmoslabs.com\/?s={search_term_string}\"},\"query-input\":\"required name=search_term_string\"}],\"inLanguage\":\"es\"},{\"@type\":\"ImageObject\",\"@id\":\"https:\/\/manu015.supserv.cozmoslabs.com\/contact\/#primaryimage\",\"inLanguage\":\"es\",\"url\":\"https:\/\/manu015.supserv.cozmoslabs.com\/wp-content\/uploads\/2017\/01\/driver-2-8-e1604313658294.jpg\",\"contentUrl\":\"https:\/\/manu015.supserv.cozmoslabs.com\/wp-content\/uploads\/2017\/01\/driver-2-8-e1604313658294.jpg\",\"width\":768,\"height\":510,\"caption\":\"Airport transfer\"},{\"@type\":\"WebPage\",\"@id\":\"https:\/\/manu015.supserv.cozmoslabs.com\/contact\/#webpage\",\"url\":\"https:\/\/manu015.supserv.cozmoslabs.com\/contact\/\",\"name\":\"Contact page for our taxi company - Your Private Driver\",\"isPartOf\":{\"@id\":\"https:\/\/manu015.supserv.cozmoslabs.com\/#website\"},\"primaryImageOfPage\":{\"@id\":\"https:\/\/manu015.supserv.cozmoslabs.com\/contact\/#primaryimage\"},\"datePublished\":\"2017-01-24T09:05:32+00:00\",\"dateModified\":\"2021-02-04T21:46:16+00:00\",\"description\":\"Please use this page if you want to contact us. One of our support agent will get back to you shortly. We are also available on Whatsapp.\",\"breadcrumb\":{\"@id\":\"https:\/\/manu015.supserv.cozmoslabs.com\/contact\/#breadcrumb\"},\"inLanguage\":\"es\",\"potentialAction\":[{\"@type\":\"ReadAction\",\"target\":[\"https:\/\/manu015.supserv.cozmoslabs.com\/contact\/\"]}]},{\"@type\":\"BreadcrumbList\",\"@id\":\"https:\/\/manu015.supserv.cozmoslabs.com\/contact\/#breadcrumb\",\"itemListElement\":[{\"@type\":\"ListItem\",\"position\":1,\"name\":\"Home\",\"item\":\"https:\/\/manu015.supserv.cozmoslabs.com\/\"},{\"@type\":\"ListItem\",\"position\":2,\"name\":\"Contact\"}]}]}<\/script>\n<!-- \/ Yoast SEO plugin. -->","yoast_head_json":{"title":"Contact page for our taxi company - Your Private Driver","description":"Please use this page if you want to contact us. One of our support agent will get back to you shortly. We are also available on Whatsapp.","robots":{"index":"index","follow":"follow","max-snippet":"max-snippet:-1","max-image-preview":"max-image-preview:large","max-video-preview":"max-video-preview:-1"},"canonical":"https:\/\/manu015.supserv.cozmoslabs.com\/es\/contact\/","og_locale":"es_ES","og_type":"article","og_title":"Contact page for our taxi company - Your Private Driver","og_description":"Please use this page if you want to contact us. One of our support agent will get back to you shortly. We are also available on Whatsapp.","og_url":"https:\/\/manu015.supserv.cozmoslabs.com\/es\/contact\/","og_site_name":"Your Private Driver","article_publisher":"https:\/\/www.facebook.com\/yourprivatedriverbrussels","article_modified_time":"2021-02-04T21:46:16+00:00","og_image":[{"width":768,"height":510,"url":"https:\/\/manu015.supserv.cozmoslabs.com\/wp-content\/uploads\/2017\/01\/driver-2-8-e1604313658294.jpg","type":"image\/jpeg"}],"twitter_card":"summary_large_image","twitter_site":"@privatedriverbx","twitter_misc":{"Tiempo de lectura":"1 minuto"},"schema":{"@context":"https:\/\/schema.org","@graph":[{"@type":"Organization","@id":"https:\/\/manu015.supserv.cozmoslabs.com\/#organization","name":"Your Private Driver","url":"https:\/\/manu015.supserv.cozmoslabs.com\/","sameAs":["https:\/\/www.facebook.com\/yourprivatedriverbrussels","https:\/\/www.instagram.com\/taxibrusselsairport\/","https:\/\/www.linkedin.com\/company\/yourprivatedriver\/","https:\/\/www.youtube.com\/channel\/UCdFj5lm3qhOZWz_Rz0yupVA","https:\/\/www.pinterest.fr\/pin\/704672672920362864\/","https:\/\/twitter.com\/privatedriverbx"],"logo":{"@type":"ImageObject","@id":"https:\/\/manu015.supserv.cozmoslabs.com\/#logo","inLanguage":"es","url":"","contentUrl":"","caption":"Your Private Driver"},"image":{"@id":"https:\/\/manu015.supserv.cozmoslabs.com\/#logo"}},{"@type":"WebSite","@id":"https:\/\/manu015.supserv.cozmoslabs.com\/#website","url":"https:\/\/manu015.supserv.cozmoslabs.com\/","name":"Your Private Driver","description":"Taxi Brussels airport - Taxi Charleroi airport","publisher":{"@id":"https:\/\/manu015.supserv.cozmoslabs.com\/#organization"},"potentialAction":[{"@type":"SearchAction","target":{"@type":"EntryPoint","urlTemplate":"https:\/\/manu015.supserv.cozmoslabs.com\/?s={search_term_string}"},"query-input":"required name=search_term_string"}],"inLanguage":"es"},{"@type":"ImageObject","@id":"https:\/\/manu015.supserv.cozmoslabs.com\/contact\/#primaryimage","inLanguage":"es","url":"https:\/\/manu015.supserv.cozmoslabs.com\/wp-content\/uploads\/2017\/01\/driver-2-8-e1604313658294.jpg","contentUrl":"https:\/\/manu015.supserv.cozmoslabs.com\/wp-content\/uploads\/2017\/01\/driver-2-8-e1604313658294.jpg","width":768,"height":510,"caption":"Airport transfer"},{"@type":"WebPage","@id":"https:\/\/manu015.supserv.cozmoslabs.com\/contact\/#webpage","url":"https:\/\/manu015.supserv.cozmoslabs.com\/contact\/","name":"Contact page for our taxi company - Your Private Driver","isPartOf":{"@id":"https:\/\/manu015.supserv.cozmoslabs.com\/#website"},"primaryImageOfPage":{"@id":"https:\/\/manu015.supserv.cozmoslabs.com\/contact\/#primaryimage"},"datePublished":"2017-01-24T09:05:32+00:00","dateModified":"2021-02-04T21:46:16+00:00","description":"Please use this page if you want to contact us. One of our support agent will get back to you shortly. We are also available on Whatsapp.","breadcrumb":{"@id":"https:\/\/manu015.supserv.cozmoslabs.com\/contact\/#breadcrumb"},"inLanguage":"es","potentialAction":[{"@type":"ReadAction","target":["https:\/\/manu015.supserv.cozmoslabs.com\/contact\/"]}]},{"@type":"BreadcrumbList","@id":"https:\/\/manu015.supserv.cozmoslabs.com\/contact\/#breadcrumb","itemListElement":[{"@type":"ListItem","position":1,"name":"Home","item":"https:\/\/manu015.supserv.cozmoslabs.com\/"},{"@type":"ListItem","position":2,"name":"Contact"}]}]}},"_links":{"self":[{"href":"https:\/\/manu015.supserv.cozmoslabs.com\/es\/wp-json\/wp\/v2\/pages\/2633"}],"collection":[{"href":"https:\/\/manu015.supserv.cozmoslabs.com\/es\/wp-json\/wp\/v2\/pages"}],"about":[{"href":"https:\/\/manu015.supserv.cozmoslabs.com\/es\/wp-json\/wp\/v2\/types\/page"}],"author":[{"embeddable":true,"href":"https:\/\/manu015.supserv.cozmoslabs.com\/es\/wp-json\/wp\/v2\/users\/1"}],"replies":[{"embeddable":true,"href":"https:\/\/manu015.supserv.cozmoslabs.com\/es\/wp-json\/wp\/v2\/comments?post=2633"}],"version-history":[{"count":0,"href":"https:\/\/manu015.supserv.cozmoslabs.com\/es\/wp-json\/wp\/v2\/pages\/2633\/revisions"}],"wp:featuredmedia":[{"embeddable":true,"href":"https:\/\/manu015.supserv.cozmoslabs.com\/es\/wp-json\/wp\/v2\/media\/6608"}],"wp:attachment":[{"href":"https:\/\/manu015.supserv.cozmoslabs.com\/es\/wp-json\/wp\/v2\/media?parent=2633"}],"curies":[{"name":"wp","href":"https:\/\/api.w.org\/{rel}","templated":true}]}}