{"id":7146,"date":"2020-11-01T14:01:43","date_gmt":"2020-11-01T14:01:43","guid":{"rendered":"https:\/\/manu015.supserv.cozmoslabs.com\/?page_id=7146"},"modified":"2020-11-13T08:27:03","modified_gmt":"2020-11-13T08:27:03","slug":"taxi-tomorrowland-festival","status":"publish","type":"page","link":"https:\/\/manu015.supserv.cozmoslabs.com\/de\/taxi-tomorrowland-festival\/","title":{"rendered":"Taxi morgen Land Festival"},"content":{"rendered":"<div  class=\"one withsmallpadding ppb_text\" style=\"text-align:left;padding:40px 0 40px 0;\" >\n<div class=\"standard_wrapper\">\n<div class=\"page_content_wrapper\">\n<div class=\"inner\">\n<div style=\"margin:auto;width:100%\">\n<h1 style=\"text-align: center;\">Taxi Tomorrowland<\/h1>\n<iframe src=\"https:\/\/manu015.supserv.cozmoslabs.com\/eto\/?site_key=9ea3cb480ae5c09e26a20fb697ce8ee6\" name=\"eto-iframe\" id=\"eto-iframe-2252\" class=\"eto-iframe\" width=\"100%\" scrolling=\"no\" allow=\"geolocation\">Diese Option funktioniert nicht richtig. Leider unterst\u00fctzt Ihr Browser keine Inline-Frames.<\/iframe>\n<style type=\"text\/css\">iframe#eto-iframe-2252 { width:1px; min-width:100%; border:0; }<\/style>\n<script type=\"text\/javascript\" async defer> (function() { var etoWidgetData = { checkTimeout: 100, dynamicIframe: 0, googlePageSpeed: 0, googlePageSpeedLoadDelay: 6000, loadDelay: 0, }; function etoWidgetInit() { if (etoWidgetData.dynamicIframe) { var etoWidgetContainer = document.getElementById('eto-widget-container-eto-iframe-2252'); if (etoWidgetContainer) { etoWidgetContainer.innerHTML = '<iframe src=\"https:\/\/manu015.supserv.cozmoslabs.com\/eto\/?site_key=9ea3cb480ae5c09e26a20fb697ce8ee6\" name=\"eto-iframe\" id=\"eto-iframe-2252\" class=\"eto-iframe\" width=\"100%\" scrolling=\"no\" allow=\"geolocation\">This option will not work correctly. Unfortunately, your browser does not support inline frames.<\/iframe>'; } } iFrameResize({ log: false, targetOrigin: '*', checkOrigin: false, }, \"iframe#eto-iframe-2252\"); } function etoWidgetReady() { setTimeout(function() { etoWidgetData.checkTimeout--; if (typeof iFrameResize !== 'undefined') { etoWidgetInit(); } else if (etoWidgetData.checkTimeout > 0) { etoWidgetReady(); console.log('Library not loaded, checking again.'); } else { console.log('External library failed to load.'); } }, 100); }; if (etoWidgetData.loadDelay) { setTimeout(function() { etoWidgetReady(); }, etoWidgetData.loadDelay); } else { etoWidgetReady(); } })(); <\/script>\n\n<p>Wir bieten Taxiservices von Br\u00fcssel zum Tomorrowland Festival und Dreamville in Boom. Au\u00dferdem haben wir ein Taxi vom Br\u00fcsseler Flughafen zum Tomorrowland Festival und Dreamville Boom. Bitte kommen Sie zu uns f\u00fcr ein Taxi vom Flughafen Charleroi zum Tomorrowland Festival und Dreamville in Boom. Unsere Fahrer bringen Sie mit einem Taxi von Antwerpen zum Tomorrowland Festival und zum Dreamville Camp in Boom. Unsere Firma hat einen Taxiservice von Mechelen und Machelen zum Tomorrowland Festival und Dreamville Camp. Wir haben ein Taxi von Meise zum Tomorrowland Festival und Dreamville Camp. Wir haben ein Taxi von jedem Hotel in Br\u00fcssel zum Tomorrowland Festival und Dreamville.<\/p>\n<h2>Was Sie \u00fcber das Tomorrowland Festival in Boom, Br\u00fcssel wissen m\u00fcssen<\/h2>\n<p><a href=\"https:\/\/www.tomorrowland.com\/en\/festival\/welcome\" target=\"_blank\" rel=\"noopener noreferrer\">Tomorrowland <\/a>ist ein Festival f\u00fcr elektronische Musik, das jedes Jahr im Juli an einem besonderen Ort der Gemeinde De Schorre in Boom in der belgischen Provinz Antwerpen organisiert wird.<br \/>\nDas Tomorrowland-Festival erschien im Jahr 2003. Dies war eine Idee von zwei Br\u00fcdern, n\u00e4mlich Manu und Michiel Beers. Dies sind die Organisatoren der niederl\u00e4ndischen elektronischen Musikveranstaltungen ID &amp; T (anerkannt f\u00fcr ber\u00fchmte Festivals wie Mystery Land, Sensation und Thunderdome). Sie kauften 2004 50% der Aktien (bevor sie sie zw\u00f6lf Jahre sp\u00e4ter weiterverkauften), dann wurde 2005 die erste Ausgabe des Festivals organisiert. 2013 wurde das Konzept schnell in die USA in der N\u00e4he von Atlanta exportiert und wurde zu diesem Anlass zu TomorrowWorld. Zwei Jahre sp\u00e4ter, im Jahr 2015, fand in einem Drittland, Brasilien, ein Festival namens Tomorrowland statt. 2019 veranstaltet das belgische Festival den Tomorrowland Winter in Frankreich in den Bergen an der Alpe d&#39;Huez.<br \/>\nTomorrowland z\u00e4hlte 2012 die Teilnahme von mehr als 365 Discjockeys mit ungef\u00e4hr 180.000 Besuchern dieser Ausgabe aus 75 verschiedenen L\u00e4ndern. In den folgenden Jahren blieb die Zahl der Festivalbesucher stabil, aber bis 2004 waren immer mehr Nationalit\u00e4ten vertreten. Er wurde dreimal hintereinander auf der Wintermusikkonferenz zum \u201ebesten Musikereignis des Jahres\u201c gew\u00e4hlt und hat seinen Ruf so dass bestimmte von der Organisation ver\u00f6ffentlichte Videos mehr als hundert Millionen Aufrufe aufweisen. Heute ist es das \u201ebekannteste Festival f\u00fcr elektronische Musik der Welt\u201c. Es besch\u00e4ftigt das ganze Jahr \u00fcber 80 Mitarbeiter f\u00fcr die Organisation und 12.000 Mitarbeiter w\u00e4hrend der Veranstaltung.<\/p>\n<h2>Tomorrowland ist das beste Festival f\u00fcr elektronische Tanzmusik (EDM)<\/h2>\n<p>M\u00fcssen wir noch Tomorrowland pr\u00e4sentieren, das gr\u00f6\u00dfte Tanzfestival der Welt? Jedes Jahr findet in der belgischen Stadt Boom ein Programm mit den besten DJs statt.<\/p>\n<p>Das Festival ist eine sichere Wette f\u00fcr Elektro und bietet das Beste aus EDM, House, Techno und Hardstyle, wie die vorherigen Ausgaben gezeigt haben, in denen insbesondere The Chainsmokers, Carl Cox, Martin Garrix, Armin van Buuren und Ti\u00ebsto auf den Plattentellern gegeneinander antreten.<\/p>\n<p>EDM-, House-, Techno- und Hardstyle-S\u00fcchtige wissen bereits, dass sie in fr\u00fcheren Ausgaben nur die besten Elektroger\u00e4te wie The Chainsmokers, Carl Cox, Martin Garrix, Armin van Buuren oder Ti\u00ebsto auf Plattenspielern finden werden.<\/p>\n<p>Sie m\u00fcssen nur \u00fcber das unglaubliche Design der B\u00fchnen, spektakul\u00e4re Produktionen und ungew\u00f6hnliche \u00dcberraschungen sprechen, um zu verstehen, warum die Tickets f\u00fcr Tomorrowland jedes Jahr in Rekordzeit ausgehen!<\/p>\n<p>Tomorrowland ist ein echtes Mekka f\u00fcr Tanzfans und verspricht allen Festivalbesuchern, in die magische und mythologische Welt einzutauchen. Ein absolut unverzichtbares Ereignis !!!!<\/p>\n<p>Sie k\u00f6nnen dies \u00fcberpr\u00fcfen <a href=\"https:\/\/manu015.supserv.cozmoslabs.com\/terms-and-conditions\/\">Seite f\u00fcr unsere Allgemeinen Gesch\u00e4ftsbedingungen.<\/a><\/p>\n<\/div>\n<\/div>\n<\/div>\n<\/div>\n<\/div>","protected":false},"excerpt":{"rendered":"<p>Taxi Tomorrowland We provide taxi services to from Brussels city to Tomorrowland festival and Dreamville in Boom. Besides we have a taxi from Brussels airport to Tomorrowland festival and Dreamville Boom. Please come to us for a taxi from Charleroi [&hellip;]<\/p>","protected":false},"author":1,"featured_media":7149,"parent":0,"menu_order":0,"comment_status":"closed","ping_status":"closed","template":"","meta":[],"yoast_head":"<!-- This site is optimized with the Yoast SEO plugin v18.4.1 - https:\/\/yoast.com\/wordpress\/plugins\/seo\/ -->\n<title>Taxi tomorrowland festival &amp; Dreamvile camp- Your Private Driver<\/title>\n<meta name=\"description\" content=\"Taxi to Tomorrowland festival and Dreamville camp. Official taxi company for Tomorrowland music festval. from airport and hotel to festival.\" \/>\n<meta name=\"robots\" content=\"index, follow, max-snippet:-1, max-image-preview:large, max-video-preview:-1\" \/>\n<link rel=\"canonical\" href=\"https:\/\/manu015.supserv.cozmoslabs.com\/de\/taxi-tomorrowland-festival\/\" \/>\n<meta property=\"og:locale\" content=\"de_DE\" \/>\n<meta property=\"og:type\" content=\"article\" \/>\n<meta property=\"og:title\" content=\"Taxi tomorrowland festival &amp; Dreamvile camp- Your Private Driver\" \/>\n<meta property=\"og:description\" content=\"Taxi to Tomorrowland festival and Dreamville camp. Official taxi company for Tomorrowland music festval. from airport and hotel to festival.\" \/>\n<meta property=\"og:url\" content=\"https:\/\/manu015.supserv.cozmoslabs.com\/de\/taxi-tomorrowland-festival\/\" \/>\n<meta property=\"og:site_name\" content=\"Your Private Driver\" \/>\n<meta property=\"article:publisher\" content=\"https:\/\/www.facebook.com\/yourprivatedriverbrussels\" \/>\n<meta property=\"article:modified_time\" content=\"2020-11-13T08:27:03+00:00\" \/>\n<meta property=\"og:image\" content=\"https:\/\/manu015.supserv.cozmoslabs.com\/wp-content\/uploads\/2020\/11\/Tomorrowland-Boom-Brussels-Festival.jpeg\" \/>\n\t<meta property=\"og:image:width\" content=\"640\" \/>\n\t<meta property=\"og:image:height\" content=\"480\" \/>\n\t<meta property=\"og:image:type\" content=\"image\/jpeg\" \/>\n<meta name=\"twitter:card\" content=\"summary_large_image\" \/>\n<meta name=\"twitter:site\" content=\"@privatedriverbx\" \/>\n<meta name=\"twitter:label1\" content=\"Gesch\u00e4tzte Lesezeit\" \/>\n\t<meta name=\"twitter:data1\" content=\"3\u00a0Minuten\" \/>\n<script type=\"application\/ld+json\" class=\"yoast-schema-graph\">{\"@context\":\"https:\/\/schema.org\",\"@graph\":[{\"@type\":\"Organization\",\"@id\":\"https:\/\/manu015.supserv.cozmoslabs.com\/#organization\",\"name\":\"Your Private Driver\",\"url\":\"https:\/\/manu015.supserv.cozmoslabs.com\/\",\"sameAs\":[\"https:\/\/www.facebook.com\/yourprivatedriverbrussels\",\"https:\/\/www.instagram.com\/taxibrusselsairport\/\",\"https:\/\/www.linkedin.com\/company\/yourprivatedriver\/\",\"https:\/\/www.youtube.com\/channel\/UCdFj5lm3qhOZWz_Rz0yupVA\",\"https:\/\/www.pinterest.fr\/pin\/704672672920362864\/\",\"https:\/\/twitter.com\/privatedriverbx\"],\"logo\":{\"@type\":\"ImageObject\",\"@id\":\"https:\/\/manu015.supserv.cozmoslabs.com\/#logo\",\"inLanguage\":\"de\",\"url\":\"\",\"contentUrl\":\"\",\"caption\":\"Your Private Driver\"},\"image\":{\"@id\":\"https:\/\/manu015.supserv.cozmoslabs.com\/#logo\"}},{\"@type\":\"WebSite\",\"@id\":\"https:\/\/manu015.supserv.cozmoslabs.com\/#website\",\"url\":\"https:\/\/manu015.supserv.cozmoslabs.com\/\",\"name\":\"Your Private Driver\",\"description\":\"Taxi Brussels airport - Taxi Charleroi airport\",\"publisher\":{\"@id\":\"https:\/\/manu015.supserv.cozmoslabs.com\/#organization\"},\"potentialAction\":[{\"@type\":\"SearchAction\",\"target\":{\"@type\":\"EntryPoint\",\"urlTemplate\":\"https:\/\/manu015.supserv.cozmoslabs.com\/?s={search_term_string}\"},\"query-input\":\"required name=search_term_string\"}],\"inLanguage\":\"de\"},{\"@type\":\"ImageObject\",\"@id\":\"https:\/\/manu015.supserv.cozmoslabs.com\/taxi-tomorrowland-festival\/#primaryimage\",\"inLanguage\":\"de\",\"url\":\"https:\/\/manu015.supserv.cozmoslabs.com\/wp-content\/uploads\/2020\/11\/Tomorrowland-Boom-Brussels-Festival.jpeg\",\"contentUrl\":\"https:\/\/manu015.supserv.cozmoslabs.com\/wp-content\/uploads\/2020\/11\/Tomorrowland-Boom-Brussels-Festival.jpeg\",\"width\":640,\"height\":480,\"caption\":\"Tomorrowland Festival\"},{\"@type\":\"WebPage\",\"@id\":\"https:\/\/manu015.supserv.cozmoslabs.com\/taxi-tomorrowland-festival\/#webpage\",\"url\":\"https:\/\/manu015.supserv.cozmoslabs.com\/taxi-tomorrowland-festival\/\",\"name\":\"Taxi tomorrowland festival & Dreamvile camp- Your Private Driver\",\"isPartOf\":{\"@id\":\"https:\/\/manu015.supserv.cozmoslabs.com\/#website\"},\"primaryImageOfPage\":{\"@id\":\"https:\/\/manu015.supserv.cozmoslabs.com\/taxi-tomorrowland-festival\/#primaryimage\"},\"datePublished\":\"2020-11-01T14:01:43+00:00\",\"dateModified\":\"2020-11-13T08:27:03+00:00\",\"description\":\"Taxi to Tomorrowland festival and Dreamville camp. Official taxi company for Tomorrowland music festval. from airport and hotel to festival.\",\"breadcrumb\":{\"@id\":\"https:\/\/manu015.supserv.cozmoslabs.com\/taxi-tomorrowland-festival\/#breadcrumb\"},\"inLanguage\":\"de\",\"potentialAction\":[{\"@type\":\"ReadAction\",\"target\":[\"https:\/\/manu015.supserv.cozmoslabs.com\/taxi-tomorrowland-festival\/\"]}]},{\"@type\":\"BreadcrumbList\",\"@id\":\"https:\/\/manu015.supserv.cozmoslabs.com\/taxi-tomorrowland-festival\/#breadcrumb\",\"itemListElement\":[{\"@type\":\"ListItem\",\"position\":1,\"name\":\"Home\",\"item\":\"https:\/\/manu015.supserv.cozmoslabs.com\/\"},{\"@type\":\"ListItem\",\"position\":2,\"name\":\"Taxi tomorrowland festival\"}]}]}<\/script>\n<!-- \/ Yoast SEO plugin. -->","yoast_head_json":{"title":"Taxi tomorrowland festival & Dreamvile camp- Your Private Driver","description":"Taxi to Tomorrowland festival and Dreamville camp. Official taxi company for Tomorrowland music festval. from airport and hotel to festival.","robots":{"index":"index","follow":"follow","max-snippet":"max-snippet:-1","max-image-preview":"max-image-preview:large","max-video-preview":"max-video-preview:-1"},"canonical":"https:\/\/manu015.supserv.cozmoslabs.com\/de\/taxi-tomorrowland-festival\/","og_locale":"de_DE","og_type":"article","og_title":"Taxi tomorrowland festival & Dreamvile camp- Your Private Driver","og_description":"Taxi to Tomorrowland festival and Dreamville camp. Official taxi company for Tomorrowland music festval. from airport and hotel to festival.","og_url":"https:\/\/manu015.supserv.cozmoslabs.com\/de\/taxi-tomorrowland-festival\/","og_site_name":"Your Private Driver","article_publisher":"https:\/\/www.facebook.com\/yourprivatedriverbrussels","article_modified_time":"2020-11-13T08:27:03+00:00","og_image":[{"width":640,"height":480,"url":"https:\/\/manu015.supserv.cozmoslabs.com\/wp-content\/uploads\/2020\/11\/Tomorrowland-Boom-Brussels-Festival.jpeg","type":"image\/jpeg"}],"twitter_card":"summary_large_image","twitter_site":"@privatedriverbx","twitter_misc":{"Gesch\u00e4tzte Lesezeit":"3\u00a0Minuten"},"schema":{"@context":"https:\/\/schema.org","@graph":[{"@type":"Organization","@id":"https:\/\/manu015.supserv.cozmoslabs.com\/#organization","name":"Your Private Driver","url":"https:\/\/manu015.supserv.cozmoslabs.com\/","sameAs":["https:\/\/www.facebook.com\/yourprivatedriverbrussels","https:\/\/www.instagram.com\/taxibrusselsairport\/","https:\/\/www.linkedin.com\/company\/yourprivatedriver\/","https:\/\/www.youtube.com\/channel\/UCdFj5lm3qhOZWz_Rz0yupVA","https:\/\/www.pinterest.fr\/pin\/704672672920362864\/","https:\/\/twitter.com\/privatedriverbx"],"logo":{"@type":"ImageObject","@id":"https:\/\/manu015.supserv.cozmoslabs.com\/#logo","inLanguage":"de","url":"","contentUrl":"","caption":"Your Private Driver"},"image":{"@id":"https:\/\/manu015.supserv.cozmoslabs.com\/#logo"}},{"@type":"WebSite","@id":"https:\/\/manu015.supserv.cozmoslabs.com\/#website","url":"https:\/\/manu015.supserv.cozmoslabs.com\/","name":"Your Private Driver","description":"Taxi Brussels airport - Taxi Charleroi airport","publisher":{"@id":"https:\/\/manu015.supserv.cozmoslabs.com\/#organization"},"potentialAction":[{"@type":"SearchAction","target":{"@type":"EntryPoint","urlTemplate":"https:\/\/manu015.supserv.cozmoslabs.com\/?s={search_term_string}"},"query-input":"required name=search_term_string"}],"inLanguage":"de"},{"@type":"ImageObject","@id":"https:\/\/manu015.supserv.cozmoslabs.com\/taxi-tomorrowland-festival\/#primaryimage","inLanguage":"de","url":"https:\/\/manu015.supserv.cozmoslabs.com\/wp-content\/uploads\/2020\/11\/Tomorrowland-Boom-Brussels-Festival.jpeg","contentUrl":"https:\/\/manu015.supserv.cozmoslabs.com\/wp-content\/uploads\/2020\/11\/Tomorrowland-Boom-Brussels-Festival.jpeg","width":640,"height":480,"caption":"Tomorrowland Festival"},{"@type":"WebPage","@id":"https:\/\/manu015.supserv.cozmoslabs.com\/taxi-tomorrowland-festival\/#webpage","url":"https:\/\/manu015.supserv.cozmoslabs.com\/taxi-tomorrowland-festival\/","name":"Taxi tomorrowland festival & Dreamvile camp- Your Private Driver","isPartOf":{"@id":"https:\/\/manu015.supserv.cozmoslabs.com\/#website"},"primaryImageOfPage":{"@id":"https:\/\/manu015.supserv.cozmoslabs.com\/taxi-tomorrowland-festival\/#primaryimage"},"datePublished":"2020-11-01T14:01:43+00:00","dateModified":"2020-11-13T08:27:03+00:00","description":"Taxi to Tomorrowland festival and Dreamville camp. Official taxi company for Tomorrowland music festval. from airport and hotel to festival.","breadcrumb":{"@id":"https:\/\/manu015.supserv.cozmoslabs.com\/taxi-tomorrowland-festival\/#breadcrumb"},"inLanguage":"de","potentialAction":[{"@type":"ReadAction","target":["https:\/\/manu015.supserv.cozmoslabs.com\/taxi-tomorrowland-festival\/"]}]},{"@type":"BreadcrumbList","@id":"https:\/\/manu015.supserv.cozmoslabs.com\/taxi-tomorrowland-festival\/#breadcrumb","itemListElement":[{"@type":"ListItem","position":1,"name":"Home","item":"https:\/\/manu015.supserv.cozmoslabs.com\/"},{"@type":"ListItem","position":2,"name":"Taxi tomorrowland festival"}]}]}},"_links":{"self":[{"href":"https:\/\/manu015.supserv.cozmoslabs.com\/de\/wp-json\/wp\/v2\/pages\/7146"}],"collection":[{"href":"https:\/\/manu015.supserv.cozmoslabs.com\/de\/wp-json\/wp\/v2\/pages"}],"about":[{"href":"https:\/\/manu015.supserv.cozmoslabs.com\/de\/wp-json\/wp\/v2\/types\/page"}],"author":[{"embeddable":true,"href":"https:\/\/manu015.supserv.cozmoslabs.com\/de\/wp-json\/wp\/v2\/users\/1"}],"replies":[{"embeddable":true,"href":"https:\/\/manu015.supserv.cozmoslabs.com\/de\/wp-json\/wp\/v2\/comments?post=7146"}],"version-history":[{"count":0,"href":"https:\/\/manu015.supserv.cozmoslabs.com\/de\/wp-json\/wp\/v2\/pages\/7146\/revisions"}],"wp:featuredmedia":[{"embeddable":true,"href":"https:\/\/manu015.supserv.cozmoslabs.com\/de\/wp-json\/wp\/v2\/media\/7149"}],"wp:attachment":[{"href":"https:\/\/manu015.supserv.cozmoslabs.com\/de\/wp-json\/wp\/v2\/media?parent=7146"}],"curies":[{"name":"wp","href":"https:\/\/api.w.org\/{rel}","templated":true}]}}