{"id":7089,"date":"2020-10-31T22:31:36","date_gmt":"2020-10-31T22:31:36","guid":{"rendered":"https:\/\/manu015.supserv.cozmoslabs.com\/?page_id=7089"},"modified":"2020-11-13T08:23:01","modified_gmt":"2020-11-13T08:23:01","slug":"services","status":"publish","type":"page","link":"https:\/\/manu015.supserv.cozmoslabs.com\/de\/services\/","title":{"rendered":"Dienstleistungen"},"content":{"rendered":"<div  class=\"one withsmallpadding ppb_header\" style=\"text-align:left;padding:40px 0 40px 0;\" >\n<div class=\"standard_wrapper\">\n<div class=\"page_content_wrapper\">\n<div class=\"inner\">\n<div style=\"margin:auto;width:100%\">\n<h2 class=\"ppb_title\" style=\"\">Taxiservice Ihres Privatfahrers<\/h2>\n<div class=\"ppb_header_content\">\n<iframe src=\"https:\/\/manu015.supserv.cozmoslabs.com\/eto\/?site_key=9ea3cb480ae5c09e26a20fb697ce8ee6\" name=\"eto-iframe\" id=\"eto-iframe-28896\" class=\"eto-iframe\" width=\"100%\" scrolling=\"no\" allow=\"geolocation\">Diese Option funktioniert nicht richtig. Leider unterst\u00fctzt Ihr Browser keine Inline-Frames.<\/iframe>\n<style type=\"text\/css\">iframe#eto-iframe-28896 { width:1px; min-width:100%; border:0; }<\/style>\n<script type=\"text\/javascript\" async defer> (function() { var etoWidgetData = { checkTimeout: 100, dynamicIframe: 0, googlePageSpeed: 0, googlePageSpeedLoadDelay: 6000, loadDelay: 0, }; function etoWidgetInit() { if (etoWidgetData.dynamicIframe) { var etoWidgetContainer = document.getElementById('eto-widget-container-eto-iframe-28896'); if (etoWidgetContainer) { etoWidgetContainer.innerHTML = '<iframe src=\"https:\/\/manu015.supserv.cozmoslabs.com\/eto\/?site_key=9ea3cb480ae5c09e26a20fb697ce8ee6\" name=\"eto-iframe\" id=\"eto-iframe-28896\" class=\"eto-iframe\" width=\"100%\" scrolling=\"no\" allow=\"geolocation\">This option will not work correctly. Unfortunately, your browser does not support inline frames.<\/iframe>'; } } iFrameResize({ log: false, targetOrigin: '*', checkOrigin: false, }, \"iframe#eto-iframe-28896\"); } function etoWidgetReady() { setTimeout(function() { etoWidgetData.checkTimeout--; if (typeof iFrameResize !== 'undefined') { etoWidgetInit(); } else if (etoWidgetData.checkTimeout > 0) { etoWidgetReady(); console.log('Library not loaded, checking again.'); } else { console.log('External library failed to load.'); } }, 100); }; if (etoWidgetData.loadDelay) { setTimeout(function() { etoWidgetReady(); }, etoWidgetData.loadDelay); } else { etoWidgetReady(); } })(); <\/script>\n\n<\/div>\n<\/div>\n<\/div>\n<\/div>\n<\/div>\n<\/div>\n<div  class=\"one withsmallpadding ppb_text\" style=\"text-align:center;padding:40px 0 40px 0;background-color:#5856d6;color:#ffffff !important;\" >\n<div class=\"standard_wrapper\">\n<div class=\"page_content_wrapper\">\n<div class=\"inner\">\n<div style=\"margin:auto;width:100%\">\n<div class=\"one_third\" style=\"\">\n<span class=\"fas fa-car\" style=\"display: block; font-size: 50px; margin-bottom: 20px;\">\u00a0<\/span><\/p>\n<h2 style=\"color: #fff;\">Limousinen-Service<\/h2>\n<p>Eine Limousine f\u00fcr Ihre Zeremonie, denn keine Veranstaltung ist uns zu klein. Ben\u00f6tigen Sie eine High-End-Limousine f\u00fcr eine pers\u00f6nliche oder berufliche Veranstaltung? Rufen Sie dann Ihren privaten Fahrer an. Unser Limousinenservice steht Ihnen zur Verf\u00fcgung.<br \/>\nWir haben eine Limousine f\u00fcr Ihre Hochzeit, Taufe, Jubil\u00e4um, Nachtclub oder Disco-Party. Wir haben den bestbewerteten Limousinenservice in Belgien mit Premiumfahrzeugen.\n<\/p>\n<\/div>\n<div class=\"one_third\" style=\"\">\n<span class=\"fas fa-guitar\" style=\"display: block; font-size: 50px; margin-bottom: 20px;\">\u00a0<\/span><\/p>\n<h2 style=\"color: #fff;\">Transport von K\u00fcnstlern<\/h2>\n<p>Wir haben Luxus-Kleinbusse f\u00fcr den Transport von K\u00fcnstlern. Wir bieten den Transport von K\u00fcnstlern von Belgien nach Holland, Deutschland, Frankreich, Schweiz, Norwegen usw. an.<\/p>\n<p>Wir transportieren Musiker, K\u00fcnstler, Kinodarsteller, Theaterschauspieler, Ballett- und Opernschauspieler an Bord unserer luxuri\u00f6sen Minivans. Wir transportieren auch K\u00fcnstler vom Flughafen zum Hotel und vom Hotel zu ihren Theatern und k\u00f6nnen sie f\u00fcr ihre gesamte Tour transportieren.\n<\/p>\n<\/div>\n<div class=\"one_third last\" style=\"\">\n<span class=\"fas fa-taxi\" style=\"display: block; font-size: 50px; margin-bottom: 20px;\">\u00a0<\/span><\/p>\n<h2 style=\"color: #fff;\">Flughafentransfer<\/h2>\n<p>Ein Flughafentransfer muss bestenfalls organisiert werden. Unter Ber\u00fccksichtigung der Sicherheitskontrollen und der Zeit f\u00fcr das Einchecken des Gep\u00e4cks. Es ist notwendig, im Voraus am Flughafen anzukommen, um den Flug nicht zu verpassen. Sie k\u00f6nnen sich auf unsere Dienstleistungen verlassen, die Sie bei einem professionellen Flughafentransfer 100% unterst\u00fctzen. Als Ergebnis haben Sie die Gewissheit einer unbeschwerten Reise.<br \/>\nWir garantieren Ihre Ankunft bei <a href=\"https:\/\/www.brusselsairport.be\/en\/passengers\" target=\"_blank\" rel=\"noopener noreferrer\">Der Flughafen<\/a> p\u00fcnktlich. Warum also nicht unsere Vorteile nutzen? <a href=\"https:\/\/manu015.supserv.cozmoslabs.com\/taxi-brussels\/\">Dienstleistungen in Br\u00fcssel<\/a> so schnell es geht?\n<\/div>\n<p><br class=\"clear\"\/><\/p>\n<div class=\"one_third\" style=\"\">\n<span class=\"fas fa-hippo\" style=\"display: block; font-size: 50px; margin-bottom: 20px;\">\u00a0<\/span><\/p>\n<h2 style=\"color: #fff;\">Taxiservice zu Vergn\u00fcgungsparks<\/h2>\n<p>Wir haben Taxis zu verschiedenen Vergn\u00fcgungsparks in Belgien, den Niederlanden, Frankreich und anderswo in Europa\u2026<br \/>\nTaxi zum Walibi Vergn\u00fcgungspark in Wavre, Mini-Europe in Br\u00fcssel. Bobbejaanland Kasterlee, Plopsaland in De Panne, Vergn\u00fcgungspark Bellewaerde in Ypern ect.<\/p>\n<p>Taxi zum Vergn\u00fcgungspark Plopsa Coo in Stavelot, Aqualibi in Wavre, Indoor-Vergn\u00fcgungspark Plopsa in Hasselt, Wasserpark Oc\u00e9ade in Br\u00fcssel, Boudewijn Seapark in Br\u00fcgge, Abenteuerpark in Wavre, attraktiver Park Queen Fabiola in Namur. Der Vergn\u00fcgungspark Mount Mosan in Huy und der Labyrinth-Vergn\u00fcgungspark in Durbuy.<\/p>\n<p>Taxi zum Plopsaqua Park in De Panne, zum Chlorophylle Park in Manhay, zur Provinzdom\u00e4ne Chevetogne in Ciney, zum Earth Explorer, zum Meli Park, nach Houtopia, zum POINT D&#39;EAU in La Louvi\u00e8re, zum Dadipark in Moorslede und zum Taxi zum Parc Spirou.<\/p>\n<p>Taxi zum Vergn\u00fcgungspark Efteling in Kaatsheuvel Niederlande, zum Vergn\u00fcgungspark Disney-Land in Chessy Paris Frankreich, zum Vergn\u00fcgungspark Phantasialand in Br\u00fchl Deutschland und Taxi zum Mega Speelstad in Lille Frankreich.\n<\/p>\n<\/div>\n<div class=\"one_third\" style=\"\">\n<span class=\"fas fa-city\" style=\"display: block; font-size: 50px; margin-bottom: 20px;\">\u00a0<\/span><\/p>\n<h2 style=\"color: #fff;\">Taxidienst der Europ\u00e4ischen Kommission<\/h2>\n<p>Wir haben den Standard-Taxi- und Luxus-Taxiservice zu den verschiedenen europ\u00e4ischen Institutionen in Br\u00fcssel.<br \/>\nWir haben auch einen Taxiservice mit Entlassung f\u00fcr Delegationen, die die europ\u00e4ischen Institutionen in Br\u00fcssel besuchen. Wir haben Mercedes Class E und Mercedes Minivan Class V, um Taxidelegationen zur Europ\u00e4ischen Kommission, zum Europ\u00e4ischen Parlament oder zur NATO und anderen europ\u00e4ischen Institutionen mit Sitz in Br\u00fcssel zu f\u00fchren. Taxi zur Europ\u00e4ischen Kommission im Berlaymont im Stadtteil Schumann. Wir haben das Taxi zum Wirtschafts- und Sozialausschuss sowie zum Ausschuss der Regionen in der Rue Belliard, 99 in Br\u00fcssel.<\/p>\n<p>Wir haben ein Taxi zur Europ\u00e4ischen Verteidigungsagentur, ein Taxi zur Exekutivagentur f\u00fcr Bildung, Audiovisuelles und Kultur, ein Taxi zur Exekutivagentur f\u00fcr Wettbewerbsf\u00e4higkeit und Innovation, ein Taxi zur Gemeinschaftskontrolle der Fischerei, ein Taxi zur Europ\u00e4ischen GNSS-Aufsichtsbeh\u00f6rde, ein Taxi zur Exekutivagentur f\u00fcr Forschung, Taxi zur Exekutivagentur des Europ\u00e4ischen Forschungsrats, Taxi zur Exekutivagentur des transeurop\u00e4ischen Verkehrsnetzes und schlie\u00dflich zum Taxi zur NATO in Evere Br\u00fcssel.\n<\/p>\n<\/div>\n<div class=\"one_third last\" style=\"\">\n<span class=\"fas fa-ring\" style=\"display: block; font-size: 50px; margin-bottom: 20px;\">\u00a0<\/span><\/p>\n<h2 style=\"color: #fff;\">Limousine f\u00fcr Hochzeitstaxi<\/h2>\n<p>Denken Sie daran, Ihre Limousine f\u00fcr den Tag Ihrer Hochzeit zu mieten. Unser Fahrer wird Sie zur Kirche und zu einer Fotosession am Ort Ihrer Wahl fahren, nat\u00fcrlich entsprechend Ihrem Programm.<br \/>\nUnsere Hochzeitslimousinen werden von erfahrenen Fahrern gefahren. Ger\u00e4umige Limousine, gut ausgestattet und dekoriert f\u00fcr Ihre Hochzeit. Unsere Luxuslimousinen k\u00f6nnen f\u00fcr Ihre Hochzeit dekoriert werden. Sie profitieren von all dem Raum, der f\u00fcr einen Moment der Entspannung vor oder nach den Feierlichkeiten m\u00f6glich ist. Nat\u00fcrlich die M\u00f6glichkeit, Champagner zu bestellen. Your private driver bietet mit Sicherheit die beste Limousinen-Autovermietung mit Fahrer in Br\u00fcssel.<\/p>\n<p>Feiern Sie Ihre Hochzeit stilvoll und feiern Sie die ganze Nacht in einer ma\u00dfgefertigten Limousine mit Musiksystem und Internetverbindung. Fragen Sie uns jetzt nach einem Angebot f\u00fcr einen Limousinenservice, um Ihre Hochzeit besser organisieren zu k\u00f6nnen. Wir stehen Ihnen auch zur Verf\u00fcgung, um Ihre Fragen zu beantworten und Sie \u00fcber unsere Limousinenmodelle zu informieren.\n<\/p>\n<\/div>\n<p><br class=\"clear\"\/><\/p>\n<div class=\"one_third\" style=\"\">\n<span class=\"fas fa-building\" style=\"display: block; font-size: 50px; margin-bottom: 20px;\">\u00a0<\/span><\/p>\n<h2 style=\"color: #fff;\">Europ\u00e4isches Parlament<\/h2>\n<p>Wir haben den Standard-Taxi- und Luxus-Taxiservice zu den verschiedenen europ\u00e4ischen Institutionen in Br\u00fcssel.<br \/>\nWir haben auch einen Taxiservice mit Entlassung f\u00fcr Delegationen, die die europ\u00e4ischen Institutionen in Br\u00fcssel besuchen. Wir haben Mercedes Class E und Mercedes Minivan Class V, um Taxidelegationen zur Europ\u00e4ischen Kommission, zum Europ\u00e4ischen Parlament oder zur NATO und anderen europ\u00e4ischen Institutionen mit Sitz in Br\u00fcssel zu f\u00fchren.<\/p>\n<p>Bestellen Sie bei uns ein Taxi zum Europ\u00e4ischen Parlament in der Rue Wiertz, 60 in Br\u00fcssel. Wir haben auch Taxis zum belgischen Informationsb\u00fcro in der Rue de Tr\u00eaves, 3 in Br\u00fcssel.<br \/>\nTaxi zum Rat der Europ\u00e4ischen Union in der Rue de la Loi, 175 Br\u00fcssel\n<\/p>\n<\/div>\n<div class=\"one_third\" style=\"\">\n<span class=\"fas fa-shuttle-van\" style=\"display: block; font-size: 50px; margin-bottom: 20px;\">\u00a0<\/span><\/p>\n<h2 style=\"color: #fff;\">Flughafen Shuttle<\/h2>\n<p>Wenn Sie in einer gro\u00dfen Gruppe zum Flughafen reisen, ist es manchmal eine gute Idee, einen Shuttle in einem Einzelfahrzeug mit gro\u00dfer Kapazit\u00e4t zu bauen. Um dies zu tun, k\u00f6nnen Sie uns vertrauen und sicher sein, ein gutes Angebot zu erhalten, da wir angemessene Preise f\u00fcr Ihre Shuttles zum Flughafen haben.\n<\/p>\n<\/div>\n<div class=\"one_third last\" style=\"\">\n<span class=\"fas fa-user-tie\" style=\"display: block; font-size: 50px; margin-bottom: 20px;\">\u00a0<\/span><\/p>\n<h2 style=\"color: #fff;\">Mietwagen mit Fahrer<\/h2>\n<p>Unsere Autovermietung mit Fahrer steht Einzelpersonen und Unternehmen zur Verf\u00fcgung. Wir k\u00fcmmern uns um alle Ihre Reisen wie den Shuttleservice vom Hotel zu Ihrem Konferenzort und umgekehrt. Wir k\u00fcmmern uns mit Professionalit\u00e4t und Sorgfalt um Ihre Reisen. Genie\u00dfen Sie einen Mietwagen mit Chauffeur. Auch der Komfort, auch zu Ihren Gesch\u00e4ftstreffen oder einer privaten Party zu gehen. Wir sind wahrscheinlich die beste Autovermietung mit Sitz in Br\u00fcssel<\/p>\n<p>Nutzen Sie unseren Mietwagen-Service mit Chauffeur. Unsere Autovermietung mit Fahrer ist f\u00fcr jedes Budget geeignet. Entscheiden Sie sich bei uns f\u00fcr einen Mietwagen mit Chauffeur. So vermeiden Sie den ganzen Aufwand an Parkpl\u00e4tzen und Geldstrafen. Sparen Sie sich den Stress des Fahrens, indem Sie sich f\u00fcr unseren Mietwagen mit Chauffeur entscheiden.\n<\/p>\n<\/div>\n<p><br class=\"clear\"\/><\/p>\n<\/div>\n<\/div>\n<\/div>\n<\/div>\n<\/div>","protected":false},"excerpt":{"rendered":"<p>Taxi Service of Your Private Driver \u00a0 Limousine service A limousine for your ceremony because no event is too small for us. Do you need a high-end limousine for a personal or professional event? Then call your Private Driver. Our [&hellip;]<\/p>","protected":false},"author":1,"featured_media":22,"parent":0,"menu_order":0,"comment_status":"closed","ping_status":"closed","template":"","meta":[],"yoast_head":"<!-- This site is optimized with the Yoast SEO plugin v18.4.1 - https:\/\/yoast.com\/wordpress\/plugins\/seo\/ -->\n<title>Services that we offer in our taxi company - Your Private Driver<\/title>\n<meta name=\"description\" content=\"Find here the different taxi services that we offer with our Company. Our service range from airport tranfers and shuttle to private trips.\" \/>\n<meta name=\"robots\" content=\"index, follow, max-snippet:-1, max-image-preview:large, max-video-preview:-1\" \/>\n<link rel=\"canonical\" href=\"https:\/\/manu015.supserv.cozmoslabs.com\/de\/services\/\" \/>\n<meta property=\"og:locale\" content=\"de_DE\" \/>\n<meta property=\"og:type\" content=\"article\" \/>\n<meta property=\"og:title\" content=\"Services that we offer in our taxi company - Your Private Driver\" \/>\n<meta property=\"og:description\" content=\"Find here the different taxi services that we offer with our Company. Our service range from airport tranfers and shuttle to private trips.\" \/>\n<meta property=\"og:url\" content=\"https:\/\/manu015.supserv.cozmoslabs.com\/de\/services\/\" \/>\n<meta property=\"og:site_name\" content=\"Your Private Driver\" \/>\n<meta property=\"article:publisher\" content=\"https:\/\/www.facebook.com\/yourprivatedriverbrussels\" \/>\n<meta property=\"article:modified_time\" content=\"2020-11-13T08:23:01+00:00\" \/>\n<meta property=\"og:image\" content=\"https:\/\/manu015.supserv.cozmoslabs.com\/wp-content\/uploads\/2017\/01\/IMG_3496bfree-8.jpg\" \/>\n\t<meta property=\"og:image:width\" content=\"1440\" \/>\n\t<meta property=\"og:image:height\" content=\"960\" \/>\n\t<meta property=\"og:image:type\" content=\"image\/jpeg\" \/>\n<meta name=\"twitter:card\" content=\"summary_large_image\" \/>\n<meta name=\"twitter:site\" content=\"@privatedriverbx\" \/>\n<meta name=\"twitter:label1\" content=\"Gesch\u00e4tzte Lesezeit\" \/>\n\t<meta name=\"twitter:data1\" content=\"5\u00a0Minuten\" \/>\n<script type=\"application\/ld+json\" class=\"yoast-schema-graph\">{\"@context\":\"https:\/\/schema.org\",\"@graph\":[{\"@type\":\"Organization\",\"@id\":\"https:\/\/manu015.supserv.cozmoslabs.com\/#organization\",\"name\":\"Your Private Driver\",\"url\":\"https:\/\/manu015.supserv.cozmoslabs.com\/\",\"sameAs\":[\"https:\/\/www.facebook.com\/yourprivatedriverbrussels\",\"https:\/\/www.instagram.com\/taxibrusselsairport\/\",\"https:\/\/www.linkedin.com\/company\/yourprivatedriver\/\",\"https:\/\/www.youtube.com\/channel\/UCdFj5lm3qhOZWz_Rz0yupVA\",\"https:\/\/www.pinterest.fr\/pin\/704672672920362864\/\",\"https:\/\/twitter.com\/privatedriverbx\"],\"logo\":{\"@type\":\"ImageObject\",\"@id\":\"https:\/\/manu015.supserv.cozmoslabs.com\/#logo\",\"inLanguage\":\"de\",\"url\":\"\",\"contentUrl\":\"\",\"caption\":\"Your Private Driver\"},\"image\":{\"@id\":\"https:\/\/manu015.supserv.cozmoslabs.com\/#logo\"}},{\"@type\":\"WebSite\",\"@id\":\"https:\/\/manu015.supserv.cozmoslabs.com\/#website\",\"url\":\"https:\/\/manu015.supserv.cozmoslabs.com\/\",\"name\":\"Your Private Driver\",\"description\":\"Taxi Brussels airport - Taxi Charleroi airport\",\"publisher\":{\"@id\":\"https:\/\/manu015.supserv.cozmoslabs.com\/#organization\"},\"potentialAction\":[{\"@type\":\"SearchAction\",\"target\":{\"@type\":\"EntryPoint\",\"urlTemplate\":\"https:\/\/manu015.supserv.cozmoslabs.com\/?s={search_term_string}\"},\"query-input\":\"required name=search_term_string\"}],\"inLanguage\":\"de\"},{\"@type\":\"ImageObject\",\"@id\":\"https:\/\/manu015.supserv.cozmoslabs.com\/services\/#primaryimage\",\"inLanguage\":\"de\",\"url\":\"https:\/\/manu015.supserv.cozmoslabs.com\/wp-content\/uploads\/2017\/01\/IMG_3496bfree-8.jpg\",\"contentUrl\":\"https:\/\/manu015.supserv.cozmoslabs.com\/wp-content\/uploads\/2017\/01\/IMG_3496bfree-8.jpg\",\"width\":1440,\"height\":960,\"caption\":\"The road to success and the road to failure are almost exactly the same\"},{\"@type\":\"WebPage\",\"@id\":\"https:\/\/manu015.supserv.cozmoslabs.com\/services\/#webpage\",\"url\":\"https:\/\/manu015.supserv.cozmoslabs.com\/services\/\",\"name\":\"Services that we offer in our taxi company - Your Private Driver\",\"isPartOf\":{\"@id\":\"https:\/\/manu015.supserv.cozmoslabs.com\/#website\"},\"primaryImageOfPage\":{\"@id\":\"https:\/\/manu015.supserv.cozmoslabs.com\/services\/#primaryimage\"},\"datePublished\":\"2020-10-31T22:31:36+00:00\",\"dateModified\":\"2020-11-13T08:23:01+00:00\",\"description\":\"Find here the different taxi services that we offer with our Company. Our service range from airport tranfers and shuttle to private trips.\",\"breadcrumb\":{\"@id\":\"https:\/\/manu015.supserv.cozmoslabs.com\/services\/#breadcrumb\"},\"inLanguage\":\"de\",\"potentialAction\":[{\"@type\":\"ReadAction\",\"target\":[\"https:\/\/manu015.supserv.cozmoslabs.com\/services\/\"]}]},{\"@type\":\"BreadcrumbList\",\"@id\":\"https:\/\/manu015.supserv.cozmoslabs.com\/services\/#breadcrumb\",\"itemListElement\":[{\"@type\":\"ListItem\",\"position\":1,\"name\":\"Home\",\"item\":\"https:\/\/manu015.supserv.cozmoslabs.com\/\"},{\"@type\":\"ListItem\",\"position\":2,\"name\":\"Services\"}]}]}<\/script>\n<!-- \/ Yoast SEO plugin. -->","yoast_head_json":{"title":"Services that we offer in our taxi company - Your Private Driver","description":"Find here the different taxi services that we offer with our Company. Our service range from airport tranfers and shuttle to private trips.","robots":{"index":"index","follow":"follow","max-snippet":"max-snippet:-1","max-image-preview":"max-image-preview:large","max-video-preview":"max-video-preview:-1"},"canonical":"https:\/\/manu015.supserv.cozmoslabs.com\/de\/services\/","og_locale":"de_DE","og_type":"article","og_title":"Services that we offer in our taxi company - Your Private Driver","og_description":"Find here the different taxi services that we offer with our Company. Our service range from airport tranfers and shuttle to private trips.","og_url":"https:\/\/manu015.supserv.cozmoslabs.com\/de\/services\/","og_site_name":"Your Private Driver","article_publisher":"https:\/\/www.facebook.com\/yourprivatedriverbrussels","article_modified_time":"2020-11-13T08:23:01+00:00","og_image":[{"width":1440,"height":960,"url":"https:\/\/manu015.supserv.cozmoslabs.com\/wp-content\/uploads\/2017\/01\/IMG_3496bfree-8.jpg","type":"image\/jpeg"}],"twitter_card":"summary_large_image","twitter_site":"@privatedriverbx","twitter_misc":{"Gesch\u00e4tzte Lesezeit":"5\u00a0Minuten"},"schema":{"@context":"https:\/\/schema.org","@graph":[{"@type":"Organization","@id":"https:\/\/manu015.supserv.cozmoslabs.com\/#organization","name":"Your Private Driver","url":"https:\/\/manu015.supserv.cozmoslabs.com\/","sameAs":["https:\/\/www.facebook.com\/yourprivatedriverbrussels","https:\/\/www.instagram.com\/taxibrusselsairport\/","https:\/\/www.linkedin.com\/company\/yourprivatedriver\/","https:\/\/www.youtube.com\/channel\/UCdFj5lm3qhOZWz_Rz0yupVA","https:\/\/www.pinterest.fr\/pin\/704672672920362864\/","https:\/\/twitter.com\/privatedriverbx"],"logo":{"@type":"ImageObject","@id":"https:\/\/manu015.supserv.cozmoslabs.com\/#logo","inLanguage":"de","url":"","contentUrl":"","caption":"Your Private Driver"},"image":{"@id":"https:\/\/manu015.supserv.cozmoslabs.com\/#logo"}},{"@type":"WebSite","@id":"https:\/\/manu015.supserv.cozmoslabs.com\/#website","url":"https:\/\/manu015.supserv.cozmoslabs.com\/","name":"Your Private Driver","description":"Taxi Brussels airport - Taxi Charleroi airport","publisher":{"@id":"https:\/\/manu015.supserv.cozmoslabs.com\/#organization"},"potentialAction":[{"@type":"SearchAction","target":{"@type":"EntryPoint","urlTemplate":"https:\/\/manu015.supserv.cozmoslabs.com\/?s={search_term_string}"},"query-input":"required name=search_term_string"}],"inLanguage":"de"},{"@type":"ImageObject","@id":"https:\/\/manu015.supserv.cozmoslabs.com\/services\/#primaryimage","inLanguage":"de","url":"https:\/\/manu015.supserv.cozmoslabs.com\/wp-content\/uploads\/2017\/01\/IMG_3496bfree-8.jpg","contentUrl":"https:\/\/manu015.supserv.cozmoslabs.com\/wp-content\/uploads\/2017\/01\/IMG_3496bfree-8.jpg","width":1440,"height":960,"caption":"The road to success and the road to failure are almost exactly the same"},{"@type":"WebPage","@id":"https:\/\/manu015.supserv.cozmoslabs.com\/services\/#webpage","url":"https:\/\/manu015.supserv.cozmoslabs.com\/services\/","name":"Services that we offer in our taxi company - Your Private Driver","isPartOf":{"@id":"https:\/\/manu015.supserv.cozmoslabs.com\/#website"},"primaryImageOfPage":{"@id":"https:\/\/manu015.supserv.cozmoslabs.com\/services\/#primaryimage"},"datePublished":"2020-10-31T22:31:36+00:00","dateModified":"2020-11-13T08:23:01+00:00","description":"Find here the different taxi services that we offer with our Company. Our service range from airport tranfers and shuttle to private trips.","breadcrumb":{"@id":"https:\/\/manu015.supserv.cozmoslabs.com\/services\/#breadcrumb"},"inLanguage":"de","potentialAction":[{"@type":"ReadAction","target":["https:\/\/manu015.supserv.cozmoslabs.com\/services\/"]}]},{"@type":"BreadcrumbList","@id":"https:\/\/manu015.supserv.cozmoslabs.com\/services\/#breadcrumb","itemListElement":[{"@type":"ListItem","position":1,"name":"Home","item":"https:\/\/manu015.supserv.cozmoslabs.com\/"},{"@type":"ListItem","position":2,"name":"Services"}]}]}},"_links":{"self":[{"href":"https:\/\/manu015.supserv.cozmoslabs.com\/de\/wp-json\/wp\/v2\/pages\/7089"}],"collection":[{"href":"https:\/\/manu015.supserv.cozmoslabs.com\/de\/wp-json\/wp\/v2\/pages"}],"about":[{"href":"https:\/\/manu015.supserv.cozmoslabs.com\/de\/wp-json\/wp\/v2\/types\/page"}],"author":[{"embeddable":true,"href":"https:\/\/manu015.supserv.cozmoslabs.com\/de\/wp-json\/wp\/v2\/users\/1"}],"replies":[{"embeddable":true,"href":"https:\/\/manu015.supserv.cozmoslabs.com\/de\/wp-json\/wp\/v2\/comments?post=7089"}],"version-history":[{"count":0,"href":"https:\/\/manu015.supserv.cozmoslabs.com\/de\/wp-json\/wp\/v2\/pages\/7089\/revisions"}],"wp:featuredmedia":[{"embeddable":true,"href":"https:\/\/manu015.supserv.cozmoslabs.com\/de\/wp-json\/wp\/v2\/media\/22"}],"wp:attachment":[{"href":"https:\/\/manu015.supserv.cozmoslabs.com\/de\/wp-json\/wp\/v2\/media?parent=7089"}],"curies":[{"name":"wp","href":"https:\/\/api.w.org\/{rel}","templated":true}]}}