{"id":7018,"date":"2020-10-31T13:03:15","date_gmt":"2020-10-31T13:03:15","guid":{"rendered":"https:\/\/manu015.supserv.cozmoslabs.com\/?page_id=7018"},"modified":"2020-11-13T07:50:29","modified_gmt":"2020-11-13T07:50:29","slug":"about-us","status":"publish","type":"page","link":"https:\/\/manu015.supserv.cozmoslabs.com\/de\/about-us\/","title":{"rendered":"\u00dcber uns"},"content":{"rendered":"<div  class=\"one withsmallpadding ppb_header\" style=\"text-align:left;padding:40px 0 40px 0;\" >\n<div class=\"standard_wrapper\">\n<div class=\"page_content_wrapper\">\n<div class=\"inner\">\n<div style=\"margin:auto;width:100%\">\n<h2 class=\"ppb_title\" style=\"\">Ihr privater Fahrer<\/h2>\n<div class=\"ppb_header_content\">\n<p>Ihr privater Fahrer ist ein Taxiunternehmen und ein verg\u00fcteter Passagierunternehmen, das Anfang 2016 gegr\u00fcndet wurde. Das Unternehmen hat seinen Sitz in Br\u00fcssel und ist in ganz Belgien und in ganz Europa t\u00e4tig. In Erg\u00e4nzung, <em><strong>Ihr privater Fahrer<\/strong><\/em> ist ein wichtiger Akteur im Personenverkehr in Br\u00fcssel. Es bietet einen Transportservice f\u00fcr Passagiere, die am Flughafen Br\u00fcssel und am Flughafen Charleroi ankommen.<\/p>\n<p>Ihr privater Fahrer ist ein zuverl\u00e4ssiges Taxiunternehmen f\u00fcr Flugh\u00e4fen.<br \/>\nWenn Sie planen, das Br\u00fcsseler Stadtzentrum zu besuchen, hilft Ihnen Ihr privater Fahrer. In der Tat gibt es unz\u00e4hlige Dinge, die Sie mit der Familie tun k\u00f6nnen. Auch wenn Sie auf Gesch\u00e4ftsreise sind. Tats\u00e4chlich ist Br\u00fcssel mit seinen vielen Gr\u00fcnfl\u00e4chen einfach eine der sch\u00f6nsten St\u00e4dte der Welt.<\/p>\n<p>Sie k\u00f6nnen uns f\u00fcr alle Ihre Transportbed\u00fcrfnisse in Br\u00fcssel vertrauen. Eine Taxifahrt zu einem unserer belgischen Flugh\u00e4fen, eine Hochzeit in Br\u00fcssel, Gruppentransport f\u00fcr ein Meeting, eine private Party, eine Stadtrundfahrt <a href=\"https:\/\/manu015.supserv.cozmoslabs.com\/services\/\">oder eine Taxifahrt von \/ nach einer anderen belgischen Stadt.<\/a> Your private driver <a href=\"https:\/\/manu015.supserv.cozmoslabs.com\/fleet\/\">hat Fahrzeuge<\/a> und professionelle Fahrer, um Ihre Reise unvergesslich zu machen. Wir sind zuverl\u00e4ssig und erschwinglich f\u00fcr alle Ihre Taxifahrten.<\/p>\n<p>Wenn Sie mehr \u00fcber uns und verschiedene Themen in Bezug auf Taxis in Br\u00fcssel im Besonderen und in der Welt im Allgemeinen erfahren m\u00f6chten, besuchen Sie bitte <a href=\"https:\/\/manu015.supserv.cozmoslabs.com\/blog\/\">unser Taxi Blog.<\/a> Teilen Sie uns Ihre Ideen und Erfahrungen mit. Hinterlassen Sie Ihre Kommentare, wenn Sie Lust dazu haben. Teilen Sie Ihre Erfahrungen in unserem Taxi-Blog sowie als Taxifahrer oder einfach als Taxifahrer mit.<\/p>\n<\/div>\n<\/div>\n<\/div>\n<\/div>\n<\/div>\n<\/div>\n<div  class=\"one withsmallpadding ppb_header\" style=\"text-align:center;padding:50px 0 50px 0;background-color:#5856d6;color:#ffffff;\" >\n<div class=\"standard_wrapper\">\n<div class=\"page_content_wrapper\">\n<div class=\"inner\">\n<div style=\"margin:auto;width:50%\">\n<h2 class=\"ppb_title\" style=\"color:#ffffff;\">Professionelle Taxifahrer<\/h2>\n<div class=\"ppb_header_content\">\n<p>Unsere professionellen Fahrer bringen Sie zum Br\u00fcsseler Flughafen Zaventem und holen Sie vom Br\u00fcsseler Flughafen, Charleroi und L\u00fcttich ab. Dar\u00fcber hinaus bietet Ihnen Ihr privater Fahrer eine schnelle und ruhige Fahrt in komfortablen Autos, die mit einem Hochleistungs-WLAN-Netzwerk ausgestattet sind.<\/p>\n<div class=\"one_half\" style=\"\">\n<div class=\"animate_counter_wrapper\">\n<div id=\"1605253829349298397\" class=\"odometer\" style=\"font-size:60px;line-height:60px;\">0<\/div>\n<div class=\"count_separator\"><span><\/span><\/div>\n<div class=\"counter_subject\">Reisen<\/div>\n<\/div>\n<\/div>\n<div class=\"one_half last\" style=\"\">\n<div class=\"animate_counter_wrapper\">\n<div id=\"16052538291044985847\" class=\"odometer\" style=\"font-size:60px;line-height:60px;\">0<\/div>\n<div class=\"count_separator\"><span><\/span><\/div>\n<div class=\"counter_subject\">Zufriedene Kunden<\/div>\n<\/div>\n<\/div>\n<p><br class=\"clear\"\/><\/p>\n<\/div>\n<\/div>\n<\/div>\n<\/div>\n<\/div>\n<\/div>\n<div  class=\"one withsmallpadding ppb_header\" style=\"text-align:left;padding:40px 0 40px 0;\" >\n<div class=\"standard_wrapper\">\n<div class=\"page_content_wrapper\">\n<div class=\"inner\">\n<div style=\"margin:auto;width:100%\">\n<h2 class=\"ppb_title\" style=\"\">Professioneller Taxiservice in Br\u00fcssel<\/h2>\n<div class=\"ppb_header_content\">\n<p>Nutzen Sie unsere <a href=\"https:\/\/manu015.supserv.cozmoslabs.com\/services\/\"> Flughafentransfer, Limousinenservice und Flughafentransfer <\/a> besuchen <a href=\"https:\/\/visit.brussels\/en\/category\/monuments-sites\" target=\"_blank\" rel=\"noopener noreferrer\"> historische Orte von Br\u00fcssel<\/a> und Br\u00fcgge. Z\u00f6gere nicht zu <a href=\"https:\/\/manu015.supserv.cozmoslabs.com\/contact-us\/\"> kontaktiere uns<\/a> um mehr \u00fcber unsere privaten Touren zu erfahren. Unsere Fahrer \u00fcberqueren auch belgische Grenzen, um Sie an Ihr Ziel zu bringen.<\/p>\n<\/div>\n<\/div>\n<\/div>\n<\/div>\n<\/div>\n<\/div>\n<div  class=\"one withsmallpadding ppb_header\" style=\"text-align:left;padding:40px 0 40px 0;\" >\n<div class=\"standard_wrapper\">\n<div class=\"page_content_wrapper\">\n<div class=\"inner\">\n<div style=\"margin:auto;width:100%\">\n<h2 class=\"ppb_title\" style=\"\">Das Taxigesch\u00e4ft in Br\u00fcssel ist unser Service<\/h2>\n<div class=\"ppb_header_content\">\n<p>Vertrauen Sie uns einfach f\u00fcr alle Ihre Taxifahrten in Br\u00fcssel oder zu den Flugh\u00e4fen. Der Personentransport ist unsere Spezialit\u00e4t. Dar\u00fcber hinaus bieten wir einen Mietwagen mit Chauffeur an. Sie haben allen Grund, uns zu vertrauen. Bis heute haben wir Hunderte von zufriedenen Kunden.<\/p>\n<p>Wenn Sie nach einer wirtschaftlichen und bequemen M\u00f6glichkeit suchen, ein Taxi vom oder zum Flughafen Br\u00fcssel und zum Flughafen Charleroi zu nehmen, werden Sie nicht ruiniert. Dann bleibt Ihr privater Fahrer Ihre ideale L\u00f6sung.<\/p>\n<\/div>\n<\/div>\n<\/div>\n<\/div>\n<\/div>\n<\/div>\n<div  class=\"one withsmallpadding ppb_header\" style=\"text-align:left;padding:40px 0 40px 0;\" >\n<div class=\"standard_wrapper\">\n<div class=\"page_content_wrapper\">\n<div class=\"inner\">\n<div style=\"margin:auto;width:100%\">\n<h2 class=\"ppb_title\" style=\"\">Taxibuchung bei Ihrem privaten Fahrer<\/h2>\n<div class=\"ppb_header_content\">\n<p>Unser Online-Taxi-Buchungssystem hilft Ihnen bei der einfachen Buchung Ihres Taxis. Wenn Sie online auf unserer Website buchen, k\u00f6nnen Sie direkt vergleichen und feststellen, welcher Fahrzeugtyp je nach Reiseziel und Budget am wirtschaftlichsten oder komfortabelsten ist.<\/p>\n<p>Buchen Sie Ihr Flughafentaxi bei Ihrem Privatfahrer. Auf diese Weise bleiben Sie am Tag Ihrer Reise stressfrei. Wenn Sie Ihr Taxi rechtzeitig vom Flughafen Br\u00fcssel oder Charleroi aus buchen, m\u00fcssen Sie sich am Reisetag keine Sorgen machen. Ebenso, wenn Sie ein Taxi in die Stadt Antwerpen, L\u00fcttich, Gent, Br\u00fcgge, L\u00fcttich oder Namur buchen. Bei einer Taxibuchung bei uns k\u00f6nnen Sie den festen Endpreis Ihrer Taxifahrt im Voraus erfahren.<\/p>\n<p>Von einer einfachen Limousine bis zu Luxus-Taxis ist f\u00fcr jeden Geschmack und jedes Budget etwas dabei. Buchen Sie jetzt Ihr Flughafentaxi, um es vom Flughafen Br\u00fcssel und vom Flughafen Charleroi abzuholen, oder bringen Sie es einfach dorthin.<\/p>\n<p>Dank unseres Online-Buchungssystems sind Sie vor der \u00dcberraschung einer Geb\u00fchrenerh\u00f6hung in letzter Minute sicher. Tats\u00e4chlich passiert dies nur, wenn Sie Ihr Uber-Taxi oder Heetch-Taxi zum Flughafen bestellen m\u00f6chten. Wir alle jetzt \u00fcber den ber\u00fchmten Uber Preisanstieg. Mit Ihrem privaten Fahrer werden Sie so etwas nie erleben<\/p>\n<h3>Wie bezahle ich mein Taxi bei Ihrem Privatfahrer?<\/h3>\n<h4>Zahlungsmittel f\u00fcr Ihr Flughafentaxi.<\/h4>\n<p>Zum Zeitpunkt Ihrer Taxibuchung w\u00e4hlen Sie zwischen einer sofortigen sicheren Online-Zahlung oder einer Barzahlung.<\/p>\n<p>Ihr privater Fahrer akzeptiert die meisten Zahlungsmethoden wie Mastercard, Visa, American Express, PayPal, Ideal, Sofort Banking, Bancontact, EPS, CartaSi, GiroPay, KBC \/ CBC, Belfius, ING, Paysafecard, Bankkarten, Sepa-Lastschrift, Sepa Bank \u00dcberweisungs-, Geschenkkarten und verschiedene andere Kredit- oder Debitkarten. F\u00fcr jede Online-Zahlung wird eine zus\u00e4tzliche Geb\u00fchr von 4% erhoben. Dies gilt f\u00fcr die Transaktionsprovision mit Kreditkarte \/ Paypal.<\/p>\n<p>Wenn Sie sich f\u00fcr die Barzahlung entscheiden, ist kein Aufpreis erforderlich. Die Zahlung erfolgt an den Fahrer. Sie m\u00fcssen jedoch nur das genaue Wechselgeld haben, da unsere Fahrer nicht oft mit viel Bargeld laufen.<\/p>\n<h4>G\u00fcnstige Taxifahrt.<\/h4>\n<p>Wettbewerbsf\u00e4higer Taxifahrpreis f\u00fcr private Minivans, Mercedes-Benz Klasse V oder \u00e4hnliches f\u00fcr bis zu 8 Personen. Dar\u00fcber hinaus zahlen Sie mit Executive-Limousinen wie der Mercedes-Benz Klasse E einen angemessenen Taxifahrpreis zum Flughafen. Dieser g\u00fcnstige Taxifahrpreis gilt auch f\u00fcr Standard-Minibusse f\u00fcr 8 Personen wie Opel Vivaro oder Volkswagen Caravell. G\u00fcnstige Taxifahrten gelten auch f\u00fcr Standardlimousinen wie Skoda Octavia oder \u00e4hnliche Fahrzeuge.<\/p>\n<p>Bei Ihrem Privatfahrer finden Sie einen der g\u00fcnstigsten Taxikosten in Br\u00fcssel. Taxi ab 35 Euro f\u00fcr einen Flughafentransfer vom Br\u00fcsseler Flughafen in die Br\u00fcsseler Innenstadt. Dieser Preis beinhaltet den Empfangsservice am Flughafen. Ihr privater Fahrer beantragt einen sehr g\u00fcnstigen Taxifahrpreis. Dies soll es jedem erm\u00f6glichen, unsere au\u00dfergew\u00f6hnlichen Dienstleistungen zu genie\u00dfen.<\/p>\n<p>Z\u00f6gern Sie nicht, sich zu registrieren oder <a href=\"https:\/\/manu015.supserv.cozmoslabs.com\/account\/\">ins Konto einloggen<\/a> um Ihre Buchungen zu verwalten oder eine neue Buchung vorzunehmen.<\/p>\n<\/div>\n<\/div>\n<\/div>\n<\/div>\n<\/div>\n<\/div>","protected":false},"excerpt":{"rendered":"<p>Your Private Driver Your Private Driver is a taxi company and remunerated passenger carrier founded around early 2016. The company is located in Brussels and operates throughout Belgium and across Europe. In addition, Your Private Driver is a key player [&hellip;]<\/p>","protected":false},"author":1,"featured_media":7659,"parent":0,"menu_order":0,"comment_status":"closed","ping_status":"closed","template":"","meta":[],"yoast_head":"<!-- This site is optimized with the Yoast SEO plugin v18.4.1 - https:\/\/yoast.com\/wordpress\/plugins\/seo\/ -->\n<title>Learn more about our taxi company - Your Private Driver<\/title>\n<meta name=\"description\" content=\"Your Private Driver is taxi company founded in early 2016. We provide taxi service in Brussels and to BRU and CRL airports.\" \/>\n<meta name=\"robots\" content=\"index, follow, max-snippet:-1, max-image-preview:large, max-video-preview:-1\" \/>\n<link rel=\"canonical\" href=\"https:\/\/manu015.supserv.cozmoslabs.com\/de\/about-us\/\" \/>\n<meta property=\"og:locale\" content=\"de_DE\" \/>\n<meta property=\"og:type\" content=\"article\" \/>\n<meta property=\"og:title\" content=\"Learn more about our taxi company - Your Private Driver\" \/>\n<meta property=\"og:description\" content=\"Your Private Driver is taxi company founded in early 2016. We provide taxi service in Brussels and to BRU and CRL airports.\" \/>\n<meta property=\"og:url\" content=\"https:\/\/manu015.supserv.cozmoslabs.com\/de\/about-us\/\" \/>\n<meta property=\"og:site_name\" content=\"Your Private Driver\" \/>\n<meta property=\"article:publisher\" content=\"https:\/\/www.facebook.com\/yourprivatedriverbrussels\" \/>\n<meta property=\"article:modified_time\" content=\"2020-11-13T07:50:29+00:00\" \/>\n<meta property=\"og:image\" content=\"https:\/\/manu015.supserv.cozmoslabs.com\/wp-content\/uploads\/2020\/11\/about.jpg\" \/>\n\t<meta property=\"og:image:width\" content=\"854\" \/>\n\t<meta property=\"og:image:height\" content=\"334\" \/>\n\t<meta property=\"og:image:type\" content=\"image\/jpeg\" \/>\n<meta name=\"twitter:card\" content=\"summary_large_image\" \/>\n<meta name=\"twitter:site\" content=\"@privatedriverbx\" \/>\n<meta name=\"twitter:label1\" content=\"Gesch\u00e4tzte Lesezeit\" \/>\n\t<meta name=\"twitter:data1\" content=\"5\u00a0Minuten\" \/>\n<script type=\"application\/ld+json\" class=\"yoast-schema-graph\">{\"@context\":\"https:\/\/schema.org\",\"@graph\":[{\"@type\":\"Organization\",\"@id\":\"https:\/\/manu015.supserv.cozmoslabs.com\/#organization\",\"name\":\"Your Private Driver\",\"url\":\"https:\/\/manu015.supserv.cozmoslabs.com\/\",\"sameAs\":[\"https:\/\/www.facebook.com\/yourprivatedriverbrussels\",\"https:\/\/www.instagram.com\/taxibrusselsairport\/\",\"https:\/\/www.linkedin.com\/company\/yourprivatedriver\/\",\"https:\/\/www.youtube.com\/channel\/UCdFj5lm3qhOZWz_Rz0yupVA\",\"https:\/\/www.pinterest.fr\/pin\/704672672920362864\/\",\"https:\/\/twitter.com\/privatedriverbx\"],\"logo\":{\"@type\":\"ImageObject\",\"@id\":\"https:\/\/manu015.supserv.cozmoslabs.com\/#logo\",\"inLanguage\":\"de\",\"url\":\"\",\"contentUrl\":\"\",\"caption\":\"Your Private Driver\"},\"image\":{\"@id\":\"https:\/\/manu015.supserv.cozmoslabs.com\/#logo\"}},{\"@type\":\"WebSite\",\"@id\":\"https:\/\/manu015.supserv.cozmoslabs.com\/#website\",\"url\":\"https:\/\/manu015.supserv.cozmoslabs.com\/\",\"name\":\"Your Private Driver\",\"description\":\"Taxi Brussels airport - Taxi Charleroi airport\",\"publisher\":{\"@id\":\"https:\/\/manu015.supserv.cozmoslabs.com\/#organization\"},\"potentialAction\":[{\"@type\":\"SearchAction\",\"target\":{\"@type\":\"EntryPoint\",\"urlTemplate\":\"https:\/\/manu015.supserv.cozmoslabs.com\/?s={search_term_string}\"},\"query-input\":\"required name=search_term_string\"}],\"inLanguage\":\"de\"},{\"@type\":\"ImageObject\",\"@id\":\"https:\/\/manu015.supserv.cozmoslabs.com\/about-us\/#primaryimage\",\"inLanguage\":\"de\",\"url\":\"https:\/\/manu015.supserv.cozmoslabs.com\/wp-content\/uploads\/2020\/11\/about.jpg\",\"contentUrl\":\"https:\/\/manu015.supserv.cozmoslabs.com\/wp-content\/uploads\/2020\/11\/about.jpg\",\"width\":854,\"height\":334,\"caption\":\"About Us\"},{\"@type\":\"WebPage\",\"@id\":\"https:\/\/manu015.supserv.cozmoslabs.com\/about-us\/#webpage\",\"url\":\"https:\/\/manu015.supserv.cozmoslabs.com\/about-us\/\",\"name\":\"Learn more about our taxi company - Your Private Driver\",\"isPartOf\":{\"@id\":\"https:\/\/manu015.supserv.cozmoslabs.com\/#website\"},\"primaryImageOfPage\":{\"@id\":\"https:\/\/manu015.supserv.cozmoslabs.com\/about-us\/#primaryimage\"},\"datePublished\":\"2020-10-31T13:03:15+00:00\",\"dateModified\":\"2020-11-13T07:50:29+00:00\",\"description\":\"Your Private Driver is taxi company founded in early 2016. We provide taxi service in Brussels and to BRU and CRL airports.\",\"breadcrumb\":{\"@id\":\"https:\/\/manu015.supserv.cozmoslabs.com\/about-us\/#breadcrumb\"},\"inLanguage\":\"de\",\"potentialAction\":[{\"@type\":\"ReadAction\",\"target\":[\"https:\/\/manu015.supserv.cozmoslabs.com\/about-us\/\"]}]},{\"@type\":\"BreadcrumbList\",\"@id\":\"https:\/\/manu015.supserv.cozmoslabs.com\/about-us\/#breadcrumb\",\"itemListElement\":[{\"@type\":\"ListItem\",\"position\":1,\"name\":\"Home\",\"item\":\"https:\/\/manu015.supserv.cozmoslabs.com\/\"},{\"@type\":\"ListItem\",\"position\":2,\"name\":\"About Us\"}]}]}<\/script>\n<!-- \/ Yoast SEO plugin. -->","yoast_head_json":{"title":"Learn more about our taxi company - Your Private Driver","description":"Your Private Driver is taxi company founded in early 2016. We provide taxi service in Brussels and to BRU and CRL airports.","robots":{"index":"index","follow":"follow","max-snippet":"max-snippet:-1","max-image-preview":"max-image-preview:large","max-video-preview":"max-video-preview:-1"},"canonical":"https:\/\/manu015.supserv.cozmoslabs.com\/de\/about-us\/","og_locale":"de_DE","og_type":"article","og_title":"Learn more about our taxi company - Your Private Driver","og_description":"Your Private Driver is taxi company founded in early 2016. We provide taxi service in Brussels and to BRU and CRL airports.","og_url":"https:\/\/manu015.supserv.cozmoslabs.com\/de\/about-us\/","og_site_name":"Your Private Driver","article_publisher":"https:\/\/www.facebook.com\/yourprivatedriverbrussels","article_modified_time":"2020-11-13T07:50:29+00:00","og_image":[{"width":854,"height":334,"url":"https:\/\/manu015.supserv.cozmoslabs.com\/wp-content\/uploads\/2020\/11\/about.jpg","type":"image\/jpeg"}],"twitter_card":"summary_large_image","twitter_site":"@privatedriverbx","twitter_misc":{"Gesch\u00e4tzte Lesezeit":"5\u00a0Minuten"},"schema":{"@context":"https:\/\/schema.org","@graph":[{"@type":"Organization","@id":"https:\/\/manu015.supserv.cozmoslabs.com\/#organization","name":"Your Private Driver","url":"https:\/\/manu015.supserv.cozmoslabs.com\/","sameAs":["https:\/\/www.facebook.com\/yourprivatedriverbrussels","https:\/\/www.instagram.com\/taxibrusselsairport\/","https:\/\/www.linkedin.com\/company\/yourprivatedriver\/","https:\/\/www.youtube.com\/channel\/UCdFj5lm3qhOZWz_Rz0yupVA","https:\/\/www.pinterest.fr\/pin\/704672672920362864\/","https:\/\/twitter.com\/privatedriverbx"],"logo":{"@type":"ImageObject","@id":"https:\/\/manu015.supserv.cozmoslabs.com\/#logo","inLanguage":"de","url":"","contentUrl":"","caption":"Your Private Driver"},"image":{"@id":"https:\/\/manu015.supserv.cozmoslabs.com\/#logo"}},{"@type":"WebSite","@id":"https:\/\/manu015.supserv.cozmoslabs.com\/#website","url":"https:\/\/manu015.supserv.cozmoslabs.com\/","name":"Your Private Driver","description":"Taxi Brussels airport - Taxi Charleroi airport","publisher":{"@id":"https:\/\/manu015.supserv.cozmoslabs.com\/#organization"},"potentialAction":[{"@type":"SearchAction","target":{"@type":"EntryPoint","urlTemplate":"https:\/\/manu015.supserv.cozmoslabs.com\/?s={search_term_string}"},"query-input":"required name=search_term_string"}],"inLanguage":"de"},{"@type":"ImageObject","@id":"https:\/\/manu015.supserv.cozmoslabs.com\/about-us\/#primaryimage","inLanguage":"de","url":"https:\/\/manu015.supserv.cozmoslabs.com\/wp-content\/uploads\/2020\/11\/about.jpg","contentUrl":"https:\/\/manu015.supserv.cozmoslabs.com\/wp-content\/uploads\/2020\/11\/about.jpg","width":854,"height":334,"caption":"About Us"},{"@type":"WebPage","@id":"https:\/\/manu015.supserv.cozmoslabs.com\/about-us\/#webpage","url":"https:\/\/manu015.supserv.cozmoslabs.com\/about-us\/","name":"Learn more about our taxi company - Your Private Driver","isPartOf":{"@id":"https:\/\/manu015.supserv.cozmoslabs.com\/#website"},"primaryImageOfPage":{"@id":"https:\/\/manu015.supserv.cozmoslabs.com\/about-us\/#primaryimage"},"datePublished":"2020-10-31T13:03:15+00:00","dateModified":"2020-11-13T07:50:29+00:00","description":"Your Private Driver is taxi company founded in early 2016. We provide taxi service in Brussels and to BRU and CRL airports.","breadcrumb":{"@id":"https:\/\/manu015.supserv.cozmoslabs.com\/about-us\/#breadcrumb"},"inLanguage":"de","potentialAction":[{"@type":"ReadAction","target":["https:\/\/manu015.supserv.cozmoslabs.com\/about-us\/"]}]},{"@type":"BreadcrumbList","@id":"https:\/\/manu015.supserv.cozmoslabs.com\/about-us\/#breadcrumb","itemListElement":[{"@type":"ListItem","position":1,"name":"Home","item":"https:\/\/manu015.supserv.cozmoslabs.com\/"},{"@type":"ListItem","position":2,"name":"About Us"}]}]}},"_links":{"self":[{"href":"https:\/\/manu015.supserv.cozmoslabs.com\/de\/wp-json\/wp\/v2\/pages\/7018"}],"collection":[{"href":"https:\/\/manu015.supserv.cozmoslabs.com\/de\/wp-json\/wp\/v2\/pages"}],"about":[{"href":"https:\/\/manu015.supserv.cozmoslabs.com\/de\/wp-json\/wp\/v2\/types\/page"}],"author":[{"embeddable":true,"href":"https:\/\/manu015.supserv.cozmoslabs.com\/de\/wp-json\/wp\/v2\/users\/1"}],"replies":[{"embeddable":true,"href":"https:\/\/manu015.supserv.cozmoslabs.com\/de\/wp-json\/wp\/v2\/comments?post=7018"}],"version-history":[{"count":0,"href":"https:\/\/manu015.supserv.cozmoslabs.com\/de\/wp-json\/wp\/v2\/pages\/7018\/revisions"}],"wp:featuredmedia":[{"embeddable":true,"href":"https:\/\/manu015.supserv.cozmoslabs.com\/de\/wp-json\/wp\/v2\/media\/7659"}],"wp:attachment":[{"href":"https:\/\/manu015.supserv.cozmoslabs.com\/de\/wp-json\/wp\/v2\/media?parent=7018"}],"curies":[{"name":"wp","href":"https:\/\/api.w.org\/{rel}","templated":true}]}}