{"id":7146,"date":"2020-11-01T14:01:43","date_gmt":"2020-11-01T14:01:43","guid":{"rendered":"https:\/\/manu015.supserv.cozmoslabs.com\/?page_id=7146"},"modified":"2020-11-13T08:27:03","modified_gmt":"2020-11-13T08:27:03","slug":"taxi-tomorrowland-festival","status":"publish","type":"page","link":"https:\/\/manu015.supserv.cozmoslabs.com\/da\/taxi-tomorrowland-festival\/","title":{"rendered":"Taxi i morgenland festival"},"content":{"rendered":"<div  class=\"one withsmallpadding ppb_text\" style=\"text-align:left;padding:40px 0 40px 0;\" >\n<div class=\"standard_wrapper\">\n<div class=\"page_content_wrapper\">\n<div class=\"inner\">\n<div style=\"margin:auto;width:100%\">\n<h1 style=\"text-align: center;\">Taxa Tomorrowland<\/h1>\n<iframe src=\"https:\/\/manu015.supserv.cozmoslabs.com\/eto\/?site_key=9ea3cb480ae5c09e26a20fb697ce8ee6\" name=\"eto-iframe\" id=\"eto-iframe-60126\" class=\"eto-iframe\" width=\"100%\" scrolling=\"no\" allow=\"geolocation\">Denne indstilling fungerer ikke korrekt. Desv\u00e6rre underst\u00f8tter din browser ikke integrerede rammer.<\/iframe>\n<style type=\"text\/css\">iframe#eto-iframe-60126 { width:1px; min-width:100%; border:0; }<\/style>\n<script type=\"text\/javascript\" async defer> (function() { var etoWidgetData = { checkTimeout: 100, dynamicIframe: 0, googlePageSpeed: 0, googlePageSpeedLoadDelay: 6000, loadDelay: 0, }; function etoWidgetInit() { if (etoWidgetData.dynamicIframe) { var etoWidgetContainer = document.getElementById('eto-widget-container-eto-iframe-60126'); if (etoWidgetContainer) { etoWidgetContainer.innerHTML = '<iframe src=\"https:\/\/manu015.supserv.cozmoslabs.com\/eto\/?site_key=9ea3cb480ae5c09e26a20fb697ce8ee6\" name=\"eto-iframe\" id=\"eto-iframe-60126\" class=\"eto-iframe\" width=\"100%\" scrolling=\"no\" allow=\"geolocation\">This option will not work correctly. Unfortunately, your browser does not support inline frames.<\/iframe>'; } } iFrameResize({ log: false, targetOrigin: '*', checkOrigin: false, }, \"iframe#eto-iframe-60126\"); } function etoWidgetReady() { setTimeout(function() { etoWidgetData.checkTimeout--; if (typeof iFrameResize !== 'undefined') { etoWidgetInit(); } else if (etoWidgetData.checkTimeout > 0) { etoWidgetReady(); console.log('Library not loaded, checking again.'); } else { console.log('External library failed to load.'); } }, 100); }; if (etoWidgetData.loadDelay) { setTimeout(function() { etoWidgetReady(); }, etoWidgetData.loadDelay); } else { etoWidgetReady(); } })(); <\/script>\n\n<p>Vi leverer taxaydelser til fra Bruxelles by til Tomorrowland festival og Dreamville i Boom. Desuden har vi en taxa fra Bruxelles lufthavn til Tomorrowland festival og Dreamville Boom. Kom venligst til os for en taxa fra Charleroi lufthavn til Tomorrowland festival og Dreamville i Boom. Vores chauff\u00f8rer f\u00f8rer dig med en taxa fra Antwerpen til Tomorrowland festival og Dreamville camp i Boom. Vores firma har en taxatjeneste fra Mechelen og Machelen til Tomorrowland festival og Dreamville camp. Vi har en taxa fra Meise til Tomorrowland festival og Dreamville camp. Vi har en taxa fra ethvert hotel i Bruxelles til Tomorrowland festival og Dreamville.<\/p>\n<h2>Hvad du har brug for at vide om Tomorrowland festival i Boom, Bruxelles<\/h2>\n<p><a href=\"https:\/\/www.tomorrowland.com\/en\/festival\/welcome\" target=\"_blank\" rel=\"noopener noreferrer\">Tomorrowland <\/a>er en elektronisk musikfestival, der afholdes i juli hvert \u00e5r p\u00e5 et specielt sted i kommunen De Schorre i Boom, og dette er beliggende i provinsen Antwerpen i Belgien.<br \/>\nTomorrowland-festivalen dukkede op i 2003, dette var p\u00e5 en id\u00e9 fra to br\u00f8dre, nemlig: Manu og Michiel Beers. Disse er arrang\u00f8ren af \u200b\u200bhollandske elektroniske musikbegivenheder ID&amp;T (anerkendt for ber\u00f8mte festivaler som Mystery Land, Sensation og Thunderdome). De k\u00f8bte 50% af aktierne i 2004 (inden de videres\u00e6lges dem tolv \u00e5r senere), hvorefter den f\u00f8rste udgave af festivalen blev arrangeret i 2005. I 2013 blev konceptet hurtigt eksporteret til USA n\u00e6r Atlanta og blev TomorrowWorld til lejligheden. To \u00e5r senere, i 2015, blev der afholdt en festival kaldet Tomorrowland i et tredjeland, Brasilien. I 2019 opretter den belgiske festival Tomorrowland Winter i Frankrig, i bjergene, ved Alpe d&#39;Huez.<br \/>\nTomorrowland t\u00e6llede i 2012 deltagelse af mere end 365 disc jockeys med ca. 180.000 bes\u00f8gende til denne udgave fra 75 forskellige lande. I de f\u00f8lgende \u00e5r forblev antallet af festivaldeltagere stabilt, men flere og flere nationaliteter var repr\u00e6senteret indtil 2004. Han blev valgt tre gange i tr\u00e6k som \u201d\u00e5rets bedste musikalske begivenhed\u201d p\u00e5 Winter Music Conference og dens omd\u00f8mme er s\u00e5dan at visse videoer offentliggjort af organisationen overstiger hundrede millioner visninger. I dag er der stadig den &quot;bedst kendte elektroniske musikfestival i verden&quot;. Det besk\u00e6ftiger 80 ansatte \u00e5ret rundt for organisationen og 12.000 mennesker under arrangementet.<\/p>\n<h2>Tomorrowland er den bedste festival for Electronic Dance Music (EDM)<\/h2>\n<p>Har vi stadig brug for at pr\u00e6sentere Tomorrowland, den st\u00f8rste dansefestival i verden? Hvert \u00e5r er det v\u00e6rt for et program med cremen af dans DJ&#39;er i den belgiske by Boom.<\/p>\n<p>Et sikkert spil for elektro, og festivalen modtager det bedste af EDM, house, techno og hardstyle, som det fremg\u00e5r af sine tidligere udgaver, som is\u00e6r har set The Chainsmokers, Carl Cox, Martin Garrix, Armin van Buuren og Ti\u00ebsto kaste sig til pladespillere.<\/p>\n<p>EDM-, house-, techno- og hardstylemisbrugere ved allerede, at de kun finder de bedste inden for elektro, som The Chainsmokers, Carl Cox, Martin Garrix, Armin van Buuren eller Ti\u00ebsto, p\u00e5 pladespillere i tidligere udgaver.<\/p>\n<p>Du beh\u00f8ver kun at tale om scenernes utrolige design, spektakul\u00e6re produktioner og us\u00e6dvanlige overraskelser for at forst\u00e5, hvorfor billetterne til Tomorrowland l\u00f8ber ud p\u00e5 rekordtid hvert \u00e5r!<\/p>\n<p>Et rigtigt mekka for dansefans, Tomorrowland lover alle festivalg\u00e6ster at fordybe sig i dens magiske og mytologiske verden. En absolut vigtig begivenhed !!!!<\/p>\n<p>Du kan kontrollere dette <a href=\"https:\/\/manu015.supserv.cozmoslabs.com\/terms-and-conditions\/\">side for vores vilk\u00e5r og betingelser.<\/a><\/p>\n<\/div>\n<\/div>\n<\/div>\n<\/div>\n<\/div>","protected":false},"excerpt":{"rendered":"<p>Taxi Tomorrowland We provide taxi services to from Brussels city to Tomorrowland festival and Dreamville in Boom. Besides we have a taxi from Brussels airport to Tomorrowland festival and Dreamville Boom. Please come to us for a taxi from Charleroi [&hellip;]<\/p>","protected":false},"author":1,"featured_media":7149,"parent":0,"menu_order":0,"comment_status":"closed","ping_status":"closed","template":"","meta":[],"yoast_head":"<!-- This site is optimized with the Yoast SEO plugin v18.4.1 - https:\/\/yoast.com\/wordpress\/plugins\/seo\/ -->\n<title>Taxi tomorrowland festival &amp; Dreamvile camp- Your Private Driver<\/title>\n<meta name=\"description\" content=\"Taxi to Tomorrowland festival and Dreamville camp. Official taxi company for Tomorrowland music festval. from airport and hotel to festival.\" \/>\n<meta name=\"robots\" content=\"index, follow, max-snippet:-1, max-image-preview:large, max-video-preview:-1\" \/>\n<link rel=\"canonical\" href=\"https:\/\/manu015.supserv.cozmoslabs.com\/da\/taxi-tomorrowland-festival\/\" \/>\n<meta property=\"og:locale\" content=\"da_DK\" \/>\n<meta property=\"og:type\" content=\"article\" \/>\n<meta property=\"og:title\" content=\"Taxi tomorrowland festival &amp; Dreamvile camp- Your Private Driver\" \/>\n<meta property=\"og:description\" content=\"Taxi to Tomorrowland festival and Dreamville camp. Official taxi company for Tomorrowland music festval. from airport and hotel to festival.\" \/>\n<meta property=\"og:url\" content=\"https:\/\/manu015.supserv.cozmoslabs.com\/da\/taxi-tomorrowland-festival\/\" \/>\n<meta property=\"og:site_name\" content=\"Your Private Driver\" \/>\n<meta property=\"article:publisher\" content=\"https:\/\/www.facebook.com\/yourprivatedriverbrussels\" \/>\n<meta property=\"article:modified_time\" content=\"2020-11-13T08:27:03+00:00\" \/>\n<meta property=\"og:image\" content=\"https:\/\/manu015.supserv.cozmoslabs.com\/wp-content\/uploads\/2020\/11\/Tomorrowland-Boom-Brussels-Festival.jpeg\" \/>\n\t<meta property=\"og:image:width\" content=\"640\" \/>\n\t<meta property=\"og:image:height\" content=\"480\" \/>\n\t<meta property=\"og:image:type\" content=\"image\/jpeg\" \/>\n<meta name=\"twitter:card\" content=\"summary_large_image\" \/>\n<meta name=\"twitter:site\" content=\"@privatedriverbx\" \/>\n<meta name=\"twitter:label1\" content=\"Estimeret l\u00e6setid\" \/>\n\t<meta name=\"twitter:data1\" content=\"3 minutter\" \/>\n<script type=\"application\/ld+json\" class=\"yoast-schema-graph\">{\"@context\":\"https:\/\/schema.org\",\"@graph\":[{\"@type\":\"Organization\",\"@id\":\"https:\/\/manu015.supserv.cozmoslabs.com\/#organization\",\"name\":\"Your Private Driver\",\"url\":\"https:\/\/manu015.supserv.cozmoslabs.com\/\",\"sameAs\":[\"https:\/\/www.facebook.com\/yourprivatedriverbrussels\",\"https:\/\/www.instagram.com\/taxibrusselsairport\/\",\"https:\/\/www.linkedin.com\/company\/yourprivatedriver\/\",\"https:\/\/www.youtube.com\/channel\/UCdFj5lm3qhOZWz_Rz0yupVA\",\"https:\/\/www.pinterest.fr\/pin\/704672672920362864\/\",\"https:\/\/twitter.com\/privatedriverbx\"],\"logo\":{\"@type\":\"ImageObject\",\"@id\":\"https:\/\/manu015.supserv.cozmoslabs.com\/#logo\",\"inLanguage\":\"da-DK\",\"url\":\"\",\"contentUrl\":\"\",\"caption\":\"Your Private Driver\"},\"image\":{\"@id\":\"https:\/\/manu015.supserv.cozmoslabs.com\/#logo\"}},{\"@type\":\"WebSite\",\"@id\":\"https:\/\/manu015.supserv.cozmoslabs.com\/#website\",\"url\":\"https:\/\/manu015.supserv.cozmoslabs.com\/\",\"name\":\"Your Private Driver\",\"description\":\"Taxi Brussels airport - Taxi Charleroi airport\",\"publisher\":{\"@id\":\"https:\/\/manu015.supserv.cozmoslabs.com\/#organization\"},\"potentialAction\":[{\"@type\":\"SearchAction\",\"target\":{\"@type\":\"EntryPoint\",\"urlTemplate\":\"https:\/\/manu015.supserv.cozmoslabs.com\/?s={search_term_string}\"},\"query-input\":\"required name=search_term_string\"}],\"inLanguage\":\"da-DK\"},{\"@type\":\"ImageObject\",\"@id\":\"https:\/\/manu015.supserv.cozmoslabs.com\/taxi-tomorrowland-festival\/#primaryimage\",\"inLanguage\":\"da-DK\",\"url\":\"https:\/\/manu015.supserv.cozmoslabs.com\/wp-content\/uploads\/2020\/11\/Tomorrowland-Boom-Brussels-Festival.jpeg\",\"contentUrl\":\"https:\/\/manu015.supserv.cozmoslabs.com\/wp-content\/uploads\/2020\/11\/Tomorrowland-Boom-Brussels-Festival.jpeg\",\"width\":640,\"height\":480,\"caption\":\"Tomorrowland Festival\"},{\"@type\":\"WebPage\",\"@id\":\"https:\/\/manu015.supserv.cozmoslabs.com\/taxi-tomorrowland-festival\/#webpage\",\"url\":\"https:\/\/manu015.supserv.cozmoslabs.com\/taxi-tomorrowland-festival\/\",\"name\":\"Taxi tomorrowland festival & Dreamvile camp- Your Private Driver\",\"isPartOf\":{\"@id\":\"https:\/\/manu015.supserv.cozmoslabs.com\/#website\"},\"primaryImageOfPage\":{\"@id\":\"https:\/\/manu015.supserv.cozmoslabs.com\/taxi-tomorrowland-festival\/#primaryimage\"},\"datePublished\":\"2020-11-01T14:01:43+00:00\",\"dateModified\":\"2020-11-13T08:27:03+00:00\",\"description\":\"Taxi to Tomorrowland festival and Dreamville camp. Official taxi company for Tomorrowland music festval. from airport and hotel to festival.\",\"breadcrumb\":{\"@id\":\"https:\/\/manu015.supserv.cozmoslabs.com\/taxi-tomorrowland-festival\/#breadcrumb\"},\"inLanguage\":\"da-DK\",\"potentialAction\":[{\"@type\":\"ReadAction\",\"target\":[\"https:\/\/manu015.supserv.cozmoslabs.com\/taxi-tomorrowland-festival\/\"]}]},{\"@type\":\"BreadcrumbList\",\"@id\":\"https:\/\/manu015.supserv.cozmoslabs.com\/taxi-tomorrowland-festival\/#breadcrumb\",\"itemListElement\":[{\"@type\":\"ListItem\",\"position\":1,\"name\":\"Home\",\"item\":\"https:\/\/manu015.supserv.cozmoslabs.com\/\"},{\"@type\":\"ListItem\",\"position\":2,\"name\":\"Taxi tomorrowland festival\"}]}]}<\/script>\n<!-- \/ Yoast SEO plugin. -->","yoast_head_json":{"title":"Taxi tomorrowland festival & Dreamvile camp- Your Private Driver","description":"Taxi to Tomorrowland festival and Dreamville camp. Official taxi company for Tomorrowland music festval. from airport and hotel to festival.","robots":{"index":"index","follow":"follow","max-snippet":"max-snippet:-1","max-image-preview":"max-image-preview:large","max-video-preview":"max-video-preview:-1"},"canonical":"https:\/\/manu015.supserv.cozmoslabs.com\/da\/taxi-tomorrowland-festival\/","og_locale":"da_DK","og_type":"article","og_title":"Taxi tomorrowland festival & Dreamvile camp- Your Private Driver","og_description":"Taxi to Tomorrowland festival and Dreamville camp. Official taxi company for Tomorrowland music festval. from airport and hotel to festival.","og_url":"https:\/\/manu015.supserv.cozmoslabs.com\/da\/taxi-tomorrowland-festival\/","og_site_name":"Your Private Driver","article_publisher":"https:\/\/www.facebook.com\/yourprivatedriverbrussels","article_modified_time":"2020-11-13T08:27:03+00:00","og_image":[{"width":640,"height":480,"url":"https:\/\/manu015.supserv.cozmoslabs.com\/wp-content\/uploads\/2020\/11\/Tomorrowland-Boom-Brussels-Festival.jpeg","type":"image\/jpeg"}],"twitter_card":"summary_large_image","twitter_site":"@privatedriverbx","twitter_misc":{"Estimeret l\u00e6setid":"3 minutter"},"schema":{"@context":"https:\/\/schema.org","@graph":[{"@type":"Organization","@id":"https:\/\/manu015.supserv.cozmoslabs.com\/#organization","name":"Your Private Driver","url":"https:\/\/manu015.supserv.cozmoslabs.com\/","sameAs":["https:\/\/www.facebook.com\/yourprivatedriverbrussels","https:\/\/www.instagram.com\/taxibrusselsairport\/","https:\/\/www.linkedin.com\/company\/yourprivatedriver\/","https:\/\/www.youtube.com\/channel\/UCdFj5lm3qhOZWz_Rz0yupVA","https:\/\/www.pinterest.fr\/pin\/704672672920362864\/","https:\/\/twitter.com\/privatedriverbx"],"logo":{"@type":"ImageObject","@id":"https:\/\/manu015.supserv.cozmoslabs.com\/#logo","inLanguage":"da-DK","url":"","contentUrl":"","caption":"Your Private Driver"},"image":{"@id":"https:\/\/manu015.supserv.cozmoslabs.com\/#logo"}},{"@type":"WebSite","@id":"https:\/\/manu015.supserv.cozmoslabs.com\/#website","url":"https:\/\/manu015.supserv.cozmoslabs.com\/","name":"Your Private Driver","description":"Taxi Brussels airport - Taxi Charleroi airport","publisher":{"@id":"https:\/\/manu015.supserv.cozmoslabs.com\/#organization"},"potentialAction":[{"@type":"SearchAction","target":{"@type":"EntryPoint","urlTemplate":"https:\/\/manu015.supserv.cozmoslabs.com\/?s={search_term_string}"},"query-input":"required name=search_term_string"}],"inLanguage":"da-DK"},{"@type":"ImageObject","@id":"https:\/\/manu015.supserv.cozmoslabs.com\/taxi-tomorrowland-festival\/#primaryimage","inLanguage":"da-DK","url":"https:\/\/manu015.supserv.cozmoslabs.com\/wp-content\/uploads\/2020\/11\/Tomorrowland-Boom-Brussels-Festival.jpeg","contentUrl":"https:\/\/manu015.supserv.cozmoslabs.com\/wp-content\/uploads\/2020\/11\/Tomorrowland-Boom-Brussels-Festival.jpeg","width":640,"height":480,"caption":"Tomorrowland Festival"},{"@type":"WebPage","@id":"https:\/\/manu015.supserv.cozmoslabs.com\/taxi-tomorrowland-festival\/#webpage","url":"https:\/\/manu015.supserv.cozmoslabs.com\/taxi-tomorrowland-festival\/","name":"Taxi tomorrowland festival & Dreamvile camp- Your Private Driver","isPartOf":{"@id":"https:\/\/manu015.supserv.cozmoslabs.com\/#website"},"primaryImageOfPage":{"@id":"https:\/\/manu015.supserv.cozmoslabs.com\/taxi-tomorrowland-festival\/#primaryimage"},"datePublished":"2020-11-01T14:01:43+00:00","dateModified":"2020-11-13T08:27:03+00:00","description":"Taxi to Tomorrowland festival and Dreamville camp. Official taxi company for Tomorrowland music festval. from airport and hotel to festival.","breadcrumb":{"@id":"https:\/\/manu015.supserv.cozmoslabs.com\/taxi-tomorrowland-festival\/#breadcrumb"},"inLanguage":"da-DK","potentialAction":[{"@type":"ReadAction","target":["https:\/\/manu015.supserv.cozmoslabs.com\/taxi-tomorrowland-festival\/"]}]},{"@type":"BreadcrumbList","@id":"https:\/\/manu015.supserv.cozmoslabs.com\/taxi-tomorrowland-festival\/#breadcrumb","itemListElement":[{"@type":"ListItem","position":1,"name":"Home","item":"https:\/\/manu015.supserv.cozmoslabs.com\/"},{"@type":"ListItem","position":2,"name":"Taxi tomorrowland festival"}]}]}},"_links":{"self":[{"href":"https:\/\/manu015.supserv.cozmoslabs.com\/da\/wp-json\/wp\/v2\/pages\/7146"}],"collection":[{"href":"https:\/\/manu015.supserv.cozmoslabs.com\/da\/wp-json\/wp\/v2\/pages"}],"about":[{"href":"https:\/\/manu015.supserv.cozmoslabs.com\/da\/wp-json\/wp\/v2\/types\/page"}],"author":[{"embeddable":true,"href":"https:\/\/manu015.supserv.cozmoslabs.com\/da\/wp-json\/wp\/v2\/users\/1"}],"replies":[{"embeddable":true,"href":"https:\/\/manu015.supserv.cozmoslabs.com\/da\/wp-json\/wp\/v2\/comments?post=7146"}],"version-history":[{"count":0,"href":"https:\/\/manu015.supserv.cozmoslabs.com\/da\/wp-json\/wp\/v2\/pages\/7146\/revisions"}],"wp:featuredmedia":[{"embeddable":true,"href":"https:\/\/manu015.supserv.cozmoslabs.com\/da\/wp-json\/wp\/v2\/media\/7149"}],"wp:attachment":[{"href":"https:\/\/manu015.supserv.cozmoslabs.com\/da\/wp-json\/wp\/v2\/media?parent=7146"}],"curies":[{"name":"wp","href":"https:\/\/api.w.org\/{rel}","templated":true}]}}