{"id":7018,"date":"2020-10-31T13:03:15","date_gmt":"2020-10-31T13:03:15","guid":{"rendered":"https:\/\/manu015.supserv.cozmoslabs.com\/?page_id=7018"},"modified":"2020-11-13T07:50:29","modified_gmt":"2020-11-13T07:50:29","slug":"about-us","status":"publish","type":"page","link":"https:\/\/manu015.supserv.cozmoslabs.com\/da\/about-us\/","title":{"rendered":"Om os"},"content":{"rendered":"<div  class=\"one withsmallpadding ppb_header\" style=\"text-align:left;padding:40px 0 40px 0;\" >\n<div class=\"standard_wrapper\">\n<div class=\"page_content_wrapper\">\n<div class=\"inner\">\n<div style=\"margin:auto;width:100%\">\n<h2 class=\"ppb_title\" style=\"\">Din private chauff\u00f8r<\/h2>\n<div class=\"ppb_header_content\">\n<p>Din private chauff\u00f8r er et taxiselskab og afl\u00f8nnet passagerfirma grundlagt omkring begyndelsen af 2016. Virksomheden er beliggende i Bruxelles og opererer i hele Belgien og i hele Europa. Ud over, <em><strong>Din private chauff\u00f8r<\/strong><\/em> er en n\u00f8gleakt\u00f8r inden for transport af mennesker i Bruxelles. Det tilbyder en transporttjeneste til r\u00e5dighed for passagerer, der ankommer til Bruxelles lufthavn og Charleroi lufthavn.<\/p>\n<p>Din private chauff\u00f8r er et p\u00e5lideligt taxiselskab til lufthavne.<br \/>\nHvis du planl\u00e6gger at bes\u00f8ge Bruxelles centrum, hj\u00e6lper din private chauff\u00f8r dig. Der er faktisk utallige ting, du kan g\u00f8re med familien. Selv hvis du er p\u00e5 forretningsrejse. Faktisk er Bruxelles simpelthen en af de smukkeste byer i verden med sine mange gr\u00f8nne omr\u00e5der.<\/p>\n<p>Du kan stole p\u00e5 os for alle dine transportbehov i Bruxelles. En taxatur til en af vores belgiske lufthavne, et bryllup i Bruxelles, gruppetransport til et m\u00f8de, privat fest, en bytur <a href=\"https:\/\/manu015.supserv.cozmoslabs.com\/services\/\">eller en taxatur til \/ fra en anden belgisk by.<\/a> Your private driver <a href=\"https:\/\/manu015.supserv.cozmoslabs.com\/fleet\/\">har k\u00f8ret\u00f8jer<\/a> og professionelle chauff\u00f8rer for at g\u00f8re din rejse mindev\u00e6rdig. Vi er p\u00e5lidelige og overkommelige til alle dine taxirejser.<\/p>\n<p>Hvis du vil vide mere om os og forskellige emner vedr\u00f8rende taxaer i Bruxelles i s\u00e6rdeleshed og i verden generelt, kan du bes\u00f8ge <a href=\"https:\/\/manu015.supserv.cozmoslabs.com\/blog\/\">vores taxa-blog.<\/a> Del gerne dine ideer og oplevelser. Efterlad dine kommentarer, hvis du har lyst til at g\u00f8re det. Del din oplevelse i vores taxa-blog s\u00e5vel som en taxa-bruger eller blot en taxachauff\u00f8r.<\/p>\n<\/div>\n<\/div>\n<\/div>\n<\/div>\n<\/div>\n<\/div>\n<div  class=\"one withsmallpadding ppb_header\" style=\"text-align:center;padding:50px 0 50px 0;background-color:#5856d6;color:#ffffff;\" >\n<div class=\"standard_wrapper\">\n<div class=\"page_content_wrapper\">\n<div class=\"inner\">\n<div style=\"margin:auto;width:50%\">\n<h2 class=\"ppb_title\" style=\"color:#ffffff;\">Professionelle taxachauff\u00f8rer<\/h2>\n<div class=\"ppb_header_content\">\n<p>Vores professionelle chauff\u00f8rer afleverer dig i Zaventem lufthavn i Bruxelles, og de henter dig fra Bruxelles lufthavn, Charleroi og Li\u00e8ge. Derudover tilbyder din private driver dig en hurtig og stille tur i komfortable biler udstyret med et h\u00f8jtydende Wi-Fi-netv\u00e6rk.<\/p>\n<div class=\"one_half\" style=\"\">\n<div class=\"animate_counter_wrapper\">\n<div id=\"1605253829349298397\" class=\"odometer\" style=\"font-size:60px;line-height:60px;\">0<\/div>\n<div class=\"count_separator\"><span><\/span><\/div>\n<div class=\"counter_subject\">Ture<\/div>\n<\/div>\n<\/div>\n<div class=\"one_half last\" style=\"\">\n<div class=\"animate_counter_wrapper\">\n<div id=\"16052538291044985847\" class=\"odometer\" style=\"font-size:60px;line-height:60px;\">0<\/div>\n<div class=\"count_separator\"><span><\/span><\/div>\n<div class=\"counter_subject\">Glade kunder<\/div>\n<\/div>\n<\/div>\n<p><br class=\"clear\"\/><\/p>\n<\/div>\n<\/div>\n<\/div>\n<\/div>\n<\/div>\n<\/div>\n<div  class=\"one withsmallpadding ppb_header\" style=\"text-align:left;padding:40px 0 40px 0;\" >\n<div class=\"standard_wrapper\">\n<div class=\"page_content_wrapper\">\n<div class=\"inner\">\n<div style=\"margin:auto;width:100%\">\n<h2 class=\"ppb_title\" style=\"\">Professionel taxiservice i Bruxelles<\/h2>\n<div class=\"ppb_header_content\">\n<p>Udnyt vores <a href=\"https:\/\/manu015.supserv.cozmoslabs.com\/services\/\"> lufthavnstransport, limousintjeneste og lufthavnstransport <\/a> at bes\u00f8ge <a href=\"https:\/\/visit.brussels\/en\/category\/monuments-sites\" target=\"_blank\" rel=\"noopener noreferrer\"> historiske steder i Bruxelles<\/a> og Brugge. T\u00f8v ikke med at <a href=\"https:\/\/manu015.supserv.cozmoslabs.com\/contact-us\/\"> kontakt os<\/a> for at l\u00e6re mere om vores private ture. Vores chauff\u00f8rer krydser ogs\u00e5 de belgiske gr\u00e6nser for at tage dig til din destination.<\/p>\n<\/div>\n<\/div>\n<\/div>\n<\/div>\n<\/div>\n<\/div>\n<div  class=\"one withsmallpadding ppb_header\" style=\"text-align:left;padding:40px 0 40px 0;\" >\n<div class=\"standard_wrapper\">\n<div class=\"page_content_wrapper\">\n<div class=\"inner\">\n<div style=\"margin:auto;width:100%\">\n<h2 class=\"ppb_title\" style=\"\">Taxaforretning i Bruxelles er vores service<\/h2>\n<div class=\"ppb_header_content\">\n<p>Stol bare p\u00e5 os for alle dine taxaturer i Bruxelles eller til lufthavne. Transport af mennesker er vores specialitet. Desuden leverer vi chauff\u00f8r-drevet biludlejning. Du har al mulig grund til at stole p\u00e5 os. Til dato har vi hundreder af tilfredse kunder.<\/p>\n<p>Hvis du leder efter en \u00f8konomisk og behagelig m\u00e5de at f\u00e5 en taxa fra eller til Bruxelles lufthavn og Charleroi lufthavn, der ikke vil \u00f8del\u00e6gge dig. S\u00e5 forbliver din private driver din ideelle l\u00f8sning.<\/p>\n<\/div>\n<\/div>\n<\/div>\n<\/div>\n<\/div>\n<\/div>\n<div  class=\"one withsmallpadding ppb_header\" style=\"text-align:left;padding:40px 0 40px 0;\" >\n<div class=\"standard_wrapper\">\n<div class=\"page_content_wrapper\">\n<div class=\"inner\">\n<div style=\"margin:auto;width:100%\">\n<h2 class=\"ppb_title\" style=\"\">Taxi-reservation hos din private chauff\u00f8r<\/h2>\n<div class=\"ppb_header_content\">\n<p>Vores online taxa booking system hj\u00e6lper dig med at bestille din taxa nemt. N\u00e5r du booker online p\u00e5 vores hjemmeside, kan du sammenligne direkte og se, hvilken type k\u00f8ret\u00f8j der er mest \u00f8konomisk eller behagelig afh\u00e6ngigt af din destination og dit budget.<\/p>\n<p>Book din lufthavntaxi med din private chauff\u00f8r. Faktisk vil dette give dig mulighed for at forblive stressfri p\u00e5 dagen for din rejse. Faktisk Hvis du bestiller din taxa fra Bruxelles lufthavn eller Charleroi lufthavn i god tid, har du intet at bekymre dig om p\u00e5 rejsedagen. Ligeledes, hvis du bestiller en taxa til byen Antwerpen, Li\u00e8ge, Gent, Brugge, Li\u00e8ge eller Namur. En taxa-booking hos os giver dig mulighed for p\u00e5 forh\u00e5nd at kende den faste slutpris p\u00e5 din taxatur.<\/p>\n<p>Fra en simpel sedan til luksustaxier er der noget for enhver smag og ethvert budget. S\u00e5 book din lufthavnstaxi nu for at blive afhentet fra Bruxelles lufthavn og Charleroi lufthavn, eller bare blive afleveret der.<\/p>\n<p>Takket v\u00e6re vores online bookingsystem er du sikker p\u00e5 overraskelsen over en sidste \u00f8jebliks gebyrforh\u00f8jelse. Faktisk sker dette netop n\u00e5r du vil bestille din Uber-taxa eller Heetch-taxa til lufthavnen. Vi alle nu om den ber\u00f8mte Uber-prisstigning. Du vil aldrig opleve s\u00e5dan noget med din private driver<\/p>\n<h3>Hvordan betaler du for din taxa hos din private chauff\u00f8r?<\/h3>\n<h4>Betalingsmidler til din lufthavnstaxi.<\/h4>\n<p>P\u00e5 tidspunktet for din taxa-reservation v\u00e6lger du mellem en \u00f8jeblikkelig sikker online betaling eller kontant betaling.<\/p>\n<p>Din private driver accepterer de fleste betalingsmetoder som Mastercard, Visa, American Express, PayPal, Ideal, Sofort Banking, Bancontact, EPS, CartaSi, GiroPay, KBC \/ CBC, Belfius, ING, Paysafecard, Bankkort, Sepa Direct Debit, Sepa Bank Overf\u00f8rsel, gavekort og flere andre kredit- eller betalingskort. For enhver online betaling kr\u00e6ves et 4% ekstra gebyr. Dette er til kreditkort \/ Paypal-transaktionskommission.<\/p>\n<p>Hvis du v\u00e6lger kontant betaling, kr\u00e6ves der ikke noget ekstra gebyr. Betalingen foretages til chauff\u00f8ren. Du skal dog bare have den n\u00f8jagtige \u00e6ndring, fordi vores chauff\u00f8rer ikke g\u00e5r ofte med mange kontante penge.<\/p>\n<h4>Billig taxa.<\/h4>\n<p>Konkurrencedygtig taxa for private minibusser, Mercedes-Benz klasse V eller lignende for op til 8 personer. Derudover betaler du en rimelig taxapris til lufthavnen med ud\u00f8vende sedaner som Mercedes-Benz klasse E. Denne overkommelige taxapris g\u00e6lder selv for standardminibusser til 8 personer som Opel Vivaro eller Volkswagen Caravell. Billig taxa g\u00e6lder ogs\u00e5 for standard Sedans som Skoda Octavia eller lignende k\u00f8ret\u00f8jer.<\/p>\n<p>Hos din private chauff\u00f8r finder du en af de billigste taxa i Bruxelles. Taxa fra 35 euro til lufthavnstransport fra Bruxelles lufthavn til Bruxelles centrum. Denne pris inkluderer receptionstjenesten i lufthavnen. Din private chauff\u00f8r anvender meget billig taxa. Faktisk er dette for at give alle mulighed for at nyde vores ekstraordin\u00e6re tjenester.<\/p>\n<p>T\u00f8v ikke med at registrere eller <a href=\"https:\/\/manu015.supserv.cozmoslabs.com\/account\/\">log ind p\u00e5 din konto<\/a> til at administrere dine bookinger eller foretage en ny reservation.<\/p>\n<\/div>\n<\/div>\n<\/div>\n<\/div>\n<\/div>\n<\/div>","protected":false},"excerpt":{"rendered":"<p>Your Private Driver Your Private Driver is a taxi company and remunerated passenger carrier founded around early 2016. The company is located in Brussels and operates throughout Belgium and across Europe. In addition, Your Private Driver is a key player [&hellip;]<\/p>","protected":false},"author":1,"featured_media":7659,"parent":0,"menu_order":0,"comment_status":"closed","ping_status":"closed","template":"","meta":[],"yoast_head":"<!-- This site is optimized with the Yoast SEO plugin v18.4.1 - https:\/\/yoast.com\/wordpress\/plugins\/seo\/ -->\n<title>Learn more about our taxi company - Your Private Driver<\/title>\n<meta name=\"description\" content=\"Your Private Driver is taxi company founded in early 2016. We provide taxi service in Brussels and to BRU and CRL airports.\" \/>\n<meta name=\"robots\" content=\"index, follow, max-snippet:-1, max-image-preview:large, max-video-preview:-1\" \/>\n<link rel=\"canonical\" href=\"https:\/\/manu015.supserv.cozmoslabs.com\/da\/about-us\/\" \/>\n<meta property=\"og:locale\" content=\"da_DK\" \/>\n<meta property=\"og:type\" content=\"article\" \/>\n<meta property=\"og:title\" content=\"Learn more about our taxi company - Your Private Driver\" \/>\n<meta property=\"og:description\" content=\"Your Private Driver is taxi company founded in early 2016. We provide taxi service in Brussels and to BRU and CRL airports.\" \/>\n<meta property=\"og:url\" content=\"https:\/\/manu015.supserv.cozmoslabs.com\/da\/about-us\/\" \/>\n<meta property=\"og:site_name\" content=\"Your Private Driver\" \/>\n<meta property=\"article:publisher\" content=\"https:\/\/www.facebook.com\/yourprivatedriverbrussels\" \/>\n<meta property=\"article:modified_time\" content=\"2020-11-13T07:50:29+00:00\" \/>\n<meta property=\"og:image\" content=\"https:\/\/manu015.supserv.cozmoslabs.com\/wp-content\/uploads\/2020\/11\/about.jpg\" \/>\n\t<meta property=\"og:image:width\" content=\"854\" \/>\n\t<meta property=\"og:image:height\" content=\"334\" \/>\n\t<meta property=\"og:image:type\" content=\"image\/jpeg\" \/>\n<meta name=\"twitter:card\" content=\"summary_large_image\" \/>\n<meta name=\"twitter:site\" content=\"@privatedriverbx\" \/>\n<meta name=\"twitter:label1\" content=\"Estimeret l\u00e6setid\" \/>\n\t<meta name=\"twitter:data1\" content=\"5 minutter\" \/>\n<script type=\"application\/ld+json\" class=\"yoast-schema-graph\">{\"@context\":\"https:\/\/schema.org\",\"@graph\":[{\"@type\":\"Organization\",\"@id\":\"https:\/\/manu015.supserv.cozmoslabs.com\/#organization\",\"name\":\"Your Private Driver\",\"url\":\"https:\/\/manu015.supserv.cozmoslabs.com\/\",\"sameAs\":[\"https:\/\/www.facebook.com\/yourprivatedriverbrussels\",\"https:\/\/www.instagram.com\/taxibrusselsairport\/\",\"https:\/\/www.linkedin.com\/company\/yourprivatedriver\/\",\"https:\/\/www.youtube.com\/channel\/UCdFj5lm3qhOZWz_Rz0yupVA\",\"https:\/\/www.pinterest.fr\/pin\/704672672920362864\/\",\"https:\/\/twitter.com\/privatedriverbx\"],\"logo\":{\"@type\":\"ImageObject\",\"@id\":\"https:\/\/manu015.supserv.cozmoslabs.com\/#logo\",\"inLanguage\":\"da-DK\",\"url\":\"\",\"contentUrl\":\"\",\"caption\":\"Your Private Driver\"},\"image\":{\"@id\":\"https:\/\/manu015.supserv.cozmoslabs.com\/#logo\"}},{\"@type\":\"WebSite\",\"@id\":\"https:\/\/manu015.supserv.cozmoslabs.com\/#website\",\"url\":\"https:\/\/manu015.supserv.cozmoslabs.com\/\",\"name\":\"Your Private Driver\",\"description\":\"Taxi Brussels airport - Taxi Charleroi airport\",\"publisher\":{\"@id\":\"https:\/\/manu015.supserv.cozmoslabs.com\/#organization\"},\"potentialAction\":[{\"@type\":\"SearchAction\",\"target\":{\"@type\":\"EntryPoint\",\"urlTemplate\":\"https:\/\/manu015.supserv.cozmoslabs.com\/?s={search_term_string}\"},\"query-input\":\"required name=search_term_string\"}],\"inLanguage\":\"da-DK\"},{\"@type\":\"ImageObject\",\"@id\":\"https:\/\/manu015.supserv.cozmoslabs.com\/about-us\/#primaryimage\",\"inLanguage\":\"da-DK\",\"url\":\"https:\/\/manu015.supserv.cozmoslabs.com\/wp-content\/uploads\/2020\/11\/about.jpg\",\"contentUrl\":\"https:\/\/manu015.supserv.cozmoslabs.com\/wp-content\/uploads\/2020\/11\/about.jpg\",\"width\":854,\"height\":334,\"caption\":\"About Us\"},{\"@type\":\"WebPage\",\"@id\":\"https:\/\/manu015.supserv.cozmoslabs.com\/about-us\/#webpage\",\"url\":\"https:\/\/manu015.supserv.cozmoslabs.com\/about-us\/\",\"name\":\"Learn more about our taxi company - Your Private Driver\",\"isPartOf\":{\"@id\":\"https:\/\/manu015.supserv.cozmoslabs.com\/#website\"},\"primaryImageOfPage\":{\"@id\":\"https:\/\/manu015.supserv.cozmoslabs.com\/about-us\/#primaryimage\"},\"datePublished\":\"2020-10-31T13:03:15+00:00\",\"dateModified\":\"2020-11-13T07:50:29+00:00\",\"description\":\"Your Private Driver is taxi company founded in early 2016. We provide taxi service in Brussels and to BRU and CRL airports.\",\"breadcrumb\":{\"@id\":\"https:\/\/manu015.supserv.cozmoslabs.com\/about-us\/#breadcrumb\"},\"inLanguage\":\"da-DK\",\"potentialAction\":[{\"@type\":\"ReadAction\",\"target\":[\"https:\/\/manu015.supserv.cozmoslabs.com\/about-us\/\"]}]},{\"@type\":\"BreadcrumbList\",\"@id\":\"https:\/\/manu015.supserv.cozmoslabs.com\/about-us\/#breadcrumb\",\"itemListElement\":[{\"@type\":\"ListItem\",\"position\":1,\"name\":\"Home\",\"item\":\"https:\/\/manu015.supserv.cozmoslabs.com\/\"},{\"@type\":\"ListItem\",\"position\":2,\"name\":\"About Us\"}]}]}<\/script>\n<!-- \/ Yoast SEO plugin. -->","yoast_head_json":{"title":"Learn more about our taxi company - Your Private Driver","description":"Your Private Driver is taxi company founded in early 2016. We provide taxi service in Brussels and to BRU and CRL airports.","robots":{"index":"index","follow":"follow","max-snippet":"max-snippet:-1","max-image-preview":"max-image-preview:large","max-video-preview":"max-video-preview:-1"},"canonical":"https:\/\/manu015.supserv.cozmoslabs.com\/da\/about-us\/","og_locale":"da_DK","og_type":"article","og_title":"Learn more about our taxi company - Your Private Driver","og_description":"Your Private Driver is taxi company founded in early 2016. We provide taxi service in Brussels and to BRU and CRL airports.","og_url":"https:\/\/manu015.supserv.cozmoslabs.com\/da\/about-us\/","og_site_name":"Your Private Driver","article_publisher":"https:\/\/www.facebook.com\/yourprivatedriverbrussels","article_modified_time":"2020-11-13T07:50:29+00:00","og_image":[{"width":854,"height":334,"url":"https:\/\/manu015.supserv.cozmoslabs.com\/wp-content\/uploads\/2020\/11\/about.jpg","type":"image\/jpeg"}],"twitter_card":"summary_large_image","twitter_site":"@privatedriverbx","twitter_misc":{"Estimeret l\u00e6setid":"5 minutter"},"schema":{"@context":"https:\/\/schema.org","@graph":[{"@type":"Organization","@id":"https:\/\/manu015.supserv.cozmoslabs.com\/#organization","name":"Your Private Driver","url":"https:\/\/manu015.supserv.cozmoslabs.com\/","sameAs":["https:\/\/www.facebook.com\/yourprivatedriverbrussels","https:\/\/www.instagram.com\/taxibrusselsairport\/","https:\/\/www.linkedin.com\/company\/yourprivatedriver\/","https:\/\/www.youtube.com\/channel\/UCdFj5lm3qhOZWz_Rz0yupVA","https:\/\/www.pinterest.fr\/pin\/704672672920362864\/","https:\/\/twitter.com\/privatedriverbx"],"logo":{"@type":"ImageObject","@id":"https:\/\/manu015.supserv.cozmoslabs.com\/#logo","inLanguage":"da-DK","url":"","contentUrl":"","caption":"Your Private Driver"},"image":{"@id":"https:\/\/manu015.supserv.cozmoslabs.com\/#logo"}},{"@type":"WebSite","@id":"https:\/\/manu015.supserv.cozmoslabs.com\/#website","url":"https:\/\/manu015.supserv.cozmoslabs.com\/","name":"Your Private Driver","description":"Taxi Brussels airport - Taxi Charleroi airport","publisher":{"@id":"https:\/\/manu015.supserv.cozmoslabs.com\/#organization"},"potentialAction":[{"@type":"SearchAction","target":{"@type":"EntryPoint","urlTemplate":"https:\/\/manu015.supserv.cozmoslabs.com\/?s={search_term_string}"},"query-input":"required name=search_term_string"}],"inLanguage":"da-DK"},{"@type":"ImageObject","@id":"https:\/\/manu015.supserv.cozmoslabs.com\/about-us\/#primaryimage","inLanguage":"da-DK","url":"https:\/\/manu015.supserv.cozmoslabs.com\/wp-content\/uploads\/2020\/11\/about.jpg","contentUrl":"https:\/\/manu015.supserv.cozmoslabs.com\/wp-content\/uploads\/2020\/11\/about.jpg","width":854,"height":334,"caption":"About Us"},{"@type":"WebPage","@id":"https:\/\/manu015.supserv.cozmoslabs.com\/about-us\/#webpage","url":"https:\/\/manu015.supserv.cozmoslabs.com\/about-us\/","name":"Learn more about our taxi company - Your Private Driver","isPartOf":{"@id":"https:\/\/manu015.supserv.cozmoslabs.com\/#website"},"primaryImageOfPage":{"@id":"https:\/\/manu015.supserv.cozmoslabs.com\/about-us\/#primaryimage"},"datePublished":"2020-10-31T13:03:15+00:00","dateModified":"2020-11-13T07:50:29+00:00","description":"Your Private Driver is taxi company founded in early 2016. We provide taxi service in Brussels and to BRU and CRL airports.","breadcrumb":{"@id":"https:\/\/manu015.supserv.cozmoslabs.com\/about-us\/#breadcrumb"},"inLanguage":"da-DK","potentialAction":[{"@type":"ReadAction","target":["https:\/\/manu015.supserv.cozmoslabs.com\/about-us\/"]}]},{"@type":"BreadcrumbList","@id":"https:\/\/manu015.supserv.cozmoslabs.com\/about-us\/#breadcrumb","itemListElement":[{"@type":"ListItem","position":1,"name":"Home","item":"https:\/\/manu015.supserv.cozmoslabs.com\/"},{"@type":"ListItem","position":2,"name":"About Us"}]}]}},"_links":{"self":[{"href":"https:\/\/manu015.supserv.cozmoslabs.com\/da\/wp-json\/wp\/v2\/pages\/7018"}],"collection":[{"href":"https:\/\/manu015.supserv.cozmoslabs.com\/da\/wp-json\/wp\/v2\/pages"}],"about":[{"href":"https:\/\/manu015.supserv.cozmoslabs.com\/da\/wp-json\/wp\/v2\/types\/page"}],"author":[{"embeddable":true,"href":"https:\/\/manu015.supserv.cozmoslabs.com\/da\/wp-json\/wp\/v2\/users\/1"}],"replies":[{"embeddable":true,"href":"https:\/\/manu015.supserv.cozmoslabs.com\/da\/wp-json\/wp\/v2\/comments?post=7018"}],"version-history":[{"count":0,"href":"https:\/\/manu015.supserv.cozmoslabs.com\/da\/wp-json\/wp\/v2\/pages\/7018\/revisions"}],"wp:featuredmedia":[{"embeddable":true,"href":"https:\/\/manu015.supserv.cozmoslabs.com\/da\/wp-json\/wp\/v2\/media\/7659"}],"wp:attachment":[{"href":"https:\/\/manu015.supserv.cozmoslabs.com\/da\/wp-json\/wp\/v2\/media?parent=7018"}],"curies":[{"name":"wp","href":"https:\/\/api.w.org\/{rel}","templated":true}]}}